{"id":60791,"date":"2026-04-15T11:07:51","date_gmt":"2026-04-15T09:07:51","guid":{"rendered":"https:\/\/ironsky.pl\/sklep\/produkt\/kabel-ecoflow-mc4-przedluzajacy-2m-zestaw-2-szt\/"},"modified":"2026-04-15T11:08:15","modified_gmt":"2026-04-15T09:08:15","slug":"kabel-ecoflow-mc4-przedluzajacy-2m-zestaw-2-szt","status":"publish","type":"product","link":"https:\/\/ironsky.pl\/sklep\/produkt\/kabel-ecoflow-mc4-przedluzajacy-2m-zestaw-2-szt\/","title":{"rendered":"Kabel ECOFLOW MC4 przed\u0142u\u017caj\u0105cy 2m zestaw 2 szt"},"content":{"rendered":"<h3>Zestaw 2x Kabel przed\u0142u\u017caj\u0105cy do paneli fotowoltaicznych MC4 2m<\/h3>\n<p>Zestaw dw\u00f3ch kabli przed\u0142u\u017caj\u0105cych MC4 o d\u0142ugo\u015bci 2 m  ka\u017cdy zosta\u0142 zaprojektowany z my\u015bl\u0105 o zastosowaniach w systemach fotowoltaicznych. Przewody jedno\u017cy\u0142owe wykonane z wielodrutowej miedzi cynowanej oferuj\u0105 wysok\u0105 elastyczno\u015b\u0107, a ich konstrukcja opiera si\u0119 na bezhalogenowym tworzywie sieciowanym. Odpowiadaj\u0105 one normom PN-EN 50618 i PN-EN 60228, zapewniaj\u0105c odporno\u015b\u0107 na ogie\u0144, promieniowanie ultrafioletowe UV, ozon oraz zmienne warunki atmosferyczne.<\/p>\n<p>\n<img decoding=\"async\" src=\"https:\/\/assets.innpro.pl\/17562\/23274\/2.jpg\" border=\"0\" alt=\"Czerwony i czarny kabel solarny z ko\u0144c\u00f3wkami MC4 zwini\u0119te w k\u00f3\u0142ka na szarym tle\" \/>\n<\/p>\n<h3>Trwa\u0142o\u015b\u0107 na lata<\/h3>\n<p>Dzi\u0119ki zastosowaniu pow\u0142oki odpornej na promieniowanie UV i wp\u0142yw \u015brodowiska zewn\u0119trznego przewody mog\u0105 by\u0107 uk\u0142adane nie tylko wewn\u0105trz i na zewn\u0105trz budynk\u00f3w, ale tak\u017ce bezpo\u015brednio w ziemi. S\u0105 odporne na hydroliz\u0119, dzia\u0142anie amoniaku, kwas\u00f3w i zasad, co przek\u0142ada si\u0119 na d\u0142ugi okres eksploatacji, wynosz\u0105cy a\u017c 25 lat. Kable zachowuj\u0105 pe\u0142n\u0105 funkcjonalno\u015b\u0107 w szerokim zakresie temperatur \u2013 od -40\u00b0C do +90\u00b0C podczas pracy z mo\u017cliwo\u015bci\u0105 dzia\u0142ania w warunkach 120\u00b0C przez maksymalnie 20 000 godzin.<\/p>\n<p>\n<img decoding=\"async\" src=\"https:\/\/assets.innpro.pl\/17562\/23274\/4.jpg\" border=\"0\" alt=\"Przekr\u00f3j dw\u00f3ch kabli solarnych H1Z2Z2-K pokazuj\u0105cy wewn\u0119trzn\u0105 struktur\u0119 z miedzianymi przewodnikami\" \/>\n<\/p>\n<h3>Przemy\u015blana konstrukcja<\/h3>\n<p>Zestaw oparty na przewodzie typu H1Z2Z2-K zapewnia napi\u0119cie pracy 1,5 kV (1,8 kV) pr\u0105du sta\u0142ego zgodnie z norm\u0105 EN 50618 oraz napi\u0119cie znamionowe 1,0\/1,0 kV pr\u0105du przemiennego AC. Przewody maj\u0105 przekr\u00f3j \u017cy\u0142y 6 mm\u00b2 i \u015brednic\u0119 zewn\u0119trzn\u0105 6,2 mm. Ich rezystancja \u017cy\u0142y przy 20\u00b0C wynosi maksymalnie 5,09 m\u03a9\/m, a izolacji minimum 580 M\u03a9\/km. Z\u0142\u0105cza MC4 umo\u017cliwiaj\u0105 szybkie i bezpieczne pod\u0142\u0105czenie do instalacji fotowoltaicznej.<\/p>\n<p>\n<img decoding=\"async\" src=\"https:\/\/assets.innpro.pl\/17562\/23274\/1.jpg\" border=\"0\" alt=\" Para kabli z m\u0119skimi i \u017ce\u0144skimi z\u0142\u0105czami MC4\" \/>\n<\/p>\n<h3>W zestawie:<\/h3>\n<ul class=\"list-disc pl-5\">\n<li>Kabel MC4 (2 m) x2<\/li>\n<\/ul>\n<div class=\"table-wrapper\">\n<p>\u00a0<\/p>\n<h3><\/h3>\n<table>\n<tbody>\n<tr>\n<th>Producent<\/th>\n<td>ADELID\u00ae Sp. z o.o.<\/td>\n<\/tr>\n<tr>\n<th>Kod producenta<\/th>\n<td>XS6-2M-RED-BLACK<\/td>\n<\/tr>\n<tr>\n<th>Rodzaj przewodu <\/th>\n<td>H1Z2Z2-K<\/td>\n<\/tr>\n<tr>\n<th>D\u0142ugo\u015b\u0107 kabla <\/th>\n<td>2 m<\/td>\n<\/tr>\n<tr>\n<th>Napi\u0119cie znamionowe <\/th>\n<td>1,0\/1,0 kV AC<\/td>\n<\/tr>\n<tr>\n<th>Napi\u0119cie pracy<\/th>\n<td>1,5 kV (1,8 kV) DC, zgodny z EN 50618<\/td>\n<\/tr>\n<tr>\n<th>Rezystancja izolacji <\/th>\n<td>ok. 1000 M\u2126\/km<\/td>\n<\/tr>\n<tr>\n<th>Napi\u0119cie probiercze (50Hz) <\/th>\n<td>6500 V (AC)<\/td>\n<\/tr>\n<tr>\n<th>Znamionowy przekr\u00f3j \u017cy\u0142y<\/th>\n<td>6,00 mm\u00b2<\/td>\n<\/tr>\n<tr>\n<th>\u015arednica zewn\u0119trzna przewodu<\/th>\n<td>6,2 mm<\/td>\n<\/tr>\n<tr>\n<th>Maksymalna \u015brednica pojedynczego drutu w \u017cyle<\/th>\n<td>0,31 mm<\/td>\n<\/tr>\n<tr>\n<th>Nominalna grubo\u015b\u0107 \u015bcianki izolacji<\/th>\n<td>0,7 mm<\/td>\n<\/tr>\n<tr>\n<th>Nominalna grubo\u015b\u0107 \u015bcianki pow\u0142oki<\/th>\n<td>0,8 mm<\/td>\n<\/tr>\n<tr>\n<th>Maks. rezystancja \u017cy\u0142y przy 20\u00b0C <\/th>\n<td>5,09 m\u03a9\/m<\/td>\n<\/tr>\n<tr>\n<th>Min. rezystancja izolacji przy 20\u00b0C <\/th>\n<td>580 M\u03a9\/km<\/td>\n<\/tr>\n<tr>\n<th>Obci\u0105\u017calno\u015b\u0107 pr\u0105dowa<\/th>\n<td>zgodnie z EN 50618<\/td>\n<\/tr>\n<tr>\n<th>Odporno\u015b\u0107 na ozon oraz warunki atmosferyczne<\/th>\n<td>zgodnie z EN 50618<\/td>\n<\/tr>\n<tr>\n<th>Odporno\u015b\u0107 na promieniowanie UV<\/th>\n<td>zgodnie z EN 50618<\/td>\n<\/tr>\n<tr>\n<th>Odporno\u015b\u0107 na ogie\u0144<\/th>\n<td>PN-EN 60332-1, LSOH<\/td>\n<\/tr>\n<tr>\n<th>Przewidywany okres eksploatacji<\/th>\n<td>25 lat<\/td>\n<\/tr>\n<\/tbody>\n<\/table>\n<\/div>\n","protected":false},"excerpt":{"rendered":"<p>Zestaw 2x Kabel przed\u0142u\u017caj\u0105cy do paneli fotowoltaicznych MC4 2m Zestaw dw\u00f3ch kabli przed\u0142u\u017caj\u0105cych MC4 o d\u0142ugo\u015bci 2 m ka\u017cdy zosta\u0142<\/p>\n","protected":false},"featured_media":49757,"comment_status":"closed","ping_status":"open","template":"","meta":{"_acf_changed":false},"product_brand":[],"product_cat":[6209,1108,1110],"product_tag":[],"class_list":{"0":"post-60791","1":"product","2":"type-product","3":"status-publish","4":"has-post-thumbnail","6":"product_cat-akcesoria-panele-fotowoltaiczne","7":"product_cat-energia","8":"product_cat-panele-fotowoltaiczne","9":"pa_okres-gwarancji-5754","10":"pa_producent-ecoflow","12":"first","13":"outofstock","14":"taxable","15":"shipping-taxable","16":"purchasable","17":"product-type-simple"},"acf":[],"yoast_head":"<!-- This site is optimized with the Yoast SEO plugin v27.2 - https:\/\/yoast.com\/product\/yoast-seo-wordpress\/ -->\n<title>Kabel ECOFLOW MC4 przed\u0142u\u017caj\u0105cy 2m zestaw 2 szt - IRONSKY.PL Sklep z Dronami<\/title>\n<meta name=\"description\" content=\"Kabel ECOFLOW MC4 przed\u0142u\u017caj\u0105cy 2m zestaw 2 szt - \u2705 sklep z dronami i fachowym doradztwem. \u2705 Tutaj kupisz produkty DJI, Yuneec, Parrot, Syma i wiele innych, a tak\u017ce kursy i licencje na operatora drona.\" \/>\n<meta name=\"robots\" content=\"index, follow, max-snippet:-1, max-image-preview:large, max-video-preview:-1\" \/>\n<link rel=\"canonical\" href=\"https:\/\/ironsky.pl\/sklep\/produkt\/kabel-ecoflow-mc4-przedluzajacy-2m-zestaw-2-szt\/\" \/>\n<meta property=\"og:locale\" content=\"pl_PL\" \/>\n<meta property=\"og:type\" content=\"article\" \/>\n<meta property=\"og:title\" content=\"Kabel ECOFLOW MC4 przed\u0142u\u017caj\u0105cy 2m zestaw 2 szt - IRONSKY.PL Sklep z Dronami\" \/>\n<meta property=\"og:description\" content=\"Kabel ECOFLOW MC4 przed\u0142u\u017caj\u0105cy 2m zestaw 2 szt - \u2705 sklep z dronami i fachowym doradztwem. \u2705 Tutaj kupisz produkty DJI, Yuneec, Parrot, Syma i wiele innych, a tak\u017ce kursy i licencje na operatora drona.\" \/>\n<meta property=\"og:url\" content=\"https:\/\/ironsky.pl\/sklep\/produkt\/kabel-ecoflow-mc4-przedluzajacy-2m-zestaw-2-szt\/\" \/>\n<meta property=\"og:site_name\" content=\"IRONSKY.PL Sklep z Dronami\" \/>\n<meta property=\"article:modified_time\" content=\"2026-04-15T09:08:15+00:00\" \/>\n<meta property=\"og:image\" content=\"https:\/\/ironsky.pl\/sklep\/wp-content\/uploads\/2025\/10\/54282_1.jpg\" \/>\n\t<meta property=\"og:image:width\" content=\"800\" \/>\n\t<meta property=\"og:image:height\" content=\"800\" \/>\n\t<meta property=\"og:image:type\" content=\"image\/jpeg\" \/>\n<meta name=\"twitter:card\" content=\"summary_large_image\" \/>\n<meta name=\"twitter:label1\" content=\"Szacowany czas czytania\" \/>\n\t<meta name=\"twitter:data1\" content=\"2 minuty\" \/>\n<script type=\"application\/ld+json\" class=\"yoast-schema-graph\">{\"@context\":\"https:\/\/schema.org\",\"@graph\":[{\"@type\":\"WebPage\",\"@id\":\"https:\/\/ironsky.pl\/sklep\/produkt\/kabel-ecoflow-mc4-przedluzajacy-2m-zestaw-2-szt\/\",\"url\":\"https:\/\/ironsky.pl\/sklep\/produkt\/kabel-ecoflow-mc4-przedluzajacy-2m-zestaw-2-szt\/\",\"name\":\"Kabel ECOFLOW MC4 przed\u0142u\u017caj\u0105cy 2m zestaw 2 szt - IRONSKY.PL Sklep z Dronami\",\"isPartOf\":{\"@id\":\"https:\/\/ironsky.pl\/sklep\/#website\"},\"primaryImageOfPage\":{\"@id\":\"https:\/\/ironsky.pl\/sklep\/produkt\/kabel-ecoflow-mc4-przedluzajacy-2m-zestaw-2-szt\/#primaryimage\"},\"image\":{\"@id\":\"https:\/\/ironsky.pl\/sklep\/produkt\/kabel-ecoflow-mc4-przedluzajacy-2m-zestaw-2-szt\/#primaryimage\"},\"thumbnailUrl\":\"https:\/\/ironsky.pl\/sklep\/wp-content\/uploads\/2025\/10\/54282_1.jpg\",\"datePublished\":\"2026-04-15T09:07:51+00:00\",\"dateModified\":\"2026-04-15T09:08:15+00:00\",\"description\":\"Kabel ECOFLOW MC4 przed\u0142u\u017caj\u0105cy 2m zestaw 2 szt - \u2705 sklep z dronami i fachowym doradztwem. \u2705 Tutaj kupisz produkty DJI, Yuneec, Parrot, Syma i wiele innych, a tak\u017ce kursy i licencje na operatora drona.\",\"breadcrumb\":{\"@id\":\"https:\/\/ironsky.pl\/sklep\/produkt\/kabel-ecoflow-mc4-przedluzajacy-2m-zestaw-2-szt\/#breadcrumb\"},\"inLanguage\":\"pl-PL\",\"potentialAction\":[{\"@type\":\"ReadAction\",\"target\":[\"https:\/\/ironsky.pl\/sklep\/produkt\/kabel-ecoflow-mc4-przedluzajacy-2m-zestaw-2-szt\/\"]}]},{\"@type\":\"ImageObject\",\"inLanguage\":\"pl-PL\",\"@id\":\"https:\/\/ironsky.pl\/sklep\/produkt\/kabel-ecoflow-mc4-przedluzajacy-2m-zestaw-2-szt\/#primaryimage\",\"url\":\"https:\/\/ironsky.pl\/sklep\/wp-content\/uploads\/2025\/10\/54282_1.jpg\",\"contentUrl\":\"https:\/\/ironsky.pl\/sklep\/wp-content\/uploads\/2025\/10\/54282_1.jpg\",\"width\":800,\"height\":800},{\"@type\":\"BreadcrumbList\",\"@id\":\"https:\/\/ironsky.pl\/sklep\/produkt\/kabel-ecoflow-mc4-przedluzajacy-2m-zestaw-2-szt\/#breadcrumb\",\"itemListElement\":[{\"@type\":\"ListItem\",\"position\":1,\"name\":\"Strona g\u0142\u00f3wna\",\"item\":\"https:\/\/ironsky.pl\/sklep\/\"},{\"@type\":\"ListItem\",\"position\":2,\"name\":\"Wszystkie produkty\",\"item\":\"https:\/\/ironsky.pl\/sklep\/produkty\/\"},{\"@type\":\"ListItem\",\"position\":3,\"name\":\"Kabel ECOFLOW MC4 przed\u0142u\u017caj\u0105cy 2m zestaw 2 szt\"}]},{\"@type\":\"WebSite\",\"@id\":\"https:\/\/ironsky.pl\/sklep\/#website\",\"url\":\"https:\/\/ironsky.pl\/sklep\/\",\"name\":\"IRONSKY.PL Sklep z Dronami\",\"description\":\"IRONSKY.PL Sklep z Dronami\",\"potentialAction\":[{\"@type\":\"SearchAction\",\"target\":{\"@type\":\"EntryPoint\",\"urlTemplate\":\"https:\/\/ironsky.pl\/sklep\/?s={search_term_string}\"},\"query-input\":{\"@type\":\"PropertyValueSpecification\",\"valueRequired\":true,\"valueName\":\"search_term_string\"}}],\"inLanguage\":\"pl-PL\"}]}<\/script>\n<!-- \/ Yoast SEO plugin. -->","yoast_head_json":{"title":"Kabel ECOFLOW MC4 przed\u0142u\u017caj\u0105cy 2m zestaw 2 szt - IRONSKY.PL Sklep z Dronami","description":"Kabel ECOFLOW MC4 przed\u0142u\u017caj\u0105cy 2m zestaw 2 szt - \u2705 sklep z dronami i fachowym doradztwem. \u2705 Tutaj kupisz produkty DJI, Yuneec, Parrot, Syma i wiele innych, a tak\u017ce kursy i licencje na operatora drona.","robots":{"index":"index","follow":"follow","max-snippet":"max-snippet:-1","max-image-preview":"max-image-preview:large","max-video-preview":"max-video-preview:-1"},"canonical":"https:\/\/ironsky.pl\/sklep\/produkt\/kabel-ecoflow-mc4-przedluzajacy-2m-zestaw-2-szt\/","og_locale":"pl_PL","og_type":"article","og_title":"Kabel ECOFLOW MC4 przed\u0142u\u017caj\u0105cy 2m zestaw 2 szt - IRONSKY.PL Sklep z Dronami","og_description":"Kabel ECOFLOW MC4 przed\u0142u\u017caj\u0105cy 2m zestaw 2 szt - \u2705 sklep z dronami i fachowym doradztwem. \u2705 Tutaj kupisz produkty DJI, Yuneec, Parrot, Syma i wiele innych, a tak\u017ce kursy i licencje na operatora drona.","og_url":"https:\/\/ironsky.pl\/sklep\/produkt\/kabel-ecoflow-mc4-przedluzajacy-2m-zestaw-2-szt\/","og_site_name":"IRONSKY.PL Sklep z Dronami","article_modified_time":"2026-04-15T09:08:15+00:00","og_image":[{"width":800,"height":800,"url":"https:\/\/ironsky.pl\/sklep\/wp-content\/uploads\/2025\/10\/54282_1.jpg","type":"image\/jpeg"}],"twitter_card":"summary_large_image","twitter_misc":{"Szacowany czas czytania":"2 minuty"},"schema":{"@context":"https:\/\/schema.org","@graph":[{"@type":"WebPage","@id":"https:\/\/ironsky.pl\/sklep\/produkt\/kabel-ecoflow-mc4-przedluzajacy-2m-zestaw-2-szt\/","url":"https:\/\/ironsky.pl\/sklep\/produkt\/kabel-ecoflow-mc4-przedluzajacy-2m-zestaw-2-szt\/","name":"Kabel ECOFLOW MC4 przed\u0142u\u017caj\u0105cy 2m zestaw 2 szt - IRONSKY.PL Sklep z Dronami","isPartOf":{"@id":"https:\/\/ironsky.pl\/sklep\/#website"},"primaryImageOfPage":{"@id":"https:\/\/ironsky.pl\/sklep\/produkt\/kabel-ecoflow-mc4-przedluzajacy-2m-zestaw-2-szt\/#primaryimage"},"image":{"@id":"https:\/\/ironsky.pl\/sklep\/produkt\/kabel-ecoflow-mc4-przedluzajacy-2m-zestaw-2-szt\/#primaryimage"},"thumbnailUrl":"https:\/\/ironsky.pl\/sklep\/wp-content\/uploads\/2025\/10\/54282_1.jpg","datePublished":"2026-04-15T09:07:51+00:00","dateModified":"2026-04-15T09:08:15+00:00","description":"Kabel ECOFLOW MC4 przed\u0142u\u017caj\u0105cy 2m zestaw 2 szt - \u2705 sklep z dronami i fachowym doradztwem. \u2705 Tutaj kupisz produkty DJI, Yuneec, Parrot, Syma i wiele innych, a tak\u017ce kursy i licencje na operatora drona.","breadcrumb":{"@id":"https:\/\/ironsky.pl\/sklep\/produkt\/kabel-ecoflow-mc4-przedluzajacy-2m-zestaw-2-szt\/#breadcrumb"},"inLanguage":"pl-PL","potentialAction":[{"@type":"ReadAction","target":["https:\/\/ironsky.pl\/sklep\/produkt\/kabel-ecoflow-mc4-przedluzajacy-2m-zestaw-2-szt\/"]}]},{"@type":"ImageObject","inLanguage":"pl-PL","@id":"https:\/\/ironsky.pl\/sklep\/produkt\/kabel-ecoflow-mc4-przedluzajacy-2m-zestaw-2-szt\/#primaryimage","url":"https:\/\/ironsky.pl\/sklep\/wp-content\/uploads\/2025\/10\/54282_1.jpg","contentUrl":"https:\/\/ironsky.pl\/sklep\/wp-content\/uploads\/2025\/10\/54282_1.jpg","width":800,"height":800},{"@type":"BreadcrumbList","@id":"https:\/\/ironsky.pl\/sklep\/produkt\/kabel-ecoflow-mc4-przedluzajacy-2m-zestaw-2-szt\/#breadcrumb","itemListElement":[{"@type":"ListItem","position":1,"name":"Strona g\u0142\u00f3wna","item":"https:\/\/ironsky.pl\/sklep\/"},{"@type":"ListItem","position":2,"name":"Wszystkie produkty","item":"https:\/\/ironsky.pl\/sklep\/produkty\/"},{"@type":"ListItem","position":3,"name":"Kabel ECOFLOW MC4 przed\u0142u\u017caj\u0105cy 2m zestaw 2 szt"}]},{"@type":"WebSite","@id":"https:\/\/ironsky.pl\/sklep\/#website","url":"https:\/\/ironsky.pl\/sklep\/","name":"IRONSKY.PL Sklep z Dronami","description":"IRONSKY.PL Sklep z Dronami","potentialAction":[{"@type":"SearchAction","target":{"@type":"EntryPoint","urlTemplate":"https:\/\/ironsky.pl\/sklep\/?s={search_term_string}"},"query-input":{"@type":"PropertyValueSpecification","valueRequired":true,"valueName":"search_term_string"}}],"inLanguage":"pl-PL"}]}},"_links":{"self":[{"href":"https:\/\/ironsky.pl\/sklep\/wp-json\/wp\/v2\/product\/60791","targetHints":{"allow":["GET"]}}],"collection":[{"href":"https:\/\/ironsky.pl\/sklep\/wp-json\/wp\/v2\/product"}],"about":[{"href":"https:\/\/ironsky.pl\/sklep\/wp-json\/wp\/v2\/types\/product"}],"replies":[{"embeddable":true,"href":"https:\/\/ironsky.pl\/sklep\/wp-json\/wp\/v2\/comments?post=60791"}],"wp:featuredmedia":[{"embeddable":true,"href":"https:\/\/ironsky.pl\/sklep\/wp-json\/wp\/v2\/media\/49757"}],"wp:attachment":[{"href":"https:\/\/ironsky.pl\/sklep\/wp-json\/wp\/v2\/media?parent=60791"}],"wp:term":[{"taxonomy":"product_brand","embeddable":true,"href":"https:\/\/ironsky.pl\/sklep\/wp-json\/wp\/v2\/product_brand?post=60791"},{"taxonomy":"product_cat","embeddable":true,"href":"https:\/\/ironsky.pl\/sklep\/wp-json\/wp\/v2\/product_cat?post=60791"},{"taxonomy":"product_tag","embeddable":true,"href":"https:\/\/ironsky.pl\/sklep\/wp-json\/wp\/v2\/product_tag?post=60791"}],"curies":[{"name":"wp","href":"https:\/\/api.w.org\/{rel}","templated":true}]}}