{"id":60789,"date":"2026-04-15T11:07:51","date_gmt":"2026-04-15T09:07:51","guid":{"rendered":"https:\/\/ironsky.pl\/sklep\/produkt\/panel-fotowoltaiczny-ecoflow-60w-usb-c\/"},"modified":"2026-04-15T11:08:12","modified_gmt":"2026-04-15T09:08:12","slug":"panel-fotowoltaiczny-ecoflow-60w-usb-c","status":"publish","type":"product","link":"https:\/\/ironsky.pl\/sklep\/produkt\/panel-fotowoltaiczny-ecoflow-60w-usb-c\/","title":{"rendered":"Panel fotowoltaiczny ECOFLOW 60W USB-C"},"content":{"rendered":"<h3>Przeno\u015bny sk\u0142adany panel fotowoltaiczny EcoFlow 60W (USB-C)<\/h3>\n<p>Sk\u0142adany panel fotowoltaiczny EcoFlow o mocy 60 W z portem USB-C (Universal Serial Bus typu C \u2013 uniwersalne z\u0142\u0105cze do \u0142adowania i przesy\u0142ania danych) umo\u017cliwia szybkie \u0142adowanie urz\u0105dze\u0144 elektronicznych oraz stacji zasilania z serii EcoFlow RIVER 3 i RIVER 2. Osi\u0105ga sprawno\u015b\u0107 do 25%, a po z\u0142o\u017ceniu ma rozmiar por\u00f3wnywalny z laptopem. Zgodno\u015b\u0107 z klas\u0105 szczelno\u015bci IP68 oznacza pe\u0142n\u0105 odporno\u015b\u0107 na py\u0142 i wod\u0119.<\/p>\n<p>\n<img decoding=\"async\" src=\"https:\/\/assets.innpro.pl\/17569\/23282\/1.jpg\" border=\"0\" alt=\"Dwie osoby przy stole kempingowym z psem, obok roz\u0142o\u017cony panel solarny i przeno\u015bna stacja zasilania EcoFlow na tle namiotu i jeziora\" \/>\n<\/p>\n<h3>Bezpo\u015brednie \u0142adowanie urz\u0105dze\u0144<\/h3>\n<p>Port USB-C umo\u017cliwia bezpo\u015brednie pod\u0142\u0105czenie telefon\u00f3w, powerbank\u00f3w, laptop\u00f3w czy pomp powietrza bez konieczno\u015bci u\u017cywania stacji zasilania. Panel \u0142aduje urz\u0105dzenia od 0 do 80% w nast\u0119puj\u0105cym czasie: smartfona (4500 mAh) w oko\u0142o 2,4 godziny, powerbank (8000 mAh) w 2,7 godziny, a laptopa (4380 mAh) \u2013 w 1,2 godziny, zapewniaj\u0105c wygod\u0119 u\u017cytkowania w ka\u017cdej sytuacji.<\/p>\n<p>\n<img decoding=\"async\" src=\"https:\/\/assets.innpro.pl\/17569\/23282\/4.jpg\" border=\"0\" alt=\"\u0119\u017cczyzna siedz\u0105cy na pla\u017cy z tabletem obok roz\u0142o\u017conego panelu solarnego EcoFlow\" \/>\n<\/p>\n<h3>Wysoka sprawno\u015b\u0107 konwersji<\/h3>\n<p>Ciesz si\u0119 kr\u00f3tszym czasem \u0142adowania i wi\u0119ksz\u0105 niezale\u017cno\u015bci\u0105 od tradycyjnych \u017ar\u00f3de\u0142 energii. Dzi\u0119ki zastosowaniu ogniw fotowoltaicznych TOPCon (Tunnel Oxide Passivated Contact \u2013 technologia zwi\u0119kszaj\u0105ca wydajno\u015b\u0107 ogniwa dzi\u0119ki lepszemu przep\u0142ywowi energii i mniejszym stratom) panel osi\u0105ga sprawno\u015b\u0107 do 25%. W rezultacie \u0142adowanie stacji EcoFlow RIVER 3 mo\u017ce zaj\u0105\u0107 tylko 4,7 godziny (przy pe\u0142nym nas\u0142onecznieniu).<\/p>\n<p>\n<img decoding=\"async\" src=\"https:\/\/assets.innpro.pl\/17569\/23282\/8.jpg\" border=\"0\" alt=\"anel solarny roz\u0142o\u017cony na trawie z graficzn\u0105 wizualizacj\u0105 jego warstw i przep\u0142ywu energii\" \/>\n<\/p>\n<h3>Lekki i kompaktowy<\/h3>\n<p>Czterosegmentowa konstrukcja umo\u017cliwia \u0142atwe sk\u0142adanie i transport. Po z\u0142o\u017ceniu panel przypomina rozmiarem laptopa, co pozwala na jego wygodne przechowywanie w plecaku, baga\u017cniku SUV-a czy szufladzie kampera. Produkt wa\u017cy jedynie 2 kg, dzi\u0119ki czemu nie stanowi obci\u0105\u017cenia podczas podr\u00f3\u017cy.<\/p>\n<p>\n<img decoding=\"async\" src=\"https:\/\/assets.innpro.pl\/17569\/23282\/3.jpg\" border=\"0\" alt=\" Osoba przy otwartym baga\u017cniku samochodu trzyma z\u0142o\u017cony panel fotowotaiczny\" \/>\n<\/p>\n<h3>Wytrzyma\u0142o\u015b\u0107 w trudnych warunkach<\/h3>\n<p>Obudowa panelu zosta\u0142a wykonana z warstw ETFE (Ethylene Tetrafluoroethylene \u2013 trwa\u0142a folia fluoropolimerowa o wysokiej odporno\u015bci na promieniowanie UV i warunki atmosferyczne) oraz w\u0142\u00f3kna szklanego PCB (Printed Circuit Board \u2013 laminowana p\u0142yta z warstw\u0105 przewodz\u0105c\u0105, wykorzystywana w elektronice do stabilnego monta\u017cu element\u00f3w), co gwarantuje odporno\u015b\u0107 na uderzenia, dzia\u0142anie wiatru i kontakt z wod\u0105. Certyfikat IP68 oznacza pe\u0142n\u0105 ochron\u0119 przed py\u0142em i odporno\u015b\u0107 na zanurzenie w wodzie, co czyni panel niezawodnym towarzyszem podczas wypraw.<\/p>\n<p>\n<img decoding=\"async\" src=\"https:\/\/assets.innpro.pl\/17569\/23282\/6.jpg\" border=\"0\" alt=\"Zbli\u017cenie na mokry panel fotowoltaiczny\" \/>\n<\/p>\n<h3>Mo\u017cliwo\u015b\u0107 zawieszenia<\/h3>\n<p>Panel mo\u017ce by\u0107 nie tylko rozk\u0142adany na ziemi, ale tak\u017ce zawieszany na aucie, namiocie czy plecaku za pomoc\u0105 4 wbudowanych otwor\u00f3w monta\u017cowych i do\u0142\u0105czonych haczyk\u00f3w. \u0141adowanie w trakcie przemieszczania si\u0119 pozwala maksymalnie wykorzysta\u0107 czas i dost\u0119p do s\u0142o\u0144ca.<\/p>\n<p>\n<img decoding=\"async\" src=\"https:\/\/assets.innpro.pl\/17569\/23282\/2.jpg\" border=\"0\" alt=\" Sk\u0142adany panel przymocowany do boku samochodu terenowego z namiotem dachowym\" \/>\n<\/p>\n<h3>Zoptymalizowana wydajno\u015b\u0107<\/h3>\n<p>Ogniwa TOPCon wyr\u00f3\u017cniaj\u0105 si\u0119 mniejszymi stratami mocy przy wysokich temperaturach (nawet o 16,7% mniej ni\u017c standardowe panele), d\u0142u\u017csz\u0105 \u017cywotno\u015bci\u0105 i brakiem spadku wydajno\u015bci w czasie (brak degradacji fotowoltaicznej). Panel lepiej pracuje tak\u017ce w warunkach s\u0142abego o\u015bwietlenia, wyd\u0142u\u017caj\u0105c dzienny czas produkcji energii nawet o godzin\u0119.<\/p>\n<p>\n<img decoding=\"async\" src=\"https:\/\/assets.innpro.pl\/17569\/23282\/7.jpg\" border=\"0\" alt=\"Panel s\u0142oneczny roz\u0142o\u017cony na pustynnym terenie z graficzn\u0105 ilustracj\u0105 przep\u0142ywu \u015bwiat\u0142a i energii\" \/>\n<\/p>\n<h3>W zestawie:<\/h3>\n<ul class=\"list-disc pl-5\">\n<li>Przeno\u015bny sk\u0142adany panel fotowoltaiczny 60 W<\/li>\n<li>Kabel \u0142adowania DC5521 do XT60i<\/li>\n<li>Haczyki monta\u017cowe x4<\/li>\n<li>Instrukcja obs\u0142ugi<\/li>\n<\/ul>\n<div class=\"table-wrapper\">\n<p>\u00a0<\/p>\n<h3><\/h3>\n<table>\n<tbody>\n<tr>\n<th>Producent<\/th>\n<td>EcoFlow<\/td>\n<\/tr>\n<tr>\n<th>Kod producenta<\/th>\n<td>EFSOLAR60-TYPE-C<\/td>\n<\/tr>\n<tr>\n<th>Moc znamionowa<\/th>\n<td>60 W<\/td>\n<\/tr>\n<tr>\n<th>Sprawno\u015b\u0107<\/th>\n<td>Do 25%<\/td>\n<\/tr>\n<tr>\n<th>Pr\u0105d zwarciowy<\/th>\n<td>2,06 A<\/td>\n<\/tr>\n<tr>\n<th>Napi\u0119cie obwodu otwartego<\/th>\n<td>25,6 V<\/td>\n<\/tr>\n<tr>\n<th>Typ ogniwa<\/th>\n<td>Monokrystaliczny krzem N-Type z technologi\u0105 TOPCon<\/td>\n<\/tr>\n<tr>\n<th>Wymiary po roz\u0142o\u017ceniu <\/th>\n<td>1356 \u00d7 309 \u00d7 25 mm<\/td>\n<\/tr>\n<tr>\n<th>Wymiary po z\u0142o\u017ceniu<\/th>\n<td>317 \u00d7 309 \u00d7 45 mm<\/td>\n<\/tr>\n<tr>\n<th>Waga <\/th>\n<td>2 kg<\/td>\n<\/tr>\n<tr>\n<th>Certyfikat wodoszczelno\u015bci<\/th>\n<td>IP68<\/td>\n<\/tr>\n<\/tbody>\n<\/table>\n<\/div>\n","protected":false},"excerpt":{"rendered":"<p>Przeno\u015bny sk\u0142adany panel fotowoltaiczny EcoFlow 60W (USB-C) Sk\u0142adany panel fotowoltaiczny EcoFlow o mocy 60 W z portem USB-C (Universal Serial<\/p>\n","protected":false},"featured_media":49747,"comment_status":"closed","ping_status":"open","template":"","meta":{"_acf_changed":false},"product_brand":[],"product_cat":[1108,1110,6193],"product_tag":[],"class_list":{"0":"post-60789","1":"product","2":"type-product","3":"status-publish","4":"has-post-thumbnail","6":"product_cat-energia","7":"product_cat-panele-fotowoltaiczne","8":"product_cat-panele-fotowoltaiczne-panele-fotowoltaiczne","9":"pa_okres-gwarancji-5754","10":"pa_producent-ecoflow","12":"first","13":"outofstock","14":"taxable","15":"shipping-taxable","16":"purchasable","17":"product-type-simple"},"acf":[],"yoast_head":"<!-- This site is optimized with the Yoast SEO plugin v27.2 - https:\/\/yoast.com\/product\/yoast-seo-wordpress\/ -->\n<title>Panel fotowoltaiczny ECOFLOW 60W USB-C - IRONSKY.PL Sklep z Dronami<\/title>\n<meta name=\"description\" content=\"Panel fotowoltaiczny ECOFLOW 60W USB-C - \u2705 sklep z dronami i fachowym doradztwem. \u2705 Tutaj kupisz produkty DJI, Yuneec, Parrot, Syma i wiele innych, a tak\u017ce kursy i licencje na operatora drona.\" \/>\n<meta name=\"robots\" content=\"index, follow, max-snippet:-1, max-image-preview:large, max-video-preview:-1\" \/>\n<link rel=\"canonical\" href=\"https:\/\/ironsky.pl\/sklep\/produkt\/panel-fotowoltaiczny-ecoflow-60w-usb-c\/\" \/>\n<meta property=\"og:locale\" content=\"pl_PL\" \/>\n<meta property=\"og:type\" content=\"article\" \/>\n<meta property=\"og:title\" content=\"Panel fotowoltaiczny ECOFLOW 60W USB-C - IRONSKY.PL Sklep z Dronami\" \/>\n<meta property=\"og:description\" content=\"Panel fotowoltaiczny ECOFLOW 60W USB-C - \u2705 sklep z dronami i fachowym doradztwem. \u2705 Tutaj kupisz produkty DJI, Yuneec, Parrot, Syma i wiele innych, a tak\u017ce kursy i licencje na operatora drona.\" \/>\n<meta property=\"og:url\" content=\"https:\/\/ironsky.pl\/sklep\/produkt\/panel-fotowoltaiczny-ecoflow-60w-usb-c\/\" \/>\n<meta property=\"og:site_name\" content=\"IRONSKY.PL Sklep z Dronami\" \/>\n<meta property=\"article:modified_time\" content=\"2026-04-15T09:08:12+00:00\" \/>\n<meta property=\"og:image\" content=\"https:\/\/ironsky.pl\/sklep\/wp-content\/uploads\/2025\/10\/54280_1.jpg\" \/>\n\t<meta property=\"og:image:width\" content=\"800\" \/>\n\t<meta property=\"og:image:height\" content=\"800\" \/>\n\t<meta property=\"og:image:type\" content=\"image\/jpeg\" \/>\n<meta name=\"twitter:card\" content=\"summary_large_image\" \/>\n<meta name=\"twitter:label1\" content=\"Szacowany czas czytania\" \/>\n\t<meta name=\"twitter:data1\" content=\"3 minuty\" \/>\n<script type=\"application\/ld+json\" class=\"yoast-schema-graph\">{\"@context\":\"https:\/\/schema.org\",\"@graph\":[{\"@type\":\"WebPage\",\"@id\":\"https:\/\/ironsky.pl\/sklep\/produkt\/panel-fotowoltaiczny-ecoflow-60w-usb-c\/\",\"url\":\"https:\/\/ironsky.pl\/sklep\/produkt\/panel-fotowoltaiczny-ecoflow-60w-usb-c\/\",\"name\":\"Panel fotowoltaiczny ECOFLOW 60W USB-C - IRONSKY.PL Sklep z Dronami\",\"isPartOf\":{\"@id\":\"https:\/\/ironsky.pl\/sklep\/#website\"},\"primaryImageOfPage\":{\"@id\":\"https:\/\/ironsky.pl\/sklep\/produkt\/panel-fotowoltaiczny-ecoflow-60w-usb-c\/#primaryimage\"},\"image\":{\"@id\":\"https:\/\/ironsky.pl\/sklep\/produkt\/panel-fotowoltaiczny-ecoflow-60w-usb-c\/#primaryimage\"},\"thumbnailUrl\":\"https:\/\/ironsky.pl\/sklep\/wp-content\/uploads\/2025\/10\/54280_1.jpg\",\"datePublished\":\"2026-04-15T09:07:51+00:00\",\"dateModified\":\"2026-04-15T09:08:12+00:00\",\"description\":\"Panel fotowoltaiczny ECOFLOW 60W USB-C - \u2705 sklep z dronami i fachowym doradztwem. \u2705 Tutaj kupisz produkty DJI, Yuneec, Parrot, Syma i wiele innych, a tak\u017ce kursy i licencje na operatora drona.\",\"breadcrumb\":{\"@id\":\"https:\/\/ironsky.pl\/sklep\/produkt\/panel-fotowoltaiczny-ecoflow-60w-usb-c\/#breadcrumb\"},\"inLanguage\":\"pl-PL\",\"potentialAction\":[{\"@type\":\"ReadAction\",\"target\":[\"https:\/\/ironsky.pl\/sklep\/produkt\/panel-fotowoltaiczny-ecoflow-60w-usb-c\/\"]}]},{\"@type\":\"ImageObject\",\"inLanguage\":\"pl-PL\",\"@id\":\"https:\/\/ironsky.pl\/sklep\/produkt\/panel-fotowoltaiczny-ecoflow-60w-usb-c\/#primaryimage\",\"url\":\"https:\/\/ironsky.pl\/sklep\/wp-content\/uploads\/2025\/10\/54280_1.jpg\",\"contentUrl\":\"https:\/\/ironsky.pl\/sklep\/wp-content\/uploads\/2025\/10\/54280_1.jpg\",\"width\":800,\"height\":800},{\"@type\":\"BreadcrumbList\",\"@id\":\"https:\/\/ironsky.pl\/sklep\/produkt\/panel-fotowoltaiczny-ecoflow-60w-usb-c\/#breadcrumb\",\"itemListElement\":[{\"@type\":\"ListItem\",\"position\":1,\"name\":\"Strona g\u0142\u00f3wna\",\"item\":\"https:\/\/ironsky.pl\/sklep\/\"},{\"@type\":\"ListItem\",\"position\":2,\"name\":\"Wszystkie produkty\",\"item\":\"https:\/\/ironsky.pl\/sklep\/produkty\/\"},{\"@type\":\"ListItem\",\"position\":3,\"name\":\"Panel fotowoltaiczny ECOFLOW 60W USB-C\"}]},{\"@type\":\"WebSite\",\"@id\":\"https:\/\/ironsky.pl\/sklep\/#website\",\"url\":\"https:\/\/ironsky.pl\/sklep\/\",\"name\":\"IRONSKY.PL Sklep z Dronami\",\"description\":\"IRONSKY.PL Sklep z Dronami\",\"potentialAction\":[{\"@type\":\"SearchAction\",\"target\":{\"@type\":\"EntryPoint\",\"urlTemplate\":\"https:\/\/ironsky.pl\/sklep\/?s={search_term_string}\"},\"query-input\":{\"@type\":\"PropertyValueSpecification\",\"valueRequired\":true,\"valueName\":\"search_term_string\"}}],\"inLanguage\":\"pl-PL\"}]}<\/script>\n<!-- \/ Yoast SEO plugin. -->","yoast_head_json":{"title":"Panel fotowoltaiczny ECOFLOW 60W USB-C - IRONSKY.PL Sklep z Dronami","description":"Panel fotowoltaiczny ECOFLOW 60W USB-C - \u2705 sklep z dronami i fachowym doradztwem. \u2705 Tutaj kupisz produkty DJI, Yuneec, Parrot, Syma i wiele innych, a tak\u017ce kursy i licencje na operatora drona.","robots":{"index":"index","follow":"follow","max-snippet":"max-snippet:-1","max-image-preview":"max-image-preview:large","max-video-preview":"max-video-preview:-1"},"canonical":"https:\/\/ironsky.pl\/sklep\/produkt\/panel-fotowoltaiczny-ecoflow-60w-usb-c\/","og_locale":"pl_PL","og_type":"article","og_title":"Panel fotowoltaiczny ECOFLOW 60W USB-C - IRONSKY.PL Sklep z Dronami","og_description":"Panel fotowoltaiczny ECOFLOW 60W USB-C - \u2705 sklep z dronami i fachowym doradztwem. \u2705 Tutaj kupisz produkty DJI, Yuneec, Parrot, Syma i wiele innych, a tak\u017ce kursy i licencje na operatora drona.","og_url":"https:\/\/ironsky.pl\/sklep\/produkt\/panel-fotowoltaiczny-ecoflow-60w-usb-c\/","og_site_name":"IRONSKY.PL Sklep z Dronami","article_modified_time":"2026-04-15T09:08:12+00:00","og_image":[{"width":800,"height":800,"url":"https:\/\/ironsky.pl\/sklep\/wp-content\/uploads\/2025\/10\/54280_1.jpg","type":"image\/jpeg"}],"twitter_card":"summary_large_image","twitter_misc":{"Szacowany czas czytania":"3 minuty"},"schema":{"@context":"https:\/\/schema.org","@graph":[{"@type":"WebPage","@id":"https:\/\/ironsky.pl\/sklep\/produkt\/panel-fotowoltaiczny-ecoflow-60w-usb-c\/","url":"https:\/\/ironsky.pl\/sklep\/produkt\/panel-fotowoltaiczny-ecoflow-60w-usb-c\/","name":"Panel fotowoltaiczny ECOFLOW 60W USB-C - IRONSKY.PL Sklep z Dronami","isPartOf":{"@id":"https:\/\/ironsky.pl\/sklep\/#website"},"primaryImageOfPage":{"@id":"https:\/\/ironsky.pl\/sklep\/produkt\/panel-fotowoltaiczny-ecoflow-60w-usb-c\/#primaryimage"},"image":{"@id":"https:\/\/ironsky.pl\/sklep\/produkt\/panel-fotowoltaiczny-ecoflow-60w-usb-c\/#primaryimage"},"thumbnailUrl":"https:\/\/ironsky.pl\/sklep\/wp-content\/uploads\/2025\/10\/54280_1.jpg","datePublished":"2026-04-15T09:07:51+00:00","dateModified":"2026-04-15T09:08:12+00:00","description":"Panel fotowoltaiczny ECOFLOW 60W USB-C - \u2705 sklep z dronami i fachowym doradztwem. \u2705 Tutaj kupisz produkty DJI, Yuneec, Parrot, Syma i wiele innych, a tak\u017ce kursy i licencje na operatora drona.","breadcrumb":{"@id":"https:\/\/ironsky.pl\/sklep\/produkt\/panel-fotowoltaiczny-ecoflow-60w-usb-c\/#breadcrumb"},"inLanguage":"pl-PL","potentialAction":[{"@type":"ReadAction","target":["https:\/\/ironsky.pl\/sklep\/produkt\/panel-fotowoltaiczny-ecoflow-60w-usb-c\/"]}]},{"@type":"ImageObject","inLanguage":"pl-PL","@id":"https:\/\/ironsky.pl\/sklep\/produkt\/panel-fotowoltaiczny-ecoflow-60w-usb-c\/#primaryimage","url":"https:\/\/ironsky.pl\/sklep\/wp-content\/uploads\/2025\/10\/54280_1.jpg","contentUrl":"https:\/\/ironsky.pl\/sklep\/wp-content\/uploads\/2025\/10\/54280_1.jpg","width":800,"height":800},{"@type":"BreadcrumbList","@id":"https:\/\/ironsky.pl\/sklep\/produkt\/panel-fotowoltaiczny-ecoflow-60w-usb-c\/#breadcrumb","itemListElement":[{"@type":"ListItem","position":1,"name":"Strona g\u0142\u00f3wna","item":"https:\/\/ironsky.pl\/sklep\/"},{"@type":"ListItem","position":2,"name":"Wszystkie produkty","item":"https:\/\/ironsky.pl\/sklep\/produkty\/"},{"@type":"ListItem","position":3,"name":"Panel fotowoltaiczny ECOFLOW 60W USB-C"}]},{"@type":"WebSite","@id":"https:\/\/ironsky.pl\/sklep\/#website","url":"https:\/\/ironsky.pl\/sklep\/","name":"IRONSKY.PL Sklep z Dronami","description":"IRONSKY.PL Sklep z Dronami","potentialAction":[{"@type":"SearchAction","target":{"@type":"EntryPoint","urlTemplate":"https:\/\/ironsky.pl\/sklep\/?s={search_term_string}"},"query-input":{"@type":"PropertyValueSpecification","valueRequired":true,"valueName":"search_term_string"}}],"inLanguage":"pl-PL"}]}},"_links":{"self":[{"href":"https:\/\/ironsky.pl\/sklep\/wp-json\/wp\/v2\/product\/60789","targetHints":{"allow":["GET"]}}],"collection":[{"href":"https:\/\/ironsky.pl\/sklep\/wp-json\/wp\/v2\/product"}],"about":[{"href":"https:\/\/ironsky.pl\/sklep\/wp-json\/wp\/v2\/types\/product"}],"replies":[{"embeddable":true,"href":"https:\/\/ironsky.pl\/sklep\/wp-json\/wp\/v2\/comments?post=60789"}],"wp:featuredmedia":[{"embeddable":true,"href":"https:\/\/ironsky.pl\/sklep\/wp-json\/wp\/v2\/media\/49747"}],"wp:attachment":[{"href":"https:\/\/ironsky.pl\/sklep\/wp-json\/wp\/v2\/media?parent=60789"}],"wp:term":[{"taxonomy":"product_brand","embeddable":true,"href":"https:\/\/ironsky.pl\/sklep\/wp-json\/wp\/v2\/product_brand?post=60789"},{"taxonomy":"product_cat","embeddable":true,"href":"https:\/\/ironsky.pl\/sklep\/wp-json\/wp\/v2\/product_cat?post=60789"},{"taxonomy":"product_tag","embeddable":true,"href":"https:\/\/ironsky.pl\/sklep\/wp-json\/wp\/v2\/product_tag?post=60789"}],"curies":[{"name":"wp","href":"https:\/\/api.w.org\/{rel}","templated":true}]}}