{"id":60748,"date":"2026-04-15T11:07:26","date_gmt":"2026-04-15T09:07:26","guid":{"rendered":"https:\/\/ironsky.pl\/sklep\/produkt\/drukarka-3d-anycubic-kobra-3-v2-combo-2\/"},"modified":"2026-04-15T11:07:29","modified_gmt":"2026-04-15T09:07:29","slug":"drukarka-3d-anycubic-kobra-3-v2-combo-2","status":"publish","type":"product","link":"https:\/\/ironsky.pl\/sklep\/produkt\/drukarka-3d-anycubic-kobra-3-v2-combo-2\/","title":{"rendered":"Drukarka 3D ANYCUBIC Kobra 3 V2 Combo"},"content":{"rendered":"<h3>Drukarka 3D Anycubic Kobra 3 V2 Combo<\/h3>\n<p>Poznaj Anycubic Kobra 3 V2 Combo \u2013 zestaw do druku 3D, kt\u00f3ry oferuje wielokolorowy druk z aktywnym suszeniem filamentu, by zapewni\u0107 \u017cywe, pozbawione defekt\u00f3w wydruki. Drukarka posiada ulepszony system automatycznego poziomowania LeviQ 3.0 z osi\u0105 Y 60 mm i \u0142o\u017cyskami SG15, co gwarantuje perfekcyjn\u0105 przyczepno\u015b\u0107 i bezb\u0142\u0119dne pierwsze warstwy, natomiast pr\u0119dko\u015b\u0107 do 600 mm\/s oraz przyspieszenie 20 000 mm\/s\u00b2 skracaj\u0105 czas realizacji nawet najbardziej wymagaj\u0105cych projekt\u00f3w. Dzi\u0119ki \u201eplug &amp; play\u201d (instalacja, kt\u00f3ra po pod\u0142\u0105czeniu do wybranego sprz\u0119tu nie wymaga dodatkowego konfigurowania czy pobierania sterownik\u00f3w) monta\u017c i pierwsze uruchomienie zajmuj\u0105 nieca\u0142e 15 minut, a inteligentne funkcje, takie jak wznawianie druku po utracie zasilania, detekcja filamentu i timelapse we wbudowanej kamerze 720 p, dbaj\u0105 o ci\u0105g\u0142o\u015b\u0107 i bezpiecze\u0144stwo pracy. Ca\u0142o\u015b\u0107 dope\u0142nia rozbudowany ekosystem Anycubic, kt\u00f3ry daje Ci pe\u0142n\u0105 kontrol\u0119 nad ka\u017cdym etapem druku. W sk\u0142ad zestawu wchodzi r\u00f3wnie\u017c modu\u0142 ACE Pro, kt\u00f3ry dba o odpowiednie wysuszenie filament\u00f3w i umo\u017cliwia druk 3D w wielu kolorach.<\/p>\n<p>\n<img decoding=\"async\" src=\"https:\/\/assets.innpro.pl\/17552\/23255\/1.jpg\" border=\"0\" alt=\"Drukarka Anycubic Kobra 3 V2, obok kt\u00f3rej stoi modu\u0142 ACE Pro.\" \/>\n<\/p>\n<h3>Wielokolorowa eksplozja kreatywno\u015bci<\/h3>\n<p>Drukarka Anycubic Kobra 3 V2 pozwala na tworzenie niezwykle \u017cywych modeli w czterech lub a\u017c o\u015bmiu kolorach jednocze\u015bnie dzi\u0119ki do\u0142\u0105czonemu do zestawu modu\u0142owi ACE Pro. Dodatkowo modu\u0142 ACE Pro gwarantuje doskona\u0142\u0105 jako\u015b\u0107 ka\u017cdego wydruku, dbaj\u0105c o to, by filamenty by\u0142y odpowiednio wysuszone. Niezale\u017cnie od tego, czy przygotowujesz prototypy funkcjonalne, artystyczne formy czy precyzyjne modele koncepcyjne, drukarka Kobra 3 V2 rozwinie Twoj\u0105 wyobra\u017ani\u0119 bez kompromis\u00f3w.<\/p>\n<p>\n<img decoding=\"async\" src=\"https:\/\/assets.innpro.pl\/17552\/23255\/8.jpg\" border=\"0\" alt=\"Model bia\u0142ego zamku z pomara\u0144czowym zadaszeniem wykonany metod\u0105 druku 3D.\" \/>\n<\/p>\n<h3>Automatyczne poziomowanie LeviQ 3.0<\/h3>\n<p>Zapomnij o uci\u0105\u017cliwym r\u0119cznym kalibrowaniu sto\u0142u. Innowacyjny system LeviQ 3.0 z osi\u0105 Y o zakresie 60 mm oraz \u0142o\u017cyskami SG15 na osi X dba o idealne u\u0142o\u017cenie ka\u017cdej warstwy. Dzi\u0119ki eliminacji przesuni\u0119\u0107 w osi Z uzyskasz niezawodn\u0105 przyczepno\u015b\u0107 pierwszej warstwy, co znacz\u0105co podnosi wska\u017anik powodzenia wydruk\u00f3w nawet przy najbardziej skomplikowanych geometrycznie projektach.<\/p>\n<p>\n<img decoding=\"async\" src=\"https:\/\/assets.innpro.pl\/17552\/23255\/7.jpg\" border=\"0\" alt=\"Drukarka Kobra 3 V2, za kt\u00f3r\u0105 znajduje si\u0119 le\u017c\u0105cy na kanapie m\u0119\u017cczyzna.\" \/>\n<\/p>\n<h3>Ekspresowa pr\u0119dko\u015b\u0107 i niezawodna wydajno\u015b\u0107<\/h3>\n<p>Nie musisz ju\u017c d\u0142ugo czeka\u0107 na wydruk swoich projekt\u00f3w. Kobra 3 V2 osi\u0105ga maksymaln\u0105 pr\u0119dko\u015b\u0107 drukowania do 600 mm\/s (domy\u015blnie 300 mm\/s) i przyspieszenie do 20 000 mm\/s\u00b2, dzi\u0119ki czemu model ma\u0142ej \u0142\u00f3dki powstaje w nieca\u0142e 13 minut. Ulepszona dysza skutecznie minimalizuje wycieki filamentu, a optymalna szeroko\u015b\u0107 tunelu roboczego zapewnia komfort pracy nad ka\u017cdym projektem.<\/p>\n<p>\n<img decoding=\"async\" src=\"https:\/\/assets.innpro.pl\/17552\/23255\/5.jpg\" border=\"0\" alt=\"M\u0119\u017cczyzna w b\u0142\u0119kitnej koszuli wk\u0142adaj\u0105cy czerwony filament do modu\u0142u ACE Pro.\" \/>\n<\/p>\n<h3>Rozpakuj i dzia\u0142aj<\/h3>\n<p>Z\u0142o\u017cenie i uruchomienie drukarki trwa kr\u00f3cej ni\u017c poranna kawa \u2013 intuicyjna, uproszczona konstrukcja pozwala na start pierwszego wydruku w kwadrans od rozpakowania. Solidne podw\u00f3jne \u015bruby poci\u0105gowe, precyzyjny system \u0142o\u017cyskowy oraz metalowa szybkoz\u0142\u0105czka gwarantuj\u0105 stabilno\u015b\u0107 ca\u0142ej konstrukcji i umo\u017cliwiaj\u0105 b\u0142yskawiczn\u0105 wymian\u0119 dysz w razie potrzeby.<\/p>\n<p>\n<img decoding=\"async\" src=\"https:\/\/assets.innpro.pl\/17552\/23255\/4.jpg\" border=\"0\" alt=\"Drukarka Kobra 3 V2 zapakowana w ochronnej g\u0105bce, trzymana przez m\u0119\u017cczyzn\u0119 w czarnej koszulce.\" \/>\n<\/p>\n<h3>Inteligentny monitoring i bezpiecze\u0144stwo<\/h3>\n<p>Koniec z wyczerpanym filamentem w trakcie druku czy niespodziewanymi przerwami zasilania. Anycubic Kobra 3 V2 automatycznie wznawia prac\u0119 po przywr\u00f3ceniu pr\u0105du, a czujnik filamentu wykrywa jego stan, informuj\u0105c o konieczno\u015bci uzupe\u0142nienia materia\u0142u. Wbudowana kamera 720p z funkcj\u0105 timelapse umo\u017cliwia dokumentowanie ca\u0142ego procesu, co \u015bwietnie sprawdzi si\u0119 przy prezentacjach zlece\u0144 lub tworzeniu tre\u015bci w mediach spo\u0142eczno\u015bciowych.<\/p>\n<p>\n<img decoding=\"async\" src=\"https:\/\/assets.innpro.pl\/17552\/23255\/9.jpg\" border=\"0\" alt=\"Zbli\u017cenie na czarn\u0105 kamerk\u0119 drukarki Kobra 3 V2.\" \/>\n<\/p>\n<h3>Pe\u0142nia kontroli w ekosystemie Anycubic<\/h3>\n<p>Z Anycubic Slicer Next (opartym na silniku Orca) przygotujesz modele do druku z poziomu sieci LAN, zarz\u0105dzaj\u0105c wieloma projektami jednocze\u015bnie i pomijaj\u0105c niechciane elementy. Korzystaj\u0105c z aplikacji Anycubic, zyskujesz zdalny dost\u0119p do drukarki, monitorowanie post\u0119pu w czasie rzeczywistym oraz opcj\u0119 fotografii poklatkowej. Dodatkowo platforma Makeronline oferuje bogat\u0105 bibliotek\u0119 gotowych modeli i mo\u017cliwo\u015b\u0107 natychmiastowego krojenia oraz drukowania jednym klikni\u0119ciem.<\/p>\n<p>\n<img decoding=\"async\" src=\"https:\/\/assets.innpro.pl\/17552\/23255\/10.jpg\" border=\"0\" alt=\"Drukarka Anycubic stoj\u0105ca na drewnianym biurku, obok niej znajduje si\u0119 ACE Pro i modele 3D. W tle wida\u0107 m\u0119\u017cczyzn\u0119 graj\u0105cego na konsoli.\" \/>\n<\/p>\n<h3>Kompleksowy zestaw funkcji<\/h3>\n<p>Anycubic Kobra 3 V2 Combo to wi\u0119cej ni\u017c zestaw do druku 3D. To narz\u0119dzie, kt\u00f3re integruje w sobie najwy\u017cszej klasy automatyzacj\u0119, multikolorowy druk, aktywne suszenie filamentu i inteligentne oprogramowanie. Z obs\u0142ug\u0105 wysokich temperatur suszenia do 55 \u00b0C, pojemno\u015bciowym 4.3-calowym ekranem dotykowym oraz mo\u017cliwo\u015bci\u0105 sterowania poprzez panel, aplikacj\u0119 i USB masz pe\u0142n\u0105 swobod\u0119 wyboru, jak i gdzie pracowa\u0107 nad swoimi projektami.<\/p>\n<p>\n<img decoding=\"async\" src=\"https:\/\/assets.innpro.pl\/17552\/23255\/2.jpg\" border=\"0\" alt=\"Drukarka 3D Kobra 3 V2 na futurystycznym, ciemnym tle.\" \/>\n<\/p>\n<h3>W zestawie<\/h3>\n<ul class=\"list-disc pl-5\">\n<li>drukarka Kobra 3 V2\u00a0<\/li>\n<li>modu\u0142 Anycubic Color Engine Pro (ACE Pro)<\/li>\n<li>g\u0142owica drukuj\u0105ca<\/li>\n<li>ekran dotykowy<\/li>\n<li>uchwyt szpuli<\/li>\n<li>uchwyt na kabel<\/li>\n<li>wycieraczka czyszcz\u0105ca<\/li>\n<li>\u015bruba M2x14 x2<\/li>\n<li>\u015bruba M3x6 x4<\/li>\n<li>\u015bruba M4x16 x2<\/li>\n<li>\u015bruba M3x10<\/li>\n<li>\u015bruba M3x8\u00a0<\/li>\n<li>przew\u00f3d zasilaj\u0105cy x2<\/li>\n<li>organizer kabli x4<\/li>\n<li>kabel sygna\u0142owy<\/li>\n<li>dysk USB<\/li>\n<li>rurka do filamentu<\/li>\n<li>zestaw kluczy<\/li>\n<li>\u015bruby imbusowe 4.0, 3.0, 2.5, 2.0, 1.5<\/li>\n<li>pr\u00f3bka filamentu<\/li>\n<li>\u015brodek do czyszczenia dysz<\/li>\n<li>smar<\/li>\n<li>kamera<\/li>\n<li>instrukcja obs\u0142ugi<\/li>\n<\/ul>\n<div class=\"table-wrapper\">\n<p>\u00a0<\/p>\n<h3><\/h3>\n<table>\n<tbody>\n<tr>\n<th>Producent<\/th>\n<td>Anycubic<\/td>\n<\/tr>\n<tr>\n<th>Model<\/th>\n<td>K3VC-IP-O<\/td>\n<\/tr>\n<tr>\n<th>Waga<\/th>\n<td>Kobra 3 V2: 9,37 kg, ACE Pro: 4,6 kg<\/td>\n<\/tr>\n<tr>\n<th>Obs\u0142ugiwane materia\u0142y <\/th>\n<td>Kobra 3 V2 obs\u0142uguje wy\u0142\u0105cznie materia\u0142y PLA, TPU, PETG, ABS. ACE Pro obs\u0142uguje wy\u0142\u0105cznie materia\u0142y PLA, PETG, ABS, ASA, PET, PA, PC, PP, HIPS<\/td>\n<\/tr>\n<tr>\n<th>Wymiary<\/th>\n<td>Kobra 3 V2: 452,9 x 504,7 x 483 mm; ACE Pro: 365,94 x 282,84 x 234,5 mm<\/td>\n<\/tr>\n<tr>\n<th>\u0179r\u00f3d\u0142o mocy<\/th>\n<td>400 W<\/td>\n<\/tr>\n<tr>\n<th>Wielokolorowy druk<\/th>\n<td>Standardowy druk 4-\/8-kolorowy<\/td>\n<\/tr>\n<tr>\n<th>Dysza<\/th>\n<td>Maksymalna temperatura 300\u2103<\/td>\n<\/tr>\n<tr>\n<th>Rozmiar druku<\/th>\n<td>255 x 255 x 260 mm<\/td>\n<\/tr>\n<tr>\n<th>Maksymalna temperatura sto\u0142u<\/th>\n<td>110\u2103<\/td>\n<\/tr>\n<tr>\n<th>Maksymalna pr\u0119dko\u015b\u0107 drukowania <\/th>\n<td>600 mm\/s<\/td>\n<\/tr>\n<tr>\n<th>Ekran dotykowy<\/th>\n<td>4.3-calowy<\/td>\n<\/tr>\n<tr>\n<th>Aktywne suszenie<\/th>\n<td>Obs\u0142ugiwane, maks. temp. suszenia 55\u00b0C<\/td>\n<\/tr>\n<tr>\n<th>Tryb autopoziomowania<\/th>\n<td>LeviQ3.0 + brak offsetu osi Z + optymalizacja konstrukcji<\/td>\n<\/tr>\n<tr>\n<th>\u015arednica dyszy<\/th>\n<td>Standard 0.4mm, opcje: 0.25\/0.6\/0.8mm<\/td>\n<\/tr>\n<tr>\n<th>Detekcja filamentu i wznawianie druku<\/th>\n<td>Obs\u0142ugiwane<\/td>\n<\/tr>\n<tr>\n<th>Wznowienie po utracie zasilania<\/th>\n<td>Obs\u0142ugiwane<\/td>\n<\/tr>\n<tr>\n<th>Monitoring wideo<\/th>\n<td>Standardowa kamera HD, obs\u0142uguje 720P<\/td>\n<\/tr>\n<tr>\n<th>Tryb timelapse<\/th>\n<td>Obs\u0142ugiwany<\/td>\n<\/tr>\n<tr>\n<th>Wykrywanie AI<\/th>\n<td>Wykrywanie b\u0142\u0119du druku (\u201cspaghetti\u201d)<\/td>\n<\/tr>\n<tr>\n<th>Pomijanie obiekt\u00f3w i poziomowanie obszar\u00f3w<\/th>\n<td>Obs\u0142ugiwane<\/td>\n<\/tr>\n<tr>\n<th>Tryb sieci lokalnej<\/th>\n<td>Obs\u0142ugiwane<\/td>\n<\/tr>\n<tr>\n<th>Metody sterowania i drukowania<\/th>\n<td>Drukarka, program Anycubic Slicer Next, aplikacja Anycubic, USB (tylko druk)<\/td>\n<\/tr>\n<\/tbody>\n<\/table>\n<\/div>\n","protected":false},"excerpt":{"rendered":"<p>Drukarka 3D Anycubic Kobra 3 V2 Combo Poznaj Anycubic Kobra 3 V2 Combo \u2013 zestaw do druku 3D, kt\u00f3ry oferuje<\/p>\n","protected":false},"featured_media":49645,"comment_status":"closed","ping_status":"open","template":"","meta":{"_acf_changed":false},"product_brand":[],"product_cat":[6222,6223,6217],"product_tag":[],"class_list":{"0":"post-60748","1":"product","2":"type-product","3":"status-publish","4":"has-post-thumbnail","6":"product_cat-druk-3d-technologie-kreatywne","7":"product_cat-drukarki-3d","8":"product_cat-technologie-kreatywne","9":"pa_okres-gwarancji-5757","10":"pa_producent-anycubic","12":"first","13":"outofstock","14":"taxable","15":"shipping-taxable","16":"purchasable","17":"product-type-simple"},"acf":[],"yoast_head":"<!-- This site is optimized with the Yoast SEO plugin v27.2 - https:\/\/yoast.com\/product\/yoast-seo-wordpress\/ -->\n<title>Drukarka 3D ANYCUBIC Kobra 3 V2 Combo - IRONSKY.PL Sklep z Dronami<\/title>\n<meta name=\"description\" content=\"Drukarka 3D ANYCUBIC Kobra 3 V2 Combo - \u2705 sklep z dronami i fachowym doradztwem. \u2705 Tutaj kupisz produkty DJI, Yuneec, Parrot, Syma i wiele innych, a tak\u017ce kursy i licencje na operatora drona.\" \/>\n<meta name=\"robots\" content=\"index, follow, max-snippet:-1, max-image-preview:large, max-video-preview:-1\" \/>\n<link rel=\"canonical\" href=\"https:\/\/ironsky.pl\/sklep\/produkt\/drukarka-3d-anycubic-kobra-3-v2-combo-2\/\" \/>\n<meta property=\"og:locale\" content=\"pl_PL\" \/>\n<meta property=\"og:type\" content=\"article\" \/>\n<meta property=\"og:title\" content=\"Drukarka 3D ANYCUBIC Kobra 3 V2 Combo - IRONSKY.PL Sklep z Dronami\" \/>\n<meta property=\"og:description\" content=\"Drukarka 3D ANYCUBIC Kobra 3 V2 Combo - \u2705 sklep z dronami i fachowym doradztwem. \u2705 Tutaj kupisz produkty DJI, Yuneec, Parrot, Syma i wiele innych, a tak\u017ce kursy i licencje na operatora drona.\" \/>\n<meta property=\"og:url\" content=\"https:\/\/ironsky.pl\/sklep\/produkt\/drukarka-3d-anycubic-kobra-3-v2-combo-2\/\" \/>\n<meta property=\"og:site_name\" content=\"IRONSKY.PL Sklep z Dronami\" \/>\n<meta property=\"article:modified_time\" content=\"2026-04-15T09:07:29+00:00\" \/>\n<meta property=\"og:image\" content=\"https:\/\/ironsky.pl\/sklep\/wp-content\/uploads\/2025\/10\/54126_1.jpg\" \/>\n\t<meta property=\"og:image:width\" content=\"800\" \/>\n\t<meta property=\"og:image:height\" content=\"800\" \/>\n\t<meta property=\"og:image:type\" content=\"image\/jpeg\" \/>\n<meta name=\"twitter:card\" content=\"summary_large_image\" \/>\n<meta name=\"twitter:label1\" content=\"Szacowany czas czytania\" \/>\n\t<meta name=\"twitter:data1\" content=\"4 minuty\" \/>\n<script type=\"application\/ld+json\" class=\"yoast-schema-graph\">{\"@context\":\"https:\/\/schema.org\",\"@graph\":[{\"@type\":\"WebPage\",\"@id\":\"https:\/\/ironsky.pl\/sklep\/produkt\/drukarka-3d-anycubic-kobra-3-v2-combo-2\/\",\"url\":\"https:\/\/ironsky.pl\/sklep\/produkt\/drukarka-3d-anycubic-kobra-3-v2-combo-2\/\",\"name\":\"Drukarka 3D ANYCUBIC Kobra 3 V2 Combo - IRONSKY.PL Sklep z Dronami\",\"isPartOf\":{\"@id\":\"https:\/\/ironsky.pl\/sklep\/#website\"},\"primaryImageOfPage\":{\"@id\":\"https:\/\/ironsky.pl\/sklep\/produkt\/drukarka-3d-anycubic-kobra-3-v2-combo-2\/#primaryimage\"},\"image\":{\"@id\":\"https:\/\/ironsky.pl\/sklep\/produkt\/drukarka-3d-anycubic-kobra-3-v2-combo-2\/#primaryimage\"},\"thumbnailUrl\":\"https:\/\/ironsky.pl\/sklep\/wp-content\/uploads\/2025\/10\/54126_1.jpg\",\"datePublished\":\"2026-04-15T09:07:26+00:00\",\"dateModified\":\"2026-04-15T09:07:29+00:00\",\"description\":\"Drukarka 3D ANYCUBIC Kobra 3 V2 Combo - \u2705 sklep z dronami i fachowym doradztwem. \u2705 Tutaj kupisz produkty DJI, Yuneec, Parrot, Syma i wiele innych, a tak\u017ce kursy i licencje na operatora drona.\",\"breadcrumb\":{\"@id\":\"https:\/\/ironsky.pl\/sklep\/produkt\/drukarka-3d-anycubic-kobra-3-v2-combo-2\/#breadcrumb\"},\"inLanguage\":\"pl-PL\",\"potentialAction\":[{\"@type\":\"ReadAction\",\"target\":[\"https:\/\/ironsky.pl\/sklep\/produkt\/drukarka-3d-anycubic-kobra-3-v2-combo-2\/\"]}]},{\"@type\":\"ImageObject\",\"inLanguage\":\"pl-PL\",\"@id\":\"https:\/\/ironsky.pl\/sklep\/produkt\/drukarka-3d-anycubic-kobra-3-v2-combo-2\/#primaryimage\",\"url\":\"https:\/\/ironsky.pl\/sklep\/wp-content\/uploads\/2025\/10\/54126_1.jpg\",\"contentUrl\":\"https:\/\/ironsky.pl\/sklep\/wp-content\/uploads\/2025\/10\/54126_1.jpg\",\"width\":800,\"height\":800},{\"@type\":\"BreadcrumbList\",\"@id\":\"https:\/\/ironsky.pl\/sklep\/produkt\/drukarka-3d-anycubic-kobra-3-v2-combo-2\/#breadcrumb\",\"itemListElement\":[{\"@type\":\"ListItem\",\"position\":1,\"name\":\"Strona g\u0142\u00f3wna\",\"item\":\"https:\/\/ironsky.pl\/sklep\/\"},{\"@type\":\"ListItem\",\"position\":2,\"name\":\"Wszystkie produkty\",\"item\":\"https:\/\/ironsky.pl\/sklep\/produkty\/\"},{\"@type\":\"ListItem\",\"position\":3,\"name\":\"Drukarka 3D ANYCUBIC Kobra 3 V2 Combo\"}]},{\"@type\":\"WebSite\",\"@id\":\"https:\/\/ironsky.pl\/sklep\/#website\",\"url\":\"https:\/\/ironsky.pl\/sklep\/\",\"name\":\"IRONSKY.PL Sklep z Dronami\",\"description\":\"IRONSKY.PL Sklep z Dronami\",\"potentialAction\":[{\"@type\":\"SearchAction\",\"target\":{\"@type\":\"EntryPoint\",\"urlTemplate\":\"https:\/\/ironsky.pl\/sklep\/?s={search_term_string}\"},\"query-input\":{\"@type\":\"PropertyValueSpecification\",\"valueRequired\":true,\"valueName\":\"search_term_string\"}}],\"inLanguage\":\"pl-PL\"}]}<\/script>\n<!-- \/ Yoast SEO plugin. -->","yoast_head_json":{"title":"Drukarka 3D ANYCUBIC Kobra 3 V2 Combo - IRONSKY.PL Sklep z Dronami","description":"Drukarka 3D ANYCUBIC Kobra 3 V2 Combo - \u2705 sklep z dronami i fachowym doradztwem. \u2705 Tutaj kupisz produkty DJI, Yuneec, Parrot, Syma i wiele innych, a tak\u017ce kursy i licencje na operatora drona.","robots":{"index":"index","follow":"follow","max-snippet":"max-snippet:-1","max-image-preview":"max-image-preview:large","max-video-preview":"max-video-preview:-1"},"canonical":"https:\/\/ironsky.pl\/sklep\/produkt\/drukarka-3d-anycubic-kobra-3-v2-combo-2\/","og_locale":"pl_PL","og_type":"article","og_title":"Drukarka 3D ANYCUBIC Kobra 3 V2 Combo - IRONSKY.PL Sklep z Dronami","og_description":"Drukarka 3D ANYCUBIC Kobra 3 V2 Combo - \u2705 sklep z dronami i fachowym doradztwem. \u2705 Tutaj kupisz produkty DJI, Yuneec, Parrot, Syma i wiele innych, a tak\u017ce kursy i licencje na operatora drona.","og_url":"https:\/\/ironsky.pl\/sklep\/produkt\/drukarka-3d-anycubic-kobra-3-v2-combo-2\/","og_site_name":"IRONSKY.PL Sklep z Dronami","article_modified_time":"2026-04-15T09:07:29+00:00","og_image":[{"width":800,"height":800,"url":"https:\/\/ironsky.pl\/sklep\/wp-content\/uploads\/2025\/10\/54126_1.jpg","type":"image\/jpeg"}],"twitter_card":"summary_large_image","twitter_misc":{"Szacowany czas czytania":"4 minuty"},"schema":{"@context":"https:\/\/schema.org","@graph":[{"@type":"WebPage","@id":"https:\/\/ironsky.pl\/sklep\/produkt\/drukarka-3d-anycubic-kobra-3-v2-combo-2\/","url":"https:\/\/ironsky.pl\/sklep\/produkt\/drukarka-3d-anycubic-kobra-3-v2-combo-2\/","name":"Drukarka 3D ANYCUBIC Kobra 3 V2 Combo - IRONSKY.PL Sklep z Dronami","isPartOf":{"@id":"https:\/\/ironsky.pl\/sklep\/#website"},"primaryImageOfPage":{"@id":"https:\/\/ironsky.pl\/sklep\/produkt\/drukarka-3d-anycubic-kobra-3-v2-combo-2\/#primaryimage"},"image":{"@id":"https:\/\/ironsky.pl\/sklep\/produkt\/drukarka-3d-anycubic-kobra-3-v2-combo-2\/#primaryimage"},"thumbnailUrl":"https:\/\/ironsky.pl\/sklep\/wp-content\/uploads\/2025\/10\/54126_1.jpg","datePublished":"2026-04-15T09:07:26+00:00","dateModified":"2026-04-15T09:07:29+00:00","description":"Drukarka 3D ANYCUBIC Kobra 3 V2 Combo - \u2705 sklep z dronami i fachowym doradztwem. \u2705 Tutaj kupisz produkty DJI, Yuneec, Parrot, Syma i wiele innych, a tak\u017ce kursy i licencje na operatora drona.","breadcrumb":{"@id":"https:\/\/ironsky.pl\/sklep\/produkt\/drukarka-3d-anycubic-kobra-3-v2-combo-2\/#breadcrumb"},"inLanguage":"pl-PL","potentialAction":[{"@type":"ReadAction","target":["https:\/\/ironsky.pl\/sklep\/produkt\/drukarka-3d-anycubic-kobra-3-v2-combo-2\/"]}]},{"@type":"ImageObject","inLanguage":"pl-PL","@id":"https:\/\/ironsky.pl\/sklep\/produkt\/drukarka-3d-anycubic-kobra-3-v2-combo-2\/#primaryimage","url":"https:\/\/ironsky.pl\/sklep\/wp-content\/uploads\/2025\/10\/54126_1.jpg","contentUrl":"https:\/\/ironsky.pl\/sklep\/wp-content\/uploads\/2025\/10\/54126_1.jpg","width":800,"height":800},{"@type":"BreadcrumbList","@id":"https:\/\/ironsky.pl\/sklep\/produkt\/drukarka-3d-anycubic-kobra-3-v2-combo-2\/#breadcrumb","itemListElement":[{"@type":"ListItem","position":1,"name":"Strona g\u0142\u00f3wna","item":"https:\/\/ironsky.pl\/sklep\/"},{"@type":"ListItem","position":2,"name":"Wszystkie produkty","item":"https:\/\/ironsky.pl\/sklep\/produkty\/"},{"@type":"ListItem","position":3,"name":"Drukarka 3D ANYCUBIC Kobra 3 V2 Combo"}]},{"@type":"WebSite","@id":"https:\/\/ironsky.pl\/sklep\/#website","url":"https:\/\/ironsky.pl\/sklep\/","name":"IRONSKY.PL Sklep z Dronami","description":"IRONSKY.PL Sklep z Dronami","potentialAction":[{"@type":"SearchAction","target":{"@type":"EntryPoint","urlTemplate":"https:\/\/ironsky.pl\/sklep\/?s={search_term_string}"},"query-input":{"@type":"PropertyValueSpecification","valueRequired":true,"valueName":"search_term_string"}}],"inLanguage":"pl-PL"}]}},"_links":{"self":[{"href":"https:\/\/ironsky.pl\/sklep\/wp-json\/wp\/v2\/product\/60748","targetHints":{"allow":["GET"]}}],"collection":[{"href":"https:\/\/ironsky.pl\/sklep\/wp-json\/wp\/v2\/product"}],"about":[{"href":"https:\/\/ironsky.pl\/sklep\/wp-json\/wp\/v2\/types\/product"}],"replies":[{"embeddable":true,"href":"https:\/\/ironsky.pl\/sklep\/wp-json\/wp\/v2\/comments?post=60748"}],"wp:featuredmedia":[{"embeddable":true,"href":"https:\/\/ironsky.pl\/sklep\/wp-json\/wp\/v2\/media\/49645"}],"wp:attachment":[{"href":"https:\/\/ironsky.pl\/sklep\/wp-json\/wp\/v2\/media?parent=60748"}],"wp:term":[{"taxonomy":"product_brand","embeddable":true,"href":"https:\/\/ironsky.pl\/sklep\/wp-json\/wp\/v2\/product_brand?post=60748"},{"taxonomy":"product_cat","embeddable":true,"href":"https:\/\/ironsky.pl\/sklep\/wp-json\/wp\/v2\/product_cat?post=60748"},{"taxonomy":"product_tag","embeddable":true,"href":"https:\/\/ironsky.pl\/sklep\/wp-json\/wp\/v2\/product_tag?post=60748"}],"curies":[{"name":"wp","href":"https:\/\/api.w.org\/{rel}","templated":true}]}}