{"id":60745,"date":"2026-04-15T11:06:57","date_gmt":"2026-04-15T09:06:57","guid":{"rendered":"https:\/\/ironsky.pl\/sklep\/produkt\/skaner-3d-revopoint-metrox-advanced-2\/"},"modified":"2026-04-15T11:07:24","modified_gmt":"2026-04-15T09:07:24","slug":"skaner-3d-revopoint-metrox-advanced-2","status":"publish","type":"product","link":"https:\/\/ironsky.pl\/sklep\/produkt\/skaner-3d-revopoint-metrox-advanced-2\/","title":{"rendered":"Skaner 3D Revopoint Metrox advanced"},"content":{"rendered":"<h3>Skaner 3D Revopoint Metrox advanced<\/h3>\n<p>Odkryj niezr\u00f3wnan\u0105 precyzj\u0119 i wszechstronno\u015b\u0107 skanera Revopoint MetroX w wersji advanced \u2013 niezwykle lekkiego urz\u0105dzenia, kt\u00f3re \u0142\u0105czy hybrydowy laser wielopasmowy i pe\u0142noekranowe strukturalne \u015bwiat\u0142o niebieskie, by w mgnieniu oka zebra\u0107 do 7 000 000 punkt\u00f3w na sekund\u0119 z dok\u0142adno\u015bci\u0105 do 0,03 mm. Cztery tryby skanowania pozwalaj\u0105 idealnie odwzorowa\u0107 zar\u00f3wno p\u0142askie, b\u0142yszcz\u0105ce powierzchnie, jak i najbardziej z\u0142o\u017cone detale, a do\u0142\u0105czona do zestawu obrotnica i intuicyjne oprogramowanie Revo Scan zapewniaj\u0105 szybkie tworzenie metrologicznych modeli 3D gotowych do eksportu do CAD (Computer-Aided Design, proces wykorzystuj\u0105cy oprogramowanie komputerowe do tworzenia, analizowania, modyfikowania i dokumentowania projekt\u00f3w) czy kontroli jako\u015bci. Revopoint MetroX to narz\u0119dzie, kt\u00f3re wyniesie Twoje projekty na wy\u017cszy poziom i odnajdzie si\u0119 w wielu sytuacjach \u2013 od in\u017cynierii odwrotnej, przez druk 3D, a\u017c po prototypowanie. Wersja advanced posiada zestaw Marker Block Kit.<\/p>\n<p>\n<img decoding=\"async\" src=\"https:\/\/assets.innpro.pl\/17625\/23377\/10.jpg\" border=\"0\" alt=\"Skaner Revopoint Metrox zamontowany na stojaku na bia\u0142ym tle.\" \/>\n<\/p>\n<h3>Prze\u0142omowa technologia skanowania 3D<\/h3>\n<p>Revopoint MetroX, dzi\u0119ki po\u0142\u0105czeniu hybrydowego lasera wielopasmowego z pe\u0142noekranowym \u015bwiat\u0142em strukturalnym w kolorze niebieskim, umo\u017cliwia profesjonalne modelowanie 3D ma\u0142ych i \u015brednich obiekt\u00f3w. Dzi\u0119ki a\u017c czternastu krzy\u017cuj\u0105cym si\u0119 liniom laserowym i siedmiu liniom r\u00f3wnoleg\u0142ym, a tak\u017ce imponuj\u0105cej strukturze \u015bwiat\u0142a sk\u0142adaj\u0105cej si\u0119 z 62 linii, urz\u0105dzenie jest w stanie zebra\u0107 nawet najbardziej skomplikowane detale i niewidoczne dla oka cechy powierzchni, osi\u0105gaj\u0105c precyzj\u0119 pojedynczej klatki do 0,01 mm i dok\u0142adno\u015b\u0107 ca\u0142kowit\u0105 do 0,03 mm. Tak szczeg\u00f3\u0142owa praca sprawia, \u017ce skaner jest doskona\u0142ym wyborem dla ka\u017cdego wymagaj\u0105cego u\u017cytkownika.<\/p>\n<p>\n<img decoding=\"async\" src=\"https:\/\/assets.innpro.pl\/17625\/23377\/6.jpg\" border=\"0\" alt=\"Skaner Revopoint Metrox skanuj\u0105cy figurk\u0119 kolorowej papugi.\" \/>\n<\/p>\n<h3>Wszechstronno\u015b\u0107 w jednym urz\u0105dzeniu<\/h3>\n<p>Model MetroX nie wymaga matuj\u0105cego sprayu do skanowania po\u0142yskliwych czy czarnych powierzchni. Urz\u0105dzenie szybko przechwytuje dane z pr\u0119dko\u015bci\u0105 do 800 000 punkt\u00f3w na sekund\u0119 w trybie lasera wielopasmowego oraz do 7 000 000 punkt\u00f3w na sekund\u0119 w trybie pe\u0142nego pola \u015bwiat\u0142a strukturalnego. Elastyczny obszar przechwytywania (od 160 \u00d7 70 mm przy odleg\u0142o\u015bci 200 mm do 320 \u00d7 215 mm przy odleg\u0142o\u015bci 400 mm) idealnie sprawdza si\u0119 zar\u00f3wno w pracowniach in\u017cynieryjnych, jak i w biurach projektowych. To narz\u0119dzie, kt\u00f3re rewolucjonizuje spos\u00f3b skanowania obiekt\u00f3w.<\/p>\n<p>\n<img decoding=\"async\" src=\"https:\/\/assets.innpro.pl\/17625\/23377\/7.jpg\" border=\"0\" alt=\"Dwa modele Revopoint Metrox stoj\u0105ce obok siebie w pionie.\" \/>\n<\/p>\n<h3>Automatyzacja i intuicyjna obs\u0142uga<\/h3>\n<p>Dzi\u0119ki do\u0142\u0105czonej do zestawu automatycznej obrotnicy z podw\u00f3jn\u0105 osi\u0105 system Revo Scan i MetroX tworz\u0105 cyfrowego bli\u017aniaka obiektu za jednym klikni\u0119ciem, eliminuj\u0105c konieczno\u015b\u0107 r\u0119cznego pozycjonowania. Czteroprzyciskowy panel sterowania w czasie rzeczywistym pozwala na zatrzymywanie pracy, regulacj\u0119 ekspozycji kamery g\u0142\u0119bi i cyfrowy zoom, a wbudowana kamera RGB HD (Red Green Blue, skr\u00f3t oznaczaj\u0105cy trzy kolory \u2013 czerwony, zielony i niebieski) gwarantuje wierne odwzorowanie kolor\u00f3w w skanach. Cztery tryby skanowania sprawiaj\u0105, \u017ce mo\u017cesz dostosowa\u0107 urz\u0105dzenie do bie\u017c\u0105cych potrzeb, aby precyzyjnie odwzorowa\u0142o to, czego najbardziej potrzebujesz.<\/p>\n<p>\n<img decoding=\"async\" src=\"https:\/\/assets.innpro.pl\/17625\/23377\/3.jpg\" border=\"0\" alt=\"M\u0119\u017cczyzna w niebieskiej koszuli skanuj\u0105cy motocykl za pomoc\u0105 Revopoint Metrox.\" \/>\n<\/p>\n<h3>Kompleksowe oprogramowanie Revo Scan<\/h3>\n<p>Revo Scan to niezwykle intuicyjne narz\u0119dzie, kt\u00f3re s\u0142u\u017cy pomoc\u0105 podczas ca\u0142ego procesu skanowania \u2013 od ustawienia parametr\u00f3w skanu, przez automatyczn\u0105 lub r\u0119czn\u0105 obr\u00f3bk\u0119 chmury punkt\u00f3w, a\u017c po edycj\u0119, \u0142\u0105czenie segment\u00f3w modelu i eksport do format\u00f3w PLY, OBJ, STL, ASC, 3MF, GLTF czy FBX. Z \u0142atwo\u015bci\u0105 usuniesz niechciane dane, wyg\u0142adzisz powierzchnie, wype\u0142nisz ubytki i po\u0142\u0105czysz skany cz\u0119\u015bciowe, by stworzy\u0107 sp\u00f3jny model gotowy do dalszego przetwarzania w takich oprogramowaniach, jak Quicksurface, Geomagic Wrap czy Geomagic Control. Wbudowany kreator kalibracji zapewnia precyzyjne i wiarygodne wyniki pomiarowe.<\/p>\n<p>\n<img decoding=\"async\" src=\"https:\/\/assets.innpro.pl\/17625\/23377\/5.jpg\" border=\"0\" alt=\"Interfejs oprogramowania Revo Scan.\" \/>\n<\/p>\n<h3>Profesjonalne zastosowania<\/h3>\n<p>Revopoint MetroX sprawdzi si\u0119 w procesach in\u017cynierii odwrotnej, umo\u017cliwiaj\u0105c szybkie generowanie modeli 3D gotowych do scan-to-CAD (proces przekszta\u0142cania fizycznych obiekt\u00f3w lub dokument\u00f3w w cyfrowe modele CAD za pomoc\u0105 skanowania 3D). \u015awietnie sprawdzi si\u0119 w kontroli jako\u015bci, gdzie identyfikacja defekt\u00f3w i odchyle\u0144 w produkcji mo\u017ce przebiega\u0107 b\u0142yskawicznie, w technologii przyrostowej, dzi\u0119ki tworzeniu wiernych cyfrowych bli\u017aniak\u00f3w obiekt\u00f3w przeznaczonych do druku 3D, czy w szybkim prototypowaniu, gdzie precyzyjne wymiary modeli minimalizuj\u0105 liczb\u0119 powt\u00f3rze\u0144 i oszcz\u0119dzaj\u0105 czas oraz zasoby.<\/p>\n<p>\n<img decoding=\"async\" src=\"https:\/\/assets.innpro.pl\/17625\/23377\/4.jpg\" border=\"0\" alt=\"Zbli\u017cenie na detale druku 3D zeskanowanego dzi\u0119ki Revopoint Metrox.\" \/>\n<\/p>\n<h3>Przemy\u015blany design<\/h3>\n<p>Skaner Revopoint MetroX wa\u017cy zaledwie 508 g i posiada wymiary 209 x 88 x 44 mm, co czyni go niezwykle wygodnym w u\u017cytkowaniu. Mo\u017cesz bez problemu schowa\u0107 go w do\u0142\u0105czonego do zestawu etui do przechowywania, a dodatkowo nie zajmuje wiele miejsca w Twojej przestrzeni roboczej. Ciesz si\u0119 wielogodzinn\u0105 prac\u0105 bez poczucia dyskomfortu z Revopoint MetroX!<\/p>\n<p>\n<img decoding=\"async\" src=\"https:\/\/assets.innpro.pl\/17625\/23377\/8.jpg\" border=\"0\" alt=\"Revopoint Metrox pokazany w r\u00f3\u017cnych zastosowaniach.\" \/>\n<\/p>\n<h3>Wersja Advanced dla wi\u0119kszej wygody<\/h3>\n<p>Do\u0142\u0105czony do opakowania zestaw Marker Block Kit znacz\u0105co oszcz\u0119dza czas, zmniejszaj\u0105c liczb\u0119 marker\u00f3w potrzebnych podczas konfigurowania skan\u00f3w laserowych lub skanowania obiekt\u00f3w bez cech w trybie Full-field (tryb, kt\u00f3ry wykorzystuje ca\u0142e pole widzenia kamery do jednoczesnego przechwytywania danych z obiektu, zamiast skanowania punkt po punkcie lub wiersz po wierszu). Markery s\u0105 wielokrotnego u\u017cytku i mo\u017cna \u0142\u0105czy\u0107 je w dowolne konfiguracje.<\/p>\n<p>\n<img decoding=\"async\" src=\"https:\/\/assets.innpro.pl\/17625\/23377\/9.jpg\" border=\"0\" alt=\"Zbli\u017cenie na skaner Revopoint Metrox. \" \/>\n<\/p>\n<h3>W zestawie<\/h3>\n<ul class=\"list-disc pl-5\">\n<li>skaner 3D MetroX\u00a0<\/li>\n<li>pasek na nadgarstek<\/li>\n<li>statyw<\/li>\n<li>podstawka pod skaner<\/li>\n<li>zasilacz<\/li>\n<li>dwuosiowa obrotnica<\/li>\n<li>p\u0142yta kalibracyjna<\/li>\n<li>markery (6 mm)<\/li>\n<li>kabel USB Type-A do Type-C<\/li>\n<li>adapter USB Type-C do Type-A<\/li>\n<li>etui do przechowywania<\/li>\n<li>popiersie do skanu<\/li>\n<li>magnetyczny marker kulkowy x10<\/li>\n<li>magnetyczny marker kopu\u0142owy x10<\/li>\n<li>magnetyczny marker w kszta\u0142cie piramidy x4<\/li>\n<li>marker w kszta\u0142cie paska x4<\/li>\n<li>instrukcja obs\u0142ugi<\/li>\n<\/ul>\n<div class=\"table-wrapper\">\n<p>\u00a0<\/p>\n<h3><\/h3>\n<table>\n<tbody>\n<tr>\n<th>Producent<\/th>\n<td>Revopoint<\/td>\n<\/tr>\n<tr>\n<th>Model<\/th>\n<td>MetroX Advanced<\/td>\n<\/tr>\n<tr>\n<th>Technologia<\/th>\n<td>Wieloliniowe skanowanie laserowe i pe\u0142nopolowe skanowanie \u015bwiat\u0142em strukturalnym<\/td>\n<\/tr>\n<tr>\n<th>Precyzja pojedynczej klatki<\/th>\n<td>0.01 mm<\/td>\n<\/tr>\n<tr>\n<th>Dok\u0142adno\u015b\u0107 pojedynczej klatki<\/th>\n<td>0.03 mm<\/td>\n<\/tr>\n<tr>\n<th>Dok\u0142adno\u015b\u0107 wolumetryczna<\/th>\n<td>0.03 mm + 0.1 mm x L (m) (L to d\u0142ugo\u015b\u0107 skanowanego obiektu)<\/td>\n<\/tr>\n<tr>\n<th>Odleg\u0142o\u015b\u0107 punktu zespolenia<\/th>\n<td>0.05 mm<\/td>\n<\/tr>\n<tr>\n<th>Zasi\u0119g pracy<\/th>\n<td>200 &#8211; 400 mm<\/td>\n<\/tr>\n<tr>\n<th>Pojedynczy obszar przechwytywania w najbli\u017cszej odleg\u0142o\u015bci<\/th>\n<td>160 x 70 mm at 200 mm<\/td>\n<\/tr>\n<tr>\n<th>Pojedynczy obszar przechwytywania w najdalszej odleg\u0142o\u015bci<\/th>\n<td>320 x 215 mm at 400 mm<\/td>\n<\/tr>\n<tr>\n<th>Minimalna obj\u0119to\u015b\u0107 skanu<\/th>\n<td>10 x 10 x 10 mm<\/td>\n<\/tr>\n<tr>\n<th>Maksymalna obj\u0119to\u015b\u0107 skanu<\/th>\n<td>1 x 1 x 1 m<\/td>\n<\/tr>\n<tr>\n<th>Pr\u0119dko\u015b\u0107 skanowania<\/th>\n<td>Wieloliniowe skanowanie laserowe: 800 000 punkt\u00f3w na sekund\u0119; pe\u0142nopolowe skanowanie \u015bwiat\u0142em strukturalnym: 7 000 000 punkt\u00f3w na sekund\u0119<\/td>\n<\/tr>\n<tr>\n<th>\u0179r\u00f3d\u0142o \u015bwiat\u0142a 3D<\/th>\n<td>14 krzy\u017cuj\u0105cych si\u0119 niebieskich linii laserowych, 7 niebieskich linii r\u00f3wnoleg\u0142ych, 62 linie niebieskiego \u015bwiat\u0142a strukturalnego<\/td>\n<\/tr>\n<tr>\n<th>Rozdzielczo\u015b\u0107 kamery<\/th>\n<td>Kamera g\u0142\u0119bi 2MP, kamera RGB 2MP<\/td>\n<\/tr>\n<tr>\n<th>CPU<\/th>\n<td>4-rdzeniowy ARM, 2.0 GHz<\/td>\n<\/tr>\n<tr>\n<th>\u015awiat\u0142a wype\u0142niaj\u0105ce kamery g\u0142\u0119bi<\/th>\n<td>12 niebieskich \u015bwiate\u0142 LED<\/td>\n<\/tr>\n<tr>\n<th>Wymiary<\/th>\n<td>209 x 88 x 44 mm<\/td>\n<\/tr>\n<tr>\n<th>Waga<\/th>\n<td>508 g<\/td>\n<\/tr>\n<\/tbody>\n<\/table>\n<\/div>\n","protected":false},"excerpt":{"rendered":"<p>Skaner 3D Revopoint Metrox advanced Odkryj niezr\u00f3wnan\u0105 precyzj\u0119 i wszechstronno\u015b\u0107 skanera Revopoint MetroX w wersji advanced \u2013 niezwykle lekkiego urz\u0105dzenia,<\/p>\n","protected":false},"featured_media":49628,"comment_status":"closed","ping_status":"open","template":"","meta":{"_acf_changed":false},"product_brand":[],"product_cat":[6229,6217],"product_tag":[],"class_list":{"0":"post-60745","1":"product","2":"type-product","3":"status-publish","4":"has-post-thumbnail","6":"product_cat-skanery-3d","7":"product_cat-technologie-kreatywne","8":"pa_okres-gwarancji-5757","9":"pa_producent-revopoint","11":"first","12":"outofstock","13":"taxable","14":"shipping-taxable","15":"purchasable","16":"product-type-simple"},"acf":[],"yoast_head":"<!-- This site is optimized with the Yoast SEO plugin v27.2 - https:\/\/yoast.com\/product\/yoast-seo-wordpress\/ -->\n<title>Skaner 3D Revopoint Metrox advanced - IRONSKY.PL Sklep z Dronami<\/title>\n<meta name=\"description\" content=\"Skaner 3D Revopoint Metrox advanced - \u2705 sklep z dronami i fachowym doradztwem. \u2705 Tutaj kupisz produkty DJI, Yuneec, Parrot, Syma i wiele innych, a tak\u017ce kursy i licencje na operatora drona.\" \/>\n<meta name=\"robots\" content=\"index, follow, max-snippet:-1, max-image-preview:large, max-video-preview:-1\" \/>\n<link rel=\"canonical\" href=\"https:\/\/ironsky.pl\/sklep\/produkt\/skaner-3d-revopoint-metrox-advanced-2\/\" \/>\n<meta property=\"og:locale\" content=\"pl_PL\" \/>\n<meta property=\"og:type\" content=\"article\" \/>\n<meta property=\"og:title\" content=\"Skaner 3D Revopoint Metrox advanced - IRONSKY.PL Sklep z Dronami\" \/>\n<meta property=\"og:description\" content=\"Skaner 3D Revopoint Metrox advanced - \u2705 sklep z dronami i fachowym doradztwem. \u2705 Tutaj kupisz produkty DJI, Yuneec, Parrot, Syma i wiele innych, a tak\u017ce kursy i licencje na operatora drona.\" \/>\n<meta property=\"og:url\" content=\"https:\/\/ironsky.pl\/sklep\/produkt\/skaner-3d-revopoint-metrox-advanced-2\/\" \/>\n<meta property=\"og:site_name\" content=\"IRONSKY.PL Sklep z Dronami\" \/>\n<meta property=\"article:modified_time\" content=\"2026-04-15T09:07:24+00:00\" \/>\n<meta property=\"og:image\" content=\"https:\/\/ironsky.pl\/sklep\/wp-content\/uploads\/2025\/10\/54114_3.jpg\" \/>\n\t<meta property=\"og:image:width\" content=\"800\" \/>\n\t<meta property=\"og:image:height\" content=\"800\" \/>\n\t<meta property=\"og:image:type\" content=\"image\/jpeg\" \/>\n<meta name=\"twitter:card\" content=\"summary_large_image\" \/>\n<meta name=\"twitter:label1\" content=\"Szacowany czas czytania\" \/>\n\t<meta name=\"twitter:data1\" content=\"5 minut\" \/>\n<script type=\"application\/ld+json\" class=\"yoast-schema-graph\">{\"@context\":\"https:\/\/schema.org\",\"@graph\":[{\"@type\":\"WebPage\",\"@id\":\"https:\/\/ironsky.pl\/sklep\/produkt\/skaner-3d-revopoint-metrox-advanced-2\/\",\"url\":\"https:\/\/ironsky.pl\/sklep\/produkt\/skaner-3d-revopoint-metrox-advanced-2\/\",\"name\":\"Skaner 3D Revopoint Metrox advanced - IRONSKY.PL Sklep z Dronami\",\"isPartOf\":{\"@id\":\"https:\/\/ironsky.pl\/sklep\/#website\"},\"primaryImageOfPage\":{\"@id\":\"https:\/\/ironsky.pl\/sklep\/produkt\/skaner-3d-revopoint-metrox-advanced-2\/#primaryimage\"},\"image\":{\"@id\":\"https:\/\/ironsky.pl\/sklep\/produkt\/skaner-3d-revopoint-metrox-advanced-2\/#primaryimage\"},\"thumbnailUrl\":\"https:\/\/ironsky.pl\/sklep\/wp-content\/uploads\/2025\/10\/54114_3.jpg\",\"datePublished\":\"2026-04-15T09:06:57+00:00\",\"dateModified\":\"2026-04-15T09:07:24+00:00\",\"description\":\"Skaner 3D Revopoint Metrox advanced - \u2705 sklep z dronami i fachowym doradztwem. \u2705 Tutaj kupisz produkty DJI, Yuneec, Parrot, Syma i wiele innych, a tak\u017ce kursy i licencje na operatora drona.\",\"breadcrumb\":{\"@id\":\"https:\/\/ironsky.pl\/sklep\/produkt\/skaner-3d-revopoint-metrox-advanced-2\/#breadcrumb\"},\"inLanguage\":\"pl-PL\",\"potentialAction\":[{\"@type\":\"ReadAction\",\"target\":[\"https:\/\/ironsky.pl\/sklep\/produkt\/skaner-3d-revopoint-metrox-advanced-2\/\"]}]},{\"@type\":\"ImageObject\",\"inLanguage\":\"pl-PL\",\"@id\":\"https:\/\/ironsky.pl\/sklep\/produkt\/skaner-3d-revopoint-metrox-advanced-2\/#primaryimage\",\"url\":\"https:\/\/ironsky.pl\/sklep\/wp-content\/uploads\/2025\/10\/54114_3.jpg\",\"contentUrl\":\"https:\/\/ironsky.pl\/sklep\/wp-content\/uploads\/2025\/10\/54114_3.jpg\",\"width\":800,\"height\":800},{\"@type\":\"BreadcrumbList\",\"@id\":\"https:\/\/ironsky.pl\/sklep\/produkt\/skaner-3d-revopoint-metrox-advanced-2\/#breadcrumb\",\"itemListElement\":[{\"@type\":\"ListItem\",\"position\":1,\"name\":\"Strona g\u0142\u00f3wna\",\"item\":\"https:\/\/ironsky.pl\/sklep\/\"},{\"@type\":\"ListItem\",\"position\":2,\"name\":\"Wszystkie produkty\",\"item\":\"https:\/\/ironsky.pl\/sklep\/produkty\/\"},{\"@type\":\"ListItem\",\"position\":3,\"name\":\"Skaner 3D Revopoint Metrox advanced\"}]},{\"@type\":\"WebSite\",\"@id\":\"https:\/\/ironsky.pl\/sklep\/#website\",\"url\":\"https:\/\/ironsky.pl\/sklep\/\",\"name\":\"IRONSKY.PL Sklep z Dronami\",\"description\":\"IRONSKY.PL Sklep z Dronami\",\"potentialAction\":[{\"@type\":\"SearchAction\",\"target\":{\"@type\":\"EntryPoint\",\"urlTemplate\":\"https:\/\/ironsky.pl\/sklep\/?s={search_term_string}\"},\"query-input\":{\"@type\":\"PropertyValueSpecification\",\"valueRequired\":true,\"valueName\":\"search_term_string\"}}],\"inLanguage\":\"pl-PL\"}]}<\/script>\n<!-- \/ Yoast SEO plugin. -->","yoast_head_json":{"title":"Skaner 3D Revopoint Metrox advanced - IRONSKY.PL Sklep z Dronami","description":"Skaner 3D Revopoint Metrox advanced - \u2705 sklep z dronami i fachowym doradztwem. \u2705 Tutaj kupisz produkty DJI, Yuneec, Parrot, Syma i wiele innych, a tak\u017ce kursy i licencje na operatora drona.","robots":{"index":"index","follow":"follow","max-snippet":"max-snippet:-1","max-image-preview":"max-image-preview:large","max-video-preview":"max-video-preview:-1"},"canonical":"https:\/\/ironsky.pl\/sklep\/produkt\/skaner-3d-revopoint-metrox-advanced-2\/","og_locale":"pl_PL","og_type":"article","og_title":"Skaner 3D Revopoint Metrox advanced - IRONSKY.PL Sklep z Dronami","og_description":"Skaner 3D Revopoint Metrox advanced - \u2705 sklep z dronami i fachowym doradztwem. \u2705 Tutaj kupisz produkty DJI, Yuneec, Parrot, Syma i wiele innych, a tak\u017ce kursy i licencje na operatora drona.","og_url":"https:\/\/ironsky.pl\/sklep\/produkt\/skaner-3d-revopoint-metrox-advanced-2\/","og_site_name":"IRONSKY.PL Sklep z Dronami","article_modified_time":"2026-04-15T09:07:24+00:00","og_image":[{"width":800,"height":800,"url":"https:\/\/ironsky.pl\/sklep\/wp-content\/uploads\/2025\/10\/54114_3.jpg","type":"image\/jpeg"}],"twitter_card":"summary_large_image","twitter_misc":{"Szacowany czas czytania":"5 minut"},"schema":{"@context":"https:\/\/schema.org","@graph":[{"@type":"WebPage","@id":"https:\/\/ironsky.pl\/sklep\/produkt\/skaner-3d-revopoint-metrox-advanced-2\/","url":"https:\/\/ironsky.pl\/sklep\/produkt\/skaner-3d-revopoint-metrox-advanced-2\/","name":"Skaner 3D Revopoint Metrox advanced - IRONSKY.PL Sklep z Dronami","isPartOf":{"@id":"https:\/\/ironsky.pl\/sklep\/#website"},"primaryImageOfPage":{"@id":"https:\/\/ironsky.pl\/sklep\/produkt\/skaner-3d-revopoint-metrox-advanced-2\/#primaryimage"},"image":{"@id":"https:\/\/ironsky.pl\/sklep\/produkt\/skaner-3d-revopoint-metrox-advanced-2\/#primaryimage"},"thumbnailUrl":"https:\/\/ironsky.pl\/sklep\/wp-content\/uploads\/2025\/10\/54114_3.jpg","datePublished":"2026-04-15T09:06:57+00:00","dateModified":"2026-04-15T09:07:24+00:00","description":"Skaner 3D Revopoint Metrox advanced - \u2705 sklep z dronami i fachowym doradztwem. \u2705 Tutaj kupisz produkty DJI, Yuneec, Parrot, Syma i wiele innych, a tak\u017ce kursy i licencje na operatora drona.","breadcrumb":{"@id":"https:\/\/ironsky.pl\/sklep\/produkt\/skaner-3d-revopoint-metrox-advanced-2\/#breadcrumb"},"inLanguage":"pl-PL","potentialAction":[{"@type":"ReadAction","target":["https:\/\/ironsky.pl\/sklep\/produkt\/skaner-3d-revopoint-metrox-advanced-2\/"]}]},{"@type":"ImageObject","inLanguage":"pl-PL","@id":"https:\/\/ironsky.pl\/sklep\/produkt\/skaner-3d-revopoint-metrox-advanced-2\/#primaryimage","url":"https:\/\/ironsky.pl\/sklep\/wp-content\/uploads\/2025\/10\/54114_3.jpg","contentUrl":"https:\/\/ironsky.pl\/sklep\/wp-content\/uploads\/2025\/10\/54114_3.jpg","width":800,"height":800},{"@type":"BreadcrumbList","@id":"https:\/\/ironsky.pl\/sklep\/produkt\/skaner-3d-revopoint-metrox-advanced-2\/#breadcrumb","itemListElement":[{"@type":"ListItem","position":1,"name":"Strona g\u0142\u00f3wna","item":"https:\/\/ironsky.pl\/sklep\/"},{"@type":"ListItem","position":2,"name":"Wszystkie produkty","item":"https:\/\/ironsky.pl\/sklep\/produkty\/"},{"@type":"ListItem","position":3,"name":"Skaner 3D Revopoint Metrox advanced"}]},{"@type":"WebSite","@id":"https:\/\/ironsky.pl\/sklep\/#website","url":"https:\/\/ironsky.pl\/sklep\/","name":"IRONSKY.PL Sklep z Dronami","description":"IRONSKY.PL Sklep z Dronami","potentialAction":[{"@type":"SearchAction","target":{"@type":"EntryPoint","urlTemplate":"https:\/\/ironsky.pl\/sklep\/?s={search_term_string}"},"query-input":{"@type":"PropertyValueSpecification","valueRequired":true,"valueName":"search_term_string"}}],"inLanguage":"pl-PL"}]}},"_links":{"self":[{"href":"https:\/\/ironsky.pl\/sklep\/wp-json\/wp\/v2\/product\/60745","targetHints":{"allow":["GET"]}}],"collection":[{"href":"https:\/\/ironsky.pl\/sklep\/wp-json\/wp\/v2\/product"}],"about":[{"href":"https:\/\/ironsky.pl\/sklep\/wp-json\/wp\/v2\/types\/product"}],"replies":[{"embeddable":true,"href":"https:\/\/ironsky.pl\/sklep\/wp-json\/wp\/v2\/comments?post=60745"}],"wp:featuredmedia":[{"embeddable":true,"href":"https:\/\/ironsky.pl\/sklep\/wp-json\/wp\/v2\/media\/49628"}],"wp:attachment":[{"href":"https:\/\/ironsky.pl\/sklep\/wp-json\/wp\/v2\/media?parent=60745"}],"wp:term":[{"taxonomy":"product_brand","embeddable":true,"href":"https:\/\/ironsky.pl\/sklep\/wp-json\/wp\/v2\/product_brand?post=60745"},{"taxonomy":"product_cat","embeddable":true,"href":"https:\/\/ironsky.pl\/sklep\/wp-json\/wp\/v2\/product_cat?post=60745"},{"taxonomy":"product_tag","embeddable":true,"href":"https:\/\/ironsky.pl\/sklep\/wp-json\/wp\/v2\/product_tag?post=60745"}],"curies":[{"name":"wp","href":"https:\/\/api.w.org\/{rel}","templated":true}]}}