{"id":60738,"date":"2026-04-15T11:06:57","date_gmt":"2026-04-15T09:06:57","guid":{"rendered":"https:\/\/ironsky.pl\/sklep\/produkt\/magazyn-energii-ecoflow-stream-ultra-384kwh-stream-ac\/"},"modified":"2026-04-15T11:07:16","modified_gmt":"2026-04-15T09:07:16","slug":"magazyn-energii-ecoflow-stream-ultra-384kwh-stream-ac","status":"publish","type":"product","link":"https:\/\/ironsky.pl\/sklep\/produkt\/magazyn-energii-ecoflow-stream-ultra-384kwh-stream-ac\/","title":{"rendered":"Magazyn energii ECOFLOW STREAM Ultra 3,84kWh + STREAM AC"},"content":{"rendered":"<h3>Zestaw EcoFlow Magazyn energii STREAM AC Pro + Magazyn energii z mikroinwerterem STREAM Ultra<\/h3>\n<p>Zestaw EcoFlow \u0142\u0105czy dwa inteligentne magazyny energii: STREAM AC Pro oraz STREAM Ultra, pozwalaj\u0105c w pe\u0142ni wykorzysta\u0107 energi\u0119 z paneli s\u0142onecznych, obni\u017cy\u0107 rachunki za pr\u0105d oraz zyska\u0107 niezale\u017cno\u015b\u0107 energetyczn\u0105. STREAM AC Pro dzia\u0142a jak inteligentny powerbank, a STREAM Ultra z wbudowanym mikroinwerterem maksymalizuje wykorzystanie energii z PV, zapewniaj\u0105c elastyczno\u015b\u0107 i wysok\u0105 efektywno\u015b\u0107 ca\u0142ego systemu. Zestaw zawiera tak\u017ce kabel EcoFlow Stream o d\u0142ugo\u015bci 55 cm, kt\u00f3ry pozwoli Ci po\u0142\u0105czy\u0107 oba urz\u0105dzenia.<\/p>\n<p>\n<img decoding=\"async\" src=\"https:\/\/assets.innpro.pl\/17508\/23168\/2.jpg\" border=\"0\" alt=\"Magazyn energii le\u017cy na balkonie z panelami fotowoltaicznymi pod\u0142\u0105czony do gniazda zasilania.\" \/>\n<\/p>\n<h3>STREAM AC Pro \u2013 inteligentne magazynowanie i zasilanie awaryjne<\/h3>\n<p>STREAM AC Pro wyposa\u017cono w akumulator o pojemno\u015bci 1,92 kWh, kt\u00f3ry pozwala zasila\u0107 urz\u0105dzenia domowe wtedy, gdy jest to potrzebne najbardziej \u2013 od o\u015bwietlenia i lod\u00f3wek po routery czy sprz\u0119ty biurowe. Dzi\u0119ki pracy w trybie Plug &amp; Play oraz pracy w trybie on-grid urz\u0105dzenie mo\u017ce oddawa\u0107 energi\u0119 do sieci, obni\u017caj\u0105c rachunki za pr\u0105d, a w razie awarii pe\u0142ni funkcj\u0119 zasilania awaryjnego. STREAM AC Pro dzia\u0142a niemal bezg\u0142o\u015bnie (poni\u017cej 30 dB), jest odporny na py\u0142 i zachlapania (IP65), a dzi\u0119ki funkcji samoogrzewania mo\u017ce \u0142adowa\u0107 si\u0119 nawet w niskich temperaturach.<\/p>\n<p>\n<img decoding=\"async\" src=\"https:\/\/assets.innpro.pl\/17508\/23168\/3.jpg\" border=\"0\" alt=\"Inteligentny magazyn energii stoi na pod\u0142odze pod\u0142\u0105czony do gniazda zasilania. Obok wida\u0107 \u0142\u00f3\u017cko.\" \/>\n<\/p>\n<h3>STREAM Ultra \u2013 wydajne magazynowanie energii z mikroinwerterem<\/h3>\n<p>STREAM Ultra to zaawansowany magazyn energii z mikroinwerterem i czterema niezale\u017cnymi wej\u015bciami MPPT, umo\u017cliwiaj\u0105cy pod\u0142\u0105czenie paneli o \u0142\u0105cznej mocy do 2000 W. Wyposa\u017cony w akumulator LiFePO\u2084 o pojemno\u015bci 2 kWh i \u017cywotno\u015bci ponad 6000 cykli, zapewnia wieloletni\u0105, bezawaryjn\u0105 prac\u0119. Dzi\u0119ki cichej pracy bez wentylator\u00f3w oraz obudowie IP65 STREAM Ultra sprawdzi si\u0119 zar\u00f3wno wewn\u0105trz, jak i na zewn\u0105trz budynk\u00f3w, gwarantuj\u0105c stabilne dzia\u0142anie nawet w trudnych warunkach atmosferycznych i przy du\u017cych obci\u0105\u017ceniach.<\/p>\n<p>\n<img decoding=\"async\" src=\"https:\/\/assets.innpro.pl\/17508\/23168\/1.jpg\" border=\"0\" alt=\"Magazyn energii stoi na pod\u0142odze pod\u0142\u0105czony do gniazda zasilania. Obok widoczna jest lod\u00f3wka.\" \/>\n<\/p>\n<h3>Zarz\u0105dzaj energi\u0105 z dowolnego miejsca<\/h3>\n<p>Oba urz\u0105dzenia obs\u0142uguj\u0105 zdalne sterowanie przez aplikacj\u0119 EcoFlow dzi\u0119ki Wi-Fi i Bluetooth. Mo\u017cesz na bie\u017c\u0105co sprawdza\u0107 dane o zu\u017cyciu energii, ustawia\u0107 harmonogramy \u0142adowania i korzysta\u0107 z inteligentnych funkcji optymalizuj\u0105cych zu\u017cycie energii, co pozwala lepiej zarz\u0105dza\u0107 domowym bud\u017cetem i zwi\u0119kszy\u0107 efektywno\u015b\u0107 instalacji.<\/p>\n<p>\n<img decoding=\"async\" src=\"https:\/\/assets.innpro.pl\/17508\/23168\/4.jpg\" border=\"0\" alt=\"Magazyn energii stoi na drewnianej pod\u0142odze pod\u0142\u0105czony do gniazdka.\" \/>\n<\/p>\n<h3>Praca w niemal ka\u017cdych warunkach<\/h3>\n<p>Zestaw EcoFlow STREAM AC Pro + STREAM Ultra dzia\u0142a w szerokim zakresie temperatur (-20\u00b0C do 55\u00b0C) oraz przy wysokiej wilgotno\u015bci powietrza, a mobilno\u015b\u0107 (waga STREAM AC Pro: 21,5 kg, STREAM Ultra: 23,1 kg) u\u0142atwiaj\u0105 instalacj\u0119 i dostosowanie do r\u00f3\u017cnych lokalizacji \u2013 od dom\u00f3w jednorodzinnych po domki letniskowe czy kampery.<\/p>\n<p>\n<img decoding=\"async\" src=\"https:\/\/assets.innpro.pl\/17508\/23168\/2 (3).jpg\" border=\"0\" alt=\"Balkon z panelami fotowoltaicznymi. Obok stoi pod\u0142\u0105czony do mikroinwertera magazyn energii.\" \/>\n<\/p>\n<h3>W zestawie<\/h3>\n<ul class=\"list-disc pl-5\">\n<li>Magazyn energii EcoFlow STREAM AC Pro (1,92 kWh)<\/li>\n<li>Smart magazyn energii z mikroinwerterem 2w1 EcoFlow STREAM Ultra<\/li>\n<li>Kabel \u0142\u0105cz\u0105cy EcoFlow STREAM 55cm<\/li>\n<\/ul>\n<div class=\"table-wrapper\">\n<p>\u00a0<\/p>\n<h3>Magazyn energii EcoFlow STREAM AC Pro (1,92 kWh)<\/h3>\n<table>\n<tbody>\n<tr>\n<th>Producent <\/th>\n<td>EcoFlow<\/td>\n<\/tr>\n<tr>\n<th>Model <\/th>\n<td>Stream AC Pro<\/td>\n<\/tr>\n<tr>\n<th>Pojemno\u015b\u0107 akumulatora <\/th>\n<td>1,92 kWh<\/td>\n<\/tr>\n<tr>\n<th>Cykl \u017cycia <\/th>\n<td>6000 cykli do 70% pojemno\u015bci<\/td>\n<\/tr>\n<tr>\n<th>Wej\u015bcie AC <\/th>\n<td>1050 W<\/td>\n<\/tr>\n<tr>\n<th>Moc wyj\u015bciowa <\/th>\n<td>AC 1200 W<\/td>\n<\/tr>\n<tr>\n<th>MPPT <\/th>\n<td>\u2013<\/td>\n<\/tr>\n<tr>\n<th>Wyj\u015bcie AC do sieci (Tryb on-grid) <\/th>\n<td>800 W<\/td>\n<\/tr>\n<tr>\n<th>Pr\u0105d \u0142adowania <\/th>\n<td>AC 10 A<\/td>\n<\/tr>\n<tr>\n<th>Maksymalna moc obs\u0142ugiwanych urz\u0105dze\u0144 (Wyj\u015bcie bypass) <\/th>\n<td>2300 W (10 A)<\/td>\n<\/tr>\n<tr>\n<th>Zakres temperatury pracy <\/th>\n<td>-20\u00b0C do 55\u00b0C<\/td>\n<\/tr>\n<tr>\n<th>Samoogrzewanie baterii <\/th>\n<td>Aktywacja \u0142adowania przy niskiej temperaturze (\u22645\u00b0C)<\/td>\n<\/tr>\n<tr>\n<th>\u0141\u0105czno\u015b\u0107 <\/th>\n<td>Wi-Fi \/ Bluetooth<\/td>\n<\/tr>\n<tr>\n<th>Stopie\u0144 ochrony (IP) <\/th>\n<td>IP65<\/td>\n<\/tr>\n<tr>\n<th>Waga<\/th>\n<td>21,5 kg<\/td>\n<\/tr>\n<tr>\n<th>Wymiary <\/th>\n<td>255 mm \u00d7 254 mm \u00d7 458 mm<\/td>\n<\/tr>\n<tr>\n<th>Poziom ha\u0142asu <\/th>\n<td>&lt;30 dB<\/td>\n<\/tr>\n<tr>\n<th>Gwarancja <\/th>\n<td>10 lat<\/td>\n<\/tr>\n<\/tbody>\n<\/table>\n<p>\u00a0<\/p>\n<h3>Smart magazyn energii z mikroinwerterem 2w1 EcoFlow STREAM Ultra<\/h3>\n<table>\n<tbody>\n<tr>\n<th>Og\u00f3lne<\/th>\n<\/tr>\n<tr>\n<th>Producent <\/th>\n<td>EcoFlow<\/td>\n<\/tr>\n<tr>\n<th>Model<\/th>\n<td>STREAM Ultra<\/td>\n<\/tr>\n<tr>\n<th>Wymiary <\/th>\n<td>255 \u00d7 284 \u00d7 458 mm<\/td>\n<\/tr>\n<tr>\n<th>Waga <\/th>\n<td>23,1 kg<\/td>\n<\/tr>\n<tr>\n<th>Typologia <\/th>\n<td>Izolowany<\/td>\n<\/tr>\n<tr>\n<th>Klasa szczelno\u015bci (IP) <\/th>\n<td>IP65<\/td>\n<\/tr>\n<tr>\n<th>Kategoria zanieczyszczenia <\/th>\n<td>PD3<\/td>\n<\/tr>\n<tr>\n<th>Kategoria przepi\u0119ciowa (OVC) <\/th>\n<td>DC: II, AC: III<\/td>\n<\/tr>\n<tr>\n<th>Zastosowanie <\/th>\n<td>Na zewn\u0105trz \/ wewn\u0105trz<\/td>\n<\/tr>\n<tr>\n<th>Spos\u00f3b ch\u0142odzenia <\/th>\n<td>Naturalna konwekcja (bez wentylator\u00f3w)<\/td>\n<\/tr>\n<tr>\n<th>Akumulator<\/th>\n<\/tr>\n<tr>\n<th>Pojemno\u015b\u0107 znamionowa <\/th>\n<td>2 kWh<\/td>\n<\/tr>\n<tr>\n<th>Napi\u0119cie znamionowe <\/th>\n<td>19,2 V<\/td>\n<\/tr>\n<tr>\n<th>Liczba cykli <\/th>\n<td>6000+<\/td>\n<\/tr>\n<tr>\n<th>Typ ogniwa <\/th>\n<td>LFP (litowo-\u017celazowo-fosforanowe)<\/td>\n<\/tr>\n<tr>\n<th>Wej\u015bcie PV (DC)<\/th>\n<\/tr>\n<tr>\n<th>Liczba MPPT <\/th>\n<td>4<\/td>\n<\/tr>\n<tr>\n<th>Zakres napi\u0119cia MPPT <\/th>\n<td>15 V\u201360 V<\/td>\n<\/tr>\n<tr>\n<th>Maks. moc wej\u015bciowa <\/th>\n<td>2000 W (500 W na MPPT)<\/td>\n<\/tr>\n<tr>\n<th>Maks. napi\u0119cie wej\u015bciowe <\/th>\n<td>60 V<\/td>\n<\/tr>\n<tr>\n<th>Maks. pr\u0105d wej\u015bciowy <\/th>\n<td>14 A<\/td>\n<\/tr>\n<tr>\n<th>Maks. pr\u0105d zwarciowy wej\u015bcia <\/th>\n<td>20 A<\/td>\n<\/tr>\n<tr>\n<th>Wyj\u015bcie sieciowe (AC Grid Terminal)<\/th>\n<\/tr>\n<tr>\n<th>Napi\u0119cie i cz\u0119stotliwo\u015b\u0107 <\/th>\n<td>230 V~, 50 Hz<\/td>\n<\/tr>\n<tr>\n<th>Moc znamionowa <\/th>\n<td>800 W<\/td>\n<\/tr>\n<tr>\n<th>Pr\u0105d znamionowy <\/th>\n<td>3,48 A<\/td>\n<\/tr>\n<tr>\n<th>Maks. pr\u0105d wej\u015bciowy <\/th>\n<td>10 A<\/td>\n<\/tr>\n<tr>\n<th>Maks. moc wej\u015bciowa <\/th>\n<td>2300 W<\/td>\n<\/tr>\n<tr>\n<th>Wsp\u00f3\u0142czynnik mocy <\/th>\n<td>1 (0,8 do -0,8)<\/td>\n<\/tr>\n<tr>\n<th>Wyj\u015bcie AC<\/th>\n<\/tr>\n<tr>\n<th>Napi\u0119cie i cz\u0119stotliwo\u015b\u0107 <\/th>\n<td>230 V~, 50 Hz<\/td>\n<\/tr>\n<tr>\n<th>Maks. moc wyj\u015bciowa <\/th>\n<td>1200 W<\/td>\n<\/tr>\n<tr>\n<th>Pr\u0105d znamionowy wyj\u015bciowy <\/th>\n<td>5,22 A<\/td>\n<\/tr>\n<tr>\n<th>Maks. pr\u0105d wyj\u015bciowy (tryb bypass) <\/th>\n<td>10 A<\/td>\n<\/tr>\n<tr>\n<th>Maks. moc wej\u015bciowa <\/th>\n<td>800 W<\/td>\n<\/tr>\n<tr>\n<th>Maks. pr\u0105d wej\u015bciowy <\/th>\n<td>3,48 A<\/td>\n<\/tr>\n<tr>\n<th>Wsp\u00f3\u0142czynnik mocy <\/th>\n<td>1 (0,8 do -0,8)<\/td>\n<\/tr>\n<tr>\n<th>Wyj\u015bcie r\u00f3wnoleg\u0142e (AC Parallel Terminal)<\/th>\n<\/tr>\n<tr>\n<th>Napi\u0119cie i cz\u0119stotliwo\u015b\u0107 <\/th>\n<td>230 V~, 50 Hz<\/td>\n<\/tr>\n<tr>\n<th>Maks. moc wyj\u015bciowa <\/th>\n<td>2300 W<\/td>\n<\/tr>\n<tr>\n<th>Maks. pr\u0105d wyj\u015bciowy <\/th>\n<td>10 A<\/td>\n<\/tr>\n<tr>\n<th>Maks. pr\u0105d wej\u015bciowy <\/th>\n<td>10 A<\/td>\n<\/tr>\n<tr>\n<th>Maks. moc wej\u015bciowa <\/th>\n<td>2300 W<\/td>\n<\/tr>\n<tr>\n<th>Wsp\u00f3\u0142czynnik mocy <\/th>\n<td>1 (0,8 do -0,8)<\/td>\n<\/tr>\n<tr>\n<th>\u015arodowisko pracy<\/th>\n<\/tr>\n<tr>\n<th>Wysoko\u015b\u0107 pracy <\/th>\n<td>\u2264 4000 m n.p.m.<\/td>\n<\/tr>\n<tr>\n<th>Temperatura pracy <\/th>\n<td>-20\u00b0C do 55\u00b0C<\/td>\n<\/tr>\n<tr>\n<th>Temperatura przechowywania <\/th>\n<td>-20\u00b0C do 55\u00b0C<\/td>\n<\/tr>\n<tr>\n<th>Wilgotno\u015b\u0107 wzgl\u0119dna <\/th>\n<td>5%\u201395%<\/td>\n<\/tr>\n<tr>\n<th>Funkcje i \u0142\u0105czno\u015b\u0107<\/th>\n<\/tr>\n<tr>\n<th>\u0141\u0105czno\u015b\u0107 <\/th>\n<td>WLAN, Bluetooth<\/td>\n<\/tr>\n<tr>\n<th>Zarz\u0105dzanie <\/th>\n<td>Aplikacja EcoFlow<\/td>\n<\/tr>\n<\/tbody>\n<\/table>\n<p>\u00a0<\/p>\n<h3>Kabel \u0142\u0105cz\u0105cy EcoFlow STREAM 55cm<\/h3>\n<table>\n<tbody>\n<tr>\n<th>Producent <\/th>\n<td>EcoFlow<\/td>\n<\/tr>\n<tr>\n<th>Nazwa <\/th>\n<td>EcoFlow STREAM Parallel Cable<\/td>\n<\/tr>\n<tr>\n<th>D\u0142ugo\u015b\u0107 <\/th>\n<td>55 cm<\/td>\n<\/tr>\n<\/tbody>\n<\/table>\n<\/div>\n","protected":false},"excerpt":{"rendered":"<p>Zestaw EcoFlow Magazyn energii STREAM AC Pro + Magazyn energii z mikroinwerterem STREAM Ultra Zestaw EcoFlow \u0142\u0105czy dwa inteligentne magazyny<\/p>\n","protected":false},"featured_media":49584,"comment_status":"closed","ping_status":"open","template":"","meta":{"_acf_changed":false},"product_brand":[],"product_cat":[1108,1110,6235],"product_tag":[],"class_list":{"0":"post-60738","1":"product","2":"type-product","3":"status-publish","4":"has-post-thumbnail","6":"product_cat-energia","7":"product_cat-panele-fotowoltaiczne","8":"product_cat-systemy-balkonowe","9":"pa_120-m-5776","10":"pa_producent-ecoflow","12":"first","13":"outofstock","14":"taxable","15":"shipping-taxable","16":"purchasable","17":"product-type-simple"},"acf":[],"yoast_head":"<!-- This site is optimized with the Yoast SEO plugin v27.2 - https:\/\/yoast.com\/product\/yoast-seo-wordpress\/ -->\n<title>Magazyn energii ECOFLOW STREAM Ultra 3,84kWh + STREAM AC - IRONSKY.PL Sklep z Dronami<\/title>\n<meta name=\"description\" content=\"Magazyn energii ECOFLOW STREAM Ultra 3,84kWh + STREAM AC - \u2705 sklep z dronami i fachowym doradztwem. \u2705 Tutaj kupisz produkty DJI, Yuneec, Parrot, Syma i wiele innych, a tak\u017ce kursy i licencje na operatora drona.\" \/>\n<meta name=\"robots\" content=\"index, follow, max-snippet:-1, max-image-preview:large, max-video-preview:-1\" \/>\n<link rel=\"canonical\" href=\"https:\/\/ironsky.pl\/sklep\/produkt\/magazyn-energii-ecoflow-stream-ultra-384kwh-stream-ac\/\" \/>\n<meta property=\"og:locale\" content=\"pl_PL\" \/>\n<meta property=\"og:type\" content=\"article\" \/>\n<meta property=\"og:title\" content=\"Magazyn energii ECOFLOW STREAM Ultra 3,84kWh + STREAM AC - IRONSKY.PL Sklep z Dronami\" \/>\n<meta property=\"og:description\" content=\"Magazyn energii ECOFLOW STREAM Ultra 3,84kWh + STREAM AC - \u2705 sklep z dronami i fachowym doradztwem. \u2705 Tutaj kupisz produkty DJI, Yuneec, Parrot, Syma i wiele innych, a tak\u017ce kursy i licencje na operatora drona.\" \/>\n<meta property=\"og:url\" content=\"https:\/\/ironsky.pl\/sklep\/produkt\/magazyn-energii-ecoflow-stream-ultra-384kwh-stream-ac\/\" \/>\n<meta property=\"og:site_name\" content=\"IRONSKY.PL Sklep z Dronami\" \/>\n<meta property=\"article:modified_time\" content=\"2026-04-15T09:07:16+00:00\" \/>\n<meta property=\"og:image\" content=\"https:\/\/ironsky.pl\/sklep\/wp-content\/uploads\/2025\/10\/54097_1.jpg\" \/>\n\t<meta property=\"og:image:width\" content=\"800\" \/>\n\t<meta property=\"og:image:height\" content=\"800\" \/>\n\t<meta property=\"og:image:type\" content=\"image\/jpeg\" \/>\n<meta name=\"twitter:card\" content=\"summary_large_image\" \/>\n<meta name=\"twitter:label1\" content=\"Szacowany czas czytania\" \/>\n\t<meta name=\"twitter:data1\" content=\"4 minuty\" \/>\n<script type=\"application\/ld+json\" class=\"yoast-schema-graph\">{\"@context\":\"https:\/\/schema.org\",\"@graph\":[{\"@type\":\"WebPage\",\"@id\":\"https:\/\/ironsky.pl\/sklep\/produkt\/magazyn-energii-ecoflow-stream-ultra-384kwh-stream-ac\/\",\"url\":\"https:\/\/ironsky.pl\/sklep\/produkt\/magazyn-energii-ecoflow-stream-ultra-384kwh-stream-ac\/\",\"name\":\"Magazyn energii ECOFLOW STREAM Ultra 3,84kWh + STREAM AC - IRONSKY.PL Sklep z Dronami\",\"isPartOf\":{\"@id\":\"https:\/\/ironsky.pl\/sklep\/#website\"},\"primaryImageOfPage\":{\"@id\":\"https:\/\/ironsky.pl\/sklep\/produkt\/magazyn-energii-ecoflow-stream-ultra-384kwh-stream-ac\/#primaryimage\"},\"image\":{\"@id\":\"https:\/\/ironsky.pl\/sklep\/produkt\/magazyn-energii-ecoflow-stream-ultra-384kwh-stream-ac\/#primaryimage\"},\"thumbnailUrl\":\"https:\/\/ironsky.pl\/sklep\/wp-content\/uploads\/2025\/10\/54097_1.jpg\",\"datePublished\":\"2026-04-15T09:06:57+00:00\",\"dateModified\":\"2026-04-15T09:07:16+00:00\",\"description\":\"Magazyn energii ECOFLOW STREAM Ultra 3,84kWh + STREAM AC - \u2705 sklep z dronami i fachowym doradztwem. \u2705 Tutaj kupisz produkty DJI, Yuneec, Parrot, Syma i wiele innych, a tak\u017ce kursy i licencje na operatora drona.\",\"breadcrumb\":{\"@id\":\"https:\/\/ironsky.pl\/sklep\/produkt\/magazyn-energii-ecoflow-stream-ultra-384kwh-stream-ac\/#breadcrumb\"},\"inLanguage\":\"pl-PL\",\"potentialAction\":[{\"@type\":\"ReadAction\",\"target\":[\"https:\/\/ironsky.pl\/sklep\/produkt\/magazyn-energii-ecoflow-stream-ultra-384kwh-stream-ac\/\"]}]},{\"@type\":\"ImageObject\",\"inLanguage\":\"pl-PL\",\"@id\":\"https:\/\/ironsky.pl\/sklep\/produkt\/magazyn-energii-ecoflow-stream-ultra-384kwh-stream-ac\/#primaryimage\",\"url\":\"https:\/\/ironsky.pl\/sklep\/wp-content\/uploads\/2025\/10\/54097_1.jpg\",\"contentUrl\":\"https:\/\/ironsky.pl\/sklep\/wp-content\/uploads\/2025\/10\/54097_1.jpg\",\"width\":800,\"height\":800},{\"@type\":\"BreadcrumbList\",\"@id\":\"https:\/\/ironsky.pl\/sklep\/produkt\/magazyn-energii-ecoflow-stream-ultra-384kwh-stream-ac\/#breadcrumb\",\"itemListElement\":[{\"@type\":\"ListItem\",\"position\":1,\"name\":\"Strona g\u0142\u00f3wna\",\"item\":\"https:\/\/ironsky.pl\/sklep\/\"},{\"@type\":\"ListItem\",\"position\":2,\"name\":\"Wszystkie produkty\",\"item\":\"https:\/\/ironsky.pl\/sklep\/produkty\/\"},{\"@type\":\"ListItem\",\"position\":3,\"name\":\"Magazyn energii ECOFLOW STREAM Ultra 3,84kWh + STREAM AC\"}]},{\"@type\":\"WebSite\",\"@id\":\"https:\/\/ironsky.pl\/sklep\/#website\",\"url\":\"https:\/\/ironsky.pl\/sklep\/\",\"name\":\"IRONSKY.PL Sklep z Dronami\",\"description\":\"IRONSKY.PL Sklep z Dronami\",\"potentialAction\":[{\"@type\":\"SearchAction\",\"target\":{\"@type\":\"EntryPoint\",\"urlTemplate\":\"https:\/\/ironsky.pl\/sklep\/?s={search_term_string}\"},\"query-input\":{\"@type\":\"PropertyValueSpecification\",\"valueRequired\":true,\"valueName\":\"search_term_string\"}}],\"inLanguage\":\"pl-PL\"}]}<\/script>\n<!-- \/ Yoast SEO plugin. -->","yoast_head_json":{"title":"Magazyn energii ECOFLOW STREAM Ultra 3,84kWh + STREAM AC - IRONSKY.PL Sklep z Dronami","description":"Magazyn energii ECOFLOW STREAM Ultra 3,84kWh + STREAM AC - \u2705 sklep z dronami i fachowym doradztwem. \u2705 Tutaj kupisz produkty DJI, Yuneec, Parrot, Syma i wiele innych, a tak\u017ce kursy i licencje na operatora drona.","robots":{"index":"index","follow":"follow","max-snippet":"max-snippet:-1","max-image-preview":"max-image-preview:large","max-video-preview":"max-video-preview:-1"},"canonical":"https:\/\/ironsky.pl\/sklep\/produkt\/magazyn-energii-ecoflow-stream-ultra-384kwh-stream-ac\/","og_locale":"pl_PL","og_type":"article","og_title":"Magazyn energii ECOFLOW STREAM Ultra 3,84kWh + STREAM AC - IRONSKY.PL Sklep z Dronami","og_description":"Magazyn energii ECOFLOW STREAM Ultra 3,84kWh + STREAM AC - \u2705 sklep z dronami i fachowym doradztwem. \u2705 Tutaj kupisz produkty DJI, Yuneec, Parrot, Syma i wiele innych, a tak\u017ce kursy i licencje na operatora drona.","og_url":"https:\/\/ironsky.pl\/sklep\/produkt\/magazyn-energii-ecoflow-stream-ultra-384kwh-stream-ac\/","og_site_name":"IRONSKY.PL Sklep z Dronami","article_modified_time":"2026-04-15T09:07:16+00:00","og_image":[{"width":800,"height":800,"url":"https:\/\/ironsky.pl\/sklep\/wp-content\/uploads\/2025\/10\/54097_1.jpg","type":"image\/jpeg"}],"twitter_card":"summary_large_image","twitter_misc":{"Szacowany czas czytania":"4 minuty"},"schema":{"@context":"https:\/\/schema.org","@graph":[{"@type":"WebPage","@id":"https:\/\/ironsky.pl\/sklep\/produkt\/magazyn-energii-ecoflow-stream-ultra-384kwh-stream-ac\/","url":"https:\/\/ironsky.pl\/sklep\/produkt\/magazyn-energii-ecoflow-stream-ultra-384kwh-stream-ac\/","name":"Magazyn energii ECOFLOW STREAM Ultra 3,84kWh + STREAM AC - IRONSKY.PL Sklep z Dronami","isPartOf":{"@id":"https:\/\/ironsky.pl\/sklep\/#website"},"primaryImageOfPage":{"@id":"https:\/\/ironsky.pl\/sklep\/produkt\/magazyn-energii-ecoflow-stream-ultra-384kwh-stream-ac\/#primaryimage"},"image":{"@id":"https:\/\/ironsky.pl\/sklep\/produkt\/magazyn-energii-ecoflow-stream-ultra-384kwh-stream-ac\/#primaryimage"},"thumbnailUrl":"https:\/\/ironsky.pl\/sklep\/wp-content\/uploads\/2025\/10\/54097_1.jpg","datePublished":"2026-04-15T09:06:57+00:00","dateModified":"2026-04-15T09:07:16+00:00","description":"Magazyn energii ECOFLOW STREAM Ultra 3,84kWh + STREAM AC - \u2705 sklep z dronami i fachowym doradztwem. \u2705 Tutaj kupisz produkty DJI, Yuneec, Parrot, Syma i wiele innych, a tak\u017ce kursy i licencje na operatora drona.","breadcrumb":{"@id":"https:\/\/ironsky.pl\/sklep\/produkt\/magazyn-energii-ecoflow-stream-ultra-384kwh-stream-ac\/#breadcrumb"},"inLanguage":"pl-PL","potentialAction":[{"@type":"ReadAction","target":["https:\/\/ironsky.pl\/sklep\/produkt\/magazyn-energii-ecoflow-stream-ultra-384kwh-stream-ac\/"]}]},{"@type":"ImageObject","inLanguage":"pl-PL","@id":"https:\/\/ironsky.pl\/sklep\/produkt\/magazyn-energii-ecoflow-stream-ultra-384kwh-stream-ac\/#primaryimage","url":"https:\/\/ironsky.pl\/sklep\/wp-content\/uploads\/2025\/10\/54097_1.jpg","contentUrl":"https:\/\/ironsky.pl\/sklep\/wp-content\/uploads\/2025\/10\/54097_1.jpg","width":800,"height":800},{"@type":"BreadcrumbList","@id":"https:\/\/ironsky.pl\/sklep\/produkt\/magazyn-energii-ecoflow-stream-ultra-384kwh-stream-ac\/#breadcrumb","itemListElement":[{"@type":"ListItem","position":1,"name":"Strona g\u0142\u00f3wna","item":"https:\/\/ironsky.pl\/sklep\/"},{"@type":"ListItem","position":2,"name":"Wszystkie produkty","item":"https:\/\/ironsky.pl\/sklep\/produkty\/"},{"@type":"ListItem","position":3,"name":"Magazyn energii ECOFLOW STREAM Ultra 3,84kWh + STREAM AC"}]},{"@type":"WebSite","@id":"https:\/\/ironsky.pl\/sklep\/#website","url":"https:\/\/ironsky.pl\/sklep\/","name":"IRONSKY.PL Sklep z Dronami","description":"IRONSKY.PL Sklep z Dronami","potentialAction":[{"@type":"SearchAction","target":{"@type":"EntryPoint","urlTemplate":"https:\/\/ironsky.pl\/sklep\/?s={search_term_string}"},"query-input":{"@type":"PropertyValueSpecification","valueRequired":true,"valueName":"search_term_string"}}],"inLanguage":"pl-PL"}]}},"_links":{"self":[{"href":"https:\/\/ironsky.pl\/sklep\/wp-json\/wp\/v2\/product\/60738","targetHints":{"allow":["GET"]}}],"collection":[{"href":"https:\/\/ironsky.pl\/sklep\/wp-json\/wp\/v2\/product"}],"about":[{"href":"https:\/\/ironsky.pl\/sklep\/wp-json\/wp\/v2\/types\/product"}],"replies":[{"embeddable":true,"href":"https:\/\/ironsky.pl\/sklep\/wp-json\/wp\/v2\/comments?post=60738"}],"wp:featuredmedia":[{"embeddable":true,"href":"https:\/\/ironsky.pl\/sklep\/wp-json\/wp\/v2\/media\/49584"}],"wp:attachment":[{"href":"https:\/\/ironsky.pl\/sklep\/wp-json\/wp\/v2\/media?parent=60738"}],"wp:term":[{"taxonomy":"product_brand","embeddable":true,"href":"https:\/\/ironsky.pl\/sklep\/wp-json\/wp\/v2\/product_brand?post=60738"},{"taxonomy":"product_cat","embeddable":true,"href":"https:\/\/ironsky.pl\/sklep\/wp-json\/wp\/v2\/product_cat?post=60738"},{"taxonomy":"product_tag","embeddable":true,"href":"https:\/\/ironsky.pl\/sklep\/wp-json\/wp\/v2\/product_tag?post=60738"}],"curies":[{"name":"wp","href":"https:\/\/api.w.org\/{rel}","templated":true}]}}