{"id":60737,"date":"2026-04-15T11:06:57","date_gmt":"2026-04-15T09:06:57","guid":{"rendered":"https:\/\/ironsky.pl\/sklep\/produkt\/magazyn-energii-ecoflow-stream-ac-pro-1-92kwh-2-szt\/"},"modified":"2026-04-15T11:07:15","modified_gmt":"2026-04-15T09:07:15","slug":"magazyn-energii-ecoflow-stream-ac-pro-1-92kwh-2-szt","status":"publish","type":"product","link":"https:\/\/ironsky.pl\/sklep\/produkt\/magazyn-energii-ecoflow-stream-ac-pro-1-92kwh-2-szt\/","title":{"rendered":"Magazyn energii ECOFLOW STREAM AC Pro 1.92kWh 2 szt."},"content":{"rendered":"<h3>Zestaw 2x Magazyn energii EcoFlow STREAM AC Pro (1,92 kWh)<\/h3>\n<p>EcoFlow STREAM AC Pro to kompaktowy magazyn energii dla nowego mikroinwertera STREAM, kt\u00f3ry ma w sobie przetwornic\u0119 i 2 klasyczne gniazdka AC 230V. Dzi\u0119ki temu pozwala zasila\u0107 domowe urz\u0105dzenia zar\u00f3wno w dzie\u0144, jak i w nocy. Dla os\u00f3b szukaj\u0105cych rozwi\u0105za\u0144 kompleksowych dost\u0119pne s\u0105 urz\u0105dzenia all-in-one: EcoFlow STREAM Pro z trzema wej\u015bciami MPPT (do 1500 W z PV) oraz EcoFlow STREAM Ultra, kt\u00f3ra oferuje jeszcze wi\u0119ksz\u0105 elastyczno\u015b\u0107 \u2013 a\u017c cztery kana\u0142y MPPT i mo\u017cliwo\u015b\u0107 pod\u0142\u0105czenia paneli o \u0142\u0105cznej mocy do 2000 W. Opakowanie zawiera 2 sztuki produktu.<\/p>\n<p>\n<img decoding=\"async\" src=\"https:\/\/assets.innpro.pl\/15021\/18803\/2.jpg\" border=\"0\" alt=\"Zdj\u0119cie przedstawia magazyn energii le\u017c\u0105cy na pod\u0142odze w kuchni.\" \/>\n<\/p>\n<h3>Wbudowany akumulator \u2013 zasilanie wtedy, gdy go potrzebujesz<\/h3>\n<p>STREAM AC Pro wyposa\u017cono w akumulator o pojemno\u015bci 1,92 kWh, kt\u00f3ry umo\u017cliwia zasilanie r\u00f3\u017cnych urz\u0105dze\u0144 domowych \u2013 od router\u00f3w i komputer\u00f3w po lod\u00f3wki i o\u015bwietlenie. Akumulator wyr\u00f3\u017cnia si\u0119 wysok\u0105 trwa\u0142o\u015bci\u0105: zachowuje 70% pojemno\u015bci nawet po 6000 cyklach \u0142adowania. Dzi\u0119ki funkcji samoogrzewania urz\u0105dzenie mo\u017ce si\u0119 \u0142adowa\u0107 nawet w ch\u0142odnych warunkach \u2013 mechanizm aktywuje si\u0119 automatycznie przy temperaturze 5\u00b0C lub ni\u017cszej.<\/p>\n<p>\n<img decoding=\"async\" src=\"https:\/\/assets.innpro.pl\/15021\/18803\/5.jpg\" border=\"0\" alt=\"Na zdj\u0119ciu widoczny jest magazyn energii na szarym tle.\" \/>\n<\/p>\n<h3>Praca w trybie on-grid i zasilanie awaryjne<\/h3>\n<p>Urz\u0105dzenie mo\u017ce oddawa\u0107 energi\u0119 do sieci z maksymaln\u0105 moc\u0105 800 W (AC Grid-Tied), wspomagaj\u0105c bie\u017c\u0105ce zu\u017cycie w domu. Gdy potrzebujesz energii natychmiast, STREAM AC Pro mo\u017ce zasila\u0107 urz\u0105dzenia z moc\u0105 do 1200 W bezpo\u015brednio z akumulatora. Je\u015bli si\u0119 roz\u0142aduje, system automatycznie prze\u0142\u0105cza si\u0119 na tryb bypass, umo\u017cliwiaj\u0105c zasilanie sprz\u0119t\u00f3w bezpo\u015brednio z sieci \u2013 z moc\u0105 do 2300 W (10 A). Taki uk\u0142ad gwarantuje stabilne dzia\u0142anie systemu nawet przy wi\u0119kszym zapotrzebowaniu na energi\u0119 lub podczas pracy kilku urz\u0105dze\u0144 jednocze\u015bnie.<\/p>\n<p>\n<img decoding=\"async\" src=\"https:\/\/assets.innpro.pl\/15021\/18803\/3.jpg\" border=\"0\" alt=\"Magazyn energii le\u017cy na balkonie pod\u0142\u0105czony do gniazda zasilania i mikroinwertera. \" \/>\n<\/p>\n<h3>Prosta obs\u0142uga i monitorowanie przez aplikacj\u0119<\/h3>\n<p>Dzi\u0119ki \u0142\u0105czno\u015bci Wi-Fi i Bluetooth urz\u0105dzeniem mo\u017cna zarz\u0105dza\u0107 z poziomu aplikacji EcoFlow. Masz dost\u0119p do danych o zu\u017cyciu energii, mo\u017cesz konfigurowa\u0107 harmonogramy \u0142adowania, zdalnie w\u0142\u0105cza\u0107 i wy\u0142\u0105cza\u0107 urz\u0105dzenia oraz korzysta\u0107 z inteligentnych funkcji opartych na AI \u2013 dost\u0119pnych cz\u0119\u015bciowo w wersji premium.<\/p>\n<p>\n<img decoding=\"async\" src=\"https:\/\/assets.innpro.pl\/15021\/18803\/4.jpg\" border=\"0\" alt=\"Zdj\u0119cie przedstawia magazyn energii EcoFlow na szarym tle.\" \/>\n<\/p>\n<h3>Przystosowany do r\u00f3\u017cnych warunk\u00f3w<\/h3>\n<p>Obudowa STREAM AC Pro spe\u0142nia norm\u0119 IP65 \u2013 jest odporna na kurz i zachlapania, dzi\u0119ki czemu urz\u0105dzenie mo\u017cna bez obaw u\u017cytkowa\u0107 tak\u017ce na zewn\u0105trz. Zakres temperatury pracy wynosi od -20\u00b0C do 55\u00b0C, a poziom ha\u0142asu utrzymuje si\u0119 poni\u017cej 30 dB \u2013 urz\u0105dzenie dzia\u0142a niemal bezg\u0142o\u015bnie. Kompaktowa obudowa o wymiarach 255 \u00d7 254 \u00d7 458 mm i wadze 21,5 kg u\u0142atwia monta\u017c w r\u00f3\u017cnych lokalizacjach.<\/p>\n<p>\n<img decoding=\"async\" src=\"https:\/\/assets.innpro.pl\/15021\/18803\/1.jpg\" border=\"0\" alt=\"Magazyn energii le\u017cy na pod\u0142odze pod\u0142\u0105czony do gniazda zasilania. Po lewej stronie jest kwat w doniczce, a po prawej wida\u0107 \u0142\u00f3\u017cko.\" \/>\n<\/p>\n<div class=\"table-wrapper\">\n<p>\u00a0<\/p>\n<h3><\/h3>\n<table>\n<tbody>\n<tr>\n<th>Producent<\/th>\n<td>EcoFlow<\/td>\n<\/tr>\n<tr>\n<th>Model<\/th>\n<td>Stream AC Pro<\/td>\n<\/tr>\n<tr>\n<th>Pojemno\u015b\u0107 akumulatora <\/th>\n<td>1,92 kWh<\/td>\n<\/tr>\n<tr>\n<th>Cykl \u017cycia<\/th>\n<td>6000 cykli do 70% pojemno\u015bci<\/td>\n<\/tr>\n<tr>\n<th>Wej\u015bcie AC<\/th>\n<td>1050 W<\/td>\n<\/tr>\n<tr>\n<th>Moc wyj\u015bciowa AC<\/th>\n<td>1200 W<\/td>\n<\/tr>\n<tr>\n<th>MPPT<\/th>\n<td> \u2013<\/td>\n<\/tr>\n<tr>\n<th>Wyj\u015bcie AC do sieci (Tryb on-grid)<\/th>\n<td>800 W<\/td>\n<\/tr>\n<tr>\n<th>Pr\u0105d \u0142adowania AC<\/th>\n<td>10 A<\/td>\n<\/tr>\n<tr>\n<th>Maksymalna moc obs\u0142ugiwanych urz\u0105dze\u0144 (Wyj\u015bcie bypass)<\/th>\n<td>2300 W (10 A)<\/td>\n<\/tr>\n<tr>\n<th>Zakres temperatury pracy<\/th>\n<td>-20\u00b0C do 55\u00b0C<\/td>\n<\/tr>\n<tr>\n<th>Samoogrzewanie baterii<\/th>\n<td>Aktywacja \u0142adowania przy niskiej temperaturze (\u22645\u00b0C)<\/td>\n<\/tr>\n<tr>\n<th>\u0141\u0105czno\u015b\u0107<\/th>\n<td>Wi-Fi \/ Bluetooth<\/td>\n<\/tr>\n<tr>\n<th>Stopie\u0144 ochrony (IP)<\/th>\n<td>IP65<\/td>\n<\/tr>\n<tr>\n<th>Waga netto<\/th>\n<td>21,5 kg<\/td>\n<\/tr>\n<tr>\n<th>Wymiary<\/th>\n<td>255 mm \u00d7 254 mm \u00d7 458 mm<\/td>\n<\/tr>\n<tr>\n<th>Poziom ha\u0142asu<\/th>\n<td>&lt;30 dB<\/td>\n<\/tr>\n<tr>\n<th>Gwarancja<\/th>\n<td>10 lat<\/td>\n<\/tr>\n<tr>\n<th>Ilo\u015b\u0107 sztuk w zestawie<\/th>\n<td>2<\/td>\n<\/tr>\n<\/tbody>\n<\/table>\n<\/div>\n","protected":false},"excerpt":{"rendered":"<p>Zestaw 2x Magazyn energii EcoFlow STREAM AC Pro (1,92 kWh) EcoFlow STREAM AC Pro to kompaktowy magazyn energii dla nowego<\/p>\n","protected":false},"featured_media":49575,"comment_status":"closed","ping_status":"open","template":"","meta":{"_acf_changed":false},"product_brand":[],"product_cat":[1108,1110,6235],"product_tag":[],"class_list":{"0":"post-60737","1":"product","2":"type-product","3":"status-publish","4":"has-post-thumbnail","6":"product_cat-energia","7":"product_cat-panele-fotowoltaiczne","8":"product_cat-systemy-balkonowe","9":"pa_120-m-5776","10":"pa_producent-ecoflow","12":"first","13":"outofstock","14":"taxable","15":"shipping-taxable","16":"purchasable","17":"product-type-simple"},"acf":[],"yoast_head":"<!-- This site is optimized with the Yoast SEO plugin v27.2 - https:\/\/yoast.com\/product\/yoast-seo-wordpress\/ -->\n<title>Magazyn energii ECOFLOW STREAM AC Pro 1.92kWh 2 szt. - IRONSKY.PL Sklep z Dronami<\/title>\n<meta name=\"description\" content=\"Magazyn energii ECOFLOW STREAM AC Pro 1.92kWh 2 szt. - \u2705 sklep z dronami i fachowym doradztwem. \u2705 Tutaj kupisz produkty DJI, Yuneec, Parrot, Syma i wiele innych, a tak\u017ce kursy i licencje na operatora drona.\" \/>\n<meta name=\"robots\" content=\"index, follow, max-snippet:-1, max-image-preview:large, max-video-preview:-1\" \/>\n<link rel=\"canonical\" href=\"https:\/\/ironsky.pl\/sklep\/produkt\/magazyn-energii-ecoflow-stream-ac-pro-1-92kwh-2-szt\/\" \/>\n<meta property=\"og:locale\" content=\"pl_PL\" \/>\n<meta property=\"og:type\" content=\"article\" \/>\n<meta property=\"og:title\" content=\"Magazyn energii ECOFLOW STREAM AC Pro 1.92kWh 2 szt. - IRONSKY.PL Sklep z Dronami\" \/>\n<meta property=\"og:description\" content=\"Magazyn energii ECOFLOW STREAM AC Pro 1.92kWh 2 szt. - \u2705 sklep z dronami i fachowym doradztwem. \u2705 Tutaj kupisz produkty DJI, Yuneec, Parrot, Syma i wiele innych, a tak\u017ce kursy i licencje na operatora drona.\" \/>\n<meta property=\"og:url\" content=\"https:\/\/ironsky.pl\/sklep\/produkt\/magazyn-energii-ecoflow-stream-ac-pro-1-92kwh-2-szt\/\" \/>\n<meta property=\"og:site_name\" content=\"IRONSKY.PL Sklep z Dronami\" \/>\n<meta property=\"article:modified_time\" content=\"2026-04-15T09:07:15+00:00\" \/>\n<meta property=\"og:image\" content=\"https:\/\/ironsky.pl\/sklep\/wp-content\/uploads\/2025\/10\/54096_1_1.jpg\" \/>\n\t<meta property=\"og:image:width\" content=\"800\" \/>\n\t<meta property=\"og:image:height\" content=\"800\" \/>\n\t<meta property=\"og:image:type\" content=\"image\/jpeg\" \/>\n<meta name=\"twitter:card\" content=\"summary_large_image\" \/>\n<meta name=\"twitter:label1\" content=\"Szacowany czas czytania\" \/>\n\t<meta name=\"twitter:data1\" content=\"2 minuty\" \/>\n<script type=\"application\/ld+json\" class=\"yoast-schema-graph\">{\"@context\":\"https:\/\/schema.org\",\"@graph\":[{\"@type\":\"WebPage\",\"@id\":\"https:\/\/ironsky.pl\/sklep\/produkt\/magazyn-energii-ecoflow-stream-ac-pro-1-92kwh-2-szt\/\",\"url\":\"https:\/\/ironsky.pl\/sklep\/produkt\/magazyn-energii-ecoflow-stream-ac-pro-1-92kwh-2-szt\/\",\"name\":\"Magazyn energii ECOFLOW STREAM AC Pro 1.92kWh 2 szt. - IRONSKY.PL Sklep z Dronami\",\"isPartOf\":{\"@id\":\"https:\/\/ironsky.pl\/sklep\/#website\"},\"primaryImageOfPage\":{\"@id\":\"https:\/\/ironsky.pl\/sklep\/produkt\/magazyn-energii-ecoflow-stream-ac-pro-1-92kwh-2-szt\/#primaryimage\"},\"image\":{\"@id\":\"https:\/\/ironsky.pl\/sklep\/produkt\/magazyn-energii-ecoflow-stream-ac-pro-1-92kwh-2-szt\/#primaryimage\"},\"thumbnailUrl\":\"https:\/\/ironsky.pl\/sklep\/wp-content\/uploads\/2025\/10\/54096_1_1.jpg\",\"datePublished\":\"2026-04-15T09:06:57+00:00\",\"dateModified\":\"2026-04-15T09:07:15+00:00\",\"description\":\"Magazyn energii ECOFLOW STREAM AC Pro 1.92kWh 2 szt. - \u2705 sklep z dronami i fachowym doradztwem. \u2705 Tutaj kupisz produkty DJI, Yuneec, Parrot, Syma i wiele innych, a tak\u017ce kursy i licencje na operatora drona.\",\"breadcrumb\":{\"@id\":\"https:\/\/ironsky.pl\/sklep\/produkt\/magazyn-energii-ecoflow-stream-ac-pro-1-92kwh-2-szt\/#breadcrumb\"},\"inLanguage\":\"pl-PL\",\"potentialAction\":[{\"@type\":\"ReadAction\",\"target\":[\"https:\/\/ironsky.pl\/sklep\/produkt\/magazyn-energii-ecoflow-stream-ac-pro-1-92kwh-2-szt\/\"]}]},{\"@type\":\"ImageObject\",\"inLanguage\":\"pl-PL\",\"@id\":\"https:\/\/ironsky.pl\/sklep\/produkt\/magazyn-energii-ecoflow-stream-ac-pro-1-92kwh-2-szt\/#primaryimage\",\"url\":\"https:\/\/ironsky.pl\/sklep\/wp-content\/uploads\/2025\/10\/54096_1_1.jpg\",\"contentUrl\":\"https:\/\/ironsky.pl\/sklep\/wp-content\/uploads\/2025\/10\/54096_1_1.jpg\",\"width\":800,\"height\":800},{\"@type\":\"BreadcrumbList\",\"@id\":\"https:\/\/ironsky.pl\/sklep\/produkt\/magazyn-energii-ecoflow-stream-ac-pro-1-92kwh-2-szt\/#breadcrumb\",\"itemListElement\":[{\"@type\":\"ListItem\",\"position\":1,\"name\":\"Strona g\u0142\u00f3wna\",\"item\":\"https:\/\/ironsky.pl\/sklep\/\"},{\"@type\":\"ListItem\",\"position\":2,\"name\":\"Wszystkie produkty\",\"item\":\"https:\/\/ironsky.pl\/sklep\/produkty\/\"},{\"@type\":\"ListItem\",\"position\":3,\"name\":\"Magazyn energii ECOFLOW STREAM AC Pro 1.92kWh 2 szt.\"}]},{\"@type\":\"WebSite\",\"@id\":\"https:\/\/ironsky.pl\/sklep\/#website\",\"url\":\"https:\/\/ironsky.pl\/sklep\/\",\"name\":\"IRONSKY.PL Sklep z Dronami\",\"description\":\"IRONSKY.PL Sklep z Dronami\",\"potentialAction\":[{\"@type\":\"SearchAction\",\"target\":{\"@type\":\"EntryPoint\",\"urlTemplate\":\"https:\/\/ironsky.pl\/sklep\/?s={search_term_string}\"},\"query-input\":{\"@type\":\"PropertyValueSpecification\",\"valueRequired\":true,\"valueName\":\"search_term_string\"}}],\"inLanguage\":\"pl-PL\"}]}<\/script>\n<!-- \/ Yoast SEO plugin. -->","yoast_head_json":{"title":"Magazyn energii ECOFLOW STREAM AC Pro 1.92kWh 2 szt. - IRONSKY.PL Sklep z Dronami","description":"Magazyn energii ECOFLOW STREAM AC Pro 1.92kWh 2 szt. - \u2705 sklep z dronami i fachowym doradztwem. \u2705 Tutaj kupisz produkty DJI, Yuneec, Parrot, Syma i wiele innych, a tak\u017ce kursy i licencje na operatora drona.","robots":{"index":"index","follow":"follow","max-snippet":"max-snippet:-1","max-image-preview":"max-image-preview:large","max-video-preview":"max-video-preview:-1"},"canonical":"https:\/\/ironsky.pl\/sklep\/produkt\/magazyn-energii-ecoflow-stream-ac-pro-1-92kwh-2-szt\/","og_locale":"pl_PL","og_type":"article","og_title":"Magazyn energii ECOFLOW STREAM AC Pro 1.92kWh 2 szt. - IRONSKY.PL Sklep z Dronami","og_description":"Magazyn energii ECOFLOW STREAM AC Pro 1.92kWh 2 szt. - \u2705 sklep z dronami i fachowym doradztwem. \u2705 Tutaj kupisz produkty DJI, Yuneec, Parrot, Syma i wiele innych, a tak\u017ce kursy i licencje na operatora drona.","og_url":"https:\/\/ironsky.pl\/sklep\/produkt\/magazyn-energii-ecoflow-stream-ac-pro-1-92kwh-2-szt\/","og_site_name":"IRONSKY.PL Sklep z Dronami","article_modified_time":"2026-04-15T09:07:15+00:00","og_image":[{"width":800,"height":800,"url":"https:\/\/ironsky.pl\/sklep\/wp-content\/uploads\/2025\/10\/54096_1_1.jpg","type":"image\/jpeg"}],"twitter_card":"summary_large_image","twitter_misc":{"Szacowany czas czytania":"2 minuty"},"schema":{"@context":"https:\/\/schema.org","@graph":[{"@type":"WebPage","@id":"https:\/\/ironsky.pl\/sklep\/produkt\/magazyn-energii-ecoflow-stream-ac-pro-1-92kwh-2-szt\/","url":"https:\/\/ironsky.pl\/sklep\/produkt\/magazyn-energii-ecoflow-stream-ac-pro-1-92kwh-2-szt\/","name":"Magazyn energii ECOFLOW STREAM AC Pro 1.92kWh 2 szt. - IRONSKY.PL Sklep z Dronami","isPartOf":{"@id":"https:\/\/ironsky.pl\/sklep\/#website"},"primaryImageOfPage":{"@id":"https:\/\/ironsky.pl\/sklep\/produkt\/magazyn-energii-ecoflow-stream-ac-pro-1-92kwh-2-szt\/#primaryimage"},"image":{"@id":"https:\/\/ironsky.pl\/sklep\/produkt\/magazyn-energii-ecoflow-stream-ac-pro-1-92kwh-2-szt\/#primaryimage"},"thumbnailUrl":"https:\/\/ironsky.pl\/sklep\/wp-content\/uploads\/2025\/10\/54096_1_1.jpg","datePublished":"2026-04-15T09:06:57+00:00","dateModified":"2026-04-15T09:07:15+00:00","description":"Magazyn energii ECOFLOW STREAM AC Pro 1.92kWh 2 szt. - \u2705 sklep z dronami i fachowym doradztwem. \u2705 Tutaj kupisz produkty DJI, Yuneec, Parrot, Syma i wiele innych, a tak\u017ce kursy i licencje na operatora drona.","breadcrumb":{"@id":"https:\/\/ironsky.pl\/sklep\/produkt\/magazyn-energii-ecoflow-stream-ac-pro-1-92kwh-2-szt\/#breadcrumb"},"inLanguage":"pl-PL","potentialAction":[{"@type":"ReadAction","target":["https:\/\/ironsky.pl\/sklep\/produkt\/magazyn-energii-ecoflow-stream-ac-pro-1-92kwh-2-szt\/"]}]},{"@type":"ImageObject","inLanguage":"pl-PL","@id":"https:\/\/ironsky.pl\/sklep\/produkt\/magazyn-energii-ecoflow-stream-ac-pro-1-92kwh-2-szt\/#primaryimage","url":"https:\/\/ironsky.pl\/sklep\/wp-content\/uploads\/2025\/10\/54096_1_1.jpg","contentUrl":"https:\/\/ironsky.pl\/sklep\/wp-content\/uploads\/2025\/10\/54096_1_1.jpg","width":800,"height":800},{"@type":"BreadcrumbList","@id":"https:\/\/ironsky.pl\/sklep\/produkt\/magazyn-energii-ecoflow-stream-ac-pro-1-92kwh-2-szt\/#breadcrumb","itemListElement":[{"@type":"ListItem","position":1,"name":"Strona g\u0142\u00f3wna","item":"https:\/\/ironsky.pl\/sklep\/"},{"@type":"ListItem","position":2,"name":"Wszystkie produkty","item":"https:\/\/ironsky.pl\/sklep\/produkty\/"},{"@type":"ListItem","position":3,"name":"Magazyn energii ECOFLOW STREAM AC Pro 1.92kWh 2 szt."}]},{"@type":"WebSite","@id":"https:\/\/ironsky.pl\/sklep\/#website","url":"https:\/\/ironsky.pl\/sklep\/","name":"IRONSKY.PL Sklep z Dronami","description":"IRONSKY.PL Sklep z Dronami","potentialAction":[{"@type":"SearchAction","target":{"@type":"EntryPoint","urlTemplate":"https:\/\/ironsky.pl\/sklep\/?s={search_term_string}"},"query-input":{"@type":"PropertyValueSpecification","valueRequired":true,"valueName":"search_term_string"}}],"inLanguage":"pl-PL"}]}},"_links":{"self":[{"href":"https:\/\/ironsky.pl\/sklep\/wp-json\/wp\/v2\/product\/60737","targetHints":{"allow":["GET"]}}],"collection":[{"href":"https:\/\/ironsky.pl\/sklep\/wp-json\/wp\/v2\/product"}],"about":[{"href":"https:\/\/ironsky.pl\/sklep\/wp-json\/wp\/v2\/types\/product"}],"replies":[{"embeddable":true,"href":"https:\/\/ironsky.pl\/sklep\/wp-json\/wp\/v2\/comments?post=60737"}],"wp:featuredmedia":[{"embeddable":true,"href":"https:\/\/ironsky.pl\/sklep\/wp-json\/wp\/v2\/media\/49575"}],"wp:attachment":[{"href":"https:\/\/ironsky.pl\/sklep\/wp-json\/wp\/v2\/media?parent=60737"}],"wp:term":[{"taxonomy":"product_brand","embeddable":true,"href":"https:\/\/ironsky.pl\/sklep\/wp-json\/wp\/v2\/product_brand?post=60737"},{"taxonomy":"product_cat","embeddable":true,"href":"https:\/\/ironsky.pl\/sklep\/wp-json\/wp\/v2\/product_cat?post=60737"},{"taxonomy":"product_tag","embeddable":true,"href":"https:\/\/ironsky.pl\/sklep\/wp-json\/wp\/v2\/product_tag?post=60737"}],"curies":[{"name":"wp","href":"https:\/\/api.w.org\/{rel}","templated":true}]}}