{"id":60735,"date":"2026-04-15T11:06:57","date_gmt":"2026-04-15T09:06:57","guid":{"rendered":"https:\/\/ironsky.pl\/sklep\/produkt\/zestaw-klimatyzator-przenosny-ecoflow-wave-3-akumulator-wave-2\/"},"modified":"2026-04-15T11:07:12","modified_gmt":"2026-04-15T09:07:12","slug":"zestaw-klimatyzator-przenosny-ecoflow-wave-3-akumulator-wave-2","status":"publish","type":"product","link":"https:\/\/ironsky.pl\/sklep\/produkt\/zestaw-klimatyzator-przenosny-ecoflow-wave-3-akumulator-wave-2\/","title":{"rendered":"Zestaw klimatyzator przeno\u015bny ECOFLOW Wave 3 + akumulator Wave 2"},"content":{"rendered":"<h3>Zestaw klimatyzator EcoFlow Wave 3 + akumulator Wave 2<\/h3>\n<p>EcoFlow WAVE 3 to przeno\u015bny klimatyzator, kt\u00f3ry oferuje wydajne ch\u0142odzenie i ogrzewanie w ka\u017cdych warunkach \u2013 od namiotu na biwaku po wn\u0119trze kampera czy jacht. Dzi\u0119ki imponuj\u0105cej wydajno\u015bci pozwala b\u0142yskawicznie zapewni\u0107 odpowiedni\u0105 temperatur\u0119 \u2014 obni\u017cy\u0107 j\u0105 o 8\u00b0C lub podnie\u015b\u0107 o 9\u00b0C w zaledwie oko\u0142o 15 minut. Co wi\u0119cej, w po\u0142\u0105czeniu z do\u0142\u0105czonym do zestawu akumulatorem o pojemno\u015bci 1159 Wh urz\u0105dzenie mo\u017ce pracowa\u0107 nawet przez 8 godzin bez dost\u0119pu do zasilania. WAVE 3 jest przy tym wyj\u0105tkowo kompaktowy i prosty w monta\u017cu, a wygodne zarz\u0105dzanie jego prac\u0105 umo\u017cliwia aplikacja EcoFlow.<\/p>\n<p>\n<img decoding=\"async\" src=\"https:\/\/assets.innpro.pl\/17520\/23186\/7.jpg\" border=\"0\" alt=\"Klimatyzator na tyle samochodu.\" \/>\n<\/p>\n<h3>Ogrzeje lub och\u0142odzi przestrze\u0144 w kilkana\u015bcie minut<\/h3>\n<p>WAVE 3 doskonale sprawdzi si\u0119 zar\u00f3wno latem, jak i w ch\u0142odniejsze dni. Oferuje wydajne ch\u0142odzenie o mocy 6100 BTU, kt\u00f3re pozwala zredukowa\u0107 temperatur\u0119 o 8\u00b0C w ci\u0105gu kwadransa. A gdy zrobi si\u0119 zimno, po prostu prze\u0142\u0105cz go na tryb grzania \u2013 dzi\u0119ki mocy do 6800 BTU urz\u0105dzenie podniesie temperatur\u0119 o 9\u00b0C r\u00f3wnie szybko. To idealne rozwi\u0105zanie na jesienne biwaki, g\u00f3rskie wyprawy czy ch\u0142odne poranki w trasie!<\/p>\n<p>\n<img decoding=\"async\" src=\"https:\/\/assets.innpro.pl\/17520\/23186\/1.jpg\" border=\"0\" alt=\"Ch\u0142opiec le\u017cy w namiocie pod zielonym kocem obok przeno\u015bnego klimatyzatora i lampki kempingowej.\" \/>\n<\/p>\n<h3>Zasilanie dopasowane do Twoich potrzeb<\/h3>\n<p>WAVE 3 mo\u017ce by\u0107 zasilany bezpo\u015brednio z gniazdka sieciowego (AC), a b\u0119d\u0105cy cz\u0119\u015bci\u0105 zestawu akumulator o pojemno\u015bci 1159 Wh zapewnia do 8 godzin bezprzewodowej pracy. Na\u0142adujesz go na kilka sposob\u00f3w \u2013 standardowo z sieci, z gniazda zapalniczki, za pomoc\u0105 paneli fotowoltaicznych lub z alternatora pojazdu. Dzi\u0119ki temu bez trudu zapewnisz sobie optymaln\u0105 temperatur\u0119 w niemal ka\u017cdej sytuacji! Co wi\u0119cej, \u0142adowanie akumulatora mo\u017ce by\u0107 bardzo szybkie. \u0141\u0105cz\u0105c panele fotowoltaiczne i gniazdko AC, na\u0142adujesz go ju\u017c w oko\u0142o 75 minut!<\/p>\n<p>\n<img decoding=\"async\" src=\"https:\/\/assets.innpro.pl\/17520\/23186\/4.jpg\" border=\"0\" alt=\"Drewniany domek, w kt\u00f3rym wida\u0107 przeno\u015bny klimatyzator, \u0142\u00f3\u017cko, dywan i stolik.\" \/>\n<\/p>\n<h3>Prosta instalacja i wygodna obs\u0142uga<\/h3>\n<p>Monta\u017c WAVE 3 jest szybki i intuicyjny \u2013 kana\u0142 wylotowy z izolacj\u0105 oraz dopasowane adaptery sprawiaj\u0105, \u017ce bez problemu zainstalujesz go w namiocie, przyczepie, aucie lub na \u0142odzi. Nie zajmie Ci to zbyt wiele czasu \u2013 wystarczy kilka chwil, aby zapewni\u0107 sobie komfort podczas podr\u00f3\u017cy czy na kempingu!<\/p>\n<p>\n<img decoding=\"async\" src=\"https:\/\/assets.innpro.pl\/17520\/23186\/10.jpg\" border=\"0\" alt=\"Para odpoczywaj\u0105ca w wozie, w kt\u00f3rym jest przeno\u015bny klimatyzator,\" \/>\n<\/p>\n<h3>Stworzony do podr\u00f3\u017cy i codziennego u\u017cytku<\/h3>\n<p>Niezale\u017cnie od tego, czy wybierasz si\u0119 pod namiot, planujesz weekend w kamperze, czy chcesz zadba\u0107 o sw\u00f3j komfort w domku letniskowym \u2014 WAVE 3 pomo\u017ce Ci zadba\u0107 o odpowiedni\u0105 temperatur\u0119. Dzi\u0119ki mo\u017cliwo\u015bci ogrzewania i ch\u0142odzenia b\u0119dzie przydatny przez ca\u0142y rok! Sprawdzi si\u0119 tak\u017ce jako klimatyzator w warsztacie, na \u0142odzi, w ci\u0119\u017car\u00f3wce czy nawet w ma\u0142ym mieszkaniu. Jego kompaktowa konstrukcja i \u0142atwa instalacja, sprawiaj\u0105, \u017ce b\u0119dzie \u015bwietnym wyborem wsz\u0119dzie tam, gdzie potrzebujesz natychmiastowego ogrzewania lub ulgi od upa\u0142u.<\/p>\n<p>\n<img decoding=\"async\" src=\"https:\/\/assets.innpro.pl\/17520\/23186\/2.jpg\" border=\"0\" alt=\"Szary klimatyzator przy namiocie i drzewie.\" \/>\n<\/p>\n<h3>Wybieraj spo\u015br\u00f3d dost\u0119pnych funkcji i tryb\u00f3w<\/h3>\n<p>WAVE 3 oferuje szeroki wyb\u00f3r inteligentnych funkcji i tryb\u00f3w. Pracuj\u0105c w trybie automatycznym, klimatyzator sam prze\u0142\u0105cza si\u0119 na ogrzewanie, gdy temperatura spadnie. Dzi\u0119ki temu b\u0119dzie Ci ciep\u0142o nawet podczas ch\u0142odnych nocy na biwaku w g\u00f3rach! Z kolei tryb Pet Care sprawia, \u017ce gdy temperatura otoczenia przekroczy ustawion\u0105 warto\u015b\u0107 (od 35\u00b0C do 45\u00b0C), urz\u0105dzenie uruchomi ch\u0142odzenie i wy\u015ble Ci powiadomienie na telefon. Dzi\u0119ki temu zapewni Twojemu pupilowi komfort i bezpiecze\u0144stwo, na przyk\u0142ad w samochodzie. Ponadto funkcja osuszania pomaga w walce z wilgoci\u0105 podczas deszczowych dni, a tryb nocny sprawia, \u017ce WAVE 3 dzia\u0142a wyj\u0105tkowo cicho \u2013 generuje ha\u0142as na poziomie zaledwie 44 dB, co odpowiada cichej rozmowie.<\/p>\n<p>\n<img decoding=\"async\" src=\"https:\/\/assets.innpro.pl\/17520\/23186\/5.jpg\" border=\"0\" alt=\"Pies w samochodzie obok ciemnego klimetyzatora.\" \/>\n<\/p>\n<h3>Inteligentna kontrola z aplikacj\u0105 EcoFlow<\/h3>\n<p>Dzi\u0119ki aplikacji EcoFlow masz pe\u0142n\u0105 kontrol\u0119 nad swoim klimatyzatorem \u2013 wystarczy si\u0119gn\u0105\u0107 po telefon. W ten spos\u00f3b mo\u017cesz na przyk\u0142ad zdalnie zmienia\u0107 tryby, monitorowa\u0107 poziom na\u0142adowania baterii i planowa\u0107 automatyczne wy\u0142\u0105czanie. B\u0119dziesz te\u017c otrzymywa\u0107 powiadomienia o konieczno\u015bci opr\u00f3\u017cnienia zbiornika na wod\u0119. Nie musisz si\u0119 martwi\u0107, \u017ce o czym\u015b zapomnisz!<\/p>\n<p>\n<img decoding=\"async\" src=\"https:\/\/assets.innpro.pl\/17520\/23186\/3.jpg\" border=\"0\" alt=\"Namiot, w kt\u00f3rym siedzi wsp\u00f3lnie para; obok przeno\u015bny klimatyzator i stolik.\" \/>\n<\/p>\n<h3>Ekologiczny wyb\u00f3r na lata<\/h3>\n<p>WAVE 3 korzysta z czynnika ch\u0142odniczego R290, kt\u00f3ry jest znacznie mniej szkodliwy dla \u015brodowiska ni\u017c tradycyjne rozwi\u0105zania. W ci\u0105gu 10 lat u\u017cytkowania pozwala ograniczy\u0107 emisj\u0119 CO\u2082 nawet o oko\u0142o 2041 kg \u2014 to jak uratowanie 130 drzew przed wycink\u0105. EcoFlow udowadnia, \u017ce komfort mo\u017ce i\u015b\u0107 w parze z trosk\u0105 o planet\u0119!<\/p>\n<p>\n<img decoding=\"async\" src=\"https:\/\/assets.innpro.pl\/17520\/23186\/8.jpg\" border=\"0\" alt=\"Nocny krajobraz; para siedzi w namiocie obok przeno\u015bnego klimatyzatora.\" \/>\n<\/p>\n<h3>Akumulator w zestawie<\/h3>\n<p>Do\u0142\u0105czony do zestawu akumulator cechuje si\u0119 pojemno\u015bci\u0105 1159 Wh i zapewnia d\u0142ugi czas pracy. Dzi\u0119ki niemu urz\u0105dzenie mo\u017ce dzia\u0142a\u0107 bezprzewodowo \u2013 takie rozwi\u0105zanie \u015bwietnie sprawdzi si\u0119 na przyk\u0142ad na jachcie, pod namiotem lub podczas podr\u00f3\u017cy kamperem. Uwolnij si\u0119 od kabli i ciesz si\u0119 swobod\u0105!<\/p>\n<p>\n<img decoding=\"async\" src=\"https:\/\/assets.innpro.pl\/17520\/23186\/2 (7).jpg\" border=\"0\" alt=\"Kobieta siedzi na dywanie z laptopem obok przeno\u015bnego klimatyzatora w salonie z drewnianymi \u015bcianami. \" \/>\n<\/p>\n<h3>W zestawie<\/h3>\n<ul class=\"list-disc pl-5\">\n<li>Przeno\u015bny klimatyzator EcoFlow Wave 3<\/li>\n<li>Akumulator Wave 2<\/li>\n<li>Kana\u0142 wylotowy z izolacj\u0105<\/li>\n<li>Zestaw adapter\u00f3w (A, B, C)<\/li>\n<li>W\u0105\u017c odp\u0142ywowy<\/li>\n<li>Szablon monta\u017cowy<\/li>\n<li>Nawijacz<\/li>\n<li>Skr\u00f3cona instrukcja obs\u0142ugi, instrukcja bezpiecze\u0144stwa i karta gwarancyjna<\/li>\n<\/ul>\n<div class=\"table-wrapper\">\n<p>\u00a0<\/p>\n<h3>Og\u00f3lne<\/h3>\n<table>\n<tbody>\n<tr>\n<th>Producent<\/th>\n<td>EcoFlow<\/td>\n<\/tr>\n<tr>\n<th>Nazwa<\/th>\n<td>WAVE 3<\/td>\n<\/tr>\n<tr>\n<th>Model<\/th>\n<td>EFWAVE3-EU-NBox<\/td>\n<\/tr>\n<tr>\n<th>Wymiary<\/th>\n<td>51,9 x 29,7 x 33,6 cm<\/td>\n<\/tr>\n<tr>\n<th>Waga<\/th>\n<td>Ok. 15,6 kg<\/td>\n<\/tr>\n<\/tbody>\n<\/table>\n<p>\u00a0<\/p>\n<h3>Ch\u0142odzenie i ogrzewanie<\/h3>\n<table>\n<tbody>\n<tr>\n<th>Moc ch\u0142odzenia<\/th>\n<td>1800 W (6100 BTU)<\/td>\n<\/tr>\n<tr>\n<th>Moc grzania<\/th>\n<td>2000 W (6800 BTU)<\/td>\n<\/tr>\n<tr>\n<th>Zakres ustawie\u0144 temperatury<\/th>\n<td>Od 16\u00b0C do 30\u00b0C<\/td>\n<\/tr>\n<tr>\n<th>Czynnik ch\u0142odniczy \/ ilo\u015b\u0107<\/th>\n<td>R290 \/ 112 g<\/td>\n<\/tr>\n<tr>\n<th>Przep\u0142yw powietrza<\/th>\n<td>330 m\u00b3\/h<\/td>\n<\/tr>\n<tr>\n<th>Moc znamionowa w trybie ch\u0142odzenia (AC\/DC)<\/th>\n<td>690 W \/ 640 W<\/td>\n<\/tr>\n<tr>\n<th>Moc znamionowa w trybie grzania (AC\/DC)<\/th>\n<td>645 W \/ 606 W<\/td>\n<\/tr>\n<tr>\n<th>Efektywno\u015b\u0107 ch\u0142odzenia (AC\/DC)<\/th>\n<td>2,6 \/ 2,8<\/td>\n<\/tr>\n<tr>\n<th>Efektywno\u015b\u0107 grzania (AC\/DC)<\/th>\n<td>3,1 \/ 3,3<\/td>\n<\/tr>\n<\/tbody>\n<\/table>\n<p>\u00a0<\/p>\n<h3>Zasilanie<\/h3>\n<table>\n<tbody>\n<tr>\n<th>Zasilanie AC<\/th>\n<td>100\u2013240 V, ~50\/60 Hz, maks. 820 W<\/td>\n<\/tr>\n<tr>\n<th>Wej\u015bcie akumulatora<\/th>\n<td>Maks. 700 W<\/td>\n<\/tr>\n<\/tbody>\n<\/table>\n<p>\u00a0<\/p>\n<h3>Inne<\/h3>\n<table>\n<tbody>\n<tr>\n<th>Zakres temperatury pracy<\/th>\n<td>Od 5\u00b0C do 50\u00b0C<\/td>\n<\/tr>\n<tr>\n<th>Klasa szczelno\u015bci<\/th>\n<td>IPX4<\/td>\n<\/tr>\n<tr>\n<th>Poziom ha\u0142asu<\/th>\n<td>44\u201358 dB<\/td>\n<\/tr>\n<tr>\n<th>Zdalne sterowanie<\/th>\n<td>Aplikacja EcoFlow (Wi-Fi 2.4G\/5G, Bluetooth)<\/td>\n<\/tr>\n<tr>\n<th>Czas pracy z akumulatorem<\/th>\n<td>Ok. 2\u20138 godz.<\/td>\n<\/tr>\n<\/tbody>\n<\/table>\n<p>\u00a0<\/p>\n<h3>Akumulator Wave 2<\/h3>\n<table>\n<tbody>\n<tr>\n<th>Producent <\/th>\n<td>EcoFlow<\/td>\n<\/tr>\n<tr>\n<th>Nazwa <\/th>\n<td>EcoFlow WAVE 2 add-on battery<\/td>\n<\/tr>\n<tr>\n<th>Model <\/th>\n<td>ZYDKT210-EB<\/td>\n<\/tr>\n<tr>\n<th>Pojemno\u015b\u0107 <\/th>\n<td>1159 Wh<\/td>\n<\/tr>\n<tr>\n<th>Rodzaj ogniwa <\/th>\n<td>NCM<\/td>\n<\/tr>\n<tr>\n<th>\u017bywotno\u015b\u0107 <\/th>\n<td>Ok. 800 cykli do 80%+ pojemno\u015bci<\/td>\n<\/tr>\n<tr>\n<th>Maks. moc wyj\u015bciowa <\/th>\n<td>820 W<\/td>\n<\/tr>\n<tr>\n<th>Dodatkowy port wyj\u015bciowy 1 <\/th>\n<td>USB-C 100 W<\/td>\n<\/tr>\n<tr>\n<th>Dodatkowy port wyj\u015bciowy 2 <\/th>\n<td>USB-A 18 W<\/td>\n<\/tr>\n<tr>\n<th>Wymiary <\/th>\n<td>515 x 272 x 92 mm<\/td>\n<\/tr>\n<tr>\n<th>Waga <\/th>\n<td>Ok. 7,8 kg<\/td>\n<\/tr>\n<\/tbody>\n<\/table>\n<\/div>\n","protected":false},"excerpt":{"rendered":"<p>Zestaw klimatyzator EcoFlow Wave 3 + akumulator Wave 2 EcoFlow WAVE 3 to przeno\u015bny klimatyzator, kt\u00f3ry oferuje wydajne ch\u0142odzenie i<\/p>\n","protected":false},"featured_media":49565,"comment_status":"closed","ping_status":"open","template":"","meta":{"_acf_changed":false},"product_brand":[],"product_cat":[5937,5970],"product_tag":[],"class_list":{"0":"post-60735","1":"product","2":"type-product","3":"status-publish","4":"has-post-thumbnail","6":"product_cat-outdoor","7":"product_cat-pozostale-outdoor","8":"pa_okres-gwarancji-5757","9":"pa_producent-ecoflow","11":"first","12":"outofstock","13":"taxable","14":"shipping-taxable","15":"purchasable","16":"product-type-simple"},"acf":[],"yoast_head":"<!-- This site is optimized with the Yoast SEO plugin v27.2 - https:\/\/yoast.com\/product\/yoast-seo-wordpress\/ -->\n<title>Zestaw klimatyzator przeno\u015bny ECOFLOW Wave 3 + akumulator Wave 2 - IRONSKY.PL Sklep z Dronami<\/title>\n<meta name=\"description\" content=\"Zestaw klimatyzator przeno\u015bny ECOFLOW Wave 3 + akumulator Wave 2 - \u2705 sklep z dronami i fachowym doradztwem. \u2705 Tutaj kupisz produkty DJI, Yuneec, Parrot, Syma i wiele innych, a tak\u017ce kursy i licencje na operatora drona.\" \/>\n<meta name=\"robots\" content=\"index, follow, max-snippet:-1, max-image-preview:large, max-video-preview:-1\" \/>\n<link rel=\"canonical\" href=\"https:\/\/ironsky.pl\/sklep\/produkt\/zestaw-klimatyzator-przenosny-ecoflow-wave-3-akumulator-wave-2\/\" \/>\n<meta property=\"og:locale\" content=\"pl_PL\" \/>\n<meta property=\"og:type\" content=\"article\" \/>\n<meta property=\"og:title\" content=\"Zestaw klimatyzator przeno\u015bny ECOFLOW Wave 3 + akumulator Wave 2 - IRONSKY.PL Sklep z Dronami\" \/>\n<meta property=\"og:description\" content=\"Zestaw klimatyzator przeno\u015bny ECOFLOW Wave 3 + akumulator Wave 2 - \u2705 sklep z dronami i fachowym doradztwem. \u2705 Tutaj kupisz produkty DJI, Yuneec, Parrot, Syma i wiele innych, a tak\u017ce kursy i licencje na operatora drona.\" \/>\n<meta property=\"og:url\" content=\"https:\/\/ironsky.pl\/sklep\/produkt\/zestaw-klimatyzator-przenosny-ecoflow-wave-3-akumulator-wave-2\/\" \/>\n<meta property=\"og:site_name\" content=\"IRONSKY.PL Sklep z Dronami\" \/>\n<meta property=\"article:modified_time\" content=\"2026-04-15T09:07:12+00:00\" \/>\n<meta property=\"og:image\" content=\"https:\/\/ironsky.pl\/sklep\/wp-content\/uploads\/2025\/10\/54092_7.jpg\" \/>\n\t<meta property=\"og:image:width\" content=\"1200\" \/>\n\t<meta property=\"og:image:height\" content=\"1200\" \/>\n\t<meta property=\"og:image:type\" content=\"image\/jpeg\" \/>\n<meta name=\"twitter:card\" content=\"summary_large_image\" \/>\n<meta name=\"twitter:label1\" content=\"Szacowany czas czytania\" \/>\n\t<meta name=\"twitter:data1\" content=\"5 minut\" \/>\n<script type=\"application\/ld+json\" class=\"yoast-schema-graph\">{\"@context\":\"https:\/\/schema.org\",\"@graph\":[{\"@type\":\"WebPage\",\"@id\":\"https:\/\/ironsky.pl\/sklep\/produkt\/zestaw-klimatyzator-przenosny-ecoflow-wave-3-akumulator-wave-2\/\",\"url\":\"https:\/\/ironsky.pl\/sklep\/produkt\/zestaw-klimatyzator-przenosny-ecoflow-wave-3-akumulator-wave-2\/\",\"name\":\"Zestaw klimatyzator przeno\u015bny ECOFLOW Wave 3 + akumulator Wave 2 - IRONSKY.PL Sklep z Dronami\",\"isPartOf\":{\"@id\":\"https:\/\/ironsky.pl\/sklep\/#website\"},\"primaryImageOfPage\":{\"@id\":\"https:\/\/ironsky.pl\/sklep\/produkt\/zestaw-klimatyzator-przenosny-ecoflow-wave-3-akumulator-wave-2\/#primaryimage\"},\"image\":{\"@id\":\"https:\/\/ironsky.pl\/sklep\/produkt\/zestaw-klimatyzator-przenosny-ecoflow-wave-3-akumulator-wave-2\/#primaryimage\"},\"thumbnailUrl\":\"https:\/\/ironsky.pl\/sklep\/wp-content\/uploads\/2025\/10\/54092_7.jpg\",\"datePublished\":\"2026-04-15T09:06:57+00:00\",\"dateModified\":\"2026-04-15T09:07:12+00:00\",\"description\":\"Zestaw klimatyzator przeno\u015bny ECOFLOW Wave 3 + akumulator Wave 2 - \u2705 sklep z dronami i fachowym doradztwem. \u2705 Tutaj kupisz produkty DJI, Yuneec, Parrot, Syma i wiele innych, a tak\u017ce kursy i licencje na operatora drona.\",\"breadcrumb\":{\"@id\":\"https:\/\/ironsky.pl\/sklep\/produkt\/zestaw-klimatyzator-przenosny-ecoflow-wave-3-akumulator-wave-2\/#breadcrumb\"},\"inLanguage\":\"pl-PL\",\"potentialAction\":[{\"@type\":\"ReadAction\",\"target\":[\"https:\/\/ironsky.pl\/sklep\/produkt\/zestaw-klimatyzator-przenosny-ecoflow-wave-3-akumulator-wave-2\/\"]}]},{\"@type\":\"ImageObject\",\"inLanguage\":\"pl-PL\",\"@id\":\"https:\/\/ironsky.pl\/sklep\/produkt\/zestaw-klimatyzator-przenosny-ecoflow-wave-3-akumulator-wave-2\/#primaryimage\",\"url\":\"https:\/\/ironsky.pl\/sklep\/wp-content\/uploads\/2025\/10\/54092_7.jpg\",\"contentUrl\":\"https:\/\/ironsky.pl\/sklep\/wp-content\/uploads\/2025\/10\/54092_7.jpg\",\"width\":1200,\"height\":1200},{\"@type\":\"BreadcrumbList\",\"@id\":\"https:\/\/ironsky.pl\/sklep\/produkt\/zestaw-klimatyzator-przenosny-ecoflow-wave-3-akumulator-wave-2\/#breadcrumb\",\"itemListElement\":[{\"@type\":\"ListItem\",\"position\":1,\"name\":\"Strona g\u0142\u00f3wna\",\"item\":\"https:\/\/ironsky.pl\/sklep\/\"},{\"@type\":\"ListItem\",\"position\":2,\"name\":\"Wszystkie produkty\",\"item\":\"https:\/\/ironsky.pl\/sklep\/produkty\/\"},{\"@type\":\"ListItem\",\"position\":3,\"name\":\"Zestaw klimatyzator przeno\u015bny ECOFLOW Wave 3 + akumulator Wave 2\"}]},{\"@type\":\"WebSite\",\"@id\":\"https:\/\/ironsky.pl\/sklep\/#website\",\"url\":\"https:\/\/ironsky.pl\/sklep\/\",\"name\":\"IRONSKY.PL Sklep z Dronami\",\"description\":\"IRONSKY.PL Sklep z Dronami\",\"potentialAction\":[{\"@type\":\"SearchAction\",\"target\":{\"@type\":\"EntryPoint\",\"urlTemplate\":\"https:\/\/ironsky.pl\/sklep\/?s={search_term_string}\"},\"query-input\":{\"@type\":\"PropertyValueSpecification\",\"valueRequired\":true,\"valueName\":\"search_term_string\"}}],\"inLanguage\":\"pl-PL\"}]}<\/script>\n<!-- \/ Yoast SEO plugin. -->","yoast_head_json":{"title":"Zestaw klimatyzator przeno\u015bny ECOFLOW Wave 3 + akumulator Wave 2 - IRONSKY.PL Sklep z Dronami","description":"Zestaw klimatyzator przeno\u015bny ECOFLOW Wave 3 + akumulator Wave 2 - \u2705 sklep z dronami i fachowym doradztwem. \u2705 Tutaj kupisz produkty DJI, Yuneec, Parrot, Syma i wiele innych, a tak\u017ce kursy i licencje na operatora drona.","robots":{"index":"index","follow":"follow","max-snippet":"max-snippet:-1","max-image-preview":"max-image-preview:large","max-video-preview":"max-video-preview:-1"},"canonical":"https:\/\/ironsky.pl\/sklep\/produkt\/zestaw-klimatyzator-przenosny-ecoflow-wave-3-akumulator-wave-2\/","og_locale":"pl_PL","og_type":"article","og_title":"Zestaw klimatyzator przeno\u015bny ECOFLOW Wave 3 + akumulator Wave 2 - IRONSKY.PL Sklep z Dronami","og_description":"Zestaw klimatyzator przeno\u015bny ECOFLOW Wave 3 + akumulator Wave 2 - \u2705 sklep z dronami i fachowym doradztwem. \u2705 Tutaj kupisz produkty DJI, Yuneec, Parrot, Syma i wiele innych, a tak\u017ce kursy i licencje na operatora drona.","og_url":"https:\/\/ironsky.pl\/sklep\/produkt\/zestaw-klimatyzator-przenosny-ecoflow-wave-3-akumulator-wave-2\/","og_site_name":"IRONSKY.PL Sklep z Dronami","article_modified_time":"2026-04-15T09:07:12+00:00","og_image":[{"width":1200,"height":1200,"url":"https:\/\/ironsky.pl\/sklep\/wp-content\/uploads\/2025\/10\/54092_7.jpg","type":"image\/jpeg"}],"twitter_card":"summary_large_image","twitter_misc":{"Szacowany czas czytania":"5 minut"},"schema":{"@context":"https:\/\/schema.org","@graph":[{"@type":"WebPage","@id":"https:\/\/ironsky.pl\/sklep\/produkt\/zestaw-klimatyzator-przenosny-ecoflow-wave-3-akumulator-wave-2\/","url":"https:\/\/ironsky.pl\/sklep\/produkt\/zestaw-klimatyzator-przenosny-ecoflow-wave-3-akumulator-wave-2\/","name":"Zestaw klimatyzator przeno\u015bny ECOFLOW Wave 3 + akumulator Wave 2 - IRONSKY.PL Sklep z Dronami","isPartOf":{"@id":"https:\/\/ironsky.pl\/sklep\/#website"},"primaryImageOfPage":{"@id":"https:\/\/ironsky.pl\/sklep\/produkt\/zestaw-klimatyzator-przenosny-ecoflow-wave-3-akumulator-wave-2\/#primaryimage"},"image":{"@id":"https:\/\/ironsky.pl\/sklep\/produkt\/zestaw-klimatyzator-przenosny-ecoflow-wave-3-akumulator-wave-2\/#primaryimage"},"thumbnailUrl":"https:\/\/ironsky.pl\/sklep\/wp-content\/uploads\/2025\/10\/54092_7.jpg","datePublished":"2026-04-15T09:06:57+00:00","dateModified":"2026-04-15T09:07:12+00:00","description":"Zestaw klimatyzator przeno\u015bny ECOFLOW Wave 3 + akumulator Wave 2 - \u2705 sklep z dronami i fachowym doradztwem. \u2705 Tutaj kupisz produkty DJI, Yuneec, Parrot, Syma i wiele innych, a tak\u017ce kursy i licencje na operatora drona.","breadcrumb":{"@id":"https:\/\/ironsky.pl\/sklep\/produkt\/zestaw-klimatyzator-przenosny-ecoflow-wave-3-akumulator-wave-2\/#breadcrumb"},"inLanguage":"pl-PL","potentialAction":[{"@type":"ReadAction","target":["https:\/\/ironsky.pl\/sklep\/produkt\/zestaw-klimatyzator-przenosny-ecoflow-wave-3-akumulator-wave-2\/"]}]},{"@type":"ImageObject","inLanguage":"pl-PL","@id":"https:\/\/ironsky.pl\/sklep\/produkt\/zestaw-klimatyzator-przenosny-ecoflow-wave-3-akumulator-wave-2\/#primaryimage","url":"https:\/\/ironsky.pl\/sklep\/wp-content\/uploads\/2025\/10\/54092_7.jpg","contentUrl":"https:\/\/ironsky.pl\/sklep\/wp-content\/uploads\/2025\/10\/54092_7.jpg","width":1200,"height":1200},{"@type":"BreadcrumbList","@id":"https:\/\/ironsky.pl\/sklep\/produkt\/zestaw-klimatyzator-przenosny-ecoflow-wave-3-akumulator-wave-2\/#breadcrumb","itemListElement":[{"@type":"ListItem","position":1,"name":"Strona g\u0142\u00f3wna","item":"https:\/\/ironsky.pl\/sklep\/"},{"@type":"ListItem","position":2,"name":"Wszystkie produkty","item":"https:\/\/ironsky.pl\/sklep\/produkty\/"},{"@type":"ListItem","position":3,"name":"Zestaw klimatyzator przeno\u015bny ECOFLOW Wave 3 + akumulator Wave 2"}]},{"@type":"WebSite","@id":"https:\/\/ironsky.pl\/sklep\/#website","url":"https:\/\/ironsky.pl\/sklep\/","name":"IRONSKY.PL Sklep z Dronami","description":"IRONSKY.PL Sklep z Dronami","potentialAction":[{"@type":"SearchAction","target":{"@type":"EntryPoint","urlTemplate":"https:\/\/ironsky.pl\/sklep\/?s={search_term_string}"},"query-input":{"@type":"PropertyValueSpecification","valueRequired":true,"valueName":"search_term_string"}}],"inLanguage":"pl-PL"}]}},"_links":{"self":[{"href":"https:\/\/ironsky.pl\/sklep\/wp-json\/wp\/v2\/product\/60735","targetHints":{"allow":["GET"]}}],"collection":[{"href":"https:\/\/ironsky.pl\/sklep\/wp-json\/wp\/v2\/product"}],"about":[{"href":"https:\/\/ironsky.pl\/sklep\/wp-json\/wp\/v2\/types\/product"}],"replies":[{"embeddable":true,"href":"https:\/\/ironsky.pl\/sklep\/wp-json\/wp\/v2\/comments?post=60735"}],"wp:featuredmedia":[{"embeddable":true,"href":"https:\/\/ironsky.pl\/sklep\/wp-json\/wp\/v2\/media\/49565"}],"wp:attachment":[{"href":"https:\/\/ironsky.pl\/sklep\/wp-json\/wp\/v2\/media?parent=60735"}],"wp:term":[{"taxonomy":"product_brand","embeddable":true,"href":"https:\/\/ironsky.pl\/sklep\/wp-json\/wp\/v2\/product_brand?post=60735"},{"taxonomy":"product_cat","embeddable":true,"href":"https:\/\/ironsky.pl\/sklep\/wp-json\/wp\/v2\/product_cat?post=60735"},{"taxonomy":"product_tag","embeddable":true,"href":"https:\/\/ironsky.pl\/sklep\/wp-json\/wp\/v2\/product_tag?post=60735"}],"curies":[{"name":"wp","href":"https:\/\/api.w.org\/{rel}","templated":true}]}}