{"id":60730,"date":"2026-04-15T11:06:57","date_gmt":"2026-04-15T09:06:57","guid":{"rendered":"https:\/\/ironsky.pl\/sklep\/produkt\/stacja-zasilania-dji-power-1000-v2-1024wh\/"},"modified":"2026-04-15T11:07:04","modified_gmt":"2026-04-15T09:07:04","slug":"stacja-zasilania-dji-power-1000-v2-1024wh","status":"publish","type":"product","link":"https:\/\/ironsky.pl\/sklep\/produkt\/stacja-zasilania-dji-power-1000-v2-1024wh\/","title":{"rendered":"Stacja zasilania DJI Power 1000 V2 1024Wh"},"content":{"rendered":"<h3>DJI Power 1000 V2<\/h3>\n<p>Nieprzewidziana przerwa w dostawie pr\u0105du? A mo\u017ce weekend pod namiotem lub podr\u00f3\u017c kamperem? DJI Power 1000 V2 to przeno\u015bna stacja zasilania, kt\u00f3ra stanie si\u0119 niezast\u0105pionym towarzyszem gdy potrzebujesz niezale\u017cnego \u017ar\u00f3d\u0142a energii. Pojemno\u015b\u0107 1024 Wh oraz mo\u017cliwo\u015b\u0107 zwi\u0119kszenia jej a\u017c do 11 264 Wh sprawiaj\u0105, \u017ce urz\u0105dzenie sprawdzi si\u0119 zar\u00f3wno w codziennym u\u017cytku, jak i podczas wypraw \u2014 r\u00f3wnie\u017c w trudne warunki. Zasilanie o mocy do 2600 W, szybkie \u0142adowanie (zaledwie 56 minut od 0 do 100%) z r\u00f3\u017cnych \u017ar\u00f3de\u0142 oraz rozbudowane opcje port\u00f3w czyni\u0105 z niej wszechstronne rozwi\u0105zanie dla ka\u017cdego, kto nie uznaje kompromis\u00f3w.<\/p>\n<p>\n<img decoding=\"async\" src=\"https:\/\/assets.innpro.pl\/17419\/23032\/1.jpg\" border=\"0\" alt=\"stacja zasilania dji Power 1000 V2 na czarnym tle\" \/>\n<\/p>\n<h3>Obs\u0142uga sprz\u0119t\u00f3w o du\u017cym zapotrzebowaniu\u00a0<\/h3>\n<p>Stacja DJI Power 1000 V2 z \u0142atwo\u015bci\u0105 radzi sobie z zasilaniem sprz\u0119t\u00f3w codziennego u\u017cytku, jak i tych bardziej wymagaj\u0105cych. Dzi\u0119ki mocy do 2600 W bez problemu zasili urz\u0105dzenia takie jak mikrofal\u00f3wka, ekspres ci\u015bnieniowy, pi\u0142a tarczowa, lod\u00f3wka czy o\u015bwietlenie. Co wi\u0119cej, z pomoc\u0105 dedykowanych kabli (sprzedawanych osobno) mo\u017cesz b\u0142yskawicznie na\u0142adowa\u0107 akumulatory do dron\u00f3w DJI \u2013 np. DJI Air 3 osi\u0105gnie poziom 95% z 10% w oko\u0142o 30 minut. To rozwi\u0105zanie, kt\u00f3re pozwala Ci dzia\u0142a\u0107 bez przestoj\u00f3w.<\/p>\n<p>\n<img decoding=\"async\" src=\"https:\/\/assets.innpro.pl\/17419\/23032\/2.jpg\" border=\"0\" alt=\"stacja zasilania Power 1000 V2 \u0142aduje drona w baga\u017cniku kampera\" \/>\n<\/p>\n<h3>Wydajno\u015b\u0107, kt\u00f3ra nie zawodzi<\/h3>\n<p>DJI Power 1000 V2 oferuje pojemno\u015b\u0107 1024 Wh, co w praktyce oznacza zasilanie wielu urz\u0105dze\u0144 przez d\u0142ugie godziny. Przyk\u0142adowo: smartfon mo\u017cna na\u0142adowa\u0107 oko\u0142o 57 razy, laptopa oko\u0142o 9 razy, a aparat cyfrowy blisko 59 razy. Jedno \u0142adowanie wystarczy, aby utrzyma\u0107 dzia\u0142anie lod\u00f3wki przez 20 godzin, routera Wi-Fi przez niemal 77 godzin czy mikrofal\u00f3wki przez ponad godzin\u0119. Potrzebujesz wi\u0119cej? Dodaj\u0105c pi\u0119\u0107 dodatkowych baterii DJI Power Expansion Battery 2000 (sprzedawane oddzielnie), uzyskasz a\u017c 11 264 Wh pojemno\u015bci.<\/p>\n<p>\n<img decoding=\"async\" src=\"https:\/\/assets.innpro.pl\/17419\/23032\/3.jpg\" border=\"0\" alt=\"stacja dji Power 1000 V2 zasila ekspres do kawy na podw\u00f3rku\" \/>\n<\/p>\n<h3>Rozbudowane mo\u017cliwo\u015bci pod\u0142\u0105czenia urz\u0105dze\u0144<\/h3>\n<p>Zaprojektowana z my\u015bl\u0105 o wielozadaniowo\u015bci, stacja wyposa\u017cona zosta\u0142a w szereg port\u00f3w, kt\u00f3re umo\u017cliwiaj\u0105 jednoczesne \u0142adowanie kilku urz\u0105dze\u0144. Znajdziesz tu dwa wyj\u015bcia AC, dwa porty USB-A oraz dwa ultraszybkie porty USB-C (po 140 W ka\u017cdy), obs\u0142uguj\u0105ce standard PD 3.1. Dzi\u0119ki temu z \u0142atwo\u015bci\u0105 na\u0142adujesz laptopa, s\u0142uchawki czy telefon \u2013 zw\u0142aszcza wtedy, gdy liczy si\u0119 ka\u017cda minuta.<\/p>\n<p>\n<img decoding=\"async\" src=\"https:\/\/assets.innpro.pl\/17419\/23032\/4.jpg\" border=\"0\" alt=\"kto\u015b korzysta z laptopa pod\u0142\u0105czonego do stacji zasilania dji Power 1000 V2\" \/>\n<\/p>\n<h3>Swoboda \u0142adowania<\/h3>\n<p>Niezale\u017cnie od tego, czy korzystasz z tradycyjnego gniazdka, podr\u00f3\u017cujesz autem czy korzystasz z energii s\u0142onecznej \u2013 DJI Power 1000 V2 daje Ci elastyczno\u015b\u0107 \u0142adowania w dowolnych warunkach. Przy u\u017cyciu gniazda sieciowego na\u0142adujesz stacj\u0119 od 0 do 80% w oko\u0142o 37 minut, a do pe\u0142na w mniej ni\u017c godzin\u0119. Korzystaj\u0105c z paneli fotowoltaicznych Zignes 120 W i adaptera MPPT lub specjalnej \u0142adowarki solarno-samochodowej DJI 1.8kW (do zakupienia oddzielnie), mo\u017cesz osi\u0105gn\u0105\u0107 pe\u0142ne na\u0142adowanie w oko\u0142o 40 minut. W podr\u00f3\u017cy \u015bwietnie sprawdzi si\u0119 r\u00f3wnie\u017c \u0142adowanie z instalacji samochodowej \u2013 w kamperze lub aucie (dost\u0119pne przy u\u017cyciu odpowiednich \u0142adowarek). Z dodatkowymi akumulatorami czas \u0142adowania to oko\u0142o 78 minut.<\/p>\n<p>\n<img decoding=\"async\" src=\"https:\/\/assets.innpro.pl\/17419\/23032\/6.jpg\" border=\"0\" alt=\"Power 1000 V2 \u0142aduje si\u0119 z paneli fotowoltaicznych\" \/>\n<\/p>\n<h3>Niezawodno\u015b\u0107, kt\u00f3ra trwa latami<\/h3>\n<p>Wykorzystanie akumulator\u00f3w LFP przek\u0142ada si\u0119 na wyj\u0105tkow\u0105 trwa\u0142o\u015b\u0107 urz\u0105dzenia \u2013 nawet po 4000 cyklach \u0142adowania stacja zachowuje 80% swojej pierwotnej pojemno\u015bci. Przek\u0142ada si\u0119 to na oko\u0142o 10 lat codziennej eksploatacji. Bezpiecze\u0144stwo pracy zapewnia zaawansowany system BMS oraz 25 bezpiecznik\u00f3w. Stacja jest gotowa na ekstremalne warunki \u2013 dzia\u0142a nawet przy 45\u00b0C, a jej konstrukcja wytrzymuje upadki i nacisk do 1 tony. Odporno\u015b\u0107 na wilgo\u0107, wysokie po\u0142o\u017cenia oraz s\u00f3l morsk\u0105 pozwala korzysta\u0107 z niej niemal wsz\u0119dzie.<\/p>\n<p>\n<img decoding=\"async\" src=\"https:\/\/assets.innpro.pl\/17419\/23032\/5.jpg\" border=\"0\" alt=\"zbli\u017cenie na wy\u015bwietlacz stacji zasilania dji Power 1000 V2\" \/>\n<\/p>\n<h3>Zasilanie awaryjne w 10 milisekund<\/h3>\n<p>Zintegrowany tryb UPS pozwala DJI Power 1000 V2 b\u0142yskawicznie prze\u0142\u0105czy\u0107 si\u0119 na zasilanie awaryjne w razie przerwy w dostawie pr\u0105du \u2013 zajmuje to jedynie 10 ms. Dzi\u0119ki temu masz gwarancj\u0119 nieprzerwanego dzia\u0142ania wra\u017cliwego sprz\u0119tu \u2013 od serwer\u00f3w po urz\u0105dzenia medyczne. To poziom bezpiecze\u0144stwa, kt\u00f3ry mo\u017ce mie\u0107 realne znaczenie w kluczowych momentach.<\/p>\n<p>\n<img decoding=\"async\" src=\"https:\/\/assets.innpro.pl\/17419\/23032\/8.jpg\" border=\"0\" alt=\"stacja zasilania dji Power 1000 V2 zasila komputer w ciemnym pomieszczeniu\" \/>\n<\/p>\n<h3>Komfort u\u017cytkowania dzi\u0119ki cichej pracy<\/h3>\n<p>DJI Power 1000 V2 pracuje wyj\u0105tkowo cicho \u2013 generuj\u0105c jedynie 26 dB podczas \u0142adowania. Oznacza to, \u017ce mo\u017cesz korzysta\u0107 z niej w nocy, podczas snu lub w chwilach relaksu, nie zak\u0142\u00f3caj\u0105c domowej ciszy. To subtelna technologia, kt\u00f3ra dzia\u0142a w tle, nie zaburzaj\u0105c Twojego spokoju.<\/p>\n<p>\n<img decoding=\"async\" src=\"https:\/\/assets.innpro.pl\/17419\/23032\/7.jpg\" border=\"0\" alt=\"rybak \u0142owi ryby i zasila lod\u00f3wk\u0119 ze stacji dji Power 1000 V2\" \/>\n<\/p>\n<h3>Intuicyjna kontrola z aplikacj\u0105 DJI Home<\/h3>\n<p>Dzi\u0119ki kompatybilno\u015bci z aplikacj\u0105 DJI Home, zarz\u0105dzanie stacj\u0105 zasilania staje si\u0119 wyj\u0105tkowo proste. Mo\u017cesz zdalnie kontrolowa\u0107 wyj\u015bcia AC, zmienia\u0107 ustawienia, sprawdza\u0107 status zasilania oraz zarz\u0105dza\u0107 dodatkowymi bateriami i \u0142adowarkami DJI Power 1kW oraz 1.8kW. Wystarczy kilka klikni\u0119\u0107 na ekranie smartfona.<\/p>\n<p>\n<img decoding=\"async\" src=\"https:\/\/assets.innpro.pl\/17419\/23032\/10.jpg\" border=\"0\" alt=\"m\u0119\u017cczyzna trzyma telefon z w\u0142\u0105czon\u0105 aplikacj\u0105 do zarz\u0105dzania stacj\u0105 zasilania dji\" \/>\n<\/p>\n<h3>Jeszcze wi\u0119ksze mo\u017cliwo\u015bci z dodatkowymi akcesoriami<\/h3>\n<p>DJI Power 1000 V2 oferuje wsparcie dla wielu akcesori\u00f3w (dost\u0119pnych osobno), kt\u00f3re pod\u0142\u0105czysz dzi\u0119ki portom AC, SDC, SDC Lite, USB-A oraz otworom gwintowanym 1\/4\u201d. W\u015br\u00f3d dost\u0119pnych dodatk\u00f3w znajdziesz adapter MPPT i panele fotowoltaiczne Zignes 120 W \u2013 idealne do \u0142adowania energi\u0105 s\u0142oneczn\u0105. Oferowana torba ochronna u\u0142atwia bezpieczny transport stacji. W sprzeda\u017cy dost\u0119pne s\u0105 te\u017c szybkie \u0142adowarki: DJI Power 1kW Super Fast Charger z funkcj\u0105 dwukierunkowego \u0142adowania mi\u0119dzy pojazdem a stacj\u0105, oraz DJI Power 1.8kW Solar\/Car Super Fast Charger, kt\u00f3ra dodatkowo obs\u0142uguje panele s\u0142oneczne \u2013 idealna do zastosowania w kamperach. Mo\u017cliwo\u015bci s\u0105 ogromne!<\/p>\n<p>\n<img decoding=\"async\" src=\"https:\/\/assets.innpro.pl\/17419\/23032\/9.jpg\" border=\"0\" alt=\"stacja zasilania dji Power 1000 V2, obok w\u0142\u0105czona lampka, z ty\u0142u \u015bpi\u0105cy m\u0119\u017cczyzna\" \/>\n<\/p>\n<h3>W zestawie<\/h3>\n<ul class=\"list-disc pl-5\">\n<li>Stacja zasilania DJI Power 1000 V2<\/li>\n<li>Kabel zasilaj\u0105cy DJI Power AC<\/li>\n<li>Dokumenty<\/li>\n<\/ul>\n<div class=\"table-wrapper\">\n<p>\u00a0<\/p>\n<h3>Og\u00f3lne<\/h3>\n<table>\n<tbody>\n<tr>\n<th>Model <\/th>\n<td>DYM1000V2H<\/td>\n<\/tr>\n<tr>\n<th>Chemia ogniw <\/th>\n<td>LFP (litowo-\u017celazowo-fosforanowe)<\/td>\n<\/tr>\n<tr>\n<th>Pojemno\u015b\u0107 <\/th>\n<td>1024 Wh<\/td>\n<\/tr>\n<tr>\n<th>\u017bywotno\u015b\u0107 <\/th>\n<td>Zachowuje ponad 80% pojemno\u015bci po 4000 cykli \u0142adowania.<br \/>*Jeden cykl oznacza pe\u0142ne na\u0142adowanie i roz\u0142adowanie. Przetestowano w \u015brodowisku laboratoryjnym, w temperaturze 25\u00b0C (77\u00b0F), \u0142aduj\u0105c stacj\u0119 DJI Power 1000 V2 w trybie Standard i roz\u0142adowuj\u0105c j\u0105 z moc\u0105 1000 W (do zasilania urz\u0105dze\u0144 zewn\u0119trznych).<\/td>\n<\/tr>\n<tr>\n<th>Waga <\/th>\n<td>Ok. 14,2 kg<\/td>\n<\/tr>\n<tr>\n<th>Wymiary <\/th>\n<td>448\u00d7225\u00d7230 mm (d\u0142.\u00d7szer.\u00d7wys.)<\/td>\n<\/tr>\n<tr>\n<th>Liczba port\u00f3w <\/th>\n<td>Wyj\u015bcie AC \u00d7 4 (dla region\u00f3w ze standardami CN, US i JP)*<br \/>Wyj\u015bcie AC \u00d7 2 (dla pozosta\u0142ych kraj\u00f3w i region\u00f3w)* <br \/>USB-C \u00d7 2<br \/>USB-A \u00d7 2<br \/>SDC \u00d7 1<br \/>SDC Lite \u00d7 1<br \/>Wej\u015bcie AC \u00d7 1<br \/>*Modele przeznaczone dla region\u00f3w ze standardami CN, US i JP maj\u0105 cztery porty wyj\u015bciowe AC. Ze wzgl\u0119du na r\u00f3\u017cnice w rozmiarach gniazd, modele dla pozosta\u0142ych region\u00f3w maj\u0105 tylko dwa.<\/td>\n<\/tr>\n<tr>\n<th>Maksymalna wysoko\u015b\u0107 pracy <\/th>\n<td>5000 m<\/td>\n<\/tr>\n<\/tbody>\n<\/table>\n<p>\u00a0<\/p>\n<h3>Parametry wyj\u015bciowe<\/h3>\n<table>\n<tbody>\n<tr>\n<th>Wyj\u015bcie AC<\/th>\n<td>DYM1000V2H: AC 220\u2013240 V, 50\/60 Hz, maks. nat\u0119\u017cenie: 10,9 A;<br \/>*Parametry wyj\u015bcia AC mog\u0105 si\u0119 r\u00f3\u017cni\u0107 w zale\u017cno\u015bci od kraju i regionu.<\/td>\n<\/tr>\n<tr>\n<th>Wyj\u015bcie AC (tryb Bypass) <\/th>\n<td>DYM1000V2H: AC 220\u2013240 V, maks. nat\u0119\u017cenie: 10 A;<\/td>\n<\/tr>\n<tr>\n<th>Wyj\u015bcie USB-A<\/th>\n<td>5 V, 3 A;<br \/>9 V, 2 A;<br \/>12 V, 2 A;<br \/>Maks. moc wyj\u015bciowa na kana\u0142: 24 W;<\/td>\n<\/tr>\n<tr>\n<th>Wyj\u015bcie USB-C <\/th>\n<td>5 V, 5 A;<br \/>9 V, 5 A;<br \/>12 V, 5 A;<br \/>15 V, 5 A;<br \/>20 V, 5 A;<br \/>28 V, 5 A (EPR);<br \/>Maks. moc wyj\u015bciowa na kana\u0142: 140 W*;<br \/>*Port USB-C obs\u0142uguje maksymaln\u0105 moc wyj\u015bciow\u0105 140 W. \u0141adowane urz\u0105dzenie musi obs\u0142ugiwa\u0107 standard PD 3.1 oraz by\u0107 pod\u0142\u0105czone przewodem USB zgodnym ze specyfikacj\u0105 EPR.<\/td>\n<\/tr>\n<tr>\n<th>Wyj\u015bcie SDC <\/th>\n<td>SDC: 9\u201328 V lub 32\u201358,4 V, maks. nat\u0119\u017cenie: 42 A (do szybkiego \u0142adowania dron\u00f3w DJI i nie tylko);<br \/>SDC Lite: 9\u201327 V, maks. nat\u0119\u017cenie: 10 A;<br \/>*Porty SDC i SDC Lite umo\u017cliwiaj\u0105 pod\u0142\u0105czanie wielu r\u00f3\u017cnych akcesori\u00f3w.<\/td>\n<\/tr>\n<\/tbody>\n<\/table>\n<p>\u00a0<\/p>\n<h3>Parametry wej\u015bciowe<\/h3>\n<table>\n<tbody>\n<tr>\n<th>Wej\u015bcie AC <\/th>\n<td>DYM1000V2H:<br \/>AC 220\u2013240 V, 50\/60 Hz, maks. nat\u0119\u017cenie: 6,5 A;<br \/>AC 220\u2013240 V, 50\/60 Hz, maks. nat\u0119\u017cenie: 10 A (tryb Bypass);<\/td>\n<\/tr>\n<tr>\n<th>Wej\u015bcie SDC <\/th>\n<td>SDC: DC 32\u201358,4 V, maks. nat\u0119\u017cenie: 60 A;<br \/>SDC Lite: DC 32\u201358,4 V, maks. nat\u0119\u017cenie: 8 A;<br \/>Porty SDC i SDC Lite umo\u017cliwiaj\u0105 pod\u0142\u0105czanie wielu r\u00f3\u017cnych akcesori\u00f3w.<\/td>\n<\/tr>\n<tr>\n<th>Temperatura zasilania <\/th>\n<td>Od -10\u00b0C do 45\u00b0C (od 14\u00b0F do 113\u00b0F)<\/td>\n<\/tr>\n<tr>\n<th>Temperatura \u0142adowania <\/th>\n<td>Od 0\u00b0C do 45\u00b0C (od 32\u00b0F do 113\u00b0F)<\/td>\n<\/tr>\n<tr>\n<th>Temperatura przechowywania <\/th>\n<td>Od -10\u00b0C do 45\u00b0C (od 14\u00b0F do 113\u00b0F)<\/td>\n<\/tr>\n<tr>\n<th>Moc nadajnika (EIRP) <\/th>\n<td>Wi-Fi (802.11 b\/g\/n): 2,4000\u20132,4835 GHz: &lt; 20 dBm (FCC\/CE\/SRRC\/MIC);<br \/>Bluetooth 5.0: 2,4000\u20132,4835 GHz: &lt; 7 dBm;<br \/>*Obs\u0142ugiwane pasma cz\u0119stotliwo\u015bci i ich dost\u0119pno\u015b\u0107 r\u00f3\u017cni\u0105 si\u0119 w zale\u017cno\u015bci od kraju\/regionu. Szczeg\u00f3\u0142owe informacje znajdziesz w lokalnych przepisach i regulacjach prawnych.<\/td>\n<\/tr>\n<\/tbody>\n<\/table>\n<\/div>\n","protected":false},"excerpt":{"rendered":"<p>DJI Power 1000 V2 Nieprzewidziana przerwa w dostawie pr\u0105du? A mo\u017ce weekend pod namiotem lub podr\u00f3\u017c kamperem? DJI Power 1000<\/p>\n","protected":false},"featured_media":49539,"comment_status":"closed","ping_status":"open","template":"","meta":{"_acf_changed":false},"product_brand":[],"product_cat":[1108,1111,6199],"product_tag":[],"class_list":{"0":"post-60730","1":"product","2":"type-product","3":"status-publish","4":"has-post-thumbnail","6":"product_cat-energia","7":"product_cat-stacje-zasilania","8":"product_cat-stacje-zasilania-stacje-zasilania","9":"pa_okres-gwarancji-5754","10":"pa_producent-dji","12":"first","13":"outofstock","14":"taxable","15":"shipping-taxable","16":"purchasable","17":"product-type-simple"},"acf":[],"yoast_head":"<!-- This site is optimized with the Yoast SEO plugin v27.2 - https:\/\/yoast.com\/product\/yoast-seo-wordpress\/ -->\n<title>Stacja zasilania DJI Power 1000 V2 1024Wh - IRONSKY.PL Sklep z Dronami<\/title>\n<meta name=\"description\" content=\"Stacja zasilania DJI Power 1000 V2 1024Wh - \u2705 sklep z dronami i fachowym doradztwem. \u2705 Tutaj kupisz produkty DJI, Yuneec, Parrot, Syma i wiele innych, a tak\u017ce kursy i licencje na operatora drona.\" \/>\n<meta name=\"robots\" content=\"index, follow, max-snippet:-1, max-image-preview:large, max-video-preview:-1\" \/>\n<link rel=\"canonical\" href=\"https:\/\/ironsky.pl\/sklep\/produkt\/stacja-zasilania-dji-power-1000-v2-1024wh\/\" \/>\n<meta property=\"og:locale\" content=\"pl_PL\" \/>\n<meta property=\"og:type\" content=\"article\" \/>\n<meta property=\"og:title\" content=\"Stacja zasilania DJI Power 1000 V2 1024Wh - IRONSKY.PL Sklep z Dronami\" \/>\n<meta property=\"og:description\" content=\"Stacja zasilania DJI Power 1000 V2 1024Wh - \u2705 sklep z dronami i fachowym doradztwem. \u2705 Tutaj kupisz produkty DJI, Yuneec, Parrot, Syma i wiele innych, a tak\u017ce kursy i licencje na operatora drona.\" \/>\n<meta property=\"og:url\" content=\"https:\/\/ironsky.pl\/sklep\/produkt\/stacja-zasilania-dji-power-1000-v2-1024wh\/\" \/>\n<meta property=\"og:site_name\" content=\"IRONSKY.PL Sklep z Dronami\" \/>\n<meta property=\"article:modified_time\" content=\"2026-04-15T09:07:04+00:00\" \/>\n<meta property=\"og:image\" content=\"https:\/\/ironsky.pl\/sklep\/wp-content\/uploads\/2025\/10\/53986_1.jpg\" \/>\n\t<meta property=\"og:image:width\" content=\"800\" \/>\n\t<meta property=\"og:image:height\" content=\"800\" \/>\n\t<meta property=\"og:image:type\" content=\"image\/jpeg\" \/>\n<meta name=\"twitter:card\" content=\"summary_large_image\" \/>\n<meta name=\"twitter:label1\" content=\"Szacowany czas czytania\" \/>\n\t<meta name=\"twitter:data1\" content=\"7 minut\" \/>\n<script type=\"application\/ld+json\" class=\"yoast-schema-graph\">{\"@context\":\"https:\/\/schema.org\",\"@graph\":[{\"@type\":\"WebPage\",\"@id\":\"https:\/\/ironsky.pl\/sklep\/produkt\/stacja-zasilania-dji-power-1000-v2-1024wh\/\",\"url\":\"https:\/\/ironsky.pl\/sklep\/produkt\/stacja-zasilania-dji-power-1000-v2-1024wh\/\",\"name\":\"Stacja zasilania DJI Power 1000 V2 1024Wh - IRONSKY.PL Sklep z Dronami\",\"isPartOf\":{\"@id\":\"https:\/\/ironsky.pl\/sklep\/#website\"},\"primaryImageOfPage\":{\"@id\":\"https:\/\/ironsky.pl\/sklep\/produkt\/stacja-zasilania-dji-power-1000-v2-1024wh\/#primaryimage\"},\"image\":{\"@id\":\"https:\/\/ironsky.pl\/sklep\/produkt\/stacja-zasilania-dji-power-1000-v2-1024wh\/#primaryimage\"},\"thumbnailUrl\":\"https:\/\/ironsky.pl\/sklep\/wp-content\/uploads\/2025\/10\/53986_1.jpg\",\"datePublished\":\"2026-04-15T09:06:57+00:00\",\"dateModified\":\"2026-04-15T09:07:04+00:00\",\"description\":\"Stacja zasilania DJI Power 1000 V2 1024Wh - \u2705 sklep z dronami i fachowym doradztwem. \u2705 Tutaj kupisz produkty DJI, Yuneec, Parrot, Syma i wiele innych, a tak\u017ce kursy i licencje na operatora drona.\",\"breadcrumb\":{\"@id\":\"https:\/\/ironsky.pl\/sklep\/produkt\/stacja-zasilania-dji-power-1000-v2-1024wh\/#breadcrumb\"},\"inLanguage\":\"pl-PL\",\"potentialAction\":[{\"@type\":\"ReadAction\",\"target\":[\"https:\/\/ironsky.pl\/sklep\/produkt\/stacja-zasilania-dji-power-1000-v2-1024wh\/\"]}]},{\"@type\":\"ImageObject\",\"inLanguage\":\"pl-PL\",\"@id\":\"https:\/\/ironsky.pl\/sklep\/produkt\/stacja-zasilania-dji-power-1000-v2-1024wh\/#primaryimage\",\"url\":\"https:\/\/ironsky.pl\/sklep\/wp-content\/uploads\/2025\/10\/53986_1.jpg\",\"contentUrl\":\"https:\/\/ironsky.pl\/sklep\/wp-content\/uploads\/2025\/10\/53986_1.jpg\",\"width\":800,\"height\":800},{\"@type\":\"BreadcrumbList\",\"@id\":\"https:\/\/ironsky.pl\/sklep\/produkt\/stacja-zasilania-dji-power-1000-v2-1024wh\/#breadcrumb\",\"itemListElement\":[{\"@type\":\"ListItem\",\"position\":1,\"name\":\"Strona g\u0142\u00f3wna\",\"item\":\"https:\/\/ironsky.pl\/sklep\/\"},{\"@type\":\"ListItem\",\"position\":2,\"name\":\"Wszystkie produkty\",\"item\":\"https:\/\/ironsky.pl\/sklep\/produkty\/\"},{\"@type\":\"ListItem\",\"position\":3,\"name\":\"Stacja zasilania DJI Power 1000 V2 1024Wh\"}]},{\"@type\":\"WebSite\",\"@id\":\"https:\/\/ironsky.pl\/sklep\/#website\",\"url\":\"https:\/\/ironsky.pl\/sklep\/\",\"name\":\"IRONSKY.PL Sklep z Dronami\",\"description\":\"IRONSKY.PL Sklep z Dronami\",\"potentialAction\":[{\"@type\":\"SearchAction\",\"target\":{\"@type\":\"EntryPoint\",\"urlTemplate\":\"https:\/\/ironsky.pl\/sklep\/?s={search_term_string}\"},\"query-input\":{\"@type\":\"PropertyValueSpecification\",\"valueRequired\":true,\"valueName\":\"search_term_string\"}}],\"inLanguage\":\"pl-PL\"}]}<\/script>\n<!-- \/ Yoast SEO plugin. -->","yoast_head_json":{"title":"Stacja zasilania DJI Power 1000 V2 1024Wh - IRONSKY.PL Sklep z Dronami","description":"Stacja zasilania DJI Power 1000 V2 1024Wh - \u2705 sklep z dronami i fachowym doradztwem. \u2705 Tutaj kupisz produkty DJI, Yuneec, Parrot, Syma i wiele innych, a tak\u017ce kursy i licencje na operatora drona.","robots":{"index":"index","follow":"follow","max-snippet":"max-snippet:-1","max-image-preview":"max-image-preview:large","max-video-preview":"max-video-preview:-1"},"canonical":"https:\/\/ironsky.pl\/sklep\/produkt\/stacja-zasilania-dji-power-1000-v2-1024wh\/","og_locale":"pl_PL","og_type":"article","og_title":"Stacja zasilania DJI Power 1000 V2 1024Wh - IRONSKY.PL Sklep z Dronami","og_description":"Stacja zasilania DJI Power 1000 V2 1024Wh - \u2705 sklep z dronami i fachowym doradztwem. \u2705 Tutaj kupisz produkty DJI, Yuneec, Parrot, Syma i wiele innych, a tak\u017ce kursy i licencje na operatora drona.","og_url":"https:\/\/ironsky.pl\/sklep\/produkt\/stacja-zasilania-dji-power-1000-v2-1024wh\/","og_site_name":"IRONSKY.PL Sklep z Dronami","article_modified_time":"2026-04-15T09:07:04+00:00","og_image":[{"width":800,"height":800,"url":"https:\/\/ironsky.pl\/sklep\/wp-content\/uploads\/2025\/10\/53986_1.jpg","type":"image\/jpeg"}],"twitter_card":"summary_large_image","twitter_misc":{"Szacowany czas czytania":"7 minut"},"schema":{"@context":"https:\/\/schema.org","@graph":[{"@type":"WebPage","@id":"https:\/\/ironsky.pl\/sklep\/produkt\/stacja-zasilania-dji-power-1000-v2-1024wh\/","url":"https:\/\/ironsky.pl\/sklep\/produkt\/stacja-zasilania-dji-power-1000-v2-1024wh\/","name":"Stacja zasilania DJI Power 1000 V2 1024Wh - IRONSKY.PL Sklep z Dronami","isPartOf":{"@id":"https:\/\/ironsky.pl\/sklep\/#website"},"primaryImageOfPage":{"@id":"https:\/\/ironsky.pl\/sklep\/produkt\/stacja-zasilania-dji-power-1000-v2-1024wh\/#primaryimage"},"image":{"@id":"https:\/\/ironsky.pl\/sklep\/produkt\/stacja-zasilania-dji-power-1000-v2-1024wh\/#primaryimage"},"thumbnailUrl":"https:\/\/ironsky.pl\/sklep\/wp-content\/uploads\/2025\/10\/53986_1.jpg","datePublished":"2026-04-15T09:06:57+00:00","dateModified":"2026-04-15T09:07:04+00:00","description":"Stacja zasilania DJI Power 1000 V2 1024Wh - \u2705 sklep z dronami i fachowym doradztwem. \u2705 Tutaj kupisz produkty DJI, Yuneec, Parrot, Syma i wiele innych, a tak\u017ce kursy i licencje na operatora drona.","breadcrumb":{"@id":"https:\/\/ironsky.pl\/sklep\/produkt\/stacja-zasilania-dji-power-1000-v2-1024wh\/#breadcrumb"},"inLanguage":"pl-PL","potentialAction":[{"@type":"ReadAction","target":["https:\/\/ironsky.pl\/sklep\/produkt\/stacja-zasilania-dji-power-1000-v2-1024wh\/"]}]},{"@type":"ImageObject","inLanguage":"pl-PL","@id":"https:\/\/ironsky.pl\/sklep\/produkt\/stacja-zasilania-dji-power-1000-v2-1024wh\/#primaryimage","url":"https:\/\/ironsky.pl\/sklep\/wp-content\/uploads\/2025\/10\/53986_1.jpg","contentUrl":"https:\/\/ironsky.pl\/sklep\/wp-content\/uploads\/2025\/10\/53986_1.jpg","width":800,"height":800},{"@type":"BreadcrumbList","@id":"https:\/\/ironsky.pl\/sklep\/produkt\/stacja-zasilania-dji-power-1000-v2-1024wh\/#breadcrumb","itemListElement":[{"@type":"ListItem","position":1,"name":"Strona g\u0142\u00f3wna","item":"https:\/\/ironsky.pl\/sklep\/"},{"@type":"ListItem","position":2,"name":"Wszystkie produkty","item":"https:\/\/ironsky.pl\/sklep\/produkty\/"},{"@type":"ListItem","position":3,"name":"Stacja zasilania DJI Power 1000 V2 1024Wh"}]},{"@type":"WebSite","@id":"https:\/\/ironsky.pl\/sklep\/#website","url":"https:\/\/ironsky.pl\/sklep\/","name":"IRONSKY.PL Sklep z Dronami","description":"IRONSKY.PL Sklep z Dronami","potentialAction":[{"@type":"SearchAction","target":{"@type":"EntryPoint","urlTemplate":"https:\/\/ironsky.pl\/sklep\/?s={search_term_string}"},"query-input":{"@type":"PropertyValueSpecification","valueRequired":true,"valueName":"search_term_string"}}],"inLanguage":"pl-PL"}]}},"_links":{"self":[{"href":"https:\/\/ironsky.pl\/sklep\/wp-json\/wp\/v2\/product\/60730","targetHints":{"allow":["GET"]}}],"collection":[{"href":"https:\/\/ironsky.pl\/sklep\/wp-json\/wp\/v2\/product"}],"about":[{"href":"https:\/\/ironsky.pl\/sklep\/wp-json\/wp\/v2\/types\/product"}],"replies":[{"embeddable":true,"href":"https:\/\/ironsky.pl\/sklep\/wp-json\/wp\/v2\/comments?post=60730"}],"wp:featuredmedia":[{"embeddable":true,"href":"https:\/\/ironsky.pl\/sklep\/wp-json\/wp\/v2\/media\/49539"}],"wp:attachment":[{"href":"https:\/\/ironsky.pl\/sklep\/wp-json\/wp\/v2\/media?parent=60730"}],"wp:term":[{"taxonomy":"product_brand","embeddable":true,"href":"https:\/\/ironsky.pl\/sklep\/wp-json\/wp\/v2\/product_brand?post=60730"},{"taxonomy":"product_cat","embeddable":true,"href":"https:\/\/ironsky.pl\/sklep\/wp-json\/wp\/v2\/product_cat?post=60730"},{"taxonomy":"product_tag","embeddable":true,"href":"https:\/\/ironsky.pl\/sklep\/wp-json\/wp\/v2\/product_tag?post=60730"}],"curies":[{"name":"wp","href":"https:\/\/api.w.org\/{rel}","templated":true}]}}