{"id":60729,"date":"2026-04-15T11:06:57","date_gmt":"2026-04-15T09:06:57","guid":{"rendered":"https:\/\/ironsky.pl\/sklep\/produkt\/panel-fotowoltaiczny-ecoflow-nextgen-220w-bifacjalny\/"},"modified":"2026-04-15T11:07:01","modified_gmt":"2026-04-15T09:07:01","slug":"panel-fotowoltaiczny-ecoflow-nextgen-220w-bifacjalny","status":"publish","type":"product","link":"https:\/\/ironsky.pl\/sklep\/produkt\/panel-fotowoltaiczny-ecoflow-nextgen-220w-bifacjalny\/","title":{"rendered":"Panel fotowoltaiczny ECOFLOW NextGen 220W bifacjalny"},"content":{"rendered":"<h3>Panel fotowoltaiczny EcoFlow 220W NextGen bifacjalny<\/h3>\n<p>EcoFlow 220W NextGen to zaawansowany, bifacjalny panel fotowoltaiczny, kt\u00f3ry \u0142\u0105czy w sobie inteligentn\u0105 technologi\u0119 TOPCon, wysok\u0105 wydajno\u015b\u0107 i elastyczno\u015b\u0107. Dzi\u0119ki podw\u00f3jnej powierzchni zbieraj\u0105cej \u015bwiat\u0142o generuje nawet o 28% wi\u0119cej energii ni\u017c tradycyjne panele. Wysoka sprawno\u015b\u0107 konwersji (do 25%), wodoodporno\u015b\u0107 klasy IP68, zintegrowany wska\u017anik k\u0105ta nachylenia oraz lekka, kompaktowa konstrukcja sprawiaj\u0105, \u017ce jest to idealne rozwi\u0105zanie dla wszystkich, kt\u00f3rzy chc\u0105 \u0142adowa\u0107 swoje stacje zasilania szybciej i wydajniej w ka\u017cdych warunkach.<\/p>\n<p>\n<img decoding=\"async\" src=\"https:\/\/assets.innpro.pl\/17420\/23047\/9.jpg\" border=\"0\" alt=\"\" \/>\n<\/p>\n<h3>Bifacjalna konstrukcja \u2013 wi\u0119cej s\u0142o\u0144ca, wi\u0119cej mocy<\/h3>\n<p>Dwustronny design panelu pozwala na wykorzystanie nie tylko bezpo\u015bredniego \u015bwiat\u0142a s\u0142onecznego (220 W z przodu), ale tak\u017ce \u015bwiat\u0142a odbitego od otoczenia (do 175 W z ty\u0142u). Niezale\u017cnie od tego, czy rozstawisz panel na trawie, betonie, piasku czy \u015bniegu, zyskujesz nawet do 28% wi\u0119cej energii w por\u00f3wnaniu z tradycyjnymi panelami.<\/p>\n<p>\n<img decoding=\"async\" src=\"https:\/\/assets.innpro.pl\/17420\/23047\/5.jpg\" border=\"0\" alt=\"\" \/>\n<\/p>\n<h3>Rekordowa sprawno\u015b\u0107 dzi\u0119ki technologii TOPCon<\/h3>\n<p>EcoFlow 220W NextGen to pierwszy w bran\u017cy panel, w kt\u00f3rym zastosowano technologi\u0119 TOPCon. Dzi\u0119ki niej sprawno\u015b\u0107 konwersji energii wzrasta do imponuj\u0105cych 25%. To oznacza szybsze \u0142adowanie i wi\u0119ksz\u0105 moc przy mniejszych wymiarach panelu \u2013 idealne po\u0142\u0105czenie dla podr\u00f3\u017cnik\u00f3w, camperowicz\u00f3w i wszystkich, kt\u00f3rzy ceni\u0105 sobie niezale\u017cno\u015b\u0107 energetyczn\u0105. Co wi\u0119cej, TOPCon zapewnia panelowi mniejsz\u0105 podatno\u015b\u0107 na degradacj\u0119 spowodowan\u0105 \u015bwiat\u0142em, co przek\u0142ada si\u0119 na d\u0142u\u017csz\u0105 \u017cywotno\u015b\u0107 i lepsz\u0105 wydajno\u015b\u0107. <\/p>\n<p>\n<img decoding=\"async\" src=\"https:\/\/assets.innpro.pl\/17420\/23047\/2.jpg\" border=\"0\" alt=\"\" \/>\n<\/p>\n<h3>Optymalna ekspozycja przez ca\u0142y dzie\u0144<\/h3>\n<p>Zintegrowany przewodnik k\u0105ta padania promieni s\u0142onecznych oraz regulowana podstawka (w zakresie 30\u201360\u00b0) umo\u017cliwiaj\u0105 precyzyjne ustawienie panelu pod odpowiednim k\u0105tem. Dzi\u0119ki temu zawsze skierujesz go idealnie w stron\u0119 s\u0142o\u0144ca, maksymalizuj\u0105c pob\u00f3r energii i skracaj\u0105c czas \u0142adowania.<\/p>\n<p>\n<img decoding=\"async\" src=\"https:\/\/assets.innpro.pl\/17420\/23047\/8.jpg\" border=\"0\" alt=\"\" \/>\n<\/p>\n<h3>Gotowy na ka\u017cde warunki<\/h3>\n<p>Panel posiada certyfikat wodoodporno\u015bci IP68, co oznacza, \u017ce niestraszny mu deszcz, wilgo\u0107 czy zachlapania. Doskonale sprawdzi si\u0119 nad jeziorem, w g\u00f3rach, a nawet na pok\u0142adzie \u0142odzi. Dodatkowo panel wyr\u00f3\u017cnia si\u0119 9-warstwow\u0105 struktur\u0105 i wysok\u0105 przepuszczalno\u015bci\u0105 \u015bwiat\u0142a, a zastosowanie tworzywa ETFE zapewnia mu ochron\u0119 przed lotnymi chemikaliami, wysokimi temperaturami i poziomami napr\u0119\u017ce\u0144 termicznych. ETFE jest ca\u0142kowicie przezroczysty dla promieni UV, co oznacza, \u017ce panel zawsze otrzymuje maksymaln\u0105 ilo\u015b\u0107 energii s\u0142onecznej. <\/p>\n<p>\n<img decoding=\"async\" src=\"https:\/\/assets.innpro.pl\/17420\/23047\/4.jpg\" border=\"0\" alt=\"\" \/>\n<\/p>\n<h3>Lekki, sk\u0142adany, mobilny<\/h3>\n<p>Dzi\u0119ki przemy\u015blanej konstrukcji panel \u0142atwo si\u0119 sk\u0142ada i nie zajmuje du\u017co miejsca \u2013 zmie\u015bci si\u0119 w szafce, kamperze czy baga\u017cniku. Wystarczy kilka sekund, by go roz\u0142o\u017cy\u0107 i rozpocz\u0105\u0107 \u0142adowanie. Wbudowane uniwersalne z\u0142\u0105cze solarne pozwala na wsp\u00f3\u0142prac\u0119 nie tylko ze stacjami EcoFlow, lecz tak\u017ce z wi\u0119kszo\u015bci\u0105 modeli dost\u0119pnych na rynku.<\/p>\n<p>\n<img decoding=\"async\" src=\"https:\/\/assets.innpro.pl\/17420\/23047\/1.jpg\" border=\"0\" alt=\"\" \/>\n<\/p>\n<h3>W zestawie<\/h3>\n<ul class=\"list-disc pl-5\">\n<li>panel fotowoltaiczny<\/li>\n<li>kabel \u0142adowania XT60i<\/li>\n<li>torba do przechowywania<\/li>\n<li>instrukcja obs\u0142ugi<\/li>\n<\/ul>\n<div class=\"table-wrapper\">\n<p>\u00a0<\/p>\n<h3><\/h3>\n<table>\n<tbody>\n<tr>\n<th>Producent<\/th>\n<td>EcoFlow<\/td>\n<\/tr>\n<tr>\n<th>Model<\/th>\n<td>EFSOLAR220W-N<\/td>\n<\/tr>\n<tr>\n<th>Moc znamieniowa<\/th>\n<td>220 W (\u00b15W) front, 175 W ty\u0142<\/td>\n<\/tr>\n<tr>\n<th>Sprawno\u015b\u0107 konwersji<\/th>\n<td>25%<\/td>\n<\/tr>\n<tr>\n<th>Wymiary<\/th>\n<td>615 x 2155 x 25 mm, z\u0142o\u017cone 615 x 590 x 32 mm<\/td>\n<\/tr>\n<tr>\n<th>Waga<\/th>\n<td>7 kg<\/td>\n<\/tr>\n<tr>\n<th>Napi\u0119cie obwodu otwartego<\/th>\n<td>21.5V (Vmp 18.4V)<\/td>\n<\/tr>\n<tr>\n<th>Pr\u0105d zwarciowy<\/th>\n<td>12.4A (Imp 11.9A) prz\u00f3r, 9.9A (Imp 9.5A) ty\u0142<\/td>\n<\/tr>\n<tr>\n<th>Klasa bezpiecze\u0144stwa<\/th>\n<td>IP68<\/td>\n<\/tr>\n<tr>\n<th>Rodzaj z\u0142\u0105cza<\/th>\n<td>Z\u0142\u0105cza fotowoltaiczne (przystosowane do z\u0142\u0105czy MC4)<\/td>\n<\/tr>\n<tr>\n<th>Rodzaj ogniwa<\/th>\n<td>Monokrystaliczny krzem TOPCon typu N <\/td>\n<\/tr>\n<\/tbody>\n<\/table>\n<\/div>\n","protected":false},"excerpt":{"rendered":"<p>Panel fotowoltaiczny EcoFlow 220W NextGen bifacjalny EcoFlow 220W NextGen to zaawansowany, bifacjalny panel fotowoltaiczny, kt\u00f3ry \u0142\u0105czy w sobie inteligentn\u0105 technologi\u0119<\/p>\n","protected":false},"featured_media":47959,"comment_status":"closed","ping_status":"open","template":"","meta":{"_acf_changed":false},"product_brand":[],"product_cat":[1108,6193,1110],"product_tag":[],"class_list":{"0":"post-60729","1":"product","2":"type-product","3":"status-publish","4":"has-post-thumbnail","6":"product_cat-energia","7":"product_cat-panele-fotowoltaiczne-panele-fotowoltaiczne","8":"product_cat-panele-fotowoltaiczne","9":"pa_okres-gwarancji-5757","10":"pa_producent-ecoflow","12":"first","13":"outofstock","14":"taxable","15":"shipping-taxable","16":"purchasable","17":"product-type-simple"},"acf":[],"yoast_head":"<!-- This site is optimized with the Yoast SEO plugin v27.2 - https:\/\/yoast.com\/product\/yoast-seo-wordpress\/ -->\n<title>Panel fotowoltaiczny ECOFLOW NextGen 220W bifacjalny - IRONSKY.PL Sklep z Dronami<\/title>\n<meta name=\"description\" content=\"Panel fotowoltaiczny ECOFLOW NextGen 220W bifacjalny - \u2705 sklep z dronami i fachowym doradztwem. \u2705 Tutaj kupisz produkty DJI, Yuneec, Parrot, Syma i wiele innych, a tak\u017ce kursy i licencje na operatora drona.\" \/>\n<meta name=\"robots\" content=\"index, follow, max-snippet:-1, max-image-preview:large, max-video-preview:-1\" \/>\n<link rel=\"canonical\" href=\"https:\/\/ironsky.pl\/sklep\/produkt\/panel-fotowoltaiczny-ecoflow-nextgen-220w-bifacjalny\/\" \/>\n<meta property=\"og:locale\" content=\"pl_PL\" \/>\n<meta property=\"og:type\" content=\"article\" \/>\n<meta property=\"og:title\" content=\"Panel fotowoltaiczny ECOFLOW NextGen 220W bifacjalny - IRONSKY.PL Sklep z Dronami\" \/>\n<meta property=\"og:description\" content=\"Panel fotowoltaiczny ECOFLOW NextGen 220W bifacjalny - \u2705 sklep z dronami i fachowym doradztwem. \u2705 Tutaj kupisz produkty DJI, Yuneec, Parrot, Syma i wiele innych, a tak\u017ce kursy i licencje na operatora drona.\" \/>\n<meta property=\"og:url\" content=\"https:\/\/ironsky.pl\/sklep\/produkt\/panel-fotowoltaiczny-ecoflow-nextgen-220w-bifacjalny\/\" \/>\n<meta property=\"og:site_name\" content=\"IRONSKY.PL Sklep z Dronami\" \/>\n<meta property=\"article:modified_time\" content=\"2026-04-15T09:07:01+00:00\" \/>\n<meta property=\"og:image\" content=\"https:\/\/ironsky.pl\/sklep\/wp-content\/uploads\/2025\/06\/53967_1.jpg\" \/>\n\t<meta property=\"og:image:width\" content=\"800\" \/>\n\t<meta property=\"og:image:height\" content=\"800\" \/>\n\t<meta property=\"og:image:type\" content=\"image\/jpeg\" \/>\n<meta name=\"twitter:card\" content=\"summary_large_image\" \/>\n<meta name=\"twitter:label1\" content=\"Szacowany czas czytania\" \/>\n\t<meta name=\"twitter:data1\" content=\"3 minuty\" \/>\n<script type=\"application\/ld+json\" class=\"yoast-schema-graph\">{\"@context\":\"https:\/\/schema.org\",\"@graph\":[{\"@type\":\"WebPage\",\"@id\":\"https:\/\/ironsky.pl\/sklep\/produkt\/panel-fotowoltaiczny-ecoflow-nextgen-220w-bifacjalny\/\",\"url\":\"https:\/\/ironsky.pl\/sklep\/produkt\/panel-fotowoltaiczny-ecoflow-nextgen-220w-bifacjalny\/\",\"name\":\"Panel fotowoltaiczny ECOFLOW NextGen 220W bifacjalny - IRONSKY.PL Sklep z Dronami\",\"isPartOf\":{\"@id\":\"https:\/\/ironsky.pl\/sklep\/#website\"},\"primaryImageOfPage\":{\"@id\":\"https:\/\/ironsky.pl\/sklep\/produkt\/panel-fotowoltaiczny-ecoflow-nextgen-220w-bifacjalny\/#primaryimage\"},\"image\":{\"@id\":\"https:\/\/ironsky.pl\/sklep\/produkt\/panel-fotowoltaiczny-ecoflow-nextgen-220w-bifacjalny\/#primaryimage\"},\"thumbnailUrl\":\"https:\/\/ironsky.pl\/sklep\/wp-content\/uploads\/2025\/06\/53967_1.jpg\",\"datePublished\":\"2026-04-15T09:06:57+00:00\",\"dateModified\":\"2026-04-15T09:07:01+00:00\",\"description\":\"Panel fotowoltaiczny ECOFLOW NextGen 220W bifacjalny - \u2705 sklep z dronami i fachowym doradztwem. \u2705 Tutaj kupisz produkty DJI, Yuneec, Parrot, Syma i wiele innych, a tak\u017ce kursy i licencje na operatora drona.\",\"breadcrumb\":{\"@id\":\"https:\/\/ironsky.pl\/sklep\/produkt\/panel-fotowoltaiczny-ecoflow-nextgen-220w-bifacjalny\/#breadcrumb\"},\"inLanguage\":\"pl-PL\",\"potentialAction\":[{\"@type\":\"ReadAction\",\"target\":[\"https:\/\/ironsky.pl\/sklep\/produkt\/panel-fotowoltaiczny-ecoflow-nextgen-220w-bifacjalny\/\"]}]},{\"@type\":\"ImageObject\",\"inLanguage\":\"pl-PL\",\"@id\":\"https:\/\/ironsky.pl\/sklep\/produkt\/panel-fotowoltaiczny-ecoflow-nextgen-220w-bifacjalny\/#primaryimage\",\"url\":\"https:\/\/ironsky.pl\/sklep\/wp-content\/uploads\/2025\/06\/53967_1.jpg\",\"contentUrl\":\"https:\/\/ironsky.pl\/sklep\/wp-content\/uploads\/2025\/06\/53967_1.jpg\",\"width\":800,\"height\":800},{\"@type\":\"BreadcrumbList\",\"@id\":\"https:\/\/ironsky.pl\/sklep\/produkt\/panel-fotowoltaiczny-ecoflow-nextgen-220w-bifacjalny\/#breadcrumb\",\"itemListElement\":[{\"@type\":\"ListItem\",\"position\":1,\"name\":\"Strona g\u0142\u00f3wna\",\"item\":\"https:\/\/ironsky.pl\/sklep\/\"},{\"@type\":\"ListItem\",\"position\":2,\"name\":\"Wszystkie produkty\",\"item\":\"https:\/\/ironsky.pl\/sklep\/produkty\/\"},{\"@type\":\"ListItem\",\"position\":3,\"name\":\"Panel fotowoltaiczny ECOFLOW NextGen 220W bifacjalny\"}]},{\"@type\":\"WebSite\",\"@id\":\"https:\/\/ironsky.pl\/sklep\/#website\",\"url\":\"https:\/\/ironsky.pl\/sklep\/\",\"name\":\"IRONSKY.PL Sklep z Dronami\",\"description\":\"IRONSKY.PL Sklep z Dronami\",\"potentialAction\":[{\"@type\":\"SearchAction\",\"target\":{\"@type\":\"EntryPoint\",\"urlTemplate\":\"https:\/\/ironsky.pl\/sklep\/?s={search_term_string}\"},\"query-input\":{\"@type\":\"PropertyValueSpecification\",\"valueRequired\":true,\"valueName\":\"search_term_string\"}}],\"inLanguage\":\"pl-PL\"}]}<\/script>\n<!-- \/ Yoast SEO plugin. -->","yoast_head_json":{"title":"Panel fotowoltaiczny ECOFLOW NextGen 220W bifacjalny - IRONSKY.PL Sklep z Dronami","description":"Panel fotowoltaiczny ECOFLOW NextGen 220W bifacjalny - \u2705 sklep z dronami i fachowym doradztwem. \u2705 Tutaj kupisz produkty DJI, Yuneec, Parrot, Syma i wiele innych, a tak\u017ce kursy i licencje na operatora drona.","robots":{"index":"index","follow":"follow","max-snippet":"max-snippet:-1","max-image-preview":"max-image-preview:large","max-video-preview":"max-video-preview:-1"},"canonical":"https:\/\/ironsky.pl\/sklep\/produkt\/panel-fotowoltaiczny-ecoflow-nextgen-220w-bifacjalny\/","og_locale":"pl_PL","og_type":"article","og_title":"Panel fotowoltaiczny ECOFLOW NextGen 220W bifacjalny - IRONSKY.PL Sklep z Dronami","og_description":"Panel fotowoltaiczny ECOFLOW NextGen 220W bifacjalny - \u2705 sklep z dronami i fachowym doradztwem. \u2705 Tutaj kupisz produkty DJI, Yuneec, Parrot, Syma i wiele innych, a tak\u017ce kursy i licencje na operatora drona.","og_url":"https:\/\/ironsky.pl\/sklep\/produkt\/panel-fotowoltaiczny-ecoflow-nextgen-220w-bifacjalny\/","og_site_name":"IRONSKY.PL Sklep z Dronami","article_modified_time":"2026-04-15T09:07:01+00:00","og_image":[{"width":800,"height":800,"url":"https:\/\/ironsky.pl\/sklep\/wp-content\/uploads\/2025\/06\/53967_1.jpg","type":"image\/jpeg"}],"twitter_card":"summary_large_image","twitter_misc":{"Szacowany czas czytania":"3 minuty"},"schema":{"@context":"https:\/\/schema.org","@graph":[{"@type":"WebPage","@id":"https:\/\/ironsky.pl\/sklep\/produkt\/panel-fotowoltaiczny-ecoflow-nextgen-220w-bifacjalny\/","url":"https:\/\/ironsky.pl\/sklep\/produkt\/panel-fotowoltaiczny-ecoflow-nextgen-220w-bifacjalny\/","name":"Panel fotowoltaiczny ECOFLOW NextGen 220W bifacjalny - IRONSKY.PL Sklep z Dronami","isPartOf":{"@id":"https:\/\/ironsky.pl\/sklep\/#website"},"primaryImageOfPage":{"@id":"https:\/\/ironsky.pl\/sklep\/produkt\/panel-fotowoltaiczny-ecoflow-nextgen-220w-bifacjalny\/#primaryimage"},"image":{"@id":"https:\/\/ironsky.pl\/sklep\/produkt\/panel-fotowoltaiczny-ecoflow-nextgen-220w-bifacjalny\/#primaryimage"},"thumbnailUrl":"https:\/\/ironsky.pl\/sklep\/wp-content\/uploads\/2025\/06\/53967_1.jpg","datePublished":"2026-04-15T09:06:57+00:00","dateModified":"2026-04-15T09:07:01+00:00","description":"Panel fotowoltaiczny ECOFLOW NextGen 220W bifacjalny - \u2705 sklep z dronami i fachowym doradztwem. \u2705 Tutaj kupisz produkty DJI, Yuneec, Parrot, Syma i wiele innych, a tak\u017ce kursy i licencje na operatora drona.","breadcrumb":{"@id":"https:\/\/ironsky.pl\/sklep\/produkt\/panel-fotowoltaiczny-ecoflow-nextgen-220w-bifacjalny\/#breadcrumb"},"inLanguage":"pl-PL","potentialAction":[{"@type":"ReadAction","target":["https:\/\/ironsky.pl\/sklep\/produkt\/panel-fotowoltaiczny-ecoflow-nextgen-220w-bifacjalny\/"]}]},{"@type":"ImageObject","inLanguage":"pl-PL","@id":"https:\/\/ironsky.pl\/sklep\/produkt\/panel-fotowoltaiczny-ecoflow-nextgen-220w-bifacjalny\/#primaryimage","url":"https:\/\/ironsky.pl\/sklep\/wp-content\/uploads\/2025\/06\/53967_1.jpg","contentUrl":"https:\/\/ironsky.pl\/sklep\/wp-content\/uploads\/2025\/06\/53967_1.jpg","width":800,"height":800},{"@type":"BreadcrumbList","@id":"https:\/\/ironsky.pl\/sklep\/produkt\/panel-fotowoltaiczny-ecoflow-nextgen-220w-bifacjalny\/#breadcrumb","itemListElement":[{"@type":"ListItem","position":1,"name":"Strona g\u0142\u00f3wna","item":"https:\/\/ironsky.pl\/sklep\/"},{"@type":"ListItem","position":2,"name":"Wszystkie produkty","item":"https:\/\/ironsky.pl\/sklep\/produkty\/"},{"@type":"ListItem","position":3,"name":"Panel fotowoltaiczny ECOFLOW NextGen 220W bifacjalny"}]},{"@type":"WebSite","@id":"https:\/\/ironsky.pl\/sklep\/#website","url":"https:\/\/ironsky.pl\/sklep\/","name":"IRONSKY.PL Sklep z Dronami","description":"IRONSKY.PL Sklep z Dronami","potentialAction":[{"@type":"SearchAction","target":{"@type":"EntryPoint","urlTemplate":"https:\/\/ironsky.pl\/sklep\/?s={search_term_string}"},"query-input":{"@type":"PropertyValueSpecification","valueRequired":true,"valueName":"search_term_string"}}],"inLanguage":"pl-PL"}]}},"_links":{"self":[{"href":"https:\/\/ironsky.pl\/sklep\/wp-json\/wp\/v2\/product\/60729","targetHints":{"allow":["GET"]}}],"collection":[{"href":"https:\/\/ironsky.pl\/sklep\/wp-json\/wp\/v2\/product"}],"about":[{"href":"https:\/\/ironsky.pl\/sklep\/wp-json\/wp\/v2\/types\/product"}],"replies":[{"embeddable":true,"href":"https:\/\/ironsky.pl\/sklep\/wp-json\/wp\/v2\/comments?post=60729"}],"wp:featuredmedia":[{"embeddable":true,"href":"https:\/\/ironsky.pl\/sklep\/wp-json\/wp\/v2\/media\/47959"}],"wp:attachment":[{"href":"https:\/\/ironsky.pl\/sklep\/wp-json\/wp\/v2\/media?parent=60729"}],"wp:term":[{"taxonomy":"product_brand","embeddable":true,"href":"https:\/\/ironsky.pl\/sklep\/wp-json\/wp\/v2\/product_brand?post=60729"},{"taxonomy":"product_cat","embeddable":true,"href":"https:\/\/ironsky.pl\/sklep\/wp-json\/wp\/v2\/product_cat?post=60729"},{"taxonomy":"product_tag","embeddable":true,"href":"https:\/\/ironsky.pl\/sklep\/wp-json\/wp\/v2\/product_tag?post=60729"}],"curies":[{"name":"wp","href":"https:\/\/api.w.org\/{rel}","templated":true}]}}