{"id":60728,"date":"2026-04-15T11:06:57","date_gmt":"2026-04-15T09:06:57","guid":{"rendered":"https:\/\/ironsky.pl\/sklep\/produkt\/noktowizor-cyfrowy-fnirsi-nvs-20-2\/"},"modified":"2026-04-15T11:06:59","modified_gmt":"2026-04-15T09:06:59","slug":"noktowizor-cyfrowy-fnirsi-nvs-20-2","status":"publish","type":"product","link":"https:\/\/ironsky.pl\/sklep\/produkt\/noktowizor-cyfrowy-fnirsi-nvs-20-2\/","title":{"rendered":"Noktowizor cyfrowy FNIRSI NVS-20"},"content":{"rendered":"<h3>Noktowizor cyfrowy FNIRSI NVS-20 z nagrywaniem 4K HD<\/h3>\n<p>FNIRSI NVS-20 to zaawansowany noktowizor cyfrowy, kt\u00f3ry umo\u017cliwia rejestrowanie obrazu w wysokiej rozdzielczo\u015bci 4K i robienie zdj\u0119\u0107 w jako\u015bci 36 MP \u2013 zar\u00f3wno w dzie\u0144, jak i w nocy. Dzi\u0119ki wbudowanemu trybowi dzienno-nocnemu, regulowanemu podczerwonemu o\u015bwietleniu 850 nm i 7-stopniowej skali mocy IR, urz\u0105dzenie zapewnia doskona\u0142\u0105 widoczno\u015b\u0107 w ka\u017cdych warunkach. W ca\u0142kowitej ciemno\u015bci zaobserwujesz obiekty oddalone nawet o 300 metr\u00f3w, a w dobrym o\u015bwietleniu \u2014 bez ogranicze\u0144.<\/p>\n<p>\n<img decoding=\"async\" src=\"https:\/\/assets.innpro.pl\/17438\/23069\/3.jpg\" border=\"0\" alt=\"Noktowizor cyfrowy FNIRSI NVS-40 w kolorze czarnym\" \/>\n<\/p>\n<h3>Zbli\u017cenie bez utraty jako\u015bci<\/h3>\n<p>Dzi\u0119ki cyfrowemu zoomowi do 6x z \u0142atwo\u015bci\u0105 przybli\u017cysz ka\u017cdy detal bez utraty ostro\u015bci. Precyzyjne pokr\u0119t\u0142o ogniskowania obiektywu pozwala szybko uzyska\u0107 wyra\u017any obraz, niezale\u017cnie od odleg\u0142o\u015bci. Wszystko, co widzisz, mo\u017cesz nie tylko zarejestrowa\u0107, ale i odtworzy\u0107 dzi\u0119ki funkcji podgl\u0105du nagra\u0144 i zdj\u0119\u0107 na wbudowanym ekranie IPS o przek\u0105tnej 1,54 cala.<\/p>\n<p>\n<img decoding=\"async\" src=\"https:\/\/assets.innpro.pl\/17438\/23069\/5.jpg\" border=\"0\" alt=\"Noktowizor FNIRSI NVS-40 pod\u0142\u0105czony do laptopa\" \/>\n<\/p>\n<h3>Kompaktowy i funkcjonalny<\/h3>\n<p>NVS-20 to urz\u0105dzenie o przemy\u015blanej, kompaktowej konstrukcji. Mie\u015bci si\u0119 w d\u0142oni, co czyni go lekkim i wygodnym w obs\u0142udze jedn\u0105 r\u0119k\u0105. Silikonowa os\u0142ona obiektywu chroni soczewki, a gwint do monta\u017cu statywu umo\u017cliwia stabilne ustawienie sprz\u0119tu, co u\u0142atwia robienie zdj\u0119\u0107 i nagra\u0144 w terenie.<\/p>\n<p>\n<img decoding=\"async\" src=\"https:\/\/assets.innpro.pl\/17438\/23069\/1.jpg\" border=\"0\" alt=\"Noktowizor FNIRSI gotowy na prac\u0119 w ka\u017cdych warunkach\" \/>\n<\/p>\n<h3>D\u0142ugi czas pracy i \u0142atwa obs\u0142uga<\/h3>\n<p>Zasilany wymiennym akumulatorem litowym 18650, noktowizor pracuje do 8 godzin bez IR i do 4 godzin z aktywnym pod\u015bwietleniem podczerwonym. Wbudowana karta pami\u0119ci 32 GB pozwala na zapis du\u017cej ilo\u015bci nagranych materia\u0142\u00f3w, kt\u00f3re mo\u017cna \u0142atwo przenie\u015b\u0107 przez port USB-C na komputer lub inne urz\u0105dzenie. Dzi\u0119ki temu mo\u017cesz w wygodny spos\u00f3b dzieli\u0107 si\u0119 uchwyconymi momentami w dziczy z rodzin\u0105 i znajomymi.<\/p>\n<p>\n<img decoding=\"async\" src=\"https:\/\/assets.innpro.pl\/17438\/23069\/2.jpg\" border=\"0\" alt=\"Interfejs noktowizora cyfrowego FNIRSI NVS-40\" \/>\n<\/p>\n<h3>Gotowy na ka\u017cde wyzwanie<\/h3>\n<p>FNIRSI NVS-20 to idealny towarzysz na biwaki, nocne obserwacje przyrody, eksploracje terenowe i badania naukowe. Obs\u0142uguje 9 j\u0119zyk\u00f3w interfejsu (w tym angielski, niemiecki, francuski, rosyjski, chi\u0144ski, japo\u0144ski, w\u0142oski, portugalski i hiszpa\u0144ski), co czyni go uniwersalnym narz\u0119dziem do u\u017cytku na ca\u0142ym \u015bwiecie.<\/p>\n<p>\n<img decoding=\"async\" src=\"https:\/\/assets.innpro.pl\/17438\/23069\/4.jpg\" border=\"0\" alt=\"Noktowizor cyfrowy FNIRSI NVS-40 pod\u0142\u0105czony do powerbanku\" \/>\n<\/p>\n<h3>W zestawie<\/h3>\n<ul class=\"list-disc pl-5\">\n<li>noktowizor<\/li>\n<li>kabel \u0142adowania USB<\/li>\n<li>akumulator 18650<\/li>\n<li>instrukcja obs\u0142ugi<\/li>\n<\/ul>\n<div class=\"table-wrapper\">\n<p>\u00a0<\/p>\n<h3><\/h3>\n<table>\n<tbody>\n<tr>\n<th>Producent<\/th>\n<td>FNIRSI <\/td>\n<\/tr>\n<tr>\n<th>Model<\/th>\n<td>NVS-20<\/td>\n<\/tr>\n<tr>\n<th>Napi\u0119cie<\/th>\n<td>3.7V 18650 akumulator litowy<\/td>\n<\/tr>\n<tr>\n<th>\u0141adowanie<\/th>\n<td>5V\/1A Type-C<\/td>\n<\/tr>\n<tr>\n<th>Wy\u015bwietlacz<\/th>\n<td>1.54\u201d HD IPS<\/td>\n<\/tr>\n<tr>\n<th>Temperatura pracy<\/th>\n<td>-5~40C<\/td>\n<\/tr>\n<tr>\n<th>Wilgotno\u015b\u0107 pracy<\/th>\n<td>0-80%<\/td>\n<\/tr>\n<tr>\n<th>Wymiary<\/th>\n<td>152 x 42 x 82 mm<\/td>\n<\/tr>\n<tr>\n<th>Waga<\/th>\n<td>240g<\/td>\n<\/tr>\n<tr>\n<th>Pami\u0119\u0107<\/th>\n<td>Karta TF o pojemno\u015bci 32 GB<\/td>\n<\/tr>\n<tr>\n<th>Obs\u0142ugiwane j\u0119zyki<\/th>\n<td>Chi\u0144ski, Angielski, Japo\u0144ski, W\u0142oski, Francuski, Niemiecki, Rosyjski, Hiszpa\u0144ski, Portugalski<\/td>\n<\/tr>\n<tr>\n<th>Elektroniczny zoom<\/th>\n<td>6x<\/td>\n<\/tr>\n<tr>\n<th>Wymiary soczewek obiektywu<\/th>\n<td>25 mm<\/td>\n<\/tr>\n<tr>\n<th>Odleg\u0142o\u015b\u0107 obserwacji w s\u0142abym o\u015bwietleniu<\/th>\n<td>2 m &#8211; \u221e<\/td>\n<\/tr>\n<tr>\n<th>Odleg\u0142o\u015b\u0107 obserwacji w ca\u0142kowitej ciemno\u015bci<\/th>\n<td>Do 300 m<\/td>\n<\/tr>\n<tr>\n<th>Zasi\u0119g IR<\/th>\n<td>850 nm<\/td>\n<\/tr>\n<tr>\n<th>Rozdzielczo\u015b\u0107 wideo<\/th>\n<td>4K\/2K\/1080FHD\/720P\/VGA\/QVGA<\/td>\n<\/tr>\n<tr>\n<th>Jako\u015b\u0107 zdj\u0119\u0107<\/th>\n<td>36MP\/32MP\/30MP\/24MP\/20MP\/16MP\/12MP\/10MP\/8MP\/5MP\/3MP\/VGA<\/td>\n<\/tr>\n<tr>\n<th>Balans jasno\u015bci<\/th>\n<td>Automatyczny, \u015bwiat\u0142o dzienne, chmury, \u017carnik wolframowy, fluorescencyjny<\/td>\n<\/tr>\n<\/tbody>\n<\/table>\n<\/div>\n","protected":false},"excerpt":{"rendered":"<p>Noktowizor cyfrowy FNIRSI NVS-20 z nagrywaniem 4K HD FNIRSI NVS-20 to zaawansowany noktowizor cyfrowy, kt\u00f3ry umo\u017cliwia rejestrowanie obrazu w wysokiej<\/p>\n","protected":false},"featured_media":51155,"comment_status":"closed","ping_status":"open","template":"","meta":{"_acf_changed":false},"product_brand":[],"product_cat":[1128,5786],"product_tag":[],"class_list":{"0":"post-60728","1":"product","2":"type-product","3":"status-publish","4":"has-post-thumbnail","6":"product_cat-foto-wideo","7":"product_cat-lornetki","8":"pa_okres-gwarancji-5757","9":"pa_producent-fnirsi","11":"first","12":"outofstock","13":"taxable","14":"shipping-taxable","15":"purchasable","16":"product-type-simple"},"acf":[],"yoast_head":"<!-- This site is optimized with the Yoast SEO plugin v27.2 - https:\/\/yoast.com\/product\/yoast-seo-wordpress\/ -->\n<title>Noktowizor cyfrowy FNIRSI NVS-20 - IRONSKY.PL Sklep z Dronami<\/title>\n<meta name=\"description\" content=\"Noktowizor cyfrowy FNIRSI NVS-20 - \u2705 sklep z dronami i fachowym doradztwem. \u2705 Tutaj kupisz produkty DJI, Yuneec, Parrot, Syma i wiele innych, a tak\u017ce kursy i licencje na operatora drona.\" \/>\n<meta name=\"robots\" content=\"index, follow, max-snippet:-1, max-image-preview:large, max-video-preview:-1\" \/>\n<link rel=\"canonical\" href=\"https:\/\/ironsky.pl\/sklep\/produkt\/noktowizor-cyfrowy-fnirsi-nvs-20-2\/\" \/>\n<meta property=\"og:locale\" content=\"pl_PL\" \/>\n<meta property=\"og:type\" content=\"article\" \/>\n<meta property=\"og:title\" content=\"Noktowizor cyfrowy FNIRSI NVS-20 - IRONSKY.PL Sklep z Dronami\" \/>\n<meta property=\"og:description\" content=\"Noktowizor cyfrowy FNIRSI NVS-20 - \u2705 sklep z dronami i fachowym doradztwem. \u2705 Tutaj kupisz produkty DJI, Yuneec, Parrot, Syma i wiele innych, a tak\u017ce kursy i licencje na operatora drona.\" \/>\n<meta property=\"og:url\" content=\"https:\/\/ironsky.pl\/sklep\/produkt\/noktowizor-cyfrowy-fnirsi-nvs-20-2\/\" \/>\n<meta property=\"og:site_name\" content=\"IRONSKY.PL Sklep z Dronami\" \/>\n<meta property=\"article:modified_time\" content=\"2026-04-15T09:06:59+00:00\" \/>\n<meta property=\"og:image\" content=\"https:\/\/ironsky.pl\/sklep\/wp-content\/uploads\/2026\/02\/53923_1.jpg\" \/>\n\t<meta property=\"og:image:width\" content=\"800\" \/>\n\t<meta property=\"og:image:height\" content=\"800\" \/>\n\t<meta property=\"og:image:type\" content=\"image\/jpeg\" \/>\n<meta name=\"twitter:card\" content=\"summary_large_image\" \/>\n<meta name=\"twitter:label1\" content=\"Szacowany czas czytania\" \/>\n\t<meta name=\"twitter:data1\" content=\"2 minuty\" \/>\n<script type=\"application\/ld+json\" class=\"yoast-schema-graph\">{\"@context\":\"https:\/\/schema.org\",\"@graph\":[{\"@type\":\"WebPage\",\"@id\":\"https:\/\/ironsky.pl\/sklep\/produkt\/noktowizor-cyfrowy-fnirsi-nvs-20-2\/\",\"url\":\"https:\/\/ironsky.pl\/sklep\/produkt\/noktowizor-cyfrowy-fnirsi-nvs-20-2\/\",\"name\":\"Noktowizor cyfrowy FNIRSI NVS-20 - IRONSKY.PL Sklep z Dronami\",\"isPartOf\":{\"@id\":\"https:\/\/ironsky.pl\/sklep\/#website\"},\"primaryImageOfPage\":{\"@id\":\"https:\/\/ironsky.pl\/sklep\/produkt\/noktowizor-cyfrowy-fnirsi-nvs-20-2\/#primaryimage\"},\"image\":{\"@id\":\"https:\/\/ironsky.pl\/sklep\/produkt\/noktowizor-cyfrowy-fnirsi-nvs-20-2\/#primaryimage\"},\"thumbnailUrl\":\"https:\/\/ironsky.pl\/sklep\/wp-content\/uploads\/2026\/02\/53923_1.jpg\",\"datePublished\":\"2026-04-15T09:06:57+00:00\",\"dateModified\":\"2026-04-15T09:06:59+00:00\",\"description\":\"Noktowizor cyfrowy FNIRSI NVS-20 - \u2705 sklep z dronami i fachowym doradztwem. \u2705 Tutaj kupisz produkty DJI, Yuneec, Parrot, Syma i wiele innych, a tak\u017ce kursy i licencje na operatora drona.\",\"breadcrumb\":{\"@id\":\"https:\/\/ironsky.pl\/sklep\/produkt\/noktowizor-cyfrowy-fnirsi-nvs-20-2\/#breadcrumb\"},\"inLanguage\":\"pl-PL\",\"potentialAction\":[{\"@type\":\"ReadAction\",\"target\":[\"https:\/\/ironsky.pl\/sklep\/produkt\/noktowizor-cyfrowy-fnirsi-nvs-20-2\/\"]}]},{\"@type\":\"ImageObject\",\"inLanguage\":\"pl-PL\",\"@id\":\"https:\/\/ironsky.pl\/sklep\/produkt\/noktowizor-cyfrowy-fnirsi-nvs-20-2\/#primaryimage\",\"url\":\"https:\/\/ironsky.pl\/sklep\/wp-content\/uploads\/2026\/02\/53923_1.jpg\",\"contentUrl\":\"https:\/\/ironsky.pl\/sklep\/wp-content\/uploads\/2026\/02\/53923_1.jpg\",\"width\":800,\"height\":800},{\"@type\":\"BreadcrumbList\",\"@id\":\"https:\/\/ironsky.pl\/sklep\/produkt\/noktowizor-cyfrowy-fnirsi-nvs-20-2\/#breadcrumb\",\"itemListElement\":[{\"@type\":\"ListItem\",\"position\":1,\"name\":\"Strona g\u0142\u00f3wna\",\"item\":\"https:\/\/ironsky.pl\/sklep\/\"},{\"@type\":\"ListItem\",\"position\":2,\"name\":\"Wszystkie produkty\",\"item\":\"https:\/\/ironsky.pl\/sklep\/produkty\/\"},{\"@type\":\"ListItem\",\"position\":3,\"name\":\"Noktowizor cyfrowy FNIRSI NVS-20\"}]},{\"@type\":\"WebSite\",\"@id\":\"https:\/\/ironsky.pl\/sklep\/#website\",\"url\":\"https:\/\/ironsky.pl\/sklep\/\",\"name\":\"IRONSKY.PL Sklep z Dronami\",\"description\":\"IRONSKY.PL Sklep z Dronami\",\"potentialAction\":[{\"@type\":\"SearchAction\",\"target\":{\"@type\":\"EntryPoint\",\"urlTemplate\":\"https:\/\/ironsky.pl\/sklep\/?s={search_term_string}\"},\"query-input\":{\"@type\":\"PropertyValueSpecification\",\"valueRequired\":true,\"valueName\":\"search_term_string\"}}],\"inLanguage\":\"pl-PL\"}]}<\/script>\n<!-- \/ Yoast SEO plugin. -->","yoast_head_json":{"title":"Noktowizor cyfrowy FNIRSI NVS-20 - IRONSKY.PL Sklep z Dronami","description":"Noktowizor cyfrowy FNIRSI NVS-20 - \u2705 sklep z dronami i fachowym doradztwem. \u2705 Tutaj kupisz produkty DJI, Yuneec, Parrot, Syma i wiele innych, a tak\u017ce kursy i licencje na operatora drona.","robots":{"index":"index","follow":"follow","max-snippet":"max-snippet:-1","max-image-preview":"max-image-preview:large","max-video-preview":"max-video-preview:-1"},"canonical":"https:\/\/ironsky.pl\/sklep\/produkt\/noktowizor-cyfrowy-fnirsi-nvs-20-2\/","og_locale":"pl_PL","og_type":"article","og_title":"Noktowizor cyfrowy FNIRSI NVS-20 - IRONSKY.PL Sklep z Dronami","og_description":"Noktowizor cyfrowy FNIRSI NVS-20 - \u2705 sklep z dronami i fachowym doradztwem. \u2705 Tutaj kupisz produkty DJI, Yuneec, Parrot, Syma i wiele innych, a tak\u017ce kursy i licencje na operatora drona.","og_url":"https:\/\/ironsky.pl\/sklep\/produkt\/noktowizor-cyfrowy-fnirsi-nvs-20-2\/","og_site_name":"IRONSKY.PL Sklep z Dronami","article_modified_time":"2026-04-15T09:06:59+00:00","og_image":[{"width":800,"height":800,"url":"https:\/\/ironsky.pl\/sklep\/wp-content\/uploads\/2026\/02\/53923_1.jpg","type":"image\/jpeg"}],"twitter_card":"summary_large_image","twitter_misc":{"Szacowany czas czytania":"2 minuty"},"schema":{"@context":"https:\/\/schema.org","@graph":[{"@type":"WebPage","@id":"https:\/\/ironsky.pl\/sklep\/produkt\/noktowizor-cyfrowy-fnirsi-nvs-20-2\/","url":"https:\/\/ironsky.pl\/sklep\/produkt\/noktowizor-cyfrowy-fnirsi-nvs-20-2\/","name":"Noktowizor cyfrowy FNIRSI NVS-20 - IRONSKY.PL Sklep z Dronami","isPartOf":{"@id":"https:\/\/ironsky.pl\/sklep\/#website"},"primaryImageOfPage":{"@id":"https:\/\/ironsky.pl\/sklep\/produkt\/noktowizor-cyfrowy-fnirsi-nvs-20-2\/#primaryimage"},"image":{"@id":"https:\/\/ironsky.pl\/sklep\/produkt\/noktowizor-cyfrowy-fnirsi-nvs-20-2\/#primaryimage"},"thumbnailUrl":"https:\/\/ironsky.pl\/sklep\/wp-content\/uploads\/2026\/02\/53923_1.jpg","datePublished":"2026-04-15T09:06:57+00:00","dateModified":"2026-04-15T09:06:59+00:00","description":"Noktowizor cyfrowy FNIRSI NVS-20 - \u2705 sklep z dronami i fachowym doradztwem. \u2705 Tutaj kupisz produkty DJI, Yuneec, Parrot, Syma i wiele innych, a tak\u017ce kursy i licencje na operatora drona.","breadcrumb":{"@id":"https:\/\/ironsky.pl\/sklep\/produkt\/noktowizor-cyfrowy-fnirsi-nvs-20-2\/#breadcrumb"},"inLanguage":"pl-PL","potentialAction":[{"@type":"ReadAction","target":["https:\/\/ironsky.pl\/sklep\/produkt\/noktowizor-cyfrowy-fnirsi-nvs-20-2\/"]}]},{"@type":"ImageObject","inLanguage":"pl-PL","@id":"https:\/\/ironsky.pl\/sklep\/produkt\/noktowizor-cyfrowy-fnirsi-nvs-20-2\/#primaryimage","url":"https:\/\/ironsky.pl\/sklep\/wp-content\/uploads\/2026\/02\/53923_1.jpg","contentUrl":"https:\/\/ironsky.pl\/sklep\/wp-content\/uploads\/2026\/02\/53923_1.jpg","width":800,"height":800},{"@type":"BreadcrumbList","@id":"https:\/\/ironsky.pl\/sklep\/produkt\/noktowizor-cyfrowy-fnirsi-nvs-20-2\/#breadcrumb","itemListElement":[{"@type":"ListItem","position":1,"name":"Strona g\u0142\u00f3wna","item":"https:\/\/ironsky.pl\/sklep\/"},{"@type":"ListItem","position":2,"name":"Wszystkie produkty","item":"https:\/\/ironsky.pl\/sklep\/produkty\/"},{"@type":"ListItem","position":3,"name":"Noktowizor cyfrowy FNIRSI NVS-20"}]},{"@type":"WebSite","@id":"https:\/\/ironsky.pl\/sklep\/#website","url":"https:\/\/ironsky.pl\/sklep\/","name":"IRONSKY.PL Sklep z Dronami","description":"IRONSKY.PL Sklep z Dronami","potentialAction":[{"@type":"SearchAction","target":{"@type":"EntryPoint","urlTemplate":"https:\/\/ironsky.pl\/sklep\/?s={search_term_string}"},"query-input":{"@type":"PropertyValueSpecification","valueRequired":true,"valueName":"search_term_string"}}],"inLanguage":"pl-PL"}]}},"_links":{"self":[{"href":"https:\/\/ironsky.pl\/sklep\/wp-json\/wp\/v2\/product\/60728","targetHints":{"allow":["GET"]}}],"collection":[{"href":"https:\/\/ironsky.pl\/sklep\/wp-json\/wp\/v2\/product"}],"about":[{"href":"https:\/\/ironsky.pl\/sklep\/wp-json\/wp\/v2\/types\/product"}],"replies":[{"embeddable":true,"href":"https:\/\/ironsky.pl\/sklep\/wp-json\/wp\/v2\/comments?post=60728"}],"wp:featuredmedia":[{"embeddable":true,"href":"https:\/\/ironsky.pl\/sklep\/wp-json\/wp\/v2\/media\/51155"}],"wp:attachment":[{"href":"https:\/\/ironsky.pl\/sklep\/wp-json\/wp\/v2\/media?parent=60728"}],"wp:term":[{"taxonomy":"product_brand","embeddable":true,"href":"https:\/\/ironsky.pl\/sklep\/wp-json\/wp\/v2\/product_brand?post=60728"},{"taxonomy":"product_cat","embeddable":true,"href":"https:\/\/ironsky.pl\/sklep\/wp-json\/wp\/v2\/product_cat?post=60728"},{"taxonomy":"product_tag","embeddable":true,"href":"https:\/\/ironsky.pl\/sklep\/wp-json\/wp\/v2\/product_tag?post=60728"}],"curies":[{"name":"wp","href":"https:\/\/api.w.org\/{rel}","templated":true}]}}