{"id":60719,"date":"2026-04-15T11:06:38","date_gmt":"2026-04-15T09:06:38","guid":{"rendered":"https:\/\/ironsky.pl\/sklep\/produkt\/mini-pc-gmktec-m7-ryzen-7-pro-6850h-32gb-1tb-win11-pro\/"},"modified":"2026-04-15T11:06:47","modified_gmt":"2026-04-15T09:06:47","slug":"mini-pc-gmktec-m7-ryzen-7-pro-6850h-32gb-1tb-win11-pro","status":"publish","type":"product","link":"https:\/\/ironsky.pl\/sklep\/produkt\/mini-pc-gmktec-m7-ryzen-7-pro-6850h-32gb-1tb-win11-pro\/","title":{"rendered":"Mini PC GMKTEC M7 Ryzen 7 PRO 6850H 32GB 1TB Win11 Pro"},"content":{"rendered":"<h3>Mini PC GMKtec M7 Ryzen 7 Pro 6850H 32GB RAM + 1TB WIN 11 Pro<\/h3>\n<p>Szukasz wydajnego, kompaktowego komputera, kt\u00f3ry poradzi sobie z prac\u0105 biurow\u0105, obr\u00f3bk\u0105 multimedi\u00f3w, a nawet grami? GMKtec M7 to mini PC (Personal Computer, komputer osobisty) klasy premium, kt\u00f3ry \u0142\u0105czy moc 8-rdzeniowego procesora AMD Ryzen 7 PRO 6850H, grafik\u0119 Radeon\u2122 680M, 32 GB pami\u0119ci DDR5 (Double Data Rate 5, pi\u0105ta generacja pami\u0119ci o podw\u00f3jnej szybko\u015bci przesy\u0142u danych) i dysk SSD (Solid State Drive, dysk p\u00f3\u0142przewodnikowy) 1 TB w eleganckiej, \u0142atwej do rozbudowy obudowie. Z obs\u0142ug\u0105 do czterech ekran\u00f3w 8K\/4K, z\u0142\u0105czem Oculink do zewn\u0119trznej karty graficznej i dwoma portami LAN (Local Area Network, lokalna sie\u0107 komputerowa) 2.5G, ten komputer jest gotowy na ka\u017cde wyzwanie. System Windows 11 Pro dba o p\u0142ynn\u0105 prac\u0119 urz\u0105dzenia, a z szybkim Wi-Fi 6 i Bluetooth 5.2 mo\u017cesz liczy\u0107 na bezprzewodowe po\u0142\u0105czenie bez zak\u0142\u00f3ce\u0144. To sprz\u0119t, kt\u00f3ry ro\u015bnie razem z Twoimi potrzebami.<\/p>\n<p>\n<img decoding=\"async\" src=\"https:\/\/assets.innpro.pl\/17361\/22953\/5.jpg\" border=\"0\" alt=\"Czarny mini komputer z zielonymi akcentami stoi na biurku obok klawiatury gamingowej w ciemnym pomieszczeniu\" \/>\n<\/p>\n<h3>Ma\u0142e wymiary, pot\u0119\u017cna moc<\/h3>\n<p>Wyposa\u017cony w wydajny procesor AMD Ryzen 7 PRO 6850H (8 rdzeni, 16 w\u0105tk\u00f3w, 4.7 GHz) oraz zintegrowan\u0105 kart\u0119 graficzn\u0105 AMD Radeon\u2122 680M, ten minikomputer sprawdzi si\u0119 zar\u00f3wno w zaawansowanej pracy biurowej, jak i w zastosowaniach multimedialnych czy gamingowych. Na pok\u0142adzie znajduje si\u0119 a\u017c 32 GB szybkiej pami\u0119ci RAM (Random Access Memory, pami\u0119\u0107 operacyjna) DDR5 4800 MHz oraz dysk SSD M.2 PCIe (Peripheral Component Interconnect Express, szybka magistrala do pod\u0142\u0105czania komponent\u00f3w) o pojemno\u015bci 1 TB, gotowy na ka\u017cdy projekt, plik i aplikacj\u0119.<\/p>\n<p>\n<img decoding=\"async\" src=\"https:\/\/assets.innpro.pl\/17361\/22953\/1.jpg\" border=\"0\" alt=\"procesor n ap\u0142ycie g\u0142\u00f3wnej z kolorowym pod\u015bwietleniem\" \/>\n<\/p>\n<h3>Maksymalna wydajno\u015b\u0107 i elastyczno\u015b\u0107<\/h3>\n<p>Dzi\u0119ki dw\u00f3m slotom SO-DIMM (Small Outline Dual In-line Memory Module, kompaktowy modu\u0142 pami\u0119ci) mo\u017cesz rozszerzy\u0107 pami\u0119\u0107 RAM nawet do 96 GB, a dwa z\u0142\u0105cza SSD M.2 2280 (PCIe 3.0\/4.0) umo\u017cliwiaj\u0105 instalacj\u0119 dysk\u00f3w o \u0142\u0105cznej pojemno\u015bci a\u017c do 4 TB. Modu\u0142owa konstrukcja u\u0142atwia dost\u0119p i modernizacj\u0119 podzespo\u0142\u00f3w \u2013 idealne rozwi\u0105zanie dla wymagaj\u0105cych u\u017cytkownik\u00f3w, kt\u00f3rzy ceni\u0105 sobie mo\u017cliwo\u015b\u0107 rozbudowy.<\/p>\n<p>\n<img decoding=\"async\" src=\"https:\/\/assets.innpro.pl\/17361\/22953\/4.jpg\" border=\"0\" alt=\"mini PC pod\u0142\u0105czony do karty graficznej, mysz, klawiatura i podk\u0142adka na czarnym biurku\" \/>\n<\/p>\n<h3>Zaawansowana \u0142\u0105czno\u015b\u0107 i wielozadaniowo\u015b\u0107<\/h3>\n<p>GMKtec M7 oferuje szeroki wachlarz port\u00f3w, w tym dwa USB (Universal Serial Bus, uniwersalna magistrala szeregowa) 4.0 (PD \u2013 Power Delivery\/DP \u2013 Display Port\/DATA), dwa z\u0142\u0105cza 2.5G LAN Intel i226V (RJ45), HDMI (High-Definition Multimedia Interface, cyfrowy interfejs audio-wideo wysokiej rozdzielczo\u015bci) 2.1 (8K@60Hz), DisplayPort 2.0 (4K@144Hz), dwa porty USB 3.2 Gen2, z\u0142\u0105cza USB 2.0, port Oculink (PCIe 4.0 x4), a tak\u017ce gniazdo audio 3,5 mm CTIA (Cellular Telecommunications Industry Association, standard z\u0142\u0105cza s\u0142uchawkowego) i blokad\u0119 Kensington. Obs\u0142uga a\u017c czterech ekran\u00f3w w rozdzielczo\u015bciach do 8K zapewnia niesamowit\u0105 przestrze\u0144 robocz\u0105 i pe\u0142n\u0105 kontrol\u0119 nad wieloma zadaniami jednocze\u015bnie.<\/p>\n<p>\n<img decoding=\"async\" src=\"https:\/\/assets.innpro.pl\/17361\/22953\/7.jpg\" border=\"0\" alt=\"dwa mini PC z widocznymi portami na ciemnym tle z zielonymi paskami\" \/>\n<\/p>\n<h3>Gotowy na intensywn\u0105 prac\u0119<\/h3>\n<p>Port Oculink otwiera drzwi do nowej generacji zewn\u0119trznych kart graficznych, oferuj\u0105c stabilne i szybkie po\u0142\u0105czenie bez ogranicze\u0144 przepustowo\u015bci. To idealna opcja dla tych, kt\u00f3rzy chc\u0105 rozbudowa\u0107 sw\u00f3j zestaw o pot\u0119\u017cny uk\u0142ad GPU (Graphics Processing Unit, procesor graficzny) bez kompromis\u00f3w.<\/p>\n<p>\n<img decoding=\"async\" src=\"https:\/\/assets.innpro.pl\/17361\/22953\/6.jpg\" border=\"0\" alt=\"Roz\u0142o\u017cony mini komputer pokazuje wewn\u0119trzne komponenty z systemem ch\u0142odzenia i kolorowymi efektami \u015bwietlnymi na czarnym tle\" \/>\n<\/p>\n<h3>Stabilna praca i cicha kultura dzia\u0142ania<\/h3>\n<p>Wyj\u0105tkowo ciche podw\u00f3jne ch\u0142odzenie (na g\u00f3rze i na dole) zapewnia stabiln\u0105 temperatur\u0119 pracy nawet w trybie wysokiej wydajno\u015bci. W zale\u017cno\u015bci od potrzeb mo\u017cesz pracowa\u0107 w trybie cichym (35 dB), zbalansowanym lub maksymalnej wydajno\u015bci (40 dB), przy zachowaniu niskich temperatur CPU (Central Processing Unit, procesor centralny) i elastycznej alokacji pami\u0119ci VRAM (Video Random Access Memory, pami\u0119\u0107 graficzna) do 16 GB.<\/p>\n<p>\n<img decoding=\"async\" src=\"https:\/\/assets.innpro.pl\/17361\/22953\/2.jpg\" border=\"0\" alt=\"dwa du\u017ce monitory i dwa monitory przeno\u015bne ustawione za mini PC na czarnym biurku\" \/>\n<\/p>\n<h3>Kompaktowy rozmiar, szybkie po\u0142\u0105czenie, Windows 11 Pro<\/h3>\n<p>GMKtec M7 wspiera Wi-Fi 6 oraz Bluetooth w wersji 5.2, zapewniaj\u0105c b\u0142yskawiczne i stabilne po\u0142\u0105czenia bezprzewodowe. Wyr\u00f3\u017cnia si\u0119 tak\u017ce kompaktowymi wymiarami (tylko 132 x 125 x 58 mm) i kompatybilno\u015bci\u0105 ze standardem VESA (Video Electronics Standards Association, standard monta\u017cu urz\u0105dze\u0144 na monitorach). Komputer ma zainstalowany system Windows 11 Pro, kt\u00f3ry jest gotowy do pracy zaraz po uruchomieniu. Urz\u0105dzenie to r\u00f3wnie\u017c pe\u0142ne wsparcie dla \u015brodowisk biurowych, wirtualizacji (ESXi, VMware), a tak\u017ce system\u00f3w Linux i Ubuntu.<\/p>\n<p>\n<img decoding=\"async\" src=\"https:\/\/assets.innpro.pl\/17361\/22953\/3.jpg\" border=\"0\" alt=\"czarny mini PC, kable, zasilacz, akcesoria monta\u017cowe, instrukcja i opakowanie na ciemnym tle\" \/>\n<\/p>\n<h3>W zestawie<\/h3>\n<ul class=\"list-disc pl-5\">\n<li>komputer M7<\/li>\n<li>zasilacz<\/li>\n<li>kabel zasilaj\u0105cy<\/li>\n<li>kabel HDMI<\/li>\n<li>uchwyt VESA<\/li>\n<li>\u015bruby do monta\u017cu VESA<\/li>\n<li>instrukcja obs\u0142ugi<\/li>\n<\/ul>\n<div class=\"table-wrapper\">\n<p>\u00a0<\/p>\n<h3><\/h3>\n<table>\n<tbody>\n<tr>\n<th>Producent<\/th>\n<td>GMKtec<\/td>\n<\/tr>\n<tr>\n<th>Model<\/th>\n<td>M7<\/td>\n<\/tr>\n<tr>\n<th>Wymiary<\/th>\n<td>132 x 125 x 58 mm<\/td>\n<\/tr>\n<tr>\n<th>Materia\u0142 obudowy<\/th>\n<td>Plastik<\/td>\n<\/tr>\n<tr>\n<th>Waga<\/th>\n<td>604 g<\/td>\n<\/tr>\n<tr>\n<th>Procesor<\/th>\n<td>AMD Ryzen\u2122 7 PRO 6850H<\/td>\n<\/tr>\n<tr>\n<th>Maks. taktowanie<\/th>\n<td>4,7 GHz<\/td>\n<\/tr>\n<tr>\n<th>Pob\u00f3r mocy<\/th>\n<td>70 W<\/td>\n<\/tr>\n<tr>\n<th>Pami\u0119\u0107 RAM<\/th>\n<td>DDR5 4800<\/td>\n<\/tr>\n<tr>\n<th>Pojemno\u015b\u0107 pami\u0119ci RAM<\/th>\n<td>32 GB<\/td>\n<\/tr>\n<tr>\n<th>EMMC <\/th>\n<td>Nie<\/td>\n<\/tr>\n<tr>\n<th>SSD <\/th>\n<td>M.2 2280 1 TB (fabrycznie), obs\u0142uga do 2 TB \/ M.2 2280 (rozszerzenie); obs\u0142uga do 2 TB; Ca\u0142kowita maksymalna obs\u0142ugiwana pojemno\u015b\u0107: 2 TB x 2 = 4 TB;<\/td>\n<\/tr>\n<tr>\n<th>Obs\u0142uga dysku 2.5&#8243; HDD\/SSD <\/th>\n<td>Nie<\/td>\n<\/tr>\n<tr>\n<th>Czytnik kart TF <\/th>\n<td>Nie<\/td>\n<\/tr>\n<tr>\n<th>Start zegara czasu rzeczywistego<\/th>\n<td>Obs\u0142ugiwany<\/td>\n<\/tr>\n<tr>\n<th>Obs\u0142uga BIOS <\/th>\n<td>Tak<\/td>\n<\/tr>\n<tr>\n<th>TPM <\/th>\n<td>Obs\u0142uga TPM 2.0<\/td>\n<\/tr>\n<tr>\n<th>Wyj\u015bcia wideo <\/th>\n<td>1 x HDMI, 1x DP, 2 x USB-C (DP, transfer danych, PD)<\/td>\n<\/tr>\n<tr>\n<th>Wska\u017anik stanu <\/th>\n<td>Dioda statusu zasilania<\/td>\n<\/tr>\n<tr>\n<th>Wi-Fi<\/th>\n<td>Wi-Fi 6<\/td>\n<\/tr>\n<tr>\n<th>Typ interfejsu <\/th>\n<td>PCIe<\/td>\n<\/tr>\n<tr>\n<th>Bluetooth <\/th>\n<td>Bluetooth 5.2<\/td>\n<\/tr>\n<tr>\n<th>Interfejs Bluetooth <\/th>\n<td>USB 2.0<\/td>\n<\/tr>\n<tr>\n<th>Wbudowane Wi-Fi <\/th>\n<td>Tak (przez PCIe)<\/td>\n<\/tr>\n<tr>\n<th>Wbudowany Bluetooth <\/th>\n<td>Tak (przez USB 2.0)<\/td>\n<\/tr>\n<tr>\n<th>LAN <\/th>\n<td>2 x Giga LAN (2500M \/ 1000M \/ 100M \/ 10M)<\/td>\n<\/tr>\n<tr>\n<th>USB 2.0 <\/th>\n<td>2 x USB-A 2.0<\/td>\n<\/tr>\n<tr>\n<th>USB 3.2 <\/th>\n<td>2 x USB-A 3.2<\/td>\n<\/tr>\n<tr>\n<th>Rozszerzenie pami\u0119ci zewn\u0119trznej <\/th>\n<td>Nie<\/td>\n<\/tr>\n<tr>\n<th>Wyj\u015bcia audio\/wideo <\/th>\n<td>1 \u00d7 HDMI 2.1<\/td>\n<\/tr>\n<tr>\n<th>Porty Ethernet <\/th>\n<td>2 x RJ45<\/td>\n<\/tr>\n<tr>\n<th>Transfer danych <\/th>\n<td>Tak<\/td>\n<\/tr>\n<tr>\n<th>Przyciski <\/th>\n<td>Przycisk zasilania x1<\/td>\n<\/tr>\n<tr>\n<th>DC IN<\/th>\n<td>Tak<\/td>\n<\/tr>\n<tr>\n<th>Wej\u015bcie\/wyj\u015bcie audio <\/th>\n<td>1 x gniazdo s\u0142uchawkowe 3,5 mm (wej\u015bcie\/wyj\u015bcie)<\/td>\n<\/tr>\n<tr>\n<th>Anteny<\/th>\n<td>FPC Wi-Fi + Bluetooth, FPC Wi-Fi<\/td>\n<\/tr>\n<tr>\n<th>System operacyjny <\/th>\n<td>Zainstalowany Windows 11 Pro, obs\u0142uguje Linux<\/td>\n<\/tr>\n<tr>\n<th>Temperatura robocza <\/th>\n<td>od 0\u00b0C do 40\u00b0C<\/td>\n<\/tr>\n<tr>\n<th>Temperatura przechowywania <\/th>\n<td>Nie dotyczy<\/td>\n<\/tr>\n<tr>\n<th>Wilgotno\u015b\u0107 <\/th>\n<td>10-90%RH<\/td>\n<\/tr>\n<tr>\n<th>Zasilanie<\/th>\n<td>Wej\u015bcie 100\u2013240 V 50\/60 Hz, wyj\u015bcie: 19V\/6,32A 120W, DC 5.5\/2.5 mm<\/td>\n<\/tr>\n<tr>\n<th>Zdalne sterowanie IR<\/th>\n<td>Nie<\/td>\n<\/tr>\n<tr>\n<th>VESA <\/th>\n<td>Tak<\/td>\n<\/tr>\n<tr>\n<th>Pasma radiowe<\/th>\n<td>Wi-Fi 2.4G \/ Wi-Fi 5G \/ BT<\/td>\n<\/tr>\n<tr>\n<th>Maks. moc nadawcza<\/th>\n<td>20 dBm \/ 23 dBm \/ 9,7 dBm<\/td>\n<\/tr>\n<\/tbody>\n<\/table>\n<\/div>\n","protected":false},"excerpt":{"rendered":"<p>Mini PC GMKtec M7 Ryzen 7 Pro 6850H 32GB RAM + 1TB WIN 11 Pro Szukasz wydajnego, kompaktowego komputera, kt\u00f3ry<\/p>\n","protected":false},"featured_media":49506,"comment_status":"closed","ping_status":"open","template":"","meta":{"_acf_changed":false},"product_brand":[],"product_cat":[5929,6006],"product_tag":[],"class_list":{"0":"post-60719","1":"product","2":"type-product","3":"status-publish","4":"has-post-thumbnail","6":"product_cat-akcesoria-it","7":"product_cat-mini-pc","8":"pa_okres-gwarancji-5754","9":"pa_producent-gmktec","11":"first","12":"outofstock","13":"taxable","14":"shipping-taxable","15":"purchasable","16":"product-type-simple"},"acf":[],"yoast_head":"<!-- This site is optimized with the Yoast SEO plugin v27.2 - https:\/\/yoast.com\/product\/yoast-seo-wordpress\/ -->\n<title>Mini PC GMKTEC M7 Ryzen 7 PRO 6850H 32GB 1TB Win11 Pro - IRONSKY.PL Sklep z Dronami<\/title>\n<meta name=\"description\" content=\"Mini PC GMKTEC M7 Ryzen 7 PRO 6850H 32GB 1TB Win11 Pro - \u2705 sklep z dronami i fachowym doradztwem. \u2705 Tutaj kupisz produkty DJI, Yuneec, Parrot, Syma i wiele innych, a tak\u017ce kursy i licencje na operatora drona.\" \/>\n<meta name=\"robots\" content=\"index, follow, max-snippet:-1, max-image-preview:large, max-video-preview:-1\" \/>\n<link rel=\"canonical\" href=\"https:\/\/ironsky.pl\/sklep\/produkt\/mini-pc-gmktec-m7-ryzen-7-pro-6850h-32gb-1tb-win11-pro\/\" \/>\n<meta property=\"og:locale\" content=\"pl_PL\" \/>\n<meta property=\"og:type\" content=\"article\" \/>\n<meta property=\"og:title\" content=\"Mini PC GMKTEC M7 Ryzen 7 PRO 6850H 32GB 1TB Win11 Pro - IRONSKY.PL Sklep z Dronami\" \/>\n<meta property=\"og:description\" content=\"Mini PC GMKTEC M7 Ryzen 7 PRO 6850H 32GB 1TB Win11 Pro - \u2705 sklep z dronami i fachowym doradztwem. \u2705 Tutaj kupisz produkty DJI, Yuneec, Parrot, Syma i wiele innych, a tak\u017ce kursy i licencje na operatora drona.\" \/>\n<meta property=\"og:url\" content=\"https:\/\/ironsky.pl\/sklep\/produkt\/mini-pc-gmktec-m7-ryzen-7-pro-6850h-32gb-1tb-win11-pro\/\" \/>\n<meta property=\"og:site_name\" content=\"IRONSKY.PL Sklep z Dronami\" \/>\n<meta property=\"article:modified_time\" content=\"2026-04-15T09:06:47+00:00\" \/>\n<meta property=\"og:image\" content=\"https:\/\/ironsky.pl\/sklep\/wp-content\/uploads\/2025\/10\/53879_1.jpg\" \/>\n\t<meta property=\"og:image:width\" content=\"800\" \/>\n\t<meta property=\"og:image:height\" content=\"800\" \/>\n\t<meta property=\"og:image:type\" content=\"image\/jpeg\" \/>\n<meta name=\"twitter:card\" content=\"summary_large_image\" \/>\n<meta name=\"twitter:label1\" content=\"Szacowany czas czytania\" \/>\n\t<meta name=\"twitter:data1\" content=\"4 minuty\" \/>\n<script type=\"application\/ld+json\" class=\"yoast-schema-graph\">{\"@context\":\"https:\/\/schema.org\",\"@graph\":[{\"@type\":\"WebPage\",\"@id\":\"https:\/\/ironsky.pl\/sklep\/produkt\/mini-pc-gmktec-m7-ryzen-7-pro-6850h-32gb-1tb-win11-pro\/\",\"url\":\"https:\/\/ironsky.pl\/sklep\/produkt\/mini-pc-gmktec-m7-ryzen-7-pro-6850h-32gb-1tb-win11-pro\/\",\"name\":\"Mini PC GMKTEC M7 Ryzen 7 PRO 6850H 32GB 1TB Win11 Pro - IRONSKY.PL Sklep z Dronami\",\"isPartOf\":{\"@id\":\"https:\/\/ironsky.pl\/sklep\/#website\"},\"primaryImageOfPage\":{\"@id\":\"https:\/\/ironsky.pl\/sklep\/produkt\/mini-pc-gmktec-m7-ryzen-7-pro-6850h-32gb-1tb-win11-pro\/#primaryimage\"},\"image\":{\"@id\":\"https:\/\/ironsky.pl\/sklep\/produkt\/mini-pc-gmktec-m7-ryzen-7-pro-6850h-32gb-1tb-win11-pro\/#primaryimage\"},\"thumbnailUrl\":\"https:\/\/ironsky.pl\/sklep\/wp-content\/uploads\/2025\/10\/53879_1.jpg\",\"datePublished\":\"2026-04-15T09:06:38+00:00\",\"dateModified\":\"2026-04-15T09:06:47+00:00\",\"description\":\"Mini PC GMKTEC M7 Ryzen 7 PRO 6850H 32GB 1TB Win11 Pro - \u2705 sklep z dronami i fachowym doradztwem. \u2705 Tutaj kupisz produkty DJI, Yuneec, Parrot, Syma i wiele innych, a tak\u017ce kursy i licencje na operatora drona.\",\"breadcrumb\":{\"@id\":\"https:\/\/ironsky.pl\/sklep\/produkt\/mini-pc-gmktec-m7-ryzen-7-pro-6850h-32gb-1tb-win11-pro\/#breadcrumb\"},\"inLanguage\":\"pl-PL\",\"potentialAction\":[{\"@type\":\"ReadAction\",\"target\":[\"https:\/\/ironsky.pl\/sklep\/produkt\/mini-pc-gmktec-m7-ryzen-7-pro-6850h-32gb-1tb-win11-pro\/\"]}]},{\"@type\":\"ImageObject\",\"inLanguage\":\"pl-PL\",\"@id\":\"https:\/\/ironsky.pl\/sklep\/produkt\/mini-pc-gmktec-m7-ryzen-7-pro-6850h-32gb-1tb-win11-pro\/#primaryimage\",\"url\":\"https:\/\/ironsky.pl\/sklep\/wp-content\/uploads\/2025\/10\/53879_1.jpg\",\"contentUrl\":\"https:\/\/ironsky.pl\/sklep\/wp-content\/uploads\/2025\/10\/53879_1.jpg\",\"width\":800,\"height\":800},{\"@type\":\"BreadcrumbList\",\"@id\":\"https:\/\/ironsky.pl\/sklep\/produkt\/mini-pc-gmktec-m7-ryzen-7-pro-6850h-32gb-1tb-win11-pro\/#breadcrumb\",\"itemListElement\":[{\"@type\":\"ListItem\",\"position\":1,\"name\":\"Strona g\u0142\u00f3wna\",\"item\":\"https:\/\/ironsky.pl\/sklep\/\"},{\"@type\":\"ListItem\",\"position\":2,\"name\":\"Wszystkie produkty\",\"item\":\"https:\/\/ironsky.pl\/sklep\/produkty\/\"},{\"@type\":\"ListItem\",\"position\":3,\"name\":\"Mini PC GMKTEC M7 Ryzen 7 PRO 6850H 32GB 1TB Win11 Pro\"}]},{\"@type\":\"WebSite\",\"@id\":\"https:\/\/ironsky.pl\/sklep\/#website\",\"url\":\"https:\/\/ironsky.pl\/sklep\/\",\"name\":\"IRONSKY.PL Sklep z Dronami\",\"description\":\"IRONSKY.PL Sklep z Dronami\",\"potentialAction\":[{\"@type\":\"SearchAction\",\"target\":{\"@type\":\"EntryPoint\",\"urlTemplate\":\"https:\/\/ironsky.pl\/sklep\/?s={search_term_string}\"},\"query-input\":{\"@type\":\"PropertyValueSpecification\",\"valueRequired\":true,\"valueName\":\"search_term_string\"}}],\"inLanguage\":\"pl-PL\"}]}<\/script>\n<!-- \/ Yoast SEO plugin. -->","yoast_head_json":{"title":"Mini PC GMKTEC M7 Ryzen 7 PRO 6850H 32GB 1TB Win11 Pro - IRONSKY.PL Sklep z Dronami","description":"Mini PC GMKTEC M7 Ryzen 7 PRO 6850H 32GB 1TB Win11 Pro - \u2705 sklep z dronami i fachowym doradztwem. \u2705 Tutaj kupisz produkty DJI, Yuneec, Parrot, Syma i wiele innych, a tak\u017ce kursy i licencje na operatora drona.","robots":{"index":"index","follow":"follow","max-snippet":"max-snippet:-1","max-image-preview":"max-image-preview:large","max-video-preview":"max-video-preview:-1"},"canonical":"https:\/\/ironsky.pl\/sklep\/produkt\/mini-pc-gmktec-m7-ryzen-7-pro-6850h-32gb-1tb-win11-pro\/","og_locale":"pl_PL","og_type":"article","og_title":"Mini PC GMKTEC M7 Ryzen 7 PRO 6850H 32GB 1TB Win11 Pro - IRONSKY.PL Sklep z Dronami","og_description":"Mini PC GMKTEC M7 Ryzen 7 PRO 6850H 32GB 1TB Win11 Pro - \u2705 sklep z dronami i fachowym doradztwem. \u2705 Tutaj kupisz produkty DJI, Yuneec, Parrot, Syma i wiele innych, a tak\u017ce kursy i licencje na operatora drona.","og_url":"https:\/\/ironsky.pl\/sklep\/produkt\/mini-pc-gmktec-m7-ryzen-7-pro-6850h-32gb-1tb-win11-pro\/","og_site_name":"IRONSKY.PL Sklep z Dronami","article_modified_time":"2026-04-15T09:06:47+00:00","og_image":[{"width":800,"height":800,"url":"https:\/\/ironsky.pl\/sklep\/wp-content\/uploads\/2025\/10\/53879_1.jpg","type":"image\/jpeg"}],"twitter_card":"summary_large_image","twitter_misc":{"Szacowany czas czytania":"4 minuty"},"schema":{"@context":"https:\/\/schema.org","@graph":[{"@type":"WebPage","@id":"https:\/\/ironsky.pl\/sklep\/produkt\/mini-pc-gmktec-m7-ryzen-7-pro-6850h-32gb-1tb-win11-pro\/","url":"https:\/\/ironsky.pl\/sklep\/produkt\/mini-pc-gmktec-m7-ryzen-7-pro-6850h-32gb-1tb-win11-pro\/","name":"Mini PC GMKTEC M7 Ryzen 7 PRO 6850H 32GB 1TB Win11 Pro - IRONSKY.PL Sklep z Dronami","isPartOf":{"@id":"https:\/\/ironsky.pl\/sklep\/#website"},"primaryImageOfPage":{"@id":"https:\/\/ironsky.pl\/sklep\/produkt\/mini-pc-gmktec-m7-ryzen-7-pro-6850h-32gb-1tb-win11-pro\/#primaryimage"},"image":{"@id":"https:\/\/ironsky.pl\/sklep\/produkt\/mini-pc-gmktec-m7-ryzen-7-pro-6850h-32gb-1tb-win11-pro\/#primaryimage"},"thumbnailUrl":"https:\/\/ironsky.pl\/sklep\/wp-content\/uploads\/2025\/10\/53879_1.jpg","datePublished":"2026-04-15T09:06:38+00:00","dateModified":"2026-04-15T09:06:47+00:00","description":"Mini PC GMKTEC M7 Ryzen 7 PRO 6850H 32GB 1TB Win11 Pro - \u2705 sklep z dronami i fachowym doradztwem. \u2705 Tutaj kupisz produkty DJI, Yuneec, Parrot, Syma i wiele innych, a tak\u017ce kursy i licencje na operatora drona.","breadcrumb":{"@id":"https:\/\/ironsky.pl\/sklep\/produkt\/mini-pc-gmktec-m7-ryzen-7-pro-6850h-32gb-1tb-win11-pro\/#breadcrumb"},"inLanguage":"pl-PL","potentialAction":[{"@type":"ReadAction","target":["https:\/\/ironsky.pl\/sklep\/produkt\/mini-pc-gmktec-m7-ryzen-7-pro-6850h-32gb-1tb-win11-pro\/"]}]},{"@type":"ImageObject","inLanguage":"pl-PL","@id":"https:\/\/ironsky.pl\/sklep\/produkt\/mini-pc-gmktec-m7-ryzen-7-pro-6850h-32gb-1tb-win11-pro\/#primaryimage","url":"https:\/\/ironsky.pl\/sklep\/wp-content\/uploads\/2025\/10\/53879_1.jpg","contentUrl":"https:\/\/ironsky.pl\/sklep\/wp-content\/uploads\/2025\/10\/53879_1.jpg","width":800,"height":800},{"@type":"BreadcrumbList","@id":"https:\/\/ironsky.pl\/sklep\/produkt\/mini-pc-gmktec-m7-ryzen-7-pro-6850h-32gb-1tb-win11-pro\/#breadcrumb","itemListElement":[{"@type":"ListItem","position":1,"name":"Strona g\u0142\u00f3wna","item":"https:\/\/ironsky.pl\/sklep\/"},{"@type":"ListItem","position":2,"name":"Wszystkie produkty","item":"https:\/\/ironsky.pl\/sklep\/produkty\/"},{"@type":"ListItem","position":3,"name":"Mini PC GMKTEC M7 Ryzen 7 PRO 6850H 32GB 1TB Win11 Pro"}]},{"@type":"WebSite","@id":"https:\/\/ironsky.pl\/sklep\/#website","url":"https:\/\/ironsky.pl\/sklep\/","name":"IRONSKY.PL Sklep z Dronami","description":"IRONSKY.PL Sklep z Dronami","potentialAction":[{"@type":"SearchAction","target":{"@type":"EntryPoint","urlTemplate":"https:\/\/ironsky.pl\/sklep\/?s={search_term_string}"},"query-input":{"@type":"PropertyValueSpecification","valueRequired":true,"valueName":"search_term_string"}}],"inLanguage":"pl-PL"}]}},"_links":{"self":[{"href":"https:\/\/ironsky.pl\/sklep\/wp-json\/wp\/v2\/product\/60719","targetHints":{"allow":["GET"]}}],"collection":[{"href":"https:\/\/ironsky.pl\/sklep\/wp-json\/wp\/v2\/product"}],"about":[{"href":"https:\/\/ironsky.pl\/sklep\/wp-json\/wp\/v2\/types\/product"}],"replies":[{"embeddable":true,"href":"https:\/\/ironsky.pl\/sklep\/wp-json\/wp\/v2\/comments?post=60719"}],"wp:featuredmedia":[{"embeddable":true,"href":"https:\/\/ironsky.pl\/sklep\/wp-json\/wp\/v2\/media\/49506"}],"wp:attachment":[{"href":"https:\/\/ironsky.pl\/sklep\/wp-json\/wp\/v2\/media?parent=60719"}],"wp:term":[{"taxonomy":"product_brand","embeddable":true,"href":"https:\/\/ironsky.pl\/sklep\/wp-json\/wp\/v2\/product_brand?post=60719"},{"taxonomy":"product_cat","embeddable":true,"href":"https:\/\/ironsky.pl\/sklep\/wp-json\/wp\/v2\/product_cat?post=60719"},{"taxonomy":"product_tag","embeddable":true,"href":"https:\/\/ironsky.pl\/sklep\/wp-json\/wp\/v2\/product_tag?post=60719"}],"curies":[{"name":"wp","href":"https:\/\/api.w.org\/{rel}","templated":true}]}}