{"id":60714,"date":"2026-04-15T11:06:38","date_gmt":"2026-04-15T09:06:38","guid":{"rendered":"https:\/\/ironsky.pl\/sklep\/produkt\/zestaw-montazowy-dji-osmo-do-roweru-tylny\/"},"modified":"2026-04-15T11:06:42","modified_gmt":"2026-04-15T09:06:42","slug":"zestaw-montazowy-dji-osmo-do-roweru-tylny","status":"publish","type":"product","link":"https:\/\/ironsky.pl\/sklep\/produkt\/zestaw-montazowy-dji-osmo-do-roweru-tylny\/","title":{"rendered":"Zestaw monta\u017cowy DJI Osmo do roweru (tylny)"},"content":{"rendered":"<h3>Zestaw do monta\u017cu kamery z ty\u0142u roweru DJI Osmo<\/h3>\n<p>Zyskaj nowe mo\u017cliwo\u015bci nagrywania podczas przeja\u017cd\u017cek rowerowych. Tylny zestaw monta\u017cowy DJI Osmo zosta\u0142 zaprojektowany z my\u015bl\u0105 o rejestrowaniu imponuj\u0105cych uj\u0119\u0107 360\u00b0 z perspektywy trzeciej osoby. W po\u0142\u0105czeniu z Invisible Selfie Stickiem (sprzedawanym oddzielnie) umo\u017cliwia monta\u017c kamery za siode\u0142kiem, pozwalaj\u0105c uzyska\u0107 dynamiczne, immersyjne uj\u0119cia idealne do vlog\u00f3w czy materia\u0142\u00f3w sportowych.<\/p>\n<p>\n<img decoding=\"async\" src=\"https:\/\/assets.innpro.pl\/17591\/23325\/1.jpg\" border=\"0\" alt=\"zestaw akcesori\u00f3w umo\u017cliwiaj\u0105cych monta\u017c kamery sportowej na rowerze na szarym tle\" \/>\n<\/p>\n<h3>Precyzyjne ustawienie kamery i szybka zmiana k\u0105ta<\/h3>\n<p>W zestawie znajduj\u0105 si\u0119 liczne elementy monta\u017cowe, kt\u00f3re umo\u017cliwiaj\u0105 \u0142atwe dostosowanie pozycji i k\u0105ta nachylenia kamery. Dzi\u0119ki temu szybko ustawisz idealny kadr \u2013 niezale\u017cnie od stylu jazdy czy terenu, po kt\u00f3rym si\u0119 poruszasz.<\/p>\n<p>\n<img decoding=\"async\" src=\"https:\/\/assets.innpro.pl\/17591\/23325\/2.jpg\" border=\"0\" alt=\"akcesoria umo\u017cliwiaj\u0105ce monta\u017c kamery sportowej na rowerze na szarym tle\" \/>\n<\/p>\n<h3>Wyj\u0105tkowa stabilno\u015b\u0107 dzi\u0119ki podw\u00f3jnemu podparciu<\/h3>\n<p>Solidna konstrukcja z dwustronnym podparciem gwarantuje pewne mocowanie, minimalizuj\u0105c drgania i zwi\u0119kszaj\u0105c bezpiecze\u0144stwo urz\u0105dzenia nawet przy wi\u0119kszych pr\u0119dko\u015bciach. To rozwi\u0105zanie dla tych, kt\u00f3rzy nie uznaj\u0105 kompromis\u00f3w w kwestii jako\u015bci uj\u0119\u0107.<\/p>\n<p>\n<img decoding=\"async\" src=\"https:\/\/assets.innpro.pl\/17591\/23325\/4.jpg\" border=\"0\" alt=\"akcesoria umo\u017cliwiaj\u0105ce monta\u017c kamery sportowej na rowerze na szarym tle\" \/>\n<\/p>\n<h3>W zestawie<\/h3>\n<ul class=\"list-disc pl-5\">\n<li>Mocowanie DJI Osmo Action do szyn siode\u0142ka rowerowego x1<\/li>\n<li>Adapter mocowania do sztycy podsiod\u0142owej x1<\/li>\n<li>Du\u017cy zakrzywiony wspornik do sztycy podsiod\u0142owej x1<\/li>\n<li>Ma\u0142y zakrzywiony wspornik do sztycy podsiod\u0142owej x1<\/li>\n<li>Tylne mocowanie zaciskowe do selfie sticka x1<\/li>\n<li>\u015aruba M4 x2<\/li>\n<li>D\u0142uga \u015bruba M5 x2<\/li>\n<li>Kr\u00f3tka \u015bruba M5 x2<\/li>\n<li>\u015aruba blokuj\u0105ca DJI Osmo x2<\/li>\n<li>Regulowany adapter z gwintu 1\/4&#8221; na z\u0142\u0105cze typu 2-prong x1<\/li>\n<li>Silikonowy pier\u015bcie\u0144 ochronny na sztyc\u0119 x2<\/li>\n<li>Klucz imbusowy x2<\/li>\n<li>Klucz do blokowania \u015brub x1<\/li>\n<\/ul>\n<div class=\"table-wrapper\">\n<p>\u00a0<\/p>\n<h3>Mocowanie DJI Osmo Action do szyn siode\u0142ka rowerowego<\/h3>\n<table>\n<tbody>\n<tr>\n<th>Producent<\/th>\n<td>DJI<\/td>\n<\/tr>\n<tr>\n<th>Kod producenta<\/th>\n<td>CP.AS.AA000029.01<\/td>\n<\/tr>\n<tr>\n<th>Wymiary<\/th>\n<td>ok. 63,1 \u00d7 32,5 \u00d7 19,7 mm (D \u00d7 S \u00d7 W)<\/td>\n<\/tr>\n<tr>\n<th>Waga<\/th>\n<td>ok. 47 g<\/td>\n<\/tr>\n<\/tbody>\n<\/table>\n<p>\u00a0<\/p>\n<h3>Adapter mocowania do sztycy podsiod\u0142owej<\/h3>\n<table>\n<tbody>\n<tr>\n<th>Wymiary<\/th>\n<td>ok. 51,5 \u00d7 41,9 \u00d7 28 mm (D \u00d7 S \u00d7 W)<\/td>\n<\/tr>\n<tr>\n<th>Waga<\/th>\n<td>ok. 30 g<\/td>\n<\/tr>\n<\/tbody>\n<\/table>\n<p>\u00a0<\/p>\n<h3>Du\u017cy zakrzywiony wspornik do na sztycy podsiod\u0142owej<\/h3>\n<table>\n<tbody>\n<tr>\n<th>Wymiary<\/th>\n<td>ok. 51,5 \u00d7 28 \u00d7 8,2 mm (D \u00d7 S \u00d7 W)<\/td>\n<\/tr>\n<tr>\n<th>Waga<\/th>\n<td>ok. 15 g<\/td>\n<\/tr>\n<\/tbody>\n<\/table>\n<p>\u00a0<\/p>\n<h3>Ma\u0142y zakrzywiony wspornik do sztycy podsiod\u0142owej<\/h3>\n<table>\n<tbody>\n<tr>\n<th>Wymiary<\/th>\n<td>ok. 51,5 \u00d7 28 \u00d7 11,6 mm (D \u00d7 S \u00d7 W)<\/td>\n<\/tr>\n<tr>\n<th>Waga<\/th>\n<td>ok. 18,2 g<\/td>\n<\/tr>\n<\/tbody>\n<\/table>\n<p>\u00a0<\/p>\n<h3>Tylne mocowanie zaciskowe do selfie sticka<\/h3>\n<table>\n<tbody>\n<tr>\n<th>Wymiary<\/th>\n<td>ok. 176,5 \u00d7 59,6 \u00d7 35 mm (D \u00d7 S \u00d7 W)<\/td>\n<\/tr>\n<tr>\n<th>Waga<\/th>\n<td>ok. 137,9 g<\/td>\n<\/tr>\n<\/tbody>\n<\/table>\n<p>\u00a0<\/p>\n<h3>\u015aruba blokuj\u0105ca DJI Osmo<\/h3>\n<table>\n<tbody>\n<tr>\n<th>Wymiary<\/th>\n<td>ok. 55,6 \u00d7 23 \u00d7 13,3 mm (D \u00d7 S \u00d7 W)<\/td>\n<\/tr>\n<tr>\n<th>Waga<\/th>\n<td>ok. 20,7 g<\/td>\n<\/tr>\n<\/tbody>\n<\/table>\n<p>\u00a0<\/p>\n<h3>Regulowany adapter z gwintu 1\/4&#8221; na z\u0142\u0105cze typu 2-prong<\/h3>\n<table>\n<tbody>\n<tr>\n<th>Wymiary<\/th>\n<td>ok. 38,5 \u00d7 28 \u00d7 28 mm (D \u00d7 S \u00d7 W)<\/td>\n<\/tr>\n<tr>\n<th>Waga<\/th>\n<td>ok. 21,6 g<\/td>\n<\/tr>\n<\/tbody>\n<\/table>\n<p>\u00a0<\/p>\n<h3>Klucz do blokowania \u015brub<\/h3>\n<table>\n<tbody>\n<tr>\n<th>Wymiary<\/th>\n<td>ok. 96,6 \u00d7 52,7 \u00d7 15,9 mm (D \u00d7 S \u00d7 W)<\/td>\n<\/tr>\n<tr>\n<th>Waga<\/th>\n<td>ok. 7,4 g<\/td>\n<\/tr>\n<\/tbody>\n<\/table>\n<\/div>\n","protected":false},"excerpt":{"rendered":"<p>Zestaw do monta\u017cu kamery z ty\u0142u roweru DJI Osmo Zyskaj nowe mo\u017cliwo\u015bci nagrywania podczas przeja\u017cd\u017cek rowerowych. Tylny zestaw monta\u017cowy DJI<\/p>\n","protected":false},"featured_media":49484,"comment_status":"closed","ping_status":"open","template":"","meta":{"_acf_changed":false},"product_brand":[],"product_cat":[1130,1137,1128],"product_tag":[],"class_list":{"0":"post-60714","1":"product","2":"type-product","3":"status-publish","4":"has-post-thumbnail","6":"product_cat-akcesoria-foto","7":"product_cat-do-kamer-sportowych","8":"product_cat-foto-wideo","9":"pa_okres-gwarancji-5757","10":"pa_producent-dji","12":"first","13":"outofstock","14":"taxable","15":"shipping-taxable","16":"purchasable","17":"product-type-simple"},"acf":[],"yoast_head":"<!-- This site is optimized with the Yoast SEO plugin v27.2 - https:\/\/yoast.com\/product\/yoast-seo-wordpress\/ -->\n<title>Zestaw monta\u017cowy DJI Osmo do roweru (tylny) - IRONSKY.PL Sklep z Dronami<\/title>\n<meta name=\"description\" content=\"Zestaw monta\u017cowy DJI Osmo do roweru (tylny) - \u2705 sklep z dronami i fachowym doradztwem. \u2705 Tutaj kupisz produkty DJI, Yuneec, Parrot, Syma i wiele innych, a tak\u017ce kursy i licencje na operatora drona.\" \/>\n<meta name=\"robots\" content=\"index, follow, max-snippet:-1, max-image-preview:large, max-video-preview:-1\" \/>\n<link rel=\"canonical\" href=\"https:\/\/ironsky.pl\/sklep\/produkt\/zestaw-montazowy-dji-osmo-do-roweru-tylny\/\" \/>\n<meta property=\"og:locale\" content=\"pl_PL\" \/>\n<meta property=\"og:type\" content=\"article\" \/>\n<meta property=\"og:title\" content=\"Zestaw monta\u017cowy DJI Osmo do roweru (tylny) - IRONSKY.PL Sklep z Dronami\" \/>\n<meta property=\"og:description\" content=\"Zestaw monta\u017cowy DJI Osmo do roweru (tylny) - \u2705 sklep z dronami i fachowym doradztwem. \u2705 Tutaj kupisz produkty DJI, Yuneec, Parrot, Syma i wiele innych, a tak\u017ce kursy i licencje na operatora drona.\" \/>\n<meta property=\"og:url\" content=\"https:\/\/ironsky.pl\/sklep\/produkt\/zestaw-montazowy-dji-osmo-do-roweru-tylny\/\" \/>\n<meta property=\"og:site_name\" content=\"IRONSKY.PL Sklep z Dronami\" \/>\n<meta property=\"article:modified_time\" content=\"2026-04-15T09:06:42+00:00\" \/>\n<meta property=\"og:image\" content=\"https:\/\/ironsky.pl\/sklep\/wp-content\/uploads\/2025\/10\/53857_1.jpg\" \/>\n\t<meta property=\"og:image:width\" content=\"800\" \/>\n\t<meta property=\"og:image:height\" content=\"800\" \/>\n\t<meta property=\"og:image:type\" content=\"image\/jpeg\" \/>\n<meta name=\"twitter:card\" content=\"summary_large_image\" \/>\n<meta name=\"twitter:label1\" content=\"Szacowany czas czytania\" \/>\n\t<meta name=\"twitter:data1\" content=\"2 minuty\" \/>\n<script type=\"application\/ld+json\" class=\"yoast-schema-graph\">{\"@context\":\"https:\/\/schema.org\",\"@graph\":[{\"@type\":\"WebPage\",\"@id\":\"https:\/\/ironsky.pl\/sklep\/produkt\/zestaw-montazowy-dji-osmo-do-roweru-tylny\/\",\"url\":\"https:\/\/ironsky.pl\/sklep\/produkt\/zestaw-montazowy-dji-osmo-do-roweru-tylny\/\",\"name\":\"Zestaw monta\u017cowy DJI Osmo do roweru (tylny) - IRONSKY.PL Sklep z Dronami\",\"isPartOf\":{\"@id\":\"https:\/\/ironsky.pl\/sklep\/#website\"},\"primaryImageOfPage\":{\"@id\":\"https:\/\/ironsky.pl\/sklep\/produkt\/zestaw-montazowy-dji-osmo-do-roweru-tylny\/#primaryimage\"},\"image\":{\"@id\":\"https:\/\/ironsky.pl\/sklep\/produkt\/zestaw-montazowy-dji-osmo-do-roweru-tylny\/#primaryimage\"},\"thumbnailUrl\":\"https:\/\/ironsky.pl\/sklep\/wp-content\/uploads\/2025\/10\/53857_1.jpg\",\"datePublished\":\"2026-04-15T09:06:38+00:00\",\"dateModified\":\"2026-04-15T09:06:42+00:00\",\"description\":\"Zestaw monta\u017cowy DJI Osmo do roweru (tylny) - \u2705 sklep z dronami i fachowym doradztwem. \u2705 Tutaj kupisz produkty DJI, Yuneec, Parrot, Syma i wiele innych, a tak\u017ce kursy i licencje na operatora drona.\",\"breadcrumb\":{\"@id\":\"https:\/\/ironsky.pl\/sklep\/produkt\/zestaw-montazowy-dji-osmo-do-roweru-tylny\/#breadcrumb\"},\"inLanguage\":\"pl-PL\",\"potentialAction\":[{\"@type\":\"ReadAction\",\"target\":[\"https:\/\/ironsky.pl\/sklep\/produkt\/zestaw-montazowy-dji-osmo-do-roweru-tylny\/\"]}]},{\"@type\":\"ImageObject\",\"inLanguage\":\"pl-PL\",\"@id\":\"https:\/\/ironsky.pl\/sklep\/produkt\/zestaw-montazowy-dji-osmo-do-roweru-tylny\/#primaryimage\",\"url\":\"https:\/\/ironsky.pl\/sklep\/wp-content\/uploads\/2025\/10\/53857_1.jpg\",\"contentUrl\":\"https:\/\/ironsky.pl\/sklep\/wp-content\/uploads\/2025\/10\/53857_1.jpg\",\"width\":800,\"height\":800},{\"@type\":\"BreadcrumbList\",\"@id\":\"https:\/\/ironsky.pl\/sklep\/produkt\/zestaw-montazowy-dji-osmo-do-roweru-tylny\/#breadcrumb\",\"itemListElement\":[{\"@type\":\"ListItem\",\"position\":1,\"name\":\"Strona g\u0142\u00f3wna\",\"item\":\"https:\/\/ironsky.pl\/sklep\/\"},{\"@type\":\"ListItem\",\"position\":2,\"name\":\"Wszystkie produkty\",\"item\":\"https:\/\/ironsky.pl\/sklep\/produkty\/\"},{\"@type\":\"ListItem\",\"position\":3,\"name\":\"Zestaw monta\u017cowy DJI Osmo do roweru (tylny)\"}]},{\"@type\":\"WebSite\",\"@id\":\"https:\/\/ironsky.pl\/sklep\/#website\",\"url\":\"https:\/\/ironsky.pl\/sklep\/\",\"name\":\"IRONSKY.PL Sklep z Dronami\",\"description\":\"IRONSKY.PL Sklep z Dronami\",\"potentialAction\":[{\"@type\":\"SearchAction\",\"target\":{\"@type\":\"EntryPoint\",\"urlTemplate\":\"https:\/\/ironsky.pl\/sklep\/?s={search_term_string}\"},\"query-input\":{\"@type\":\"PropertyValueSpecification\",\"valueRequired\":true,\"valueName\":\"search_term_string\"}}],\"inLanguage\":\"pl-PL\"}]}<\/script>\n<!-- \/ Yoast SEO plugin. -->","yoast_head_json":{"title":"Zestaw monta\u017cowy DJI Osmo do roweru (tylny) - IRONSKY.PL Sklep z Dronami","description":"Zestaw monta\u017cowy DJI Osmo do roweru (tylny) - \u2705 sklep z dronami i fachowym doradztwem. \u2705 Tutaj kupisz produkty DJI, Yuneec, Parrot, Syma i wiele innych, a tak\u017ce kursy i licencje na operatora drona.","robots":{"index":"index","follow":"follow","max-snippet":"max-snippet:-1","max-image-preview":"max-image-preview:large","max-video-preview":"max-video-preview:-1"},"canonical":"https:\/\/ironsky.pl\/sklep\/produkt\/zestaw-montazowy-dji-osmo-do-roweru-tylny\/","og_locale":"pl_PL","og_type":"article","og_title":"Zestaw monta\u017cowy DJI Osmo do roweru (tylny) - IRONSKY.PL Sklep z Dronami","og_description":"Zestaw monta\u017cowy DJI Osmo do roweru (tylny) - \u2705 sklep z dronami i fachowym doradztwem. \u2705 Tutaj kupisz produkty DJI, Yuneec, Parrot, Syma i wiele innych, a tak\u017ce kursy i licencje na operatora drona.","og_url":"https:\/\/ironsky.pl\/sklep\/produkt\/zestaw-montazowy-dji-osmo-do-roweru-tylny\/","og_site_name":"IRONSKY.PL Sklep z Dronami","article_modified_time":"2026-04-15T09:06:42+00:00","og_image":[{"width":800,"height":800,"url":"https:\/\/ironsky.pl\/sklep\/wp-content\/uploads\/2025\/10\/53857_1.jpg","type":"image\/jpeg"}],"twitter_card":"summary_large_image","twitter_misc":{"Szacowany czas czytania":"2 minuty"},"schema":{"@context":"https:\/\/schema.org","@graph":[{"@type":"WebPage","@id":"https:\/\/ironsky.pl\/sklep\/produkt\/zestaw-montazowy-dji-osmo-do-roweru-tylny\/","url":"https:\/\/ironsky.pl\/sklep\/produkt\/zestaw-montazowy-dji-osmo-do-roweru-tylny\/","name":"Zestaw monta\u017cowy DJI Osmo do roweru (tylny) - IRONSKY.PL Sklep z Dronami","isPartOf":{"@id":"https:\/\/ironsky.pl\/sklep\/#website"},"primaryImageOfPage":{"@id":"https:\/\/ironsky.pl\/sklep\/produkt\/zestaw-montazowy-dji-osmo-do-roweru-tylny\/#primaryimage"},"image":{"@id":"https:\/\/ironsky.pl\/sklep\/produkt\/zestaw-montazowy-dji-osmo-do-roweru-tylny\/#primaryimage"},"thumbnailUrl":"https:\/\/ironsky.pl\/sklep\/wp-content\/uploads\/2025\/10\/53857_1.jpg","datePublished":"2026-04-15T09:06:38+00:00","dateModified":"2026-04-15T09:06:42+00:00","description":"Zestaw monta\u017cowy DJI Osmo do roweru (tylny) - \u2705 sklep z dronami i fachowym doradztwem. \u2705 Tutaj kupisz produkty DJI, Yuneec, Parrot, Syma i wiele innych, a tak\u017ce kursy i licencje na operatora drona.","breadcrumb":{"@id":"https:\/\/ironsky.pl\/sklep\/produkt\/zestaw-montazowy-dji-osmo-do-roweru-tylny\/#breadcrumb"},"inLanguage":"pl-PL","potentialAction":[{"@type":"ReadAction","target":["https:\/\/ironsky.pl\/sklep\/produkt\/zestaw-montazowy-dji-osmo-do-roweru-tylny\/"]}]},{"@type":"ImageObject","inLanguage":"pl-PL","@id":"https:\/\/ironsky.pl\/sklep\/produkt\/zestaw-montazowy-dji-osmo-do-roweru-tylny\/#primaryimage","url":"https:\/\/ironsky.pl\/sklep\/wp-content\/uploads\/2025\/10\/53857_1.jpg","contentUrl":"https:\/\/ironsky.pl\/sklep\/wp-content\/uploads\/2025\/10\/53857_1.jpg","width":800,"height":800},{"@type":"BreadcrumbList","@id":"https:\/\/ironsky.pl\/sklep\/produkt\/zestaw-montazowy-dji-osmo-do-roweru-tylny\/#breadcrumb","itemListElement":[{"@type":"ListItem","position":1,"name":"Strona g\u0142\u00f3wna","item":"https:\/\/ironsky.pl\/sklep\/"},{"@type":"ListItem","position":2,"name":"Wszystkie produkty","item":"https:\/\/ironsky.pl\/sklep\/produkty\/"},{"@type":"ListItem","position":3,"name":"Zestaw monta\u017cowy DJI Osmo do roweru (tylny)"}]},{"@type":"WebSite","@id":"https:\/\/ironsky.pl\/sklep\/#website","url":"https:\/\/ironsky.pl\/sklep\/","name":"IRONSKY.PL Sklep z Dronami","description":"IRONSKY.PL Sklep z Dronami","potentialAction":[{"@type":"SearchAction","target":{"@type":"EntryPoint","urlTemplate":"https:\/\/ironsky.pl\/sklep\/?s={search_term_string}"},"query-input":{"@type":"PropertyValueSpecification","valueRequired":true,"valueName":"search_term_string"}}],"inLanguage":"pl-PL"}]}},"_links":{"self":[{"href":"https:\/\/ironsky.pl\/sklep\/wp-json\/wp\/v2\/product\/60714","targetHints":{"allow":["GET"]}}],"collection":[{"href":"https:\/\/ironsky.pl\/sklep\/wp-json\/wp\/v2\/product"}],"about":[{"href":"https:\/\/ironsky.pl\/sklep\/wp-json\/wp\/v2\/types\/product"}],"replies":[{"embeddable":true,"href":"https:\/\/ironsky.pl\/sklep\/wp-json\/wp\/v2\/comments?post=60714"}],"wp:featuredmedia":[{"embeddable":true,"href":"https:\/\/ironsky.pl\/sklep\/wp-json\/wp\/v2\/media\/49484"}],"wp:attachment":[{"href":"https:\/\/ironsky.pl\/sklep\/wp-json\/wp\/v2\/media?parent=60714"}],"wp:term":[{"taxonomy":"product_brand","embeddable":true,"href":"https:\/\/ironsky.pl\/sklep\/wp-json\/wp\/v2\/product_brand?post=60714"},{"taxonomy":"product_cat","embeddable":true,"href":"https:\/\/ironsky.pl\/sklep\/wp-json\/wp\/v2\/product_cat?post=60714"},{"taxonomy":"product_tag","embeddable":true,"href":"https:\/\/ironsky.pl\/sklep\/wp-json\/wp\/v2\/product_tag?post=60714"}],"curies":[{"name":"wp","href":"https:\/\/api.w.org\/{rel}","templated":true}]}}