{"id":60706,"date":"2026-04-15T11:06:10","date_gmt":"2026-04-15T09:06:10","guid":{"rendered":"https:\/\/ironsky.pl\/sklep\/produkt\/zestaw-montazowy-na-kask-dji-osmo-z-wysiegnikiem-28cm\/"},"modified":"2026-04-15T11:06:31","modified_gmt":"2026-04-15T09:06:31","slug":"zestaw-montazowy-na-kask-dji-osmo-z-wysiegnikiem-28cm","status":"publish","type":"product","link":"https:\/\/ironsky.pl\/sklep\/produkt\/zestaw-montazowy-na-kask-dji-osmo-z-wysiegnikiem-28cm\/","title":{"rendered":"Zestaw monta\u017cowy na kask DJI Osmo z wysi\u0119gnikiem 28cm"},"content":{"rendered":"<h3>Zestaw monta\u017cowy na kask do uj\u0119\u0107 z perspektywy trzeciej osoby DJI Osmo<\/h3>\n<p>Ten\u00a0 zestaw pozwoli Ci rejestrowa\u0107 dynamiczne materia\u0142y podczas jazdy. Zakrzywiona baza samoprzylepna precyzyjnie dopasowuje si\u0119 do kszta\u0142tu kasku i gwarantuje stabilne mocowanie nawet przy intensywnych wstrz\u0105sach. W po\u0142\u0105czeniu z lekkim, a zarazem wytrzyma\u0142ym wysi\u0119gnikiem z w\u0142\u00f3kna w\u0119glowego o d\u0142ugo\u015bci 28 cm umo\u017cliwia uzyskanie efektownych uj\u0119\u0107 z dystansu \u2013 jakby towarzyszy\u0142 Ci niewidzialny operator kamery. Akcesorium zapewnia niezawodno\u015b\u0107 i wygod\u0119 u\u017cytkowania, dzi\u0119ki czemu idealnie sprawdzi si\u0119 podczas nagrywania sport\u00f3w motorowych, rowerowych i innych aktywno\u015bci outdoorowych.<\/p>\n<p>\n<img decoding=\"async\" src=\"https:\/\/assets.innpro.pl\/17603\/23337\/4.jpg\" border=\"0\" alt=\"zestaw monta\u017cowy na kask do kamer sportowych na szarym tle\" \/>\n<\/p>\n<div class=\"table-wrapper\">\n<p>\u00a0<\/p>\n<h3><\/h3>\n<table>\n<tbody>\n<tr>\n<th>Producent<\/th>\n<td>DJI<\/td>\n<\/tr>\n<tr>\n<th>Kod producenta<\/th>\n<td>CP.OS.00000468.01<\/td>\n<\/tr>\n<\/tbody>\n<\/table>\n<p>\u00a0<\/p>\n<h3>Klucz imbusowy<\/h3>\n<table>\n<tbody>\n<tr>\n<th>Wymiary<\/th>\n<td>ok. 53 \u00d7 97 \u00d7 16 mm (D \u00d7 S \u00d7 W)<\/td>\n<\/tr>\n<tr>\n<th>Waga<\/th>\n<td>ok. 8 g<\/td>\n<\/tr>\n<\/tbody>\n<\/table>\n<p>\u00a0<\/p>\n<h3>Prosty wysi\u0119gnik z w\u0142\u00f3kna w\u0119glowego 28 cm<\/h3>\n<table>\n<tbody>\n<tr>\n<th>Wymiary<\/th>\n<td>ok. 291 \u00d7 17 \u00d7 23 mm (D \u00d7 S \u00d7 W)<\/td>\n<\/tr>\n<tr>\n<th>Waga<\/th>\n<td>ok. 45 g<\/td>\n<\/tr>\n<\/tbody>\n<\/table>\n<p>\u00a0<\/p>\n<h3>\u015aruba blokuj\u0105ca DJI Osmo<\/h3>\n<table>\n<tbody>\n<tr>\n<th>Wymiary<\/th>\n<td>ok. 13,3 \u00d7 23 \u00d7 55,6 mm (D \u00d7 S \u00d7 W)<\/td>\n<\/tr>\n<tr>\n<th>Waga<\/th>\n<td>ok. 12 g<\/td>\n<\/tr>\n<\/tbody>\n<\/table>\n<p>\u00a0<\/p>\n<h3>Adapter z gwintu 1\/4&#8221; na z\u0142\u0105cze typu 2-prong<\/h3>\n<table>\n<tbody>\n<tr>\n<th>Wymiary<\/th>\n<td>ok. 32 \u00d7 18 \u00d7 18 mm (D \u00d7 S \u00d7 W)<\/td>\n<\/tr>\n<tr>\n<th>Waga<\/th>\n<td>ok. 9 g<\/td>\n<\/tr>\n<\/tbody>\n<\/table>\n<p>\u00a0<\/p>\n<h3>Adapter z systemem szybkiego monta\u017cu Osmo Action<\/h3>\n<table>\n<tbody>\n<tr>\n<th>Wymiary<\/th>\n<td>ok. 41 \u00d7 21 \u00d7 34 mm (D \u00d7 S \u00d7 W)<\/td>\n<\/tr>\n<tr>\n<th>Waga<\/th>\n<td>16 g<\/td>\n<\/tr>\n<\/tbody>\n<\/table>\n<\/div>\n","protected":false},"excerpt":{"rendered":"<p>Zestaw monta\u017cowy na kask do uj\u0119\u0107 z perspektywy trzeciej osoby DJI Osmo Ten\u00a0 zestaw pozwoli Ci rejestrowa\u0107 dynamiczne materia\u0142y podczas<\/p>\n","protected":false},"featured_media":49446,"comment_status":"closed","ping_status":"open","template":"","meta":{"_acf_changed":false},"product_brand":[],"product_cat":[1130,1137,1128],"product_tag":[],"class_list":{"0":"post-60706","1":"product","2":"type-product","3":"status-publish","4":"has-post-thumbnail","6":"product_cat-akcesoria-foto","7":"product_cat-do-kamer-sportowych","8":"product_cat-foto-wideo","9":"pa_okres-gwarancji-5757","10":"pa_producent-dji","12":"first","13":"outofstock","14":"taxable","15":"shipping-taxable","16":"purchasable","17":"product-type-simple"},"acf":[],"yoast_head":"<!-- This site is optimized with the Yoast SEO plugin v27.2 - https:\/\/yoast.com\/product\/yoast-seo-wordpress\/ -->\n<title>Zestaw monta\u017cowy na kask DJI Osmo z wysi\u0119gnikiem 28cm - IRONSKY.PL Sklep z Dronami<\/title>\n<meta name=\"description\" content=\"Zestaw monta\u017cowy na kask DJI Osmo z wysi\u0119gnikiem 28cm - \u2705 sklep z dronami i fachowym doradztwem. \u2705 Tutaj kupisz produkty DJI, Yuneec, Parrot, Syma i wiele innych, a tak\u017ce kursy i licencje na operatora drona.\" \/>\n<meta name=\"robots\" content=\"index, follow, max-snippet:-1, max-image-preview:large, max-video-preview:-1\" \/>\n<link rel=\"canonical\" href=\"https:\/\/ironsky.pl\/sklep\/produkt\/zestaw-montazowy-na-kask-dji-osmo-z-wysiegnikiem-28cm\/\" \/>\n<meta property=\"og:locale\" content=\"pl_PL\" \/>\n<meta property=\"og:type\" content=\"article\" \/>\n<meta property=\"og:title\" content=\"Zestaw monta\u017cowy na kask DJI Osmo z wysi\u0119gnikiem 28cm - IRONSKY.PL Sklep z Dronami\" \/>\n<meta property=\"og:description\" content=\"Zestaw monta\u017cowy na kask DJI Osmo z wysi\u0119gnikiem 28cm - \u2705 sklep z dronami i fachowym doradztwem. \u2705 Tutaj kupisz produkty DJI, Yuneec, Parrot, Syma i wiele innych, a tak\u017ce kursy i licencje na operatora drona.\" \/>\n<meta property=\"og:url\" content=\"https:\/\/ironsky.pl\/sklep\/produkt\/zestaw-montazowy-na-kask-dji-osmo-z-wysiegnikiem-28cm\/\" \/>\n<meta property=\"og:site_name\" content=\"IRONSKY.PL Sklep z Dronami\" \/>\n<meta property=\"article:modified_time\" content=\"2026-04-15T09:06:31+00:00\" \/>\n<meta property=\"og:image\" content=\"https:\/\/ironsky.pl\/sklep\/wp-content\/uploads\/2025\/10\/53845_1.jpg\" \/>\n\t<meta property=\"og:image:width\" content=\"800\" \/>\n\t<meta property=\"og:image:height\" content=\"800\" \/>\n\t<meta property=\"og:image:type\" content=\"image\/jpeg\" \/>\n<meta name=\"twitter:card\" content=\"summary_large_image\" \/>\n<meta name=\"twitter:label1\" content=\"Szacowany czas czytania\" \/>\n\t<meta name=\"twitter:data1\" content=\"1 minuta\" \/>\n<script type=\"application\/ld+json\" class=\"yoast-schema-graph\">{\"@context\":\"https:\/\/schema.org\",\"@graph\":[{\"@type\":\"WebPage\",\"@id\":\"https:\/\/ironsky.pl\/sklep\/produkt\/zestaw-montazowy-na-kask-dji-osmo-z-wysiegnikiem-28cm\/\",\"url\":\"https:\/\/ironsky.pl\/sklep\/produkt\/zestaw-montazowy-na-kask-dji-osmo-z-wysiegnikiem-28cm\/\",\"name\":\"Zestaw monta\u017cowy na kask DJI Osmo z wysi\u0119gnikiem 28cm - IRONSKY.PL Sklep z Dronami\",\"isPartOf\":{\"@id\":\"https:\/\/ironsky.pl\/sklep\/#website\"},\"primaryImageOfPage\":{\"@id\":\"https:\/\/ironsky.pl\/sklep\/produkt\/zestaw-montazowy-na-kask-dji-osmo-z-wysiegnikiem-28cm\/#primaryimage\"},\"image\":{\"@id\":\"https:\/\/ironsky.pl\/sklep\/produkt\/zestaw-montazowy-na-kask-dji-osmo-z-wysiegnikiem-28cm\/#primaryimage\"},\"thumbnailUrl\":\"https:\/\/ironsky.pl\/sklep\/wp-content\/uploads\/2025\/10\/53845_1.jpg\",\"datePublished\":\"2026-04-15T09:06:10+00:00\",\"dateModified\":\"2026-04-15T09:06:31+00:00\",\"description\":\"Zestaw monta\u017cowy na kask DJI Osmo z wysi\u0119gnikiem 28cm - \u2705 sklep z dronami i fachowym doradztwem. \u2705 Tutaj kupisz produkty DJI, Yuneec, Parrot, Syma i wiele innych, a tak\u017ce kursy i licencje na operatora drona.\",\"breadcrumb\":{\"@id\":\"https:\/\/ironsky.pl\/sklep\/produkt\/zestaw-montazowy-na-kask-dji-osmo-z-wysiegnikiem-28cm\/#breadcrumb\"},\"inLanguage\":\"pl-PL\",\"potentialAction\":[{\"@type\":\"ReadAction\",\"target\":[\"https:\/\/ironsky.pl\/sklep\/produkt\/zestaw-montazowy-na-kask-dji-osmo-z-wysiegnikiem-28cm\/\"]}]},{\"@type\":\"ImageObject\",\"inLanguage\":\"pl-PL\",\"@id\":\"https:\/\/ironsky.pl\/sklep\/produkt\/zestaw-montazowy-na-kask-dji-osmo-z-wysiegnikiem-28cm\/#primaryimage\",\"url\":\"https:\/\/ironsky.pl\/sklep\/wp-content\/uploads\/2025\/10\/53845_1.jpg\",\"contentUrl\":\"https:\/\/ironsky.pl\/sklep\/wp-content\/uploads\/2025\/10\/53845_1.jpg\",\"width\":800,\"height\":800},{\"@type\":\"BreadcrumbList\",\"@id\":\"https:\/\/ironsky.pl\/sklep\/produkt\/zestaw-montazowy-na-kask-dji-osmo-z-wysiegnikiem-28cm\/#breadcrumb\",\"itemListElement\":[{\"@type\":\"ListItem\",\"position\":1,\"name\":\"Strona g\u0142\u00f3wna\",\"item\":\"https:\/\/ironsky.pl\/sklep\/\"},{\"@type\":\"ListItem\",\"position\":2,\"name\":\"Wszystkie produkty\",\"item\":\"https:\/\/ironsky.pl\/sklep\/produkty\/\"},{\"@type\":\"ListItem\",\"position\":3,\"name\":\"Zestaw monta\u017cowy na kask DJI Osmo z wysi\u0119gnikiem 28cm\"}]},{\"@type\":\"WebSite\",\"@id\":\"https:\/\/ironsky.pl\/sklep\/#website\",\"url\":\"https:\/\/ironsky.pl\/sklep\/\",\"name\":\"IRONSKY.PL Sklep z Dronami\",\"description\":\"IRONSKY.PL Sklep z Dronami\",\"potentialAction\":[{\"@type\":\"SearchAction\",\"target\":{\"@type\":\"EntryPoint\",\"urlTemplate\":\"https:\/\/ironsky.pl\/sklep\/?s={search_term_string}\"},\"query-input\":{\"@type\":\"PropertyValueSpecification\",\"valueRequired\":true,\"valueName\":\"search_term_string\"}}],\"inLanguage\":\"pl-PL\"}]}<\/script>\n<!-- \/ Yoast SEO plugin. -->","yoast_head_json":{"title":"Zestaw monta\u017cowy na kask DJI Osmo z wysi\u0119gnikiem 28cm - IRONSKY.PL Sklep z Dronami","description":"Zestaw monta\u017cowy na kask DJI Osmo z wysi\u0119gnikiem 28cm - \u2705 sklep z dronami i fachowym doradztwem. \u2705 Tutaj kupisz produkty DJI, Yuneec, Parrot, Syma i wiele innych, a tak\u017ce kursy i licencje na operatora drona.","robots":{"index":"index","follow":"follow","max-snippet":"max-snippet:-1","max-image-preview":"max-image-preview:large","max-video-preview":"max-video-preview:-1"},"canonical":"https:\/\/ironsky.pl\/sklep\/produkt\/zestaw-montazowy-na-kask-dji-osmo-z-wysiegnikiem-28cm\/","og_locale":"pl_PL","og_type":"article","og_title":"Zestaw monta\u017cowy na kask DJI Osmo z wysi\u0119gnikiem 28cm - IRONSKY.PL Sklep z Dronami","og_description":"Zestaw monta\u017cowy na kask DJI Osmo z wysi\u0119gnikiem 28cm - \u2705 sklep z dronami i fachowym doradztwem. \u2705 Tutaj kupisz produkty DJI, Yuneec, Parrot, Syma i wiele innych, a tak\u017ce kursy i licencje na operatora drona.","og_url":"https:\/\/ironsky.pl\/sklep\/produkt\/zestaw-montazowy-na-kask-dji-osmo-z-wysiegnikiem-28cm\/","og_site_name":"IRONSKY.PL Sklep z Dronami","article_modified_time":"2026-04-15T09:06:31+00:00","og_image":[{"width":800,"height":800,"url":"https:\/\/ironsky.pl\/sklep\/wp-content\/uploads\/2025\/10\/53845_1.jpg","type":"image\/jpeg"}],"twitter_card":"summary_large_image","twitter_misc":{"Szacowany czas czytania":"1 minuta"},"schema":{"@context":"https:\/\/schema.org","@graph":[{"@type":"WebPage","@id":"https:\/\/ironsky.pl\/sklep\/produkt\/zestaw-montazowy-na-kask-dji-osmo-z-wysiegnikiem-28cm\/","url":"https:\/\/ironsky.pl\/sklep\/produkt\/zestaw-montazowy-na-kask-dji-osmo-z-wysiegnikiem-28cm\/","name":"Zestaw monta\u017cowy na kask DJI Osmo z wysi\u0119gnikiem 28cm - IRONSKY.PL Sklep z Dronami","isPartOf":{"@id":"https:\/\/ironsky.pl\/sklep\/#website"},"primaryImageOfPage":{"@id":"https:\/\/ironsky.pl\/sklep\/produkt\/zestaw-montazowy-na-kask-dji-osmo-z-wysiegnikiem-28cm\/#primaryimage"},"image":{"@id":"https:\/\/ironsky.pl\/sklep\/produkt\/zestaw-montazowy-na-kask-dji-osmo-z-wysiegnikiem-28cm\/#primaryimage"},"thumbnailUrl":"https:\/\/ironsky.pl\/sklep\/wp-content\/uploads\/2025\/10\/53845_1.jpg","datePublished":"2026-04-15T09:06:10+00:00","dateModified":"2026-04-15T09:06:31+00:00","description":"Zestaw monta\u017cowy na kask DJI Osmo z wysi\u0119gnikiem 28cm - \u2705 sklep z dronami i fachowym doradztwem. \u2705 Tutaj kupisz produkty DJI, Yuneec, Parrot, Syma i wiele innych, a tak\u017ce kursy i licencje na operatora drona.","breadcrumb":{"@id":"https:\/\/ironsky.pl\/sklep\/produkt\/zestaw-montazowy-na-kask-dji-osmo-z-wysiegnikiem-28cm\/#breadcrumb"},"inLanguage":"pl-PL","potentialAction":[{"@type":"ReadAction","target":["https:\/\/ironsky.pl\/sklep\/produkt\/zestaw-montazowy-na-kask-dji-osmo-z-wysiegnikiem-28cm\/"]}]},{"@type":"ImageObject","inLanguage":"pl-PL","@id":"https:\/\/ironsky.pl\/sklep\/produkt\/zestaw-montazowy-na-kask-dji-osmo-z-wysiegnikiem-28cm\/#primaryimage","url":"https:\/\/ironsky.pl\/sklep\/wp-content\/uploads\/2025\/10\/53845_1.jpg","contentUrl":"https:\/\/ironsky.pl\/sklep\/wp-content\/uploads\/2025\/10\/53845_1.jpg","width":800,"height":800},{"@type":"BreadcrumbList","@id":"https:\/\/ironsky.pl\/sklep\/produkt\/zestaw-montazowy-na-kask-dji-osmo-z-wysiegnikiem-28cm\/#breadcrumb","itemListElement":[{"@type":"ListItem","position":1,"name":"Strona g\u0142\u00f3wna","item":"https:\/\/ironsky.pl\/sklep\/"},{"@type":"ListItem","position":2,"name":"Wszystkie produkty","item":"https:\/\/ironsky.pl\/sklep\/produkty\/"},{"@type":"ListItem","position":3,"name":"Zestaw monta\u017cowy na kask DJI Osmo z wysi\u0119gnikiem 28cm"}]},{"@type":"WebSite","@id":"https:\/\/ironsky.pl\/sklep\/#website","url":"https:\/\/ironsky.pl\/sklep\/","name":"IRONSKY.PL Sklep z Dronami","description":"IRONSKY.PL Sklep z Dronami","potentialAction":[{"@type":"SearchAction","target":{"@type":"EntryPoint","urlTemplate":"https:\/\/ironsky.pl\/sklep\/?s={search_term_string}"},"query-input":{"@type":"PropertyValueSpecification","valueRequired":true,"valueName":"search_term_string"}}],"inLanguage":"pl-PL"}]}},"_links":{"self":[{"href":"https:\/\/ironsky.pl\/sklep\/wp-json\/wp\/v2\/product\/60706","targetHints":{"allow":["GET"]}}],"collection":[{"href":"https:\/\/ironsky.pl\/sklep\/wp-json\/wp\/v2\/product"}],"about":[{"href":"https:\/\/ironsky.pl\/sklep\/wp-json\/wp\/v2\/types\/product"}],"replies":[{"embeddable":true,"href":"https:\/\/ironsky.pl\/sklep\/wp-json\/wp\/v2\/comments?post=60706"}],"wp:featuredmedia":[{"embeddable":true,"href":"https:\/\/ironsky.pl\/sklep\/wp-json\/wp\/v2\/media\/49446"}],"wp:attachment":[{"href":"https:\/\/ironsky.pl\/sklep\/wp-json\/wp\/v2\/media?parent=60706"}],"wp:term":[{"taxonomy":"product_brand","embeddable":true,"href":"https:\/\/ironsky.pl\/sklep\/wp-json\/wp\/v2\/product_brand?post=60706"},{"taxonomy":"product_cat","embeddable":true,"href":"https:\/\/ironsky.pl\/sklep\/wp-json\/wp\/v2\/product_cat?post=60706"},{"taxonomy":"product_tag","embeddable":true,"href":"https:\/\/ironsky.pl\/sklep\/wp-json\/wp\/v2\/product_tag?post=60706"}],"curies":[{"name":"wp","href":"https:\/\/api.w.org\/{rel}","templated":true}]}}