{"id":60703,"date":"2026-04-15T11:06:10","date_gmt":"2026-04-15T09:06:10","guid":{"rendered":"https:\/\/ironsky.pl\/sklep\/produkt\/mocowanie-adaptera-dji-osmo-szybkie-odlaczanie-gwint-1-4\/"},"modified":"2026-04-15T11:06:27","modified_gmt":"2026-04-15T09:06:27","slug":"mocowanie-adaptera-dji-osmo-szybkie-odlaczanie-gwint-1-4","status":"publish","type":"product","link":"https:\/\/ironsky.pl\/sklep\/produkt\/mocowanie-adaptera-dji-osmo-szybkie-odlaczanie-gwint-1-4\/","title":{"rendered":"Mocowanie adaptera DJI Osmo szybkie od\u0142\u0105czanie gwint 1\/4"},"content":{"rendered":"<h3>Regulowane mocowanie adaptera z szybkim od\u0142\u0105czaniem DJI Osmo<\/h3>\n<p>Regulowane mocowanie z magnetycznym systemem szybkiego od\u0142\u0105czania to praktyczne rozwi\u0105zanie dla u\u017cytkownik\u00f3w DJI Osmo 360, kt\u00f3rzy ceni\u0105 sobie wygod\u0119 i niezawodno\u015b\u0107 podczas nagrywania. Akcesorium umo\u017cliwia b\u0142yskawiczny monta\u017c i demonta\u017c kamery, zapewniaj\u0105c jednocze\u015bnie solidne, stabilne po\u0142\u0105czenie. Jest kompatybilne z Invisible Selfie Stickami wyposa\u017conymi w gwint 1\/4&#8243;, co znacz\u0105co u\u0142atwia konfiguracj\u0119 zestawu. Dodatkowo pozwala na regulacj\u0119 k\u0105ta nachylenia w dw\u00f3ch pozycjach (0\u00b0 i 68\u00b0), co przek\u0142ada si\u0119 na precyzyjne kadrowanie i wi\u0119ksz\u0105 swobod\u0119 tw\u00f3rcz\u0105 \u2014 zw\u0142aszcza podczas nagrywania jednym obiektywem. Kompaktowa konstrukcja o wadze zaledwie 27 g nie obci\u0105\u017ca sprz\u0119tu, zachowuj\u0105c pe\u0142n\u0105 mobilno\u015b\u0107 zestawu.<\/p>\n<p>\n<img decoding=\"async\" src=\"https:\/\/assets.innpro.pl\/17606\/23340\/4.jpg\" border=\"0\" alt=\" regulowane mocowanie adaptera z szybkim od\u0142\u0105czaniem do kamer sportowych na szarym tle\" \/>\n<\/p>\n<div class=\"table-wrapper\">\n<p>\u00a0<\/p>\n<h3><\/h3>\n<table>\n<tbody>\n<tr>\n<th>Producent<\/th>\n<td>DJI<\/td>\n<\/tr>\n<tr>\n<th>Kod producenta<\/th>\n<td>CP.OS.00000455.01<\/td>\n<\/tr>\n<tr>\n<th>Wymiary<\/th>\n<td>ok. 41 \u00d7 22 \u00d7 32 mm (D \u00d7 S \u00d7 W)<\/td>\n<\/tr>\n<tr>\n<th>Waga<\/th>\n<td>ok. 27 g<\/td>\n<\/tr>\n<tr>\n<th>K\u0105t przegubu (dwa poziomy)<\/th>\n<td>0\u00b0, 68\u00b0<\/td>\n<\/tr>\n<\/tbody>\n<\/table>\n<\/div>\n","protected":false},"excerpt":{"rendered":"<p>Regulowane mocowanie adaptera z szybkim od\u0142\u0105czaniem DJI Osmo Regulowane mocowanie z magnetycznym systemem szybkiego od\u0142\u0105czania to praktyczne rozwi\u0105zanie dla u\u017cytkownik\u00f3w<\/p>\n","protected":false},"featured_media":49437,"comment_status":"closed","ping_status":"open","template":"","meta":{"_acf_changed":false},"product_brand":[],"product_cat":[1130,1137,1128],"product_tag":[],"class_list":{"0":"post-60703","1":"product","2":"type-product","3":"status-publish","4":"has-post-thumbnail","6":"product_cat-akcesoria-foto","7":"product_cat-do-kamer-sportowych","8":"product_cat-foto-wideo","9":"pa_okres-gwarancji-5757","10":"pa_producent-dji","12":"first","13":"outofstock","14":"taxable","15":"shipping-taxable","16":"purchasable","17":"product-type-simple"},"acf":[],"yoast_head":"<!-- This site is optimized with the Yoast SEO plugin v27.2 - https:\/\/yoast.com\/product\/yoast-seo-wordpress\/ -->\n<title>Mocowanie adaptera DJI Osmo szybkie od\u0142\u0105czanie gwint 1\/4 - IRONSKY.PL Sklep z Dronami<\/title>\n<meta name=\"description\" content=\"Mocowanie adaptera DJI Osmo szybkie od\u0142\u0105czanie gwint 1\/4 - \u2705 sklep z dronami i fachowym doradztwem. \u2705 Tutaj kupisz produkty DJI, Yuneec, Parrot, Syma i wiele innych, a tak\u017ce kursy i licencje na operatora drona.\" \/>\n<meta name=\"robots\" content=\"index, follow, max-snippet:-1, max-image-preview:large, max-video-preview:-1\" \/>\n<link rel=\"canonical\" href=\"https:\/\/ironsky.pl\/sklep\/produkt\/mocowanie-adaptera-dji-osmo-szybkie-odlaczanie-gwint-1-4\/\" \/>\n<meta property=\"og:locale\" content=\"pl_PL\" \/>\n<meta property=\"og:type\" content=\"article\" \/>\n<meta property=\"og:title\" content=\"Mocowanie adaptera DJI Osmo szybkie od\u0142\u0105czanie gwint 1\/4 - IRONSKY.PL Sklep z Dronami\" \/>\n<meta property=\"og:description\" content=\"Mocowanie adaptera DJI Osmo szybkie od\u0142\u0105czanie gwint 1\/4 - \u2705 sklep z dronami i fachowym doradztwem. \u2705 Tutaj kupisz produkty DJI, Yuneec, Parrot, Syma i wiele innych, a tak\u017ce kursy i licencje na operatora drona.\" \/>\n<meta property=\"og:url\" content=\"https:\/\/ironsky.pl\/sklep\/produkt\/mocowanie-adaptera-dji-osmo-szybkie-odlaczanie-gwint-1-4\/\" \/>\n<meta property=\"og:site_name\" content=\"IRONSKY.PL Sklep z Dronami\" \/>\n<meta property=\"article:modified_time\" content=\"2026-04-15T09:06:27+00:00\" \/>\n<meta property=\"og:image\" content=\"https:\/\/ironsky.pl\/sklep\/wp-content\/uploads\/2025\/10\/53842_1.jpg\" \/>\n\t<meta property=\"og:image:width\" content=\"800\" \/>\n\t<meta property=\"og:image:height\" content=\"800\" \/>\n\t<meta property=\"og:image:type\" content=\"image\/jpeg\" \/>\n<meta name=\"twitter:card\" content=\"summary_large_image\" \/>\n<meta name=\"twitter:label1\" content=\"Szacowany czas czytania\" \/>\n\t<meta name=\"twitter:data1\" content=\"1 minuta\" \/>\n<script type=\"application\/ld+json\" class=\"yoast-schema-graph\">{\"@context\":\"https:\/\/schema.org\",\"@graph\":[{\"@type\":\"WebPage\",\"@id\":\"https:\/\/ironsky.pl\/sklep\/produkt\/mocowanie-adaptera-dji-osmo-szybkie-odlaczanie-gwint-1-4\/\",\"url\":\"https:\/\/ironsky.pl\/sklep\/produkt\/mocowanie-adaptera-dji-osmo-szybkie-odlaczanie-gwint-1-4\/\",\"name\":\"Mocowanie adaptera DJI Osmo szybkie od\u0142\u0105czanie gwint 1\/4 - IRONSKY.PL Sklep z Dronami\",\"isPartOf\":{\"@id\":\"https:\/\/ironsky.pl\/sklep\/#website\"},\"primaryImageOfPage\":{\"@id\":\"https:\/\/ironsky.pl\/sklep\/produkt\/mocowanie-adaptera-dji-osmo-szybkie-odlaczanie-gwint-1-4\/#primaryimage\"},\"image\":{\"@id\":\"https:\/\/ironsky.pl\/sklep\/produkt\/mocowanie-adaptera-dji-osmo-szybkie-odlaczanie-gwint-1-4\/#primaryimage\"},\"thumbnailUrl\":\"https:\/\/ironsky.pl\/sklep\/wp-content\/uploads\/2025\/10\/53842_1.jpg\",\"datePublished\":\"2026-04-15T09:06:10+00:00\",\"dateModified\":\"2026-04-15T09:06:27+00:00\",\"description\":\"Mocowanie adaptera DJI Osmo szybkie od\u0142\u0105czanie gwint 1\/4 - \u2705 sklep z dronami i fachowym doradztwem. \u2705 Tutaj kupisz produkty DJI, Yuneec, Parrot, Syma i wiele innych, a tak\u017ce kursy i licencje na operatora drona.\",\"breadcrumb\":{\"@id\":\"https:\/\/ironsky.pl\/sklep\/produkt\/mocowanie-adaptera-dji-osmo-szybkie-odlaczanie-gwint-1-4\/#breadcrumb\"},\"inLanguage\":\"pl-PL\",\"potentialAction\":[{\"@type\":\"ReadAction\",\"target\":[\"https:\/\/ironsky.pl\/sklep\/produkt\/mocowanie-adaptera-dji-osmo-szybkie-odlaczanie-gwint-1-4\/\"]}]},{\"@type\":\"ImageObject\",\"inLanguage\":\"pl-PL\",\"@id\":\"https:\/\/ironsky.pl\/sklep\/produkt\/mocowanie-adaptera-dji-osmo-szybkie-odlaczanie-gwint-1-4\/#primaryimage\",\"url\":\"https:\/\/ironsky.pl\/sklep\/wp-content\/uploads\/2025\/10\/53842_1.jpg\",\"contentUrl\":\"https:\/\/ironsky.pl\/sklep\/wp-content\/uploads\/2025\/10\/53842_1.jpg\",\"width\":800,\"height\":800},{\"@type\":\"BreadcrumbList\",\"@id\":\"https:\/\/ironsky.pl\/sklep\/produkt\/mocowanie-adaptera-dji-osmo-szybkie-odlaczanie-gwint-1-4\/#breadcrumb\",\"itemListElement\":[{\"@type\":\"ListItem\",\"position\":1,\"name\":\"Strona g\u0142\u00f3wna\",\"item\":\"https:\/\/ironsky.pl\/sklep\/\"},{\"@type\":\"ListItem\",\"position\":2,\"name\":\"Wszystkie produkty\",\"item\":\"https:\/\/ironsky.pl\/sklep\/produkty\/\"},{\"@type\":\"ListItem\",\"position\":3,\"name\":\"Mocowanie adaptera DJI Osmo szybkie od\u0142\u0105czanie gwint 1\/4\"}]},{\"@type\":\"WebSite\",\"@id\":\"https:\/\/ironsky.pl\/sklep\/#website\",\"url\":\"https:\/\/ironsky.pl\/sklep\/\",\"name\":\"IRONSKY.PL Sklep z Dronami\",\"description\":\"IRONSKY.PL Sklep z Dronami\",\"potentialAction\":[{\"@type\":\"SearchAction\",\"target\":{\"@type\":\"EntryPoint\",\"urlTemplate\":\"https:\/\/ironsky.pl\/sklep\/?s={search_term_string}\"},\"query-input\":{\"@type\":\"PropertyValueSpecification\",\"valueRequired\":true,\"valueName\":\"search_term_string\"}}],\"inLanguage\":\"pl-PL\"}]}<\/script>\n<!-- \/ Yoast SEO plugin. -->","yoast_head_json":{"title":"Mocowanie adaptera DJI Osmo szybkie od\u0142\u0105czanie gwint 1\/4 - IRONSKY.PL Sklep z Dronami","description":"Mocowanie adaptera DJI Osmo szybkie od\u0142\u0105czanie gwint 1\/4 - \u2705 sklep z dronami i fachowym doradztwem. \u2705 Tutaj kupisz produkty DJI, Yuneec, Parrot, Syma i wiele innych, a tak\u017ce kursy i licencje na operatora drona.","robots":{"index":"index","follow":"follow","max-snippet":"max-snippet:-1","max-image-preview":"max-image-preview:large","max-video-preview":"max-video-preview:-1"},"canonical":"https:\/\/ironsky.pl\/sklep\/produkt\/mocowanie-adaptera-dji-osmo-szybkie-odlaczanie-gwint-1-4\/","og_locale":"pl_PL","og_type":"article","og_title":"Mocowanie adaptera DJI Osmo szybkie od\u0142\u0105czanie gwint 1\/4 - IRONSKY.PL Sklep z Dronami","og_description":"Mocowanie adaptera DJI Osmo szybkie od\u0142\u0105czanie gwint 1\/4 - \u2705 sklep z dronami i fachowym doradztwem. \u2705 Tutaj kupisz produkty DJI, Yuneec, Parrot, Syma i wiele innych, a tak\u017ce kursy i licencje na operatora drona.","og_url":"https:\/\/ironsky.pl\/sklep\/produkt\/mocowanie-adaptera-dji-osmo-szybkie-odlaczanie-gwint-1-4\/","og_site_name":"IRONSKY.PL Sklep z Dronami","article_modified_time":"2026-04-15T09:06:27+00:00","og_image":[{"width":800,"height":800,"url":"https:\/\/ironsky.pl\/sklep\/wp-content\/uploads\/2025\/10\/53842_1.jpg","type":"image\/jpeg"}],"twitter_card":"summary_large_image","twitter_misc":{"Szacowany czas czytania":"1 minuta"},"schema":{"@context":"https:\/\/schema.org","@graph":[{"@type":"WebPage","@id":"https:\/\/ironsky.pl\/sklep\/produkt\/mocowanie-adaptera-dji-osmo-szybkie-odlaczanie-gwint-1-4\/","url":"https:\/\/ironsky.pl\/sklep\/produkt\/mocowanie-adaptera-dji-osmo-szybkie-odlaczanie-gwint-1-4\/","name":"Mocowanie adaptera DJI Osmo szybkie od\u0142\u0105czanie gwint 1\/4 - IRONSKY.PL Sklep z Dronami","isPartOf":{"@id":"https:\/\/ironsky.pl\/sklep\/#website"},"primaryImageOfPage":{"@id":"https:\/\/ironsky.pl\/sklep\/produkt\/mocowanie-adaptera-dji-osmo-szybkie-odlaczanie-gwint-1-4\/#primaryimage"},"image":{"@id":"https:\/\/ironsky.pl\/sklep\/produkt\/mocowanie-adaptera-dji-osmo-szybkie-odlaczanie-gwint-1-4\/#primaryimage"},"thumbnailUrl":"https:\/\/ironsky.pl\/sklep\/wp-content\/uploads\/2025\/10\/53842_1.jpg","datePublished":"2026-04-15T09:06:10+00:00","dateModified":"2026-04-15T09:06:27+00:00","description":"Mocowanie adaptera DJI Osmo szybkie od\u0142\u0105czanie gwint 1\/4 - \u2705 sklep z dronami i fachowym doradztwem. \u2705 Tutaj kupisz produkty DJI, Yuneec, Parrot, Syma i wiele innych, a tak\u017ce kursy i licencje na operatora drona.","breadcrumb":{"@id":"https:\/\/ironsky.pl\/sklep\/produkt\/mocowanie-adaptera-dji-osmo-szybkie-odlaczanie-gwint-1-4\/#breadcrumb"},"inLanguage":"pl-PL","potentialAction":[{"@type":"ReadAction","target":["https:\/\/ironsky.pl\/sklep\/produkt\/mocowanie-adaptera-dji-osmo-szybkie-odlaczanie-gwint-1-4\/"]}]},{"@type":"ImageObject","inLanguage":"pl-PL","@id":"https:\/\/ironsky.pl\/sklep\/produkt\/mocowanie-adaptera-dji-osmo-szybkie-odlaczanie-gwint-1-4\/#primaryimage","url":"https:\/\/ironsky.pl\/sklep\/wp-content\/uploads\/2025\/10\/53842_1.jpg","contentUrl":"https:\/\/ironsky.pl\/sklep\/wp-content\/uploads\/2025\/10\/53842_1.jpg","width":800,"height":800},{"@type":"BreadcrumbList","@id":"https:\/\/ironsky.pl\/sklep\/produkt\/mocowanie-adaptera-dji-osmo-szybkie-odlaczanie-gwint-1-4\/#breadcrumb","itemListElement":[{"@type":"ListItem","position":1,"name":"Strona g\u0142\u00f3wna","item":"https:\/\/ironsky.pl\/sklep\/"},{"@type":"ListItem","position":2,"name":"Wszystkie produkty","item":"https:\/\/ironsky.pl\/sklep\/produkty\/"},{"@type":"ListItem","position":3,"name":"Mocowanie adaptera DJI Osmo szybkie od\u0142\u0105czanie gwint 1\/4"}]},{"@type":"WebSite","@id":"https:\/\/ironsky.pl\/sklep\/#website","url":"https:\/\/ironsky.pl\/sklep\/","name":"IRONSKY.PL Sklep z Dronami","description":"IRONSKY.PL Sklep z Dronami","potentialAction":[{"@type":"SearchAction","target":{"@type":"EntryPoint","urlTemplate":"https:\/\/ironsky.pl\/sklep\/?s={search_term_string}"},"query-input":{"@type":"PropertyValueSpecification","valueRequired":true,"valueName":"search_term_string"}}],"inLanguage":"pl-PL"}]}},"_links":{"self":[{"href":"https:\/\/ironsky.pl\/sklep\/wp-json\/wp\/v2\/product\/60703","targetHints":{"allow":["GET"]}}],"collection":[{"href":"https:\/\/ironsky.pl\/sklep\/wp-json\/wp\/v2\/product"}],"about":[{"href":"https:\/\/ironsky.pl\/sklep\/wp-json\/wp\/v2\/types\/product"}],"replies":[{"embeddable":true,"href":"https:\/\/ironsky.pl\/sklep\/wp-json\/wp\/v2\/comments?post=60703"}],"wp:featuredmedia":[{"embeddable":true,"href":"https:\/\/ironsky.pl\/sklep\/wp-json\/wp\/v2\/media\/49437"}],"wp:attachment":[{"href":"https:\/\/ironsky.pl\/sklep\/wp-json\/wp\/v2\/media?parent=60703"}],"wp:term":[{"taxonomy":"product_brand","embeddable":true,"href":"https:\/\/ironsky.pl\/sklep\/wp-json\/wp\/v2\/product_brand?post=60703"},{"taxonomy":"product_cat","embeddable":true,"href":"https:\/\/ironsky.pl\/sklep\/wp-json\/wp\/v2\/product_cat?post=60703"},{"taxonomy":"product_tag","embeddable":true,"href":"https:\/\/ironsky.pl\/sklep\/wp-json\/wp\/v2\/product_tag?post=60703"}],"curies":[{"name":"wp","href":"https:\/\/api.w.org\/{rel}","templated":true}]}}