{"id":60697,"date":"2026-04-15T11:06:10","date_gmt":"2026-04-15T09:06:10","guid":{"rendered":"https:\/\/ironsky.pl\/sklep\/produkt\/stacja-zasilania-ecoflow-delta-3-1500-1-5kwh-2x220w\/"},"modified":"2026-04-15T11:06:20","modified_gmt":"2026-04-15T09:06:20","slug":"stacja-zasilania-ecoflow-delta-3-1500-1-5kwh-2x220w","status":"publish","type":"product","link":"https:\/\/ironsky.pl\/sklep\/produkt\/stacja-zasilania-ecoflow-delta-3-1500-1-5kwh-2x220w\/","title":{"rendered":"Stacja zasilania ECOFLOW Delta 3 1500 1.5kWh + 2x220W"},"content":{"rendered":"<h3>Zestaw: Stacja zasilania EcoFlow Delta 3 1500 + 2x panel fotowoltaiczny 220W<\/h3>\n<p>Przygotuj si\u0119 nawet na d\u0142u\u017csze przerwy w dostawie pr\u0105du i ciesz si\u0119 niezawodnym dzia\u0142aniem swoich urz\u0105dze\u0144. Przeno\u015bna stacja zasilania EcoFlow DELTA 3 1500 oferuje pojemno\u015b\u0107 a\u017c 1,5 kWh (z mo\u017cliwo\u015bci\u0105 rozszerzenia do 5,5 kWh) oraz moc do 1800 W (lub 2400 W z X-Boost). Jest przy tym zaskakuj\u0105co wygodna w transporcie \u2013 wa\u017cy oko\u0142o 16,5 kg, a jej wymiary to 400 x 212 x 282 mm. Pozwala te\u017c na pod\u0142\u0105czenie a\u017c 13 urz\u0105dze\u0144 jednocze\u015bnie i bardzo szybko si\u0119 \u0142aduje \u2013 aby na\u0142adowa\u0107 j\u0105 do 80%, wystarczy oko\u0142o 60 minut. Mo\u017ce r\u00f3wnie\u017c w ci\u0105gu 15 ms prze\u0142\u0105czy\u0107 si\u0119 na zasilanie awaryjne, zapewniaj\u0105c ci\u0105g\u0142o\u015b\u0107 dzia\u0142ania niezb\u0119dnych sprz\u0119t\u00f3w, a jej obs\u0142ug\u0119 u\u0142atwia dedykowana aplikacja. Do zestawu do\u0142\u0105czono dwa panele fotowoltaiczne, kt\u00f3re oferuj\u0105 niezwyk\u0142\u0105 wydajno\u015b\u0107 i moc wynosz\u0105c\u0105 po 220W.<\/p>\n<p>\n<img decoding=\"async\" src=\"https:\/\/assets.innpro.pl\/17031\/22304\/14.jpg\" border=\"0\" alt=\"Przeno\u015bna stacja zasilania EcoFlow ustawiona przed roz\u0142o\u017conym panelem s\u0142onecznym na bia\u0142ym tle\" \/>\n<\/p>\n<h3>Pojemno\u015b\u0107 1,5 kWh z opcj\u0105 rozszerzenia<\/h3>\n<p>Stacja wyr\u00f3\u017cnia si\u0119 imponuj\u0105c\u0105 pojemno\u015bci\u0105 1,5 kWh, dzi\u0119ki czemu gwarantuje d\u0142ugi czas dzia\u0142ania niezb\u0119dnych urz\u0105dze\u0144. Mo\u017ce na przyk\u0142ad zasila\u0107 telewizor przez oko\u0142o 12 godzin i pozwala na\u0142adowa\u0107 laptopa oko\u0142o 24 razy. To nadal za ma\u0142o? Skorzystaj z mo\u017cliwo\u015bci rozszerzenia pojemno\u015bci stacji do a\u017c 5,5 kWh! DELTA 3 1500 jest kompatybilna nie tylko z przeznaczonym dla niej akumulatorem, ale te\u017c z akumulatorami do DELTY 2, DELTY 2 Max i DELTY Pro 3.<\/p>\n<p>\n<img decoding=\"async\" src=\"https:\/\/assets.innpro.pl\/17031\/22304\/16.jpg\" border=\"0\" alt=\"M\u0119\u017cczyzna siedz\u0105cy przy stole z laptopem obok namiotu, z panelami s\u0142onecznymi i stacj\u0105 zasilania na tle g\u00f3rskiego krajobrazu\" \/>\n<\/p>\n<h3>Szerokie mo\u017cliwo\u015bci zasilania<\/h3>\n<p>DELTA 3 1500 zapewnia moc wyj\u015bciow\u0105 do 1800 W, a w trybie X-Boost bez problemu radzi sobie z obci\u0105\u017ceniem do 2400 W. Dzi\u0119ki temu pozwala zasila\u0107 wi\u0119kszo\u015b\u0107 powszechnie u\u017cywanych urz\u0105dze\u0144, takich jak na przyk\u0142ad lod\u00f3wka, smartfon, telewizor, g\u0142o\u015bnik lub nawet mikrofal\u00f3wka czy ekspres do kawy. Co wi\u0119cej, do dyspozycji masz 13 r\u00f3\u017cnych port\u00f3w \u2013 4 gniazda AC (do 1800 W), 2 porty szybkiego \u0142adowania USB-A (do 18 W), dwa porty USB-A (do 12 W), dwa porty USB-C (do 100 W), wyj\u015bcie samochodowe (12,6 V, do 126 W) oraz dwa porty DC5521 (12,6 V, do 3 A). Mo\u017cesz wi\u0119c pod\u0142\u0105czy\u0107 do niej a\u017c 13 sprz\u0119t\u00f3w jednocze\u015bnie!<\/p>\n<p>\n<img decoding=\"async\" src=\"https:\/\/assets.innpro.pl\/17031\/22304\/1.jpg\" border=\"0\" alt=\"Kobieta w kuchni przygotowuj\u0105ca kaw\u0119 przy ekspresie, obok kt\u00f3rego stoi stacja zasilania EcoFlow\" \/>\n<\/p>\n<h3>Szybkie \u0142adowanie<\/h3>\n<p>Nie czekaj zbyt d\u0142ugo, a\u017c stacja b\u0119dzie zn\u00f3w gotowa do pracy. Dzi\u0119ki technologii X-Stream \u0142adowanie DELTY 3 1500 od 0% do 80% mo\u017ce potrwa\u0107 tylko oko\u0142o 60 minut, a od 0% do 100% \u2013 oko\u0142o 90 minut. To oznacza, \u017ce w mgnieniu oka przygotujesz j\u0105 do zasilania niezb\u0119dnych urz\u0105dze\u0144 w domu, w biurze czy na kempingu!<\/p>\n<p>\n<img decoding=\"async\" src=\"https:\/\/assets.innpro.pl\/17031\/22304\/3.jpg\" border=\"0\" alt=\"M\u0119\u017cczyzna pracuj\u0105cy przy komputerze w ciemnym pokoju z o\u015bwietleniem biurkowym, z pod\u0142\u0105czon\u0105 stacj\u0105 zasilania EcoFlow\" \/>\n<\/p>\n<h3>Na\u0142adujesz j\u0105 na kilka sposob\u00f3w<\/h3>\n<p>Stacja mo\u017ce by\u0107 \u0142adowana na r\u00f3\u017cne sposoby, co pozwala bez problemu przygotowa\u0107 j\u0105 do pracy w niemal ka\u017cdych okoliczno\u015bciach. Za pomoc\u0105 gniazda AC na\u0142adujesz j\u0105 w oko\u0142o 1,5 godziny, a przy u\u017cyciu paneli fotowoltaicznych o mocy do 500 W \u2013 w oko\u0142o 3,5 godziny. Mo\u017cesz te\u017c skorzysta\u0107 z generatora pr\u0105du. Dost\u0119pna jest r\u00f3wnie\u017c opcja \u0142adowania DELTY 3 1500 z alternatora w samochodzie \u2013 potrwa to oko\u0142o 2,1 godziny. Istnieje tak\u017ce mo\u017cliwo\u015b\u0107 po\u0142\u0105czenia paneli fotowoltaicznych i gniazda AC \u2013 w ten spos\u00f3b przywr\u00f3cisz stacji pe\u0142ni\u0119 mocy w oko\u0142o 1,5 godziny.<\/p>\n<p>\n<img decoding=\"async\" src=\"https:\/\/assets.innpro.pl\/17031\/22304\/5.jpg\" border=\"0\" alt=\"Przeno\u015bna stacja zasilania EcoFlow stoj\u0105ca na skrzyni, pod\u0142\u0105czona do \u017c\u00f3\u0142tego grilla w plenerze\" \/>\n<\/p>\n<h3>Niezawodne zasilanie awaryjna<\/h3>\n<p>Przerwy w dostawie pr\u0105du cz\u0119sto nie da si\u0119 przewidzie\u0107, ale mo\u017cna si\u0119 na ni\u0105 przygotowa\u0107. Stacja DELTA 3 1500 obs\u0142uguje funkcj\u0119 UPS, dzi\u0119ki kt\u00f3rej jest w stanie prze\u0142\u0105czy\u0107 si\u0119 na zasilanie awaryjne w ci\u0105gu zaledwie 15 ms. To pozwoli Ci zadba\u0107 o nieprzerwane dzia\u0142anie niezb\u0119dnych urz\u0105dze\u0144, takich jak na przyk\u0142ad lod\u00f3wka czy aparat CPAP.<\/p>\n<p>\n<img decoding=\"async\" src=\"https:\/\/assets.innpro.pl\/17031\/22304\/7.jpg\" border=\"0\" alt=\"Rodzina grilluj\u0105ca na trawie przed domem, obok paneli s\u0142onecznych i stacji zasilania EcoFlow\" \/>\n<\/p>\n<h3>Wysokiej klasy akumulator<\/h3>\n<p>Stacja EcoFlow DELTA 3 1500 zosta\u0142a wyposa\u017cona w wysokiej klasy akumulator LFP, kt\u00f3ry wyr\u00f3\u017cnia si\u0119 \u017cywotno\u015bci\u0105 na poziomie 3000 cykli \u0142adowania (do 70% pojemno\u015bci). Dzi\u0119ki temu mo\u017ce \u015bwietnie Ci s\u0142u\u017cy\u0107 nawet przez 10 lat! Co wi\u0119cej, klasa szczelno\u015bci IP54 chroni go przed zachlapaniami i py\u0142em, a inteligentny system zarz\u0105dzania BMS odpowiada za jego niezawodne dzia\u0142anie. Na uwag\u0119 zas\u0142uguje tak\u017ce ochrona przed propagacj\u0105 termiczn\u0105, kt\u00f3ra zmniejsza ryzyko wyst\u0105pienia takich zagro\u017ce\u0144 jak na przyk\u0142ad po\u017cary.<\/p>\n<p>\n<img decoding=\"async\" src=\"https:\/\/assets.innpro.pl\/17031\/22304\/2.jpg\" border=\"0\" alt=\"Przezroczysty widok wewn\u0119trzny stacji zasilania EcoFlow ukazuj\u0105cy komponenty elektroniczne i system ch\u0142odzenia\" \/>\n<\/p>\n<h3>Przeno\u015bna konstrukcja<\/h3>\n<p>DELTA 3 1500 \u0142\u0105czy pot\u0119\u017cne mo\u017cliwo\u015bci z przeno\u015bn\u0105 konstrukcj\u0105. Urz\u0105dzenie wa\u017cy oko\u0142o 16,5 kg, a jego wymiary to 400 x 212 x 282 mm. Dzi\u0119ki temu jego transport nie sprawi Ci \u017cadnego problemu! Z \u0142atwo\u015bci\u0105 zabierzesz je na przyk\u0142ad do ogrodu, wykorzystasz w przydomowym warsztacie lub zmie\u015bcisz w baga\u017cniku samochodu.<\/p>\n<p>\n<img decoding=\"async\" src=\"https:\/\/assets.innpro.pl\/17031\/22304\/4.jpg\" border=\"0\" alt=\"Stacja zasilania EcoFlow ustawiona w baga\u017cniku otwartego samochodu osobowego\" \/>\n<\/p>\n<h3>Wygodna obs\u0142uga z aplikacj\u0105<\/h3>\n<p>Pobierz aplikacj\u0119 EcoFlow i ciesz si\u0119 wygodn\u0105, zdaln\u0105 obs\u0142ug\u0105 stacji. Teraz wystarczy kilka klikni\u0119\u0107 na smartfonie, aby na przyk\u0142ad sprawdzi\u0107 bie\u017c\u0105ce parametry, przeprowadzi\u0107 aktualizacj\u0119 oprogramowania lub zmieni\u0107 ustawienia! Mo\u017cesz te\u017c dostosowa\u0107 zu\u017cycie energii w taki spos\u00f3b, aby jeszcze efektywniej korzysta\u0107 z pr\u0105du i zaoszcz\u0119dzi\u0107 na rachunkach.<\/p>\n<p>\n<img decoding=\"async\" src=\"https:\/\/assets.innpro.pl\/17031\/22304\/12.jpg\" border=\"0\" alt=\"Osoba kroj\u0105ca warzywa w kuchni, z przeno\u015bn\u0105 stacj\u0105 zasilania EcoFlow ustawion\u0105 obok tostera\" \/>\n<\/p>\n<h3>Panele fotowoltaiczne w zestawie<\/h3>\n<p>Dwustronny panel fotowoltaiczny EcoFlow 220W NextGen wykorzystuje technologi\u0119 TOPCon, dzi\u0119ki czemu osi\u0105ga wyj\u0105tkowo wysok\u0105 sprawno\u015b\u0107 konwersji do 25% i generuje nawet o 28% wi\u0119cej energii ni\u017c tradycyjne panele. Moc wynosi do 220 W z przodu i 175 W z ty\u0142u, co przek\u0142ada si\u0119 na szybsze \u0142adowanie stacji zasilania w ka\u017cdych warunkach. Panel wyr\u00f3\u017cnia wodoodporno\u015b\u0107 klasy IP68, zintegrowany wska\u017anik k\u0105ta nachylenia oraz sk\u0142adana, lekka konstrukcja, kt\u00f3ra u\u0142atwia transport i ustawienie pod optymalnym k\u0105tem. Dzi\u0119ki 9-warstwowej budowie z pow\u0142ok\u0105 ETFE jest odporny na wysokie temperatury, wilgo\u0107 i napr\u0119\u017cenia termiczne, zachowuj\u0105c pe\u0142n\u0105 przepuszczalno\u015b\u0107 dla promieni UV.<\/p>\n<p>\n<img decoding=\"async\" src=\"https:\/\/assets.innpro.pl\/17031\/22304\/15.jpg\" border=\"0\" alt=\"Roz\u0142o\u017cony czterosegmentowy panel s\u0142oneczny na bia\u0142ym tle z widocznymi kablami i wspornikiem\" \/>\n<\/p>\n<h3>W zestawie<\/h3>\n<ul class=\"list-disc pl-5\">\n<li>Stacja zasilania EcoFlow DELTA 3 1500<\/li>\n<li>Kabel do \u0142adowania AC<\/li>\n<li>Kabel do \u0142adowania w samochodzie<\/li>\n<li>Kabel DC5521 do DC5525<\/li>\n<li>Dwustronny panel fotowoltaiczny ze sterownikiem wyj\u015bcia x2<\/li>\n<li>Torba ochronna (z podstawk\u0105)<\/li>\n<li>Karabi\u0144czyk x4<\/li>\n<li>Kabel do \u0142adowania s\u0142onecznego<\/li>\n<li>Kabel konektor do XC60 (2,5 m)<\/li>\n<li>Skr\u00f3cona instrukcja obs\u0142ugi i karta gwarancyjna<\/li>\n<\/ul>\n<div class=\"table-wrapper\">\n<p>\u00a0<\/p>\n<h3>Og\u00f3lne<\/h3>\n<table>\n<tbody>\n<tr>\n<th>Producent<\/th>\n<td>EcoFlow<\/td>\n<\/tr>\n<tr>\n<th>Model<\/th>\n<td>DELTA 3 1500<\/td>\n<\/tr>\n<tr>\n<th>Kolor<\/th>\n<td>Srebrny<\/td>\n<\/tr>\n<tr>\n<th>Pojemno\u015b\u0107<\/th>\n<td>1536 Wh<\/td>\n<\/tr>\n<tr>\n<th>Waga<\/th>\n<td>\u2264 16,5 kg<\/td>\n<\/tr>\n<tr>\n<th>Wymiary<\/th>\n<td>400 x 212 x 282 mm<\/td>\n<\/tr>\n<tr>\n<th>Aplikacja <\/th>\n<td>Tak<\/td>\n<\/tr>\n<tr>\n<th>Mo\u017cliwo\u015b\u0107 rozszerzenia pojemno\u015bci<\/th>\n<td>Tak, do 5,5 kWh (kompatybilno\u015b\u0107 z dodatkowymi akumulatorami do EcoFlow DELTA 3, DELTA 2 Max, DELTA 2, DELTA Pro 3)<\/td>\n<\/tr>\n<\/tbody>\n<\/table>\n<p>\u00a0<\/p>\n<h3>Wyj\u015bcia<\/h3>\n<table>\n<tbody>\n<tr>\n<th>\u0141\u0105czna liczba port\u00f3w wyj\u015bciowych <\/th>\n<td>13<\/td>\n<\/tr>\n<tr>\n<th>AC<\/th>\n<td>4x 1800 W (maks. moc chwilowa 3600 W)<\/td>\n<\/tr>\n<tr>\n<th>Maks. moc z X-Boost<\/th>\n<td>2400 W<\/td>\n<\/tr>\n<tr>\n<th>USB-A (do szybkiego \u0142adowania)<\/th>\n<td>2x 18 W maks.<\/td>\n<\/tr>\n<tr>\n<th>USB-A<\/th>\n<td>2x 12 W maks.<\/td>\n<\/tr>\n<tr>\n<th>USB-C<\/th>\n<td>2x 100 W maks.<\/td>\n<\/tr>\n<tr>\n<th>Wyj\u015bcie samochodowe<\/th>\n<td>12,6 V 10 A, 126 W maks.<\/td>\n<\/tr>\n<tr>\n<th>Wyj\u015bcie DC 5521<\/th>\n<td>2x 12,6 V, 3 A maks.<\/td>\n<\/tr>\n<\/tbody>\n<\/table>\n<p>\u00a0<\/p>\n<h3>Wej\u015bcia<\/h3>\n<table>\n<tbody>\n<tr>\n<th>\u0141adowanie AC<\/th>\n<td>1500 W (ok. 1,5 h)<\/td>\n<\/tr>\n<tr>\n<th>\u0141adowanie za pomoc\u0105 paneli fotowoltaicznych<\/th>\n<td>Wej\u015bcie DC 11-60 V, 1x 500 W maks. (ok. 3,5 h)<\/td>\n<\/tr>\n<tr>\n<th>\u0141adowanie za pomoc\u0105 Smart Generatora<\/th>\n<td>1500 W (ok. 1,5 h)<\/td>\n<\/tr>\n<tr>\n<th>\u0141adowanie w samochodzie<\/th>\n<td>800 W (ok. 2,1 h)<\/td>\n<\/tr>\n<tr>\n<th>\u0141adowanie AC + panele fotowoltaiczne<\/th>\n<td>1500 W (ok. 1,5 min)<\/td>\n<\/tr>\n<\/tbody>\n<\/table>\n<p>\u00a0<\/p>\n<h3>Akumulator<\/h3>\n<table>\n<tbody>\n<tr>\n<th>Rodzaj<\/th>\n<td>LFP<\/td>\n<\/tr>\n<tr>\n<th>\u017bywotno\u015b\u0107<\/th>\n<td>Ok. 3000 cykli \u0142adowania (do 70% pojemno\u015bci)<\/td>\n<\/tr>\n<\/tbody>\n<\/table>\n<p>\u00a0<\/p>\n<h3>Inne<\/h3>\n<table>\n<tbody>\n<tr>\n<th>Klasa szczelno\u015bci akumulatora<\/th>\n<td>IP54<\/td>\n<\/tr>\n<tr>\n<th>UPS<\/th>\n<td>&lt; 15 ms<\/td>\n<\/tr>\n<tr>\n<th>Poziom ha\u0142asu<\/th>\n<td>&lt; 35 dB (przy obci\u0105\u017ceniu 600 W) \/ &lt; 45 dB (przy obci\u0105\u017ceniu 1200 W)<\/td>\n<\/tr>\n<\/tbody>\n<\/table>\n<p>\u00a0<\/p>\n<h3>Panele fotowoltaiczne<\/h3>\n<table>\n<tbody>\n<tr>\n<th>Producent <\/th>\n<td>EcoFlow<\/td>\n<\/tr>\n<tr>\n<th>Nazwa <\/th>\n<td>220W Bifacial Solar Panel<\/td>\n<\/tr>\n<tr>\n<th>Moc znamionowa <\/th>\n<td>220 W z przodu \/ 155 W z ty\u0142u<\/td>\n<\/tr>\n<tr>\n<th>Typ ogniwa <\/th>\n<td>Krzem monokrystaliczny<\/td>\n<\/tr>\n<tr>\n<th>Sprawno\u015b\u0107 <\/th>\n<td>22-23%<\/td>\n<\/tr>\n<tr>\n<th>Wymiary <\/th>\n<td>82 x 183 x 2,5 cm<\/td>\n<\/tr>\n<tr>\n<th>Napi\u0119cie obwodu otwartego <\/th>\n<td>21,8 V (Vmp 18,4 V)<\/td>\n<\/tr>\n<tr>\n<th>Pr\u0105d zwarciowy <\/th>\n<td>13 A (Imp 12,0 A) z przodu \/ 8,8 A (Imp 8,4 A) z ty\u0142u<\/td>\n<\/tr>\n<\/tbody>\n<\/table>\n<\/div>\n","protected":false},"excerpt":{"rendered":"<p>Zestaw: Stacja zasilania EcoFlow Delta 3 1500 + 2x panel fotowoltaiczny 220W Przygotuj si\u0119 nawet na d\u0142u\u017csze przerwy w dostawie<\/p>\n","protected":false},"featured_media":47944,"comment_status":"closed","ping_status":"open","template":"","meta":{"_acf_changed":false},"product_brand":[],"product_cat":[1108,6199,1111],"product_tag":[],"class_list":{"0":"post-60697","1":"product","2":"type-product","3":"status-publish","4":"has-post-thumbnail","6":"product_cat-energia","7":"product_cat-stacje-zasilania-stacje-zasilania","8":"product_cat-stacje-zasilania","9":"pa_60-m-5771","10":"pa_producent-ecoflow","12":"first","13":"outofstock","14":"taxable","15":"shipping-taxable","16":"purchasable","17":"product-type-simple"},"acf":[],"yoast_head":"<!-- This site is optimized with the Yoast SEO plugin v27.2 - https:\/\/yoast.com\/product\/yoast-seo-wordpress\/ -->\n<title>Stacja zasilania ECOFLOW Delta 3 1500 1.5kWh + 2x220W - IRONSKY.PL Sklep z Dronami<\/title>\n<meta name=\"description\" content=\"Stacja zasilania ECOFLOW Delta 3 1500 1.5kWh + 2x220W - \u2705 sklep z dronami i fachowym doradztwem. \u2705 Tutaj kupisz produkty DJI, Yuneec, Parrot, Syma i wiele innych, a tak\u017ce kursy i licencje na operatora drona.\" \/>\n<meta name=\"robots\" content=\"index, follow, max-snippet:-1, max-image-preview:large, max-video-preview:-1\" \/>\n<link rel=\"canonical\" href=\"https:\/\/ironsky.pl\/sklep\/produkt\/stacja-zasilania-ecoflow-delta-3-1500-1-5kwh-2x220w\/\" \/>\n<meta property=\"og:locale\" content=\"pl_PL\" \/>\n<meta property=\"og:type\" content=\"article\" \/>\n<meta property=\"og:title\" content=\"Stacja zasilania ECOFLOW Delta 3 1500 1.5kWh + 2x220W - IRONSKY.PL Sklep z Dronami\" \/>\n<meta property=\"og:description\" content=\"Stacja zasilania ECOFLOW Delta 3 1500 1.5kWh + 2x220W - \u2705 sklep z dronami i fachowym doradztwem. \u2705 Tutaj kupisz produkty DJI, Yuneec, Parrot, Syma i wiele innych, a tak\u017ce kursy i licencje na operatora drona.\" \/>\n<meta property=\"og:url\" content=\"https:\/\/ironsky.pl\/sklep\/produkt\/stacja-zasilania-ecoflow-delta-3-1500-1-5kwh-2x220w\/\" \/>\n<meta property=\"og:site_name\" content=\"IRONSKY.PL Sklep z Dronami\" \/>\n<meta property=\"article:modified_time\" content=\"2026-04-15T09:06:20+00:00\" \/>\n<meta property=\"og:image\" content=\"https:\/\/ironsky.pl\/sklep\/wp-content\/uploads\/2025\/06\/53770_2.jpg\" \/>\n\t<meta property=\"og:image:width\" content=\"800\" \/>\n\t<meta property=\"og:image:height\" content=\"800\" \/>\n\t<meta property=\"og:image:type\" content=\"image\/jpeg\" \/>\n<meta name=\"twitter:card\" content=\"summary_large_image\" \/>\n<meta name=\"twitter:label1\" content=\"Szacowany czas czytania\" \/>\n\t<meta name=\"twitter:data1\" content=\"6 minut\" \/>\n<script type=\"application\/ld+json\" class=\"yoast-schema-graph\">{\"@context\":\"https:\/\/schema.org\",\"@graph\":[{\"@type\":\"WebPage\",\"@id\":\"https:\/\/ironsky.pl\/sklep\/produkt\/stacja-zasilania-ecoflow-delta-3-1500-1-5kwh-2x220w\/\",\"url\":\"https:\/\/ironsky.pl\/sklep\/produkt\/stacja-zasilania-ecoflow-delta-3-1500-1-5kwh-2x220w\/\",\"name\":\"Stacja zasilania ECOFLOW Delta 3 1500 1.5kWh + 2x220W - IRONSKY.PL Sklep z Dronami\",\"isPartOf\":{\"@id\":\"https:\/\/ironsky.pl\/sklep\/#website\"},\"primaryImageOfPage\":{\"@id\":\"https:\/\/ironsky.pl\/sklep\/produkt\/stacja-zasilania-ecoflow-delta-3-1500-1-5kwh-2x220w\/#primaryimage\"},\"image\":{\"@id\":\"https:\/\/ironsky.pl\/sklep\/produkt\/stacja-zasilania-ecoflow-delta-3-1500-1-5kwh-2x220w\/#primaryimage\"},\"thumbnailUrl\":\"https:\/\/ironsky.pl\/sklep\/wp-content\/uploads\/2025\/06\/53770_2.jpg\",\"datePublished\":\"2026-04-15T09:06:10+00:00\",\"dateModified\":\"2026-04-15T09:06:20+00:00\",\"description\":\"Stacja zasilania ECOFLOW Delta 3 1500 1.5kWh + 2x220W - \u2705 sklep z dronami i fachowym doradztwem. \u2705 Tutaj kupisz produkty DJI, Yuneec, Parrot, Syma i wiele innych, a tak\u017ce kursy i licencje na operatora drona.\",\"breadcrumb\":{\"@id\":\"https:\/\/ironsky.pl\/sklep\/produkt\/stacja-zasilania-ecoflow-delta-3-1500-1-5kwh-2x220w\/#breadcrumb\"},\"inLanguage\":\"pl-PL\",\"potentialAction\":[{\"@type\":\"ReadAction\",\"target\":[\"https:\/\/ironsky.pl\/sklep\/produkt\/stacja-zasilania-ecoflow-delta-3-1500-1-5kwh-2x220w\/\"]}]},{\"@type\":\"ImageObject\",\"inLanguage\":\"pl-PL\",\"@id\":\"https:\/\/ironsky.pl\/sklep\/produkt\/stacja-zasilania-ecoflow-delta-3-1500-1-5kwh-2x220w\/#primaryimage\",\"url\":\"https:\/\/ironsky.pl\/sklep\/wp-content\/uploads\/2025\/06\/53770_2.jpg\",\"contentUrl\":\"https:\/\/ironsky.pl\/sklep\/wp-content\/uploads\/2025\/06\/53770_2.jpg\",\"width\":800,\"height\":800},{\"@type\":\"BreadcrumbList\",\"@id\":\"https:\/\/ironsky.pl\/sklep\/produkt\/stacja-zasilania-ecoflow-delta-3-1500-1-5kwh-2x220w\/#breadcrumb\",\"itemListElement\":[{\"@type\":\"ListItem\",\"position\":1,\"name\":\"Strona g\u0142\u00f3wna\",\"item\":\"https:\/\/ironsky.pl\/sklep\/\"},{\"@type\":\"ListItem\",\"position\":2,\"name\":\"Wszystkie produkty\",\"item\":\"https:\/\/ironsky.pl\/sklep\/produkty\/\"},{\"@type\":\"ListItem\",\"position\":3,\"name\":\"Stacja zasilania ECOFLOW Delta 3 1500 1.5kWh + 2x220W\"}]},{\"@type\":\"WebSite\",\"@id\":\"https:\/\/ironsky.pl\/sklep\/#website\",\"url\":\"https:\/\/ironsky.pl\/sklep\/\",\"name\":\"IRONSKY.PL Sklep z Dronami\",\"description\":\"IRONSKY.PL Sklep z Dronami\",\"potentialAction\":[{\"@type\":\"SearchAction\",\"target\":{\"@type\":\"EntryPoint\",\"urlTemplate\":\"https:\/\/ironsky.pl\/sklep\/?s={search_term_string}\"},\"query-input\":{\"@type\":\"PropertyValueSpecification\",\"valueRequired\":true,\"valueName\":\"search_term_string\"}}],\"inLanguage\":\"pl-PL\"}]}<\/script>\n<!-- \/ Yoast SEO plugin. -->","yoast_head_json":{"title":"Stacja zasilania ECOFLOW Delta 3 1500 1.5kWh + 2x220W - IRONSKY.PL Sklep z Dronami","description":"Stacja zasilania ECOFLOW Delta 3 1500 1.5kWh + 2x220W - \u2705 sklep z dronami i fachowym doradztwem. \u2705 Tutaj kupisz produkty DJI, Yuneec, Parrot, Syma i wiele innych, a tak\u017ce kursy i licencje na operatora drona.","robots":{"index":"index","follow":"follow","max-snippet":"max-snippet:-1","max-image-preview":"max-image-preview:large","max-video-preview":"max-video-preview:-1"},"canonical":"https:\/\/ironsky.pl\/sklep\/produkt\/stacja-zasilania-ecoflow-delta-3-1500-1-5kwh-2x220w\/","og_locale":"pl_PL","og_type":"article","og_title":"Stacja zasilania ECOFLOW Delta 3 1500 1.5kWh + 2x220W - IRONSKY.PL Sklep z Dronami","og_description":"Stacja zasilania ECOFLOW Delta 3 1500 1.5kWh + 2x220W - \u2705 sklep z dronami i fachowym doradztwem. \u2705 Tutaj kupisz produkty DJI, Yuneec, Parrot, Syma i wiele innych, a tak\u017ce kursy i licencje na operatora drona.","og_url":"https:\/\/ironsky.pl\/sklep\/produkt\/stacja-zasilania-ecoflow-delta-3-1500-1-5kwh-2x220w\/","og_site_name":"IRONSKY.PL Sklep z Dronami","article_modified_time":"2026-04-15T09:06:20+00:00","og_image":[{"width":800,"height":800,"url":"https:\/\/ironsky.pl\/sklep\/wp-content\/uploads\/2025\/06\/53770_2.jpg","type":"image\/jpeg"}],"twitter_card":"summary_large_image","twitter_misc":{"Szacowany czas czytania":"6 minut"},"schema":{"@context":"https:\/\/schema.org","@graph":[{"@type":"WebPage","@id":"https:\/\/ironsky.pl\/sklep\/produkt\/stacja-zasilania-ecoflow-delta-3-1500-1-5kwh-2x220w\/","url":"https:\/\/ironsky.pl\/sklep\/produkt\/stacja-zasilania-ecoflow-delta-3-1500-1-5kwh-2x220w\/","name":"Stacja zasilania ECOFLOW Delta 3 1500 1.5kWh + 2x220W - IRONSKY.PL Sklep z Dronami","isPartOf":{"@id":"https:\/\/ironsky.pl\/sklep\/#website"},"primaryImageOfPage":{"@id":"https:\/\/ironsky.pl\/sklep\/produkt\/stacja-zasilania-ecoflow-delta-3-1500-1-5kwh-2x220w\/#primaryimage"},"image":{"@id":"https:\/\/ironsky.pl\/sklep\/produkt\/stacja-zasilania-ecoflow-delta-3-1500-1-5kwh-2x220w\/#primaryimage"},"thumbnailUrl":"https:\/\/ironsky.pl\/sklep\/wp-content\/uploads\/2025\/06\/53770_2.jpg","datePublished":"2026-04-15T09:06:10+00:00","dateModified":"2026-04-15T09:06:20+00:00","description":"Stacja zasilania ECOFLOW Delta 3 1500 1.5kWh + 2x220W - \u2705 sklep z dronami i fachowym doradztwem. \u2705 Tutaj kupisz produkty DJI, Yuneec, Parrot, Syma i wiele innych, a tak\u017ce kursy i licencje na operatora drona.","breadcrumb":{"@id":"https:\/\/ironsky.pl\/sklep\/produkt\/stacja-zasilania-ecoflow-delta-3-1500-1-5kwh-2x220w\/#breadcrumb"},"inLanguage":"pl-PL","potentialAction":[{"@type":"ReadAction","target":["https:\/\/ironsky.pl\/sklep\/produkt\/stacja-zasilania-ecoflow-delta-3-1500-1-5kwh-2x220w\/"]}]},{"@type":"ImageObject","inLanguage":"pl-PL","@id":"https:\/\/ironsky.pl\/sklep\/produkt\/stacja-zasilania-ecoflow-delta-3-1500-1-5kwh-2x220w\/#primaryimage","url":"https:\/\/ironsky.pl\/sklep\/wp-content\/uploads\/2025\/06\/53770_2.jpg","contentUrl":"https:\/\/ironsky.pl\/sklep\/wp-content\/uploads\/2025\/06\/53770_2.jpg","width":800,"height":800},{"@type":"BreadcrumbList","@id":"https:\/\/ironsky.pl\/sklep\/produkt\/stacja-zasilania-ecoflow-delta-3-1500-1-5kwh-2x220w\/#breadcrumb","itemListElement":[{"@type":"ListItem","position":1,"name":"Strona g\u0142\u00f3wna","item":"https:\/\/ironsky.pl\/sklep\/"},{"@type":"ListItem","position":2,"name":"Wszystkie produkty","item":"https:\/\/ironsky.pl\/sklep\/produkty\/"},{"@type":"ListItem","position":3,"name":"Stacja zasilania ECOFLOW Delta 3 1500 1.5kWh + 2x220W"}]},{"@type":"WebSite","@id":"https:\/\/ironsky.pl\/sklep\/#website","url":"https:\/\/ironsky.pl\/sklep\/","name":"IRONSKY.PL Sklep z Dronami","description":"IRONSKY.PL Sklep z Dronami","potentialAction":[{"@type":"SearchAction","target":{"@type":"EntryPoint","urlTemplate":"https:\/\/ironsky.pl\/sklep\/?s={search_term_string}"},"query-input":{"@type":"PropertyValueSpecification","valueRequired":true,"valueName":"search_term_string"}}],"inLanguage":"pl-PL"}]}},"_links":{"self":[{"href":"https:\/\/ironsky.pl\/sklep\/wp-json\/wp\/v2\/product\/60697","targetHints":{"allow":["GET"]}}],"collection":[{"href":"https:\/\/ironsky.pl\/sklep\/wp-json\/wp\/v2\/product"}],"about":[{"href":"https:\/\/ironsky.pl\/sklep\/wp-json\/wp\/v2\/types\/product"}],"replies":[{"embeddable":true,"href":"https:\/\/ironsky.pl\/sklep\/wp-json\/wp\/v2\/comments?post=60697"}],"wp:featuredmedia":[{"embeddable":true,"href":"https:\/\/ironsky.pl\/sklep\/wp-json\/wp\/v2\/media\/47944"}],"wp:attachment":[{"href":"https:\/\/ironsky.pl\/sklep\/wp-json\/wp\/v2\/media?parent=60697"}],"wp:term":[{"taxonomy":"product_brand","embeddable":true,"href":"https:\/\/ironsky.pl\/sklep\/wp-json\/wp\/v2\/product_brand?post=60697"},{"taxonomy":"product_cat","embeddable":true,"href":"https:\/\/ironsky.pl\/sklep\/wp-json\/wp\/v2\/product_cat?post=60697"},{"taxonomy":"product_tag","embeddable":true,"href":"https:\/\/ironsky.pl\/sklep\/wp-json\/wp\/v2\/product_tag?post=60697"}],"curies":[{"name":"wp","href":"https:\/\/api.w.org\/{rel}","templated":true}]}}