{"id":60686,"date":"2026-04-15T11:06:10","date_gmt":"2026-04-15T09:06:10","guid":{"rendered":"https:\/\/ironsky.pl\/sklep\/produkt\/zestaw-ecoflow-delta-pro-3-panel-pv-400w\/"},"modified":"2026-04-15T11:06:11","modified_gmt":"2026-04-15T09:06:11","slug":"zestaw-ecoflow-delta-pro-3-panel-pv-400w","status":"publish","type":"product","link":"https:\/\/ironsky.pl\/sklep\/produkt\/zestaw-ecoflow-delta-pro-3-panel-pv-400w\/","title":{"rendered":"Zestaw ECOFLOW Delta Pro 3 + panel PV 400W"},"content":{"rendered":"<h3>Zestaw: Stacja zasilania EcoFlow Delta Pro 3 + panel fotowoltaiczny 400W<\/h3>\n<p>Stacja zasilania EcoFlow DELTA Pro 3 rewolucjonizuje spos\u00f3b, w jaki zarz\u0105dzamy energi\u0105. Dzi\u0119ki pot\u0119\u017cnej mocy wyj\u015bciowej do 4 kW w jednej jednostce i mo\u017cliwo\u015bci rozbudowy pojemno\u015bci a\u017c do 12 kWh DELTA Pro 3 sprosta potrzebom zar\u00f3wno ma\u0142ych urz\u0105dze\u0144 domowych, jak i wymagaj\u0105cych sprz\u0119t\u00f3w przemys\u0142owych. Cicha, wydajna i gotowa do dzia\u0142ania w ka\u017cdej sytuacji \u2014 od codziennych awarii pr\u0105du po zasilanie na odleg\u0142ych terenach. Jest wszechstronna, a przede wszystkim bezpieczna i dziecinnie \u0142atwa w u\u017cyciu, przez co staje si\u0119 nieodzowna w nowoczesnych i dobrze zaplanowanych domostwach. 5-letnia gwarancja stanowi wyraz zaufania producenta do trwa\u0142o\u015bci i niezawodno\u015bci DELTA 3 Pro \u2014 sam si\u0119 przekonaj! W zestawie znajdziesz r\u00f3wnie\u017c panel fotowoltaiczny oferuj\u0105cy moc 400 W ka\u017cdy.<\/p>\n<p>\n<img decoding=\"async\" src=\"https:\/\/assets.innpro.pl\/17039\/22312\/13.jpg\" border=\"0\" alt=\"Sk\u0142adany panel s\u0142oneczny pod\u0142\u0105czony do przeno\u015bnej stacji zasilania z wy\u015bwietlaczem i czterema gniazdami\" \/>\n<\/p>\n<h3>Niezr\u00f3wnana moc z X-Boost<\/h3>\n<p>Z DELTA Pro 3 energia jest dost\u0119pna zawsze i wsz\u0119dzie. Oferuje imponuj\u0105c\u0105 moc wyj\u015bciow\u0105 AC do 4000 W, co oznacza, \u017ce bez problemu poradzi sobie z zasilaniem wymagaj\u0105cych urz\u0105dze\u0144, takich jak klimatyzatory, pralki czy piekarniki elektryczne. Ma\u0142o? Dzi\u0119ki innowacyjnej technologii X-Boost wydajno\u015b\u0107 stacji mo\u017ce wzrosn\u0105\u0107 nawet do 6000 W, co czyni j\u0105 jedn\u0105 z najpot\u0119\u017cniejszych urz\u0105dze\u0144 na rynku. Mo\u017cliwo\u015b\u0107 rozbudowy pojemno\u015bci systemu do 12 kWh sprawia, \u017ce DELTA Pro 3 bez problemu dostosuje si\u0119 do wi\u0119kszo\u015bci Twoich potrzeb.<\/p>\n<p>\n<img decoding=\"async\" src=\"https:\/\/assets.innpro.pl\/17039\/22312\/9.jpg\" border=\"0\" alt=\"Przeno\u015bna stacja zasilania pod\u0142\u0105czona do kompresora powietrza w gara\u017cu\" \/>\n<\/p>\n<h3>Szybka i inteligentna obs\u0142uga zasilania<\/h3>\n<p>Wbudowana funkcja UPS (Uninterruptible Power Supply) o op\u00f3\u017anieniu zaledwie 10 ms chroni Twoje cenne urz\u0105dzenia elektroniczne przed nag\u0142ymi przerwami w dostawie pr\u0105du. To gwarancja ci\u0105g\u0142o\u015bci pracy bez ryzyka uszkodze\u0144 sprz\u0119tu. Dodatkowo zaawansowany system zarz\u0105dzania energi\u0105, X-Guard monitoruje 40 kluczowych parametr\u00f3w bezpiecze\u0144stwa 24\/7, zapewniaj\u0105c maksymaln\u0105 ochron\u0119 przed przeci\u0105\u017ceniem, przegrzaniem, przepi\u0119ciami i innymi zagro\u017ceniami.<\/p>\n<p>\n<img decoding=\"async\" src=\"https:\/\/assets.innpro.pl\/17039\/22312\/8.jpg\" border=\"0\" alt=\"Przeno\u015bna stacja zasilania pod\u0142\u0105czona do samochodu elektrycznego stoj\u0105cego w gara\u017cu\" \/>\n<\/p>\n<h3>Cicha praca i efektywne ch\u0142odzenie<\/h3>\n<p>Jedn\u0105 z wyr\u00f3\u017cniaj\u0105cych cech EcoFlow DELTA Pro 3 jest jego cicha praca \u2013 przy po\u0142owie obci\u0105\u017cenia generuje ha\u0142as na poziomie jedynie 30 dB, czyli w granicach szeptu. Sprawia to, \u017ce jest praktycznie nies\u0142yszalny w codziennym u\u017cytkowaniu. Dzi\u0119ki zaawansowanemu systemowi ch\u0142odzenia X-Cooling 3.0 urz\u0105dzenie automatycznie dostosowuje przep\u0142yw powietrza, zapewniaj\u0105c optymaln\u0105 temperatur\u0119 pracy i d\u0142ugowieczno\u015b\u0107 komponent\u00f3w.<\/p>\n<p>\n<img decoding=\"async\" src=\"https:\/\/assets.innpro.pl\/17039\/22312\/4.jpg\" border=\"0\" alt=\"Przeno\u015bna stacja zasilania stoj\u0105ca przy \u0142\u00f3\u017cku w pokoju dziecka \u015bpi\u0105cego przy zapalonej lampce nocnej\" \/>\n<\/p>\n<h3>Mobilna i \u0142atwa w u\u017cyciu<\/h3>\n<p>Z EcoFlow DELTA Pro 3 nie musisz przejmowa\u0107 si\u0119 skomplikowan\u0105 instalacj\u0105 czy wierceniem \u015bcian \u2013 urz\u0105dzenie oferuje prawdziwe rozwi\u0105zanie &#8222;plug-and-play&#8221;. Wystarczy je wyj\u0105\u0107 z opakowania, pod\u0142\u0105czy\u0107 i jest gotowe do dzia\u0142ania. Dzi\u0119ki przemy\u015blanej konstrukcji i stosunkowo niskiej wadze (oko\u0142o 51,5 kg) stacja zasilania jest jedn\u0105 z najl\u017cejszych w swojej klasie, a wbudowane k\u00f3\u0142ka oraz uchwyt teleskopowy u\u0142atwiaj\u0105 jej transport i mobilno\u015b\u0107, nawet w trudnych warunkach terenowych.<\/p>\n<p>\n<img decoding=\"async\" src=\"https:\/\/assets.innpro.pl\/17039\/22312\/3.jpg\" border=\"0\" alt=\"Kobieta ci\u0105gn\u0105ca przeno\u015bn\u0105 stacj\u0119 zasilania na k\u00f3\u0142kach, podczas gdy m\u0119\u017cczyzna pakuje baga\u017c do samochodu\" \/>\n<\/p>\n<h3>Elastyczne opcje \u0142adowania<\/h3>\n<p>Sze\u015b\u0107 dost\u0119pnych metod \u0142adowania sprawia, \u017ce stacja EcoFlow DELTA Pro 3 jest elastycznym rozwi\u0105zaniem dla r\u00f3\u017cnorodnych potrzeb. Mo\u017cesz \u0142adowa\u0107 j\u0105 za pomoc\u0105 standardowego gniazdka AC, generatora gazowego, alternatora w samochodzie, wej\u015bcia solarnego, \u0142adowarki EV, a nawet poprzez zapalniczk\u0119 samochodow\u0105. Technologia X-Stream pozwala na pe\u0142ne na\u0142adowanie stacji w czasie kr\u00f3tszym ni\u017c 60 minut, co zapewnia szybk\u0105 gotowo\u015b\u0107 stacji na ka\u017cde wyzwanie i niezale\u017cno\u015b\u0107 energetyczn\u0105.<\/p>\n<p>\n<img decoding=\"async\" src=\"https:\/\/assets.innpro.pl\/17039\/22312\/7.jpg\" border=\"0\" alt=\"Przeno\u015bna stacja zasilania obok m\u0119\u017cczyzny w \u017c\u00f3\u0142tej kurtce u\u017cywaj\u0105cego pi\u0142y do ci\u0119cia desek na zewn\u0105trz\" \/>\n<\/p>\n<h3>Solidna i odporna na warunki zewn\u0119trzne<\/h3>\n<p>EcoFlow DELTA Pro 3 zosta\u0142a stworzona z my\u015bl\u0105 o niezawodno\u015bci i bezpiecze\u0144stwie. Wyposa\u017cona w nowoczesn\u0105 konstrukcj\u0119 Cell-To-Chassis (CTC) oraz akumulator LFP (litowo-\u017celazowo-fosforanowe) z certyfikatem IP65, jest odporna na kurz, wod\u0119, uderzenia i ogie\u0144. Rozwi\u0105zania te zapewniaj\u0105 nie tylko d\u0142ugowieczno\u015b\u0107 akumulatora (ponad 4000 cykli do 80% pojemno\u015bci), ale r\u00f3wnie\u017c bezproblemow\u0105 eksploatacj\u0119 w ka\u017cdych warunkach atmosferycznych \u2014 od mro\u017anych wieczor\u00f3w, po upalne dni.<\/p>\n<p>\n<img decoding=\"async\" src=\"https:\/\/assets.innpro.pl\/17039\/22312\/6.jpg\" border=\"0\" alt=\"Grupa os\u00f3b siedz\u0105ca przy stole przed kamperem o zmroku z przeno\u015bn\u0105 stacj\u0105 zasilania obok\" \/>\n<\/p>\n<h3>Intuicyjne sterowanie za pomoc\u0105 aplikacji EcoFlow<\/h3>\n<p>Z DELTA 3 Pro to Ty przejmujesz kontrol\u0119. Dzi\u0119ki dedykowanej aplikacji EcoFlow zarz\u0105dzanie energi\u0105 jest jeszcze bardziej intuicyjne. Aplikacja umo\u017cliwia monitorowanie zu\u017cycia energii, optymalizacj\u0119 \u0142adowania oraz zdalne sterowanie urz\u0105dzeniem z dowolnego miejsca. Masz pe\u0142n\u0105 kontrol\u0119 nad harmonogramem \u0142adowania, co pozwala na zwi\u0119kszenie wydajno\u015bci energetycznej, a w efekcie r\u00f3wnie\u017c oszcz\u0119dno\u015bci. Funkcja Time-of-Use (TOU) umo\u017cliwia optymalizacj\u0119 zu\u017cycia energii s\u0142onecznej, redukuj\u0105c koszty, a tak\u017ce ha\u0142as generowany przez urz\u0105dzenie.<\/p>\n<p>\n<img decoding=\"async\" src=\"https:\/\/assets.innpro.pl\/17039\/22312\/5.jpg\" border=\"0\" alt=\"M\u0119\u017cczyzna pracuj\u0105cy przy biurku w o\u015bwietlonym pomieszczeniu z przeno\u015bn\u0105 stacj\u0105 zasilania obok\" \/>\n<\/p>\n<h3>Design t\u0119tni\u0105cy luksusem<\/h3>\n<p>Design stacji EcoFlow DELTA Pro 3 manifestuje jej styl i innowacyjne rozwi\u0105zania. Czerpie inspiracj\u0119 z linii luksusowych samochod\u00f3w sportowych, \u0142\u0105cz\u0105c w sobie zar\u00f3wno form\u0119, jak i funkcjonalno\u015b\u0107. Wyko\u0144czenie pokryte specjaln\u0105 pow\u0142ok\u0105 UV nie tylko dodaje estetyki, ale tak\u017ce zapewnia dodatkow\u0105 trwa\u0142o\u015b\u0107, chroni\u0105c urz\u0105dzenie przed zarysowaniami i wp\u0142ywem czynnik\u00f3w zewn\u0119trznych. Smuk\u0142a sylwetka i precyzyjne detale sprawiaj\u0105, \u017ce DELTA Pro 3 doskonale wpisuje si\u0119 w nowoczesne przestrzenie, staj\u0105c si\u0119 stylowym elementem wyposa\u017cenia ka\u017cdego domu czy kampera.<\/p>\n<p>\n<img decoding=\"async\" src=\"https:\/\/assets.innpro.pl\/17039\/22312\/1.jpg\" border=\"0\" alt=\"Para siedz\u0105ca przy stoliku przed samochodem terenowym z namiotem dachowym i przeno\u015bn\u0105 stacj\u0105 zasilania\" \/>\n<\/p>\n<h3>Panel fotowoltaiczny dla uzupe\u0142nienia zestawu<\/h3>\n<p>W zestawie wraz ze stacj\u0105 zasilania znajdziesz panel fotowoltaiczny EcoFlow NextGen 400 W. Oferuje on moc znamionow\u0105 400 W i wykorzystuje nowoczesne ogniwa monokrystaliczne typu N Type TOPCon o sprawno\u015bci 25%, co zapewnia szybkie i wydajne \u0142adowanie stacji zasilania nawet przy s\u0142abszym nas\u0142onecznieniu. Dzi\u0119ki lekkiej, sk\u0142adanej konstrukcji (10,2 kg) panel jest wygodny w transporcie i idealnie sprawdza si\u0119 w podr\u00f3\u017cy, na kempingu czy w ogrodzie. Stopie\u0144 ochrony IP68 gwarantuje pe\u0142n\u0105 odporno\u015b\u0107 na py\u0142 i wod\u0119, a solidna obudowa chroni ogniwa przed uszkodzeniami. Po z\u0142o\u017ceniu panel zajmuje niewiele miejsca (659 \u00d7 967 \u00d7 36 mm), co u\u0142atwia jego przechowywanie. Wyposa\u017cono go w z\u0142\u0105cze XT60, kt\u00f3re umo\u017cliwia szybkie i bezpieczne pod\u0142\u0105czenie do stacji EcoFlow i kompatybilnych magazyn\u00f3w energii.<\/p>\n<p>\n<img decoding=\"async\" src=\"https:\/\/assets.innpro.pl\/17039\/22312\/15.jpg\" border=\"0\" alt=\"Sk\u0142adany czarny panel s\u0142oneczny ustawiony pod k\u0105tem na jasnym tle\" \/>\n<\/p>\n<h3>W zestawie<\/h3>\n<ul class=\"list-disc pl-5\">\n<li>DELTA Pro 3 x 1<\/li>\n<li>Kabel do \u0142adowania AC x 1<\/li>\n<li>Os\u0142ona uchwytu x 2<\/li>\n<li>Panel s\u0142oneczny 400 W<\/li>\n<li>Torba transportowa i podp\u00f3rka w jednym<\/li>\n<li>Kabel konektor &#8211; XC60 (2,5m)<\/li>\n<li>Skr\u00f3cona instrukcja obs\u0142ugi x 1<\/li>\n<li>Przewodnik instalacji solarnej x 1<\/li>\n<li>Wprowadzenie do aplikacji x 1<\/li>\n<li>Przewodnik bezpiecze\u0144stwa x 1<\/li>\n<li>Strona wprowadzaj\u0105ca do ekosystemu x 1<\/li>\n<\/ul>\n<div class=\"table-wrapper\">\n<p>\u00a0<\/p>\n<h3>Stacja zasilania<\/h3>\n<table>\n<tbody>\n<tr>\n<th>Kolor <\/th>\n<td>Srebrny<\/td>\n<\/tr>\n<tr>\n<th>Pojemno\u015b\u0107 <\/th>\n<td>4096 Wh<\/td>\n<\/tr>\n<tr>\n<th>Maksymalny zakres rozszerzenia <\/th>\n<td>12 kWh<\/td>\n<\/tr>\n<tr>\n<th>Wymiary (d\u0142. * szer. * wys.) <\/th>\n<td>Oko\u0142o 693 x 341 x 410 mm<\/td>\n<\/tr>\n<tr>\n<th>Waga netto (KG) <\/th>\n<td>Oko\u0142o 51,5 kg<\/td>\n<\/tr>\n<tr>\n<th>Gwarancja<\/th>\n<td>5 lat<\/td>\n<\/tr>\n<tr>\n<th>Ha\u0142as (po\u0142owa obci\u0105\u017cenia) <\/th>\n<td>30dB (poni\u017cej 2kW\uff0c 25\u00b0C\uff0c 1m)<\/td>\n<\/tr>\n<tr>\n<th>Ko\u0142a transportowe<\/th>\n<td>tak<\/td>\n<\/tr>\n<tr>\n<th>Uchwyt u\u0142atwiaj\u0105cy transport<\/th>\n<td>tak<\/td>\n<\/tr>\n<tr>\n<th>Wysoko\u015b\u0107 robocza <\/th>\n<td>&lt;3000 m<\/td>\n<\/tr>\n<tr>\n<th>Temperatura roz\u0142adowania <\/th>\n<td>-10\u00b0C ~ 45\u00b0C (14~113\u00b0F)<\/td>\n<\/tr>\n<tr>\n<th>Temperatura \u0142adowania <\/th>\n<td>0\u00b0C ~ 45\u00b0C (32~113\u00b0F)<\/td>\n<\/tr>\n<tr>\n<th>Temperatura przechowywania <\/th>\n<td>-10\u00b0C ~ 45\u00b0C (14~113\u00b0F)<\/td>\n<\/tr>\n<\/tbody>\n<\/table>\n<p>\u00a0<\/p>\n<h3>Wyj\u015bcie AC<\/h3>\n<table>\n<tbody>\n<tr>\n<th>Maks. moc ci\u0105g\u0142a <\/th>\n<td>4000 W Maks.<\/td>\n<\/tr>\n<tr>\n<th>Moc chwilowa<\/th>\n<td>8000 W, 400 ms<\/td>\n<\/tr>\n<tr>\n<th>Napi\u0119cie wyj\u015bciowe <\/th>\n<td>230 V<\/td>\n<\/tr>\n<tr>\n<th>X-Boost <\/th>\n<td>6000W, maks.<\/td>\n<\/tr>\n<tr>\n<th>X-Fusion<\/th>\n<td>Tak, wej\u015bcie AC 230V\/2900W, 4000W, maks. wyj\u015bcie AC<\/td>\n<\/tr>\n<tr>\n<th>X-Stream <\/th>\n<td>Tak<\/td>\n<\/tr>\n<tr>\n<th>EPS\/UPS <\/th>\n<td>&lt;10ms, UPS<\/td>\n<\/tr>\n<tr>\n<th>Port wej\u015bcia\/wyj\u015bcia zasilania AC (tylko roz\u0142adowanie) <\/th>\n<td>230V~17.4A 50Hz<\/td>\n<\/tr>\n<tr>\n<th>Liczba gniazd pr\u0105du zmiennego<\/th>\n<td>5<\/td>\n<\/tr>\n<tr>\n<th>Gniazda AC <\/th>\n<td>4x Typ F, 230V\/16A, 1x CEE 16A, 230V\/16A<\/td>\n<\/tr>\n<\/tbody>\n<\/table>\n<p>\u00a0<\/p>\n<h3>Wyj\u015bcie DC<\/h3>\n<table>\n<tbody>\n<tr>\n<th>USB-C <\/th>\n<td>2 porty USB-C 5\/9\/12\/15\/20V, 5A 100W maks.<\/td>\n<\/tr>\n<tr>\n<th>USB-A<\/th>\n<td>2 porty USB-A 2, 5 V 2,4 A\/ 9 V, 2 A \/12 V, 1,5 A, 18 W maks.<\/td>\n<\/tr>\n<tr>\n<th>Wyj\u015bcie samochodowe (&#8222;zapalniczkowe&#8221; 12V)<\/th>\n<td>Brak<\/td>\n<\/tr>\n<tr>\n<th>Wyj\u015bca 12 V inne<\/th>\n<td>1 prot DC5521, 5A max oraz  1 port Anderson 30A Max (total: 12,6V, 378 W)<\/td>\n<\/tr>\n<\/tbody>\n<\/table>\n<p>\u00a0<\/p>\n<h3>Wej\u015bcie<\/h3>\n<table>\n<tbody>\n<tr>\n<th>Zasilanie u\u017cytkowe <\/th>\n<td>Port \u0142adowania \u201eC20\u201d, 220-240 V 12,5 A 50\/60 Hz, Maks. 2900 W<\/td>\n<\/tr>\n<tr>\n<th>Regulowana pr\u0119dko\u015b\u0107 \u0142adowania AC <\/th>\n<td>Tak<\/td>\n<\/tr>\n<tr>\n<th>Wej\u015bcie \u0142adowarki EV<\/th>\n<td>4000W maks., 220-240V 20A 50\/60Hz<\/td>\n<\/tr>\n<tr>\n<th>Wej\u015bcie solarne <\/th>\n<td>2600 W maks. 2 porty, HPV:30-150V\/15A, 1600W maks. LPV: 11-60V\/20A, 1000W maks.<\/td>\n<\/tr>\n<tr>\n<th>Wej\u015bcie samochodowe<\/th>\n<td>12V, 8A maks. 48V 20A Max.<\/td>\n<\/tr>\n<tr>\n<th>Wej\u015bcie generatora<\/th>\n<td>3200 W maks. (ze Smart Generator 4000)<\/td>\n<\/tr>\n<tr>\n<th>0-80% Czas \u0142adowania <\/th>\n<td>50 min (\u0142adowanie 1C)<\/td>\n<\/tr>\n<tr>\n<th>\u0141\u0105czna moc \u0142adowania z r\u00f3\u017cnych \u017ar\u00f3de\u0142 (z 1 dodatkowym akumulatorem)<\/th>\n<td>7000W maks.<\/td>\n<\/tr>\n<\/tbody>\n<\/table>\n<p>\u00a0<\/p>\n<h3>Akumulator<\/h3>\n<table>\n<tbody>\n<tr>\n<th>Rozszerzenie pojemno\u015bci <\/th>\n<td>2 porty dodatkowego akumulatora, obs\u0142uguje dodatkowe akumulatory Delta Pro 3 oraz Delta Pro<\/td>\n<\/tr>\n<tr>\n<th>Rodzaj akumulatora<\/th>\n<td>LFP<\/td>\n<\/tr>\n<tr>\n<th>Cykl \u017cycia <\/th>\n<td>&gt;4000cyc, 80%<\/td>\n<\/tr>\n<tr>\n<th>Stopie\u0144 ochrony IP dla akumulatora <\/th>\n<td>IP65<\/td>\n<\/tr>\n<tr>\n<th>Architektura akumulatora <\/th>\n<td>CTC<\/td>\n<\/tr>\n<\/tbody>\n<\/table>\n<p>\u00a0<\/p>\n<h3>Po\u0142\u0105czenie<\/h3>\n<table>\n<tbody>\n<tr>\n<th>Smart Home Panel <\/th>\n<td>nie<\/td>\n<\/tr>\n<tr>\n<th>Po\u0142\u0105czenie <\/th>\n<td>WiFi 2.4GHz\/Bluetooth\/CAN<\/td>\n<\/tr>\n<tr>\n<th>Ekran <\/th>\n<td>tak, ca\u0142kowicie nowy design<\/td>\n<\/tr>\n<tr>\n<th>Sterowanie za pomoc\u0105 aplikacji <\/th>\n<td>tak<\/td>\n<\/tr>\n<\/tbody>\n<\/table>\n<p>\u00a0<\/p>\n<h3>Panel fotowoltaiczny<\/h3>\n<table>\n<tbody>\n<tr>\n<th>Producent<\/th>\n<td>EcoFlow<\/td>\n<\/tr>\n<tr>\n<th>Nazwa<\/th>\n<td>400W Lightweight Portable Solar Panel<\/td>\n<\/tr>\n<tr>\n<th>Model<\/th>\n<td>EFSOLARLIGHT400W-P-D<\/td>\n<\/tr>\n<tr>\n<th>Moc znamionowa<\/th>\n<td>400 W (\u00b15 W)<\/td>\n<\/tr>\n<tr>\n<th>Rodzaj ogniw<\/th>\n<td>Monokrystaliczne ogniwa N Type TOPCon<\/td>\n<\/tr>\n<tr>\n<th>Sprawno\u015b\u0107<\/th>\n<td>25%<\/td>\n<\/tr>\n<tr>\n<th>Waga<\/th>\n<td>Ok. 10,2 kg<\/td>\n<\/tr>\n<tr>\n<th>Wymiary (po roz\u0142o\u017ceniu)<\/th>\n<td>2509 \u00d7 967 \u00d7 26 mm<\/td>\n<\/tr>\n<tr>\n<th>Wymiary (po z\u0142o\u017ceniu)<\/th>\n<td>659 \u00d7 967 \u00d7 36 mm<\/td>\n<\/tr>\n<tr>\n<th>Rodzaj z\u0142\u0105cza<\/th>\n<td>XT60<\/td>\n<\/tr>\n<tr>\n<th>Napi\u0119cie obwodu otwartego<\/th>\n<td>39,3 V (Vpm 34,5 V)<\/td>\n<\/tr>\n<tr>\n<th>Pr\u0105d zwarciowy<\/th>\n<td>12,2 A (Ipm 11,7 A)<\/td>\n<\/tr>\n<tr>\n<th>Klasa szczelno\u015bci<\/th>\n<td>IP68<\/td>\n<\/tr>\n<\/tbody>\n<\/table>\n<\/div>\n","protected":false},"excerpt":{"rendered":"<p>Zestaw: Stacja zasilania EcoFlow Delta Pro 3 + panel fotowoltaiczny 400W Stacja zasilania EcoFlow DELTA Pro 3 rewolucjonizuje spos\u00f3b, w<\/p>\n","protected":false},"featured_media":47932,"comment_status":"closed","ping_status":"open","template":"","meta":{"_acf_changed":false},"product_brand":[],"product_cat":[1108,6199,1111],"product_tag":[],"class_list":{"0":"post-60686","1":"product","2":"type-product","3":"status-publish","4":"has-post-thumbnail","6":"product_cat-energia","7":"product_cat-stacje-zasilania-stacje-zasilania","8":"product_cat-stacje-zasilania","9":"pa_60-m-5771","10":"pa_producent-ecoflow","12":"first","13":"outofstock","14":"taxable","15":"shipping-taxable","16":"purchasable","17":"product-type-simple"},"acf":[],"yoast_head":"<!-- This site is optimized with the Yoast SEO plugin v27.2 - https:\/\/yoast.com\/product\/yoast-seo-wordpress\/ -->\n<title>Zestaw ECOFLOW Delta Pro 3 + panel PV 400W - IRONSKY.PL Sklep z Dronami<\/title>\n<meta name=\"description\" content=\"Zestaw ECOFLOW Delta Pro 3 + panel PV 400W - \u2705 sklep z dronami i fachowym doradztwem. \u2705 Tutaj kupisz produkty DJI, Yuneec, Parrot, Syma i wiele innych, a tak\u017ce kursy i licencje na operatora drona.\" \/>\n<meta name=\"robots\" content=\"index, follow, max-snippet:-1, max-image-preview:large, max-video-preview:-1\" \/>\n<link rel=\"canonical\" href=\"https:\/\/ironsky.pl\/sklep\/produkt\/zestaw-ecoflow-delta-pro-3-panel-pv-400w\/\" \/>\n<meta property=\"og:locale\" content=\"pl_PL\" \/>\n<meta property=\"og:type\" content=\"article\" \/>\n<meta property=\"og:title\" content=\"Zestaw ECOFLOW Delta Pro 3 + panel PV 400W - IRONSKY.PL Sklep z Dronami\" \/>\n<meta property=\"og:description\" content=\"Zestaw ECOFLOW Delta Pro 3 + panel PV 400W - \u2705 sklep z dronami i fachowym doradztwem. \u2705 Tutaj kupisz produkty DJI, Yuneec, Parrot, Syma i wiele innych, a tak\u017ce kursy i licencje na operatora drona.\" \/>\n<meta property=\"og:url\" content=\"https:\/\/ironsky.pl\/sklep\/produkt\/zestaw-ecoflow-delta-pro-3-panel-pv-400w\/\" \/>\n<meta property=\"og:site_name\" content=\"IRONSKY.PL Sklep z Dronami\" \/>\n<meta property=\"article:modified_time\" content=\"2026-04-15T09:06:11+00:00\" \/>\n<meta property=\"og:image\" content=\"https:\/\/ironsky.pl\/sklep\/wp-content\/uploads\/2025\/06\/53765_2.jpg\" \/>\n\t<meta property=\"og:image:width\" content=\"800\" \/>\n\t<meta property=\"og:image:height\" content=\"800\" \/>\n\t<meta property=\"og:image:type\" content=\"image\/jpeg\" \/>\n<meta name=\"twitter:card\" content=\"summary_large_image\" \/>\n<meta name=\"twitter:label1\" content=\"Szacowany czas czytania\" \/>\n\t<meta name=\"twitter:data1\" content=\"7 minut\" \/>\n<script type=\"application\/ld+json\" class=\"yoast-schema-graph\">{\"@context\":\"https:\/\/schema.org\",\"@graph\":[{\"@type\":\"WebPage\",\"@id\":\"https:\/\/ironsky.pl\/sklep\/produkt\/zestaw-ecoflow-delta-pro-3-panel-pv-400w\/\",\"url\":\"https:\/\/ironsky.pl\/sklep\/produkt\/zestaw-ecoflow-delta-pro-3-panel-pv-400w\/\",\"name\":\"Zestaw ECOFLOW Delta Pro 3 + panel PV 400W - IRONSKY.PL Sklep z Dronami\",\"isPartOf\":{\"@id\":\"https:\/\/ironsky.pl\/sklep\/#website\"},\"primaryImageOfPage\":{\"@id\":\"https:\/\/ironsky.pl\/sklep\/produkt\/zestaw-ecoflow-delta-pro-3-panel-pv-400w\/#primaryimage\"},\"image\":{\"@id\":\"https:\/\/ironsky.pl\/sklep\/produkt\/zestaw-ecoflow-delta-pro-3-panel-pv-400w\/#primaryimage\"},\"thumbnailUrl\":\"https:\/\/ironsky.pl\/sklep\/wp-content\/uploads\/2025\/06\/53765_2.jpg\",\"datePublished\":\"2026-04-15T09:06:10+00:00\",\"dateModified\":\"2026-04-15T09:06:11+00:00\",\"description\":\"Zestaw ECOFLOW Delta Pro 3 + panel PV 400W - \u2705 sklep z dronami i fachowym doradztwem. \u2705 Tutaj kupisz produkty DJI, Yuneec, Parrot, Syma i wiele innych, a tak\u017ce kursy i licencje na operatora drona.\",\"breadcrumb\":{\"@id\":\"https:\/\/ironsky.pl\/sklep\/produkt\/zestaw-ecoflow-delta-pro-3-panel-pv-400w\/#breadcrumb\"},\"inLanguage\":\"pl-PL\",\"potentialAction\":[{\"@type\":\"ReadAction\",\"target\":[\"https:\/\/ironsky.pl\/sklep\/produkt\/zestaw-ecoflow-delta-pro-3-panel-pv-400w\/\"]}]},{\"@type\":\"ImageObject\",\"inLanguage\":\"pl-PL\",\"@id\":\"https:\/\/ironsky.pl\/sklep\/produkt\/zestaw-ecoflow-delta-pro-3-panel-pv-400w\/#primaryimage\",\"url\":\"https:\/\/ironsky.pl\/sklep\/wp-content\/uploads\/2025\/06\/53765_2.jpg\",\"contentUrl\":\"https:\/\/ironsky.pl\/sklep\/wp-content\/uploads\/2025\/06\/53765_2.jpg\",\"width\":800,\"height\":800},{\"@type\":\"BreadcrumbList\",\"@id\":\"https:\/\/ironsky.pl\/sklep\/produkt\/zestaw-ecoflow-delta-pro-3-panel-pv-400w\/#breadcrumb\",\"itemListElement\":[{\"@type\":\"ListItem\",\"position\":1,\"name\":\"Strona g\u0142\u00f3wna\",\"item\":\"https:\/\/ironsky.pl\/sklep\/\"},{\"@type\":\"ListItem\",\"position\":2,\"name\":\"Wszystkie produkty\",\"item\":\"https:\/\/ironsky.pl\/sklep\/produkty\/\"},{\"@type\":\"ListItem\",\"position\":3,\"name\":\"Zestaw ECOFLOW Delta Pro 3 + panel PV 400W\"}]},{\"@type\":\"WebSite\",\"@id\":\"https:\/\/ironsky.pl\/sklep\/#website\",\"url\":\"https:\/\/ironsky.pl\/sklep\/\",\"name\":\"IRONSKY.PL Sklep z Dronami\",\"description\":\"IRONSKY.PL Sklep z Dronami\",\"potentialAction\":[{\"@type\":\"SearchAction\",\"target\":{\"@type\":\"EntryPoint\",\"urlTemplate\":\"https:\/\/ironsky.pl\/sklep\/?s={search_term_string}\"},\"query-input\":{\"@type\":\"PropertyValueSpecification\",\"valueRequired\":true,\"valueName\":\"search_term_string\"}}],\"inLanguage\":\"pl-PL\"}]}<\/script>\n<!-- \/ Yoast SEO plugin. -->","yoast_head_json":{"title":"Zestaw ECOFLOW Delta Pro 3 + panel PV 400W - IRONSKY.PL Sklep z Dronami","description":"Zestaw ECOFLOW Delta Pro 3 + panel PV 400W - \u2705 sklep z dronami i fachowym doradztwem. \u2705 Tutaj kupisz produkty DJI, Yuneec, Parrot, Syma i wiele innych, a tak\u017ce kursy i licencje na operatora drona.","robots":{"index":"index","follow":"follow","max-snippet":"max-snippet:-1","max-image-preview":"max-image-preview:large","max-video-preview":"max-video-preview:-1"},"canonical":"https:\/\/ironsky.pl\/sklep\/produkt\/zestaw-ecoflow-delta-pro-3-panel-pv-400w\/","og_locale":"pl_PL","og_type":"article","og_title":"Zestaw ECOFLOW Delta Pro 3 + panel PV 400W - IRONSKY.PL Sklep z Dronami","og_description":"Zestaw ECOFLOW Delta Pro 3 + panel PV 400W - \u2705 sklep z dronami i fachowym doradztwem. \u2705 Tutaj kupisz produkty DJI, Yuneec, Parrot, Syma i wiele innych, a tak\u017ce kursy i licencje na operatora drona.","og_url":"https:\/\/ironsky.pl\/sklep\/produkt\/zestaw-ecoflow-delta-pro-3-panel-pv-400w\/","og_site_name":"IRONSKY.PL Sklep z Dronami","article_modified_time":"2026-04-15T09:06:11+00:00","og_image":[{"width":800,"height":800,"url":"https:\/\/ironsky.pl\/sklep\/wp-content\/uploads\/2025\/06\/53765_2.jpg","type":"image\/jpeg"}],"twitter_card":"summary_large_image","twitter_misc":{"Szacowany czas czytania":"7 minut"},"schema":{"@context":"https:\/\/schema.org","@graph":[{"@type":"WebPage","@id":"https:\/\/ironsky.pl\/sklep\/produkt\/zestaw-ecoflow-delta-pro-3-panel-pv-400w\/","url":"https:\/\/ironsky.pl\/sklep\/produkt\/zestaw-ecoflow-delta-pro-3-panel-pv-400w\/","name":"Zestaw ECOFLOW Delta Pro 3 + panel PV 400W - IRONSKY.PL Sklep z Dronami","isPartOf":{"@id":"https:\/\/ironsky.pl\/sklep\/#website"},"primaryImageOfPage":{"@id":"https:\/\/ironsky.pl\/sklep\/produkt\/zestaw-ecoflow-delta-pro-3-panel-pv-400w\/#primaryimage"},"image":{"@id":"https:\/\/ironsky.pl\/sklep\/produkt\/zestaw-ecoflow-delta-pro-3-panel-pv-400w\/#primaryimage"},"thumbnailUrl":"https:\/\/ironsky.pl\/sklep\/wp-content\/uploads\/2025\/06\/53765_2.jpg","datePublished":"2026-04-15T09:06:10+00:00","dateModified":"2026-04-15T09:06:11+00:00","description":"Zestaw ECOFLOW Delta Pro 3 + panel PV 400W - \u2705 sklep z dronami i fachowym doradztwem. \u2705 Tutaj kupisz produkty DJI, Yuneec, Parrot, Syma i wiele innych, a tak\u017ce kursy i licencje na operatora drona.","breadcrumb":{"@id":"https:\/\/ironsky.pl\/sklep\/produkt\/zestaw-ecoflow-delta-pro-3-panel-pv-400w\/#breadcrumb"},"inLanguage":"pl-PL","potentialAction":[{"@type":"ReadAction","target":["https:\/\/ironsky.pl\/sklep\/produkt\/zestaw-ecoflow-delta-pro-3-panel-pv-400w\/"]}]},{"@type":"ImageObject","inLanguage":"pl-PL","@id":"https:\/\/ironsky.pl\/sklep\/produkt\/zestaw-ecoflow-delta-pro-3-panel-pv-400w\/#primaryimage","url":"https:\/\/ironsky.pl\/sklep\/wp-content\/uploads\/2025\/06\/53765_2.jpg","contentUrl":"https:\/\/ironsky.pl\/sklep\/wp-content\/uploads\/2025\/06\/53765_2.jpg","width":800,"height":800},{"@type":"BreadcrumbList","@id":"https:\/\/ironsky.pl\/sklep\/produkt\/zestaw-ecoflow-delta-pro-3-panel-pv-400w\/#breadcrumb","itemListElement":[{"@type":"ListItem","position":1,"name":"Strona g\u0142\u00f3wna","item":"https:\/\/ironsky.pl\/sklep\/"},{"@type":"ListItem","position":2,"name":"Wszystkie produkty","item":"https:\/\/ironsky.pl\/sklep\/produkty\/"},{"@type":"ListItem","position":3,"name":"Zestaw ECOFLOW Delta Pro 3 + panel PV 400W"}]},{"@type":"WebSite","@id":"https:\/\/ironsky.pl\/sklep\/#website","url":"https:\/\/ironsky.pl\/sklep\/","name":"IRONSKY.PL Sklep z Dronami","description":"IRONSKY.PL Sklep z Dronami","potentialAction":[{"@type":"SearchAction","target":{"@type":"EntryPoint","urlTemplate":"https:\/\/ironsky.pl\/sklep\/?s={search_term_string}"},"query-input":{"@type":"PropertyValueSpecification","valueRequired":true,"valueName":"search_term_string"}}],"inLanguage":"pl-PL"}]}},"_links":{"self":[{"href":"https:\/\/ironsky.pl\/sklep\/wp-json\/wp\/v2\/product\/60686","targetHints":{"allow":["GET"]}}],"collection":[{"href":"https:\/\/ironsky.pl\/sklep\/wp-json\/wp\/v2\/product"}],"about":[{"href":"https:\/\/ironsky.pl\/sklep\/wp-json\/wp\/v2\/types\/product"}],"replies":[{"embeddable":true,"href":"https:\/\/ironsky.pl\/sklep\/wp-json\/wp\/v2\/comments?post=60686"}],"wp:featuredmedia":[{"embeddable":true,"href":"https:\/\/ironsky.pl\/sklep\/wp-json\/wp\/v2\/media\/47932"}],"wp:attachment":[{"href":"https:\/\/ironsky.pl\/sklep\/wp-json\/wp\/v2\/media?parent=60686"}],"wp:term":[{"taxonomy":"product_brand","embeddable":true,"href":"https:\/\/ironsky.pl\/sklep\/wp-json\/wp\/v2\/product_brand?post=60686"},{"taxonomy":"product_cat","embeddable":true,"href":"https:\/\/ironsky.pl\/sklep\/wp-json\/wp\/v2\/product_cat?post=60686"},{"taxonomy":"product_tag","embeddable":true,"href":"https:\/\/ironsky.pl\/sklep\/wp-json\/wp\/v2\/product_tag?post=60686"}],"curies":[{"name":"wp","href":"https:\/\/api.w.org\/{rel}","templated":true}]}}