{"id":60680,"date":"2026-04-15T11:05:17","date_gmt":"2026-04-15T09:05:17","guid":{"rendered":"https:\/\/ironsky.pl\/sklep\/produkt\/stacja-zasilania-ecoflow-delta-3-plus-1kwh-panel-400w\/"},"modified":"2026-04-15T11:06:06","modified_gmt":"2026-04-15T09:06:06","slug":"stacja-zasilania-ecoflow-delta-3-plus-1kwh-panel-400w","status":"publish","type":"product","link":"https:\/\/ironsky.pl\/sklep\/produkt\/stacja-zasilania-ecoflow-delta-3-plus-1kwh-panel-400w\/","title":{"rendered":"Stacja zasilania ECOFLOW Delta 3 Plus 1kWh + panel 400W"},"content":{"rendered":"<h3>Zestaw: Stacja zasilania EcoFlow Delta 3 Plus + panel fotowoltaiczny 400W<\/h3>\n<p>Ciesz si\u0119 niezawodnym dost\u0119pem do pr\u0105du niezale\u017cnie od okoliczno\u015bci! Przeno\u015bna stacja EcoFlow DELTA 3 Plus oferuje pojemno\u015b\u0107 a\u017c 1 kWh (z opcj\u0105 rozszerzenia do 5 kWh) oraz moc do 1800 W (lub do 2400 W w trybie X-Boost), dzi\u0119ki czemu mo\u017ce zasila\u0107 wi\u0119kszo\u015b\u0107 powszechnie u\u017cywanych urz\u0105dze\u0144 przez d\u0142ugi czas. Wyr\u00f3\u017cnia j\u0105 tak\u017ce cicha praca i d\u0142uga \u017cywotno\u015b\u0107 akumulatora \u2013 do 4000 cykli \u0142adowania. Mo\u017cesz te\u017c \u0142adowa\u0107 j\u0105 na kilka sposob\u00f3w, co oznacza, \u017ce w niemal ka\u017cdej sytuacji z \u0142atwo\u015bci\u0105 przygotujesz j\u0105 do dalszej pracy. DELTA 3 Plus sprawdzi si\u0119 r\u00f3wnie\u017c w roli UPS (ze wsparciem dla funkcji HID), a jej wygodn\u0105 obs\u0142ug\u0119 umo\u017cliwia dedykowana aplikacja. Do zestawu do\u0142\u0105czono r\u00f3wnie\u017c panel fotowoltaiczny oferuj\u0105cy moc 400 W.<\/p>\n<p>\n<img decoding=\"async\" src=\"https:\/\/assets.innpro.pl\/17044\/22318\/15.jpg\" border=\"0\" alt=\"Sk\u0142adany panel s\u0142oneczny po\u0142\u0105czony z przeno\u015bn\u0105 stacj\u0105 zasilania z czterema gniazdami\" \/>\n<\/p>\n<h3>Wiele sposob\u00f3w \u0142adowania<\/h3>\n<p>Stacja obs\u0142uguje kilka metod \u0142adowania, mo\u017cesz wi\u0119c bez problemu przygotowa\u0107 j\u0105 do dzia\u0142ania w niemal ka\u017cdej sytuacji. Przy u\u017cyciu gniazda AC na\u0142adujesz j\u0105 ju\u017c w oko\u0142o 56 minut. Przy s\u0142onecznej pogodzie warto skorzysta\u0107 z paneli fotowoltaicznych do 1000 W \u2013 w ten spos\u00f3b przywr\u00f3cisz jej pe\u0142ni\u0119 mocy w oko\u0142o 70 minut. Mo\u017cesz te\u017c na\u0142adowa\u0107 j\u0105 za pomoc\u0105 generatora pr\u0105du. Kolejn\u0105 opcj\u0105 jest alternator w samochodzie \u2013 dzi\u0119ki tej metodzie na\u0142adujesz stacj\u0119 w oko\u0142o 1,3 godziny. Istnieje r\u00f3wnie\u017c mo\u017cliwo\u015b\u0107 po\u0142\u0105czenia \u0142adowania przy u\u017cyciu gniazda AC i paneli fotowoltaicznych \u2013 \u0142adowanie w taki spos\u00f3b potrwa oko\u0142o 56 minut.<\/p>\n<p>\n<img decoding=\"async\" src=\"https:\/\/assets.innpro.pl\/17044\/22318\/7.jpg\" border=\"0\" alt=\"Przeno\u015bna stacja zasilania pod\u0142\u0105czona do telewizora w nowoczesnym salonie\" \/>\n<\/p>\n<h3>Zasili wi\u0119kszo\u015b\u0107 Twoich urz\u0105dze\u0144<\/h3>\n<p>Nag\u0142a przerwa w dostawie pr\u0105du, wyjazd na kemping czy podr\u00f3\u017c w miejsca odci\u0119te od sieci energetycznej \u2013 stacja EcoFlow DELTA 3 Plus przyjdzie Ci z pomoc\u0105 w tych i wielu innych sytuacjach! Jej moc wyj\u015bciowa si\u0119ga 1800 W, a dzi\u0119ki trybowi X-Boost bez problemu poradzi sobie z urz\u0105dzeniami do 2400 W. Mo\u017cesz wi\u0119c pod\u0142\u0105czy\u0107 do niej wi\u0119kszo\u015b\u0107 powszechnie u\u017cywanych sprz\u0119t\u00f3w, takich jak na przyk\u0142ad lod\u00f3wka, smartfon, komputer, router, a nawet suszarka do w\u0142os\u00f3w, czajnik lub mikrofal\u00f3wka.<\/p>\n<p>\n<img decoding=\"async\" src=\"https:\/\/assets.innpro.pl\/17044\/22318\/5.jpg\" border=\"0\" alt=\"Przeno\u015bna stacja zasilania pod\u0142\u0105czona do \u017c\u00f3\u0142tego grilla ustawionego na stole na zewn\u0105trz\" \/>\n<\/p>\n<h3>A\u017c 11 dost\u0119pnych port\u00f3w<\/h3>\n<p>Z EcoFlow DELTA 3 Plus mo\u017cesz zasila\u0107 nawet 11 urz\u0105dze\u0144 w tym samym czasie! Stacja zosta\u0142a wyposa\u017cona w wiele r\u00f3\u017cnych port\u00f3w \u2013 oferuje cztery gniazda AC (1800 W), dwa porty USB-A do szybkiego \u0142adowania (do 36 W ka\u017cdy), dwa porty USB-C (do 140 W ka\u017cdy), jedno wyj\u015bcie samochodowe (12,6 V, 126 W) oraz dwa porty DC5521 (12,6 V, do3 A). Dzi\u0119ki temu nie musisz si\u0119 ogranicza\u0107!<\/p>\n<p>\n<img decoding=\"async\" src=\"https:\/\/assets.innpro.pl\/17044\/22318\/4.jpg\" border=\"0\" alt=\"Osoba u\u017cywaj\u0105ca pi\u0142y \u0142a\u0144cuchowej do ci\u0119cia drewna, zasilanej z przeno\u015bnej stacji\" \/>\n<\/p>\n<h3>Zaskakuj\u0105co cicha praca<\/h3>\n<p>DELTA 3 Plus udowadnia, \u017ce pot\u0119\u017cne mo\u017cliwo\u015bci mog\u0105 i\u015b\u0107 w parze z cichym dzia\u0142aniem. Przy obci\u0105\u017ceniu na poziomie 600 W poziom g\u0142o\u015bno\u015bci stacji wynosi tylko oko\u0142o 30 dB, czyli tyle samo ile w wypadku tykania zegara lub szeptu. Dzi\u0119ki temu \u015bwietnie sprawdzi si\u0119 w sytuacjach, w kt\u00f3rych wymagana jest cisza \u2013 na przyk\u0142ad w nocy. Nie obawiaj si\u0119, \u017ce zak\u0142\u00f3ci Tw\u00f3j spok\u00f3j!<\/p>\n<p>\n<img decoding=\"async\" src=\"https:\/\/assets.innpro.pl\/17044\/22318\/9.jpg\" border=\"0\" alt=\"M\u0119\u017cczyzna pracuj\u0105cy przy komputerze przy biurku z przeno\u015bn\u0105 stacj\u0105 zasilania\" \/>\n<\/p>\n<h3>Funkcja UPS <\/h3>\n<p>Niespodziewana awaria pr\u0105du? Z EcoFlow DELTA 3 Plus nie musisz si\u0119 niczego obawia\u0107! Stacja w ci\u0105gu zaledwie oko\u0142o 10 ms prze\u0142\u0105czy si\u0119 na zasilanie awaryjne, zapewniaj\u0105c nieprzerwane dzia\u0142anie niezb\u0119dnych urz\u0105dze\u0144. Doskonale sprawdzi si\u0119 na przyk\u0142ad w wypadku komputer\u00f3w czy drukarek 3D. Co wi\u0119cej, DELTA 3 Plus obs\u0142uguje systemy NAS oraz funkcj\u0119 HID \u2013 gdy jej akumulator b\u0119dzie ju\u017c bliski roz\u0142adowania, wy\u015ble sygna\u0142 do serwera, aby zapisa\u0142 dane i bezpiecznie si\u0119 wy\u0142\u0105czy\u0142.<\/p>\n<p>\n<img decoding=\"async\" src=\"https:\/\/assets.innpro.pl\/17044\/22318\/11.jpg\" border=\"0\" alt=\"Przeno\u015bna stacja zasilania ustawiona w futurystycznym, jasno o\u015bwietlonym pomieszczeniu\" \/>\n<\/p>\n<h3>Z aplikacj\u0105 mo\u017cesz wi\u0119cej<\/h3>\n<p>Stacja DELTA 3 Plus wsp\u00f3\u0142pracuje z aplikacj\u0105 EcoFlow, kt\u00f3ra pozwala mi\u0119dzy innymi zdalnie zarz\u0105dza\u0107 jej prac\u0105 i monitorowa\u0107 najwa\u017cniejsze parametry. Do dyspozycji masz tak\u017ce funkcj\u0119 ostrzegania przed burz\u0105 oraz tryby TOU (Time of USE), dzi\u0119ki kt\u00f3rym zoptymalizujesz zu\u017cycie energii i zaoszcz\u0119dzisz na rachunkach. B\u0119dziesz te\u017c otrzymywa\u0107 powiadomienia o ewentualnych przerwach w dostawie pr\u0105du i dzia\u0142aniu UPS.<\/p>\n<p>\n<img decoding=\"async\" src=\"https:\/\/assets.innpro.pl\/17044\/22318\/2.jpg\" border=\"0\" alt=\"Przeno\u015bna stacja zasilania stoj\u0105ca na pod\u0142odze w jasnym, nowoczesnym wn\u0119trzu\" \/>\n<\/p>\n<h3>Wydajna i wytrzyma\u0142a<\/h3>\n<p>Stacja korzysta z wytrzyma\u0142ego akumulatora LiFePO4 (40135), kt\u00f3rego \u017cywotno\u015b\u0107 si\u0119ga a\u017c 4000 cykli \u0142adowania (do 80% pojemno\u015bci). W efekcie zyskujesz oko\u0142o 10 lat u\u017cytkowania! To jednak nie wszystko \u2013 specjalny system BMS inteligentnie zarz\u0105dza jego prac\u0105, zapewniaj\u0105c niezawodne dzia\u0142anie. DELTA 3 Plus wyr\u00f3\u017cnia si\u0119 tak\u017ce klas\u0105 szczelno\u015bci IP65, jest wi\u0119c odporna na wod\u0119 i py\u0142. Zosta\u0142a te\u017c zabezpieczona przed propagacj\u0105 termiczn\u0105, co zapobiega zagro\u017ceniom takim jak na przyk\u0142ad po\u017car.<\/p>\n<p>\n<img decoding=\"async\" src=\"https:\/\/assets.innpro.pl\/17044\/22318\/10.jpg\" border=\"0\" alt=\"Przeno\u015bna stacja zasilania pod\u0142\u0105czona do komputera w przyciemnionym biurze\" \/>\n<\/p>\n<h3>Pojemno\u015b\u0107 1 kWh z opcj\u0105 rozszerzenia<\/h3>\n<p>Zasilaj wybrane urz\u0105dzenia nawet przez wiele godzin. Stacja cechuje si\u0119 pojemno\u015bci\u0105 1 kWh, kt\u00f3r\u0105 mo\u017cesz rozszerzy\u0107 do a\u017c 5 kWh \u2013 DELTA 3 Plus jest kompatybilna nie tylko z przeznaczonym dla niej akumulatorem, ale te\u017c z akumulatorami do DELTY 2 Max i DELTY Pro 3. Zapewnij sobie wystarczaj\u0105c\u0105 ilo\u015b\u0107 energii, aby cieszy\u0107 si\u0119 nieprzerwanym dzia\u0142aniem niezb\u0119dnych sprz\u0119t\u00f3w tak d\u0142ugo, jak potrzebujesz!<\/p>\n<p>\n<img decoding=\"async\" src=\"https:\/\/assets.innpro.pl\/17044\/22318\/3.jpg\" border=\"0\" alt=\"Panele s\u0142oneczne roz\u0142o\u017cone na trawie przed nowoczesnym domem z tarasem\" \/>\n<\/p>\n<h3>Prosta w transporcie<\/h3>\n<p>Przenoszenie stacji z miejsca na miejsce nie sprawi Ci \u017cadnego problemu. Jej waga wynosi oko\u0142o 12,5 kg, a wymiary to 398 x 200 x 284 mm, dzi\u0119ki czemu z \u0142atwo\u015bci\u0105 zabierzesz j\u0105 w podr\u00f3\u017c lub zaniesiesz na przyk\u0142ad do ogrodu. Ponadto niewielka konstrukcja sprawia, \u017ce DELTA 3 Plus doskonale mie\u015bci si\u0119 nawet w ciasnych, ograniczonych przestrzeniach, na przyk\u0142ad w samochodzie lub mi\u0119dzy meblami.<\/p>\n<p>\n<img decoding=\"async\" src=\"https:\/\/assets.innpro.pl\/17044\/22318\/1.jpg\" border=\"0\" alt=\"Przeno\u015bna stacja zasilania ustawiona w baga\u017cniku otwartego samochodu osobowego\" \/>\n<\/p>\n<h3>Panel fotowoltaiczny dla uzupe\u0142nienia zestawu<\/h3>\n<p>W zestawie znajduje si\u0119 panel fotowoltaiczny EcoFlow NextGen, oferuj\u0105cy moc 400 W i wykonany w technologii monokrystalicznych ogniw N Type TOPCon o sprawno\u015bci 25%. Dzi\u0119ki temu pozwala skutecznie zasila\u0107 stacje zasilania nawet przy ograniczonym dost\u0119pie do \u015bwiat\u0142a s\u0142onecznego. Jego sk\u0142adana i lekka konstrukcja (10,2 kg) sprawia, \u017ce jest wygodny w transporcie i doskonale sprawdzi si\u0119 zar\u00f3wno w ogrodzie, jak i na kempingu czy w trakcie podr\u00f3\u017cy. Klasa szczelno\u015bci IP68 chroni urz\u0105dzenie przed py\u0142em i wod\u0105, a solidna obudowa zapewnia dodatkowe zabezpieczenie ogniw. Po z\u0142o\u017ceniu panel ma kompaktowe wymiary 659 \u00d7 967 \u00d7 36 mm, dzi\u0119ki czemu \u0142atwo go przechowywa\u0107 i przewozi\u0107. Z\u0142\u0105cze XT60 umo\u017cliwia szybkie i bezpieczne podpi\u0119cie do stacji EcoFlow oraz kompatybilnych magazyn\u00f3w energii.<\/p>\n<p>\n<img decoding=\"async\" src=\"https:\/\/assets.innpro.pl\/17044\/22318\/17.jpg\" border=\"0\" alt=\"Sk\u0142adany czarny panel s\u0142oneczny ustawiony pod k\u0105tem na jasnym tle\" \/>\n<\/p>\n<h3>W zestawie<\/h3>\n<ul class=\"list-disc pl-5\">\n<li>Stacja zasilania EcoFlow DELTA 3 Plus<\/li>\n<li>Panel s\u0142oneczny 400 W<\/li>\n<li>Torba transportowa i podp\u00f3rka w jednym<\/li>\n<li>Kabel konektor\u00a0&#8211; XC60 (2,5m)<\/li>\n<\/ul>\n<div class=\"table-wrapper\">\n<p>\u00a0<\/p>\n<h3>Og\u00f3lne<\/h3>\n<table>\n<tbody>\n<tr>\n<th>Producent<\/th>\n<td>EcoFlow<\/td>\n<\/tr>\n<tr>\n<th>Model<\/th>\n<td>DELTA 3 Plus<\/td>\n<\/tr>\n<tr>\n<th>Kolor<\/th>\n<td>Srebrny<\/td>\n<\/tr>\n<tr>\n<th>Pojemno\u015b\u0107<\/th>\n<td>1024 Wh<\/td>\n<\/tr>\n<tr>\n<th>Waga<\/th>\n<td>\u2264 12,5 kg<\/td>\n<\/tr>\n<tr>\n<th>Wymiary<\/th>\n<td>398 x 200 x 284 mm<\/td>\n<\/tr>\n<tr>\n<th>Aplikacja <\/th>\n<td>Tak (TOU, ostrze\u017cenie przed burz\u0105)<\/td>\n<\/tr>\n<tr>\n<th>Mo\u017cliwo\u015b\u0107 rozszerzenia pojemno\u015bci<\/th>\n<td>Tak, do 5 kWh (kompatybilno\u015b\u0107 z dodatkowymi akumulatorami do EcoFlow DELTA 3, DELTA 2 Max, DELTA Pro 3)<\/td>\n<\/tr>\n<\/tbody>\n<\/table>\n<p>\u00a0<\/p>\n<h3>Wyj\u015bcia<\/h3>\n<table>\n<tbody>\n<tr>\n<th>\u0141\u0105czna liczba port\u00f3w wyj\u015bciowych <\/th>\n<td>11<\/td>\n<\/tr>\n<tr>\n<th>AC<\/th>\n<td>4x 1800 W (maks. moc chwilowa 3600 W)<\/td>\n<\/tr>\n<tr>\n<th>Maks. moc z X-Boost<\/th>\n<td>2400 W<\/td>\n<\/tr>\n<tr>\n<th>USB-A (do szybkiego \u0142adowania)<\/th>\n<td>2x 36 W maks.<\/td>\n<\/tr>\n<tr>\n<th>USB-C<\/th>\n<td>2x 140 W maks.<\/td>\n<\/tr>\n<tr>\n<th>Wyj\u015bcie samochodowe<\/th>\n<td>12,6 V 10 A, 126 W maks.<\/td>\n<\/tr>\n<tr>\n<th>Wyj\u015bcie DC 5521<\/th>\n<td>2x 12,6 V, 3 A maks.<\/td>\n<\/tr>\n<\/tbody>\n<\/table>\n<p>\u00a0<\/p>\n<h3>Wej\u015bcia<\/h3>\n<table>\n<tbody>\n<tr>\n<th>\u0141adowanie AC<\/th>\n<td>1500 W (ok. 56 min)<\/td>\n<\/tr>\n<tr>\n<th>\u0141adowanie za pomoc\u0105 paneli fotowoltaicznych<\/th>\n<td>Wej\u015bcie DC 11-60 V, 2x 500 W maks. (ok. 70 min)<\/td>\n<\/tr>\n<tr>\n<th>\u0141adowanie za pomoc\u0105 Smart Generatora<\/th>\n<td>1500 W (ok. 56 min)<\/td>\n<\/tr>\n<tr>\n<th>\u0141adowanie w samochodzie<\/th>\n<td>800 W (ok. 1,3 h)<\/td>\n<\/tr>\n<tr>\n<th>\u0141adowanie AC + panele fotowoltaiczne<\/th>\n<td>1500 W (ok. 56 min)<\/td>\n<\/tr>\n<\/tbody>\n<\/table>\n<p>\u00a0<\/p>\n<h3>Akumulator<\/h3>\n<table>\n<tbody>\n<tr>\n<th>Rodzaj<\/th>\n<td>LFP<\/td>\n<\/tr>\n<tr>\n<th>\u017bywotno\u015b\u0107<\/th>\n<td>Ok. 4000 cykli \u0142adowania (do 80% pojemno\u015bci)<\/td>\n<\/tr>\n<\/tbody>\n<\/table>\n<p>\u00a0<\/p>\n<h3>Inne<\/h3>\n<table>\n<tbody>\n<tr>\n<th>Klasa szczelno\u015bci akumulatora<\/th>\n<td>IP65<\/td>\n<\/tr>\n<tr>\n<th>UPS<\/th>\n<td>&lt; 10 ms HID<\/td>\n<\/tr>\n<tr>\n<th>Poziom ha\u0142asu<\/th>\n<td>&lt; 30 dB (przy obci\u0105\u017ceniu 600 W) \/ &lt; 40 dB (przy obci\u0105\u017ceniu 1200 W)<\/td>\n<\/tr>\n<\/tbody>\n<\/table>\n<p>\u00a0<\/p>\n<h3>Panel fotowoltaiczny<\/h3>\n<table>\n<tbody>\n<tr>\n<th>Producent<\/th>\n<td>EcoFlow<\/td>\n<\/tr>\n<tr>\n<th>Nazwa<\/th>\n<td>400W Lightweight Portable Solar Panel<\/td>\n<\/tr>\n<tr>\n<th>Model<\/th>\n<td>EFSOLARLIGHT400W-P-D<\/td>\n<\/tr>\n<tr>\n<th>Moc znamionowa<\/th>\n<td>400 W (\u00b15 W)<\/td>\n<\/tr>\n<tr>\n<th>Rodzaj ogniw<\/th>\n<td>Monokrystaliczne ogniwa N Type TOPCon<\/td>\n<\/tr>\n<tr>\n<th>Sprawno\u015b\u0107<\/th>\n<td>25%<\/td>\n<\/tr>\n<tr>\n<th>Waga<\/th>\n<td>Ok. 10,2 kg<\/td>\n<\/tr>\n<tr>\n<th>Wymiary (po roz\u0142o\u017ceniu)<\/th>\n<td>2509 \u00d7 967 \u00d7 26 mm<\/td>\n<\/tr>\n<tr>\n<th>Wymiary (po z\u0142o\u017ceniu)<\/th>\n<td>659 \u00d7 967 \u00d7 36 mm<\/td>\n<\/tr>\n<tr>\n<th>Rodzaj z\u0142\u0105cza<\/th>\n<td>XT60<\/td>\n<\/tr>\n<tr>\n<th>Napi\u0119cie obwodu otwartego<\/th>\n<td>39,3 V (Vpm 34,5 V)<\/td>\n<\/tr>\n<tr>\n<th>Pr\u0105d zwarciowy<\/th>\n<td>12,2 A (Ipm 11,7 A)<\/td>\n<\/tr>\n<tr>\n<th>Klasa szczelno\u015bci<\/th>\n<td>IP68<\/td>\n<\/tr>\n<\/tbody>\n<\/table>\n<\/div>\n","protected":false},"excerpt":{"rendered":"<p>Zestaw: Stacja zasilania EcoFlow Delta 3 Plus + panel fotowoltaiczny 400W Ciesz si\u0119 niezawodnym dost\u0119pem do pr\u0105du niezale\u017cnie od okoliczno\u015bci!<\/p>\n","protected":false},"featured_media":47924,"comment_status":"closed","ping_status":"open","template":"","meta":{"_acf_changed":false},"product_brand":[],"product_cat":[1108,1111,6199],"product_tag":[],"class_list":{"0":"post-60680","1":"product","2":"type-product","3":"status-publish","4":"has-post-thumbnail","6":"product_cat-energia","7":"product_cat-stacje-zasilania","8":"product_cat-stacje-zasilania-stacje-zasilania","9":"pa_60-m-5771","10":"pa_producent-ecoflow","12":"first","13":"outofstock","14":"taxable","15":"shipping-taxable","16":"purchasable","17":"product-type-simple"},"acf":[],"yoast_head":"<!-- This site is optimized with the Yoast SEO plugin v27.2 - https:\/\/yoast.com\/product\/yoast-seo-wordpress\/ -->\n<title>Stacja zasilania ECOFLOW Delta 3 Plus 1kWh + panel 400W - IRONSKY.PL Sklep z Dronami<\/title>\n<meta name=\"description\" content=\"Stacja zasilania ECOFLOW Delta 3 Plus 1kWh + panel 400W - \u2705 sklep z dronami i fachowym doradztwem. \u2705 Tutaj kupisz produkty DJI, Yuneec, Parrot, Syma i wiele innych, a tak\u017ce kursy i licencje na operatora drona.\" \/>\n<meta name=\"robots\" content=\"index, follow, max-snippet:-1, max-image-preview:large, max-video-preview:-1\" \/>\n<link rel=\"canonical\" href=\"https:\/\/ironsky.pl\/sklep\/produkt\/stacja-zasilania-ecoflow-delta-3-plus-1kwh-panel-400w\/\" \/>\n<meta property=\"og:locale\" content=\"pl_PL\" \/>\n<meta property=\"og:type\" content=\"article\" \/>\n<meta property=\"og:title\" content=\"Stacja zasilania ECOFLOW Delta 3 Plus 1kWh + panel 400W - IRONSKY.PL Sklep z Dronami\" \/>\n<meta property=\"og:description\" content=\"Stacja zasilania ECOFLOW Delta 3 Plus 1kWh + panel 400W - \u2705 sklep z dronami i fachowym doradztwem. \u2705 Tutaj kupisz produkty DJI, Yuneec, Parrot, Syma i wiele innych, a tak\u017ce kursy i licencje na operatora drona.\" \/>\n<meta property=\"og:url\" content=\"https:\/\/ironsky.pl\/sklep\/produkt\/stacja-zasilania-ecoflow-delta-3-plus-1kwh-panel-400w\/\" \/>\n<meta property=\"og:site_name\" content=\"IRONSKY.PL Sklep z Dronami\" \/>\n<meta property=\"article:modified_time\" content=\"2026-04-15T09:06:06+00:00\" \/>\n<meta property=\"og:image\" content=\"https:\/\/ironsky.pl\/sklep\/wp-content\/uploads\/2025\/06\/53763_2.jpg\" \/>\n\t<meta property=\"og:image:width\" content=\"800\" \/>\n\t<meta property=\"og:image:height\" content=\"800\" \/>\n\t<meta property=\"og:image:type\" content=\"image\/jpeg\" \/>\n<meta name=\"twitter:card\" content=\"summary_large_image\" \/>\n<meta name=\"twitter:label1\" content=\"Szacowany czas czytania\" \/>\n\t<meta name=\"twitter:data1\" content=\"6 minut\" \/>\n<script type=\"application\/ld+json\" class=\"yoast-schema-graph\">{\"@context\":\"https:\/\/schema.org\",\"@graph\":[{\"@type\":\"WebPage\",\"@id\":\"https:\/\/ironsky.pl\/sklep\/produkt\/stacja-zasilania-ecoflow-delta-3-plus-1kwh-panel-400w\/\",\"url\":\"https:\/\/ironsky.pl\/sklep\/produkt\/stacja-zasilania-ecoflow-delta-3-plus-1kwh-panel-400w\/\",\"name\":\"Stacja zasilania ECOFLOW Delta 3 Plus 1kWh + panel 400W - IRONSKY.PL Sklep z Dronami\",\"isPartOf\":{\"@id\":\"https:\/\/ironsky.pl\/sklep\/#website\"},\"primaryImageOfPage\":{\"@id\":\"https:\/\/ironsky.pl\/sklep\/produkt\/stacja-zasilania-ecoflow-delta-3-plus-1kwh-panel-400w\/#primaryimage\"},\"image\":{\"@id\":\"https:\/\/ironsky.pl\/sklep\/produkt\/stacja-zasilania-ecoflow-delta-3-plus-1kwh-panel-400w\/#primaryimage\"},\"thumbnailUrl\":\"https:\/\/ironsky.pl\/sklep\/wp-content\/uploads\/2025\/06\/53763_2.jpg\",\"datePublished\":\"2026-04-15T09:05:17+00:00\",\"dateModified\":\"2026-04-15T09:06:06+00:00\",\"description\":\"Stacja zasilania ECOFLOW Delta 3 Plus 1kWh + panel 400W - \u2705 sklep z dronami i fachowym doradztwem. \u2705 Tutaj kupisz produkty DJI, Yuneec, Parrot, Syma i wiele innych, a tak\u017ce kursy i licencje na operatora drona.\",\"breadcrumb\":{\"@id\":\"https:\/\/ironsky.pl\/sklep\/produkt\/stacja-zasilania-ecoflow-delta-3-plus-1kwh-panel-400w\/#breadcrumb\"},\"inLanguage\":\"pl-PL\",\"potentialAction\":[{\"@type\":\"ReadAction\",\"target\":[\"https:\/\/ironsky.pl\/sklep\/produkt\/stacja-zasilania-ecoflow-delta-3-plus-1kwh-panel-400w\/\"]}]},{\"@type\":\"ImageObject\",\"inLanguage\":\"pl-PL\",\"@id\":\"https:\/\/ironsky.pl\/sklep\/produkt\/stacja-zasilania-ecoflow-delta-3-plus-1kwh-panel-400w\/#primaryimage\",\"url\":\"https:\/\/ironsky.pl\/sklep\/wp-content\/uploads\/2025\/06\/53763_2.jpg\",\"contentUrl\":\"https:\/\/ironsky.pl\/sklep\/wp-content\/uploads\/2025\/06\/53763_2.jpg\",\"width\":800,\"height\":800},{\"@type\":\"BreadcrumbList\",\"@id\":\"https:\/\/ironsky.pl\/sklep\/produkt\/stacja-zasilania-ecoflow-delta-3-plus-1kwh-panel-400w\/#breadcrumb\",\"itemListElement\":[{\"@type\":\"ListItem\",\"position\":1,\"name\":\"Strona g\u0142\u00f3wna\",\"item\":\"https:\/\/ironsky.pl\/sklep\/\"},{\"@type\":\"ListItem\",\"position\":2,\"name\":\"Wszystkie produkty\",\"item\":\"https:\/\/ironsky.pl\/sklep\/produkty\/\"},{\"@type\":\"ListItem\",\"position\":3,\"name\":\"Stacja zasilania ECOFLOW Delta 3 Plus 1kWh + panel 400W\"}]},{\"@type\":\"WebSite\",\"@id\":\"https:\/\/ironsky.pl\/sklep\/#website\",\"url\":\"https:\/\/ironsky.pl\/sklep\/\",\"name\":\"IRONSKY.PL Sklep z Dronami\",\"description\":\"IRONSKY.PL Sklep z Dronami\",\"potentialAction\":[{\"@type\":\"SearchAction\",\"target\":{\"@type\":\"EntryPoint\",\"urlTemplate\":\"https:\/\/ironsky.pl\/sklep\/?s={search_term_string}\"},\"query-input\":{\"@type\":\"PropertyValueSpecification\",\"valueRequired\":true,\"valueName\":\"search_term_string\"}}],\"inLanguage\":\"pl-PL\"}]}<\/script>\n<!-- \/ Yoast SEO plugin. -->","yoast_head_json":{"title":"Stacja zasilania ECOFLOW Delta 3 Plus 1kWh + panel 400W - IRONSKY.PL Sklep z Dronami","description":"Stacja zasilania ECOFLOW Delta 3 Plus 1kWh + panel 400W - \u2705 sklep z dronami i fachowym doradztwem. \u2705 Tutaj kupisz produkty DJI, Yuneec, Parrot, Syma i wiele innych, a tak\u017ce kursy i licencje na operatora drona.","robots":{"index":"index","follow":"follow","max-snippet":"max-snippet:-1","max-image-preview":"max-image-preview:large","max-video-preview":"max-video-preview:-1"},"canonical":"https:\/\/ironsky.pl\/sklep\/produkt\/stacja-zasilania-ecoflow-delta-3-plus-1kwh-panel-400w\/","og_locale":"pl_PL","og_type":"article","og_title":"Stacja zasilania ECOFLOW Delta 3 Plus 1kWh + panel 400W - IRONSKY.PL Sklep z Dronami","og_description":"Stacja zasilania ECOFLOW Delta 3 Plus 1kWh + panel 400W - \u2705 sklep z dronami i fachowym doradztwem. \u2705 Tutaj kupisz produkty DJI, Yuneec, Parrot, Syma i wiele innych, a tak\u017ce kursy i licencje na operatora drona.","og_url":"https:\/\/ironsky.pl\/sklep\/produkt\/stacja-zasilania-ecoflow-delta-3-plus-1kwh-panel-400w\/","og_site_name":"IRONSKY.PL Sklep z Dronami","article_modified_time":"2026-04-15T09:06:06+00:00","og_image":[{"width":800,"height":800,"url":"https:\/\/ironsky.pl\/sklep\/wp-content\/uploads\/2025\/06\/53763_2.jpg","type":"image\/jpeg"}],"twitter_card":"summary_large_image","twitter_misc":{"Szacowany czas czytania":"6 minut"},"schema":{"@context":"https:\/\/schema.org","@graph":[{"@type":"WebPage","@id":"https:\/\/ironsky.pl\/sklep\/produkt\/stacja-zasilania-ecoflow-delta-3-plus-1kwh-panel-400w\/","url":"https:\/\/ironsky.pl\/sklep\/produkt\/stacja-zasilania-ecoflow-delta-3-plus-1kwh-panel-400w\/","name":"Stacja zasilania ECOFLOW Delta 3 Plus 1kWh + panel 400W - IRONSKY.PL Sklep z Dronami","isPartOf":{"@id":"https:\/\/ironsky.pl\/sklep\/#website"},"primaryImageOfPage":{"@id":"https:\/\/ironsky.pl\/sklep\/produkt\/stacja-zasilania-ecoflow-delta-3-plus-1kwh-panel-400w\/#primaryimage"},"image":{"@id":"https:\/\/ironsky.pl\/sklep\/produkt\/stacja-zasilania-ecoflow-delta-3-plus-1kwh-panel-400w\/#primaryimage"},"thumbnailUrl":"https:\/\/ironsky.pl\/sklep\/wp-content\/uploads\/2025\/06\/53763_2.jpg","datePublished":"2026-04-15T09:05:17+00:00","dateModified":"2026-04-15T09:06:06+00:00","description":"Stacja zasilania ECOFLOW Delta 3 Plus 1kWh + panel 400W - \u2705 sklep z dronami i fachowym doradztwem. \u2705 Tutaj kupisz produkty DJI, Yuneec, Parrot, Syma i wiele innych, a tak\u017ce kursy i licencje na operatora drona.","breadcrumb":{"@id":"https:\/\/ironsky.pl\/sklep\/produkt\/stacja-zasilania-ecoflow-delta-3-plus-1kwh-panel-400w\/#breadcrumb"},"inLanguage":"pl-PL","potentialAction":[{"@type":"ReadAction","target":["https:\/\/ironsky.pl\/sklep\/produkt\/stacja-zasilania-ecoflow-delta-3-plus-1kwh-panel-400w\/"]}]},{"@type":"ImageObject","inLanguage":"pl-PL","@id":"https:\/\/ironsky.pl\/sklep\/produkt\/stacja-zasilania-ecoflow-delta-3-plus-1kwh-panel-400w\/#primaryimage","url":"https:\/\/ironsky.pl\/sklep\/wp-content\/uploads\/2025\/06\/53763_2.jpg","contentUrl":"https:\/\/ironsky.pl\/sklep\/wp-content\/uploads\/2025\/06\/53763_2.jpg","width":800,"height":800},{"@type":"BreadcrumbList","@id":"https:\/\/ironsky.pl\/sklep\/produkt\/stacja-zasilania-ecoflow-delta-3-plus-1kwh-panel-400w\/#breadcrumb","itemListElement":[{"@type":"ListItem","position":1,"name":"Strona g\u0142\u00f3wna","item":"https:\/\/ironsky.pl\/sklep\/"},{"@type":"ListItem","position":2,"name":"Wszystkie produkty","item":"https:\/\/ironsky.pl\/sklep\/produkty\/"},{"@type":"ListItem","position":3,"name":"Stacja zasilania ECOFLOW Delta 3 Plus 1kWh + panel 400W"}]},{"@type":"WebSite","@id":"https:\/\/ironsky.pl\/sklep\/#website","url":"https:\/\/ironsky.pl\/sklep\/","name":"IRONSKY.PL Sklep z Dronami","description":"IRONSKY.PL Sklep z Dronami","potentialAction":[{"@type":"SearchAction","target":{"@type":"EntryPoint","urlTemplate":"https:\/\/ironsky.pl\/sklep\/?s={search_term_string}"},"query-input":{"@type":"PropertyValueSpecification","valueRequired":true,"valueName":"search_term_string"}}],"inLanguage":"pl-PL"}]}},"_links":{"self":[{"href":"https:\/\/ironsky.pl\/sklep\/wp-json\/wp\/v2\/product\/60680","targetHints":{"allow":["GET"]}}],"collection":[{"href":"https:\/\/ironsky.pl\/sklep\/wp-json\/wp\/v2\/product"}],"about":[{"href":"https:\/\/ironsky.pl\/sklep\/wp-json\/wp\/v2\/types\/product"}],"replies":[{"embeddable":true,"href":"https:\/\/ironsky.pl\/sklep\/wp-json\/wp\/v2\/comments?post=60680"}],"wp:featuredmedia":[{"embeddable":true,"href":"https:\/\/ironsky.pl\/sklep\/wp-json\/wp\/v2\/media\/47924"}],"wp:attachment":[{"href":"https:\/\/ironsky.pl\/sklep\/wp-json\/wp\/v2\/media?parent=60680"}],"wp:term":[{"taxonomy":"product_brand","embeddable":true,"href":"https:\/\/ironsky.pl\/sklep\/wp-json\/wp\/v2\/product_brand?post=60680"},{"taxonomy":"product_cat","embeddable":true,"href":"https:\/\/ironsky.pl\/sklep\/wp-json\/wp\/v2\/product_cat?post=60680"},{"taxonomy":"product_tag","embeddable":true,"href":"https:\/\/ironsky.pl\/sklep\/wp-json\/wp\/v2\/product_tag?post=60680"}],"curies":[{"name":"wp","href":"https:\/\/api.w.org\/{rel}","templated":true}]}}