{"id":60671,"date":"2026-04-15T11:05:17","date_gmt":"2026-04-15T09:05:17","guid":{"rendered":"https:\/\/ironsky.pl\/sklep\/produkt\/stacja-zasilania-ecoflow-delta-3-1kwh-panel-400w\/"},"modified":"2026-04-15T11:05:59","modified_gmt":"2026-04-15T09:05:59","slug":"stacja-zasilania-ecoflow-delta-3-1kwh-panel-400w","status":"publish","type":"product","link":"https:\/\/ironsky.pl\/sklep\/produkt\/stacja-zasilania-ecoflow-delta-3-1kwh-panel-400w\/","title":{"rendered":"Stacja zasilania ECOFLOW DELTA 3 1kWh + panel 400W"},"content":{"rendered":"<h3>Zestaw: Stacja zasilania EcoFlow Delta 3 + panel fotowoltaiczny 400W<\/h3>\n<p>Zapewnij sobie niezawodny dost\u0119p do pr\u0105du w niemal ka\u017cdej sytuacji! Przeno\u015bna stacja zasilania EcoFlow DELTA 3 wyr\u00f3\u017cnia si\u0119 pojemno\u015bci\u0105 a\u017c 1 kWh (z mo\u017cliwo\u015bci\u0105 rozszerzenia do 5 kWh) i oferuje moc do 1800 W (do 2400 W w trybie X-Boost). Mo\u017ce by\u0107 \u0142adowana na kilka sposob\u00f3w i cechuje si\u0119 du\u017c\u0105 wytrzyma\u0142o\u015bci\u0105, a ponadto pracuje wyj\u0105tkowo cicho \u2013 jej poziom ha\u0142asu nie przekracza 30 dB (przy 600 W). Sprawdzi si\u0119 r\u00f3wnie\u017c w roli UPS \u2013 prze\u0142\u0105cza si\u0119 na zasilanie awaryjne w ci\u0105gu zaledwie 10 ms. Co wi\u0119cej, wygodne zarz\u0105dzanie stacj\u0105 umo\u017cliwia dedykowana aplikacja EcoFlow. W sk\u0142ad zestawu wchodzi tak\u017ce panel fotowoltaiczny o mocy 400 W.<\/p>\n<p>\n<img decoding=\"async\" src=\"https:\/\/assets.innpro.pl\/17026\/22298\/11 \u2014 kopia.jpg\" border=\"0\" alt=\"Sk\u0142adany panel s\u0142oneczny ustawiony obok przeno\u015bnej stacji zasilania EcoFlow z czterema gniazdami\" \/>\n<\/p>\n<h3>Na\u0142adujesz j\u0105 na kilka sposob\u00f3w<\/h3>\n<p>Dzi\u0119ki r\u00f3\u017cnym opcjom \u0142adowania bez problemu przygotujesz stacj\u0119 do pracy niezale\u017cnie od okoliczno\u015bci. Mo\u017cesz na przyk\u0142ad na\u0142adowa\u0107 j\u0105 za pomoc\u0105 gniazda AC \u2013 technologia X-Stream sprawia, \u017ce potrwa to tylko oko\u0142o 56 minut! Chcesz pod\u0142adowa\u0107 DELT\u0118 3 podczas kempingu lub w ogrodzie? Dzi\u0119ki obs\u0142udze paneli fotowoltaicznych o mocy do 500 W mo\u017cesz skorzysta\u0107 z do\u0142\u0105czonego do zestawu panelu 400 W! Istnieje r\u00f3wnie\u017c mo\u017cliwo\u015b\u0107 na\u0142adowania stacji za pomoc\u0105 alternatora w samochodzie (ju\u017c w oko\u0142o 1,3 godziny) lub generatora pr\u0105du. Mo\u017cesz te\u017c po\u0142\u0105czy\u0107 \u0142adowanie przy u\u017cyciu gniazda i energii s\u0142onecznej, aby przygotowa\u0107 DELT\u0118 3 do dzia\u0142ania w oko\u0142o 56 minut.<\/p>\n<p>\n<img decoding=\"async\" src=\"https:\/\/assets.innpro.pl\/17026\/22298\/2.jpg\" border=\"0\" alt=\"Widok boczny przeno\u015bnej stacji zasilania EcoFlow na jasnym tle\" \/>\n<\/p>\n<h3>Zasili a\u017c 99% powszechnie u\u017cywanych urz\u0105dze\u0144<\/h3>\n<p>Wyjazd na biwak, podr\u00f3\u017c kamperem, a mo\u017ce niespodziewana awaria pr\u0105du? DELTA 3 sprawdzi si\u0119 w tych i wielu innych sytuacjach! Stacja oferuje moc wyj\u015bciow\u0105 si\u0119gaj\u0105c\u0105 1800 W, a w trybie X-Boost poradzi sobie z obci\u0105\u017ceniem do 2400 W. Dzi\u0119ki temu mo\u017ce bez problemu zasili\u0107 wi\u0119kszo\u015b\u0107 popularnych urz\u0105dze\u0144, takich jak smartfony, komputery, routery, lod\u00f3wki, a nawet mikrofal\u00f3wki i czajniki.<\/p>\n<p>\n<img decoding=\"async\" src=\"https:\/\/assets.innpro.pl\/17026\/22298\/3.jpg\" border=\"0\" alt=\"Widok z przodu przeno\u015bnej stacji zasilania EcoFlow z czterema gniazdami i ekranem LCD\" \/>\n<\/p>\n<h3>Pod\u0142\u0105cz nawet 11 urz\u0105dze\u0144 jednocze\u015bnie<\/h3>\n<p>Stacja zosta\u0142a wyposa\u017cona w wiele r\u00f3\u017cnych port\u00f3w \u2013 do dyspozycji masz cztery gniazda AC, dwa porty USB-A (do 18 W ka\u017cdy), dwa porty USB-C (do 100 W ka\u017cdy), jedno wyj\u015bcie samochodowe (12,6 V, 126 W) i dwa porty DC5521 (12,6 V, do 3 A). Mo\u017cesz wi\u0119c pod\u0142\u0105czy\u0107 do niej a\u017c 11 urz\u0105dze\u0144 jednocze\u015bnie! Po\u017cegnaj ograniczenia i ciesz si\u0119 niezawodn\u0105 prac\u0105 potrzebnych sprz\u0119t\u00f3w.<\/p>\n<p>\n<img decoding=\"async\" src=\"https:\/\/assets.innpro.pl\/17026\/22298\/4.jpg\" border=\"0\" alt=\"Tylny panel przeno\u015bnej stacji zasilania EcoFlow z portami wej\u015bcia i wyj\u015bcia\" \/>\n<\/p>\n<h3>Nie zak\u0142\u00f3ci Twojego spokoju<\/h3>\n<p>Mimo pot\u0119\u017cnych mo\u017cliwo\u015bci stacja pracuje zaskakuj\u0105co cicho. Przy obci\u0105\u017ceniu 600 W jej poziom ha\u0142asu nie przekracza 30 dB \u2013 to tyle samo, ile w przypadku szeptu lub tykania zegara! Dzi\u0119ki temu mo\u017cesz bez przeszk\u00f3d korzysta\u0107 z niej nawet w nocy \u2013 nie b\u0119dzie zak\u0142\u00f3ca\u0107 Twojego spokoju.<\/p>\n<p>\n<img decoding=\"async\" src=\"https:\/\/assets.innpro.pl\/17026\/22298\/9.jpg\" border=\"0\" alt=\"Dwie przeno\u015bne stacje zasilania EcoFlow ustawione obok siebie\" \/>\n<\/p>\n<h3>Przygotuj si\u0119 na awarie zasilania dzi\u0119ki funkcji UPS<\/h3>\n<p>Z EcoFlow DELTA 3 niestraszne Ci b\u0119d\u0105 niespodziewane przerwy w dostawie pr\u0105du. Stacja oferuje funkcj\u0119 UPS i mo\u017ce prze\u0142\u0105czy\u0107 si\u0119 na zasilanie awaryjne w ci\u0105gu zaledwie 10 ms! Dzi\u0119ki temu jest w stanie zapewni\u0107 nieprzerwane dzia\u0142anie takich urz\u0105dze\u0144 jak na przyk\u0142ad komputery, serwery NAS czy drukarki 3D. Ju\u017c nie musisz obawia\u0107 si\u0119 utraty danych czy uszkodzenia swoich sprz\u0119t\u00f3w!<\/p>\n<p>\n<img decoding=\"async\" src=\"https:\/\/assets.innpro.pl\/17026\/22298\/10.jpg\" border=\"0\" alt=\"Boczne widoki dw\u00f3ch przeno\u015bnych stacji zasilania EcoFlow na jasnym tle\" \/>\n<\/p>\n<h3>Dodatkowe mo\u017cliwo\u015bci z aplikacj\u0105<\/h3>\n<p>Po\u0142\u0105cz stacj\u0119 z aplikacj\u0105 EcoFlow i zyskaj jeszcze wi\u0119cej mo\u017cliwo\u015bci. Za jej pomoc\u0105 mo\u017cesz na przyk\u0142ad wygodnie monitorowa\u0107 najwa\u017cniejsze parametry urz\u0105dzenia. Dost\u0119pna jest r\u00f3wnie\u017c funkcja ostrzegania przed burz\u0105 oraz specjalne tryby TOU (Time of Use), kt\u00f3re optymalizuj\u0105 zu\u017cycie energii \u2013 dzi\u0119ki temu zaoszcz\u0119dzisz na rachunkach! Ponadto aplikacja b\u0119dzie wysy\u0142a\u0107 Ci powiadomienia dotycz\u0105ce ewentualnych przerw w dostawie pr\u0105du i pracy UPS.<\/p>\n<p>\n<img decoding=\"async\" src=\"https:\/\/assets.innpro.pl\/17026\/22298\/7.jpg\" border=\"0\" alt=\"Zbli\u017cenie na przedni panel jednej stacji i boczny panel drugiej \u2014 produkty EcoFlow\" \/>\n<\/p>\n<h3>Inwestycja na d\u0142ugie lata<\/h3>\n<p>DELTA 3 zosta\u0142a wyposa\u017cona w wydajny i wytrzyma\u0142y akumulator LiFePO4 (40135), kt\u00f3ry wyr\u00f3\u017cnia si\u0119 \u017cywotno\u015bci\u0105 na poziomie a\u017c 4000 cykli (do 80% pojemno\u015bci). To przek\u0142ada si\u0119 na oko\u0142o 10 lat u\u017cytkowania! Nie musisz te\u017c obawia\u0107 si\u0119 szybkiego uszkodzenia stacji. Klasa szczelno\u015bci IP65 gwarantuje jej odporno\u015b\u0107 na wod\u0119 i py\u0142, a ochrona przed propagacj\u0105 termiczn\u0105 zapobiega zagro\u017ceniom takim jak na przyk\u0142ad po\u017car. DELTA 3 korzysta r\u00f3wnie\u017c z inteligentnego systemu BMS, kt\u00f3ry zarz\u0105dza prac\u0105 akumulatora i zapewnia jego niezawodne dzia\u0142anie.<\/p>\n<p>\n<img decoding=\"async\" src=\"https:\/\/assets.innpro.pl\/17026\/22298\/5.jpg\" border=\"0\" alt=\"Widok por\u00f3wnawczy przodu i ty\u0142u przeno\u015bnej stacji zasilania EcoFlow\" \/>\n<\/p>\n<h3>Du\u017ca pojemno\u015b\u0107 z mo\u017cliwo\u015bci\u0105 rozszerzenia<\/h3>\n<p>Pojemno\u015b\u0107 stacji DELTA 3 wynosi a\u017c 1 kWh \u2013 to wystarczaj\u0105co du\u017co, aby zasila\u0107 wybrane urz\u0105dzenia przez bardzo d\u0142ugi czas! Mo\u017cesz te\u017c rozszerzy\u0107 j\u0105 do 5 kWh \u2013 wystarczy skorzysta\u0107 z dodatkowego akumulatora do DELTY 3 (1 kW), DELTY 2 Max (2 kW) lub DELTY Pro 3 (4 kW). Ju\u017c nie musisz si\u0119 martwi\u0107, \u017ce potrzebnym Ci sprz\u0119tom zabraknie energii do dzia\u0142ania!<\/p>\n<p>\n<img decoding=\"async\" src=\"https:\/\/assets.innpro.pl\/17026\/22298\/8.jpg\" border=\"0\" alt=\"Zbli\u017cenie na porty wej\u015bcia, gniazda i ekran stacji EcoFlow pokazuj\u0105ce szczeg\u00f3\u0142y konstrukcji\" \/>\n<\/p>\n<h3>Bezproblemowy transport<\/h3>\n<p>Stacja wa\u017cy oko\u0142o 12,5 kg, a jej wymiary to 398 x 200 x 284 mm. Jej transport nie sprawi Ci \u017cadnych trudno\u015bci \u2013 z \u0142atwo\u015bci\u0105 przeniesiesz j\u0105 z miejsca na miejsce lub zabierzesz na wyjazd! Dzi\u0119ki niewielkiej konstrukcji DELTA 3 bez problemu zmie\u015bci si\u0119 nawet w w\u0105skich, ograniczonych przestrzeniach, na przyk\u0142ad w samochodzie.<\/p>\n<p>\n<img decoding=\"async\" src=\"https:\/\/assets.innpro.pl\/17026\/22298\/6.jpg\" border=\"0\" alt=\"Widok zestawiony z boku i z przodu przeno\u015bnej stacji zasilania EcoFlow na szarym tle\" \/>\n<\/p>\n<h3>Panel 400 W w zestawie<\/h3>\n<p>Do zestawu do\u0142\u0105czono panel fotowoltaiczny EcoFlow NextGen, kt\u00f3ry dysponuje moc\u0105 400 W i wykorzystuje monokrystaliczne ogniwa N Type TOPCon o sprawno\u015bci 25%. Dzi\u0119ki temu sprawnie \u0142aduje stacje zasilania nawet przy s\u0142abszym nas\u0142onecznieniu. Lekka konstrukcja (10,2 kg) z mo\u017cliwo\u015bci\u0105 sk\u0142adania sprawia, \u017ce panel jest mobilny i \u0142atwy w transporcie, idealny do zastosowania w ogrodzie, na kempingu czy podczas podr\u00f3\u017cy. Klasa szczelno\u015bci IP68 zapewnia ochron\u0119 przed py\u0142em i wod\u0105, a wytrzyma\u0142a obudowa skutecznie zabezpiecza ogniwa. Po z\u0142o\u017ceniu panel zajmuje niewiele miejsca (659 \u00d7 967 \u00d7 36 mm), co u\u0142atwia przechowywanie i przewo\u017cenie. Z\u0142\u0105cze XT60 gwarantuje szybkie oraz bezpieczne pod\u0142\u0105czenie do stacji EcoFlow i kompatybilnych magazyn\u00f3w energii.<\/p>\n<p>\n<img decoding=\"async\" src=\"https:\/\/assets.innpro.pl\/17026\/22298\/16.jpg\" border=\"0\" alt=\"Sk\u0142adany czarny panel s\u0142oneczny ustawiony pod k\u0105tem na jasnym tle\" \/>\n<\/p>\n<h3>W zestawie<\/h3>\n<ul class=\"list-disc pl-5\">\n<li>Przeno\u015bna stacja zasilania EcoFlow Delta 3<\/li>\n<li>Panel fotowoltaiczny 400 W<\/li>\n<li>Torba transportowa i podp\u00f3rka w jednym<\/li>\n<li>Instrukcja obs\u0142ugi<\/li>\n<\/ul>\n<div class=\"table-wrapper\">\n<p>\u00a0<\/p>\n<h3>Og\u00f3lne<\/h3>\n<table>\n<tbody>\n<tr>\n<th>Producent<\/th>\n<td>EcoFlow<\/td>\n<\/tr>\n<tr>\n<th>Model<\/th>\n<td>DELTA 3<\/td>\n<\/tr>\n<tr>\n<th>Kolor<\/th>\n<td>Srebrny i szary<\/td>\n<\/tr>\n<tr>\n<th>Pojemno\u015b\u0107<\/th>\n<td>1024 Wh<\/td>\n<\/tr>\n<tr>\n<th>Waga<\/th>\n<td>\u2264 12,5 kg<\/td>\n<\/tr>\n<tr>\n<th>Wymiary<\/th>\n<td>398 x 200 x 284 mm<\/td>\n<\/tr>\n<tr>\n<th>Aplikacja <\/th>\n<td>Tak (TOU, ostrze\u017cenie przed burz\u0105)<\/td>\n<\/tr>\n<tr>\n<th>Mo\u017cliwo\u015b\u0107 rozszerzenia pojemno\u015bci<\/th>\n<td>Tak, do 5 kWh (kompatybilno\u015b\u0107 z dodatkowymi akumulatorami do EcoFlow DELTA 3, DELTA 2 Max, DELTA Pro 3)<\/td>\n<\/tr>\n<\/tbody>\n<\/table>\n<p>\u00a0<\/p>\n<h3>Wyj\u015bcia<\/h3>\n<table>\n<tbody>\n<tr>\n<th>\u0141\u0105czna liczba port\u00f3w wyj\u015bciowych <\/th>\n<td>11<\/td>\n<\/tr>\n<tr>\n<th>AC<\/th>\n<td>4x 1800 W (maks. moc chwilowa 3600 W)<\/td>\n<\/tr>\n<tr>\n<th>Maks. moc z X-Boost<\/th>\n<td>2400 W<\/td>\n<\/tr>\n<tr>\n<th>USB-A (do szybkiego \u0142adowania)<\/th>\n<td>2x 18 W maks.<\/td>\n<\/tr>\n<tr>\n<th>USB-C<\/th>\n<td>2x 100 W maks.<\/td>\n<\/tr>\n<tr>\n<th>Wyj\u015bcie samochodowe<\/th>\n<td>12,6 V 10 A, 126 W maks.<\/td>\n<\/tr>\n<tr>\n<th>Wyj\u015bcie DC 5521<\/th>\n<td>2x 12,6 V, 3 A maks.<\/td>\n<\/tr>\n<\/tbody>\n<\/table>\n<p>\u00a0<\/p>\n<h3>Wej\u015bcia<\/h3>\n<table>\n<tbody>\n<tr>\n<th>\u0141adowanie AC<\/th>\n<td>1500 W (ok. 56 min)<\/td>\n<\/tr>\n<tr>\n<th>\u0141adowanie za pomoc\u0105 paneli fotowoltaicznych<\/th>\n<td>Wej\u015bcie DC 11-60 V, 1x 500 W maks. (ok. 130 min)<\/td>\n<\/tr>\n<tr>\n<th>\u0141adowanie za pomoc\u0105 Smart Generatora<\/th>\n<td>1500 W (ok. 56 min)<\/td>\n<\/tr>\n<tr>\n<th>\u0141adowanie w samochodzie<\/th>\n<td>800 W (ok. 1,3 h)<\/td>\n<\/tr>\n<tr>\n<th>\u0141adowanie AC + panele fotowoltaiczne<\/th>\n<td>1500 W (ok. 56 min)<\/td>\n<\/tr>\n<\/tbody>\n<\/table>\n<p>\u00a0<\/p>\n<h3>Akumulator<\/h3>\n<table>\n<tbody>\n<tr>\n<th>Rodzaj<\/th>\n<td>LFP<\/td>\n<\/tr>\n<tr>\n<th>\u017bywotno\u015b\u0107<\/th>\n<td>Ok. 4000 cykli \u0142adowania (do 80% pojemno\u015bci)<\/td>\n<\/tr>\n<\/tbody>\n<\/table>\n<p>\u00a0<\/p>\n<h3>Inne<\/h3>\n<table>\n<tbody>\n<tr>\n<th>Klasa szczelno\u015bci akumulatora<\/th>\n<td>IP65<\/td>\n<\/tr>\n<tr>\n<th>UPS<\/th>\n<td>&lt; 10 ms<\/td>\n<\/tr>\n<tr>\n<th>Poziom ha\u0142asu<\/th>\n<td>&lt; 30 dB (przy obci\u0105\u017ceniu 600 W) \/ &lt; 40 dB (przy obci\u0105\u017ceniu 1200 W)<\/td>\n<\/tr>\n<\/tbody>\n<\/table>\n<p>\u00a0<\/p>\n<h3>Panel fotowoltaiczny<\/h3>\n<table>\n<tbody>\n<tr>\n<th>Producent<\/th>\n<td>EcoFlow<\/td>\n<\/tr>\n<tr>\n<th>Nazwa<\/th>\n<td>400W Lightweight Portable Solar Panel<\/td>\n<\/tr>\n<tr>\n<th>Model<\/th>\n<td>EFSOLARLIGHT400W-P-D<\/td>\n<\/tr>\n<tr>\n<th>Moc znamionowa<\/th>\n<td>400 W (\u00b15 W)<\/td>\n<\/tr>\n<tr>\n<th>Rodzaj ogniw<\/th>\n<td>Monokrystaliczne ogniwa N Type TOPCon<\/td>\n<\/tr>\n<tr>\n<th>Sprawno\u015b\u0107<\/th>\n<td>25%<\/td>\n<\/tr>\n<tr>\n<th>Waga<\/th>\n<td>Ok. 10,2 kg<\/td>\n<\/tr>\n<tr>\n<th>Wymiary (po roz\u0142o\u017ceniu)<\/th>\n<td>2509 \u00d7 967 \u00d7 26 mm<\/td>\n<\/tr>\n<tr>\n<th>Wymiary (po z\u0142o\u017ceniu)<\/th>\n<td>659 \u00d7 967 \u00d7 36 mm<\/td>\n<\/tr>\n<tr>\n<th>Rodzaj z\u0142\u0105cza<\/th>\n<td>XT60<\/td>\n<\/tr>\n<tr>\n<th>Napi\u0119cie obwodu otwartego<\/th>\n<td>39,3 V (Vpm 34,5 V)<\/td>\n<\/tr>\n<tr>\n<th>Pr\u0105d zwarciowy<\/th>\n<td>12,2 A (Ipm 11,7 A)<\/td>\n<\/tr>\n<tr>\n<th>Klasa szczelno\u015bci<\/th>\n<td>IP68<\/td>\n<\/tr>\n<\/tbody>\n<\/table>\n<\/div>\n","protected":false},"excerpt":{"rendered":"<p>Zestaw: Stacja zasilania EcoFlow Delta 3 + panel fotowoltaiczny 400W Zapewnij sobie niezawodny dost\u0119p do pr\u0105du w niemal ka\u017cdej sytuacji!<\/p>\n","protected":false},"featured_media":47909,"comment_status":"closed","ping_status":"open","template":"","meta":{"_acf_changed":false},"product_brand":[],"product_cat":[1108,6199,1111],"product_tag":[],"class_list":{"0":"post-60671","1":"product","2":"type-product","3":"status-publish","4":"has-post-thumbnail","6":"product_cat-energia","7":"product_cat-stacje-zasilania-stacje-zasilania","8":"product_cat-stacje-zasilania","9":"pa_60-m-5771","10":"pa_producent-ecoflow","12":"first","13":"outofstock","14":"taxable","15":"shipping-taxable","16":"purchasable","17":"product-type-simple"},"acf":[],"yoast_head":"<!-- This site is optimized with the Yoast SEO plugin v27.2 - https:\/\/yoast.com\/product\/yoast-seo-wordpress\/ -->\n<title>Stacja zasilania ECOFLOW DELTA 3 1kWh + panel 400W - IRONSKY.PL Sklep z Dronami<\/title>\n<meta name=\"description\" content=\"Stacja zasilania ECOFLOW DELTA 3 1kWh + panel 400W - \u2705 sklep z dronami i fachowym doradztwem. \u2705 Tutaj kupisz produkty DJI, Yuneec, Parrot, Syma i wiele innych, a tak\u017ce kursy i licencje na operatora drona.\" \/>\n<meta name=\"robots\" content=\"index, follow, max-snippet:-1, max-image-preview:large, max-video-preview:-1\" \/>\n<link rel=\"canonical\" href=\"https:\/\/ironsky.pl\/sklep\/produkt\/stacja-zasilania-ecoflow-delta-3-1kwh-panel-400w\/\" \/>\n<meta property=\"og:locale\" content=\"pl_PL\" \/>\n<meta property=\"og:type\" content=\"article\" \/>\n<meta property=\"og:title\" content=\"Stacja zasilania ECOFLOW DELTA 3 1kWh + panel 400W - IRONSKY.PL Sklep z Dronami\" \/>\n<meta property=\"og:description\" content=\"Stacja zasilania ECOFLOW DELTA 3 1kWh + panel 400W - \u2705 sklep z dronami i fachowym doradztwem. \u2705 Tutaj kupisz produkty DJI, Yuneec, Parrot, Syma i wiele innych, a tak\u017ce kursy i licencje na operatora drona.\" \/>\n<meta property=\"og:url\" content=\"https:\/\/ironsky.pl\/sklep\/produkt\/stacja-zasilania-ecoflow-delta-3-1kwh-panel-400w\/\" \/>\n<meta property=\"og:site_name\" content=\"IRONSKY.PL Sklep z Dronami\" \/>\n<meta property=\"article:modified_time\" content=\"2026-04-15T09:05:59+00:00\" \/>\n<meta property=\"og:image\" content=\"https:\/\/ironsky.pl\/sklep\/wp-content\/uploads\/2025\/06\/53759_3.jpg\" \/>\n\t<meta property=\"og:image:width\" content=\"800\" \/>\n\t<meta property=\"og:image:height\" content=\"800\" \/>\n\t<meta property=\"og:image:type\" content=\"image\/jpeg\" \/>\n<meta name=\"twitter:card\" content=\"summary_large_image\" \/>\n<meta name=\"twitter:label1\" content=\"Szacowany czas czytania\" \/>\n\t<meta name=\"twitter:data1\" content=\"6 minut\" \/>\n<script type=\"application\/ld+json\" class=\"yoast-schema-graph\">{\"@context\":\"https:\/\/schema.org\",\"@graph\":[{\"@type\":\"WebPage\",\"@id\":\"https:\/\/ironsky.pl\/sklep\/produkt\/stacja-zasilania-ecoflow-delta-3-1kwh-panel-400w\/\",\"url\":\"https:\/\/ironsky.pl\/sklep\/produkt\/stacja-zasilania-ecoflow-delta-3-1kwh-panel-400w\/\",\"name\":\"Stacja zasilania ECOFLOW DELTA 3 1kWh + panel 400W - IRONSKY.PL Sklep z Dronami\",\"isPartOf\":{\"@id\":\"https:\/\/ironsky.pl\/sklep\/#website\"},\"primaryImageOfPage\":{\"@id\":\"https:\/\/ironsky.pl\/sklep\/produkt\/stacja-zasilania-ecoflow-delta-3-1kwh-panel-400w\/#primaryimage\"},\"image\":{\"@id\":\"https:\/\/ironsky.pl\/sklep\/produkt\/stacja-zasilania-ecoflow-delta-3-1kwh-panel-400w\/#primaryimage\"},\"thumbnailUrl\":\"https:\/\/ironsky.pl\/sklep\/wp-content\/uploads\/2025\/06\/53759_3.jpg\",\"datePublished\":\"2026-04-15T09:05:17+00:00\",\"dateModified\":\"2026-04-15T09:05:59+00:00\",\"description\":\"Stacja zasilania ECOFLOW DELTA 3 1kWh + panel 400W - \u2705 sklep z dronami i fachowym doradztwem. \u2705 Tutaj kupisz produkty DJI, Yuneec, Parrot, Syma i wiele innych, a tak\u017ce kursy i licencje na operatora drona.\",\"breadcrumb\":{\"@id\":\"https:\/\/ironsky.pl\/sklep\/produkt\/stacja-zasilania-ecoflow-delta-3-1kwh-panel-400w\/#breadcrumb\"},\"inLanguage\":\"pl-PL\",\"potentialAction\":[{\"@type\":\"ReadAction\",\"target\":[\"https:\/\/ironsky.pl\/sklep\/produkt\/stacja-zasilania-ecoflow-delta-3-1kwh-panel-400w\/\"]}]},{\"@type\":\"ImageObject\",\"inLanguage\":\"pl-PL\",\"@id\":\"https:\/\/ironsky.pl\/sklep\/produkt\/stacja-zasilania-ecoflow-delta-3-1kwh-panel-400w\/#primaryimage\",\"url\":\"https:\/\/ironsky.pl\/sklep\/wp-content\/uploads\/2025\/06\/53759_3.jpg\",\"contentUrl\":\"https:\/\/ironsky.pl\/sklep\/wp-content\/uploads\/2025\/06\/53759_3.jpg\",\"width\":800,\"height\":800},{\"@type\":\"BreadcrumbList\",\"@id\":\"https:\/\/ironsky.pl\/sklep\/produkt\/stacja-zasilania-ecoflow-delta-3-1kwh-panel-400w\/#breadcrumb\",\"itemListElement\":[{\"@type\":\"ListItem\",\"position\":1,\"name\":\"Strona g\u0142\u00f3wna\",\"item\":\"https:\/\/ironsky.pl\/sklep\/\"},{\"@type\":\"ListItem\",\"position\":2,\"name\":\"Wszystkie produkty\",\"item\":\"https:\/\/ironsky.pl\/sklep\/produkty\/\"},{\"@type\":\"ListItem\",\"position\":3,\"name\":\"Stacja zasilania ECOFLOW DELTA 3 1kWh + panel 400W\"}]},{\"@type\":\"WebSite\",\"@id\":\"https:\/\/ironsky.pl\/sklep\/#website\",\"url\":\"https:\/\/ironsky.pl\/sklep\/\",\"name\":\"IRONSKY.PL Sklep z Dronami\",\"description\":\"IRONSKY.PL Sklep z Dronami\",\"potentialAction\":[{\"@type\":\"SearchAction\",\"target\":{\"@type\":\"EntryPoint\",\"urlTemplate\":\"https:\/\/ironsky.pl\/sklep\/?s={search_term_string}\"},\"query-input\":{\"@type\":\"PropertyValueSpecification\",\"valueRequired\":true,\"valueName\":\"search_term_string\"}}],\"inLanguage\":\"pl-PL\"}]}<\/script>\n<!-- \/ Yoast SEO plugin. -->","yoast_head_json":{"title":"Stacja zasilania ECOFLOW DELTA 3 1kWh + panel 400W - IRONSKY.PL Sklep z Dronami","description":"Stacja zasilania ECOFLOW DELTA 3 1kWh + panel 400W - \u2705 sklep z dronami i fachowym doradztwem. \u2705 Tutaj kupisz produkty DJI, Yuneec, Parrot, Syma i wiele innych, a tak\u017ce kursy i licencje na operatora drona.","robots":{"index":"index","follow":"follow","max-snippet":"max-snippet:-1","max-image-preview":"max-image-preview:large","max-video-preview":"max-video-preview:-1"},"canonical":"https:\/\/ironsky.pl\/sklep\/produkt\/stacja-zasilania-ecoflow-delta-3-1kwh-panel-400w\/","og_locale":"pl_PL","og_type":"article","og_title":"Stacja zasilania ECOFLOW DELTA 3 1kWh + panel 400W - IRONSKY.PL Sklep z Dronami","og_description":"Stacja zasilania ECOFLOW DELTA 3 1kWh + panel 400W - \u2705 sklep z dronami i fachowym doradztwem. \u2705 Tutaj kupisz produkty DJI, Yuneec, Parrot, Syma i wiele innych, a tak\u017ce kursy i licencje na operatora drona.","og_url":"https:\/\/ironsky.pl\/sklep\/produkt\/stacja-zasilania-ecoflow-delta-3-1kwh-panel-400w\/","og_site_name":"IRONSKY.PL Sklep z Dronami","article_modified_time":"2026-04-15T09:05:59+00:00","og_image":[{"width":800,"height":800,"url":"https:\/\/ironsky.pl\/sklep\/wp-content\/uploads\/2025\/06\/53759_3.jpg","type":"image\/jpeg"}],"twitter_card":"summary_large_image","twitter_misc":{"Szacowany czas czytania":"6 minut"},"schema":{"@context":"https:\/\/schema.org","@graph":[{"@type":"WebPage","@id":"https:\/\/ironsky.pl\/sklep\/produkt\/stacja-zasilania-ecoflow-delta-3-1kwh-panel-400w\/","url":"https:\/\/ironsky.pl\/sklep\/produkt\/stacja-zasilania-ecoflow-delta-3-1kwh-panel-400w\/","name":"Stacja zasilania ECOFLOW DELTA 3 1kWh + panel 400W - IRONSKY.PL Sklep z Dronami","isPartOf":{"@id":"https:\/\/ironsky.pl\/sklep\/#website"},"primaryImageOfPage":{"@id":"https:\/\/ironsky.pl\/sklep\/produkt\/stacja-zasilania-ecoflow-delta-3-1kwh-panel-400w\/#primaryimage"},"image":{"@id":"https:\/\/ironsky.pl\/sklep\/produkt\/stacja-zasilania-ecoflow-delta-3-1kwh-panel-400w\/#primaryimage"},"thumbnailUrl":"https:\/\/ironsky.pl\/sklep\/wp-content\/uploads\/2025\/06\/53759_3.jpg","datePublished":"2026-04-15T09:05:17+00:00","dateModified":"2026-04-15T09:05:59+00:00","description":"Stacja zasilania ECOFLOW DELTA 3 1kWh + panel 400W - \u2705 sklep z dronami i fachowym doradztwem. \u2705 Tutaj kupisz produkty DJI, Yuneec, Parrot, Syma i wiele innych, a tak\u017ce kursy i licencje na operatora drona.","breadcrumb":{"@id":"https:\/\/ironsky.pl\/sklep\/produkt\/stacja-zasilania-ecoflow-delta-3-1kwh-panel-400w\/#breadcrumb"},"inLanguage":"pl-PL","potentialAction":[{"@type":"ReadAction","target":["https:\/\/ironsky.pl\/sklep\/produkt\/stacja-zasilania-ecoflow-delta-3-1kwh-panel-400w\/"]}]},{"@type":"ImageObject","inLanguage":"pl-PL","@id":"https:\/\/ironsky.pl\/sklep\/produkt\/stacja-zasilania-ecoflow-delta-3-1kwh-panel-400w\/#primaryimage","url":"https:\/\/ironsky.pl\/sklep\/wp-content\/uploads\/2025\/06\/53759_3.jpg","contentUrl":"https:\/\/ironsky.pl\/sklep\/wp-content\/uploads\/2025\/06\/53759_3.jpg","width":800,"height":800},{"@type":"BreadcrumbList","@id":"https:\/\/ironsky.pl\/sklep\/produkt\/stacja-zasilania-ecoflow-delta-3-1kwh-panel-400w\/#breadcrumb","itemListElement":[{"@type":"ListItem","position":1,"name":"Strona g\u0142\u00f3wna","item":"https:\/\/ironsky.pl\/sklep\/"},{"@type":"ListItem","position":2,"name":"Wszystkie produkty","item":"https:\/\/ironsky.pl\/sklep\/produkty\/"},{"@type":"ListItem","position":3,"name":"Stacja zasilania ECOFLOW DELTA 3 1kWh + panel 400W"}]},{"@type":"WebSite","@id":"https:\/\/ironsky.pl\/sklep\/#website","url":"https:\/\/ironsky.pl\/sklep\/","name":"IRONSKY.PL Sklep z Dronami","description":"IRONSKY.PL Sklep z Dronami","potentialAction":[{"@type":"SearchAction","target":{"@type":"EntryPoint","urlTemplate":"https:\/\/ironsky.pl\/sklep\/?s={search_term_string}"},"query-input":{"@type":"PropertyValueSpecification","valueRequired":true,"valueName":"search_term_string"}}],"inLanguage":"pl-PL"}]}},"_links":{"self":[{"href":"https:\/\/ironsky.pl\/sklep\/wp-json\/wp\/v2\/product\/60671","targetHints":{"allow":["GET"]}}],"collection":[{"href":"https:\/\/ironsky.pl\/sklep\/wp-json\/wp\/v2\/product"}],"about":[{"href":"https:\/\/ironsky.pl\/sklep\/wp-json\/wp\/v2\/types\/product"}],"replies":[{"embeddable":true,"href":"https:\/\/ironsky.pl\/sklep\/wp-json\/wp\/v2\/comments?post=60671"}],"wp:featuredmedia":[{"embeddable":true,"href":"https:\/\/ironsky.pl\/sklep\/wp-json\/wp\/v2\/media\/47909"}],"wp:attachment":[{"href":"https:\/\/ironsky.pl\/sklep\/wp-json\/wp\/v2\/media?parent=60671"}],"wp:term":[{"taxonomy":"product_brand","embeddable":true,"href":"https:\/\/ironsky.pl\/sklep\/wp-json\/wp\/v2\/product_brand?post=60671"},{"taxonomy":"product_cat","embeddable":true,"href":"https:\/\/ironsky.pl\/sklep\/wp-json\/wp\/v2\/product_cat?post=60671"},{"taxonomy":"product_tag","embeddable":true,"href":"https:\/\/ironsky.pl\/sklep\/wp-json\/wp\/v2\/product_tag?post=60671"}],"curies":[{"name":"wp","href":"https:\/\/api.w.org\/{rel}","templated":true}]}}