{"id":60624,"date":"2026-04-15T11:05:17","date_gmt":"2026-04-15T09:05:17","guid":{"rendered":"https:\/\/ironsky.pl\/sklep\/produkt\/zestaw-ecoflow-river-3-plus-panel-pv-220w\/"},"modified":"2026-04-15T11:05:35","modified_gmt":"2026-04-15T09:05:35","slug":"zestaw-ecoflow-river-3-plus-panel-pv-220w","status":"publish","type":"product","link":"https:\/\/ironsky.pl\/sklep\/produkt\/zestaw-ecoflow-river-3-plus-panel-pv-220w\/","title":{"rendered":"Zestaw ECOFLOW River 3 Plus + panel PV 220W"},"content":{"rendered":"<h3>Zestaw: Stacja zasilania EcoFlow River 3 Plus + panel fotowoltaiczny 220W<\/h3>\n<p>Kompaktowa stacja zasilania EcoFlow RIVER 3 Plus wyr\u00f3\u017cnia si\u0119 rozszerzaln\u0105 pojemno\u015bci\u0105 i moc\u0105 wyj\u015bciow\u0105 wynosz\u0105c\u0105 600 W, kt\u00f3r\u0105 przy u\u017cyciu trybu X-Boost mo\u017cna zwi\u0119kszy\u0107 do 1200 W. Urz\u0105dzenie wykorzystuje p\u00f3\u0142przewodnik nowej generacji GaN, czyli azotek galu, kt\u00f3ry zapewnia wy\u017csz\u0105 wydajno\u015b\u0107 energetyczn\u0105 i ni\u017csze straty ciep\u0142a w por\u00f3wnaniu do tradycyjnych p\u00f3\u0142przewodnik\u00f3w opartych na krzemie. Dzi\u0119ki lekkiej i wytrzyma\u0142ej konstrukcji produkt sprawdzi si\u0119 podczas wyjazd\u00f3w na \u0142ono natury, zapewniaj\u0105c niezawodne \u017ar\u00f3d\u0142o zasilania dla wszystkich niezb\u0119dnych urz\u0105dze\u0144, nawet z dala od tradycyjnych \u017ar\u00f3de\u0142 energii. W zestawie znajdziesz tak\u017ce panel fotowoltaiczny o mocy 220 W, kt\u00f3ry umo\u017cliwia \u0142adowanie stacji.<\/p>\n<p>\n<img decoding=\"async\" src=\"https:\/\/assets.innpro.pl\/17045\/22319\/2.jpg\" border=\"0\" alt=\"Widok z wn\u0119trza namiotu na zestaw krzese\u0142, stolik z laptopem i stacj\u0105 zasilania EcoFlow oraz panel s\u0142oneczny w g\u00f3rach\" \/>\n<\/p>\n<h3>Wydajno\u015b\u0107, kt\u00f3ra sprosta wyzwaniom<\/h3>\n<p>RIVER 3 Plus zapewnia wsparcie w r\u00f3\u017cnych sytuacjach \u2013 od biwaku w g\u00f3rach po awaryjne zasilanie w domu. Stacja obs\u0142uguje urz\u0105dzenia o mocy do 600 W, a dzi\u0119ki funkcji X-Boost mo\u017ce dostarczy\u0107 nawet 1200 W, umo\u017cliwiaj\u0105c tym samym zasilanie bardziej wymagaj\u0105cych sprz\u0119t\u00f3w, takich jak kuchenki elektryczne, przeno\u015bne lod\u00f3wki czy lampy o du\u017cej mocy.<\/p>\n<p>\n<img decoding=\"async\" src=\"https:\/\/assets.innpro.pl\/17045\/22319\/17.jpg\" border=\"0\" alt=\"M\u0119\u017cczyzna pracuj\u0105cy przy komputerze w nocy, z biurkow\u0105 lampk\u0105 i pod\u0142\u0105czon\u0105 stacj\u0105 zasilania EcoFlow\" \/>\n<\/p>\n<h3>Nowoczesna technologia GaN<\/h3>\n<p>EcoFlow RIVER 3 Plus korzysta z zaawansowanego p\u00f3\u0142przewodnika GaN, co znacz\u0105co wyr\u00f3\u017cnia j\u0105 na tle tradycyjnych stacji zasilania opartych na krzemie. Azotek galu (GaN) zapewnia nie tylko wy\u017csz\u0105 efektywno\u015b\u0107 energetyczn\u0105, ale tak\u017ce lepsze przewodnictwo, dzi\u0119ki czemu minimalizuje ryzyko przegrzewania si\u0119 urz\u0105dzenia i pozwala na zachowanie kompaktowej konstrukcji. Zastosowane rozwi\u0105zanie zapewnia tak\u017ce cich\u0105 prac\u0119 stacji \u2013 generowany poziom ha\u0142asu nie przekracza 30 dB \u2013 mo\u017cesz wi\u0119c swobodnie zasila\u0107 sprz\u0119t tak\u017ce noc\u0105.<\/p>\n<p>\n<img decoding=\"async\" src=\"https:\/\/assets.innpro.pl\/17045\/22319\/15.jpg\" border=\"0\" alt=\"Kobieta \u015bpi\u0105ca w \u0142\u00f3\u017cku obok stolika nocnego z \u0142adowanym telefonem i stacj\u0105 zasilania EcoFlow\" \/>\n<\/p>\n<h3>Rozszerzalna pojemno\u015b\u0107<\/h3>\n<p>Mo\u017cesz zwi\u0119kszy\u0107 bazow\u0105 pojemno\u015b\u0107 EcoFlow RIVER 3 Plus (286 Wh), u\u017cywaj\u0105c akumulatora EB300 o pojemno\u015bci 286 Wh lub EB600 oferuj\u0105cego 572 Wh. Dzi\u0119ki technologii Pogo Pin nie musisz korzysta\u0107 z kabli czy narz\u0119dzi.<\/p>\n<p>\n<img decoding=\"async\" src=\"https:\/\/assets.innpro.pl\/17045\/22319\/10.jpg\" border=\"0\" alt=\"M\u0119\u017cczyzna pracuj\u0105cy w jasnym biurze z komputerem, routerem i stacj\u0105 zasilania EcoFlow pod\u0142\u0105czon\u0105 do urz\u0105dze\u0144\" \/>\n<\/p>\n<h3>Gotowo\u015b\u0107 na ka\u017cde wyzwanie<\/h3>\n<p>Pod\u0142\u0105cz do stacji wiele urz\u0105dze\u0144 jednocze\u015bnie. EcoFlow RIVER 3 Plus oferuje trzy gniazda AC o mocy wyj\u015bciowej 600 W, kt\u00f3ra mo\u017ce zosta\u0107 zwi\u0119kszona do 1200 W dzi\u0119ki trybowi X-Boost, a tak\u017ce dwa porty USB-A o \u0142\u0105cznej mocy 24 W, idealne do \u0142adowania smartfon\u00f3w i mniejszych urz\u0105dze\u0144. Do Twojej dyspozycji b\u0119dzie tak\u017ce port USB-C o mocy 100 W, pozwalaj\u0105cy szybko na\u0142adowa\u0107 laptopy, tablety i inne urz\u0105dzenia wymagaj\u0105ce du\u017cej mocy. Dodatkowo gniazdo samochodowe 12,6 V o mocy 126 W umo\u017cliwia \u0142adowanie sprz\u0119tu turystycznego, co czyni stacj\u0119 doskona\u0142ym towarzyszem podczas kemping\u00f3w i w podr\u00f3\u017cy.<\/p>\n<p>\n<img decoding=\"async\" src=\"https:\/\/assets.innpro.pl\/17045\/22319\/14.jpg\" border=\"0\" alt=\"M\u0119\u017cczyzna pracuj\u0105cy w ciemnym biurze z o\u015bwietleniem biurkowym i zasilaczem EcoFlow pod\u0142\u0105czonym do komputera\" \/>\n<\/p>\n<h3>Funkcja UPS<\/h3>\n<p>Dzi\u0119ki funkcji UPS (zasilania awaryjnego) EcoFlow RIVER 3 Plus prze\u0142\u0105cza si\u0119 na tryb akumulatorowy w czasie poni\u017cej 10 ms, gwarantuj\u0105c ci\u0105g\u0142o\u015b\u0107 zasilania w przypadku nag\u0142ych przerw w dostawie pr\u0105du. Funkcja ta jest szczeg\u00f3lnie przydatna w domowych biurach, jako \u017ce chroni laptopy, systemy NAS i inne wra\u017cliwsze sprz\u0119ty przed utrat\u0105 danych.<\/p>\n<p>\n<img decoding=\"async\" src=\"https:\/\/assets.innpro.pl\/17045\/22319\/9.jpg\" border=\"0\" alt=\"M\u0119\u017cczyzna kl\u0119cz\u0105cy przy otwartej lod\u00f3wce, z pod\u0142\u0105czon\u0105 stacj\u0105 zasilania EcoFlow na blacie kuchennym\" \/>\n<\/p>\n<h3>Elastyczne opcje \u0142adowania<\/h3>\n<p>Stacj\u0119 mo\u017cna na\u0142adowa\u0107 na cztery sposoby. Przy u\u017cyciu gniazda AC na\u0142adowanie urz\u0105dzenia do pe\u0142na zajmuje tylko godzin\u0119. Mo\u017cesz te\u017c skorzysta\u0107 z gniazda samochodowego, paneli fotowoltaicznych o mocy do 220 W (jedna sztuka w zestawie)<\/p>\n<p>\u00a0lub generatora.<\/p>\n<p>\n<img decoding=\"async\" src=\"https:\/\/assets.innpro.pl\/17045\/22319\/13.jpg\" border=\"0\" alt=\"Pok\u00f3j dzienny z telewizorem pokazuj\u0105cym szachownic\u0119, obok kt\u00f3rego stoi stacja zasilania EcoFlow i lampa\" \/>\n<\/p>\n<h3>D\u0142ugowieczna i wytrzyma\u0142a konstrukcja<\/h3>\n<p>Akumulator LiFePO4 zapewnia do 3000 cykli \u0142adowania przy zachowaniu 80% pierwotnej pojemno\u015bci. W efekcie RIVER 3 Plus mo\u017ce by\u0107 niezawodnym \u017ar\u00f3d\u0142em energii przez nawet 10 lat. Spe\u0142nia on r\u00f3wnie\u017c norm\u0119 IP54 \u2013 jest wi\u0119c odporny na kurz i wod\u0119. Dzi\u0119ki technologii X-Guard nie musisz obawia\u0107 si\u0119 prze\u0142adowania, zwarcia, przepi\u0119cia czy innych awarii uk\u0142ad\u00f3w scalonych. Solidna konstrukcja stacji jest te\u017c odporna na upadki z wysoko\u015bci 1.5 m.<\/p>\n<p>\n<img decoding=\"async\" src=\"https:\/\/assets.innpro.pl\/17045\/22319\/16.jpg\" border=\"0\" alt=\"Zasilacz EcoFlow ustawiony na komodzie obok routera w ciemnym pokoju\" \/>\n<\/p>\n<h3>Zdalne zarz\u0105dzanie za pomoc\u0105 aplikacji<\/h3>\n<p>Aplikacja EcoFlow pozwala monitorowa\u0107 mi\u0119dzy innymi poziom na\u0142adowania, moc wyj\u015bciow\u0105 i pozosta\u0142y czas pracy. Z jej poziomu mo\u017cesz te\u017c dostosowywa\u0107 ustawienia i sprawdza\u0107 przychodz\u0105ce powiadomienia dotycz\u0105ce awarii zasilania i nie tylko.<\/p>\n<p>\n<img decoding=\"async\" src=\"https:\/\/assets.innpro.pl\/17045\/22319\/12.jpg\" border=\"0\" alt=\"Para przygotowuj\u0105ca kaw\u0119 w jasnej kuchni, z ekspressem i stacj\u0105 zasilania EcoFlow na blacie\" \/>\n<\/p>\n<h3>Panel fotowoltaiczny w zestawie<\/h3>\n<p>Do zestawu do\u0142\u0105czono r\u00f3wnie\u017c dwustronny panel fotowoltaiczny EcoFlow 220W NextGen, kt\u00f3ry dzi\u0119ki technologii TOPCon osi\u0105ga sprawno\u015b\u0107 konwersji do 25% i generuje nawet o 28% wi\u0119cej energii ni\u017c standardowe panele. Moc do 220 W z przodu i 175 W z ty\u0142u umo\u017cliwia wydajne \u0142adowanie stacji zasilania w kr\u00f3tszym czasie. Panel wyr\u00f3\u017cnia klasa wodoodporno\u015bci IP68, 9-warstwowa konstrukcja z pow\u0142ok\u0105 ETFE oraz zintegrowany wska\u017anik k\u0105ta nachylenia, co gwarantuje wyj\u0105tkow\u0105 trwa\u0142o\u015b\u0107 i niezawodno\u015b\u0107 dzia\u0142ania w wymagaj\u0105cych warunkach terenowych.<\/p>\n<p>\n<img decoding=\"async\" src=\"https:\/\/assets.innpro.pl\/17045\/22319\/18.jpg\" border=\"0\" alt=\"Czterosegmentowy panel s\u0142oneczny po\u0142\u0105czony ze stacj\u0105 zasilania EcoFlow na ciemnym tle\" \/>\n<\/p>\n<h3>W zestawie:<\/h3>\n<ul class=\"list-disc pl-5\">\n<li>Przeno\u015bna stacja zasilania EcoFlow RIVER 3 Plus<\/li>\n<li>Kabel do \u0142adowania AC<\/li>\n<li>Kabel do \u0142adowania za pomoc\u0105 \u0142adowarki samochodowej<\/li>\n<li>Kabel komunikacyjny USB-B to USB-A (funkcja UPS)<\/li>\n<li>Panel fotowoltaiczny 220 W<\/li>\n<li>Torba ochronna (z podstawk\u0105)<\/li>\n<li>Karabi\u0144czyk x4<\/li>\n<li>Kabel do \u0142adowania s\u0142onecznego<\/li>\n<li>Kabel konektor do XC60 (2,5 m)<\/li>\n<li>Instrukcja obs\u0142ugi<\/li>\n<\/ul>\n<div class=\"table-wrapper\">\n<p>\u00a0<\/p>\n<h3>Og\u00f3lne<\/h3>\n<table>\n<tbody>\n<tr>\n<th>Producent<\/th>\n<td>EcoFlow<\/td>\n<\/tr>\n<tr>\n<th>Model<\/th>\n<td>RIVER 3 Plus<\/td>\n<\/tr>\n<tr>\n<th>Pojemno\u015b\u0107 <\/th>\n<td>286 Wh<\/td>\n<\/tr>\n<tr>\n<th>Wymiary<\/th>\n<td>234 x 231 x 146 mm<\/td>\n<\/tr>\n<tr>\n<th>Waga<\/th>\n<td>4,7 kg<\/td>\n<\/tr>\n<\/tbody>\n<\/table>\n<p>\u00a0<\/p>\n<h3>Akumulator<\/h3>\n<table>\n<tbody>\n<tr>\n<th>Typ akumulatora<\/th>\n<td>LFP (LiFePO4)<\/td>\n<\/tr>\n<tr>\n<th>\u017bywotno\u015b\u0107 akumulatora<\/th>\n<td>80% pojemno\u015bci po 3000 cykli \u0142adowania<\/td>\n<\/tr>\n<\/tbody>\n<\/table>\n<p>\u00a0<\/p>\n<h3>Wyj\u015bcia<\/h3>\n<table>\n<tbody>\n<tr>\n<th>AC<\/th>\n<td>3 porty, 230V~50Hz, 600W (maks. 1200W w trybie X-Boost)<\/td>\n<\/tr>\n<tr>\n<th>USB-A<\/th>\n<td>2 porty, 5V-2.4A, 12W na port, \u0142\u0105cznie 24W<\/td>\n<\/tr>\n<tr>\n<th>USB-C<\/th>\n<td>1 port, 5\/9\/12\/15V-3A maks, 20V-5A maks., 100W maks.<\/td>\n<\/tr>\n<tr>\n<th>Wyj\u015bcie samochodowe<\/th>\n<td>1 port, 12.6V, 10A, 126W maks.<\/td>\n<\/tr>\n<\/tbody>\n<\/table>\n<p>\u00a0<\/p>\n<h3>Wej\u015bcia<\/h3>\n<table>\n<tbody>\n<tr>\n<th>\u0141adowanie AC<\/th>\n<td>200~240V, 3A maks., 50\/60Hz, 360W \u2013 pe\u0142ne na\u0142adowanie w godzin\u0119 <\/td>\n<\/tr>\n<tr>\n<th>\u0141adowanie panelami fotowoltaicznymi<\/th>\n<td>11~55V, 13A maks., 220W \u2013 pe\u0142ne na\u0142adowanie w 1.5 godziny (45W \u2013 pe\u0142ne na\u0142adowanie w 7.3 godziny, 60W \u2013 pe\u0142ne na\u0142adowanie w 5.5 godziny, 110W \u2013 pe\u0142ne na\u0142adowanie w 3 godziny)<\/td>\n<\/tr>\n<tr>\n<th>\u0141adowanie przez \u0142adowark\u0119 samochodow\u0105<\/th>\n<td>11~55V, 8A (maks.), 220W (pe\u0142ne na\u0142adowanie w 3.3 godziny)<\/td>\n<\/tr>\n<tr>\n<th>\u0141adowanie za pomoc\u0105 generatora<\/th>\n<td>200-240V, 3A maks., 50\/60Hz, 360W \u2013 pe\u0142ne na\u0142adowanie w godzin\u0119<\/td>\n<\/tr>\n<\/tbody>\n<\/table>\n<p>\u00a0<\/p>\n<h3>Inne<\/h3>\n<table>\n<tbody>\n<tr>\n<th>UPS <\/th>\n<td>&lt;10 ms<\/td>\n<\/tr>\n<tr>\n<th>Mo\u017cliwo\u015b\u0107 rozszerzenia pojemno\u015bci<\/th>\n<td>tak, o jeden akumulator, kompatybilno\u015b\u0107 z EB300 (286Wh) oraz EB600 (572Wh)<\/td>\n<\/tr>\n<tr>\n<th>Kompatybilno\u015b\u0107 z aplikacj\u0105<\/th>\n<td>tak<\/td>\n<\/tr>\n<tr>\n<th>\u0141\u0105czno\u015b\u0107 <\/th>\n<td>Wi-Fi, Bluetooth<\/td>\n<\/tr>\n<tr>\n<th>Poziom ha\u0142asu <\/th>\n<td>30 dB<\/td>\n<\/tr>\n<tr>\n<th>Klasa szczelno\u015bci akumulatora <\/th>\n<td>IP54<\/td>\n<\/tr>\n<\/tbody>\n<\/table>\n<p>\u00a0<\/p>\n<h3>Temperatura \u015brodowiskowa<\/h3>\n<table>\n<tbody>\n<tr>\n<th>Optymalna temperatura pracy<\/th>\n<td>od 20\u00b0C do 30\u00b0C<\/td>\n<\/tr>\n<tr>\n<th>Temperatura podczas \u0142adowania<\/th>\n<td>od 0\u00b0C do 45\u00b0C<\/td>\n<\/tr>\n<tr>\n<th>Temperatura podczas roz\u0142adowania<\/th>\n<td>od -10\u00b0C do 45\u00b0C<\/td>\n<\/tr>\n<tr>\n<th>Temperatura przechowywania<\/th>\n<td>od 20\u00b0C do 30\u00b0C<\/td>\n<\/tr>\n<\/tbody>\n<\/table>\n<p>\u00a0<\/p>\n<h3>Panel fotowoltaiczny<\/h3>\n<table>\n<tbody>\n<tr>\n<th>Producent<\/th>\n<td>EcoFlow<\/td>\n<\/tr>\n<tr>\n<th>Moc znamionowa <\/th>\n<td>220 W z przodu \/ 155 W z ty\u0142u<\/td>\n<\/tr>\n<tr>\n<th>Typ ogniwa <\/th>\n<td>Krzem monokrystaliczny<\/td>\n<\/tr>\n<tr>\n<th>Sprawno\u015b\u0107 <\/th>\n<td>22-23%<\/td>\n<\/tr>\n<tr>\n<th>Wymiary <\/th>\n<td>82 x 183 x 2,5 cm<\/td>\n<\/tr>\n<tr>\n<th>Napi\u0119cie obwodu otwartego <\/th>\n<td>21,8 V (Vmp 18,4 V)<\/td>\n<\/tr>\n<tr>\n<th>Pr\u0105d zwarciowy <\/th>\n<td>13 A (Imp 12,0 A) z przodu \/ 8,8 A (Imp 8,4 A) z ty\u0142u<\/td>\n<\/tr>\n<\/tbody>\n<\/table>\n<\/div>\n","protected":false},"excerpt":{"rendered":"<p>Zestaw: Stacja zasilania EcoFlow River 3 Plus + panel fotowoltaiczny 220W Kompaktowa stacja zasilania EcoFlow RIVER 3 Plus wyr\u00f3\u017cnia si\u0119<\/p>\n","protected":false},"featured_media":60625,"comment_status":"closed","ping_status":"open","template":"","meta":{"_acf_changed":false},"product_brand":[],"product_cat":[1108,1111,6199],"product_tag":[],"class_list":{"0":"post-60624","1":"product","2":"type-product","3":"status-publish","4":"has-post-thumbnail","6":"product_cat-energia","7":"product_cat-stacje-zasilania","8":"product_cat-stacje-zasilania-stacje-zasilania","9":"pa_60-m-5771","10":"pa_producent-ecoflow","12":"first","13":"outofstock","14":"taxable","15":"shipping-taxable","16":"purchasable","17":"product-type-simple"},"acf":[],"yoast_head":"<!-- This site is optimized with the Yoast SEO plugin v27.2 - https:\/\/yoast.com\/product\/yoast-seo-wordpress\/ -->\n<title>Zestaw ECOFLOW River 3 Plus + panel PV 220W - IRONSKY.PL Sklep z Dronami<\/title>\n<meta name=\"description\" content=\"Zestaw ECOFLOW River 3 Plus + panel PV 220W - \u2705 sklep z dronami i fachowym doradztwem. \u2705 Tutaj kupisz produkty DJI, Yuneec, Parrot, Syma i wiele innych, a tak\u017ce kursy i licencje na operatora drona.\" \/>\n<meta name=\"robots\" content=\"index, follow, max-snippet:-1, max-image-preview:large, max-video-preview:-1\" \/>\n<link rel=\"canonical\" href=\"https:\/\/ironsky.pl\/sklep\/produkt\/zestaw-ecoflow-river-3-plus-panel-pv-220w\/\" \/>\n<meta property=\"og:locale\" content=\"pl_PL\" \/>\n<meta property=\"og:type\" content=\"article\" \/>\n<meta property=\"og:title\" content=\"Zestaw ECOFLOW River 3 Plus + panel PV 220W - IRONSKY.PL Sklep z Dronami\" \/>\n<meta property=\"og:description\" content=\"Zestaw ECOFLOW River 3 Plus + panel PV 220W - \u2705 sklep z dronami i fachowym doradztwem. \u2705 Tutaj kupisz produkty DJI, Yuneec, Parrot, Syma i wiele innych, a tak\u017ce kursy i licencje na operatora drona.\" \/>\n<meta property=\"og:url\" content=\"https:\/\/ironsky.pl\/sklep\/produkt\/zestaw-ecoflow-river-3-plus-panel-pv-220w\/\" \/>\n<meta property=\"og:site_name\" content=\"IRONSKY.PL Sklep z Dronami\" \/>\n<meta property=\"article:modified_time\" content=\"2026-04-15T09:05:35+00:00\" \/>\n<meta property=\"og:image\" content=\"https:\/\/ironsky.pl\/sklep\/wp-content\/uploads\/2026\/04\/53753_1.jpg\" \/>\n\t<meta property=\"og:image:width\" content=\"800\" \/>\n\t<meta property=\"og:image:height\" content=\"800\" \/>\n\t<meta property=\"og:image:type\" content=\"image\/jpeg\" \/>\n<meta name=\"twitter:card\" content=\"summary_large_image\" \/>\n<meta name=\"twitter:label1\" content=\"Szacowany czas czytania\" \/>\n\t<meta name=\"twitter:data1\" content=\"5 minut\" \/>\n<script type=\"application\/ld+json\" class=\"yoast-schema-graph\">{\"@context\":\"https:\/\/schema.org\",\"@graph\":[{\"@type\":\"WebPage\",\"@id\":\"https:\/\/ironsky.pl\/sklep\/produkt\/zestaw-ecoflow-river-3-plus-panel-pv-220w\/\",\"url\":\"https:\/\/ironsky.pl\/sklep\/produkt\/zestaw-ecoflow-river-3-plus-panel-pv-220w\/\",\"name\":\"Zestaw ECOFLOW River 3 Plus + panel PV 220W - IRONSKY.PL Sklep z Dronami\",\"isPartOf\":{\"@id\":\"https:\/\/ironsky.pl\/sklep\/#website\"},\"primaryImageOfPage\":{\"@id\":\"https:\/\/ironsky.pl\/sklep\/produkt\/zestaw-ecoflow-river-3-plus-panel-pv-220w\/#primaryimage\"},\"image\":{\"@id\":\"https:\/\/ironsky.pl\/sklep\/produkt\/zestaw-ecoflow-river-3-plus-panel-pv-220w\/#primaryimage\"},\"thumbnailUrl\":\"https:\/\/ironsky.pl\/sklep\/wp-content\/uploads\/2026\/04\/53753_1.jpg\",\"datePublished\":\"2026-04-15T09:05:17+00:00\",\"dateModified\":\"2026-04-15T09:05:35+00:00\",\"description\":\"Zestaw ECOFLOW River 3 Plus + panel PV 220W - \u2705 sklep z dronami i fachowym doradztwem. \u2705 Tutaj kupisz produkty DJI, Yuneec, Parrot, Syma i wiele innych, a tak\u017ce kursy i licencje na operatora drona.\",\"breadcrumb\":{\"@id\":\"https:\/\/ironsky.pl\/sklep\/produkt\/zestaw-ecoflow-river-3-plus-panel-pv-220w\/#breadcrumb\"},\"inLanguage\":\"pl-PL\",\"potentialAction\":[{\"@type\":\"ReadAction\",\"target\":[\"https:\/\/ironsky.pl\/sklep\/produkt\/zestaw-ecoflow-river-3-plus-panel-pv-220w\/\"]}]},{\"@type\":\"ImageObject\",\"inLanguage\":\"pl-PL\",\"@id\":\"https:\/\/ironsky.pl\/sklep\/produkt\/zestaw-ecoflow-river-3-plus-panel-pv-220w\/#primaryimage\",\"url\":\"https:\/\/ironsky.pl\/sklep\/wp-content\/uploads\/2026\/04\/53753_1.jpg\",\"contentUrl\":\"https:\/\/ironsky.pl\/sklep\/wp-content\/uploads\/2026\/04\/53753_1.jpg\",\"width\":800,\"height\":800},{\"@type\":\"BreadcrumbList\",\"@id\":\"https:\/\/ironsky.pl\/sklep\/produkt\/zestaw-ecoflow-river-3-plus-panel-pv-220w\/#breadcrumb\",\"itemListElement\":[{\"@type\":\"ListItem\",\"position\":1,\"name\":\"Strona g\u0142\u00f3wna\",\"item\":\"https:\/\/ironsky.pl\/sklep\/\"},{\"@type\":\"ListItem\",\"position\":2,\"name\":\"Wszystkie produkty\",\"item\":\"https:\/\/ironsky.pl\/sklep\/produkty\/\"},{\"@type\":\"ListItem\",\"position\":3,\"name\":\"Zestaw ECOFLOW River 3 Plus + panel PV 220W\"}]},{\"@type\":\"WebSite\",\"@id\":\"https:\/\/ironsky.pl\/sklep\/#website\",\"url\":\"https:\/\/ironsky.pl\/sklep\/\",\"name\":\"IRONSKY.PL Sklep z Dronami\",\"description\":\"IRONSKY.PL Sklep z Dronami\",\"potentialAction\":[{\"@type\":\"SearchAction\",\"target\":{\"@type\":\"EntryPoint\",\"urlTemplate\":\"https:\/\/ironsky.pl\/sklep\/?s={search_term_string}\"},\"query-input\":{\"@type\":\"PropertyValueSpecification\",\"valueRequired\":true,\"valueName\":\"search_term_string\"}}],\"inLanguage\":\"pl-PL\"}]}<\/script>\n<!-- \/ Yoast SEO plugin. -->","yoast_head_json":{"title":"Zestaw ECOFLOW River 3 Plus + panel PV 220W - IRONSKY.PL Sklep z Dronami","description":"Zestaw ECOFLOW River 3 Plus + panel PV 220W - \u2705 sklep z dronami i fachowym doradztwem. \u2705 Tutaj kupisz produkty DJI, Yuneec, Parrot, Syma i wiele innych, a tak\u017ce kursy i licencje na operatora drona.","robots":{"index":"index","follow":"follow","max-snippet":"max-snippet:-1","max-image-preview":"max-image-preview:large","max-video-preview":"max-video-preview:-1"},"canonical":"https:\/\/ironsky.pl\/sklep\/produkt\/zestaw-ecoflow-river-3-plus-panel-pv-220w\/","og_locale":"pl_PL","og_type":"article","og_title":"Zestaw ECOFLOW River 3 Plus + panel PV 220W - IRONSKY.PL Sklep z Dronami","og_description":"Zestaw ECOFLOW River 3 Plus + panel PV 220W - \u2705 sklep z dronami i fachowym doradztwem. \u2705 Tutaj kupisz produkty DJI, Yuneec, Parrot, Syma i wiele innych, a tak\u017ce kursy i licencje na operatora drona.","og_url":"https:\/\/ironsky.pl\/sklep\/produkt\/zestaw-ecoflow-river-3-plus-panel-pv-220w\/","og_site_name":"IRONSKY.PL Sklep z Dronami","article_modified_time":"2026-04-15T09:05:35+00:00","og_image":[{"width":800,"height":800,"url":"https:\/\/ironsky.pl\/sklep\/wp-content\/uploads\/2026\/04\/53753_1.jpg","type":"image\/jpeg"}],"twitter_card":"summary_large_image","twitter_misc":{"Szacowany czas czytania":"5 minut"},"schema":{"@context":"https:\/\/schema.org","@graph":[{"@type":"WebPage","@id":"https:\/\/ironsky.pl\/sklep\/produkt\/zestaw-ecoflow-river-3-plus-panel-pv-220w\/","url":"https:\/\/ironsky.pl\/sklep\/produkt\/zestaw-ecoflow-river-3-plus-panel-pv-220w\/","name":"Zestaw ECOFLOW River 3 Plus + panel PV 220W - IRONSKY.PL Sklep z Dronami","isPartOf":{"@id":"https:\/\/ironsky.pl\/sklep\/#website"},"primaryImageOfPage":{"@id":"https:\/\/ironsky.pl\/sklep\/produkt\/zestaw-ecoflow-river-3-plus-panel-pv-220w\/#primaryimage"},"image":{"@id":"https:\/\/ironsky.pl\/sklep\/produkt\/zestaw-ecoflow-river-3-plus-panel-pv-220w\/#primaryimage"},"thumbnailUrl":"https:\/\/ironsky.pl\/sklep\/wp-content\/uploads\/2026\/04\/53753_1.jpg","datePublished":"2026-04-15T09:05:17+00:00","dateModified":"2026-04-15T09:05:35+00:00","description":"Zestaw ECOFLOW River 3 Plus + panel PV 220W - \u2705 sklep z dronami i fachowym doradztwem. \u2705 Tutaj kupisz produkty DJI, Yuneec, Parrot, Syma i wiele innych, a tak\u017ce kursy i licencje na operatora drona.","breadcrumb":{"@id":"https:\/\/ironsky.pl\/sklep\/produkt\/zestaw-ecoflow-river-3-plus-panel-pv-220w\/#breadcrumb"},"inLanguage":"pl-PL","potentialAction":[{"@type":"ReadAction","target":["https:\/\/ironsky.pl\/sklep\/produkt\/zestaw-ecoflow-river-3-plus-panel-pv-220w\/"]}]},{"@type":"ImageObject","inLanguage":"pl-PL","@id":"https:\/\/ironsky.pl\/sklep\/produkt\/zestaw-ecoflow-river-3-plus-panel-pv-220w\/#primaryimage","url":"https:\/\/ironsky.pl\/sklep\/wp-content\/uploads\/2026\/04\/53753_1.jpg","contentUrl":"https:\/\/ironsky.pl\/sklep\/wp-content\/uploads\/2026\/04\/53753_1.jpg","width":800,"height":800},{"@type":"BreadcrumbList","@id":"https:\/\/ironsky.pl\/sklep\/produkt\/zestaw-ecoflow-river-3-plus-panel-pv-220w\/#breadcrumb","itemListElement":[{"@type":"ListItem","position":1,"name":"Strona g\u0142\u00f3wna","item":"https:\/\/ironsky.pl\/sklep\/"},{"@type":"ListItem","position":2,"name":"Wszystkie produkty","item":"https:\/\/ironsky.pl\/sklep\/produkty\/"},{"@type":"ListItem","position":3,"name":"Zestaw ECOFLOW River 3 Plus + panel PV 220W"}]},{"@type":"WebSite","@id":"https:\/\/ironsky.pl\/sklep\/#website","url":"https:\/\/ironsky.pl\/sklep\/","name":"IRONSKY.PL Sklep z Dronami","description":"IRONSKY.PL Sklep z Dronami","potentialAction":[{"@type":"SearchAction","target":{"@type":"EntryPoint","urlTemplate":"https:\/\/ironsky.pl\/sklep\/?s={search_term_string}"},"query-input":{"@type":"PropertyValueSpecification","valueRequired":true,"valueName":"search_term_string"}}],"inLanguage":"pl-PL"}]}},"_links":{"self":[{"href":"https:\/\/ironsky.pl\/sklep\/wp-json\/wp\/v2\/product\/60624","targetHints":{"allow":["GET"]}}],"collection":[{"href":"https:\/\/ironsky.pl\/sklep\/wp-json\/wp\/v2\/product"}],"about":[{"href":"https:\/\/ironsky.pl\/sklep\/wp-json\/wp\/v2\/types\/product"}],"replies":[{"embeddable":true,"href":"https:\/\/ironsky.pl\/sklep\/wp-json\/wp\/v2\/comments?post=60624"}],"wp:featuredmedia":[{"embeddable":true,"href":"https:\/\/ironsky.pl\/sklep\/wp-json\/wp\/v2\/media\/60625"}],"wp:attachment":[{"href":"https:\/\/ironsky.pl\/sklep\/wp-json\/wp\/v2\/media?parent=60624"}],"wp:term":[{"taxonomy":"product_brand","embeddable":true,"href":"https:\/\/ironsky.pl\/sklep\/wp-json\/wp\/v2\/product_brand?post=60624"},{"taxonomy":"product_cat","embeddable":true,"href":"https:\/\/ironsky.pl\/sklep\/wp-json\/wp\/v2\/product_cat?post=60624"},{"taxonomy":"product_tag","embeddable":true,"href":"https:\/\/ironsky.pl\/sklep\/wp-json\/wp\/v2\/product_tag?post=60624"}],"curies":[{"name":"wp","href":"https:\/\/api.w.org\/{rel}","templated":true}]}}