{"id":60602,"date":"2026-04-15T11:04:47","date_gmt":"2026-04-15T09:04:47","guid":{"rendered":"https:\/\/ironsky.pl\/sklep\/produkt\/uchwyt-magnetyczny-dji-osmo-dwukierunkowy\/"},"modified":"2026-04-15T11:05:15","modified_gmt":"2026-04-15T09:05:15","slug":"uchwyt-magnetyczny-dji-osmo-dwukierunkowy","status":"publish","type":"product","link":"https:\/\/ironsky.pl\/sklep\/produkt\/uchwyt-magnetyczny-dji-osmo-dwukierunkowy\/","title":{"rendered":"Uchwyt magnetyczny DJI Osmo dwukierunkowy"},"content":{"rendered":"<h3>Dwukierunkowy uchwyt magnetyczny do kamer DJI Osmo<\/h3>\n<p>Sk\u0142adany uchwyt magnetyczny z podw\u00f3jnym kierunkiem monta\u017cu zosta\u0142 zaprojektowany z my\u015bl\u0105 o tw\u00f3rcach, kt\u00f3rzy chc\u0105 w pe\u0142ni wykorzysta\u0107 potencja\u0142 DJI Osmo Nano. Ulepszony system magnetyczny umo\u017cliwia szybkie i komfortowe mocowanie kamery w ka\u017cdej sytuacji. Akcesorium wsp\u00f3\u0142pracuje z wieloma akcesoriami, kt\u00f3re rozszerzaj\u0105 mo\u017cliwo\u015bci nagrywania.<\/p>\n<p>\n<img decoding=\"async\" src=\"https:\/\/assets.innpro.pl\/18012\/24091\/2.jpg\" border=\"0\" alt=\"Dwukierunkowy uchwyt magnetyczny DJI Osmo widziany z ukosa, z mocowaniem typu wide\u0142kowego na dole.\" \/>\n<\/p>\n<h3>B\u0142yskawiczny monta\u017c<\/h3>\n<p>Dzi\u0119ki systemowi szybkiego mocowania mo\u017cesz w kilka sekund przymocowa\u0107 lub od\u0142\u0105czy\u0107 kamer\u0119, zyskuj\u0105c cenny czas i pe\u0142n\u0105 swobod\u0119 tw\u00f3rcz\u0105. Takie rozwi\u0105zanie umo\u017cliwia natychmiastow\u0105 zmian\u0119 ustawie\u0144 i perspektywy, co pozwala uchwyci\u0107 unikalne kadry i wzbogaci\u0107 Twoje materia\u0142y wideo.<\/p>\n<p>\n<img decoding=\"async\" src=\"https:\/\/assets.innpro.pl\/18012\/24091\/3.jpg\" border=\"0\" alt=\"Dwukierunkowy uchwyt magnetyczny DJI Osmo odwr\u00f3cony, ukazuj\u0105cy teksturowan\u0105 powierzchni\u0119 antypo\u015blizgow\u0105\" \/>\n<\/p>\n<h3>Du\u017ca kompatybilno\u015b\u0107<\/h3>\n<p>Uchwyt wyposa\u017cono w standardowy gwint 1\/4&#8243;, dzi\u0119ki kt\u00f3remu \u0142atwo po\u0142\u0105czysz go z r\u00f3\u017cnymi akcesoriami do kamer sportowych. Teraz mo\u017cesz eksperymentowa\u0107 z konfiguracjami i odkrywa\u0107 nowe sposoby nagrywania!<\/p>\n<p>\n<img decoding=\"async\" src=\"https:\/\/assets.innpro.pl\/18012\/24091\/4.jpg\" border=\"0\" alt=\"Dwukierunkowy uchwyt magnetyczny DJI Osmo z widocznym gniazdem monta\u017cowym na spodzie\" \/>\n<\/p>\n<h3>Stabilno\u015b\u0107 w ka\u017cdej sytuacji<\/h3>\n<p>Wytrzyma\u0142a konstrukcja uchwytu zapewnia solidne utrzymanie DJI Osmo Nano nawet w trakcie dynamicznych uj\u0119\u0107. Kamera pozostaje na swoim miejscu, a Ty mo\u017cesz w pe\u0142ni skupi\u0107 si\u0119 na kreatywnej pracy.<\/p>\n<p>\n<img decoding=\"async\" src=\"https:\/\/assets.innpro.pl\/18012\/24091\/1.jpg\" border=\"0\" alt=\"Widok z g\u00f3ry na dwukierunkowy uchwyt magnetyczny DJI Osmo na czarnym tle, z logo i mocowaniem typu GoPro\" \/>\n<\/p>\n<div class=\"table-wrapper\">\n<p>\u00a0<\/p>\n<h3><\/h3>\n<table>\n<tbody>\n<tr>\n<th>Producent<\/th>\n<td>DJI<\/td>\n<\/tr>\n<tr>\n<th>Kod producenta<\/th>\n<td>078651<\/td>\n<\/tr>\n<tr>\n<th>Wymiary<\/th>\n<td>16,7 \u00d7 21 \u00d7 43,3 mm<\/td>\n<\/tr>\n<tr>\n<th>Kompatybilno\u015b\u0107<\/th>\n<td>DJI Osmo Nano<\/td>\n<\/tr>\n<\/tbody>\n<\/table>\n<\/div>\n","protected":false},"excerpt":{"rendered":"<p>Dwukierunkowy uchwyt magnetyczny do kamer DJI Osmo Sk\u0142adany uchwyt magnetyczny z podw\u00f3jnym kierunkiem monta\u017cu zosta\u0142 zaprojektowany z my\u015bl\u0105 o tw\u00f3rcach,<\/p>\n","protected":false},"featured_media":49398,"comment_status":"closed","ping_status":"open","template":"","meta":{"_acf_changed":false},"product_brand":[],"product_cat":[1128,6178,6176,6177,6181,1138],"product_tag":[],"class_list":{"0":"post-60602","1":"product","2":"type-product","3":"status-publish","4":"has-post-thumbnail","6":"product_cat-foto-wideo","7":"product_cat-mocowania","8":"product_cat-selfie-stiki","9":"product_cat-statywy-selfie-stiki","10":"product_cat-szelki-mocowania-i-uchwyty","11":"product_cat-wysiegniki","12":"pa_okres-gwarancji-5757","13":"pa_producent-dji","15":"first","16":"outofstock","17":"taxable","18":"shipping-taxable","19":"purchasable","20":"product-type-simple"},"acf":[],"yoast_head":"<!-- This site is optimized with the Yoast SEO plugin v27.2 - https:\/\/yoast.com\/product\/yoast-seo-wordpress\/ -->\n<title>Uchwyt magnetyczny DJI Osmo dwukierunkowy - IRONSKY.PL Sklep z Dronami<\/title>\n<meta name=\"description\" content=\"Uchwyt magnetyczny DJI Osmo dwukierunkowy - \u2705 sklep z dronami i fachowym doradztwem. \u2705 Tutaj kupisz produkty DJI, Yuneec, Parrot, Syma i wiele innych, a tak\u017ce kursy i licencje na operatora drona.\" \/>\n<meta name=\"robots\" content=\"index, follow, max-snippet:-1, max-image-preview:large, max-video-preview:-1\" \/>\n<link rel=\"canonical\" href=\"https:\/\/ironsky.pl\/sklep\/produkt\/uchwyt-magnetyczny-dji-osmo-dwukierunkowy\/\" \/>\n<meta property=\"og:locale\" content=\"pl_PL\" \/>\n<meta property=\"og:type\" content=\"article\" \/>\n<meta property=\"og:title\" content=\"Uchwyt magnetyczny DJI Osmo dwukierunkowy - IRONSKY.PL Sklep z Dronami\" \/>\n<meta property=\"og:description\" content=\"Uchwyt magnetyczny DJI Osmo dwukierunkowy - \u2705 sklep z dronami i fachowym doradztwem. \u2705 Tutaj kupisz produkty DJI, Yuneec, Parrot, Syma i wiele innych, a tak\u017ce kursy i licencje na operatora drona.\" \/>\n<meta property=\"og:url\" content=\"https:\/\/ironsky.pl\/sklep\/produkt\/uchwyt-magnetyczny-dji-osmo-dwukierunkowy\/\" \/>\n<meta property=\"og:site_name\" content=\"IRONSKY.PL Sklep z Dronami\" \/>\n<meta property=\"article:modified_time\" content=\"2026-04-15T09:05:15+00:00\" \/>\n<meta property=\"og:image\" content=\"https:\/\/ironsky.pl\/sklep\/wp-content\/uploads\/2025\/10\/53734_1.jpg\" \/>\n\t<meta property=\"og:image:width\" content=\"800\" \/>\n\t<meta property=\"og:image:height\" content=\"800\" \/>\n\t<meta property=\"og:image:type\" content=\"image\/jpeg\" \/>\n<meta name=\"twitter:card\" content=\"summary_large_image\" \/>\n<meta name=\"twitter:label1\" content=\"Szacowany czas czytania\" \/>\n\t<meta name=\"twitter:data1\" content=\"1 minuta\" \/>\n<script type=\"application\/ld+json\" class=\"yoast-schema-graph\">{\"@context\":\"https:\/\/schema.org\",\"@graph\":[{\"@type\":\"WebPage\",\"@id\":\"https:\/\/ironsky.pl\/sklep\/produkt\/uchwyt-magnetyczny-dji-osmo-dwukierunkowy\/\",\"url\":\"https:\/\/ironsky.pl\/sklep\/produkt\/uchwyt-magnetyczny-dji-osmo-dwukierunkowy\/\",\"name\":\"Uchwyt magnetyczny DJI Osmo dwukierunkowy - IRONSKY.PL Sklep z Dronami\",\"isPartOf\":{\"@id\":\"https:\/\/ironsky.pl\/sklep\/#website\"},\"primaryImageOfPage\":{\"@id\":\"https:\/\/ironsky.pl\/sklep\/produkt\/uchwyt-magnetyczny-dji-osmo-dwukierunkowy\/#primaryimage\"},\"image\":{\"@id\":\"https:\/\/ironsky.pl\/sklep\/produkt\/uchwyt-magnetyczny-dji-osmo-dwukierunkowy\/#primaryimage\"},\"thumbnailUrl\":\"https:\/\/ironsky.pl\/sklep\/wp-content\/uploads\/2025\/10\/53734_1.jpg\",\"datePublished\":\"2026-04-15T09:04:47+00:00\",\"dateModified\":\"2026-04-15T09:05:15+00:00\",\"description\":\"Uchwyt magnetyczny DJI Osmo dwukierunkowy - \u2705 sklep z dronami i fachowym doradztwem. \u2705 Tutaj kupisz produkty DJI, Yuneec, Parrot, Syma i wiele innych, a tak\u017ce kursy i licencje na operatora drona.\",\"breadcrumb\":{\"@id\":\"https:\/\/ironsky.pl\/sklep\/produkt\/uchwyt-magnetyczny-dji-osmo-dwukierunkowy\/#breadcrumb\"},\"inLanguage\":\"pl-PL\",\"potentialAction\":[{\"@type\":\"ReadAction\",\"target\":[\"https:\/\/ironsky.pl\/sklep\/produkt\/uchwyt-magnetyczny-dji-osmo-dwukierunkowy\/\"]}]},{\"@type\":\"ImageObject\",\"inLanguage\":\"pl-PL\",\"@id\":\"https:\/\/ironsky.pl\/sklep\/produkt\/uchwyt-magnetyczny-dji-osmo-dwukierunkowy\/#primaryimage\",\"url\":\"https:\/\/ironsky.pl\/sklep\/wp-content\/uploads\/2025\/10\/53734_1.jpg\",\"contentUrl\":\"https:\/\/ironsky.pl\/sklep\/wp-content\/uploads\/2025\/10\/53734_1.jpg\",\"width\":800,\"height\":800},{\"@type\":\"BreadcrumbList\",\"@id\":\"https:\/\/ironsky.pl\/sklep\/produkt\/uchwyt-magnetyczny-dji-osmo-dwukierunkowy\/#breadcrumb\",\"itemListElement\":[{\"@type\":\"ListItem\",\"position\":1,\"name\":\"Strona g\u0142\u00f3wna\",\"item\":\"https:\/\/ironsky.pl\/sklep\/\"},{\"@type\":\"ListItem\",\"position\":2,\"name\":\"Wszystkie produkty\",\"item\":\"https:\/\/ironsky.pl\/sklep\/produkty\/\"},{\"@type\":\"ListItem\",\"position\":3,\"name\":\"Uchwyt magnetyczny DJI Osmo dwukierunkowy\"}]},{\"@type\":\"WebSite\",\"@id\":\"https:\/\/ironsky.pl\/sklep\/#website\",\"url\":\"https:\/\/ironsky.pl\/sklep\/\",\"name\":\"IRONSKY.PL Sklep z Dronami\",\"description\":\"IRONSKY.PL Sklep z Dronami\",\"potentialAction\":[{\"@type\":\"SearchAction\",\"target\":{\"@type\":\"EntryPoint\",\"urlTemplate\":\"https:\/\/ironsky.pl\/sklep\/?s={search_term_string}\"},\"query-input\":{\"@type\":\"PropertyValueSpecification\",\"valueRequired\":true,\"valueName\":\"search_term_string\"}}],\"inLanguage\":\"pl-PL\"}]}<\/script>\n<!-- \/ Yoast SEO plugin. -->","yoast_head_json":{"title":"Uchwyt magnetyczny DJI Osmo dwukierunkowy - IRONSKY.PL Sklep z Dronami","description":"Uchwyt magnetyczny DJI Osmo dwukierunkowy - \u2705 sklep z dronami i fachowym doradztwem. \u2705 Tutaj kupisz produkty DJI, Yuneec, Parrot, Syma i wiele innych, a tak\u017ce kursy i licencje na operatora drona.","robots":{"index":"index","follow":"follow","max-snippet":"max-snippet:-1","max-image-preview":"max-image-preview:large","max-video-preview":"max-video-preview:-1"},"canonical":"https:\/\/ironsky.pl\/sklep\/produkt\/uchwyt-magnetyczny-dji-osmo-dwukierunkowy\/","og_locale":"pl_PL","og_type":"article","og_title":"Uchwyt magnetyczny DJI Osmo dwukierunkowy - IRONSKY.PL Sklep z Dronami","og_description":"Uchwyt magnetyczny DJI Osmo dwukierunkowy - \u2705 sklep z dronami i fachowym doradztwem. \u2705 Tutaj kupisz produkty DJI, Yuneec, Parrot, Syma i wiele innych, a tak\u017ce kursy i licencje na operatora drona.","og_url":"https:\/\/ironsky.pl\/sklep\/produkt\/uchwyt-magnetyczny-dji-osmo-dwukierunkowy\/","og_site_name":"IRONSKY.PL Sklep z Dronami","article_modified_time":"2026-04-15T09:05:15+00:00","og_image":[{"width":800,"height":800,"url":"https:\/\/ironsky.pl\/sklep\/wp-content\/uploads\/2025\/10\/53734_1.jpg","type":"image\/jpeg"}],"twitter_card":"summary_large_image","twitter_misc":{"Szacowany czas czytania":"1 minuta"},"schema":{"@context":"https:\/\/schema.org","@graph":[{"@type":"WebPage","@id":"https:\/\/ironsky.pl\/sklep\/produkt\/uchwyt-magnetyczny-dji-osmo-dwukierunkowy\/","url":"https:\/\/ironsky.pl\/sklep\/produkt\/uchwyt-magnetyczny-dji-osmo-dwukierunkowy\/","name":"Uchwyt magnetyczny DJI Osmo dwukierunkowy - IRONSKY.PL Sklep z Dronami","isPartOf":{"@id":"https:\/\/ironsky.pl\/sklep\/#website"},"primaryImageOfPage":{"@id":"https:\/\/ironsky.pl\/sklep\/produkt\/uchwyt-magnetyczny-dji-osmo-dwukierunkowy\/#primaryimage"},"image":{"@id":"https:\/\/ironsky.pl\/sklep\/produkt\/uchwyt-magnetyczny-dji-osmo-dwukierunkowy\/#primaryimage"},"thumbnailUrl":"https:\/\/ironsky.pl\/sklep\/wp-content\/uploads\/2025\/10\/53734_1.jpg","datePublished":"2026-04-15T09:04:47+00:00","dateModified":"2026-04-15T09:05:15+00:00","description":"Uchwyt magnetyczny DJI Osmo dwukierunkowy - \u2705 sklep z dronami i fachowym doradztwem. \u2705 Tutaj kupisz produkty DJI, Yuneec, Parrot, Syma i wiele innych, a tak\u017ce kursy i licencje na operatora drona.","breadcrumb":{"@id":"https:\/\/ironsky.pl\/sklep\/produkt\/uchwyt-magnetyczny-dji-osmo-dwukierunkowy\/#breadcrumb"},"inLanguage":"pl-PL","potentialAction":[{"@type":"ReadAction","target":["https:\/\/ironsky.pl\/sklep\/produkt\/uchwyt-magnetyczny-dji-osmo-dwukierunkowy\/"]}]},{"@type":"ImageObject","inLanguage":"pl-PL","@id":"https:\/\/ironsky.pl\/sklep\/produkt\/uchwyt-magnetyczny-dji-osmo-dwukierunkowy\/#primaryimage","url":"https:\/\/ironsky.pl\/sklep\/wp-content\/uploads\/2025\/10\/53734_1.jpg","contentUrl":"https:\/\/ironsky.pl\/sklep\/wp-content\/uploads\/2025\/10\/53734_1.jpg","width":800,"height":800},{"@type":"BreadcrumbList","@id":"https:\/\/ironsky.pl\/sklep\/produkt\/uchwyt-magnetyczny-dji-osmo-dwukierunkowy\/#breadcrumb","itemListElement":[{"@type":"ListItem","position":1,"name":"Strona g\u0142\u00f3wna","item":"https:\/\/ironsky.pl\/sklep\/"},{"@type":"ListItem","position":2,"name":"Wszystkie produkty","item":"https:\/\/ironsky.pl\/sklep\/produkty\/"},{"@type":"ListItem","position":3,"name":"Uchwyt magnetyczny DJI Osmo dwukierunkowy"}]},{"@type":"WebSite","@id":"https:\/\/ironsky.pl\/sklep\/#website","url":"https:\/\/ironsky.pl\/sklep\/","name":"IRONSKY.PL Sklep z Dronami","description":"IRONSKY.PL Sklep z Dronami","potentialAction":[{"@type":"SearchAction","target":{"@type":"EntryPoint","urlTemplate":"https:\/\/ironsky.pl\/sklep\/?s={search_term_string}"},"query-input":{"@type":"PropertyValueSpecification","valueRequired":true,"valueName":"search_term_string"}}],"inLanguage":"pl-PL"}]}},"_links":{"self":[{"href":"https:\/\/ironsky.pl\/sklep\/wp-json\/wp\/v2\/product\/60602","targetHints":{"allow":["GET"]}}],"collection":[{"href":"https:\/\/ironsky.pl\/sklep\/wp-json\/wp\/v2\/product"}],"about":[{"href":"https:\/\/ironsky.pl\/sklep\/wp-json\/wp\/v2\/types\/product"}],"replies":[{"embeddable":true,"href":"https:\/\/ironsky.pl\/sklep\/wp-json\/wp\/v2\/comments?post=60602"}],"wp:featuredmedia":[{"embeddable":true,"href":"https:\/\/ironsky.pl\/sklep\/wp-json\/wp\/v2\/media\/49398"}],"wp:attachment":[{"href":"https:\/\/ironsky.pl\/sklep\/wp-json\/wp\/v2\/media?parent=60602"}],"wp:term":[{"taxonomy":"product_brand","embeddable":true,"href":"https:\/\/ironsky.pl\/sklep\/wp-json\/wp\/v2\/product_brand?post=60602"},{"taxonomy":"product_cat","embeddable":true,"href":"https:\/\/ironsky.pl\/sklep\/wp-json\/wp\/v2\/product_cat?post=60602"},{"taxonomy":"product_tag","embeddable":true,"href":"https:\/\/ironsky.pl\/sklep\/wp-json\/wp\/v2\/product_tag?post=60602"}],"curies":[{"name":"wp","href":"https:\/\/api.w.org\/{rel}","templated":true}]}}