{"id":60598,"date":"2026-04-15T11:04:47","date_gmt":"2026-04-15T09:04:47","guid":{"rendered":"https:\/\/ironsky.pl\/sklep\/produkt\/adapter-kulowy-dji-osmo-nano-magnetyczny-z-przyssawka\/"},"modified":"2026-04-15T11:05:10","modified_gmt":"2026-04-15T09:05:10","slug":"adapter-kulowy-dji-osmo-nano-magnetyczny-z-przyssawka","status":"publish","type":"product","link":"https:\/\/ironsky.pl\/sklep\/produkt\/adapter-kulowy-dji-osmo-nano-magnetyczny-z-przyssawka\/","title":{"rendered":"Adapter kulowy DJI Osmo Nano magnetyczny z przyssawk\u0105"},"content":{"rendered":"<h3>Magnetyczny adapter kulowy DJI Osmo Nano<\/h3>\n<p>Dwukierunkowe mocowanie magnetyczne z przegubem kulowym do DJI Osmo Nano pozwala wykorzysta\u0107 kamer\u0119 w r\u00f3\u017cnorodnych sytuacjach. Solidna budowa zapewnia stabilno\u015b\u0107 oraz odporno\u015b\u0107 w r\u00f3\u017cnych warunkach u\u017cytkowania. Dzi\u0119ki przyssawce pr\u00f3\u017cniowej mo\u017cna stabilnie zamontowa\u0107 urz\u0105dzenie na szkle, p\u0142ytkach czy innych g\u0142adkich powierzchniach i uzyska\u0107 kreatywne uj\u0119cia.<\/p>\n<p>\n<img decoding=\"async\" src=\"https:\/\/assets.innpro.pl\/18015\/23992\/2.jpg\" border=\"0\" alt=\"Magnetyczny adapter kulowy DJI Osmo Nano widoczny pod k\u0105tem z lewej strony, z wyra\u017anie zaznaczonym uchwytem i podstaw\u0105\" \/>\n<\/p>\n<h3>Swobodna regulacja k\u0105ta<\/h3>\n<p>Przegub kulowy zapewnia pe\u0142n\u0105 elastyczno\u015b\u0107 w ustawianiu kamery. Dzi\u0119ki p\u0142ynnej regulacji z \u0142atwo\u015bci\u0105 dopasujesz kadr do swoich potrzeb i uchwycisz idealne uj\u0119cie.<\/p>\n<p>\n<img decoding=\"async\" src=\"https:\/\/assets.innpro.pl\/18015\/23992\/3.jpg\" border=\"0\" alt=\"Magnetyczny adapter kulowy DJI Osmo Nano ukazany pod k\u0105tem z prawej strony, z widocznym zaczepem u podstawy\" \/>\n<\/p>\n<h3>Mocowanie magnetyczne<\/h3>\n<p>Zaawansowany system magnetyczny umo\u017cliwia szybkie, a jednocze\u015bnie solidne mocowanie DJI Osmo Nano. Kamera pozostaje pewnie osadzona nawet podczas dynamicznego nagrywania, a jej od\u0142\u0105czenie zajmuje tylko moment.<\/p>\n<p>\n<img decoding=\"async\" src=\"https:\/\/assets.innpro.pl\/18015\/23992\/1.jpg\" border=\"0\" alt=\"Magnetyczny adapter kulowy DJI Osmo Nano przedstawiony od przodu na czarnym tle\" \/>\n<\/p>\n<h3>Gotowe na dodatkowe akcesoria<\/h3>\n<p>Podstawa mocowania zosta\u0142a wyposa\u017cona w uniwersalny gwint 1\/4&#8243;, kt\u00f3ry daje mo\u017cliwo\u015b\u0107 pod\u0142\u0105czenia innych akcesori\u00f3w. Takie rozwi\u0105zanie zwi\u0119ksza Twoje mo\u017cliwo\u015bci i pozwala tworzy\u0107 jeszcze lepsze nagrania.<\/p>\n<p>\n<img decoding=\"async\" src=\"https:\/\/assets.innpro.pl\/18015\/23992\/4.jpg\" border=\"0\" alt=\"Magnetyczny adapter kulowy DJI Osmo Nano widziany z g\u00f3ry, ukazuj\u0105cy okr\u0105g\u0142\u0105 podstaw\u0119 i centralny przegub kulowy\" \/>\n<\/p>\n<div class=\"table-wrapper\">\n<p>\u00a0<\/p>\n<h3><\/h3>\n<table>\n<tbody>\n<tr>\n<th>Producent<\/th>\n<td>DJI<\/td>\n<\/tr>\n<tr>\n<th>Kod producenta<\/th>\n<td>078645<\/td>\n<\/tr>\n<tr>\n<th>Wymiary<\/th>\n<td>57 \u00d7 52,6 \u00d7 57 mm<\/td>\n<\/tr>\n<tr>\n<th>Mocowanie<\/th>\n<td>Przyssawka pr\u00f3\u017cniowa + otw\u00f3r gwintowany 1\/4&#8243;<\/td>\n<\/tr>\n<tr>\n<th>Kompatybilno\u015b\u0107<\/th>\n<td>DJI Osmo Nano<\/td>\n<\/tr>\n<\/tbody>\n<\/table>\n<\/div>\n","protected":false},"excerpt":{"rendered":"<p>Magnetyczny adapter kulowy DJI Osmo Nano Dwukierunkowe mocowanie magnetyczne z przegubem kulowym do DJI Osmo Nano pozwala wykorzysta\u0107 kamer\u0119 w<\/p>\n","protected":false},"featured_media":49380,"comment_status":"closed","ping_status":"open","template":"","meta":{"_acf_changed":false},"product_brand":[],"product_cat":[6198,1128,6178,6176,6177,1138],"product_tag":[],"class_list":{"0":"post-60598","1":"product","2":"type-product","3":"status-publish","4":"has-post-thumbnail","6":"product_cat-adaptery-i-przejsciowki","7":"product_cat-foto-wideo","8":"product_cat-mocowania","9":"product_cat-selfie-stiki","10":"product_cat-statywy-selfie-stiki","11":"product_cat-wysiegniki","12":"pa_okres-gwarancji-5757","13":"pa_producent-dji","15":"first","16":"outofstock","17":"taxable","18":"shipping-taxable","19":"purchasable","20":"product-type-simple"},"acf":[],"yoast_head":"<!-- This site is optimized with the Yoast SEO plugin v27.2 - https:\/\/yoast.com\/product\/yoast-seo-wordpress\/ -->\n<title>Adapter kulowy DJI Osmo Nano magnetyczny z przyssawk\u0105 - IRONSKY.PL Sklep z Dronami<\/title>\n<meta name=\"description\" content=\"Adapter kulowy DJI Osmo Nano magnetyczny z przyssawk\u0105 - \u2705 sklep z dronami i fachowym doradztwem. \u2705 Tutaj kupisz produkty DJI, Yuneec, Parrot, Syma i wiele innych, a tak\u017ce kursy i licencje na operatora drona.\" \/>\n<meta name=\"robots\" content=\"index, follow, max-snippet:-1, max-image-preview:large, max-video-preview:-1\" \/>\n<link rel=\"canonical\" href=\"https:\/\/ironsky.pl\/sklep\/produkt\/adapter-kulowy-dji-osmo-nano-magnetyczny-z-przyssawka\/\" \/>\n<meta property=\"og:locale\" content=\"pl_PL\" \/>\n<meta property=\"og:type\" content=\"article\" \/>\n<meta property=\"og:title\" content=\"Adapter kulowy DJI Osmo Nano magnetyczny z przyssawk\u0105 - IRONSKY.PL Sklep z Dronami\" \/>\n<meta property=\"og:description\" content=\"Adapter kulowy DJI Osmo Nano magnetyczny z przyssawk\u0105 - \u2705 sklep z dronami i fachowym doradztwem. \u2705 Tutaj kupisz produkty DJI, Yuneec, Parrot, Syma i wiele innych, a tak\u017ce kursy i licencje na operatora drona.\" \/>\n<meta property=\"og:url\" content=\"https:\/\/ironsky.pl\/sklep\/produkt\/adapter-kulowy-dji-osmo-nano-magnetyczny-z-przyssawka\/\" \/>\n<meta property=\"og:site_name\" content=\"IRONSKY.PL Sklep z Dronami\" \/>\n<meta property=\"article:modified_time\" content=\"2026-04-15T09:05:10+00:00\" \/>\n<meta property=\"og:image\" content=\"https:\/\/ironsky.pl\/sklep\/wp-content\/uploads\/2025\/10\/53730_1.jpg\" \/>\n\t<meta property=\"og:image:width\" content=\"800\" \/>\n\t<meta property=\"og:image:height\" content=\"800\" \/>\n\t<meta property=\"og:image:type\" content=\"image\/jpeg\" \/>\n<meta name=\"twitter:card\" content=\"summary_large_image\" \/>\n<meta name=\"twitter:label1\" content=\"Szacowany czas czytania\" \/>\n\t<meta name=\"twitter:data1\" content=\"1 minuta\" \/>\n<script type=\"application\/ld+json\" class=\"yoast-schema-graph\">{\"@context\":\"https:\/\/schema.org\",\"@graph\":[{\"@type\":\"WebPage\",\"@id\":\"https:\/\/ironsky.pl\/sklep\/produkt\/adapter-kulowy-dji-osmo-nano-magnetyczny-z-przyssawka\/\",\"url\":\"https:\/\/ironsky.pl\/sklep\/produkt\/adapter-kulowy-dji-osmo-nano-magnetyczny-z-przyssawka\/\",\"name\":\"Adapter kulowy DJI Osmo Nano magnetyczny z przyssawk\u0105 - IRONSKY.PL Sklep z Dronami\",\"isPartOf\":{\"@id\":\"https:\/\/ironsky.pl\/sklep\/#website\"},\"primaryImageOfPage\":{\"@id\":\"https:\/\/ironsky.pl\/sklep\/produkt\/adapter-kulowy-dji-osmo-nano-magnetyczny-z-przyssawka\/#primaryimage\"},\"image\":{\"@id\":\"https:\/\/ironsky.pl\/sklep\/produkt\/adapter-kulowy-dji-osmo-nano-magnetyczny-z-przyssawka\/#primaryimage\"},\"thumbnailUrl\":\"https:\/\/ironsky.pl\/sklep\/wp-content\/uploads\/2025\/10\/53730_1.jpg\",\"datePublished\":\"2026-04-15T09:04:47+00:00\",\"dateModified\":\"2026-04-15T09:05:10+00:00\",\"description\":\"Adapter kulowy DJI Osmo Nano magnetyczny z przyssawk\u0105 - \u2705 sklep z dronami i fachowym doradztwem. \u2705 Tutaj kupisz produkty DJI, Yuneec, Parrot, Syma i wiele innych, a tak\u017ce kursy i licencje na operatora drona.\",\"breadcrumb\":{\"@id\":\"https:\/\/ironsky.pl\/sklep\/produkt\/adapter-kulowy-dji-osmo-nano-magnetyczny-z-przyssawka\/#breadcrumb\"},\"inLanguage\":\"pl-PL\",\"potentialAction\":[{\"@type\":\"ReadAction\",\"target\":[\"https:\/\/ironsky.pl\/sklep\/produkt\/adapter-kulowy-dji-osmo-nano-magnetyczny-z-przyssawka\/\"]}]},{\"@type\":\"ImageObject\",\"inLanguage\":\"pl-PL\",\"@id\":\"https:\/\/ironsky.pl\/sklep\/produkt\/adapter-kulowy-dji-osmo-nano-magnetyczny-z-przyssawka\/#primaryimage\",\"url\":\"https:\/\/ironsky.pl\/sklep\/wp-content\/uploads\/2025\/10\/53730_1.jpg\",\"contentUrl\":\"https:\/\/ironsky.pl\/sklep\/wp-content\/uploads\/2025\/10\/53730_1.jpg\",\"width\":800,\"height\":800},{\"@type\":\"BreadcrumbList\",\"@id\":\"https:\/\/ironsky.pl\/sklep\/produkt\/adapter-kulowy-dji-osmo-nano-magnetyczny-z-przyssawka\/#breadcrumb\",\"itemListElement\":[{\"@type\":\"ListItem\",\"position\":1,\"name\":\"Strona g\u0142\u00f3wna\",\"item\":\"https:\/\/ironsky.pl\/sklep\/\"},{\"@type\":\"ListItem\",\"position\":2,\"name\":\"Wszystkie produkty\",\"item\":\"https:\/\/ironsky.pl\/sklep\/produkty\/\"},{\"@type\":\"ListItem\",\"position\":3,\"name\":\"Adapter kulowy DJI Osmo Nano magnetyczny z przyssawk\u0105\"}]},{\"@type\":\"WebSite\",\"@id\":\"https:\/\/ironsky.pl\/sklep\/#website\",\"url\":\"https:\/\/ironsky.pl\/sklep\/\",\"name\":\"IRONSKY.PL Sklep z Dronami\",\"description\":\"IRONSKY.PL Sklep z Dronami\",\"potentialAction\":[{\"@type\":\"SearchAction\",\"target\":{\"@type\":\"EntryPoint\",\"urlTemplate\":\"https:\/\/ironsky.pl\/sklep\/?s={search_term_string}\"},\"query-input\":{\"@type\":\"PropertyValueSpecification\",\"valueRequired\":true,\"valueName\":\"search_term_string\"}}],\"inLanguage\":\"pl-PL\"}]}<\/script>\n<!-- \/ Yoast SEO plugin. -->","yoast_head_json":{"title":"Adapter kulowy DJI Osmo Nano magnetyczny z przyssawk\u0105 - IRONSKY.PL Sklep z Dronami","description":"Adapter kulowy DJI Osmo Nano magnetyczny z przyssawk\u0105 - \u2705 sklep z dronami i fachowym doradztwem. \u2705 Tutaj kupisz produkty DJI, Yuneec, Parrot, Syma i wiele innych, a tak\u017ce kursy i licencje na operatora drona.","robots":{"index":"index","follow":"follow","max-snippet":"max-snippet:-1","max-image-preview":"max-image-preview:large","max-video-preview":"max-video-preview:-1"},"canonical":"https:\/\/ironsky.pl\/sklep\/produkt\/adapter-kulowy-dji-osmo-nano-magnetyczny-z-przyssawka\/","og_locale":"pl_PL","og_type":"article","og_title":"Adapter kulowy DJI Osmo Nano magnetyczny z przyssawk\u0105 - IRONSKY.PL Sklep z Dronami","og_description":"Adapter kulowy DJI Osmo Nano magnetyczny z przyssawk\u0105 - \u2705 sklep z dronami i fachowym doradztwem. \u2705 Tutaj kupisz produkty DJI, Yuneec, Parrot, Syma i wiele innych, a tak\u017ce kursy i licencje na operatora drona.","og_url":"https:\/\/ironsky.pl\/sklep\/produkt\/adapter-kulowy-dji-osmo-nano-magnetyczny-z-przyssawka\/","og_site_name":"IRONSKY.PL Sklep z Dronami","article_modified_time":"2026-04-15T09:05:10+00:00","og_image":[{"width":800,"height":800,"url":"https:\/\/ironsky.pl\/sklep\/wp-content\/uploads\/2025\/10\/53730_1.jpg","type":"image\/jpeg"}],"twitter_card":"summary_large_image","twitter_misc":{"Szacowany czas czytania":"1 minuta"},"schema":{"@context":"https:\/\/schema.org","@graph":[{"@type":"WebPage","@id":"https:\/\/ironsky.pl\/sklep\/produkt\/adapter-kulowy-dji-osmo-nano-magnetyczny-z-przyssawka\/","url":"https:\/\/ironsky.pl\/sklep\/produkt\/adapter-kulowy-dji-osmo-nano-magnetyczny-z-przyssawka\/","name":"Adapter kulowy DJI Osmo Nano magnetyczny z przyssawk\u0105 - IRONSKY.PL Sklep z Dronami","isPartOf":{"@id":"https:\/\/ironsky.pl\/sklep\/#website"},"primaryImageOfPage":{"@id":"https:\/\/ironsky.pl\/sklep\/produkt\/adapter-kulowy-dji-osmo-nano-magnetyczny-z-przyssawka\/#primaryimage"},"image":{"@id":"https:\/\/ironsky.pl\/sklep\/produkt\/adapter-kulowy-dji-osmo-nano-magnetyczny-z-przyssawka\/#primaryimage"},"thumbnailUrl":"https:\/\/ironsky.pl\/sklep\/wp-content\/uploads\/2025\/10\/53730_1.jpg","datePublished":"2026-04-15T09:04:47+00:00","dateModified":"2026-04-15T09:05:10+00:00","description":"Adapter kulowy DJI Osmo Nano magnetyczny z przyssawk\u0105 - \u2705 sklep z dronami i fachowym doradztwem. \u2705 Tutaj kupisz produkty DJI, Yuneec, Parrot, Syma i wiele innych, a tak\u017ce kursy i licencje na operatora drona.","breadcrumb":{"@id":"https:\/\/ironsky.pl\/sklep\/produkt\/adapter-kulowy-dji-osmo-nano-magnetyczny-z-przyssawka\/#breadcrumb"},"inLanguage":"pl-PL","potentialAction":[{"@type":"ReadAction","target":["https:\/\/ironsky.pl\/sklep\/produkt\/adapter-kulowy-dji-osmo-nano-magnetyczny-z-przyssawka\/"]}]},{"@type":"ImageObject","inLanguage":"pl-PL","@id":"https:\/\/ironsky.pl\/sklep\/produkt\/adapter-kulowy-dji-osmo-nano-magnetyczny-z-przyssawka\/#primaryimage","url":"https:\/\/ironsky.pl\/sklep\/wp-content\/uploads\/2025\/10\/53730_1.jpg","contentUrl":"https:\/\/ironsky.pl\/sklep\/wp-content\/uploads\/2025\/10\/53730_1.jpg","width":800,"height":800},{"@type":"BreadcrumbList","@id":"https:\/\/ironsky.pl\/sklep\/produkt\/adapter-kulowy-dji-osmo-nano-magnetyczny-z-przyssawka\/#breadcrumb","itemListElement":[{"@type":"ListItem","position":1,"name":"Strona g\u0142\u00f3wna","item":"https:\/\/ironsky.pl\/sklep\/"},{"@type":"ListItem","position":2,"name":"Wszystkie produkty","item":"https:\/\/ironsky.pl\/sklep\/produkty\/"},{"@type":"ListItem","position":3,"name":"Adapter kulowy DJI Osmo Nano magnetyczny z przyssawk\u0105"}]},{"@type":"WebSite","@id":"https:\/\/ironsky.pl\/sklep\/#website","url":"https:\/\/ironsky.pl\/sklep\/","name":"IRONSKY.PL Sklep z Dronami","description":"IRONSKY.PL Sklep z Dronami","potentialAction":[{"@type":"SearchAction","target":{"@type":"EntryPoint","urlTemplate":"https:\/\/ironsky.pl\/sklep\/?s={search_term_string}"},"query-input":{"@type":"PropertyValueSpecification","valueRequired":true,"valueName":"search_term_string"}}],"inLanguage":"pl-PL"}]}},"_links":{"self":[{"href":"https:\/\/ironsky.pl\/sklep\/wp-json\/wp\/v2\/product\/60598","targetHints":{"allow":["GET"]}}],"collection":[{"href":"https:\/\/ironsky.pl\/sklep\/wp-json\/wp\/v2\/product"}],"about":[{"href":"https:\/\/ironsky.pl\/sklep\/wp-json\/wp\/v2\/types\/product"}],"replies":[{"embeddable":true,"href":"https:\/\/ironsky.pl\/sklep\/wp-json\/wp\/v2\/comments?post=60598"}],"wp:featuredmedia":[{"embeddable":true,"href":"https:\/\/ironsky.pl\/sklep\/wp-json\/wp\/v2\/media\/49380"}],"wp:attachment":[{"href":"https:\/\/ironsky.pl\/sklep\/wp-json\/wp\/v2\/media?parent=60598"}],"wp:term":[{"taxonomy":"product_brand","embeddable":true,"href":"https:\/\/ironsky.pl\/sklep\/wp-json\/wp\/v2\/product_brand?post=60598"},{"taxonomy":"product_cat","embeddable":true,"href":"https:\/\/ironsky.pl\/sklep\/wp-json\/wp\/v2\/product_cat?post=60598"},{"taxonomy":"product_tag","embeddable":true,"href":"https:\/\/ironsky.pl\/sklep\/wp-json\/wp\/v2\/product_tag?post=60598"}],"curies":[{"name":"wp","href":"https:\/\/api.w.org\/{rel}","templated":true}]}}