{"id":60592,"date":"2026-04-15T11:04:47","date_gmt":"2026-04-15T09:04:47","guid":{"rendered":"https:\/\/ironsky.pl\/sklep\/produkt\/zestaw-lodowka-turystyczna-ecoflow-glacier-35l-bateria-298wh\/"},"modified":"2026-04-15T11:05:01","modified_gmt":"2026-04-15T09:05:01","slug":"zestaw-lodowka-turystyczna-ecoflow-glacier-35l-bateria-298wh","status":"publish","type":"product","link":"https:\/\/ironsky.pl\/sklep\/produkt\/zestaw-lodowka-turystyczna-ecoflow-glacier-35l-bateria-298wh\/","title":{"rendered":"Zestaw lod\u00f3wka turystyczna ECOFLOW Glacier 35l + bateria 298Wh"},"content":{"rendered":"<h3>Zestaw: Przeno\u015bna lod\u00f3wka EcoFlow Glacier 35L + Bateria 298Wh<\/h3>\n<p>Przeno\u015bna lod\u00f3wka EcoFlow GLACIER Classic idealnie sprawdzi si\u0119 na kempingu, w kamperze, podczas wypadu pod namiot, na spontanicznym grillu, a nawet na zakupach w upalny dzie\u0144. Dzi\u0119ki kompaktowej konstrukcji bez problemu zmie\u015bci si\u0119 na przyk\u0142ad w baga\u017cniku, a pojemno\u015b\u0107 35 l wystarczy, aby przechowa\u0107 do 58 puszek napoju. Urz\u0105dzenie pozwala te\u017c wybiera\u0107 mi\u0119dzy trybem ch\u0142odzenia a mro\u017cenia \u2013 zapewni \u015bwie\u017co\u015b\u0107 produktom takim jak jogurty, warzywa, owoce czy mi\u0119so. Ponadto lod\u00f3wka mo\u017ce by\u0107 zasilana na kilka sposob\u00f3w \u2013 mi\u0119dzy innymi z gniazdka AC, w samochodzie lub przy u\u017cyciu dodatkowej baterii (w zestawie).<\/p>\n<p>\n<img decoding=\"async\" src=\"https:\/\/assets.innpro.pl\/17025\/22300\/2.jpg\" border=\"0\" alt=\"\" \/>\n<\/p>\n<h3>Ch\u0142odzi lub mrozi \u2013 wyb\u00f3r nale\u017cy do Ciebie<\/h3>\n<p>Lod\u00f3wka o pojemno\u015bci 35 l oferuje pojedyncz\u0105 stref\u0119, kt\u00f3ra mo\u017ce pracowa\u0107 w trybie ch\u0142odzenia lub mro\u017cenia. To oznacza, \u017ce z \u0142atwo\u015bci\u0105 dostosujesz j\u0105 do swoich potrzeb i bezpiecznie przechowasz w niej mi\u0119so, napoje czy nawet lody. Precyzyjne sensory stabilnie utrzymuj\u0105 odpowiedni\u0105 temperatur\u0119 z dok\u0142adno\u015bci\u0105 do \u00b11\u00b0C, dzi\u0119ki czemu umieszczone wewn\u0105trz jedzenie pozostaje \u015bwie\u017ce przez d\u0142u\u017cszy czas.<\/p>\n<p>\n<img decoding=\"async\" src=\"https:\/\/assets.innpro.pl\/17025\/22300\/7.jpg\" border=\"0\" alt=\"\" \/>\n<\/p>\n<h3>W sam raz na ka\u017cd\u0105 wypraw\u0119<\/h3>\n<p>Model GLACIER Classic 35 l zosta\u0142 zaprojektowany z my\u015bl\u0105 o podr\u00f3\u017cnikach i nie tylko. Jego kompaktowa konstrukcja (70,6 x 40 x 40,5 cm) pozwala zaoszcz\u0119dzi\u0107 miejsce w baga\u017cniku czy w kamperze, a zarazem pomie\u015bci\u0107 wszystko, co niezb\u0119dne \u2013 od napoj\u00f3w, przez przek\u0105ski, a\u017c po inne produkty spo\u017cywcze, takie jak sery czy jogurty. Lod\u00f3wka jest o oko\u0142o 40% mniejsza ni\u017c standardowe urz\u0105dzenia o podobnej pojemno\u015bci, a mimo to bez problemu zmie\u015bci a\u017c 58 puszek napoju po 330 ml.<\/p>\n<p>\n<img decoding=\"async\" src=\"https:\/\/assets.innpro.pl\/17025\/22300\/4.jpg\" border=\"0\" alt=\"\" \/>\n<\/p>\n<h3>Sprawdzi si\u0119 w wielu zastosowaniach<\/h3>\n<p>Lod\u00f3wka GLACIER Classic sprawdzi si\u0119 wsz\u0119dzie tam, gdzie liczy si\u0119 niezawodno\u015b\u0107 i wygoda. Z powodzeniem wykorzystasz j\u0105 podczas biwak\u00f3w, wyjazd\u00f3w kamperem, rodzinnych wakacji czy d\u0142ugich tras samochodowych, a tak\u017ce na dzia\u0142ce lub przy grillu. Mo\u017cesz te\u017c zabra\u0107 j\u0105 na zakupy w upalny dzie\u0144, aby mie\u0107 pewno\u015b\u0107, \u017ce lody, warzywa czy mro\u017conki bezpiecznie dojad\u0105 do domu. Dzi\u0119ki kompaktowej konstrukcji urz\u0105dzenie zmie\u015bci si\u0119 w wi\u0119kszo\u015bci baga\u017cnik\u00f3w.<\/p>\n<p>\n<img decoding=\"async\" src=\"https:\/\/assets.innpro.pl\/17025\/22300\/1.jpg\" border=\"0\" alt=\"\" \/>\n<\/p>\n<h3>Kilka mo\u017cliwo\u015bci zasilania<\/h3>\n<p>Dzi\u0119ki kilku dost\u0119pnym sposobom zasilania lod\u00f3wka GLACIER Classic sprawdzi si\u0119 w niemal ka\u017cdych warunkach. Mo\u017cesz po prostu pod\u0142\u0105czy\u0107 j\u0105 do gniazda AC, \u0142adowarki samochodowej lub alternatora pojazdu (produkt jest kompatybilny z \u0142adowarkami EcoFlow Alternator Charger 500 W i 800 W). Urz\u0105dzenie dzia\u0142a tak\u017ce w po\u0142\u0105czeniu z panelami fotowoltaicznymi (11-30 V, poni\u017cej 110 W) \u2013 w takiej sytuacji nale\u017cy jednak u\u017cy\u0107 do\u0142\u0105czonego do zestawu akumulatora. Do dyspozycji masz r\u00f3wnie\u017c port USB-C, kt\u00f3ry umo\u017cliwia nie tylko zasilanie lod\u00f3wki, ale te\u017c \u0142adowanie wybranych urz\u0105dze\u0144, takich jak na przyk\u0142ad smartfon czy laptop.<\/p>\n<p>\n<img decoding=\"async\" src=\"https:\/\/assets.innpro.pl\/17025\/22300\/6.jpg\" border=\"0\" alt=\"\" \/>\n<\/p>\n<h3>Bezprzewodowe dzia\u0142anie z dodatkowym akumulatorem<\/h3>\n<p>Do\u0142\u0105czony do zestawu akumulator pozwala na bezprzewodowe dzia\u0142anie lod\u00f3wki. Dzi\u0119ki pojemno\u015bci 298 Wh mo\u017ce on zasila\u0107 urz\u0105dzenie nawet przez 43 godziny! Takie rozwi\u0105zanie \u015bwietnie sprawdzi si\u0119 w razie awarii pr\u0105du lub podczas wyjazd\u00f3w w miejsca, gdzie dost\u0119p do standardowych \u017ar\u00f3de\u0142 energii jest utrudniony.<\/p>\n<p>\n<img decoding=\"async\" src=\"https:\/\/assets.innpro.pl\/17025\/22300\/3.jpg\" border=\"0\" alt=\"\" \/>\n<\/p>\n<h3>Doskona\u0142a izolacja, imponuj\u0105ca wydajno\u015b\u0107<\/h3>\n<p>Zapomnij o topniej\u0105cym lodzie i zalanych opakowaniach. Dzi\u0119ki 53-milimetrowej warstwie pianki izolacyjnej i szczelnemu zamkni\u0119ciu GLACIER Classic stabilnie utrzymuje w\u0142a\u015bciw\u0105 temperatur\u0119. Ponadto wydajny kompresor zapewnia niskie zu\u017cycie energii i sprawia, \u017ce lod\u00f3wka mo\u017ce dzia\u0142a\u0107 efektywnie przez d\u0142ugi czas.<\/p>\n<p>\n<img decoding=\"async\" src=\"https:\/\/assets.innpro.pl\/17025\/22300\/9.jpg\" border=\"0\" alt=\"\" \/>\n<\/p>\n<h3>Wi\u0119cej mo\u017cliwo\u015bci z aplikacj\u0105 EcoFlow<\/h3>\n<p>Za pomoc\u0105 aplikacji EcoFlow mo\u017cesz wygodnie kontrolowa\u0107 temperatur\u0119, monitorowa\u0107 stan akumulatora, sprawdza\u0107 dane z ostatnich 7 dni i korzysta\u0107 z dost\u0119pnych tryb\u00f3w. Tryb Max zapewnia ch\u0142odzenie z maksymaln\u0105 wydajno\u015bci\u0105 \u2013 sprawdzi si\u0119 w przypadku lod\u00f3w czy zamro\u017conego mi\u0119sa. Z kolei tryb Eco zmniejsza zu\u017cycie energii, b\u0119dzie wi\u0119c doskona\u0142ym rozwi\u0105zaniem podczas d\u0142u\u017cszych wyjazd\u00f3w. Aplikacja b\u0119dzie te\u017c wysy\u0142a\u0107 Ci powiadomienia o ewentualnych wahaniach temperatury odbiegaj\u0105cych od normy.<\/p>\n<p>\n<img decoding=\"async\" src=\"https:\/\/assets.innpro.pl\/17025\/22300\/14.jpg\" border=\"0\" alt=\"\" \/>\n<\/p>\n<h3>Wygodne przenoszenie<\/h3>\n<p>Po obu stronach lod\u00f3wki znajduj\u0105 si\u0119 ukryte uchwyty o szeroko\u015bci 26,7 cm, kt\u00f3re umo\u017cliwiaj\u0105 jej wygodne i bezpieczne przenoszenie przez dwie osoby \u2013 nawet wtedy, gdy wn\u0119trze wype\u0142nione jest jedzeniem i napojami. Wytrzymuj\u0105 one obci\u0105\u017cenie do 100 kg, nie musisz wi\u0119c obawia\u0107 si\u0119 ich uszkodzenia.<\/p>\n<p>\n<img decoding=\"async\" src=\"https:\/\/assets.innpro.pl\/17025\/22300\/15.jpg\" border=\"0\" alt=\"\" \/>\n<\/p>\n<h3>Dodatkowe akcesoria na ka\u017cd\u0105 przygod\u0119<\/h3>\n<p>W oddzielnej sprzeda\u017cy dost\u0119pne s\u0105 r\u00f3wnie\u017c dodatkowe akcesoria, kt\u00f3re zwi\u0119kszaj\u0105 funkcjonalno\u015b\u0107 lod\u00f3wki podczas wypraw. Od\u0142\u0105czana tablica umo\u017cliwia wygodne przechowywanie narz\u0119dzi, przypraw czy podr\u0119cznych drobiazg\u00f3w, a sk\u0142adany stolik z powodzeniem pos\u0142u\u017cy na przyk\u0142ad jako deska do krojenia. Z kolei praktyczna torba pozwoli uporz\u0105dkowa\u0107 sztu\u0107ce i inne niewielkie przedmioty. To \u015bwietna opcja dla ka\u017cdego, kto chce mie\u0107 pod r\u0119k\u0105 wszystko, co niezb\u0119dne w terenie!<\/p>\n<p>\n<img decoding=\"async\" src=\"https:\/\/assets.innpro.pl\/17025\/22300\/10.jpg\" border=\"0\" alt=\"\" \/>\n<\/p>\n<h3>W zestawie<\/h3>\n<ul class=\"list-disc pl-5\">\n<li>Przeno\u015bna lod\u00f3wka EcoFlow GLACIER 35 l<\/li>\n<li>Zasilacz AC<\/li>\n<li>Koszyk<\/li>\n<li>Kabel z \u0142adowark\u0105 samochodow\u0105<\/li>\n<li>Skr\u00f3cona instrukcja obs\u0142ugi, instrukcja bezpiecze\u0144stwa i karta gwarancyjna<\/li>\n<li>Bateria 298Wh<\/li>\n<\/ul>\n<div class=\"table-wrapper\">\n<p>\u00a0<\/p>\n<h3>Og\u00f3lne<\/h3>\n<table>\n<tbody>\n<tr>\n<th>Producent<\/th>\n<td>EcoFlow<\/td>\n<\/tr>\n<tr>\n<th>Nazwa<\/th>\n<td>GLACIER Classic 35L<\/td>\n<\/tr>\n<tr>\n<th>Model<\/th>\n<td>EFGLACIER35L-EU-NBOX<\/td>\n<\/tr>\n<tr>\n<th>Wymiary zewn\u0119trzne<\/th>\n<td>70,6\u00d740\u00d740,5 cm<\/td>\n<\/tr>\n<tr>\n<th>Wymiary wewn\u0119trzne<\/th>\n<td> 48,7\u00d728,4\u00d729,85 cm<\/td>\n<\/tr>\n<tr>\n<th>Waga<\/th>\n<td>19.6 kg<\/td>\n<\/tr>\n<tr>\n<th>Pojemno\u015b\u0107 u\u017cytkowa<\/th>\n<td>35 L<\/td>\n<\/tr>\n<tr>\n<th>Strefa ch\u0142odzenia<\/th>\n<td>Pojedyncza, z mo\u017cliwo\u015bci\u0105 wyboru ch\u0142odzenie\/zamra\u017canie<\/td>\n<\/tr>\n<\/tbody>\n<\/table>\n<p>\u00a0<\/p>\n<h3>Zasilanie<\/h3>\n<table>\n<tbody>\n<tr>\n<th>Zasilanie AC<\/th>\n<td>Adapter AC: 95 W maks., 14,5 V, 100-240 V, 50\/60 Hz<\/td>\n<\/tr>\n<tr>\n<th>Zasilanie DC (\u0142adowanie solarne)<\/th>\n<td>11-30 V, 8 A \/ 110 W maks.<\/td>\n<\/tr>\n<tr>\n<th>Zasilanie DC (gniazdo samochodowe)<\/th>\n<td>12 V\/24 V, 8 A \/ 100 W maks.<\/td>\n<\/tr>\n<\/tbody>\n<\/table>\n<p>\u00a0<\/p>\n<h3>Wydajno\u015b\u0107 robocza<\/h3>\n<table>\n<tbody>\n<tr>\n<th>Czas pracy na akumulatorze (w oddzielnej sprzeda\u017cy)<\/th>\n<td>Ok. 43 h (przy temperaturze otoczenia 25\u00b0C, w trybie Eco)<\/td>\n<\/tr>\n<tr>\n<th>Moc znamionowa<\/th>\n<td>55 W<\/td>\n<\/tr>\n<tr>\n<th>Poziom ha\u0142asu<\/th>\n<td>&lt; 38,5 dB<\/td>\n<\/tr>\n<tr>\n<th>Klasa szczelno\u015bci<\/th>\n<td>IPX4<\/td>\n<\/tr>\n<tr>\n<th>Zakres temperatur ch\u0142odzenia<\/th>\n<td>Od -20\u00b0C do 20\u00b0C<\/td>\n<\/tr>\n<tr>\n<th>Zakres temperatur otoczenia pracy<\/th>\n<td>Od -10\u00b0C do 50\u00b0C<\/td>\n<\/tr>\n<tr>\n<th>Temperatura przechowywania<\/th>\n<td>Od -20\u00b0C do 60\u00b0C<\/td>\n<\/tr>\n<tr>\n<th>Dok\u0142adno\u015b\u0107 temperatury<\/th>\n<td>Tryb Eco: \u00b12-3\u00b0C; Tryb Max: \u00b11\u00b0C;<\/td>\n<\/tr>\n<tr>\n<th>Zu\u017cycie energii \u2013 ch\u0142odzenie (4\u00b0C)<\/th>\n<td>165 Wh \/ 24 h; 0,57 Ah\/h;<\/td>\n<\/tr>\n<tr>\n<th> Zu\u017cycie energii \u2013 mro\u017cenie (-18\u00b0C)<\/th>\n<td> 520 Wh \/ 24 h; 1,8 Ah\/h; (przy temperaturze otoczenia 25\u00b0C, w trybie Eco)<\/td>\n<\/tr>\n<tr>\n<th> Klasa efektywno\u015bci energetycznej<\/th>\n<td> Poziom domowy: 1; Europa: Klasa B<\/td>\n<\/tr>\n<\/tbody>\n<\/table>\n<p>\u00a0<\/p>\n<h3>Inne<\/h3>\n<table>\n<tbody>\n<tr>\n<th>Aplikacja<\/th>\n<td>EcoFlow<\/td>\n<\/tr>\n<tr>\n<th>Czynnik ch\u0142odniczy<\/th>\n<td>R600a<\/td>\n<\/tr>\n<\/tbody>\n<\/table>\n<p>\u00a0<\/p>\n<h3>Bateria<\/h3>\n<table>\n<tbody>\n<tr>\n<th>Producent <\/th>\n<td>EcoFlow<\/td>\n<\/tr>\n<tr>\n<th>Nazwa <\/th>\n<td>Plug-in battery<\/td>\n<\/tr>\n<tr>\n<th>Przeznaczenie lod\u00f3wka<\/th>\n<td>EcoFlow Glacier<\/td>\n<\/tr>\n<tr>\n<th>Pojemno\u015b\u0107 <\/th>\n<td>298 Wh<\/td>\n<\/tr>\n<tr>\n<th>Czas \u0142adowania <\/th>\n<td>AC (180 W): 2,15 h; DC (24V): 2,7 h; DC (12V): 4h; panele s\u0142oneczne (240W): 2,5 h<\/td>\n<\/tr>\n<tr>\n<th>Moc <\/th>\n<td>100 W<\/td>\n<\/tr>\n<tr>\n<th>Port wej\u015bciowy\/wyj\u015bciowy <\/th>\n<td>USB-C<\/td>\n<\/tr>\n<tr>\n<th>Czas pracy <\/th>\n<td>24h ch\u0142odzenia \/ 10 h mro\u017cenia<\/td>\n<\/tr>\n<tr>\n<th>\u017bywotno\u015b\u0107 <\/th>\n<td>800 cykli (80%+ pojemno\u015bci)<\/td>\n<\/tr>\n<tr>\n<th>Wymiary <\/th>\n<td>245.5 x 92 x 68 mm<\/td>\n<\/tr>\n<tr>\n<th>Waga <\/th>\n<td>1.8 kg<\/td>\n<\/tr>\n<\/tbody>\n<\/table>\n<\/div>\n","protected":false},"excerpt":{"rendered":"<p>Zestaw: Przeno\u015bna lod\u00f3wka EcoFlow Glacier 35L + Bateria 298Wh Przeno\u015bna lod\u00f3wka EcoFlow GLACIER Classic idealnie sprawdzi si\u0119 na kempingu, w<\/p>\n","protected":false},"featured_media":60593,"comment_status":"closed","ping_status":"open","template":"","meta":{"_acf_changed":false},"product_brand":[],"product_cat":[5978,5937],"product_tag":[],"class_list":{"0":"post-60592","1":"product","2":"type-product","3":"status-publish","4":"has-post-thumbnail","6":"product_cat-kemping","7":"product_cat-outdoor","8":"pa_okres-gwarancji-5757","9":"pa_producent-ecoflow","11":"first","12":"outofstock","13":"taxable","14":"shipping-taxable","15":"purchasable","16":"product-type-simple"},"acf":[],"yoast_head":"<!-- This site is optimized with the Yoast SEO plugin v27.2 - https:\/\/yoast.com\/product\/yoast-seo-wordpress\/ -->\n<title>Zestaw lod\u00f3wka turystyczna ECOFLOW Glacier 35l + bateria 298Wh - IRONSKY.PL Sklep z Dronami<\/title>\n<meta name=\"description\" content=\"Zestaw lod\u00f3wka turystyczna ECOFLOW Glacier 35l + bateria 298Wh - \u2705 sklep z dronami i fachowym doradztwem. \u2705 Tutaj kupisz produkty DJI, Yuneec, Parrot, Syma i wiele innych, a tak\u017ce kursy i licencje na operatora drona.\" \/>\n<meta name=\"robots\" content=\"index, follow, max-snippet:-1, max-image-preview:large, max-video-preview:-1\" \/>\n<link rel=\"canonical\" href=\"https:\/\/ironsky.pl\/sklep\/produkt\/zestaw-lodowka-turystyczna-ecoflow-glacier-35l-bateria-298wh\/\" \/>\n<meta property=\"og:locale\" content=\"pl_PL\" \/>\n<meta property=\"og:type\" content=\"article\" \/>\n<meta property=\"og:title\" content=\"Zestaw lod\u00f3wka turystyczna ECOFLOW Glacier 35l + bateria 298Wh - IRONSKY.PL Sklep z Dronami\" \/>\n<meta property=\"og:description\" content=\"Zestaw lod\u00f3wka turystyczna ECOFLOW Glacier 35l + bateria 298Wh - \u2705 sklep z dronami i fachowym doradztwem. \u2705 Tutaj kupisz produkty DJI, Yuneec, Parrot, Syma i wiele innych, a tak\u017ce kursy i licencje na operatora drona.\" \/>\n<meta property=\"og:url\" content=\"https:\/\/ironsky.pl\/sklep\/produkt\/zestaw-lodowka-turystyczna-ecoflow-glacier-35l-bateria-298wh\/\" \/>\n<meta property=\"og:site_name\" content=\"IRONSKY.PL Sklep z Dronami\" \/>\n<meta property=\"article:modified_time\" content=\"2026-04-15T09:05:01+00:00\" \/>\n<meta property=\"og:image\" content=\"https:\/\/ironsky.pl\/sklep\/wp-content\/uploads\/2026\/04\/53724_25.jpg\" \/>\n\t<meta property=\"og:image:width\" content=\"800\" \/>\n\t<meta property=\"og:image:height\" content=\"800\" \/>\n\t<meta property=\"og:image:type\" content=\"image\/jpeg\" \/>\n<meta name=\"twitter:card\" content=\"summary_large_image\" \/>\n<meta name=\"twitter:label1\" content=\"Szacowany czas czytania\" \/>\n\t<meta name=\"twitter:data1\" content=\"5 minut\" \/>\n<script type=\"application\/ld+json\" class=\"yoast-schema-graph\">{\"@context\":\"https:\/\/schema.org\",\"@graph\":[{\"@type\":\"WebPage\",\"@id\":\"https:\/\/ironsky.pl\/sklep\/produkt\/zestaw-lodowka-turystyczna-ecoflow-glacier-35l-bateria-298wh\/\",\"url\":\"https:\/\/ironsky.pl\/sklep\/produkt\/zestaw-lodowka-turystyczna-ecoflow-glacier-35l-bateria-298wh\/\",\"name\":\"Zestaw lod\u00f3wka turystyczna ECOFLOW Glacier 35l + bateria 298Wh - IRONSKY.PL Sklep z Dronami\",\"isPartOf\":{\"@id\":\"https:\/\/ironsky.pl\/sklep\/#website\"},\"primaryImageOfPage\":{\"@id\":\"https:\/\/ironsky.pl\/sklep\/produkt\/zestaw-lodowka-turystyczna-ecoflow-glacier-35l-bateria-298wh\/#primaryimage\"},\"image\":{\"@id\":\"https:\/\/ironsky.pl\/sklep\/produkt\/zestaw-lodowka-turystyczna-ecoflow-glacier-35l-bateria-298wh\/#primaryimage\"},\"thumbnailUrl\":\"https:\/\/ironsky.pl\/sklep\/wp-content\/uploads\/2026\/04\/53724_25.jpg\",\"datePublished\":\"2026-04-15T09:04:47+00:00\",\"dateModified\":\"2026-04-15T09:05:01+00:00\",\"description\":\"Zestaw lod\u00f3wka turystyczna ECOFLOW Glacier 35l + bateria 298Wh - \u2705 sklep z dronami i fachowym doradztwem. \u2705 Tutaj kupisz produkty DJI, Yuneec, Parrot, Syma i wiele innych, a tak\u017ce kursy i licencje na operatora drona.\",\"breadcrumb\":{\"@id\":\"https:\/\/ironsky.pl\/sklep\/produkt\/zestaw-lodowka-turystyczna-ecoflow-glacier-35l-bateria-298wh\/#breadcrumb\"},\"inLanguage\":\"pl-PL\",\"potentialAction\":[{\"@type\":\"ReadAction\",\"target\":[\"https:\/\/ironsky.pl\/sklep\/produkt\/zestaw-lodowka-turystyczna-ecoflow-glacier-35l-bateria-298wh\/\"]}]},{\"@type\":\"ImageObject\",\"inLanguage\":\"pl-PL\",\"@id\":\"https:\/\/ironsky.pl\/sklep\/produkt\/zestaw-lodowka-turystyczna-ecoflow-glacier-35l-bateria-298wh\/#primaryimage\",\"url\":\"https:\/\/ironsky.pl\/sklep\/wp-content\/uploads\/2026\/04\/53724_25.jpg\",\"contentUrl\":\"https:\/\/ironsky.pl\/sklep\/wp-content\/uploads\/2026\/04\/53724_25.jpg\",\"width\":800,\"height\":800},{\"@type\":\"BreadcrumbList\",\"@id\":\"https:\/\/ironsky.pl\/sklep\/produkt\/zestaw-lodowka-turystyczna-ecoflow-glacier-35l-bateria-298wh\/#breadcrumb\",\"itemListElement\":[{\"@type\":\"ListItem\",\"position\":1,\"name\":\"Strona g\u0142\u00f3wna\",\"item\":\"https:\/\/ironsky.pl\/sklep\/\"},{\"@type\":\"ListItem\",\"position\":2,\"name\":\"Wszystkie produkty\",\"item\":\"https:\/\/ironsky.pl\/sklep\/produkty\/\"},{\"@type\":\"ListItem\",\"position\":3,\"name\":\"Zestaw lod\u00f3wka turystyczna ECOFLOW Glacier 35l + bateria 298Wh\"}]},{\"@type\":\"WebSite\",\"@id\":\"https:\/\/ironsky.pl\/sklep\/#website\",\"url\":\"https:\/\/ironsky.pl\/sklep\/\",\"name\":\"IRONSKY.PL Sklep z Dronami\",\"description\":\"IRONSKY.PL Sklep z Dronami\",\"potentialAction\":[{\"@type\":\"SearchAction\",\"target\":{\"@type\":\"EntryPoint\",\"urlTemplate\":\"https:\/\/ironsky.pl\/sklep\/?s={search_term_string}\"},\"query-input\":{\"@type\":\"PropertyValueSpecification\",\"valueRequired\":true,\"valueName\":\"search_term_string\"}}],\"inLanguage\":\"pl-PL\"}]}<\/script>\n<!-- \/ Yoast SEO plugin. -->","yoast_head_json":{"title":"Zestaw lod\u00f3wka turystyczna ECOFLOW Glacier 35l + bateria 298Wh - IRONSKY.PL Sklep z Dronami","description":"Zestaw lod\u00f3wka turystyczna ECOFLOW Glacier 35l + bateria 298Wh - \u2705 sklep z dronami i fachowym doradztwem. \u2705 Tutaj kupisz produkty DJI, Yuneec, Parrot, Syma i wiele innych, a tak\u017ce kursy i licencje na operatora drona.","robots":{"index":"index","follow":"follow","max-snippet":"max-snippet:-1","max-image-preview":"max-image-preview:large","max-video-preview":"max-video-preview:-1"},"canonical":"https:\/\/ironsky.pl\/sklep\/produkt\/zestaw-lodowka-turystyczna-ecoflow-glacier-35l-bateria-298wh\/","og_locale":"pl_PL","og_type":"article","og_title":"Zestaw lod\u00f3wka turystyczna ECOFLOW Glacier 35l + bateria 298Wh - IRONSKY.PL Sklep z Dronami","og_description":"Zestaw lod\u00f3wka turystyczna ECOFLOW Glacier 35l + bateria 298Wh - \u2705 sklep z dronami i fachowym doradztwem. \u2705 Tutaj kupisz produkty DJI, Yuneec, Parrot, Syma i wiele innych, a tak\u017ce kursy i licencje na operatora drona.","og_url":"https:\/\/ironsky.pl\/sklep\/produkt\/zestaw-lodowka-turystyczna-ecoflow-glacier-35l-bateria-298wh\/","og_site_name":"IRONSKY.PL Sklep z Dronami","article_modified_time":"2026-04-15T09:05:01+00:00","og_image":[{"width":800,"height":800,"url":"https:\/\/ironsky.pl\/sklep\/wp-content\/uploads\/2026\/04\/53724_25.jpg","type":"image\/jpeg"}],"twitter_card":"summary_large_image","twitter_misc":{"Szacowany czas czytania":"5 minut"},"schema":{"@context":"https:\/\/schema.org","@graph":[{"@type":"WebPage","@id":"https:\/\/ironsky.pl\/sklep\/produkt\/zestaw-lodowka-turystyczna-ecoflow-glacier-35l-bateria-298wh\/","url":"https:\/\/ironsky.pl\/sklep\/produkt\/zestaw-lodowka-turystyczna-ecoflow-glacier-35l-bateria-298wh\/","name":"Zestaw lod\u00f3wka turystyczna ECOFLOW Glacier 35l + bateria 298Wh - IRONSKY.PL Sklep z Dronami","isPartOf":{"@id":"https:\/\/ironsky.pl\/sklep\/#website"},"primaryImageOfPage":{"@id":"https:\/\/ironsky.pl\/sklep\/produkt\/zestaw-lodowka-turystyczna-ecoflow-glacier-35l-bateria-298wh\/#primaryimage"},"image":{"@id":"https:\/\/ironsky.pl\/sklep\/produkt\/zestaw-lodowka-turystyczna-ecoflow-glacier-35l-bateria-298wh\/#primaryimage"},"thumbnailUrl":"https:\/\/ironsky.pl\/sklep\/wp-content\/uploads\/2026\/04\/53724_25.jpg","datePublished":"2026-04-15T09:04:47+00:00","dateModified":"2026-04-15T09:05:01+00:00","description":"Zestaw lod\u00f3wka turystyczna ECOFLOW Glacier 35l + bateria 298Wh - \u2705 sklep z dronami i fachowym doradztwem. \u2705 Tutaj kupisz produkty DJI, Yuneec, Parrot, Syma i wiele innych, a tak\u017ce kursy i licencje na operatora drona.","breadcrumb":{"@id":"https:\/\/ironsky.pl\/sklep\/produkt\/zestaw-lodowka-turystyczna-ecoflow-glacier-35l-bateria-298wh\/#breadcrumb"},"inLanguage":"pl-PL","potentialAction":[{"@type":"ReadAction","target":["https:\/\/ironsky.pl\/sklep\/produkt\/zestaw-lodowka-turystyczna-ecoflow-glacier-35l-bateria-298wh\/"]}]},{"@type":"ImageObject","inLanguage":"pl-PL","@id":"https:\/\/ironsky.pl\/sklep\/produkt\/zestaw-lodowka-turystyczna-ecoflow-glacier-35l-bateria-298wh\/#primaryimage","url":"https:\/\/ironsky.pl\/sklep\/wp-content\/uploads\/2026\/04\/53724_25.jpg","contentUrl":"https:\/\/ironsky.pl\/sklep\/wp-content\/uploads\/2026\/04\/53724_25.jpg","width":800,"height":800},{"@type":"BreadcrumbList","@id":"https:\/\/ironsky.pl\/sklep\/produkt\/zestaw-lodowka-turystyczna-ecoflow-glacier-35l-bateria-298wh\/#breadcrumb","itemListElement":[{"@type":"ListItem","position":1,"name":"Strona g\u0142\u00f3wna","item":"https:\/\/ironsky.pl\/sklep\/"},{"@type":"ListItem","position":2,"name":"Wszystkie produkty","item":"https:\/\/ironsky.pl\/sklep\/produkty\/"},{"@type":"ListItem","position":3,"name":"Zestaw lod\u00f3wka turystyczna ECOFLOW Glacier 35l + bateria 298Wh"}]},{"@type":"WebSite","@id":"https:\/\/ironsky.pl\/sklep\/#website","url":"https:\/\/ironsky.pl\/sklep\/","name":"IRONSKY.PL Sklep z Dronami","description":"IRONSKY.PL Sklep z Dronami","potentialAction":[{"@type":"SearchAction","target":{"@type":"EntryPoint","urlTemplate":"https:\/\/ironsky.pl\/sklep\/?s={search_term_string}"},"query-input":{"@type":"PropertyValueSpecification","valueRequired":true,"valueName":"search_term_string"}}],"inLanguage":"pl-PL"}]}},"_links":{"self":[{"href":"https:\/\/ironsky.pl\/sklep\/wp-json\/wp\/v2\/product\/60592","targetHints":{"allow":["GET"]}}],"collection":[{"href":"https:\/\/ironsky.pl\/sklep\/wp-json\/wp\/v2\/product"}],"about":[{"href":"https:\/\/ironsky.pl\/sklep\/wp-json\/wp\/v2\/types\/product"}],"replies":[{"embeddable":true,"href":"https:\/\/ironsky.pl\/sklep\/wp-json\/wp\/v2\/comments?post=60592"}],"wp:featuredmedia":[{"embeddable":true,"href":"https:\/\/ironsky.pl\/sklep\/wp-json\/wp\/v2\/media\/60593"}],"wp:attachment":[{"href":"https:\/\/ironsky.pl\/sklep\/wp-json\/wp\/v2\/media?parent=60592"}],"wp:term":[{"taxonomy":"product_brand","embeddable":true,"href":"https:\/\/ironsky.pl\/sklep\/wp-json\/wp\/v2\/product_brand?post=60592"},{"taxonomy":"product_cat","embeddable":true,"href":"https:\/\/ironsky.pl\/sklep\/wp-json\/wp\/v2\/product_cat?post=60592"},{"taxonomy":"product_tag","embeddable":true,"href":"https:\/\/ironsky.pl\/sklep\/wp-json\/wp\/v2\/product_tag?post=60592"}],"curies":[{"name":"wp","href":"https:\/\/api.w.org\/{rel}","templated":true}]}}