{"id":60586,"date":"2026-04-15T11:04:47","date_gmt":"2026-04-15T09:04:47","guid":{"rendered":"https:\/\/ironsky.pl\/sklep\/produkt\/stacja-zasilania-dji-power-2000-2048wh\/"},"modified":"2026-04-15T11:04:54","modified_gmt":"2026-04-15T09:04:54","slug":"stacja-zasilania-dji-power-2000-2048wh","status":"publish","type":"product","link":"https:\/\/ironsky.pl\/sklep\/produkt\/stacja-zasilania-dji-power-2000-2048wh\/","title":{"rendered":"Stacja zasilania DJI Power 2000 2048Wh"},"content":{"rendered":"<h3>DJI Power 2000\u00a0\u00a0<\/h3>\n<p>Gotujesz obiad w ogrodzie, obrabiasz zdj\u0119cia z drona w \u015brodku lasu, a mo\u017ce w\u0142a\u015bnie rozkr\u0119ca si\u0119 burza i domowe \u015bwiat\u0142a gasn\u0105 jedno po drugim? DJI Power 2000 to Twoje niezawodne \u017ar\u00f3d\u0142o energii w ka\u017cdej sytuacji. Ta przeno\u015bna stacja zasilania \u0142\u0105czy solidn\u0105 pojemno\u015b\u0107 2048 Wh z moc\u0105 wyj\u015bciow\u0105 do 3000 W \u2013 wystarczaj\u0105c\u0105, by zasili\u0107 wszystko od laptopa po kuchenk\u0119 indukcyjn\u0105. Dzi\u0119ki szybkiemu \u0142adowaniu do 80% w oko\u0142o 45 minut (przez AC), jeste\u015b gotowy dzia\u0142a\u0107 b\u0142yskawicznie. Mo\u017cesz te\u017c postawi\u0107 na zasilanie z paneli solarnych lub \u0142adowanie w aucie. Potrzebujesz wi\u0119kszego zapasu energii? Pod\u0142\u0105cz nawet 10 dodatkowych akumulator\u00f3w i zwi\u0119ksz pojemno\u015b\u0107 do 22 528 Wh. Dzi\u0119ki aplikacji mobilnej DJI Home masz pe\u0142n\u0105 kontrol\u0119 \u2013 niezale\u017cnie od tego, gdzie akurat jeste\u015b.<\/p>\n<p>\n<img decoding=\"async\" src=\"https:\/\/assets.innpro.pl\/16696\/21750\/1.jpg\" border=\"0\" alt=\"Stacja zasilania DJI Power 2000 na nocnym krajobrazie\" \/>\n<\/p>\n<h3>Maksimum energii, minimum zajmowanego miejsca<\/h3>\n<p>Mocna, ale kompaktowa \u2013 DJI Power 2000 mie\u015bci si\u0119 w baga\u017cniku czy na tylnym siedzeniu, oferuj\u0105c a\u017c 2048 Wh energii w obudowie o wymiarach 448\u00d7225\u00d7324 mm. Wszystkie przyciski i porty umieszczono z przodu, wi\u0119c obs\u0142uga stacji to czysta przyjemno\u015b\u0107. Je\u015bli jednak Twoje potrzeby s\u0105 wi\u0119ksze, system jest gotowy na rozbudow\u0119 \u2013 wystarczy pod\u0142\u0105czy\u0107 dodatkowe modu\u0142y, by osi\u0105gn\u0105\u0107 pojemno\u015b\u0107 a\u017c 22 528 Wh. Zabierzesz j\u0105 wsz\u0119dzie, gdzie tylko b\u0119dziesz potrzebowa\u0107 niezale\u017cnego \u017ar\u00f3d\u0142a zasilania.<\/p>\n<p>\n<img decoding=\"async\" src=\"https:\/\/assets.innpro.pl\/16696\/21750\/3.jpg\" border=\"0\" alt=\"stacja zasilania pod\u0142\u0105czona w samochodzie za fotelem pasa\u017cera\" \/>\n<\/p>\n<h3>Zasili wi\u0119kszo\u015b\u0107 urz\u0105dze\u0144<\/h3>\n<p>Z moc\u0105 wyj\u015bciow\u0105 do 3000 W, ta stacja radzi sobie nie tylko z elektronik\u0105 codziennego u\u017cytku. DJI Power 2000 bez problemu zasili mikrofal\u00f3wk\u0119, kuchenk\u0119 indukcyjn\u0105 czy piekarnik. Do dyspozycji masz cztery gniazda AC, cztery porty USB-C i cztery porty USB-A, wi\u0119c mo\u017cesz \u0142adowa\u0107 i zasila\u0107 kilka urz\u0105dze\u0144 naraz \u2013 od smartfona, przez tablet, po komputer roboczy. Idealna opcja dla domu, biura w plenerze czy warsztatu mobilnego.<\/p>\n<p>\n<img decoding=\"async\" src=\"https:\/\/assets.innpro.pl\/16696\/21750\/9.jpg\" border=\"0\" alt=\"stacja zasilania dji stoj\u0105ca przed kanap\u0105, na kt\u00f3rej kto\u015b \u015bpi\" \/>\n<\/p>\n<h3>Co konkretnie mo\u017cesz zasili\u0107?<\/h3>\n<p>Na jednym \u0142adowaniu mo\u017cesz na\u0142adowa\u0107 smartfona nawet 114 razy, parzy\u0107 kaw\u0119 w ekspresie przez 110 minut albo zasila\u0107 lod\u00f3wk\u0119 przez 40 godzin. Mikrofal\u00f3wka? Oko\u0142o 2,6 godziny. O\u015bwietlenie? Nawet 180 godzin! Niewa\u017cne, czy jeste\u015b na dzia\u0142ce bez dost\u0119pu do sieci, prowadzisz sesj\u0119 zdj\u0119ciow\u0105 o zachodzie s\u0142o\u0144ca czy pr\u00f3bujesz przetrwa\u0107 blackout \u2013 ta stacja zapewni Ci energi\u0119 wtedy, gdy naprawd\u0119 jej potrzebujesz.<\/p>\n<p>\n<img decoding=\"async\" src=\"https:\/\/assets.innpro.pl\/16696\/21750\/7.jpg\" border=\"0\" alt=\"m\u0119\u017cczyzna nalewa sok w kamperze, a przed nim stoi stacja zasilania\" \/>\n<\/p>\n<h3>\u0141aduj, gdzie chcesz i jak chcesz<\/h3>\n<p>DJI Power 2000 \u0142aduje si\u0119 szybko i wygodnie na wiele sposob\u00f3w. Przez gniazdo sieciowe osi\u0105ga 80% pojemno\u015bci w 45 minut i pe\u0142ne na\u0142adowanie w 75 minut. Mo\u017cesz te\u017c wykorzysta\u0107 energi\u0119 s\u0142oneczn\u0105 \u2013 panele fotowoltaiczne o mocy do 1800 W oraz \u0142adowarka DJI Power 1.8kW Solar\/Car Super Fast Charger pozwalaj\u0105 uzyska\u0107 pe\u0142ne na\u0142adowanie r\u00f3wnie\u017c w 75 minut. A je\u015bli jeste\u015b w trasie \u2013 \u0142adowanie z samochodu do 100% zajmie oko\u0142o 145 minut. Wystarczy dobra\u0107 \u0142adowark\u0119 DJI Power 1kW Super Fast Car Charger lub 1.8kW Solar\/Car Super Fast Charger \u2013 wszystko masz pod kontrol\u0105.<\/p>\n<p>\n<img decoding=\"async\" src=\"https:\/\/assets.innpro.pl\/16696\/21750\/13.jpg\" border=\"0\" alt=\"stacja zasilania stoj\u0105ca przed przyczep\u0105 kampingow\u0105 z panelami fotowoltaicznymi\" \/>\n<\/p>\n<h3>Oszcz\u0119dno\u015b\u0107 energii z trybem hybrydowym<\/h3>\n<p>\u0141adowanie hybrydowe \u0142\u0105cz\u0105ce pr\u0105d sta\u0142y (DC) i zmienny (AC) to spos\u00f3b nie tylko na szybko\u015b\u0107, ale i na oszcz\u0119dno\u015b\u0107. System umo\u017cliwia jednoczesne \u0142adowanie z sieci i z paneli fotowoltaicznych lub gniazda samochodowego, a po pod\u0142\u0105czeniu dodatkowego akumulatora moc wej\u015bciowa mo\u017ce si\u0119gn\u0105\u0107 nawet 3000 W \u2013 to znacznie przyspiesza uzupe\u0142nianie energii. Inteligentne zarz\u0105dzanie \u0142adowaniem sprawia, \u017ce w pierwszej kolejno\u015bci wykorzystywana jest energia s\u0142oneczna \u2013 mniej pr\u0105du z gniazdka oznacza ni\u017csze rachunki.<\/p>\n<p>\n<img decoding=\"async\" src=\"https:\/\/assets.innpro.pl\/16696\/21750\/6.jpg\" border=\"0\" alt=\"m\u0119\u017cczyzna na biwaku z kaw\u0105 i stacj\u0105 zasilania, kt\u00f3ra \u0142aduje si\u0119 z paneli fotowoltaicznych\" \/>\n<\/p>\n<h3>Niezawodny tryb UPS<\/h3>\n<p>Ze stacj\u0105 Power 2000 nie musisz martwi\u0107 si\u0119 o wa\u017cne dane. Wbudowany tryb UPS sprawia, \u017ce w razie awarii zasilania urz\u0105dzenie prze\u0142\u0105czy si\u0119 na prac\u0119 awaryjn\u0105 w ci\u0105gu zaledwie 10 ms \u2013 wystarczaj\u0105co szybko, by zapewni\u0107 ci\u0105g\u0142o\u015b\u0107 dzia\u0142ania najwa\u017cniejszego sprz\u0119tu. Taka szybko\u015b\u0107 reakcji jest kluczowa nie tylko dla serwer\u00f3w i komputer\u00f3w, ale tak\u017ce dla sprz\u0119tu medycznego czy system\u00f3w monitoringu, gdzie ka\u017cda sekunda ma znaczenie.<\/p>\n<p>\n<img decoding=\"async\" src=\"https:\/\/assets.innpro.pl\/16696\/21750\/8.jpg\" border=\"0\" alt=\"m\u0119\u017cczyzna pracuje noc\u0105 przy komputerze pod\u0142\u0105czonym do stacji zasilania dji\" \/>\n<\/p>\n<h3>Cicho, solidnie, bez zak\u0142\u00f3ce\u0144<\/h3>\n<p>W trybie standardowego \u0142adowania DJI Power 2000 pracuje niemal bezg\u0142o\u015bnie \u2013 maksymalny poziom ha\u0142asu to tylko 29 dB. Mo\u017cesz korzysta\u0107 z niej w nocy, w namiocie, kamperze czy w domowym biurze \u2013 nie zak\u0142\u00f3ci snu ani pracy. Do tego jest wytrzyma\u0142a \u2013 obudowa znosi nacisk do 1 tony, wi\u0119c przypadkowe uderzenia czy transport jej niestraszne.<\/p>\n<p>\n<img decoding=\"async\" src=\"https:\/\/assets.innpro.pl\/16696\/21750\/2.jpg\" border=\"0\" alt=\"stacja zasilania stoj\u0105ca na trawie\" \/>\n<\/p>\n<h3>Zbudowana z my\u015bl\u0105 o niezawodno\u015bci<\/h3>\n<p>Wewn\u0105trz stacji znajduj\u0105 si\u0119 ogniwa LFP, kt\u00f3re po 4000 cyklach nadal utrzymuj\u0105 80% pierwotnej pojemno\u015bci. To nawet 10 lat codziennego u\u017cytkowania! Za bezpiecze\u0144stwo odpowiada system BMS, kt\u00f3ry wykorzystuje subnano pow\u0142ok\u0119, a\u017c 26 czujnik\u00f3w temperatury i 21 bezpiecznik\u00f3w, aby zapewni\u0107 stabiln\u0105 prac\u0119 nawet przy temperaturach si\u0119gaj\u0105cych 45\u00b0C. Konstrukcja stacji jest odporna na wilgo\u0107 i przystosowana do pracy na wysoko\u015bciach do 5000 m oraz w temperaturach od -10\u00b0C, co czyni j\u0105 idealnym wyborem do zada\u0144 w trudnym terenie. Co wa\u017cne, obudowa zosta\u0142a wykonana z trwa\u0142ych i trudnopalnych materia\u0142\u00f3w, dzi\u0119ki czemu DJI Power 2000 poradzi sobie tak\u017ce w mniej sprzyjaj\u0105cych warunkach, bez ryzyka przegrzania czy uszkodze\u0144 mechanicznych.<\/p>\n<p>\n<img decoding=\"async\" src=\"https:\/\/assets.innpro.pl\/16696\/21750\/4.jpg\" border=\"0\" alt=\"dji power 2000 zasilaj\u0105ca dzbanek stoi w samochodzie\" \/>\n<\/p>\n<h3>Pe\u0142na gotowo\u015b\u0107 do dzia\u0142ania<\/h3>\n<p>Zasilasz lod\u00f3wk\u0119 podczas awarii, rozstawiasz kuchenk\u0119 w lesie albo \u0142adujesz drona na planie zdj\u0119ciowym? DJI Power 2000 to sprz\u0119t, kt\u00f3ry nie zna ogranicze\u0144. Dzi\u0119ki dw\u00f3m portom SDC bez problemu pod\u0142\u0105czysz dodatkowe akumulatory, \u0142adowarki czy kable do szybkiego \u0142adowania dron\u00f3w \u2013 i to z moc\u0105 a\u017c do 240 W. Z pomoc\u0105 stacji na\u0142adujesz DJI Mavic 3 od 10% do 95% w zaledwie 32 minuty, a DJI Air 3 w oko\u0142o 30 minut \u2013 wystarczy odpowiedni kabel (dost\u0119pny osobno). Moc masz zawsze pod r\u0119k\u0105 \u2013 kiedy tylko jej potrzebujesz.<\/p>\n<p>\n<img decoding=\"async\" src=\"https:\/\/assets.innpro.pl\/16696\/21750\/11.jpg\" border=\"0\" alt=\"stacja zasilania \u0142aduje drona na biwaku\" \/>\n<\/p>\n<h3>Wi\u0119ksza kontrola z aplikacj\u0105<\/h3>\n<p>Z poziomu aplikacji DJI Home sterujesz stacj\u0105, gdziekolwiek jeste\u015b. Mo\u017cesz w\u0142\u0105cza\u0107 i wy\u0142\u0105cza\u0107 wyj\u015bcia AC, sprawdza\u0107 status zasilania i kontrolowa\u0107 ustawienia dodatkowych akumulator\u00f3w oraz \u0142adowarek. Interfejs jest prosty i przejrzysty \u2013 zarz\u0105dzanie energi\u0105 staje si\u0119 wygodne jak nigdy dot\u0105d.<\/p>\n<p>\n<img decoding=\"async\" src=\"https:\/\/assets.innpro.pl\/16696\/21750\/12.jpg\" border=\"0\" alt=\"m\u0119\u017cczyzna u\u017cywa aplikacji do zarz\u0105dzania stacj\u0105 zasilania dji\" \/>\n<\/p>\n<h3>Wi\u0119cej mo\u017cliwo\u015bci z akcesoriami<\/h3>\n<p>Porty USB-C 140 W, 65 W, USB-A, AC, SDC i gwinty 1\/4&#8243; umo\u017cliwiaj\u0105 pod\u0142\u0105czenie szerokiej gamy akcesori\u00f3w (dost\u0119pne w oddzielnej sprzeda\u017cy). Wydajne, elastyczne panele fotowoltaiczne LINKSOLAR 200W i IBCPOWER 200W \u015bwietnie sprawdz\u0105 si\u0119 np. na dachu kampera. Dodatkowy akumulator o pojemno\u015bci 2048 Wh pozwoli Ci zwi\u0119kszy\u0107 zasi\u0119g dzia\u0142ania stacji. Z kolei \u0142adowarka DJI Power 1kW Super Fast Car Charger umo\u017cliwia szybkie \u0142adowanie z alternatora oraz odwrotne \u0142adowanie akumulatora pojazdu. Alternatyw\u0105 jest przeznaczona do kamper\u00f3w DJI Power 1.8kW Solar\/Car Super Fast Charger \u2013 umo\u017cliwia jednoczesne pod\u0142\u0105czenie paneli s\u0142onecznych i \u0142adowanie stacji. Dost\u0119pny jest te\u017c modu\u0142 MPPT z adapterem, kt\u00f3ry zwi\u0119ksza efektywno\u015b\u0107 wykorzystania energii s\u0142onecznej, oraz specjalny w\u00f3zek transportowy, dzi\u0119ki kt\u00f3remu przenoszenie ca\u0142ego zestawu jest szybkie i wygodne \u2013 nawet w trudniejszym terenie.<\/p>\n<p>\n<img decoding=\"async\" src=\"https:\/\/assets.innpro.pl\/16696\/21750\/10.jpg\" border=\"0\" alt=\"stacja dji power 2000 obok stolika z dzbankiem, kawiark\u0105 i lampk\u0105\" \/>\n<\/p>\n<h3>W zestawie<\/h3>\n<ul class=\"list-disc pl-5\">\n<li>Stacja zasilania DJI Power 2000<\/li>\n<li>Kabel zasilaj\u0105cy AC<\/li>\n<li>Dokumenty<\/li>\n<\/ul>\n<div class=\"table-wrapper\">\n<p>\u00a0<\/p>\n<h3>Og\u00f3lne<\/h3>\n<table>\n<tbody>\n<tr>\n<th>Model <\/th>\n<td>DYM2000H<\/td>\n<\/tr>\n<tr>\n<th>Chemia ogniw <\/th>\n<td>LFP (litowo-\u017celazowo-fosforanowe)<\/td>\n<\/tr>\n<tr>\n<th>Pojemno\u015b\u0107 <\/th>\n<td>2048 Wh<\/td>\n<\/tr>\n<tr>\n<th>\u017bywotno\u015b\u0107 <\/th>\n<td>Zachowuje ponad 80% pierwotnej pojemno\u015bci po oko\u0142o 4000 cykli. <br \/>*Zmierzono w temperaturze pokojowej 25\u00b0C, podczas \u0142adowania w trybie Standard, przy mocy wyj\u015bciowej 2000 W.<\/td>\n<\/tr>\n<tr>\n<th>Waga <\/th>\n<td>Ok. 22 kg<\/td>\n<\/tr>\n<tr>\n<th>Wymiary <\/th>\n<td>448\u00d7225\u00d7324 mm (DxSxW)<\/td>\n<\/tr>\n<tr>\n<th>Liczba port\u00f3w<\/th>\n<td>Wyj\u015bcie AC \u00d7 4;<br \/>USB-C \u00d7 4;<br \/>USB-A \u00d7 4;<br \/>SDC \u00d7 2;<br \/>Wej\u015bcie AC \u00d7 1;<\/td>\n<\/tr>\n<tr>\n<th>Maksymalna wysoko\u015b\u0107 pracy <\/th>\n<td>5000 m<\/td>\n<\/tr>\n<\/tbody>\n<\/table>\n<p>\u00a0<\/p>\n<h3>Parametry wyj\u015bciowe<\/h3>\n<table>\n<tbody>\n<tr>\n<th>Wyj\u015bcie AC <\/th>\n<td>AC 220-240 V, 13,6 A, 50\/60 Hz;<br \/>*Dane wyj\u015bciowe AC mog\u0105 si\u0119 r\u00f3\u017cni\u0107 w zale\u017cno\u015bci od kraju i regionu.<\/td>\n<\/tr>\n<tr>\n<th>Wyj\u015bcie AC (tryb Bypass) <\/th>\n<td>AC 220-240 V, 10 A;<\/td>\n<\/tr>\n<tr>\n<th>Wyj\u015bcie USB-A <\/th>\n<td>5 V, 3 A;<br \/>9 V, 2 A;<br \/>12 V, 2 A;<br \/>Maks. moc wyj\u015bciowa na port: 24 W;<br \/>*Obs\u0142uguje standardy QC 2.0 i QC 3.0 z maksymaln\u0105 moc\u0105 wyj\u015bciow\u0105 24 W przy u\u017cyciu tylko 1 portu \u2013 przy jednoczesnym u\u017cyciu 2 lub wi\u0119cej port\u00f3w ka\u017cdy domy\u015blnie dzia\u0142a z 5 V\/2 A\/10 W i nie obs\u0142uguje negocjowanego napi\u0119cia.<\/td>\n<\/tr>\n<tr>\n<th>Wyj\u015bcie USB-C <\/th>\n<td>5 V, 5 A;<br \/>9 V, 5 A;<br \/>12 V, 5 A;<br \/>15 V, 5 A;<br \/>20 V, 5 A;<br \/>28 V, 5 A (EPR);<br \/>Maks. moc wyj\u015bciowa port\u00f3w C1 i C2: 140 W*;<br \/>Maks. moc wyj\u015bciowa port\u00f3w C3 i C4: 65 W;<br \/>*Ka\u017cdy port USB-C obs\u0142uguje maks. moc wyj\u015bciow\u0105 140 W. \u0141adowane urz\u0105dzenie musi obs\u0142ugiwa\u0107 standard PD 3.1 i korzysta\u0107 z kabla USB zgodnego z wymaganiami EPR.<br \/>**Od lewej do prawej: maks. moc wyj\u015bciowa port\u00f3w C1 i C2 to 140 W, a port\u00f3w C3 i C4 to 65 W.<\/td>\n<\/tr>\n<tr>\n<th>Wyj\u015bcie SDC <\/th>\n<td>SDC 1 i SDC 2: 9\u201328 V, maks. nat\u0119\u017cenie: 12 A;<br \/>*Porty SDC 1 i SDC 2 obs\u0142uguj\u0105 szerok\u0105 gam\u0119 akcesori\u00f3w. <\/td>\n<\/tr>\n<tr>\n<th>Wej\u015bcie AC <\/th>\n<td>AC 220\u2013240 V, maks. nat\u0119\u017cenie: 10 A;<\/td>\n<\/tr>\n<tr>\n<th>Wej\u015bcie SDC <\/th>\n<td>SDC 1 i SDC 2: DC 32\u201358,4 V, maks. nat\u0119\u017cenie: 60 A;<br \/>*Porty SDC 1 i SDC 2 obs\u0142uguj\u0105 szerok\u0105 gam\u0119 akcesori\u00f3w.<\/td>\n<\/tr>\n<\/tbody>\n<\/table>\n<p>\u00a0<\/p>\n<h3>Temperatura pracy<\/h3>\n<table>\n<tbody>\n<tr>\n<th>Temperatura zasilania <\/th>\n<td>Od -10\u00b0C do 45\u00b0C<\/td>\n<\/tr>\n<tr>\n<th>Temperatura \u0142adowania <\/th>\n<td>Od 0\u00b0C do 45\u00b0C<\/td>\n<\/tr>\n<tr>\n<th>Temperatura przechowywania <\/th>\n<td>Od -10\u00b0C do 45\u00b0C<\/td>\n<\/tr>\n<\/tbody>\n<\/table>\n<p>\u00a0<\/p>\n<h3>Wi-Fi i Bluetooth<\/h3>\n<table>\n<tbody>\n<tr>\n<th>Moc nadajnika (EIRP) <\/th>\n<td>Wi-Fi (802.11 b\/g\/n): 2,4000\u20132,4835 GHz: &lt; 20 dBm (FCC\/CE\/SRRC\/MIC);<br \/>Bluetooth 5.0: 2,4000\u20132,4835 GHz: &lt; 7 dBm;<br \/>*Obs\u0142ugiwane pasma cz\u0119stotliwo\u015bci i ich dost\u0119pno\u015b\u0107 mog\u0105 si\u0119 r\u00f3\u017cni\u0107 w zale\u017cno\u015bci od kraju\/regionu. Szczeg\u00f3\u0142owe informacje znale\u017a\u0107 mo\u017cna w lokalnych przepisach i regulacjach prawnych.<\/td>\n<\/tr>\n<\/tbody>\n<\/table>\n<\/div>\n","protected":false},"excerpt":{"rendered":"<p>DJI Power 2000\u00a0\u00a0 Gotujesz obiad w ogrodzie, obrabiasz zdj\u0119cia z drona w \u015brodku lasu, a mo\u017ce w\u0142a\u015bnie rozkr\u0119ca si\u0119 burza<\/p>\n","protected":false},"featured_media":49368,"comment_status":"closed","ping_status":"open","template":"","meta":{"_acf_changed":false},"product_brand":[],"product_cat":[1108,6199,1111],"product_tag":[],"class_list":{"0":"post-60586","1":"product","2":"type-product","3":"status-publish","4":"has-post-thumbnail","6":"product_cat-energia","7":"product_cat-stacje-zasilania-stacje-zasilania","8":"product_cat-stacje-zasilania","9":"pa_okres-gwarancji-5757","10":"pa_producent-dji","12":"first","13":"outofstock","14":"taxable","15":"shipping-taxable","16":"purchasable","17":"product-type-simple"},"acf":[],"yoast_head":"<!-- This site is optimized with the Yoast SEO plugin v27.2 - https:\/\/yoast.com\/product\/yoast-seo-wordpress\/ -->\n<title>Stacja zasilania DJI Power 2000 2048Wh - IRONSKY.PL Sklep z Dronami<\/title>\n<meta name=\"description\" content=\"Stacja zasilania DJI Power 2000 2048Wh - \u2705 sklep z dronami i fachowym doradztwem. \u2705 Tutaj kupisz produkty DJI, Yuneec, Parrot, Syma i wiele innych, a tak\u017ce kursy i licencje na operatora drona.\" \/>\n<meta name=\"robots\" content=\"index, follow, max-snippet:-1, max-image-preview:large, max-video-preview:-1\" \/>\n<link rel=\"canonical\" href=\"https:\/\/ironsky.pl\/sklep\/produkt\/stacja-zasilania-dji-power-2000-2048wh\/\" \/>\n<meta property=\"og:locale\" content=\"pl_PL\" \/>\n<meta property=\"og:type\" content=\"article\" \/>\n<meta property=\"og:title\" content=\"Stacja zasilania DJI Power 2000 2048Wh - IRONSKY.PL Sklep z Dronami\" \/>\n<meta property=\"og:description\" content=\"Stacja zasilania DJI Power 2000 2048Wh - \u2705 sklep z dronami i fachowym doradztwem. \u2705 Tutaj kupisz produkty DJI, Yuneec, Parrot, Syma i wiele innych, a tak\u017ce kursy i licencje na operatora drona.\" \/>\n<meta property=\"og:url\" content=\"https:\/\/ironsky.pl\/sklep\/produkt\/stacja-zasilania-dji-power-2000-2048wh\/\" \/>\n<meta property=\"og:site_name\" content=\"IRONSKY.PL Sklep z Dronami\" \/>\n<meta property=\"article:modified_time\" content=\"2026-04-15T09:04:54+00:00\" \/>\n<meta property=\"og:image\" content=\"https:\/\/ironsky.pl\/sklep\/wp-content\/uploads\/2025\/10\/53673_1.jpg\" \/>\n\t<meta property=\"og:image:width\" content=\"800\" \/>\n\t<meta property=\"og:image:height\" content=\"800\" \/>\n\t<meta property=\"og:image:type\" content=\"image\/jpeg\" \/>\n<meta name=\"twitter:card\" content=\"summary_large_image\" \/>\n<meta name=\"twitter:label1\" content=\"Szacowany czas czytania\" \/>\n\t<meta name=\"twitter:data1\" content=\"7 minut\" \/>\n<script type=\"application\/ld+json\" class=\"yoast-schema-graph\">{\"@context\":\"https:\/\/schema.org\",\"@graph\":[{\"@type\":\"WebPage\",\"@id\":\"https:\/\/ironsky.pl\/sklep\/produkt\/stacja-zasilania-dji-power-2000-2048wh\/\",\"url\":\"https:\/\/ironsky.pl\/sklep\/produkt\/stacja-zasilania-dji-power-2000-2048wh\/\",\"name\":\"Stacja zasilania DJI Power 2000 2048Wh - IRONSKY.PL Sklep z Dronami\",\"isPartOf\":{\"@id\":\"https:\/\/ironsky.pl\/sklep\/#website\"},\"primaryImageOfPage\":{\"@id\":\"https:\/\/ironsky.pl\/sklep\/produkt\/stacja-zasilania-dji-power-2000-2048wh\/#primaryimage\"},\"image\":{\"@id\":\"https:\/\/ironsky.pl\/sklep\/produkt\/stacja-zasilania-dji-power-2000-2048wh\/#primaryimage\"},\"thumbnailUrl\":\"https:\/\/ironsky.pl\/sklep\/wp-content\/uploads\/2025\/10\/53673_1.jpg\",\"datePublished\":\"2026-04-15T09:04:47+00:00\",\"dateModified\":\"2026-04-15T09:04:54+00:00\",\"description\":\"Stacja zasilania DJI Power 2000 2048Wh - \u2705 sklep z dronami i fachowym doradztwem. \u2705 Tutaj kupisz produkty DJI, Yuneec, Parrot, Syma i wiele innych, a tak\u017ce kursy i licencje na operatora drona.\",\"breadcrumb\":{\"@id\":\"https:\/\/ironsky.pl\/sklep\/produkt\/stacja-zasilania-dji-power-2000-2048wh\/#breadcrumb\"},\"inLanguage\":\"pl-PL\",\"potentialAction\":[{\"@type\":\"ReadAction\",\"target\":[\"https:\/\/ironsky.pl\/sklep\/produkt\/stacja-zasilania-dji-power-2000-2048wh\/\"]}]},{\"@type\":\"ImageObject\",\"inLanguage\":\"pl-PL\",\"@id\":\"https:\/\/ironsky.pl\/sklep\/produkt\/stacja-zasilania-dji-power-2000-2048wh\/#primaryimage\",\"url\":\"https:\/\/ironsky.pl\/sklep\/wp-content\/uploads\/2025\/10\/53673_1.jpg\",\"contentUrl\":\"https:\/\/ironsky.pl\/sklep\/wp-content\/uploads\/2025\/10\/53673_1.jpg\",\"width\":800,\"height\":800},{\"@type\":\"BreadcrumbList\",\"@id\":\"https:\/\/ironsky.pl\/sklep\/produkt\/stacja-zasilania-dji-power-2000-2048wh\/#breadcrumb\",\"itemListElement\":[{\"@type\":\"ListItem\",\"position\":1,\"name\":\"Strona g\u0142\u00f3wna\",\"item\":\"https:\/\/ironsky.pl\/sklep\/\"},{\"@type\":\"ListItem\",\"position\":2,\"name\":\"Wszystkie produkty\",\"item\":\"https:\/\/ironsky.pl\/sklep\/produkty\/\"},{\"@type\":\"ListItem\",\"position\":3,\"name\":\"Stacja zasilania DJI Power 2000 2048Wh\"}]},{\"@type\":\"WebSite\",\"@id\":\"https:\/\/ironsky.pl\/sklep\/#website\",\"url\":\"https:\/\/ironsky.pl\/sklep\/\",\"name\":\"IRONSKY.PL Sklep z Dronami\",\"description\":\"IRONSKY.PL Sklep z Dronami\",\"potentialAction\":[{\"@type\":\"SearchAction\",\"target\":{\"@type\":\"EntryPoint\",\"urlTemplate\":\"https:\/\/ironsky.pl\/sklep\/?s={search_term_string}\"},\"query-input\":{\"@type\":\"PropertyValueSpecification\",\"valueRequired\":true,\"valueName\":\"search_term_string\"}}],\"inLanguage\":\"pl-PL\"}]}<\/script>\n<!-- \/ Yoast SEO plugin. -->","yoast_head_json":{"title":"Stacja zasilania DJI Power 2000 2048Wh - IRONSKY.PL Sklep z Dronami","description":"Stacja zasilania DJI Power 2000 2048Wh - \u2705 sklep z dronami i fachowym doradztwem. \u2705 Tutaj kupisz produkty DJI, Yuneec, Parrot, Syma i wiele innych, a tak\u017ce kursy i licencje na operatora drona.","robots":{"index":"index","follow":"follow","max-snippet":"max-snippet:-1","max-image-preview":"max-image-preview:large","max-video-preview":"max-video-preview:-1"},"canonical":"https:\/\/ironsky.pl\/sklep\/produkt\/stacja-zasilania-dji-power-2000-2048wh\/","og_locale":"pl_PL","og_type":"article","og_title":"Stacja zasilania DJI Power 2000 2048Wh - IRONSKY.PL Sklep z Dronami","og_description":"Stacja zasilania DJI Power 2000 2048Wh - \u2705 sklep z dronami i fachowym doradztwem. \u2705 Tutaj kupisz produkty DJI, Yuneec, Parrot, Syma i wiele innych, a tak\u017ce kursy i licencje na operatora drona.","og_url":"https:\/\/ironsky.pl\/sklep\/produkt\/stacja-zasilania-dji-power-2000-2048wh\/","og_site_name":"IRONSKY.PL Sklep z Dronami","article_modified_time":"2026-04-15T09:04:54+00:00","og_image":[{"width":800,"height":800,"url":"https:\/\/ironsky.pl\/sklep\/wp-content\/uploads\/2025\/10\/53673_1.jpg","type":"image\/jpeg"}],"twitter_card":"summary_large_image","twitter_misc":{"Szacowany czas czytania":"7 minut"},"schema":{"@context":"https:\/\/schema.org","@graph":[{"@type":"WebPage","@id":"https:\/\/ironsky.pl\/sklep\/produkt\/stacja-zasilania-dji-power-2000-2048wh\/","url":"https:\/\/ironsky.pl\/sklep\/produkt\/stacja-zasilania-dji-power-2000-2048wh\/","name":"Stacja zasilania DJI Power 2000 2048Wh - IRONSKY.PL Sklep z Dronami","isPartOf":{"@id":"https:\/\/ironsky.pl\/sklep\/#website"},"primaryImageOfPage":{"@id":"https:\/\/ironsky.pl\/sklep\/produkt\/stacja-zasilania-dji-power-2000-2048wh\/#primaryimage"},"image":{"@id":"https:\/\/ironsky.pl\/sklep\/produkt\/stacja-zasilania-dji-power-2000-2048wh\/#primaryimage"},"thumbnailUrl":"https:\/\/ironsky.pl\/sklep\/wp-content\/uploads\/2025\/10\/53673_1.jpg","datePublished":"2026-04-15T09:04:47+00:00","dateModified":"2026-04-15T09:04:54+00:00","description":"Stacja zasilania DJI Power 2000 2048Wh - \u2705 sklep z dronami i fachowym doradztwem. \u2705 Tutaj kupisz produkty DJI, Yuneec, Parrot, Syma i wiele innych, a tak\u017ce kursy i licencje na operatora drona.","breadcrumb":{"@id":"https:\/\/ironsky.pl\/sklep\/produkt\/stacja-zasilania-dji-power-2000-2048wh\/#breadcrumb"},"inLanguage":"pl-PL","potentialAction":[{"@type":"ReadAction","target":["https:\/\/ironsky.pl\/sklep\/produkt\/stacja-zasilania-dji-power-2000-2048wh\/"]}]},{"@type":"ImageObject","inLanguage":"pl-PL","@id":"https:\/\/ironsky.pl\/sklep\/produkt\/stacja-zasilania-dji-power-2000-2048wh\/#primaryimage","url":"https:\/\/ironsky.pl\/sklep\/wp-content\/uploads\/2025\/10\/53673_1.jpg","contentUrl":"https:\/\/ironsky.pl\/sklep\/wp-content\/uploads\/2025\/10\/53673_1.jpg","width":800,"height":800},{"@type":"BreadcrumbList","@id":"https:\/\/ironsky.pl\/sklep\/produkt\/stacja-zasilania-dji-power-2000-2048wh\/#breadcrumb","itemListElement":[{"@type":"ListItem","position":1,"name":"Strona g\u0142\u00f3wna","item":"https:\/\/ironsky.pl\/sklep\/"},{"@type":"ListItem","position":2,"name":"Wszystkie produkty","item":"https:\/\/ironsky.pl\/sklep\/produkty\/"},{"@type":"ListItem","position":3,"name":"Stacja zasilania DJI Power 2000 2048Wh"}]},{"@type":"WebSite","@id":"https:\/\/ironsky.pl\/sklep\/#website","url":"https:\/\/ironsky.pl\/sklep\/","name":"IRONSKY.PL Sklep z Dronami","description":"IRONSKY.PL Sklep z Dronami","potentialAction":[{"@type":"SearchAction","target":{"@type":"EntryPoint","urlTemplate":"https:\/\/ironsky.pl\/sklep\/?s={search_term_string}"},"query-input":{"@type":"PropertyValueSpecification","valueRequired":true,"valueName":"search_term_string"}}],"inLanguage":"pl-PL"}]}},"_links":{"self":[{"href":"https:\/\/ironsky.pl\/sklep\/wp-json\/wp\/v2\/product\/60586","targetHints":{"allow":["GET"]}}],"collection":[{"href":"https:\/\/ironsky.pl\/sklep\/wp-json\/wp\/v2\/product"}],"about":[{"href":"https:\/\/ironsky.pl\/sklep\/wp-json\/wp\/v2\/types\/product"}],"replies":[{"embeddable":true,"href":"https:\/\/ironsky.pl\/sklep\/wp-json\/wp\/v2\/comments?post=60586"}],"wp:featuredmedia":[{"embeddable":true,"href":"https:\/\/ironsky.pl\/sklep\/wp-json\/wp\/v2\/media\/49368"}],"wp:attachment":[{"href":"https:\/\/ironsky.pl\/sklep\/wp-json\/wp\/v2\/media?parent=60586"}],"wp:term":[{"taxonomy":"product_brand","embeddable":true,"href":"https:\/\/ironsky.pl\/sklep\/wp-json\/wp\/v2\/product_brand?post=60586"},{"taxonomy":"product_cat","embeddable":true,"href":"https:\/\/ironsky.pl\/sklep\/wp-json\/wp\/v2\/product_cat?post=60586"},{"taxonomy":"product_tag","embeddable":true,"href":"https:\/\/ironsky.pl\/sklep\/wp-json\/wp\/v2\/product_tag?post=60586"}],"curies":[{"name":"wp","href":"https:\/\/api.w.org\/{rel}","templated":true}]}}