{"id":60582,"date":"2026-04-15T11:04:47","date_gmt":"2026-04-15T09:04:47","guid":{"rendered":"https:\/\/ironsky.pl\/sklep\/produkt\/bateria-akumulator-tb100-dji-matrice-400-2\/"},"modified":"2026-04-15T11:04:49","modified_gmt":"2026-04-15T09:04:49","slug":"bateria-akumulator-tb100-dji-matrice-400-2","status":"publish","type":"product","link":"https:\/\/ironsky.pl\/sklep\/produkt\/bateria-akumulator-tb100-dji-matrice-400-2\/","title":{"rendered":"Bateria akumulator TB100 DJI Matrice 400"},"content":{"rendered":"<h3>Bateria akumulator TB100 DJI Matrice 400<\/h3>\n<p>DJI TB100 to inteligentny akumulator zaprojektowany specjalnie dla drona DJI Matrice 400, b\u0119d\u0105cego flagow\u0105 platform\u0105 do zastosowa\u0144 profesjonalnych i przemys\u0142owych. Wykorzystuje wysokowydajne ogniwa o du\u017cej g\u0119sto\u015bci energetycznej si\u0119gaj\u0105cej 977 Wh oraz pojemno\u015bci 20 254 mAh, co umo\u017cliwia osi\u0105gni\u0119cie imponuj\u0105cego czasu lotu do 59 minut \u2013 nawet z jednym payloadem. Wyr\u00f3\u017cnia go tak\u017ce d\u0142uga \u017cywotno\u015b\u0107 \u2013 do 400 cykli \u0142adowania.<\/p>\n<p>\n<img decoding=\"async\" src=\"https:\/\/assets.innpro.pl\/17208\/22616\/1.jpg\" border=\"0\" alt=\"\" \/>\n<\/p>\n<h3>Zoptymalizowana wydajno\u015b\u0107<\/h3>\n<p>Akumulator zosta\u0142 wyposa\u017cony w ogniwa litowo-jonowe, kt\u00f3re wyr\u00f3\u017cniaj\u0105 si\u0119 wysok\u0105 wydajno\u015bci\u0105 i trwa\u0142o\u015bci\u0105. Dzi\u0119ki temu umo\u017cliwia stabilne zasilanie nawet przy intensywnym obci\u0105\u017ceniu \u2013 \u015bwietnie sprawdzi si\u0119 podczas lot\u00f3w d\u0142ugodystansowych oraz operacji wymagaj\u0105cych du\u017cego poboru mocy.<\/p>\n<p>\n<img decoding=\"async\" src=\"https:\/\/assets.innpro.pl\/17208\/22616\/5.jpg\" border=\"0\" alt=\"\" \/>\n<\/p>\n<h3>Gotowo\u015b\u0107 do pracy niezale\u017cnie od warunk\u00f3w<\/h3>\n<p>Wbudowany system samonagrzewania pozwala na bezproblemow\u0105 prac\u0119 akumulatora w niskich temperaturach, zapewniaj\u0105c niezawodne dzia\u0142anie nawet przy -20\u00b0C. Co wi\u0119cej, model TB100 efektywnie odprowadza ciep\u0142o \u2013 nie b\u0119dzie si\u0119 przegrzewa\u0142. Niestraszne mu wymagaj\u0105ce warunki!<\/p>\n<p>\n<img decoding=\"async\" src=\"https:\/\/assets.innpro.pl\/17208\/22616\/3.jpg\" border=\"0\" alt=\"\" \/>\n<\/p>\n<div class=\"table-wrapper\">\n<p>\u00a0<\/p>\n<h3><\/h3>\n<table>\n<tbody>\n<tr>\n<th>Producent<\/th>\n<td>DJI<\/td>\n<\/tr>\n<tr>\n<th>Model<\/th>\n<td>TB100<\/td>\n<\/tr>\n<tr>\n<th>Pojemno\u015b\u0107<\/th>\n<td>20254 mAh<\/td>\n<\/tr>\n<tr>\n<th>Napi\u0119cie nominalne<\/th>\n<td>48,23 V<\/td>\n<\/tr>\n<tr>\n<th>Maks. napi\u0119cie \u0142adowania<\/th>\n<td>54,6 V<\/td>\n<\/tr>\n<tr>\n<th>Typ ogniw<\/th>\n<td>Li-ion 13S<\/td>\n<\/tr>\n<tr>\n<th>Energia<\/th>\n<td>977 Wh<\/td>\n<\/tr>\n<tr>\n<th>Waga<\/th>\n<td>4720 \u00b1 20 g<\/td>\n<\/tr>\n<tr>\n<th>Temperatura \u0142adowania<\/th>\n<td>Od 5\u00b0C do 45\u00b0C<\/td>\n<\/tr>\n<tr>\n<th>Temperatura roz\u0142adowania<\/th>\n<td>Od -20\u00b0C do 75\u00b0C<\/td>\n<\/tr>\n<tr>\n<th>Ogrzewanie akumulatora<\/th>\n<td>Pojedynczy akumulator: obs\u0142ugiwane;<br \/>Na pok\u0142adzie: obs\u0142ugiwane;<br \/>Stacja \u0142aduj\u0105ca: obs\u0142ugiwane;<\/td>\n<\/tr>\n<tr>\n<th>Wsp\u00f3\u0142czynnik roz\u0142adowania<\/th>\n<td>4C<\/td>\n<\/tr>\n<tr>\n<th>Maks. moc \u0142adowania<\/th>\n<td>2C<\/td>\n<\/tr>\n<tr>\n<th>\u0141adowanie w niskiej temperaturze<\/th>\n<td>Obs\u0142uguje samonagrzewanie podczas \u0142adowania w niskiej temperaturze<\/td>\n<\/tr>\n<tr>\n<th>Liczba cykli<\/th>\n<td>400<\/td>\n<\/tr>\n<\/tbody>\n<\/table>\n<\/div>\n","protected":false},"excerpt":{"rendered":"<p>Bateria akumulator TB100 DJI Matrice 400 DJI TB100 to inteligentny akumulator zaprojektowany specjalnie dla drona DJI Matrice 400, b\u0119d\u0105cego flagow\u0105<\/p>\n","protected":false},"featured_media":47775,"comment_status":"closed","ping_status":"open","template":"","meta":{"_acf_changed":false},"product_brand":[],"product_cat":[6169,1088,1105],"product_tag":[],"class_list":{"0":"post-60582","1":"product","2":"type-product","3":"status-publish","4":"has-post-thumbnail","6":"product_cat-akcesoria-i-czesci","7":"product_cat-drony","8":"product_cat-przemyslowe","9":"pa_okres-gwarancji-5754","10":"pa_producent-dji-enterprise","12":"first","13":"outofstock","14":"taxable","15":"shipping-taxable","16":"purchasable","17":"product-type-simple"},"acf":[],"yoast_head":"<!-- This site is optimized with the Yoast SEO plugin v27.2 - https:\/\/yoast.com\/product\/yoast-seo-wordpress\/ -->\n<title>Bateria akumulator TB100 DJI Matrice 400 - IRONSKY.PL Sklep z Dronami<\/title>\n<meta name=\"description\" content=\"Bateria akumulator TB100 DJI Matrice 400 - \u2705 sklep z dronami i fachowym doradztwem. \u2705 Tutaj kupisz produkty DJI, Yuneec, Parrot, Syma i wiele innych, a tak\u017ce kursy i licencje na operatora drona.\" \/>\n<meta name=\"robots\" content=\"index, follow, max-snippet:-1, max-image-preview:large, max-video-preview:-1\" \/>\n<link rel=\"canonical\" href=\"https:\/\/ironsky.pl\/sklep\/produkt\/bateria-akumulator-tb100-dji-matrice-400-2\/\" \/>\n<meta property=\"og:locale\" content=\"pl_PL\" \/>\n<meta property=\"og:type\" content=\"article\" \/>\n<meta property=\"og:title\" content=\"Bateria akumulator TB100 DJI Matrice 400 - IRONSKY.PL Sklep z Dronami\" \/>\n<meta property=\"og:description\" content=\"Bateria akumulator TB100 DJI Matrice 400 - \u2705 sklep z dronami i fachowym doradztwem. \u2705 Tutaj kupisz produkty DJI, Yuneec, Parrot, Syma i wiele innych, a tak\u017ce kursy i licencje na operatora drona.\" \/>\n<meta property=\"og:url\" content=\"https:\/\/ironsky.pl\/sklep\/produkt\/bateria-akumulator-tb100-dji-matrice-400-2\/\" \/>\n<meta property=\"og:site_name\" content=\"IRONSKY.PL Sklep z Dronami\" \/>\n<meta property=\"article:modified_time\" content=\"2026-04-15T09:04:49+00:00\" \/>\n<meta property=\"og:image\" content=\"https:\/\/ironsky.pl\/sklep\/wp-content\/uploads\/2025\/06\/53646_1.jpg\" \/>\n\t<meta property=\"og:image:width\" content=\"800\" \/>\n\t<meta property=\"og:image:height\" content=\"800\" \/>\n\t<meta property=\"og:image:type\" content=\"image\/jpeg\" \/>\n<meta name=\"twitter:card\" content=\"summary_large_image\" \/>\n<meta name=\"twitter:label1\" content=\"Szacowany czas czytania\" \/>\n\t<meta name=\"twitter:data1\" content=\"1 minuta\" \/>\n<script type=\"application\/ld+json\" class=\"yoast-schema-graph\">{\"@context\":\"https:\/\/schema.org\",\"@graph\":[{\"@type\":\"WebPage\",\"@id\":\"https:\/\/ironsky.pl\/sklep\/produkt\/bateria-akumulator-tb100-dji-matrice-400-2\/\",\"url\":\"https:\/\/ironsky.pl\/sklep\/produkt\/bateria-akumulator-tb100-dji-matrice-400-2\/\",\"name\":\"Bateria akumulator TB100 DJI Matrice 400 - IRONSKY.PL Sklep z Dronami\",\"isPartOf\":{\"@id\":\"https:\/\/ironsky.pl\/sklep\/#website\"},\"primaryImageOfPage\":{\"@id\":\"https:\/\/ironsky.pl\/sklep\/produkt\/bateria-akumulator-tb100-dji-matrice-400-2\/#primaryimage\"},\"image\":{\"@id\":\"https:\/\/ironsky.pl\/sklep\/produkt\/bateria-akumulator-tb100-dji-matrice-400-2\/#primaryimage\"},\"thumbnailUrl\":\"https:\/\/ironsky.pl\/sklep\/wp-content\/uploads\/2025\/06\/53646_1.jpg\",\"datePublished\":\"2026-04-15T09:04:47+00:00\",\"dateModified\":\"2026-04-15T09:04:49+00:00\",\"description\":\"Bateria akumulator TB100 DJI Matrice 400 - \u2705 sklep z dronami i fachowym doradztwem. \u2705 Tutaj kupisz produkty DJI, Yuneec, Parrot, Syma i wiele innych, a tak\u017ce kursy i licencje na operatora drona.\",\"breadcrumb\":{\"@id\":\"https:\/\/ironsky.pl\/sklep\/produkt\/bateria-akumulator-tb100-dji-matrice-400-2\/#breadcrumb\"},\"inLanguage\":\"pl-PL\",\"potentialAction\":[{\"@type\":\"ReadAction\",\"target\":[\"https:\/\/ironsky.pl\/sklep\/produkt\/bateria-akumulator-tb100-dji-matrice-400-2\/\"]}]},{\"@type\":\"ImageObject\",\"inLanguage\":\"pl-PL\",\"@id\":\"https:\/\/ironsky.pl\/sklep\/produkt\/bateria-akumulator-tb100-dji-matrice-400-2\/#primaryimage\",\"url\":\"https:\/\/ironsky.pl\/sklep\/wp-content\/uploads\/2025\/06\/53646_1.jpg\",\"contentUrl\":\"https:\/\/ironsky.pl\/sklep\/wp-content\/uploads\/2025\/06\/53646_1.jpg\",\"width\":800,\"height\":800},{\"@type\":\"BreadcrumbList\",\"@id\":\"https:\/\/ironsky.pl\/sklep\/produkt\/bateria-akumulator-tb100-dji-matrice-400-2\/#breadcrumb\",\"itemListElement\":[{\"@type\":\"ListItem\",\"position\":1,\"name\":\"Strona g\u0142\u00f3wna\",\"item\":\"https:\/\/ironsky.pl\/sklep\/\"},{\"@type\":\"ListItem\",\"position\":2,\"name\":\"Wszystkie produkty\",\"item\":\"https:\/\/ironsky.pl\/sklep\/produkty\/\"},{\"@type\":\"ListItem\",\"position\":3,\"name\":\"Bateria akumulator TB100 DJI Matrice 400\"}]},{\"@type\":\"WebSite\",\"@id\":\"https:\/\/ironsky.pl\/sklep\/#website\",\"url\":\"https:\/\/ironsky.pl\/sklep\/\",\"name\":\"IRONSKY.PL Sklep z Dronami\",\"description\":\"IRONSKY.PL Sklep z Dronami\",\"potentialAction\":[{\"@type\":\"SearchAction\",\"target\":{\"@type\":\"EntryPoint\",\"urlTemplate\":\"https:\/\/ironsky.pl\/sklep\/?s={search_term_string}\"},\"query-input\":{\"@type\":\"PropertyValueSpecification\",\"valueRequired\":true,\"valueName\":\"search_term_string\"}}],\"inLanguage\":\"pl-PL\"}]}<\/script>\n<!-- \/ Yoast SEO plugin. -->","yoast_head_json":{"title":"Bateria akumulator TB100 DJI Matrice 400 - IRONSKY.PL Sklep z Dronami","description":"Bateria akumulator TB100 DJI Matrice 400 - \u2705 sklep z dronami i fachowym doradztwem. \u2705 Tutaj kupisz produkty DJI, Yuneec, Parrot, Syma i wiele innych, a tak\u017ce kursy i licencje na operatora drona.","robots":{"index":"index","follow":"follow","max-snippet":"max-snippet:-1","max-image-preview":"max-image-preview:large","max-video-preview":"max-video-preview:-1"},"canonical":"https:\/\/ironsky.pl\/sklep\/produkt\/bateria-akumulator-tb100-dji-matrice-400-2\/","og_locale":"pl_PL","og_type":"article","og_title":"Bateria akumulator TB100 DJI Matrice 400 - IRONSKY.PL Sklep z Dronami","og_description":"Bateria akumulator TB100 DJI Matrice 400 - \u2705 sklep z dronami i fachowym doradztwem. \u2705 Tutaj kupisz produkty DJI, Yuneec, Parrot, Syma i wiele innych, a tak\u017ce kursy i licencje na operatora drona.","og_url":"https:\/\/ironsky.pl\/sklep\/produkt\/bateria-akumulator-tb100-dji-matrice-400-2\/","og_site_name":"IRONSKY.PL Sklep z Dronami","article_modified_time":"2026-04-15T09:04:49+00:00","og_image":[{"width":800,"height":800,"url":"https:\/\/ironsky.pl\/sklep\/wp-content\/uploads\/2025\/06\/53646_1.jpg","type":"image\/jpeg"}],"twitter_card":"summary_large_image","twitter_misc":{"Szacowany czas czytania":"1 minuta"},"schema":{"@context":"https:\/\/schema.org","@graph":[{"@type":"WebPage","@id":"https:\/\/ironsky.pl\/sklep\/produkt\/bateria-akumulator-tb100-dji-matrice-400-2\/","url":"https:\/\/ironsky.pl\/sklep\/produkt\/bateria-akumulator-tb100-dji-matrice-400-2\/","name":"Bateria akumulator TB100 DJI Matrice 400 - IRONSKY.PL Sklep z Dronami","isPartOf":{"@id":"https:\/\/ironsky.pl\/sklep\/#website"},"primaryImageOfPage":{"@id":"https:\/\/ironsky.pl\/sklep\/produkt\/bateria-akumulator-tb100-dji-matrice-400-2\/#primaryimage"},"image":{"@id":"https:\/\/ironsky.pl\/sklep\/produkt\/bateria-akumulator-tb100-dji-matrice-400-2\/#primaryimage"},"thumbnailUrl":"https:\/\/ironsky.pl\/sklep\/wp-content\/uploads\/2025\/06\/53646_1.jpg","datePublished":"2026-04-15T09:04:47+00:00","dateModified":"2026-04-15T09:04:49+00:00","description":"Bateria akumulator TB100 DJI Matrice 400 - \u2705 sklep z dronami i fachowym doradztwem. \u2705 Tutaj kupisz produkty DJI, Yuneec, Parrot, Syma i wiele innych, a tak\u017ce kursy i licencje na operatora drona.","breadcrumb":{"@id":"https:\/\/ironsky.pl\/sklep\/produkt\/bateria-akumulator-tb100-dji-matrice-400-2\/#breadcrumb"},"inLanguage":"pl-PL","potentialAction":[{"@type":"ReadAction","target":["https:\/\/ironsky.pl\/sklep\/produkt\/bateria-akumulator-tb100-dji-matrice-400-2\/"]}]},{"@type":"ImageObject","inLanguage":"pl-PL","@id":"https:\/\/ironsky.pl\/sklep\/produkt\/bateria-akumulator-tb100-dji-matrice-400-2\/#primaryimage","url":"https:\/\/ironsky.pl\/sklep\/wp-content\/uploads\/2025\/06\/53646_1.jpg","contentUrl":"https:\/\/ironsky.pl\/sklep\/wp-content\/uploads\/2025\/06\/53646_1.jpg","width":800,"height":800},{"@type":"BreadcrumbList","@id":"https:\/\/ironsky.pl\/sklep\/produkt\/bateria-akumulator-tb100-dji-matrice-400-2\/#breadcrumb","itemListElement":[{"@type":"ListItem","position":1,"name":"Strona g\u0142\u00f3wna","item":"https:\/\/ironsky.pl\/sklep\/"},{"@type":"ListItem","position":2,"name":"Wszystkie produkty","item":"https:\/\/ironsky.pl\/sklep\/produkty\/"},{"@type":"ListItem","position":3,"name":"Bateria akumulator TB100 DJI Matrice 400"}]},{"@type":"WebSite","@id":"https:\/\/ironsky.pl\/sklep\/#website","url":"https:\/\/ironsky.pl\/sklep\/","name":"IRONSKY.PL Sklep z Dronami","description":"IRONSKY.PL Sklep z Dronami","potentialAction":[{"@type":"SearchAction","target":{"@type":"EntryPoint","urlTemplate":"https:\/\/ironsky.pl\/sklep\/?s={search_term_string}"},"query-input":{"@type":"PropertyValueSpecification","valueRequired":true,"valueName":"search_term_string"}}],"inLanguage":"pl-PL"}]}},"_links":{"self":[{"href":"https:\/\/ironsky.pl\/sklep\/wp-json\/wp\/v2\/product\/60582","targetHints":{"allow":["GET"]}}],"collection":[{"href":"https:\/\/ironsky.pl\/sklep\/wp-json\/wp\/v2\/product"}],"about":[{"href":"https:\/\/ironsky.pl\/sklep\/wp-json\/wp\/v2\/types\/product"}],"replies":[{"embeddable":true,"href":"https:\/\/ironsky.pl\/sklep\/wp-json\/wp\/v2\/comments?post=60582"}],"wp:featuredmedia":[{"embeddable":true,"href":"https:\/\/ironsky.pl\/sklep\/wp-json\/wp\/v2\/media\/47775"}],"wp:attachment":[{"href":"https:\/\/ironsky.pl\/sklep\/wp-json\/wp\/v2\/media?parent=60582"}],"wp:term":[{"taxonomy":"product_brand","embeddable":true,"href":"https:\/\/ironsky.pl\/sklep\/wp-json\/wp\/v2\/product_brand?post=60582"},{"taxonomy":"product_cat","embeddable":true,"href":"https:\/\/ironsky.pl\/sklep\/wp-json\/wp\/v2\/product_cat?post=60582"},{"taxonomy":"product_tag","embeddable":true,"href":"https:\/\/ironsky.pl\/sklep\/wp-json\/wp\/v2\/product_tag?post=60582"}],"curies":[{"name":"wp","href":"https:\/\/api.w.org\/{rel}","templated":true}]}}