{"id":60581,"date":"2026-04-15T11:04:47","date_gmt":"2026-04-15T09:04:47","guid":{"rendered":"https:\/\/ironsky.pl\/sklep\/produkt\/stacja-ladowania-dji-bs100-tb100-dla-matrice-400-2\/"},"modified":"2026-04-15T11:04:48","modified_gmt":"2026-04-15T09:04:48","slug":"stacja-ladowania-dji-bs100-tb100-dla-matrice-400-2","status":"publish","type":"product","link":"https:\/\/ironsky.pl\/sklep\/produkt\/stacja-ladowania-dji-bs100-tb100-dla-matrice-400-2\/","title":{"rendered":"Stacja \u0142adowania DJI BS100 TB100 dla Matrice 400"},"content":{"rendered":"<h3>Stacja \u0142adowania DJI BS100 TB100 dla Matrice 400<\/h3>\n<p>BS100 to inteligentna i wielofunkcyjna stacja \u0142adowania zaprojektowana specjalnie dla drona DJI Matrice 400. Pozwala \u0142adowa\u0107 maksymalnie trzy akumulatory TB100 oraz dwa akumulatory WB37, zapewniaj\u0105c efektywne przygotowanie sprz\u0119tu do lotu. W trybie szybkiego \u0142adowania (Fast Charging Mode) czas pe\u0142nego na\u0142adowania akumulatora TB100 wynosi zaledwie oko\u0142o 45 minut (przy zasilaniu 220 V), a w trybie cichym (Silent Mode) \u2013 oko\u0142o 110 minut. Stacja jest przy tym bardzo wytrzyma\u0142a i wygodna w przenoszeniu. Doskonale sprawdzi si\u0119 podczas operacji w terenie! Produkt jest kompatybilny z akumulatorami TB100, TB100C oraz WB37.<\/p>\n<p>\n<img decoding=\"async\" src=\"https:\/\/assets.innpro.pl\/17206\/22613\/1.jpg\" border=\"0\" alt=\"\" \/>\n<\/p>\n<h3>Maksymalna wydajno\u015b\u0107, gdy liczy si\u0119 czas<\/h3>\n<p>W trybie szybkiego \u0142adowania akumulator TB100 mo\u017cna na\u0142adowa\u0107 od 0 do 100% w zaledwie oko\u0142o 45 minut (przy zasilaniu 220 V). Dost\u0119pny jest r\u00f3wnie\u017c tryb Ready-to-Fly, w kt\u00f3rym stacja \u0142aduje ogniwa do 90%. DJI BS100 to rozwi\u0105zanie stworzone z my\u015bl\u0105 o zespo\u0142ach pracuj\u0105cych w dynamicznym \u015brodowisku \u2014 tam, gdzie przestoje s\u0105 niedopuszczalne.<\/p>\n<p>\n<img decoding=\"async\" src=\"https:\/\/assets.innpro.pl\/17206\/22613\/2.jpg\" border=\"0\" alt=\"\" \/>\n<\/p>\n<h3>Cicha praca w ka\u017cdych warunkach operacyjnych<\/h3>\n<p>W trybie cichym poziom generowanego ha\u0142asu spada do oko\u0142o 36 dB. To pozwala na \u0142adowanie akumulator\u00f3w bez zak\u0142\u00f3cania pracy \u2014 zar\u00f3wno podczas nocnych dzia\u0142a\u0144 w mie\u015bcie, jak i w pomieszczeniach roboczych.<\/p>\n<p>\n<img decoding=\"async\" src=\"https:\/\/assets.innpro.pl\/17206\/22613\/4.jpg\" border=\"0\" alt=\"\" \/>\n<\/p>\n<h3>Zaprojektowana do pracy w trudnym terenie<\/h3>\n<p>Solidna, trwa\u0142a konstrukcja o masie 11,8 kg i wymiarach 605\u00d7410\u00d7250 mm zapewnia stabilno\u015b\u0107 i mobilno\u015b\u0107 w terenie. Stacja BS100 dzia\u0142a niezawodnie w temperaturach od -20\u00b0C do 40\u00b0C, umo\u017cliwiaj\u0105c u\u017cytkowanie zar\u00f3wno na mrozie, jak i podczas upa\u0142\u00f3w. Niestraszne jej trudne warunki!<\/p>\n<p>\n<img decoding=\"async\" src=\"https:\/\/assets.innpro.pl\/17206\/22613\/3.jpg\" border=\"0\" alt=\"\" \/>\n<\/p>\n<div class=\"table-wrapper\">\n<p>\u00a0<\/p>\n<h3><\/h3>\n<table>\n<tbody>\n<tr>\n<th>Producent<\/th>\n<td>DJI<\/td>\n<\/tr>\n<tr>\n<th>Model<\/th>\n<td>BS100<\/td>\n<\/tr>\n<tr>\n<th>Waga netto<\/th>\n<td>11,8 kg<\/td>\n<\/tr>\n<tr>\n<th>Wymiary<\/th>\n<td>605\u00d7410\u00d7250 mm<\/td>\n<\/tr>\n<tr>\n<th>Obs\u0142ugiwane akumulatory<\/th>\n<td>TB100, TB100C, WB37<\/td>\n<\/tr>\n<tr>\n<th>Temperatura pracy<\/th>\n<td>Od -20\u00b0C do 40\u00b0C<\/td>\n<\/tr>\n<tr>\n<th>Wej\u015bcie<\/th>\n<td>100\u2013240 V (AC), 50\u201360 Hz, 10 A<\/td>\n<\/tr>\n<tr>\n<th>Wyj\u015bcie<\/th>\n<td>USB-C:<br \/>interfejs akumulatora TB100: 100\u2013110 V: ok. 1185 W, 110\u2013180 V: ok. 1474 W, 180\u2013240 V: ok. 2184 W;<br \/>interfejs akumulatora WB37: 100\u2013240 V: ok. 52 W;<br \/>USB-C: 5.0 V 3.0 A, 9.0 V 3.0 A, 12.0 V 3.0 A, 15.0 V 3.0 A, 20.0 V 3.25 A;<\/td>\n<\/tr>\n<tr>\n<th>Liczba kana\u0142\u00f3w \u0142adowania<\/th>\n<td>Trzy akumulatory TB100 i dwa WB37<\/td>\n<\/tr>\n<tr>\n<th>Tryb \u0142adowania<\/th>\n<td>Tryb Ready-to-Fly 90%;<br \/>Tryb Standard 100%;<br \/>Obs\u0142uguje tryb szybkiego \u0142adowania i tryb cichy<\/td>\n<\/tr>\n<tr>\n<th>Czas \u0142adowania<\/th>\n<td>Akumulator TB100\/TB100C od 0% do 100%:<br \/>220 V: ok. 45 min (tryb szybkiego \u0142adowania); ok. 110 min (tryb cichy);<br \/>110 V: ok. 70 minut (tryb szybkiego \u0142adowania); ok. 110 min (tryb cichy);<br \/>*Czas \u0142adowania zmierzono w \u015brodowisku testowym przy temperaturze 25\u00b0C.<\/td>\n<\/tr>\n<\/tbody>\n<\/table>\n<\/div>\n","protected":false},"excerpt":{"rendered":"<p>Stacja \u0142adowania DJI BS100 TB100 dla Matrice 400 BS100 to inteligentna i wielofunkcyjna stacja \u0142adowania zaprojektowana specjalnie dla drona DJI<\/p>\n","protected":false},"featured_media":47772,"comment_status":"closed","ping_status":"open","template":"","meta":{"_acf_changed":false},"product_brand":[],"product_cat":[6169,1088,1105],"product_tag":[],"class_list":{"0":"post-60581","1":"product","2":"type-product","3":"status-publish","4":"has-post-thumbnail","6":"product_cat-akcesoria-i-czesci","7":"product_cat-drony","8":"product_cat-przemyslowe","9":"pa_okres-gwarancji-5757","10":"pa_producent-dji-enterprise","12":"first","13":"outofstock","14":"taxable","15":"shipping-taxable","16":"purchasable","17":"product-type-simple"},"acf":[],"yoast_head":"<!-- This site is optimized with the Yoast SEO plugin v27.2 - https:\/\/yoast.com\/product\/yoast-seo-wordpress\/ -->\n<title>Stacja \u0142adowania DJI BS100 TB100 dla Matrice 400 - IRONSKY.PL Sklep z Dronami<\/title>\n<meta name=\"description\" content=\"Stacja \u0142adowania DJI BS100 TB100 dla Matrice 400 - \u2705 sklep z dronami i fachowym doradztwem. \u2705 Tutaj kupisz produkty DJI, Yuneec, Parrot, Syma i wiele innych, a tak\u017ce kursy i licencje na operatora drona.\" \/>\n<meta name=\"robots\" content=\"index, follow, max-snippet:-1, max-image-preview:large, max-video-preview:-1\" \/>\n<link rel=\"canonical\" href=\"https:\/\/ironsky.pl\/sklep\/produkt\/stacja-ladowania-dji-bs100-tb100-dla-matrice-400-2\/\" \/>\n<meta property=\"og:locale\" content=\"pl_PL\" \/>\n<meta property=\"og:type\" content=\"article\" \/>\n<meta property=\"og:title\" content=\"Stacja \u0142adowania DJI BS100 TB100 dla Matrice 400 - IRONSKY.PL Sklep z Dronami\" \/>\n<meta property=\"og:description\" content=\"Stacja \u0142adowania DJI BS100 TB100 dla Matrice 400 - \u2705 sklep z dronami i fachowym doradztwem. \u2705 Tutaj kupisz produkty DJI, Yuneec, Parrot, Syma i wiele innych, a tak\u017ce kursy i licencje na operatora drona.\" \/>\n<meta property=\"og:url\" content=\"https:\/\/ironsky.pl\/sklep\/produkt\/stacja-ladowania-dji-bs100-tb100-dla-matrice-400-2\/\" \/>\n<meta property=\"og:site_name\" content=\"IRONSKY.PL Sklep z Dronami\" \/>\n<meta property=\"article:modified_time\" content=\"2026-04-15T09:04:48+00:00\" \/>\n<meta property=\"og:image\" content=\"https:\/\/ironsky.pl\/sklep\/wp-content\/uploads\/2025\/06\/53645_1.jpg\" \/>\n\t<meta property=\"og:image:width\" content=\"800\" \/>\n\t<meta property=\"og:image:height\" content=\"800\" \/>\n\t<meta property=\"og:image:type\" content=\"image\/jpeg\" \/>\n<meta name=\"twitter:card\" content=\"summary_large_image\" \/>\n<meta name=\"twitter:label1\" content=\"Szacowany czas czytania\" \/>\n\t<meta name=\"twitter:data1\" content=\"2 minuty\" \/>\n<script type=\"application\/ld+json\" class=\"yoast-schema-graph\">{\"@context\":\"https:\/\/schema.org\",\"@graph\":[{\"@type\":\"WebPage\",\"@id\":\"https:\/\/ironsky.pl\/sklep\/produkt\/stacja-ladowania-dji-bs100-tb100-dla-matrice-400-2\/\",\"url\":\"https:\/\/ironsky.pl\/sklep\/produkt\/stacja-ladowania-dji-bs100-tb100-dla-matrice-400-2\/\",\"name\":\"Stacja \u0142adowania DJI BS100 TB100 dla Matrice 400 - IRONSKY.PL Sklep z Dronami\",\"isPartOf\":{\"@id\":\"https:\/\/ironsky.pl\/sklep\/#website\"},\"primaryImageOfPage\":{\"@id\":\"https:\/\/ironsky.pl\/sklep\/produkt\/stacja-ladowania-dji-bs100-tb100-dla-matrice-400-2\/#primaryimage\"},\"image\":{\"@id\":\"https:\/\/ironsky.pl\/sklep\/produkt\/stacja-ladowania-dji-bs100-tb100-dla-matrice-400-2\/#primaryimage\"},\"thumbnailUrl\":\"https:\/\/ironsky.pl\/sklep\/wp-content\/uploads\/2025\/06\/53645_1.jpg\",\"datePublished\":\"2026-04-15T09:04:47+00:00\",\"dateModified\":\"2026-04-15T09:04:48+00:00\",\"description\":\"Stacja \u0142adowania DJI BS100 TB100 dla Matrice 400 - \u2705 sklep z dronami i fachowym doradztwem. \u2705 Tutaj kupisz produkty DJI, Yuneec, Parrot, Syma i wiele innych, a tak\u017ce kursy i licencje na operatora drona.\",\"breadcrumb\":{\"@id\":\"https:\/\/ironsky.pl\/sklep\/produkt\/stacja-ladowania-dji-bs100-tb100-dla-matrice-400-2\/#breadcrumb\"},\"inLanguage\":\"pl-PL\",\"potentialAction\":[{\"@type\":\"ReadAction\",\"target\":[\"https:\/\/ironsky.pl\/sklep\/produkt\/stacja-ladowania-dji-bs100-tb100-dla-matrice-400-2\/\"]}]},{\"@type\":\"ImageObject\",\"inLanguage\":\"pl-PL\",\"@id\":\"https:\/\/ironsky.pl\/sklep\/produkt\/stacja-ladowania-dji-bs100-tb100-dla-matrice-400-2\/#primaryimage\",\"url\":\"https:\/\/ironsky.pl\/sklep\/wp-content\/uploads\/2025\/06\/53645_1.jpg\",\"contentUrl\":\"https:\/\/ironsky.pl\/sklep\/wp-content\/uploads\/2025\/06\/53645_1.jpg\",\"width\":800,\"height\":800},{\"@type\":\"BreadcrumbList\",\"@id\":\"https:\/\/ironsky.pl\/sklep\/produkt\/stacja-ladowania-dji-bs100-tb100-dla-matrice-400-2\/#breadcrumb\",\"itemListElement\":[{\"@type\":\"ListItem\",\"position\":1,\"name\":\"Strona g\u0142\u00f3wna\",\"item\":\"https:\/\/ironsky.pl\/sklep\/\"},{\"@type\":\"ListItem\",\"position\":2,\"name\":\"Wszystkie produkty\",\"item\":\"https:\/\/ironsky.pl\/sklep\/produkty\/\"},{\"@type\":\"ListItem\",\"position\":3,\"name\":\"Stacja \u0142adowania DJI BS100 TB100 dla Matrice 400\"}]},{\"@type\":\"WebSite\",\"@id\":\"https:\/\/ironsky.pl\/sklep\/#website\",\"url\":\"https:\/\/ironsky.pl\/sklep\/\",\"name\":\"IRONSKY.PL Sklep z Dronami\",\"description\":\"IRONSKY.PL Sklep z Dronami\",\"potentialAction\":[{\"@type\":\"SearchAction\",\"target\":{\"@type\":\"EntryPoint\",\"urlTemplate\":\"https:\/\/ironsky.pl\/sklep\/?s={search_term_string}\"},\"query-input\":{\"@type\":\"PropertyValueSpecification\",\"valueRequired\":true,\"valueName\":\"search_term_string\"}}],\"inLanguage\":\"pl-PL\"}]}<\/script>\n<!-- \/ Yoast SEO plugin. -->","yoast_head_json":{"title":"Stacja \u0142adowania DJI BS100 TB100 dla Matrice 400 - IRONSKY.PL Sklep z Dronami","description":"Stacja \u0142adowania DJI BS100 TB100 dla Matrice 400 - \u2705 sklep z dronami i fachowym doradztwem. \u2705 Tutaj kupisz produkty DJI, Yuneec, Parrot, Syma i wiele innych, a tak\u017ce kursy i licencje na operatora drona.","robots":{"index":"index","follow":"follow","max-snippet":"max-snippet:-1","max-image-preview":"max-image-preview:large","max-video-preview":"max-video-preview:-1"},"canonical":"https:\/\/ironsky.pl\/sklep\/produkt\/stacja-ladowania-dji-bs100-tb100-dla-matrice-400-2\/","og_locale":"pl_PL","og_type":"article","og_title":"Stacja \u0142adowania DJI BS100 TB100 dla Matrice 400 - IRONSKY.PL Sklep z Dronami","og_description":"Stacja \u0142adowania DJI BS100 TB100 dla Matrice 400 - \u2705 sklep z dronami i fachowym doradztwem. \u2705 Tutaj kupisz produkty DJI, Yuneec, Parrot, Syma i wiele innych, a tak\u017ce kursy i licencje na operatora drona.","og_url":"https:\/\/ironsky.pl\/sklep\/produkt\/stacja-ladowania-dji-bs100-tb100-dla-matrice-400-2\/","og_site_name":"IRONSKY.PL Sklep z Dronami","article_modified_time":"2026-04-15T09:04:48+00:00","og_image":[{"width":800,"height":800,"url":"https:\/\/ironsky.pl\/sklep\/wp-content\/uploads\/2025\/06\/53645_1.jpg","type":"image\/jpeg"}],"twitter_card":"summary_large_image","twitter_misc":{"Szacowany czas czytania":"2 minuty"},"schema":{"@context":"https:\/\/schema.org","@graph":[{"@type":"WebPage","@id":"https:\/\/ironsky.pl\/sklep\/produkt\/stacja-ladowania-dji-bs100-tb100-dla-matrice-400-2\/","url":"https:\/\/ironsky.pl\/sklep\/produkt\/stacja-ladowania-dji-bs100-tb100-dla-matrice-400-2\/","name":"Stacja \u0142adowania DJI BS100 TB100 dla Matrice 400 - IRONSKY.PL Sklep z Dronami","isPartOf":{"@id":"https:\/\/ironsky.pl\/sklep\/#website"},"primaryImageOfPage":{"@id":"https:\/\/ironsky.pl\/sklep\/produkt\/stacja-ladowania-dji-bs100-tb100-dla-matrice-400-2\/#primaryimage"},"image":{"@id":"https:\/\/ironsky.pl\/sklep\/produkt\/stacja-ladowania-dji-bs100-tb100-dla-matrice-400-2\/#primaryimage"},"thumbnailUrl":"https:\/\/ironsky.pl\/sklep\/wp-content\/uploads\/2025\/06\/53645_1.jpg","datePublished":"2026-04-15T09:04:47+00:00","dateModified":"2026-04-15T09:04:48+00:00","description":"Stacja \u0142adowania DJI BS100 TB100 dla Matrice 400 - \u2705 sklep z dronami i fachowym doradztwem. \u2705 Tutaj kupisz produkty DJI, Yuneec, Parrot, Syma i wiele innych, a tak\u017ce kursy i licencje na operatora drona.","breadcrumb":{"@id":"https:\/\/ironsky.pl\/sklep\/produkt\/stacja-ladowania-dji-bs100-tb100-dla-matrice-400-2\/#breadcrumb"},"inLanguage":"pl-PL","potentialAction":[{"@type":"ReadAction","target":["https:\/\/ironsky.pl\/sklep\/produkt\/stacja-ladowania-dji-bs100-tb100-dla-matrice-400-2\/"]}]},{"@type":"ImageObject","inLanguage":"pl-PL","@id":"https:\/\/ironsky.pl\/sklep\/produkt\/stacja-ladowania-dji-bs100-tb100-dla-matrice-400-2\/#primaryimage","url":"https:\/\/ironsky.pl\/sklep\/wp-content\/uploads\/2025\/06\/53645_1.jpg","contentUrl":"https:\/\/ironsky.pl\/sklep\/wp-content\/uploads\/2025\/06\/53645_1.jpg","width":800,"height":800},{"@type":"BreadcrumbList","@id":"https:\/\/ironsky.pl\/sklep\/produkt\/stacja-ladowania-dji-bs100-tb100-dla-matrice-400-2\/#breadcrumb","itemListElement":[{"@type":"ListItem","position":1,"name":"Strona g\u0142\u00f3wna","item":"https:\/\/ironsky.pl\/sklep\/"},{"@type":"ListItem","position":2,"name":"Wszystkie produkty","item":"https:\/\/ironsky.pl\/sklep\/produkty\/"},{"@type":"ListItem","position":3,"name":"Stacja \u0142adowania DJI BS100 TB100 dla Matrice 400"}]},{"@type":"WebSite","@id":"https:\/\/ironsky.pl\/sklep\/#website","url":"https:\/\/ironsky.pl\/sklep\/","name":"IRONSKY.PL Sklep z Dronami","description":"IRONSKY.PL Sklep z Dronami","potentialAction":[{"@type":"SearchAction","target":{"@type":"EntryPoint","urlTemplate":"https:\/\/ironsky.pl\/sklep\/?s={search_term_string}"},"query-input":{"@type":"PropertyValueSpecification","valueRequired":true,"valueName":"search_term_string"}}],"inLanguage":"pl-PL"}]}},"_links":{"self":[{"href":"https:\/\/ironsky.pl\/sklep\/wp-json\/wp\/v2\/product\/60581","targetHints":{"allow":["GET"]}}],"collection":[{"href":"https:\/\/ironsky.pl\/sklep\/wp-json\/wp\/v2\/product"}],"about":[{"href":"https:\/\/ironsky.pl\/sklep\/wp-json\/wp\/v2\/types\/product"}],"replies":[{"embeddable":true,"href":"https:\/\/ironsky.pl\/sklep\/wp-json\/wp\/v2\/comments?post=60581"}],"wp:featuredmedia":[{"embeddable":true,"href":"https:\/\/ironsky.pl\/sklep\/wp-json\/wp\/v2\/media\/47772"}],"wp:attachment":[{"href":"https:\/\/ironsky.pl\/sklep\/wp-json\/wp\/v2\/media?parent=60581"}],"wp:term":[{"taxonomy":"product_brand","embeddable":true,"href":"https:\/\/ironsky.pl\/sklep\/wp-json\/wp\/v2\/product_brand?post=60581"},{"taxonomy":"product_cat","embeddable":true,"href":"https:\/\/ironsky.pl\/sklep\/wp-json\/wp\/v2\/product_cat?post=60581"},{"taxonomy":"product_tag","embeddable":true,"href":"https:\/\/ironsky.pl\/sklep\/wp-json\/wp\/v2\/product_tag?post=60581"}],"curies":[{"name":"wp","href":"https:\/\/api.w.org\/{rel}","templated":true}]}}