{"id":60580,"date":"2026-04-15T11:04:26","date_gmt":"2026-04-15T09:04:26","guid":{"rendered":"https:\/\/ironsky.pl\/sklep\/produkt\/lodowka-turystyczna-euhomy-cf001-35gr-30l\/"},"modified":"2026-04-15T11:04:46","modified_gmt":"2026-04-15T09:04:46","slug":"lodowka-turystyczna-euhomy-cf001-35gr-30l","status":"publish","type":"product","link":"https:\/\/ironsky.pl\/sklep\/produkt\/lodowka-turystyczna-euhomy-cf001-35gr-30l\/","title":{"rendered":"Lod\u00f3wka turystyczna EUHOMY CF001-35GR 30l"},"content":{"rendered":"<h3>Lod\u00f3wka samochodowa Euhomy CF001-35GR, 30L<\/h3>\n<p>Ju\u017c nie musisz rezygnowa\u0107 z dost\u0119pu do \u015bwie\u017cych produkt\u00f3w i zimnych napoj\u00f3w podczas d\u0142ugotrwa\u0142ych podr\u00f3\u017cy samochodem. Euhomy CF001-35GR to lod\u00f3wka samochodowa o pojemno\u015bci 30 l, kt\u00f3ra zast\u0119puje domow\u0105 zamra\u017cark\u0119 lub ch\u0142odziark\u0119. Dzi\u0119ki wydajnemu kompresorowi urz\u0105dzenie szybko sch\u0142adza zawarto\u015b\u0107 nawet do -20\u00b0C \u2013 bez potrzeby u\u017cycia lodu. Sprawdzi si\u0119 w samochodzie, kamperze, na biwaku, w ogrodzie, a nawet w domu. Cicha praca, energooszcz\u0119dny tryb ECO oraz mo\u017cliwo\u015b\u0107 zasilania zar\u00f3wno z gniazdka domowego, jak i samochodowego, czyni\u0105 z niej praktyczny sprz\u0119t dla ka\u017cdego kierowcy. Obs\u0142ug\u0119 u\u0142atwia aplikacja.<\/p>\n<p>\n<img decoding=\"async\" src=\"https:\/\/assets.innpro.pl\/16872\/21992\/1.jpg\" border=\"0\" alt=\"\" \/>\n<\/p>\n<h3>Szybkie ch\u0142odzenie bez lodu<\/h3>\n<p>Lod\u00f3wka samochodowa Euhomy CF001-35GR wykorzystuje wydajny kompresor, kt\u00f3ry umo\u017cliwia szybkie i efektywne ch\u0142odzenie w zakresie od -20\u00b0C do 20\u00b0C. Nie trzeba wi\u0119c mrozi\u0107 wk\u0142ad\u00f3w ch\u0142odz\u0105cych ani ogranicza\u0107 si\u0119 do gotowych rozwi\u0105za\u0144 \u2013 wystarczy pod\u0142\u0105czy\u0107 lod\u00f3wk\u0119 i ustawi\u0107 odpowiedni\u0105 temperatur\u0119.<\/p>\n<p>\n<img decoding=\"async\" src=\"https:\/\/assets.innpro.pl\/16872\/21992\/6.jpg\" border=\"0\" alt=\"\" \/>\n<\/p>\n<h3>Miejsce na prowiant dla kilku os\u00f3b<\/h3>\n<p>Pojemno\u015b\u0107 wynosz\u0105ca 30 litr\u00f3w pozwala przechowywa\u0107 zapasy na ca\u0142y dzie\u0144 podr\u00f3\u017cy lub weekendowy wyjazd. Lod\u00f3wka Euhomy CF001-35GR mie\u015bci zar\u00f3wno butelki i puszki, jak i owoce, przek\u0105ski czy mro\u017conki. Wyjmowany kosz wewn\u0119trzny u\u0142atwia organizacj\u0119 i czyszczenie. Dzi\u0119ki niemu mo\u017cesz te\u017c \u0142atwiej wyj\u0105\u0107 konkretne produkty bez konieczno\u015bci wyci\u0105gania wszystkiego.<\/p>\n<p>\n<img decoding=\"async\" src=\"https:\/\/assets.innpro.pl\/16872\/21992\/2 \u2014 kopia.jpg\" border=\"0\" alt=\"\" \/>\n<\/p>\n<h3>Cicha praca<\/h3>\n<p>Generowany przez lod\u00f3wk\u0119 ha\u0142as nie przekracza 45 dB, co docenisz podczas nocy w kamperze \u2013 Tw\u00f3j sen z pewno\u015bci\u0105 nie zostanie zak\u0142\u00f3cony. Urz\u0105dzenie nadaje si\u0119 wi\u0119c r\u00f3wnie\u017c do domowego u\u017cytku \u2013 jako przeno\u015bna lod\u00f3wka w sypialni czy pokoju dziecka.<\/p>\n<p>\n<img decoding=\"async\" src=\"https:\/\/assets.innpro.pl\/16872\/21992\/3.jpg\" border=\"0\" alt=\"\" \/>\n<\/p>\n<h3>Zasilanie gdziekolwiek jeste\u015b<\/h3>\n<p>Urz\u0105dzenie dzia\u0142a zar\u00f3wno na pr\u0105dzie sta\u0142ym (12V\/24V \u2013 samoch\u00f3d, kamper), jak i zmiennym (110-240V \u2013 gniazdko domowe). W zestawie znajduj\u0105 si\u0119 odpowiednie przewody, wi\u0119c nie trzeba nic dokupowa\u0107. Lod\u00f3wk\u0119 mo\u017cna te\u017c pod\u0142\u0105czy\u0107 do stacji zasilaj\u0105cej lub panelu fotowoltaicznego (te elementy nie stanowi\u0105 cz\u0119\u015bci zestawu), aby zyska\u0107 pe\u0142n\u0105 niezale\u017cno\u015b\u0107 w terenie.<\/p>\n<p>\n<img decoding=\"async\" src=\"https:\/\/assets.innpro.pl\/16872\/21992\/7 \u2014 kopia.jpg\" border=\"0\" alt=\"\" \/>\n<\/p>\n<h3>Intuicyjny panel sterowania<\/h3>\n<p>Wbudowany cyfrowy wy\u015bwietlacz i intuicyjne przyciski pozwalaj\u0105 w \u0142atwy spos\u00f3b ustawi\u0107 temperatur\u0119, w\u0142\u0105czy\u0107 lod\u00f3wk\u0119 i prze\u0142\u0105czy\u0107 si\u0119 mi\u0119dzy trybami ECO i MAX. W pierwszym z nich urz\u0105dzenie zu\u017cywa tylko 45W energii \u2013 co jest idealnym na d\u0142ugie postoje. Tryb MAX (60W) zapewnia szybkie ch\u0142odzenie, kiedy zale\u017cy Ci na czasie, np. po za\u0142adunku \u015bwie\u017cych produkt\u00f3w.<\/p>\n<p>\n<img decoding=\"async\" src=\"https:\/\/assets.innpro.pl\/16872\/21992\/8.jpg\" border=\"0\" alt=\"\" \/>\n<\/p>\n<h3>Odporna i gotowa do drogi<\/h3>\n<p>Odporna na wstrz\u0105sy konstrukcja chroni lod\u00f3wk\u0119 przed uszkodzeniami w czasie jazdy po nier\u00f3wnej nawierzchni. Uchwyt i zdejmowany kosz wewn\u0119trzny sprawiaj\u0105, \u017ce transport i za\u0142adunek s\u0105 wygodne nawet w podr\u00f3\u017cy. Dodatkowo 3-warstwowa izolacja termiczna utrzymuje ch\u0142\u00f3d przez d\u0142u\u017cszy czas tak\u017ce po od\u0142\u0105czeniu od zasilania. Wbudowana ochrona przed roz\u0142adowaniem akumulatora samochodowego dzia\u0142a w trzech poziomach. Urz\u0105dzenie automatycznie odcina zasilanie, je\u015bli napi\u0119cie spada poni\u017cej ustalonego progu. Dzi\u0119ki temu mo\u017cna korzysta\u0107 z niego przez wiele godzin bez obaw o problemy z uruchomieniem auta.<\/p>\n<p>\n<img decoding=\"async\" src=\"https:\/\/assets.innpro.pl\/16872\/21992\/5.jpg\" border=\"0\" alt=\"\" \/>\n<\/p>\n<h3>Kompatybilno\u015b\u0107 z aplikacj\u0105<\/h3>\n<p>Z poziomu aplikacji mo\u017cesz dostosowywa\u0107 ustawienia, zarz\u0105dza\u0107 trybami pracy i sprawdza\u0107 aktualne parametry. Ciesz si\u0119 zdaln\u0105 obs\u0142ug\u0105, gdziekolwiek jeste\u015b!<\/p>\n<p>\n<img decoding=\"async\" src=\"https:\/\/assets.innpro.pl\/16872\/21992\/4.jpg\" border=\"0\" alt=\"\" \/>\n<\/p>\n<h3>W zestawie:<\/h3>\n<ul class=\"list-disc pl-5\">\n<li>Lod\u00f3wka samochodowa Euhomy CF001-35GR<\/li>\n<li>Przew\u00f3d zasilaj\u0105cy DC<\/li>\n<li>Zasilacz AC<\/li>\n<li>Instrukcja obs\u0142ugi<\/li>\n<li>Wyjmowany kosz<\/li>\n<\/ul>\n<div class=\"table-wrapper\">\n<p>\u00a0<\/p>\n<h3><\/h3>\n<table>\n<tbody>\n<tr>\n<th>Producent<\/th>\n<td>Euhomy<\/td>\n<\/tr>\n<tr>\n<th>Model<\/th>\n<td>CF001-35GR<\/td>\n<\/tr>\n<tr>\n<th>Pojemno\u015b\u0107<\/th>\n<td>30 l<\/td>\n<\/tr>\n<tr>\n<th>Temperatura pracy<\/th>\n<td>od -20\u00b0C do 20\u00b0C<\/td>\n<\/tr>\n<tr>\n<th>Tryby pracy<\/th>\n<td>ECO, MAX<\/td>\n<\/tr>\n<tr>\n<th>Poziom ha\u0142asu<\/th>\n<td>\u226445 dB<\/td>\n<\/tr>\n<tr>\n<th>Zasilanie<\/th>\n<td>12\/24 V DC (gniazdo zapalniczki \u2013 samoch\u00f3d, kamper), 110\u2013240 V AC (gniazdko domowe), stacja zasilania, panel fotowoltaiczny<\/td>\n<\/tr>\n<tr>\n<th>Obs\u0142uga aplikacji<\/th>\n<td>Tak<\/td>\n<\/tr>\n<\/tbody>\n<\/table>\n<\/div>\n","protected":false},"excerpt":{"rendered":"<p>Lod\u00f3wka samochodowa Euhomy CF001-35GR, 30L Ju\u017c nie musisz rezygnowa\u0107 z dost\u0119pu do \u015bwie\u017cych produkt\u00f3w i zimnych napoj\u00f3w podczas d\u0142ugotrwa\u0142ych podr\u00f3\u017cy<\/p>\n","protected":false},"featured_media":47769,"comment_status":"closed","ping_status":"open","template":"","meta":{"_acf_changed":false},"product_brand":[],"product_cat":[5978,5937],"product_tag":[],"class_list":{"0":"post-60580","1":"product","2":"type-product","3":"status-publish","4":"has-post-thumbnail","6":"product_cat-kemping","7":"product_cat-outdoor","8":"pa_okres-gwarancji-5757","9":"pa_producent-euhomy","11":"first","12":"outofstock","13":"taxable","14":"shipping-taxable","15":"purchasable","16":"product-type-simple"},"acf":[],"yoast_head":"<!-- This site is optimized with the Yoast SEO plugin v27.2 - https:\/\/yoast.com\/product\/yoast-seo-wordpress\/ -->\n<title>Lod\u00f3wka turystyczna EUHOMY CF001-35GR 30l - IRONSKY.PL Sklep z Dronami<\/title>\n<meta name=\"description\" content=\"Lod\u00f3wka turystyczna EUHOMY CF001-35GR 30l - \u2705 sklep z dronami i fachowym doradztwem. \u2705 Tutaj kupisz produkty DJI, Yuneec, Parrot, Syma i wiele innych, a tak\u017ce kursy i licencje na operatora drona.\" \/>\n<meta name=\"robots\" content=\"index, follow, max-snippet:-1, max-image-preview:large, max-video-preview:-1\" \/>\n<link rel=\"canonical\" href=\"https:\/\/ironsky.pl\/sklep\/produkt\/lodowka-turystyczna-euhomy-cf001-35gr-30l\/\" \/>\n<meta property=\"og:locale\" content=\"pl_PL\" \/>\n<meta property=\"og:type\" content=\"article\" \/>\n<meta property=\"og:title\" content=\"Lod\u00f3wka turystyczna EUHOMY CF001-35GR 30l - IRONSKY.PL Sklep z Dronami\" \/>\n<meta property=\"og:description\" content=\"Lod\u00f3wka turystyczna EUHOMY CF001-35GR 30l - \u2705 sklep z dronami i fachowym doradztwem. \u2705 Tutaj kupisz produkty DJI, Yuneec, Parrot, Syma i wiele innych, a tak\u017ce kursy i licencje na operatora drona.\" \/>\n<meta property=\"og:url\" content=\"https:\/\/ironsky.pl\/sklep\/produkt\/lodowka-turystyczna-euhomy-cf001-35gr-30l\/\" \/>\n<meta property=\"og:site_name\" content=\"IRONSKY.PL Sklep z Dronami\" \/>\n<meta property=\"article:modified_time\" content=\"2026-04-15T09:04:46+00:00\" \/>\n<meta property=\"og:image\" content=\"https:\/\/ironsky.pl\/sklep\/wp-content\/uploads\/2025\/06\/53637_1.jpg\" \/>\n\t<meta property=\"og:image:width\" content=\"800\" \/>\n\t<meta property=\"og:image:height\" content=\"800\" \/>\n\t<meta property=\"og:image:type\" content=\"image\/jpeg\" \/>\n<meta name=\"twitter:card\" content=\"summary_large_image\" \/>\n<meta name=\"twitter:label1\" content=\"Szacowany czas czytania\" \/>\n\t<meta name=\"twitter:data1\" content=\"3 minuty\" \/>\n<script type=\"application\/ld+json\" class=\"yoast-schema-graph\">{\"@context\":\"https:\/\/schema.org\",\"@graph\":[{\"@type\":\"WebPage\",\"@id\":\"https:\/\/ironsky.pl\/sklep\/produkt\/lodowka-turystyczna-euhomy-cf001-35gr-30l\/\",\"url\":\"https:\/\/ironsky.pl\/sklep\/produkt\/lodowka-turystyczna-euhomy-cf001-35gr-30l\/\",\"name\":\"Lod\u00f3wka turystyczna EUHOMY CF001-35GR 30l - IRONSKY.PL Sklep z Dronami\",\"isPartOf\":{\"@id\":\"https:\/\/ironsky.pl\/sklep\/#website\"},\"primaryImageOfPage\":{\"@id\":\"https:\/\/ironsky.pl\/sklep\/produkt\/lodowka-turystyczna-euhomy-cf001-35gr-30l\/#primaryimage\"},\"image\":{\"@id\":\"https:\/\/ironsky.pl\/sklep\/produkt\/lodowka-turystyczna-euhomy-cf001-35gr-30l\/#primaryimage\"},\"thumbnailUrl\":\"https:\/\/ironsky.pl\/sklep\/wp-content\/uploads\/2025\/06\/53637_1.jpg\",\"datePublished\":\"2026-04-15T09:04:26+00:00\",\"dateModified\":\"2026-04-15T09:04:46+00:00\",\"description\":\"Lod\u00f3wka turystyczna EUHOMY CF001-35GR 30l - \u2705 sklep z dronami i fachowym doradztwem. \u2705 Tutaj kupisz produkty DJI, Yuneec, Parrot, Syma i wiele innych, a tak\u017ce kursy i licencje na operatora drona.\",\"breadcrumb\":{\"@id\":\"https:\/\/ironsky.pl\/sklep\/produkt\/lodowka-turystyczna-euhomy-cf001-35gr-30l\/#breadcrumb\"},\"inLanguage\":\"pl-PL\",\"potentialAction\":[{\"@type\":\"ReadAction\",\"target\":[\"https:\/\/ironsky.pl\/sklep\/produkt\/lodowka-turystyczna-euhomy-cf001-35gr-30l\/\"]}]},{\"@type\":\"ImageObject\",\"inLanguage\":\"pl-PL\",\"@id\":\"https:\/\/ironsky.pl\/sklep\/produkt\/lodowka-turystyczna-euhomy-cf001-35gr-30l\/#primaryimage\",\"url\":\"https:\/\/ironsky.pl\/sklep\/wp-content\/uploads\/2025\/06\/53637_1.jpg\",\"contentUrl\":\"https:\/\/ironsky.pl\/sklep\/wp-content\/uploads\/2025\/06\/53637_1.jpg\",\"width\":800,\"height\":800},{\"@type\":\"BreadcrumbList\",\"@id\":\"https:\/\/ironsky.pl\/sklep\/produkt\/lodowka-turystyczna-euhomy-cf001-35gr-30l\/#breadcrumb\",\"itemListElement\":[{\"@type\":\"ListItem\",\"position\":1,\"name\":\"Strona g\u0142\u00f3wna\",\"item\":\"https:\/\/ironsky.pl\/sklep\/\"},{\"@type\":\"ListItem\",\"position\":2,\"name\":\"Wszystkie produkty\",\"item\":\"https:\/\/ironsky.pl\/sklep\/produkty\/\"},{\"@type\":\"ListItem\",\"position\":3,\"name\":\"Lod\u00f3wka turystyczna EUHOMY CF001-35GR 30l\"}]},{\"@type\":\"WebSite\",\"@id\":\"https:\/\/ironsky.pl\/sklep\/#website\",\"url\":\"https:\/\/ironsky.pl\/sklep\/\",\"name\":\"IRONSKY.PL Sklep z Dronami\",\"description\":\"IRONSKY.PL Sklep z Dronami\",\"potentialAction\":[{\"@type\":\"SearchAction\",\"target\":{\"@type\":\"EntryPoint\",\"urlTemplate\":\"https:\/\/ironsky.pl\/sklep\/?s={search_term_string}\"},\"query-input\":{\"@type\":\"PropertyValueSpecification\",\"valueRequired\":true,\"valueName\":\"search_term_string\"}}],\"inLanguage\":\"pl-PL\"}]}<\/script>\n<!-- \/ Yoast SEO plugin. -->","yoast_head_json":{"title":"Lod\u00f3wka turystyczna EUHOMY CF001-35GR 30l - IRONSKY.PL Sklep z Dronami","description":"Lod\u00f3wka turystyczna EUHOMY CF001-35GR 30l - \u2705 sklep z dronami i fachowym doradztwem. \u2705 Tutaj kupisz produkty DJI, Yuneec, Parrot, Syma i wiele innych, a tak\u017ce kursy i licencje na operatora drona.","robots":{"index":"index","follow":"follow","max-snippet":"max-snippet:-1","max-image-preview":"max-image-preview:large","max-video-preview":"max-video-preview:-1"},"canonical":"https:\/\/ironsky.pl\/sklep\/produkt\/lodowka-turystyczna-euhomy-cf001-35gr-30l\/","og_locale":"pl_PL","og_type":"article","og_title":"Lod\u00f3wka turystyczna EUHOMY CF001-35GR 30l - IRONSKY.PL Sklep z Dronami","og_description":"Lod\u00f3wka turystyczna EUHOMY CF001-35GR 30l - \u2705 sklep z dronami i fachowym doradztwem. \u2705 Tutaj kupisz produkty DJI, Yuneec, Parrot, Syma i wiele innych, a tak\u017ce kursy i licencje na operatora drona.","og_url":"https:\/\/ironsky.pl\/sklep\/produkt\/lodowka-turystyczna-euhomy-cf001-35gr-30l\/","og_site_name":"IRONSKY.PL Sklep z Dronami","article_modified_time":"2026-04-15T09:04:46+00:00","og_image":[{"width":800,"height":800,"url":"https:\/\/ironsky.pl\/sklep\/wp-content\/uploads\/2025\/06\/53637_1.jpg","type":"image\/jpeg"}],"twitter_card":"summary_large_image","twitter_misc":{"Szacowany czas czytania":"3 minuty"},"schema":{"@context":"https:\/\/schema.org","@graph":[{"@type":"WebPage","@id":"https:\/\/ironsky.pl\/sklep\/produkt\/lodowka-turystyczna-euhomy-cf001-35gr-30l\/","url":"https:\/\/ironsky.pl\/sklep\/produkt\/lodowka-turystyczna-euhomy-cf001-35gr-30l\/","name":"Lod\u00f3wka turystyczna EUHOMY CF001-35GR 30l - IRONSKY.PL Sklep z Dronami","isPartOf":{"@id":"https:\/\/ironsky.pl\/sklep\/#website"},"primaryImageOfPage":{"@id":"https:\/\/ironsky.pl\/sklep\/produkt\/lodowka-turystyczna-euhomy-cf001-35gr-30l\/#primaryimage"},"image":{"@id":"https:\/\/ironsky.pl\/sklep\/produkt\/lodowka-turystyczna-euhomy-cf001-35gr-30l\/#primaryimage"},"thumbnailUrl":"https:\/\/ironsky.pl\/sklep\/wp-content\/uploads\/2025\/06\/53637_1.jpg","datePublished":"2026-04-15T09:04:26+00:00","dateModified":"2026-04-15T09:04:46+00:00","description":"Lod\u00f3wka turystyczna EUHOMY CF001-35GR 30l - \u2705 sklep z dronami i fachowym doradztwem. \u2705 Tutaj kupisz produkty DJI, Yuneec, Parrot, Syma i wiele innych, a tak\u017ce kursy i licencje na operatora drona.","breadcrumb":{"@id":"https:\/\/ironsky.pl\/sklep\/produkt\/lodowka-turystyczna-euhomy-cf001-35gr-30l\/#breadcrumb"},"inLanguage":"pl-PL","potentialAction":[{"@type":"ReadAction","target":["https:\/\/ironsky.pl\/sklep\/produkt\/lodowka-turystyczna-euhomy-cf001-35gr-30l\/"]}]},{"@type":"ImageObject","inLanguage":"pl-PL","@id":"https:\/\/ironsky.pl\/sklep\/produkt\/lodowka-turystyczna-euhomy-cf001-35gr-30l\/#primaryimage","url":"https:\/\/ironsky.pl\/sklep\/wp-content\/uploads\/2025\/06\/53637_1.jpg","contentUrl":"https:\/\/ironsky.pl\/sklep\/wp-content\/uploads\/2025\/06\/53637_1.jpg","width":800,"height":800},{"@type":"BreadcrumbList","@id":"https:\/\/ironsky.pl\/sklep\/produkt\/lodowka-turystyczna-euhomy-cf001-35gr-30l\/#breadcrumb","itemListElement":[{"@type":"ListItem","position":1,"name":"Strona g\u0142\u00f3wna","item":"https:\/\/ironsky.pl\/sklep\/"},{"@type":"ListItem","position":2,"name":"Wszystkie produkty","item":"https:\/\/ironsky.pl\/sklep\/produkty\/"},{"@type":"ListItem","position":3,"name":"Lod\u00f3wka turystyczna EUHOMY CF001-35GR 30l"}]},{"@type":"WebSite","@id":"https:\/\/ironsky.pl\/sklep\/#website","url":"https:\/\/ironsky.pl\/sklep\/","name":"IRONSKY.PL Sklep z Dronami","description":"IRONSKY.PL Sklep z Dronami","potentialAction":[{"@type":"SearchAction","target":{"@type":"EntryPoint","urlTemplate":"https:\/\/ironsky.pl\/sklep\/?s={search_term_string}"},"query-input":{"@type":"PropertyValueSpecification","valueRequired":true,"valueName":"search_term_string"}}],"inLanguage":"pl-PL"}]}},"_links":{"self":[{"href":"https:\/\/ironsky.pl\/sklep\/wp-json\/wp\/v2\/product\/60580","targetHints":{"allow":["GET"]}}],"collection":[{"href":"https:\/\/ironsky.pl\/sklep\/wp-json\/wp\/v2\/product"}],"about":[{"href":"https:\/\/ironsky.pl\/sklep\/wp-json\/wp\/v2\/types\/product"}],"replies":[{"embeddable":true,"href":"https:\/\/ironsky.pl\/sklep\/wp-json\/wp\/v2\/comments?post=60580"}],"wp:featuredmedia":[{"embeddable":true,"href":"https:\/\/ironsky.pl\/sklep\/wp-json\/wp\/v2\/media\/47769"}],"wp:attachment":[{"href":"https:\/\/ironsky.pl\/sklep\/wp-json\/wp\/v2\/media?parent=60580"}],"wp:term":[{"taxonomy":"product_brand","embeddable":true,"href":"https:\/\/ironsky.pl\/sklep\/wp-json\/wp\/v2\/product_brand?post=60580"},{"taxonomy":"product_cat","embeddable":true,"href":"https:\/\/ironsky.pl\/sklep\/wp-json\/wp\/v2\/product_cat?post=60580"},{"taxonomy":"product_tag","embeddable":true,"href":"https:\/\/ironsky.pl\/sklep\/wp-json\/wp\/v2\/product_tag?post=60580"}],"curies":[{"name":"wp","href":"https:\/\/api.w.org\/{rel}","templated":true}]}}