{"id":60578,"date":"2026-04-15T11:04:26","date_gmt":"2026-04-15T09:04:26","guid":{"rendered":"https:\/\/ironsky.pl\/sklep\/produkt\/lodowka-turystyczna-euhomy-cf003-35l-czarna\/"},"modified":"2026-04-15T11:04:43","modified_gmt":"2026-04-15T09:04:43","slug":"lodowka-turystyczna-euhomy-cf003-35l-czarna","status":"publish","type":"product","link":"https:\/\/ironsky.pl\/sklep\/produkt\/lodowka-turystyczna-euhomy-cf003-35l-czarna\/","title":{"rendered":"Lod\u00f3wka turystyczna EUHOMY CF003 35l (czarna)"},"content":{"rendered":"<h3>Lod\u00f3wka samochodowa Euhomy CF003<\/h3>\n<p>Euhomy CF003 z serii CFB to lod\u00f3wka samochodowa 12V, kt\u00f3ra \u0142\u0105czy solidne ch\u0142odzenie z wygod\u0105 transportu. Jej pojemno\u015b\u0107 ok. 35 litr\u00f3w \u015bwietnie sprawdza si\u0119 na wyjazdach rodzinnych, weekendowych wypadach czy d\u0142u\u017cszych trasach samochodowych. Wbudowane k\u00f3\u0142ka i teleskopowa r\u0105czka czyni\u0105 z niej mobilny minizestaw ch\u0142odniczy, kt\u00f3ry mo\u017cesz ci\u0105gn\u0105\u0107 jak walizk\u0119. Sterowanie jest intuicyjne dzi\u0119ki panelowi dotykowemu i aplikacji mobilnej, a praktyczne wyposa\u017cenie wn\u0119trza pozwala uporz\u0105dkowa\u0107 ka\u017cdy posi\u0142ek czy ulubione napoje.<\/p>\n<p>\n<img decoding=\"async\" src=\"https:\/\/assets.innpro.pl\/16893\/22029\/6.jpg\" border=\"0\" alt=\"\" \/>\n<\/p>\n<h3>Wydajno\u015b\u0107 bez kompromis\u00f3w<\/h3>\n<p>Euhomy CF003 dzia\u0142a w dw\u00f3ch trybach \u2013 ECO i HH (szybkie ch\u0142odzenie), dzi\u0119ki czemu mo\u017cna dostosowa\u0107 prac\u0119 urz\u0105dzenia do sytuacji. Potrzebujesz szybkiego sch\u0142odzenia napoj\u00f3w? Wybierz HH. Zale\u017cy Ci na oszcz\u0119dno\u015bci energii podczas d\u0142u\u017cszej podr\u00f3\u017cy? W\u0142\u0105cz tryb ECO. Dzi\u0119ki wydajnemu kompresorowi urz\u0105dzenie szybko osi\u0105ga niskie temperatury, si\u0119gaj\u0105ce nawet -20\u00b0C, bez potrzeby u\u017cycia lodu.<\/p>\n<p>\n<img decoding=\"async\" src=\"https:\/\/assets.innpro.pl\/16893\/22029\/2.jpg\" border=\"0\" alt=\"\" \/>\n<\/p>\n<h3>Wygodne wyposa\u017cenie<\/h3>\n<p>W zestawie znajduj\u0105 si\u0119 dwa wewn\u0119trzne koszyki oraz wyjmowana przegroda, kt\u00f3ra mo\u017ce r\u00f3wnie\u017c pe\u0142ni\u0107 funkcj\u0119 deski do krojenia. Dzi\u0119ki nim z \u0142atwo\u015bci\u0105 dopasujesz wn\u0119trze lod\u00f3wki do swoich potrzeb. To rozwi\u0105zanie pomaga te\u017c utrzyma\u0107 porz\u0105dek w lod\u00f3wce i pozwala wygodnie oddzieli\u0107 np. owoce od napoj\u00f3w lub produkty suche od sch\u0142odzonych. Co wi\u0119cej, lod\u00f3wka jest wyposa\u017cona w du\u017ce, terenowe k\u00f3\u0142ka oraz wysuwan\u0105 r\u0105czk\u0119. Jej transport po piasku, \u017cwirze czy trawie nie b\u0119dzie stanowi\u0142 problemu.\u00a0<\/p>\n<p>\n<img decoding=\"async\" src=\"https:\/\/assets.innpro.pl\/16893\/22029\/4.jpg\" border=\"0\" alt=\"\" \/>\n<\/p>\n<h3>Pe\u0142na kontrola nad ch\u0142odzeniem<\/h3>\n<p>Dotykowy panel sterowania umo\u017cliwia zmian\u0119 temperatury, ustawienie trybu pracy oraz kontrol\u0119 dzia\u0142ania w czasie rzeczywistym. Dodatkowo dzi\u0119ki dedykowanej aplikacji, mo\u017cesz sterowa\u0107 urz\u0105dzeniem z poziomu smartfona \u2013 to szczeg\u00f3lnie wygodne, gdy lod\u00f3wka stoi z ty\u0142u pojazdu lub w namiocie.<\/p>\n<p>\n<img decoding=\"async\" src=\"https:\/\/assets.innpro.pl\/16893\/22029\/5.jpg\" border=\"0\" alt=\"\" \/>\n<\/p>\n<h3>Cicho, ale skutecznie<\/h3>\n<p>Praca lod\u00f3wki nie zak\u0142\u00f3ci ciszy, rozmowy ani snu \u2013 jej poziom g\u0142o\u015bno\u015bci to zaledwie 42 dB. Dzi\u0119ki temu mo\u017cesz korzysta\u0107 z niej zar\u00f3wno podczas nocnych postoj\u00f3w, jak i w kamperze czy pokoju hotelowym bez obaw o dyskomfort.<\/p>\n<p>\n<img decoding=\"async\" src=\"https:\/\/assets.innpro.pl\/16893\/22029\/3.jpg\" border=\"0\" alt=\"\" \/>\n<\/p>\n<h3>W zestawie<\/h3>\n<ul class=\"list-disc pl-5\">\n<li>Lod\u00f3wka samochodowa Euhomy CF003<\/li>\n<li>2 kosze wewn\u0119trzne<\/li>\n<li>1 wyjmowany dzielnik (z funkcj\u0105 deski do krojenia)<\/li>\n<li>Kabel zasilaj\u0105cy DC <\/li>\n<li>Adapter AC<\/li>\n<li>Instrukcja obs\u0142ugi<\/li>\n<\/ul>\n<div class=\"table-wrapper\">\n<p>\u00a0<\/p>\n<h3><\/h3>\n<table>\n<tbody>\n<tr>\n<th>Prodcent<\/th>\n<td>Euhomy <\/td>\n<\/tr>\n<tr>\n<th>Kod producenta<\/th>\n<td>CF003-35BL-DEEH-AZ<\/td>\n<\/tr>\n<tr>\n<th>Pojemno\u015b\u0107<\/th>\n<td>ok. 35 L<\/td>\n<\/tr>\n<tr>\n<th>Zasilanie<\/th>\n<td>DC 12\/24V, AC 110\u2013240V<\/td>\n<\/tr>\n<tr>\n<th>Zakres temperatury<\/th>\n<td>od -20\u00b0C do +20\u00b0C<\/td>\n<\/tr>\n<tr>\n<th>Tryby pracy<\/th>\n<td>HH (szybkie ch\u0142odzenie), ECO (oszcz\u0119dno\u015b\u0107 energii)<\/td>\n<\/tr>\n<tr>\n<th>Obs\u0142uga<\/th>\n<td>panel dotykowy + aplikacja mobilna<\/td>\n<\/tr>\n<tr>\n<th>Poziom ha\u0142asu<\/th>\n<td>\u226442 dB<\/td>\n<\/tr>\n<\/tbody>\n<\/table>\n<\/div>\n","protected":false},"excerpt":{"rendered":"<p>Lod\u00f3wka samochodowa Euhomy CF003 Euhomy CF003 z serii CFB to lod\u00f3wka samochodowa 12V, kt\u00f3ra \u0142\u0105czy solidne ch\u0142odzenie z wygod\u0105 transportu.<\/p>\n","protected":false},"featured_media":47756,"comment_status":"closed","ping_status":"open","template":"","meta":{"_acf_changed":false},"product_brand":[],"product_cat":[5978,5937],"product_tag":[],"class_list":{"0":"post-60578","1":"product","2":"type-product","3":"status-publish","4":"has-post-thumbnail","6":"product_cat-kemping","7":"product_cat-outdoor","8":"pa_okres-gwarancji-5757","9":"pa_producent-euhomy","11":"first","12":"outofstock","13":"taxable","14":"shipping-taxable","15":"purchasable","16":"product-type-simple"},"acf":[],"yoast_head":"<!-- This site is optimized with the Yoast SEO plugin v27.2 - https:\/\/yoast.com\/product\/yoast-seo-wordpress\/ -->\n<title>Lod\u00f3wka turystyczna EUHOMY CF003 35l (czarna) - IRONSKY.PL Sklep z Dronami<\/title>\n<meta name=\"description\" content=\"Lod\u00f3wka turystyczna EUHOMY CF003 35l (czarna) - \u2705 sklep z dronami i fachowym doradztwem. \u2705 Tutaj kupisz produkty DJI, Yuneec, Parrot, Syma i wiele innych, a tak\u017ce kursy i licencje na operatora drona.\" \/>\n<meta name=\"robots\" content=\"index, follow, max-snippet:-1, max-image-preview:large, max-video-preview:-1\" \/>\n<link rel=\"canonical\" href=\"https:\/\/ironsky.pl\/sklep\/produkt\/lodowka-turystyczna-euhomy-cf003-35l-czarna\/\" \/>\n<meta property=\"og:locale\" content=\"pl_PL\" \/>\n<meta property=\"og:type\" content=\"article\" \/>\n<meta property=\"og:title\" content=\"Lod\u00f3wka turystyczna EUHOMY CF003 35l (czarna) - IRONSKY.PL Sklep z Dronami\" \/>\n<meta property=\"og:description\" content=\"Lod\u00f3wka turystyczna EUHOMY CF003 35l (czarna) - \u2705 sklep z dronami i fachowym doradztwem. \u2705 Tutaj kupisz produkty DJI, Yuneec, Parrot, Syma i wiele innych, a tak\u017ce kursy i licencje na operatora drona.\" \/>\n<meta property=\"og:url\" content=\"https:\/\/ironsky.pl\/sklep\/produkt\/lodowka-turystyczna-euhomy-cf003-35l-czarna\/\" \/>\n<meta property=\"og:site_name\" content=\"IRONSKY.PL Sklep z Dronami\" \/>\n<meta property=\"article:modified_time\" content=\"2026-04-15T09:04:43+00:00\" \/>\n<meta property=\"og:image\" content=\"https:\/\/ironsky.pl\/sklep\/wp-content\/uploads\/2025\/06\/53614_1.jpg\" \/>\n\t<meta property=\"og:image:width\" content=\"800\" \/>\n\t<meta property=\"og:image:height\" content=\"800\" \/>\n\t<meta property=\"og:image:type\" content=\"image\/jpeg\" \/>\n<meta name=\"twitter:card\" content=\"summary_large_image\" \/>\n<meta name=\"twitter:label1\" content=\"Szacowany czas czytania\" \/>\n\t<meta name=\"twitter:data1\" content=\"2 minuty\" \/>\n<script type=\"application\/ld+json\" class=\"yoast-schema-graph\">{\"@context\":\"https:\/\/schema.org\",\"@graph\":[{\"@type\":\"WebPage\",\"@id\":\"https:\/\/ironsky.pl\/sklep\/produkt\/lodowka-turystyczna-euhomy-cf003-35l-czarna\/\",\"url\":\"https:\/\/ironsky.pl\/sklep\/produkt\/lodowka-turystyczna-euhomy-cf003-35l-czarna\/\",\"name\":\"Lod\u00f3wka turystyczna EUHOMY CF003 35l (czarna) - IRONSKY.PL Sklep z Dronami\",\"isPartOf\":{\"@id\":\"https:\/\/ironsky.pl\/sklep\/#website\"},\"primaryImageOfPage\":{\"@id\":\"https:\/\/ironsky.pl\/sklep\/produkt\/lodowka-turystyczna-euhomy-cf003-35l-czarna\/#primaryimage\"},\"image\":{\"@id\":\"https:\/\/ironsky.pl\/sklep\/produkt\/lodowka-turystyczna-euhomy-cf003-35l-czarna\/#primaryimage\"},\"thumbnailUrl\":\"https:\/\/ironsky.pl\/sklep\/wp-content\/uploads\/2025\/06\/53614_1.jpg\",\"datePublished\":\"2026-04-15T09:04:26+00:00\",\"dateModified\":\"2026-04-15T09:04:43+00:00\",\"description\":\"Lod\u00f3wka turystyczna EUHOMY CF003 35l (czarna) - \u2705 sklep z dronami i fachowym doradztwem. \u2705 Tutaj kupisz produkty DJI, Yuneec, Parrot, Syma i wiele innych, a tak\u017ce kursy i licencje na operatora drona.\",\"breadcrumb\":{\"@id\":\"https:\/\/ironsky.pl\/sklep\/produkt\/lodowka-turystyczna-euhomy-cf003-35l-czarna\/#breadcrumb\"},\"inLanguage\":\"pl-PL\",\"potentialAction\":[{\"@type\":\"ReadAction\",\"target\":[\"https:\/\/ironsky.pl\/sklep\/produkt\/lodowka-turystyczna-euhomy-cf003-35l-czarna\/\"]}]},{\"@type\":\"ImageObject\",\"inLanguage\":\"pl-PL\",\"@id\":\"https:\/\/ironsky.pl\/sklep\/produkt\/lodowka-turystyczna-euhomy-cf003-35l-czarna\/#primaryimage\",\"url\":\"https:\/\/ironsky.pl\/sklep\/wp-content\/uploads\/2025\/06\/53614_1.jpg\",\"contentUrl\":\"https:\/\/ironsky.pl\/sklep\/wp-content\/uploads\/2025\/06\/53614_1.jpg\",\"width\":800,\"height\":800},{\"@type\":\"BreadcrumbList\",\"@id\":\"https:\/\/ironsky.pl\/sklep\/produkt\/lodowka-turystyczna-euhomy-cf003-35l-czarna\/#breadcrumb\",\"itemListElement\":[{\"@type\":\"ListItem\",\"position\":1,\"name\":\"Strona g\u0142\u00f3wna\",\"item\":\"https:\/\/ironsky.pl\/sklep\/\"},{\"@type\":\"ListItem\",\"position\":2,\"name\":\"Wszystkie produkty\",\"item\":\"https:\/\/ironsky.pl\/sklep\/produkty\/\"},{\"@type\":\"ListItem\",\"position\":3,\"name\":\"Lod\u00f3wka turystyczna EUHOMY CF003 35l (czarna)\"}]},{\"@type\":\"WebSite\",\"@id\":\"https:\/\/ironsky.pl\/sklep\/#website\",\"url\":\"https:\/\/ironsky.pl\/sklep\/\",\"name\":\"IRONSKY.PL Sklep z Dronami\",\"description\":\"IRONSKY.PL Sklep z Dronami\",\"potentialAction\":[{\"@type\":\"SearchAction\",\"target\":{\"@type\":\"EntryPoint\",\"urlTemplate\":\"https:\/\/ironsky.pl\/sklep\/?s={search_term_string}\"},\"query-input\":{\"@type\":\"PropertyValueSpecification\",\"valueRequired\":true,\"valueName\":\"search_term_string\"}}],\"inLanguage\":\"pl-PL\"}]}<\/script>\n<!-- \/ Yoast SEO plugin. -->","yoast_head_json":{"title":"Lod\u00f3wka turystyczna EUHOMY CF003 35l (czarna) - IRONSKY.PL Sklep z Dronami","description":"Lod\u00f3wka turystyczna EUHOMY CF003 35l (czarna) - \u2705 sklep z dronami i fachowym doradztwem. \u2705 Tutaj kupisz produkty DJI, Yuneec, Parrot, Syma i wiele innych, a tak\u017ce kursy i licencje na operatora drona.","robots":{"index":"index","follow":"follow","max-snippet":"max-snippet:-1","max-image-preview":"max-image-preview:large","max-video-preview":"max-video-preview:-1"},"canonical":"https:\/\/ironsky.pl\/sklep\/produkt\/lodowka-turystyczna-euhomy-cf003-35l-czarna\/","og_locale":"pl_PL","og_type":"article","og_title":"Lod\u00f3wka turystyczna EUHOMY CF003 35l (czarna) - IRONSKY.PL Sklep z Dronami","og_description":"Lod\u00f3wka turystyczna EUHOMY CF003 35l (czarna) - \u2705 sklep z dronami i fachowym doradztwem. \u2705 Tutaj kupisz produkty DJI, Yuneec, Parrot, Syma i wiele innych, a tak\u017ce kursy i licencje na operatora drona.","og_url":"https:\/\/ironsky.pl\/sklep\/produkt\/lodowka-turystyczna-euhomy-cf003-35l-czarna\/","og_site_name":"IRONSKY.PL Sklep z Dronami","article_modified_time":"2026-04-15T09:04:43+00:00","og_image":[{"width":800,"height":800,"url":"https:\/\/ironsky.pl\/sklep\/wp-content\/uploads\/2025\/06\/53614_1.jpg","type":"image\/jpeg"}],"twitter_card":"summary_large_image","twitter_misc":{"Szacowany czas czytania":"2 minuty"},"schema":{"@context":"https:\/\/schema.org","@graph":[{"@type":"WebPage","@id":"https:\/\/ironsky.pl\/sklep\/produkt\/lodowka-turystyczna-euhomy-cf003-35l-czarna\/","url":"https:\/\/ironsky.pl\/sklep\/produkt\/lodowka-turystyczna-euhomy-cf003-35l-czarna\/","name":"Lod\u00f3wka turystyczna EUHOMY CF003 35l (czarna) - IRONSKY.PL Sklep z Dronami","isPartOf":{"@id":"https:\/\/ironsky.pl\/sklep\/#website"},"primaryImageOfPage":{"@id":"https:\/\/ironsky.pl\/sklep\/produkt\/lodowka-turystyczna-euhomy-cf003-35l-czarna\/#primaryimage"},"image":{"@id":"https:\/\/ironsky.pl\/sklep\/produkt\/lodowka-turystyczna-euhomy-cf003-35l-czarna\/#primaryimage"},"thumbnailUrl":"https:\/\/ironsky.pl\/sklep\/wp-content\/uploads\/2025\/06\/53614_1.jpg","datePublished":"2026-04-15T09:04:26+00:00","dateModified":"2026-04-15T09:04:43+00:00","description":"Lod\u00f3wka turystyczna EUHOMY CF003 35l (czarna) - \u2705 sklep z dronami i fachowym doradztwem. \u2705 Tutaj kupisz produkty DJI, Yuneec, Parrot, Syma i wiele innych, a tak\u017ce kursy i licencje na operatora drona.","breadcrumb":{"@id":"https:\/\/ironsky.pl\/sklep\/produkt\/lodowka-turystyczna-euhomy-cf003-35l-czarna\/#breadcrumb"},"inLanguage":"pl-PL","potentialAction":[{"@type":"ReadAction","target":["https:\/\/ironsky.pl\/sklep\/produkt\/lodowka-turystyczna-euhomy-cf003-35l-czarna\/"]}]},{"@type":"ImageObject","inLanguage":"pl-PL","@id":"https:\/\/ironsky.pl\/sklep\/produkt\/lodowka-turystyczna-euhomy-cf003-35l-czarna\/#primaryimage","url":"https:\/\/ironsky.pl\/sklep\/wp-content\/uploads\/2025\/06\/53614_1.jpg","contentUrl":"https:\/\/ironsky.pl\/sklep\/wp-content\/uploads\/2025\/06\/53614_1.jpg","width":800,"height":800},{"@type":"BreadcrumbList","@id":"https:\/\/ironsky.pl\/sklep\/produkt\/lodowka-turystyczna-euhomy-cf003-35l-czarna\/#breadcrumb","itemListElement":[{"@type":"ListItem","position":1,"name":"Strona g\u0142\u00f3wna","item":"https:\/\/ironsky.pl\/sklep\/"},{"@type":"ListItem","position":2,"name":"Wszystkie produkty","item":"https:\/\/ironsky.pl\/sklep\/produkty\/"},{"@type":"ListItem","position":3,"name":"Lod\u00f3wka turystyczna EUHOMY CF003 35l (czarna)"}]},{"@type":"WebSite","@id":"https:\/\/ironsky.pl\/sklep\/#website","url":"https:\/\/ironsky.pl\/sklep\/","name":"IRONSKY.PL Sklep z Dronami","description":"IRONSKY.PL Sklep z Dronami","potentialAction":[{"@type":"SearchAction","target":{"@type":"EntryPoint","urlTemplate":"https:\/\/ironsky.pl\/sklep\/?s={search_term_string}"},"query-input":{"@type":"PropertyValueSpecification","valueRequired":true,"valueName":"search_term_string"}}],"inLanguage":"pl-PL"}]}},"_links":{"self":[{"href":"https:\/\/ironsky.pl\/sklep\/wp-json\/wp\/v2\/product\/60578","targetHints":{"allow":["GET"]}}],"collection":[{"href":"https:\/\/ironsky.pl\/sklep\/wp-json\/wp\/v2\/product"}],"about":[{"href":"https:\/\/ironsky.pl\/sklep\/wp-json\/wp\/v2\/types\/product"}],"replies":[{"embeddable":true,"href":"https:\/\/ironsky.pl\/sklep\/wp-json\/wp\/v2\/comments?post=60578"}],"wp:featuredmedia":[{"embeddable":true,"href":"https:\/\/ironsky.pl\/sklep\/wp-json\/wp\/v2\/media\/47756"}],"wp:attachment":[{"href":"https:\/\/ironsky.pl\/sklep\/wp-json\/wp\/v2\/media?parent=60578"}],"wp:term":[{"taxonomy":"product_brand","embeddable":true,"href":"https:\/\/ironsky.pl\/sklep\/wp-json\/wp\/v2\/product_brand?post=60578"},{"taxonomy":"product_cat","embeddable":true,"href":"https:\/\/ironsky.pl\/sklep\/wp-json\/wp\/v2\/product_cat?post=60578"},{"taxonomy":"product_tag","embeddable":true,"href":"https:\/\/ironsky.pl\/sklep\/wp-json\/wp\/v2\/product_tag?post=60578"}],"curies":[{"name":"wp","href":"https:\/\/api.w.org\/{rel}","templated":true}]}}