{"id":60576,"date":"2026-04-15T11:04:26","date_gmt":"2026-04-15T09:04:26","guid":{"rendered":"https:\/\/ironsky.pl\/sklep\/produkt\/szelki-puluz-do-kamer-sportowych-2\/"},"modified":"2026-04-15T11:04:40","modified_gmt":"2026-04-15T09:04:40","slug":"szelki-puluz-do-kamer-sportowych-2","status":"publish","type":"product","link":"https:\/\/ironsky.pl\/sklep\/produkt\/szelki-puluz-do-kamer-sportowych-2\/","title":{"rendered":"Szelki PULUZ do kamer sportowych"},"content":{"rendered":"<h3>Regulowane szelki Puluz z mocowaniem typu J do GoPro HERO<\/h3>\n<p>Szelki na klatk\u0119 piersiow\u0105 z mocowaniem typu J Hook to praktyczny dodatek, kt\u00f3ry sprawdzi si\u0119 podczas r\u00f3\u017cnych aktywno\u015bci na \u015bwie\u017cym powietrzu. Niezale\u017cnie czy je\u017adzisz na nartach, rowerze g\u00f3rskim, uprawiasz sporty wodne czy motocross \u2013 taki uchwyt pozwala stabilnie zamocowa\u0107 kamer\u0119 lub inne akcesoria, zapewniaj\u0105c swobod\u0119 ruch\u00f3w i dynamiczne uj\u0119cia. Dzi\u0119ki przemy\u015blanej konstrukcji nie przeszkadza w trakcie noszenia i mo\u017ce sta\u0107 si\u0119 nieocenionym wsparciem podczas dynamicznych przyg\u00f3d.<\/p>\n<p>\n<img decoding=\"async\" src=\"https:\/\/assets.innpro.pl\/16621\/21617\/2.jpg\" border=\"0\" alt=\"\" \/>\n<\/p>\n<h3>Dopracowana konstrukcja<\/h3>\n<p>Wykonany z wysokiej jako\u015bci materia\u0142u pasek jest trwa\u0142y, a jednocze\u015bnie lekki, wi\u0119c nie obci\u0105\u017ca klatki piersiowej. Elastyczny pas z mo\u017cliwo\u015bci\u0105 regulacji u\u0142atwia dopasowanie do sylwetki, co przek\u0142ada si\u0119 na komfort u\u017cytkowania nawet podczas d\u0142u\u017cszych wypad\u00f3w. Mocowanie typu J Hook zapewnia solidne trzymanie i szybki monta\u017c sprz\u0119tu.<\/p>\n<p>\n<img decoding=\"async\" src=\"https:\/\/assets.innpro.pl\/16621\/21617\/3.jpg\" border=\"0\" alt=\"\" \/>\n<\/p>\n<h3>W zestawie<\/h3>\n<ul class=\"list-disc pl-5\">\n<li>pasek na klatk\u0119 piersiow\u0105<\/li>\n<li>mocowanie J Hook<\/li>\n<li>d\u0142uga \u015bruba<\/li>\n<\/ul>\n<div class=\"table-wrapper\">\n<p>\u00a0<\/p>\n<h3><\/h3>\n<table>\n<tbody>\n<tr>\n<th>Producent<\/th>\n<td>Puluz<\/td>\n<\/tr>\n<tr>\n<th>Model<\/th>\n<td>PU26<\/td>\n<\/tr>\n<tr>\n<th>Materia\u0142<\/th>\n<td>guma, poliester, PC<\/td>\n<\/tr>\n<tr>\n<th>Kompatybilno\u015b\u0107<\/th>\n<td>DJI: Osmo Action 5 Pro, Osmo Action 4, Osmo Action 3, Action 2, Osmo Action; Gopro: HERO13 Black, HERO12 Black, HERO11 Black Mini, HERO11 Black, HERO10 Black, HERO9 Black, HERO8 Black, HERO7 White, HERO7 Black, HERO7 Silver, NEW HERO, HERO6 Black, HERO5 Black, HERO5 Session, Hero Session, HERO4 Session, HERO4, HERO3+, HERO3, HERO2, HERO; Insta360: Ace Pro 2, Ace, Ace Pro<\/td>\n<\/tr>\n<tr>\n<th>Wymiary<\/th>\n<td>35 x 30 cm; max. 65 x 65 cm<\/td>\n<\/tr>\n<\/tbody>\n<\/table>\n<\/div>\n","protected":false},"excerpt":{"rendered":"<p>Regulowane szelki Puluz z mocowaniem typu J do GoPro HERO Szelki na klatk\u0119 piersiow\u0105 z mocowaniem typu J Hook to<\/p>\n","protected":false},"featured_media":49359,"comment_status":"closed","ping_status":"open","template":"","meta":{"_acf_changed":false},"product_brand":[],"product_cat":[1128,6178,6176,6177,6181,1138],"product_tag":[],"class_list":{"0":"post-60576","1":"product","2":"type-product","3":"status-publish","4":"has-post-thumbnail","6":"product_cat-foto-wideo","7":"product_cat-mocowania","8":"product_cat-selfie-stiki","9":"product_cat-statywy-selfie-stiki","10":"product_cat-szelki-mocowania-i-uchwyty","11":"product_cat-wysiegniki","12":"pa_okres-gwarancji-5754","13":"pa_producent-puluz","15":"first","16":"outofstock","17":"taxable","18":"shipping-taxable","19":"purchasable","20":"product-type-simple"},"acf":[],"yoast_head":"<!-- This site is optimized with the Yoast SEO plugin v27.2 - https:\/\/yoast.com\/product\/yoast-seo-wordpress\/ -->\n<title>Szelki PULUZ do kamer sportowych - IRONSKY.PL Sklep z Dronami<\/title>\n<meta name=\"description\" content=\"Szelki PULUZ do kamer sportowych - \u2705 sklep z dronami i fachowym doradztwem. \u2705 Tutaj kupisz produkty DJI, Yuneec, Parrot, Syma i wiele innych, a tak\u017ce kursy i licencje na operatora drona.\" \/>\n<meta name=\"robots\" content=\"index, follow, max-snippet:-1, max-image-preview:large, max-video-preview:-1\" \/>\n<link rel=\"canonical\" href=\"https:\/\/ironsky.pl\/sklep\/produkt\/szelki-puluz-do-kamer-sportowych-2\/\" \/>\n<meta property=\"og:locale\" content=\"pl_PL\" \/>\n<meta property=\"og:type\" content=\"article\" \/>\n<meta property=\"og:title\" content=\"Szelki PULUZ do kamer sportowych - IRONSKY.PL Sklep z Dronami\" \/>\n<meta property=\"og:description\" content=\"Szelki PULUZ do kamer sportowych - \u2705 sklep z dronami i fachowym doradztwem. \u2705 Tutaj kupisz produkty DJI, Yuneec, Parrot, Syma i wiele innych, a tak\u017ce kursy i licencje na operatora drona.\" \/>\n<meta property=\"og:url\" content=\"https:\/\/ironsky.pl\/sklep\/produkt\/szelki-puluz-do-kamer-sportowych-2\/\" \/>\n<meta property=\"og:site_name\" content=\"IRONSKY.PL Sklep z Dronami\" \/>\n<meta property=\"article:modified_time\" content=\"2026-04-15T09:04:40+00:00\" \/>\n<meta property=\"og:image\" content=\"https:\/\/ironsky.pl\/sklep\/wp-content\/uploads\/2025\/10\/53607_2.jpg\" \/>\n\t<meta property=\"og:image:width\" content=\"800\" \/>\n\t<meta property=\"og:image:height\" content=\"800\" \/>\n\t<meta property=\"og:image:type\" content=\"image\/jpeg\" \/>\n<meta name=\"twitter:card\" content=\"summary_large_image\" \/>\n<meta name=\"twitter:label1\" content=\"Szacowany czas czytania\" \/>\n\t<meta name=\"twitter:data1\" content=\"1 minuta\" \/>\n<script type=\"application\/ld+json\" class=\"yoast-schema-graph\">{\"@context\":\"https:\/\/schema.org\",\"@graph\":[{\"@type\":\"WebPage\",\"@id\":\"https:\/\/ironsky.pl\/sklep\/produkt\/szelki-puluz-do-kamer-sportowych-2\/\",\"url\":\"https:\/\/ironsky.pl\/sklep\/produkt\/szelki-puluz-do-kamer-sportowych-2\/\",\"name\":\"Szelki PULUZ do kamer sportowych - IRONSKY.PL Sklep z Dronami\",\"isPartOf\":{\"@id\":\"https:\/\/ironsky.pl\/sklep\/#website\"},\"primaryImageOfPage\":{\"@id\":\"https:\/\/ironsky.pl\/sklep\/produkt\/szelki-puluz-do-kamer-sportowych-2\/#primaryimage\"},\"image\":{\"@id\":\"https:\/\/ironsky.pl\/sklep\/produkt\/szelki-puluz-do-kamer-sportowych-2\/#primaryimage\"},\"thumbnailUrl\":\"https:\/\/ironsky.pl\/sklep\/wp-content\/uploads\/2025\/10\/53607_2.jpg\",\"datePublished\":\"2026-04-15T09:04:26+00:00\",\"dateModified\":\"2026-04-15T09:04:40+00:00\",\"description\":\"Szelki PULUZ do kamer sportowych - \u2705 sklep z dronami i fachowym doradztwem. \u2705 Tutaj kupisz produkty DJI, Yuneec, Parrot, Syma i wiele innych, a tak\u017ce kursy i licencje na operatora drona.\",\"breadcrumb\":{\"@id\":\"https:\/\/ironsky.pl\/sklep\/produkt\/szelki-puluz-do-kamer-sportowych-2\/#breadcrumb\"},\"inLanguage\":\"pl-PL\",\"potentialAction\":[{\"@type\":\"ReadAction\",\"target\":[\"https:\/\/ironsky.pl\/sklep\/produkt\/szelki-puluz-do-kamer-sportowych-2\/\"]}]},{\"@type\":\"ImageObject\",\"inLanguage\":\"pl-PL\",\"@id\":\"https:\/\/ironsky.pl\/sklep\/produkt\/szelki-puluz-do-kamer-sportowych-2\/#primaryimage\",\"url\":\"https:\/\/ironsky.pl\/sklep\/wp-content\/uploads\/2025\/10\/53607_2.jpg\",\"contentUrl\":\"https:\/\/ironsky.pl\/sklep\/wp-content\/uploads\/2025\/10\/53607_2.jpg\",\"width\":800,\"height\":800},{\"@type\":\"BreadcrumbList\",\"@id\":\"https:\/\/ironsky.pl\/sklep\/produkt\/szelki-puluz-do-kamer-sportowych-2\/#breadcrumb\",\"itemListElement\":[{\"@type\":\"ListItem\",\"position\":1,\"name\":\"Strona g\u0142\u00f3wna\",\"item\":\"https:\/\/ironsky.pl\/sklep\/\"},{\"@type\":\"ListItem\",\"position\":2,\"name\":\"Wszystkie produkty\",\"item\":\"https:\/\/ironsky.pl\/sklep\/produkty\/\"},{\"@type\":\"ListItem\",\"position\":3,\"name\":\"Szelki PULUZ do kamer sportowych\"}]},{\"@type\":\"WebSite\",\"@id\":\"https:\/\/ironsky.pl\/sklep\/#website\",\"url\":\"https:\/\/ironsky.pl\/sklep\/\",\"name\":\"IRONSKY.PL Sklep z Dronami\",\"description\":\"IRONSKY.PL Sklep z Dronami\",\"potentialAction\":[{\"@type\":\"SearchAction\",\"target\":{\"@type\":\"EntryPoint\",\"urlTemplate\":\"https:\/\/ironsky.pl\/sklep\/?s={search_term_string}\"},\"query-input\":{\"@type\":\"PropertyValueSpecification\",\"valueRequired\":true,\"valueName\":\"search_term_string\"}}],\"inLanguage\":\"pl-PL\"}]}<\/script>\n<!-- \/ Yoast SEO plugin. -->","yoast_head_json":{"title":"Szelki PULUZ do kamer sportowych - IRONSKY.PL Sklep z Dronami","description":"Szelki PULUZ do kamer sportowych - \u2705 sklep z dronami i fachowym doradztwem. \u2705 Tutaj kupisz produkty DJI, Yuneec, Parrot, Syma i wiele innych, a tak\u017ce kursy i licencje na operatora drona.","robots":{"index":"index","follow":"follow","max-snippet":"max-snippet:-1","max-image-preview":"max-image-preview:large","max-video-preview":"max-video-preview:-1"},"canonical":"https:\/\/ironsky.pl\/sklep\/produkt\/szelki-puluz-do-kamer-sportowych-2\/","og_locale":"pl_PL","og_type":"article","og_title":"Szelki PULUZ do kamer sportowych - IRONSKY.PL Sklep z Dronami","og_description":"Szelki PULUZ do kamer sportowych - \u2705 sklep z dronami i fachowym doradztwem. \u2705 Tutaj kupisz produkty DJI, Yuneec, Parrot, Syma i wiele innych, a tak\u017ce kursy i licencje na operatora drona.","og_url":"https:\/\/ironsky.pl\/sklep\/produkt\/szelki-puluz-do-kamer-sportowych-2\/","og_site_name":"IRONSKY.PL Sklep z Dronami","article_modified_time":"2026-04-15T09:04:40+00:00","og_image":[{"width":800,"height":800,"url":"https:\/\/ironsky.pl\/sklep\/wp-content\/uploads\/2025\/10\/53607_2.jpg","type":"image\/jpeg"}],"twitter_card":"summary_large_image","twitter_misc":{"Szacowany czas czytania":"1 minuta"},"schema":{"@context":"https:\/\/schema.org","@graph":[{"@type":"WebPage","@id":"https:\/\/ironsky.pl\/sklep\/produkt\/szelki-puluz-do-kamer-sportowych-2\/","url":"https:\/\/ironsky.pl\/sklep\/produkt\/szelki-puluz-do-kamer-sportowych-2\/","name":"Szelki PULUZ do kamer sportowych - IRONSKY.PL Sklep z Dronami","isPartOf":{"@id":"https:\/\/ironsky.pl\/sklep\/#website"},"primaryImageOfPage":{"@id":"https:\/\/ironsky.pl\/sklep\/produkt\/szelki-puluz-do-kamer-sportowych-2\/#primaryimage"},"image":{"@id":"https:\/\/ironsky.pl\/sklep\/produkt\/szelki-puluz-do-kamer-sportowych-2\/#primaryimage"},"thumbnailUrl":"https:\/\/ironsky.pl\/sklep\/wp-content\/uploads\/2025\/10\/53607_2.jpg","datePublished":"2026-04-15T09:04:26+00:00","dateModified":"2026-04-15T09:04:40+00:00","description":"Szelki PULUZ do kamer sportowych - \u2705 sklep z dronami i fachowym doradztwem. \u2705 Tutaj kupisz produkty DJI, Yuneec, Parrot, Syma i wiele innych, a tak\u017ce kursy i licencje na operatora drona.","breadcrumb":{"@id":"https:\/\/ironsky.pl\/sklep\/produkt\/szelki-puluz-do-kamer-sportowych-2\/#breadcrumb"},"inLanguage":"pl-PL","potentialAction":[{"@type":"ReadAction","target":["https:\/\/ironsky.pl\/sklep\/produkt\/szelki-puluz-do-kamer-sportowych-2\/"]}]},{"@type":"ImageObject","inLanguage":"pl-PL","@id":"https:\/\/ironsky.pl\/sklep\/produkt\/szelki-puluz-do-kamer-sportowych-2\/#primaryimage","url":"https:\/\/ironsky.pl\/sklep\/wp-content\/uploads\/2025\/10\/53607_2.jpg","contentUrl":"https:\/\/ironsky.pl\/sklep\/wp-content\/uploads\/2025\/10\/53607_2.jpg","width":800,"height":800},{"@type":"BreadcrumbList","@id":"https:\/\/ironsky.pl\/sklep\/produkt\/szelki-puluz-do-kamer-sportowych-2\/#breadcrumb","itemListElement":[{"@type":"ListItem","position":1,"name":"Strona g\u0142\u00f3wna","item":"https:\/\/ironsky.pl\/sklep\/"},{"@type":"ListItem","position":2,"name":"Wszystkie produkty","item":"https:\/\/ironsky.pl\/sklep\/produkty\/"},{"@type":"ListItem","position":3,"name":"Szelki PULUZ do kamer sportowych"}]},{"@type":"WebSite","@id":"https:\/\/ironsky.pl\/sklep\/#website","url":"https:\/\/ironsky.pl\/sklep\/","name":"IRONSKY.PL Sklep z Dronami","description":"IRONSKY.PL Sklep z Dronami","potentialAction":[{"@type":"SearchAction","target":{"@type":"EntryPoint","urlTemplate":"https:\/\/ironsky.pl\/sklep\/?s={search_term_string}"},"query-input":{"@type":"PropertyValueSpecification","valueRequired":true,"valueName":"search_term_string"}}],"inLanguage":"pl-PL"}]}},"_links":{"self":[{"href":"https:\/\/ironsky.pl\/sklep\/wp-json\/wp\/v2\/product\/60576","targetHints":{"allow":["GET"]}}],"collection":[{"href":"https:\/\/ironsky.pl\/sklep\/wp-json\/wp\/v2\/product"}],"about":[{"href":"https:\/\/ironsky.pl\/sklep\/wp-json\/wp\/v2\/types\/product"}],"replies":[{"embeddable":true,"href":"https:\/\/ironsky.pl\/sklep\/wp-json\/wp\/v2\/comments?post=60576"}],"wp:featuredmedia":[{"embeddable":true,"href":"https:\/\/ironsky.pl\/sklep\/wp-json\/wp\/v2\/media\/49359"}],"wp:attachment":[{"href":"https:\/\/ironsky.pl\/sklep\/wp-json\/wp\/v2\/media?parent=60576"}],"wp:term":[{"taxonomy":"product_brand","embeddable":true,"href":"https:\/\/ironsky.pl\/sklep\/wp-json\/wp\/v2\/product_brand?post=60576"},{"taxonomy":"product_cat","embeddable":true,"href":"https:\/\/ironsky.pl\/sklep\/wp-json\/wp\/v2\/product_cat?post=60576"},{"taxonomy":"product_tag","embeddable":true,"href":"https:\/\/ironsky.pl\/sklep\/wp-json\/wp\/v2\/product_tag?post=60576"}],"curies":[{"name":"wp","href":"https:\/\/api.w.org\/{rel}","templated":true}]}}