{"id":60575,"date":"2026-04-15T11:04:26","date_gmt":"2026-04-15T09:04:26","guid":{"rendered":"https:\/\/ironsky.pl\/sklep\/produkt\/lampa-blyskowa-neewer-z2pro-c-76ws-do-canon\/"},"modified":"2026-04-15T11:04:39","modified_gmt":"2026-04-15T09:04:39","slug":"lampa-blyskowa-neewer-z2pro-c-76ws-do-canon","status":"publish","type":"product","link":"https:\/\/ironsky.pl\/sklep\/produkt\/lampa-blyskowa-neewer-z2pro-c-76ws-do-canon\/","title":{"rendered":"Lampa b\u0142yskowa NEEWER Z2PRO-C 76Ws do Canon"},"content":{"rendered":"<h3>Owalna lampa b\u0142yskowa Neewer Z2PRO-C dla Canon<\/h3>\n<p>Poznaj Neewer Z2PRO-C \u2013 profesjonaln\u0105, owaln\u0105 lamp\u0119 b\u0142yskow\u0105 stworzon\u0105 z my\u015bl\u0105 o u\u017cytkownikach aparat\u00f3w Canon. Oferuje imponuj\u0105c\u0105 moc 76 Ws, tryb b\u0142ysku TTL, manualny i stroboskopowy, a tak\u017ce funkcj\u0119 TCM umo\u017cliwiaj\u0105c\u0105 szybkie przej\u015bcie z automatyki do ustawie\u0144 r\u0119cznych. Obs\u0142uguje dwa systemy bezprzewodowe 2.4G (Neewer Q i Godox X) zapewniaj\u0105c pe\u0142n\u0105 elastyczno\u015b\u0107 pracy w trybie \u201cmaster\u201d lub \u201cslave\u201d. Dzi\u0119ki funkcji HSS (do 1\/8000 s), automatycznemu zoomowi 28\u2013105 mm, podw\u00f3jnym \u015bwiat\u0142om modeluj\u0105cym oraz rozbudowanemu systemowi ch\u0142odzenia, lampa gwarantuje perfekcyjne efekty w ka\u017cdych warunkach. Zasilana wydajnym akumulatorem o pojemno\u015bci 3000 mAh, oferuje a\u017c 600 pe\u0142nych b\u0142ysk\u00f3w i szybkie \u0142adowanie przez USB-C.<\/p>\n<p>\n  <img decoding=\"async\" src=\"https:\/\/assets.innpro.pl\/16653\/21686\/10.jpg\" border=\"0\" alt=\"\">\n<\/p>\n<h3>Profesjonalne rezultaty w ka\u017cdej sytuacji<\/h3>\n<p>Lampa automatycznie dopasowuje zoom w zakresie 28\u2013105 mm, co pozwala uzyska\u0107 precyzyjne efekty \u015bwietlne dostosowane do ogniskowej obiektywu. Obs\u0142uguje korekcj\u0119 ekspozycji w zakresie \u00b13 EV, tryby synchronizacji na pierwsz\u0105 i drug\u0105 kurtyn\u0119 oraz b\u0142ysk stroboskopowy. Dzi\u0119ki funkcji High-Speed Sync z czasem b\u0142ysku do 1\/8000 s doskonale sprawdza si\u0119 r\u00f3wnie\u017c w warunkach intensywnego \u015bwiat\u0142a dziennego. Czas trwania b\u0142ysku w zakresie od 1\/800 s do 1\/20000 s pozwala uchwyci\u0107 nawet najbardziej dynamiczne uj\u0119cia.<\/p>\n<p>\n  <img decoding=\"async\" src=\"https:\/\/assets.innpro.pl\/16653\/21686\/1.jpg\" border=\"0\" alt=\"\">\n<\/p>\n<h3>Niezawodno\u015b\u0107 i wytrzyma\u0142o\u015b\u0107 dla wymagaj\u0105cych<\/h3>\n<p>Z2PRO-C zosta\u0142a wyposa\u017cona w zaawansowany system ch\u0142odzenia, kt\u00f3ry umo\u017cliwia wykonanie a\u017c 100 b\u0142ysk\u00f3w z maksymaln\u0105 moc\u0105 bez ryzyka przegrzania sprz\u0119tu. Ulepszona kwarcowa lampa gwarantuje \u017cywotno\u015b\u0107 do 100 000 b\u0142ysk\u00f3w, a akumulator litowy o pojemno\u015bci 3000 mAh pozwala na wykonanie a\u017c 600 pe\u0142nych b\u0142ysk\u00f3w przy czasie \u0142adowania wynosz\u0105cym zaledwie 1,5 sekundy. Gdy lampa si\u0119 roz\u0142aduje, szybko przywr\u00f3cisz jej energi\u0119 za pomoc\u0105 kabla USB-C.<\/p>\n<p>\n  <img decoding=\"async\" src=\"https:\/\/assets.innpro.pl\/16653\/21686\/2.jpg\" border=\"0\" alt=\"\">\n<\/p>\n<h3>Pe\u0142na kontrola i kreatywno\u015b\u0107<\/h3>\n<p>Podw\u00f3jne \u015bwiat\u0142a modeluj\u0105ce z 10-stopniow\u0105 regulacj\u0105 jasno\u015bci daj\u0105 jeszcze wi\u0119ksz\u0105 kontrol\u0119 nad atmosfer\u0105 zdj\u0119cia, a mo\u017cliwo\u015b\u0107 monta\u017cu r\u00f3\u017cnorodnych akcesori\u00f3w czyni lamp\u0119 niezwykle wszechstronnym narz\u0119dziem. Dzi\u0119ki zgodno\u015bci z systemem Neewer Q (Q200, Q4, S102 Pro, Q2 Receiver, Z1, Z2, Z880, NW760) oraz Godox X (Xpro, X3, X2), Z2PRO-C idealnie sprawdzi si\u0119 zar\u00f3wno jako uzupe\u0142nienie istniej\u0105cego zestawu, jak i jego fundament.<\/p>\n<p>\n  <img decoding=\"async\" src=\"https:\/\/assets.innpro.pl\/16653\/21686\/5.jpg\" border=\"0\" alt=\"\">\n<\/p>\n<h3>W zestawie<\/h3>\n<ul>\n<li>lampa b\u0142yskowa <\/li>\n<li>akumulator litowy 3000 mAh<\/li>\n<li>kabel USB typu C<\/li>\n<li>mini statyw<\/li>\n<li>futera\u0142 ochronny<\/li>\n<li>instrukcja obs\u0142ugi<\/li>\n<\/ul>\n<div class=\"table-wrapper\">\n<p>&nbsp;<\/p>\n<h3><\/h3>\n<table>\n<tbody>\n<tr>\n<th>Producent <\/th>\n<td>Neewer<\/td>\n<\/tr>\n<tr>\n<th>Model<\/th>\n<td>Z2PRO-C B0DMVNM8WP<\/td>\n<\/tr>\n<tr>\n<th>Kompatybilno\u015b\u0107<\/th>\n<td>Kamery Canon R6, R5, R3, R, M6, 850D, 800D\/T7i, 760D\/T6s, 750D\/T6i, 650D, 600D, 7D Mark II, 7D, 6D Mark II, 6D, 5D Mark IV\/III\/II, 1D Mark III, 1DX, 550D, 500D, 450D, 90D, 80D, 70D, 60D, 50D, 1100D, 77D, SL3\/250D, T7\/1500D 2000D, T100\/3000D 4000D (nie jest kompatybilna z RP R50). G\u0142owica lampy jest kompatybilna z NEEWER CRM2 M12 CRS6 CRS7 CRB1 S2 <\/td>\n<\/tr>\n<tr>\n<th>Akumulator<\/th>\n<td>3000 mAh litowy<\/td>\n<\/tr>\n<tr>\n<th>Punkty monta\u017cowe<\/th>\n<td>Hot shoe<\/td>\n<\/tr>\n<tr>\n<th>G\u0142\u00f3wny materia\u0142<\/th>\n<td>Tworzywo sztuczne<\/td>\n<\/tr>\n<tr>\n<th>Wymiary<\/th>\n<td>76 x 76 x 206mm<\/td>\n<\/tr>\n<tr>\n<th>Waga<\/th>\n<td>580g<\/td>\n<\/tr>\n<\/tbody>\n<\/table>\n<\/div>\n","protected":false},"excerpt":{"rendered":"<p>Owalna lampa b\u0142yskowa Neewer Z2PRO-C dla Canon Poznaj Neewer Z2PRO-C \u2013 profesjonaln\u0105, owaln\u0105 lamp\u0119 b\u0142yskow\u0105 stworzon\u0105 z my\u015bl\u0105 o u\u017cytkownikach<\/p>\n","protected":false},"featured_media":49356,"comment_status":"closed","ping_status":"open","template":"","meta":{"_acf_changed":false},"product_brand":[],"product_cat":[1128,6186,6182],"product_tag":[],"class_list":{"0":"post-60575","1":"product","2":"type-product","3":"status-publish","4":"has-post-thumbnail","6":"product_cat-foto-wideo","7":"product_cat-lampy","8":"product_cat-studio-fotograficzne","9":"pa_okres-gwarancji-5757","10":"pa_producent-neewer","12":"first","13":"outofstock","14":"taxable","15":"shipping-taxable","16":"purchasable","17":"product-type-simple"},"acf":[],"yoast_head":"<!-- This site is optimized with the Yoast SEO plugin v27.2 - https:\/\/yoast.com\/product\/yoast-seo-wordpress\/ -->\n<title>Lampa b\u0142yskowa NEEWER Z2PRO-C 76Ws do Canon - IRONSKY.PL Sklep z Dronami<\/title>\n<meta name=\"description\" content=\"Lampa b\u0142yskowa NEEWER Z2PRO-C 76Ws do Canon - \u2705 sklep z dronami i fachowym doradztwem. \u2705 Tutaj kupisz produkty DJI, Yuneec, Parrot, Syma i wiele innych, a tak\u017ce kursy i licencje na operatora drona.\" \/>\n<meta name=\"robots\" content=\"index, follow, max-snippet:-1, max-image-preview:large, max-video-preview:-1\" \/>\n<link rel=\"canonical\" href=\"https:\/\/ironsky.pl\/sklep\/produkt\/lampa-blyskowa-neewer-z2pro-c-76ws-do-canon\/\" \/>\n<meta property=\"og:locale\" content=\"pl_PL\" \/>\n<meta property=\"og:type\" content=\"article\" \/>\n<meta property=\"og:title\" content=\"Lampa b\u0142yskowa NEEWER Z2PRO-C 76Ws do Canon - IRONSKY.PL Sklep z Dronami\" \/>\n<meta property=\"og:description\" content=\"Lampa b\u0142yskowa NEEWER Z2PRO-C 76Ws do Canon - \u2705 sklep z dronami i fachowym doradztwem. \u2705 Tutaj kupisz produkty DJI, Yuneec, Parrot, Syma i wiele innych, a tak\u017ce kursy i licencje na operatora drona.\" \/>\n<meta property=\"og:url\" content=\"https:\/\/ironsky.pl\/sklep\/produkt\/lampa-blyskowa-neewer-z2pro-c-76ws-do-canon\/\" \/>\n<meta property=\"og:site_name\" content=\"IRONSKY.PL Sklep z Dronami\" \/>\n<meta property=\"article:modified_time\" content=\"2026-04-15T09:04:39+00:00\" \/>\n<meta property=\"og:image\" content=\"https:\/\/ironsky.pl\/sklep\/wp-content\/uploads\/2025\/10\/53602_1.jpg\" \/>\n\t<meta property=\"og:image:width\" content=\"800\" \/>\n\t<meta property=\"og:image:height\" content=\"800\" \/>\n\t<meta property=\"og:image:type\" content=\"image\/jpeg\" \/>\n<meta name=\"twitter:card\" content=\"summary_large_image\" \/>\n<meta name=\"twitter:label1\" content=\"Szacowany czas czytania\" \/>\n\t<meta name=\"twitter:data1\" content=\"2 minuty\" \/>\n<script type=\"application\/ld+json\" class=\"yoast-schema-graph\">{\"@context\":\"https:\/\/schema.org\",\"@graph\":[{\"@type\":\"WebPage\",\"@id\":\"https:\/\/ironsky.pl\/sklep\/produkt\/lampa-blyskowa-neewer-z2pro-c-76ws-do-canon\/\",\"url\":\"https:\/\/ironsky.pl\/sklep\/produkt\/lampa-blyskowa-neewer-z2pro-c-76ws-do-canon\/\",\"name\":\"Lampa b\u0142yskowa NEEWER Z2PRO-C 76Ws do Canon - IRONSKY.PL Sklep z Dronami\",\"isPartOf\":{\"@id\":\"https:\/\/ironsky.pl\/sklep\/#website\"},\"primaryImageOfPage\":{\"@id\":\"https:\/\/ironsky.pl\/sklep\/produkt\/lampa-blyskowa-neewer-z2pro-c-76ws-do-canon\/#primaryimage\"},\"image\":{\"@id\":\"https:\/\/ironsky.pl\/sklep\/produkt\/lampa-blyskowa-neewer-z2pro-c-76ws-do-canon\/#primaryimage\"},\"thumbnailUrl\":\"https:\/\/ironsky.pl\/sklep\/wp-content\/uploads\/2025\/10\/53602_1.jpg\",\"datePublished\":\"2026-04-15T09:04:26+00:00\",\"dateModified\":\"2026-04-15T09:04:39+00:00\",\"description\":\"Lampa b\u0142yskowa NEEWER Z2PRO-C 76Ws do Canon - \u2705 sklep z dronami i fachowym doradztwem. \u2705 Tutaj kupisz produkty DJI, Yuneec, Parrot, Syma i wiele innych, a tak\u017ce kursy i licencje na operatora drona.\",\"breadcrumb\":{\"@id\":\"https:\/\/ironsky.pl\/sklep\/produkt\/lampa-blyskowa-neewer-z2pro-c-76ws-do-canon\/#breadcrumb\"},\"inLanguage\":\"pl-PL\",\"potentialAction\":[{\"@type\":\"ReadAction\",\"target\":[\"https:\/\/ironsky.pl\/sklep\/produkt\/lampa-blyskowa-neewer-z2pro-c-76ws-do-canon\/\"]}]},{\"@type\":\"ImageObject\",\"inLanguage\":\"pl-PL\",\"@id\":\"https:\/\/ironsky.pl\/sklep\/produkt\/lampa-blyskowa-neewer-z2pro-c-76ws-do-canon\/#primaryimage\",\"url\":\"https:\/\/ironsky.pl\/sklep\/wp-content\/uploads\/2025\/10\/53602_1.jpg\",\"contentUrl\":\"https:\/\/ironsky.pl\/sklep\/wp-content\/uploads\/2025\/10\/53602_1.jpg\",\"width\":800,\"height\":800},{\"@type\":\"BreadcrumbList\",\"@id\":\"https:\/\/ironsky.pl\/sklep\/produkt\/lampa-blyskowa-neewer-z2pro-c-76ws-do-canon\/#breadcrumb\",\"itemListElement\":[{\"@type\":\"ListItem\",\"position\":1,\"name\":\"Strona g\u0142\u00f3wna\",\"item\":\"https:\/\/ironsky.pl\/sklep\/\"},{\"@type\":\"ListItem\",\"position\":2,\"name\":\"Wszystkie produkty\",\"item\":\"https:\/\/ironsky.pl\/sklep\/produkty\/\"},{\"@type\":\"ListItem\",\"position\":3,\"name\":\"Lampa b\u0142yskowa NEEWER Z2PRO-C 76Ws do Canon\"}]},{\"@type\":\"WebSite\",\"@id\":\"https:\/\/ironsky.pl\/sklep\/#website\",\"url\":\"https:\/\/ironsky.pl\/sklep\/\",\"name\":\"IRONSKY.PL Sklep z Dronami\",\"description\":\"IRONSKY.PL Sklep z Dronami\",\"potentialAction\":[{\"@type\":\"SearchAction\",\"target\":{\"@type\":\"EntryPoint\",\"urlTemplate\":\"https:\/\/ironsky.pl\/sklep\/?s={search_term_string}\"},\"query-input\":{\"@type\":\"PropertyValueSpecification\",\"valueRequired\":true,\"valueName\":\"search_term_string\"}}],\"inLanguage\":\"pl-PL\"}]}<\/script>\n<!-- \/ Yoast SEO plugin. -->","yoast_head_json":{"title":"Lampa b\u0142yskowa NEEWER Z2PRO-C 76Ws do Canon - IRONSKY.PL Sklep z Dronami","description":"Lampa b\u0142yskowa NEEWER Z2PRO-C 76Ws do Canon - \u2705 sklep z dronami i fachowym doradztwem. \u2705 Tutaj kupisz produkty DJI, Yuneec, Parrot, Syma i wiele innych, a tak\u017ce kursy i licencje na operatora drona.","robots":{"index":"index","follow":"follow","max-snippet":"max-snippet:-1","max-image-preview":"max-image-preview:large","max-video-preview":"max-video-preview:-1"},"canonical":"https:\/\/ironsky.pl\/sklep\/produkt\/lampa-blyskowa-neewer-z2pro-c-76ws-do-canon\/","og_locale":"pl_PL","og_type":"article","og_title":"Lampa b\u0142yskowa NEEWER Z2PRO-C 76Ws do Canon - IRONSKY.PL Sklep z Dronami","og_description":"Lampa b\u0142yskowa NEEWER Z2PRO-C 76Ws do Canon - \u2705 sklep z dronami i fachowym doradztwem. \u2705 Tutaj kupisz produkty DJI, Yuneec, Parrot, Syma i wiele innych, a tak\u017ce kursy i licencje na operatora drona.","og_url":"https:\/\/ironsky.pl\/sklep\/produkt\/lampa-blyskowa-neewer-z2pro-c-76ws-do-canon\/","og_site_name":"IRONSKY.PL Sklep z Dronami","article_modified_time":"2026-04-15T09:04:39+00:00","og_image":[{"width":800,"height":800,"url":"https:\/\/ironsky.pl\/sklep\/wp-content\/uploads\/2025\/10\/53602_1.jpg","type":"image\/jpeg"}],"twitter_card":"summary_large_image","twitter_misc":{"Szacowany czas czytania":"2 minuty"},"schema":{"@context":"https:\/\/schema.org","@graph":[{"@type":"WebPage","@id":"https:\/\/ironsky.pl\/sklep\/produkt\/lampa-blyskowa-neewer-z2pro-c-76ws-do-canon\/","url":"https:\/\/ironsky.pl\/sklep\/produkt\/lampa-blyskowa-neewer-z2pro-c-76ws-do-canon\/","name":"Lampa b\u0142yskowa NEEWER Z2PRO-C 76Ws do Canon - IRONSKY.PL Sklep z Dronami","isPartOf":{"@id":"https:\/\/ironsky.pl\/sklep\/#website"},"primaryImageOfPage":{"@id":"https:\/\/ironsky.pl\/sklep\/produkt\/lampa-blyskowa-neewer-z2pro-c-76ws-do-canon\/#primaryimage"},"image":{"@id":"https:\/\/ironsky.pl\/sklep\/produkt\/lampa-blyskowa-neewer-z2pro-c-76ws-do-canon\/#primaryimage"},"thumbnailUrl":"https:\/\/ironsky.pl\/sklep\/wp-content\/uploads\/2025\/10\/53602_1.jpg","datePublished":"2026-04-15T09:04:26+00:00","dateModified":"2026-04-15T09:04:39+00:00","description":"Lampa b\u0142yskowa NEEWER Z2PRO-C 76Ws do Canon - \u2705 sklep z dronami i fachowym doradztwem. \u2705 Tutaj kupisz produkty DJI, Yuneec, Parrot, Syma i wiele innych, a tak\u017ce kursy i licencje na operatora drona.","breadcrumb":{"@id":"https:\/\/ironsky.pl\/sklep\/produkt\/lampa-blyskowa-neewer-z2pro-c-76ws-do-canon\/#breadcrumb"},"inLanguage":"pl-PL","potentialAction":[{"@type":"ReadAction","target":["https:\/\/ironsky.pl\/sklep\/produkt\/lampa-blyskowa-neewer-z2pro-c-76ws-do-canon\/"]}]},{"@type":"ImageObject","inLanguage":"pl-PL","@id":"https:\/\/ironsky.pl\/sklep\/produkt\/lampa-blyskowa-neewer-z2pro-c-76ws-do-canon\/#primaryimage","url":"https:\/\/ironsky.pl\/sklep\/wp-content\/uploads\/2025\/10\/53602_1.jpg","contentUrl":"https:\/\/ironsky.pl\/sklep\/wp-content\/uploads\/2025\/10\/53602_1.jpg","width":800,"height":800},{"@type":"BreadcrumbList","@id":"https:\/\/ironsky.pl\/sklep\/produkt\/lampa-blyskowa-neewer-z2pro-c-76ws-do-canon\/#breadcrumb","itemListElement":[{"@type":"ListItem","position":1,"name":"Strona g\u0142\u00f3wna","item":"https:\/\/ironsky.pl\/sklep\/"},{"@type":"ListItem","position":2,"name":"Wszystkie produkty","item":"https:\/\/ironsky.pl\/sklep\/produkty\/"},{"@type":"ListItem","position":3,"name":"Lampa b\u0142yskowa NEEWER Z2PRO-C 76Ws do Canon"}]},{"@type":"WebSite","@id":"https:\/\/ironsky.pl\/sklep\/#website","url":"https:\/\/ironsky.pl\/sklep\/","name":"IRONSKY.PL Sklep z Dronami","description":"IRONSKY.PL Sklep z Dronami","potentialAction":[{"@type":"SearchAction","target":{"@type":"EntryPoint","urlTemplate":"https:\/\/ironsky.pl\/sklep\/?s={search_term_string}"},"query-input":{"@type":"PropertyValueSpecification","valueRequired":true,"valueName":"search_term_string"}}],"inLanguage":"pl-PL"}]}},"_links":{"self":[{"href":"https:\/\/ironsky.pl\/sklep\/wp-json\/wp\/v2\/product\/60575","targetHints":{"allow":["GET"]}}],"collection":[{"href":"https:\/\/ironsky.pl\/sklep\/wp-json\/wp\/v2\/product"}],"about":[{"href":"https:\/\/ironsky.pl\/sklep\/wp-json\/wp\/v2\/types\/product"}],"replies":[{"embeddable":true,"href":"https:\/\/ironsky.pl\/sklep\/wp-json\/wp\/v2\/comments?post=60575"}],"wp:featuredmedia":[{"embeddable":true,"href":"https:\/\/ironsky.pl\/sklep\/wp-json\/wp\/v2\/media\/49356"}],"wp:attachment":[{"href":"https:\/\/ironsky.pl\/sklep\/wp-json\/wp\/v2\/media?parent=60575"}],"wp:term":[{"taxonomy":"product_brand","embeddable":true,"href":"https:\/\/ironsky.pl\/sklep\/wp-json\/wp\/v2\/product_brand?post=60575"},{"taxonomy":"product_cat","embeddable":true,"href":"https:\/\/ironsky.pl\/sklep\/wp-json\/wp\/v2\/product_cat?post=60575"},{"taxonomy":"product_tag","embeddable":true,"href":"https:\/\/ironsky.pl\/sklep\/wp-json\/wp\/v2\/product_tag?post=60575"}],"curies":[{"name":"wp","href":"https:\/\/api.w.org\/{rel}","templated":true}]}}