{"id":60572,"date":"2026-04-15T11:04:26","date_gmt":"2026-04-15T09:04:26","guid":{"rendered":"https:\/\/ironsky.pl\/sklep\/produkt\/monitor-podgladowy-neewer-f700-7\/"},"modified":"2026-04-15T11:04:35","modified_gmt":"2026-04-15T09:04:35","slug":"monitor-podgladowy-neewer-f700-7","status":"publish","type":"product","link":"https:\/\/ironsky.pl\/sklep\/produkt\/monitor-podgladowy-neewer-f700-7\/","title":{"rendered":"Monitor podgl\u0105dowy NEEWER F700 7&#8243;"},"content":{"rendered":"<h3>Monitor pogl\u0105dowy 7\u201d F700<\/h3>\n<p>Monitor pogl\u0105dowy F700 to 7-calowy ekran dotykowy Full HD, kt\u00f3ry idealnie sprawdzi si\u0119 w profesjonalnych zastosowaniach wideo. Dzi\u0119ki imponuj\u0105cej rozdzielczo\u015bci, jasno\u015bci si\u0119gaj\u0105cej a\u017c 2000 nit\u00f3w i szerokiemu k\u0105towi widzenia 160\u00b0, obraz pozostaje wyra\u017any i czytelny nawet w pe\u0142nym s\u0142o\u0144cu, bez konieczno\u015bci u\u017cywania daszka przeciws\u0142onecznego. Monitor obs\u0142uguje automatyczn\u0105 i r\u0119czn\u0105 regulacj\u0119 pod\u015bwietlenia, co zapewnia komfort pracy niezale\u017cnie od warunk\u00f3w panuj\u0105cych podczas pracy. F700 to niezawodne narz\u0119dzie dla ka\u017cdego filmowca, kt\u00f3re znacz\u0105co poprawia efektywno\u015b\u0107 pracy i jako\u015b\u0107 uj\u0119\u0107 \u2013 zar\u00f3wno w studio, jak i w terenie.<\/p>\n<p>\n<img decoding=\"async\" src=\"https:\/\/assets.innpro.pl\/16659\/21691\/6.jpg\" border=\"0\" alt=\"\" \/>\n<\/p>\n<h3>Wszechstronne funkcje monitorowania<\/h3>\n<p>F700 zosta\u0142 wyposa\u017cony w szereg profesjonalnych narz\u0119dzi wspieraj\u0105cych ekspozycj\u0119, ostro\u015b\u0107 i kompozycj\u0119 kadru, takich jak False Color, histogram, wektoroskop, Focus Peak, markery bezpiecze\u0144stwa czy pasek audio. Zyskujesz r\u00f3wnie\u017c mo\u017cliwo\u015b\u0107 za\u0142adowania do 60 w\u0142asnych plik\u00f3w 3D LUT (oraz skorzystania z 15 wgranych), co umo\u017cliwia szybk\u0105 korekcj\u0119 kolor\u00f3w w terenie. Kalibracja zgodna ze standardem REC-709 gwarantuje wierne odwzorowanie barw i wysok\u0105 szczeg\u00f3\u0142owo\u015b\u0107. Rozdzielczo\u015b\u0107 1920 x 1080 i jasno\u015b\u0107 wynosz\u0105ca 2000 nit\u00f3w sprawiaj\u0105, \u017ce wy\u015bwietlany obraz jest zawsze czytelny i wyra\u017any.\u00a0<\/p>\n<p>\n<img decoding=\"async\" src=\"https:\/\/assets.innpro.pl\/16659\/21691\/1.jpg\" border=\"0\" alt=\"\" \/>\n<\/p>\n<h3>Obs\u0142uga sygna\u0142u 4K i przyjazny interfejs <\/h3>\n<p>Zaawansowany interfejs oraz obs\u0142uga HDMI Loop In &amp; Out (do 4K) zapewniaj\u0105 p\u0142ynno\u015b\u0107 pracy w r\u00f3\u017cnorodnych scenariuszach zdj\u0119ciowych. Monitor wspiera szeroki zakres rozdzielczo\u015bci sygna\u0142u wideo i oferuje wyj\u015bcie s\u0142uchawkowe 3,5 mm do jednoczesnego monitoringu d\u017awi\u0119ku (s\u0142uchawki nie s\u0105 do\u0142\u0105czone do zestawu). Co wi\u0119cej, przyciski skr\u00f3t\u00f3w (F1, F2, F3) umo\u017cliwiaj\u0105 szybki dost\u0119p do najwa\u017cniejszych funkcji.<\/p>\n<p>\n<img decoding=\"async\" src=\"https:\/\/assets.innpro.pl\/16659\/21691\/3.jpg\" border=\"0\" alt=\"\" \/>\n<\/p>\n<h3>Elastyczne zasilanie i mobilno\u015b\u0107<\/h3>\n<p>Monitor mo\u017ce by\u0107 zasilany na kilka sposob\u00f3w \u2013 za pomoc\u0105 akumulatora NP-F (F550, F750, F970), zasilacza 12V\/3A lub przez port USB-C. W zestawie znajduj\u0105 si\u0119 dwa akumulatory NP-F750 o pojemno\u015bci 4400 mAh, zapewniaj\u0105ce \u0142\u0105cznie do 4,8 godziny pracy. Dodatkowo F700 mo\u017ce dzia\u0142a\u0107 jako akumulator zasilaj\u0105cy kamer\u0119 (DC 8V\/1.5A), co czyni go idealnym rozwi\u0105zaniem do zdj\u0119\u0107 plenerowych.<\/p>\n<p>\n<img decoding=\"async\" src=\"https:\/\/assets.innpro.pl\/16659\/21691\/5.jpg\" border=\"0\" alt=\"\" \/>\n<\/p>\n<h3>Swoboda monta\u017cu i aktywne ch\u0142odzenie<\/h3>\n<p>Dzi\u0119ki gwintom monta\u017cowym 1\/4&#8243; umieszczonym na spodzie i boku oraz do\u0142\u0105czonemu uchwytowi z zimn\u0105 stopk\u0105, monitor mo\u017cna \u0142atwo dostosowa\u0107 do r\u00f3\u017cnych konfiguracji. Uchwyt pozwala na regulacj\u0119 w zakresie 180\u00b0, a system ch\u0142odzenia z wentylatorami o czterech trybach pracy (auto, niski, \u015bredni, wysoki) zapewnia stabilno\u015b\u0107 dzia\u0142ania nawet podczas d\u0142ugich sesji zdj\u0119ciowych.<\/p>\n<p>\n<img decoding=\"async\" src=\"https:\/\/assets.innpro.pl\/16659\/21691\/2.jpg\" border=\"0\" alt=\"\" \/>\n<\/p>\n<h3>W zestawie<\/h3>\n<ul class=\"list-disc pl-5\">\n<li>monitor <\/li>\n<li>mocowanie monitora<\/li>\n<li>kabel \u0142adowania USB do Type-C<\/li>\n<li>kabel HDMI do HDMI<\/li>\n<li>kabel HDMI do Micro HDMI<\/li>\n<li>kabel HDMI do Mini HDMI<\/li>\n<li>instrukcja obs\u0142ugi<\/li>\n<\/ul>\n<div class=\"table-wrapper\">\n<p>\u00a0<\/p>\n<h3><\/h3>\n<table>\n<tbody>\n<tr>\n<th>Producent<\/th>\n<td>Neewer<\/td>\n<\/tr>\n<tr>\n<th>Model<\/th>\n<td>F700<\/td>\n<\/tr>\n<tr>\n<th>Rozdzielczo\u015b\u0107<\/th>\n<td>1920&#215;1080 <\/td>\n<\/tr>\n<tr>\n<th>Rozstaw punkt\u00f3w<\/th>\n<td>0,0804 (wys.) x 0,0804 (szer.) (mm)<\/td>\n<\/tr>\n<tr>\n<th>Wsp\u00f3\u0142czynnik proporcji<\/th>\n<td>16:9<\/td>\n<\/tr>\n<tr>\n<th>Jasno\u015b\u0107<\/th>\n<td>2000nit \u00b110% <\/td>\n<\/tr>\n<tr>\n<th>Wsp\u00f3\u0142czynnik kontrastu<\/th>\n<td>1000:1<\/td>\n<\/tr>\n<tr>\n<th>K\u0105t widzenia<\/th>\n<td>&gt;160\u00b0H\/160\u00b0V; 80\u00b0\/80\u00b0(L\/R) 80\u00b0\/80\u00b0(U\/D)<\/td>\n<\/tr>\n<tr>\n<th>Wej\u015bcie<\/th>\n<td>HDMI<\/td>\n<\/tr>\n<tr>\n<th>Wyj\u015bcie<\/th>\n<td>HDMI, gniazdo s\u0142uchawkowe 3,5 mm<\/td>\n<\/tr>\n<tr>\n<th>Wej\u015bcie\/wyj\u015bcie zasilania<\/th>\n<td>Interfejs wej\u015bciowy DC 5,5 mm: 12-26 V DC (nie mo\u017ce by\u0107 u\u017cywany jako akumulator zast\u0119pczy przy niskim napi\u0119ciu wyj\u015bciowym); Interfejs wyj\u015bciowy DC 2,5 mm: DC 8.4V (mo\u017cna pod\u0142\u0105czy\u0107 przew\u00f3d zasilaj\u0105cy do kamery za po\u015brednictwem interfejsu wyj\u015bcia zasilania DC, co znacznie wyd\u0142u\u017ca \u017cywotno\u015b\u0107 akumulatora kamery); Interfejs wej\u015bciowy typu C: Obs\u0142uga szybkich \u0142adowarek 5V\/3A i wy\u017cszych lub \u0142adowarek przeno\u015bnych (wyj\u015bcie 3A)<\/td>\n<\/tr>\n<tr>\n<th>Obs\u0142uga format\u00f3w wej\u015bciowych HDMI<\/th>\n<td>480i, 576i, 480p, 576p, 720p (60\/59,94\/50\/30\/29,97\/25\/24\/23,98), 1080i (60\/59,94\/50), 1080p (60\/59,94\/50\/30\/29,97\/25\/24\/24SF\/23,98\/23,98sF), 3840&#215;2160 (30\/25\/24Hz), 4096&#215;2160 (25\/24Hz).<\/td>\n<\/tr>\n<tr>\n<th>Ca\u0142kowity pob\u00f3r mocy<\/th>\n<td>\u226422W (bez wyj\u015bcia DC 8.4V)<\/td>\n<\/tr>\n<tr>\n<th>Temperatura pracy<\/th>\n<td>-20\u00b0C-55\u00b0C<\/td>\n<\/tr>\n<tr>\n<th>Temperatura przechowywania<\/th>\n<td>-30\u00b0C-65\u00b0C<\/td>\n<\/tr>\n<tr>\n<th>Wymiary<\/th>\n<td>175 x 107 x 25 mm<\/td>\n<\/tr>\n<\/tbody>\n<\/table>\n<\/div>\n","protected":false},"excerpt":{"rendered":"<p>Monitor pogl\u0105dowy 7\u201d F700 Monitor pogl\u0105dowy F700 to 7-calowy ekran dotykowy Full HD, kt\u00f3ry idealnie sprawdzi si\u0119 w profesjonalnych zastosowaniach<\/p>\n","protected":false},"featured_media":49349,"comment_status":"closed","ping_status":"open","template":"","meta":{"_acf_changed":false},"product_brand":[],"product_cat":[1130,1128,1150],"product_tag":[],"class_list":{"0":"post-60572","1":"product","2":"type-product","3":"status-publish","4":"has-post-thumbnail","6":"product_cat-akcesoria-foto","7":"product_cat-foto-wideo","8":"product_cat-pozostale","9":"pa_okres-gwarancji-5757","10":"pa_producent-neewer","12":"first","13":"outofstock","14":"taxable","15":"shipping-taxable","16":"purchasable","17":"product-type-simple"},"acf":[],"yoast_head":"<!-- This site is optimized with the Yoast SEO plugin v27.2 - https:\/\/yoast.com\/product\/yoast-seo-wordpress\/ -->\n<title>Monitor podgl\u0105dowy NEEWER F700 7&quot; - IRONSKY.PL Sklep z Dronami<\/title>\n<meta name=\"description\" content=\"Monitor podgl\u0105dowy NEEWER F700 7&quot; - \u2705 sklep z dronami i fachowym doradztwem. \u2705 Tutaj kupisz produkty DJI, Yuneec, Parrot, Syma i wiele innych, a tak\u017ce kursy i licencje na operatora drona.\" \/>\n<meta name=\"robots\" content=\"index, follow, max-snippet:-1, max-image-preview:large, max-video-preview:-1\" \/>\n<link rel=\"canonical\" href=\"https:\/\/ironsky.pl\/sklep\/produkt\/monitor-podgladowy-neewer-f700-7\/\" \/>\n<meta property=\"og:locale\" content=\"pl_PL\" \/>\n<meta property=\"og:type\" content=\"article\" \/>\n<meta property=\"og:title\" content=\"Monitor podgl\u0105dowy NEEWER F700 7&quot; - IRONSKY.PL Sklep z Dronami\" \/>\n<meta property=\"og:description\" content=\"Monitor podgl\u0105dowy NEEWER F700 7&quot; - \u2705 sklep z dronami i fachowym doradztwem. \u2705 Tutaj kupisz produkty DJI, Yuneec, Parrot, Syma i wiele innych, a tak\u017ce kursy i licencje na operatora drona.\" \/>\n<meta property=\"og:url\" content=\"https:\/\/ironsky.pl\/sklep\/produkt\/monitor-podgladowy-neewer-f700-7\/\" \/>\n<meta property=\"og:site_name\" content=\"IRONSKY.PL Sklep z Dronami\" \/>\n<meta property=\"article:modified_time\" content=\"2026-04-15T09:04:35+00:00\" \/>\n<meta property=\"og:image\" content=\"https:\/\/ironsky.pl\/sklep\/wp-content\/uploads\/2025\/10\/53599_1.jpg\" \/>\n\t<meta property=\"og:image:width\" content=\"800\" \/>\n\t<meta property=\"og:image:height\" content=\"800\" \/>\n\t<meta property=\"og:image:type\" content=\"image\/jpeg\" \/>\n<meta name=\"twitter:card\" content=\"summary_large_image\" \/>\n<meta name=\"twitter:label1\" content=\"Szacowany czas czytania\" \/>\n\t<meta name=\"twitter:data1\" content=\"3 minuty\" \/>\n<script type=\"application\/ld+json\" class=\"yoast-schema-graph\">{\"@context\":\"https:\/\/schema.org\",\"@graph\":[{\"@type\":\"WebPage\",\"@id\":\"https:\/\/ironsky.pl\/sklep\/produkt\/monitor-podgladowy-neewer-f700-7\/\",\"url\":\"https:\/\/ironsky.pl\/sklep\/produkt\/monitor-podgladowy-neewer-f700-7\/\",\"name\":\"Monitor podgl\u0105dowy NEEWER F700 7\\\" - IRONSKY.PL Sklep z Dronami\",\"isPartOf\":{\"@id\":\"https:\/\/ironsky.pl\/sklep\/#website\"},\"primaryImageOfPage\":{\"@id\":\"https:\/\/ironsky.pl\/sklep\/produkt\/monitor-podgladowy-neewer-f700-7\/#primaryimage\"},\"image\":{\"@id\":\"https:\/\/ironsky.pl\/sklep\/produkt\/monitor-podgladowy-neewer-f700-7\/#primaryimage\"},\"thumbnailUrl\":\"https:\/\/ironsky.pl\/sklep\/wp-content\/uploads\/2025\/10\/53599_1.jpg\",\"datePublished\":\"2026-04-15T09:04:26+00:00\",\"dateModified\":\"2026-04-15T09:04:35+00:00\",\"description\":\"Monitor podgl\u0105dowy NEEWER F700 7\\\" - \u2705 sklep z dronami i fachowym doradztwem. \u2705 Tutaj kupisz produkty DJI, Yuneec, Parrot, Syma i wiele innych, a tak\u017ce kursy i licencje na operatora drona.\",\"breadcrumb\":{\"@id\":\"https:\/\/ironsky.pl\/sklep\/produkt\/monitor-podgladowy-neewer-f700-7\/#breadcrumb\"},\"inLanguage\":\"pl-PL\",\"potentialAction\":[{\"@type\":\"ReadAction\",\"target\":[\"https:\/\/ironsky.pl\/sklep\/produkt\/monitor-podgladowy-neewer-f700-7\/\"]}]},{\"@type\":\"ImageObject\",\"inLanguage\":\"pl-PL\",\"@id\":\"https:\/\/ironsky.pl\/sklep\/produkt\/monitor-podgladowy-neewer-f700-7\/#primaryimage\",\"url\":\"https:\/\/ironsky.pl\/sklep\/wp-content\/uploads\/2025\/10\/53599_1.jpg\",\"contentUrl\":\"https:\/\/ironsky.pl\/sklep\/wp-content\/uploads\/2025\/10\/53599_1.jpg\",\"width\":800,\"height\":800},{\"@type\":\"BreadcrumbList\",\"@id\":\"https:\/\/ironsky.pl\/sklep\/produkt\/monitor-podgladowy-neewer-f700-7\/#breadcrumb\",\"itemListElement\":[{\"@type\":\"ListItem\",\"position\":1,\"name\":\"Strona g\u0142\u00f3wna\",\"item\":\"https:\/\/ironsky.pl\/sklep\/\"},{\"@type\":\"ListItem\",\"position\":2,\"name\":\"Wszystkie produkty\",\"item\":\"https:\/\/ironsky.pl\/sklep\/produkty\/\"},{\"@type\":\"ListItem\",\"position\":3,\"name\":\"Monitor podgl\u0105dowy NEEWER F700 7&#8243;\"}]},{\"@type\":\"WebSite\",\"@id\":\"https:\/\/ironsky.pl\/sklep\/#website\",\"url\":\"https:\/\/ironsky.pl\/sklep\/\",\"name\":\"IRONSKY.PL Sklep z Dronami\",\"description\":\"IRONSKY.PL Sklep z Dronami\",\"potentialAction\":[{\"@type\":\"SearchAction\",\"target\":{\"@type\":\"EntryPoint\",\"urlTemplate\":\"https:\/\/ironsky.pl\/sklep\/?s={search_term_string}\"},\"query-input\":{\"@type\":\"PropertyValueSpecification\",\"valueRequired\":true,\"valueName\":\"search_term_string\"}}],\"inLanguage\":\"pl-PL\"}]}<\/script>\n<!-- \/ Yoast SEO plugin. -->","yoast_head_json":{"title":"Monitor podgl\u0105dowy NEEWER F700 7\" - IRONSKY.PL Sklep z Dronami","description":"Monitor podgl\u0105dowy NEEWER F700 7\" - \u2705 sklep z dronami i fachowym doradztwem. \u2705 Tutaj kupisz produkty DJI, Yuneec, Parrot, Syma i wiele innych, a tak\u017ce kursy i licencje na operatora drona.","robots":{"index":"index","follow":"follow","max-snippet":"max-snippet:-1","max-image-preview":"max-image-preview:large","max-video-preview":"max-video-preview:-1"},"canonical":"https:\/\/ironsky.pl\/sklep\/produkt\/monitor-podgladowy-neewer-f700-7\/","og_locale":"pl_PL","og_type":"article","og_title":"Monitor podgl\u0105dowy NEEWER F700 7\" - IRONSKY.PL Sklep z Dronami","og_description":"Monitor podgl\u0105dowy NEEWER F700 7\" - \u2705 sklep z dronami i fachowym doradztwem. \u2705 Tutaj kupisz produkty DJI, Yuneec, Parrot, Syma i wiele innych, a tak\u017ce kursy i licencje na operatora drona.","og_url":"https:\/\/ironsky.pl\/sklep\/produkt\/monitor-podgladowy-neewer-f700-7\/","og_site_name":"IRONSKY.PL Sklep z Dronami","article_modified_time":"2026-04-15T09:04:35+00:00","og_image":[{"width":800,"height":800,"url":"https:\/\/ironsky.pl\/sklep\/wp-content\/uploads\/2025\/10\/53599_1.jpg","type":"image\/jpeg"}],"twitter_card":"summary_large_image","twitter_misc":{"Szacowany czas czytania":"3 minuty"},"schema":{"@context":"https:\/\/schema.org","@graph":[{"@type":"WebPage","@id":"https:\/\/ironsky.pl\/sklep\/produkt\/monitor-podgladowy-neewer-f700-7\/","url":"https:\/\/ironsky.pl\/sklep\/produkt\/monitor-podgladowy-neewer-f700-7\/","name":"Monitor podgl\u0105dowy NEEWER F700 7\" - IRONSKY.PL Sklep z Dronami","isPartOf":{"@id":"https:\/\/ironsky.pl\/sklep\/#website"},"primaryImageOfPage":{"@id":"https:\/\/ironsky.pl\/sklep\/produkt\/monitor-podgladowy-neewer-f700-7\/#primaryimage"},"image":{"@id":"https:\/\/ironsky.pl\/sklep\/produkt\/monitor-podgladowy-neewer-f700-7\/#primaryimage"},"thumbnailUrl":"https:\/\/ironsky.pl\/sklep\/wp-content\/uploads\/2025\/10\/53599_1.jpg","datePublished":"2026-04-15T09:04:26+00:00","dateModified":"2026-04-15T09:04:35+00:00","description":"Monitor podgl\u0105dowy NEEWER F700 7\" - \u2705 sklep z dronami i fachowym doradztwem. \u2705 Tutaj kupisz produkty DJI, Yuneec, Parrot, Syma i wiele innych, a tak\u017ce kursy i licencje na operatora drona.","breadcrumb":{"@id":"https:\/\/ironsky.pl\/sklep\/produkt\/monitor-podgladowy-neewer-f700-7\/#breadcrumb"},"inLanguage":"pl-PL","potentialAction":[{"@type":"ReadAction","target":["https:\/\/ironsky.pl\/sklep\/produkt\/monitor-podgladowy-neewer-f700-7\/"]}]},{"@type":"ImageObject","inLanguage":"pl-PL","@id":"https:\/\/ironsky.pl\/sklep\/produkt\/monitor-podgladowy-neewer-f700-7\/#primaryimage","url":"https:\/\/ironsky.pl\/sklep\/wp-content\/uploads\/2025\/10\/53599_1.jpg","contentUrl":"https:\/\/ironsky.pl\/sklep\/wp-content\/uploads\/2025\/10\/53599_1.jpg","width":800,"height":800},{"@type":"BreadcrumbList","@id":"https:\/\/ironsky.pl\/sklep\/produkt\/monitor-podgladowy-neewer-f700-7\/#breadcrumb","itemListElement":[{"@type":"ListItem","position":1,"name":"Strona g\u0142\u00f3wna","item":"https:\/\/ironsky.pl\/sklep\/"},{"@type":"ListItem","position":2,"name":"Wszystkie produkty","item":"https:\/\/ironsky.pl\/sklep\/produkty\/"},{"@type":"ListItem","position":3,"name":"Monitor podgl\u0105dowy NEEWER F700 7&#8243;"}]},{"@type":"WebSite","@id":"https:\/\/ironsky.pl\/sklep\/#website","url":"https:\/\/ironsky.pl\/sklep\/","name":"IRONSKY.PL Sklep z Dronami","description":"IRONSKY.PL Sklep z Dronami","potentialAction":[{"@type":"SearchAction","target":{"@type":"EntryPoint","urlTemplate":"https:\/\/ironsky.pl\/sklep\/?s={search_term_string}"},"query-input":{"@type":"PropertyValueSpecification","valueRequired":true,"valueName":"search_term_string"}}],"inLanguage":"pl-PL"}]}},"_links":{"self":[{"href":"https:\/\/ironsky.pl\/sklep\/wp-json\/wp\/v2\/product\/60572","targetHints":{"allow":["GET"]}}],"collection":[{"href":"https:\/\/ironsky.pl\/sklep\/wp-json\/wp\/v2\/product"}],"about":[{"href":"https:\/\/ironsky.pl\/sklep\/wp-json\/wp\/v2\/types\/product"}],"replies":[{"embeddable":true,"href":"https:\/\/ironsky.pl\/sklep\/wp-json\/wp\/v2\/comments?post=60572"}],"wp:featuredmedia":[{"embeddable":true,"href":"https:\/\/ironsky.pl\/sklep\/wp-json\/wp\/v2\/media\/49349"}],"wp:attachment":[{"href":"https:\/\/ironsky.pl\/sklep\/wp-json\/wp\/v2\/media?parent=60572"}],"wp:term":[{"taxonomy":"product_brand","embeddable":true,"href":"https:\/\/ironsky.pl\/sklep\/wp-json\/wp\/v2\/product_brand?post=60572"},{"taxonomy":"product_cat","embeddable":true,"href":"https:\/\/ironsky.pl\/sklep\/wp-json\/wp\/v2\/product_cat?post=60572"},{"taxonomy":"product_tag","embeddable":true,"href":"https:\/\/ironsky.pl\/sklep\/wp-json\/wp\/v2\/product_tag?post=60572"}],"curies":[{"name":"wp","href":"https:\/\/api.w.org\/{rel}","templated":true}]}}