{"id":60561,"date":"2026-04-15T11:04:17","date_gmt":"2026-04-15T09:04:17","guid":{"rendered":"https:\/\/ironsky.pl\/sklep\/produkt\/mocowanie-z-przyssawka-neewer-ca013-gwint-1-4\/"},"modified":"2026-04-15T11:04:18","modified_gmt":"2026-04-15T09:04:18","slug":"mocowanie-z-przyssawka-neewer-ca013-gwint-1-4","status":"publish","type":"product","link":"https:\/\/ironsky.pl\/sklep\/produkt\/mocowanie-z-przyssawka-neewer-ca013-gwint-1-4\/","title":{"rendered":"Mocowanie z przyssawk\u0105 NEEWER CA013 gwint 1\/4&#8243;"},"content":{"rendered":"<h3>Mocowanie z przyssawk\u0105 1\/4 cala Neewer CA013 do kamer sportowych (DJI Action, GoPro, Insta360)<\/h3>\n<p>Neewer CA013 to mocowanie z 6-calow\u0105 pomp\u0105 pr\u00f3\u017cniow\u0105 i przegubowym ramieniem, zaprojektowane do pracy z kamerami sportowymi, aparatami bezlusterkowymi i smartfonami. Z powodzeniem wykorzystasz je w przypadku takich modeli jak GoPro Hero 12 Black \/ 11 Black \/ 10 Black \/ 9 Black \/ 8 Black \/ 7 Black, GoPro Max, Insta360 X4 \/ X3 \/ Go 3 \/ Ace Pro, DJI Osmo Action 4 \/ 3 \/ 2, AKASO Brave 4, a tak\u017ce urz\u0105dze\u0144 marek Sony, Canon i Nikon (w tym lustrzanek DSLR). Dzi\u0119ki systemowi pr\u00f3\u017cniowemu monta\u017c na g\u0142adkich powierzchniach jest szybki i bezpieczny, a pe\u0142na regulacja k\u0105ta umo\u017cliwia dok\u0142adne ustawienie urz\u0105dzenia.<\/p>\n<p>\n<img decoding=\"async\" src=\"https:\/\/assets.innpro.pl\/16652\/21685\/6.jpg\" border=\"0\" alt=\"\" \/>\n<\/p>\n<h3>Du\u017ca si\u0142a utrzymania<\/h3>\n<p>Mocowanie Neewer CA013 oferuje no\u015bno\u015b\u0107 do 5 kg podczas jazdy (do 80 km\/h), a na nieruchomej powierzchni utrzymuje do 40 kg w poziomie i 50 kg w pionie. Taki zakres pozwala na bezpieczne u\u017cycie z ci\u0119\u017cszym sprz\u0119tem nawet w warunkach terenowych i podczas dynamicznych uj\u0119\u0107 z samochodu.<\/p>\n<p>\n<img decoding=\"async\" src=\"https:\/\/assets.innpro.pl\/16652\/21685\/3.jpg\" border=\"0\" alt=\"\" \/>\n<\/p>\n<h3>Monta\u017c na r\u00f3\u017cnych powierzchniach<\/h3>\n<p>Przyssawka dzia\u0142a skutecznie na powierzchniach szklanych, metalowych, ceramicznych i g\u0142adkich drewnianych p\u0142ytach. Dzi\u0119ki silikonowej konstrukcji miski monta\u017cowej i uchwytom z aluminium urz\u0105dzenie zapewnia trwa\u0142\u0105 przyczepno\u015b\u0107 tak\u017ce w niesprzyjaj\u0105cych warunkach atmosferycznych.<\/p>\n<p>\n<img decoding=\"async\" src=\"https:\/\/assets.innpro.pl\/16652\/21685\/1.jpg\" border=\"0\" alt=\"\" \/>\n<\/p>\n<h3>Uniwersalne punkty mocowania<\/h3>\n<p>Gwinty 1\/4\u201d i 3\/8\u201d umo\u017cliwiaj\u0105 monta\u017c r\u00f3\u017cnorodnych akcesori\u00f3w \u2013 od uchwyt\u00f3w do kamer sportowych, przez adaptery ARRI, a\u017c po ramiona boom czy smartfony. W zestawie znajduj\u0105 si\u0119 r\u00f3wnie\u017c odpowiednie adaptery \u015brubowe, co zwi\u0119ksza kompatybilno\u015b\u0107 z r\u00f3\u017cnym sprz\u0119tem.<\/p>\n<p>\n<img decoding=\"async\" src=\"https:\/\/assets.innpro.pl\/16652\/21685\/4.jpg\" border=\"0\" alt=\"\" \/>\n<\/p>\n<h3>Swobodna regulacja pozycji<\/h3>\n<p>Podw\u00f3jne g\u0142owice kulowe w ramieniu przegubowym pozwalaj\u0105 na p\u0142ynn\u0105 rotacj\u0119 w zakresie 360\u00b0 oraz dok\u0142adne ustawienie k\u0105ta. Gumowe nak\u0142adki antypo\u015blizgowe stabilizuj\u0105 urz\u0105dzenie po jego zamocowaniu, a \u015bruba zaciskowa umo\u017cliwia szybkie blokowanie ustawie\u0144.<\/p>\n<p>\n<img decoding=\"async\" src=\"https:\/\/assets.innpro.pl\/16652\/21685\/5.jpg\" border=\"0\" alt=\"\" \/>\n<\/p>\n<h3>Trwa\u0142o\u015b\u0107 i prostota czyszczenia<\/h3>\n<p>Konstrukcja wykonana z aluminium i gumy silikonowej gwarantuje odporno\u015b\u0107 na zarysowania, korozj\u0119 i zmienne warunki pogodowe. Materia\u0142y s\u0105 \u0142atwe do czyszczenia wod\u0105 i odporne na intensywn\u0105 eksploatacj\u0119 w terenie.<\/p>\n<p>\n<img decoding=\"async\" src=\"https:\/\/assets.innpro.pl\/16652\/21685\/2.jpg\" border=\"0\" alt=\"\" \/>\n<\/p>\n<h3>W zestawie:<\/h3>\n<ul class=\"list-disc pl-5\">\n<li>Mocowanie pr\u00f3\u017cniowe z pompk\u0105<\/li>\n<li>Rami\u0119 przegubowe<\/li>\n<li>Klucz imbusowy w kszta\u0142cie litery L x2<\/li>\n<li>Adapter 1\/4\u201d<\/li>\n<li>Adapter 3\/8\u201d<\/li>\n<\/ul>\n<div class=\"table-wrapper\">\n<p>\u00a0<\/p>\n<h3><\/h3>\n<table>\n<tbody>\n<tr>\n<th>Producent<\/th>\n<td>Neewer<\/td>\n<\/tr>\n<tr>\n<th>Model<\/th>\n<td>CA013<\/td>\n<\/tr>\n<tr>\n<th>Materia\u0142 <\/th>\n<td>Stop aluminium, guma silikonowa<\/td>\n<\/tr>\n<tr>\n<th>Ud\u017awig pionowy (w ruchu) <\/th>\n<td>5 kg<\/td>\n<\/tr>\n<tr>\n<th>Ud\u017awig pionowy (statyczny) <\/th>\n<td>50 kg<\/td>\n<\/tr>\n<tr>\n<th>Ud\u017awig poziomy (statyczny)<\/th>\n<td>40 kg<\/td>\n<\/tr>\n<tr>\n<th>\u015arednica przyssawki <\/th>\n<td>6&#8243; \/ 153 mm<\/td>\n<\/tr>\n<tr>\n<th>Wysoko\u015b\u0107<\/th>\n<td>2,6&#8243; \/ 66 mm<\/td>\n<\/tr>\n<tr>\n<th>Waga<\/th>\n<td>546 g<\/td>\n<\/tr>\n<\/tbody>\n<\/table>\n<\/div>\n","protected":false},"excerpt":{"rendered":"<p>Mocowanie z przyssawk\u0105 1\/4 cala Neewer CA013 do kamer sportowych (DJI Action, GoPro, Insta360) Neewer CA013 to mocowanie z 6-calow\u0105<\/p>\n","protected":false},"featured_media":49324,"comment_status":"closed","ping_status":"open","template":"","meta":{"_acf_changed":false},"product_brand":[],"product_cat":[1128,6178,6176,6177,6181,1138],"product_tag":[],"class_list":{"0":"post-60561","1":"product","2":"type-product","3":"status-publish","4":"has-post-thumbnail","6":"product_cat-foto-wideo","7":"product_cat-mocowania","8":"product_cat-selfie-stiki","9":"product_cat-statywy-selfie-stiki","10":"product_cat-szelki-mocowania-i-uchwyty","11":"product_cat-wysiegniki","12":"pa_okres-gwarancji-5757","13":"pa_producent-neewer","15":"first","16":"outofstock","17":"taxable","18":"shipping-taxable","19":"purchasable","20":"product-type-simple"},"acf":[],"yoast_head":"<!-- This site is optimized with the Yoast SEO plugin v27.2 - https:\/\/yoast.com\/product\/yoast-seo-wordpress\/ -->\n<title>Mocowanie z przyssawk\u0105 NEEWER CA013 gwint 1\/4&quot; - IRONSKY.PL Sklep z Dronami<\/title>\n<meta name=\"description\" content=\"Mocowanie z przyssawk\u0105 NEEWER CA013 gwint 1\/4&quot; - \u2705 sklep z dronami i fachowym doradztwem. \u2705 Tutaj kupisz produkty DJI, Yuneec, Parrot, Syma i wiele innych, a tak\u017ce kursy i licencje na operatora drona.\" \/>\n<meta name=\"robots\" content=\"index, follow, max-snippet:-1, max-image-preview:large, max-video-preview:-1\" \/>\n<link rel=\"canonical\" href=\"https:\/\/ironsky.pl\/sklep\/produkt\/mocowanie-z-przyssawka-neewer-ca013-gwint-1-4\/\" \/>\n<meta property=\"og:locale\" content=\"pl_PL\" \/>\n<meta property=\"og:type\" content=\"article\" \/>\n<meta property=\"og:title\" content=\"Mocowanie z przyssawk\u0105 NEEWER CA013 gwint 1\/4&quot; - IRONSKY.PL Sklep z Dronami\" \/>\n<meta property=\"og:description\" content=\"Mocowanie z przyssawk\u0105 NEEWER CA013 gwint 1\/4&quot; - \u2705 sklep z dronami i fachowym doradztwem. \u2705 Tutaj kupisz produkty DJI, Yuneec, Parrot, Syma i wiele innych, a tak\u017ce kursy i licencje na operatora drona.\" \/>\n<meta property=\"og:url\" content=\"https:\/\/ironsky.pl\/sklep\/produkt\/mocowanie-z-przyssawka-neewer-ca013-gwint-1-4\/\" \/>\n<meta property=\"og:site_name\" content=\"IRONSKY.PL Sklep z Dronami\" \/>\n<meta property=\"article:modified_time\" content=\"2026-04-15T09:04:18+00:00\" \/>\n<meta property=\"og:image\" content=\"https:\/\/ironsky.pl\/sklep\/wp-content\/uploads\/2025\/10\/53575_1.jpg\" \/>\n\t<meta property=\"og:image:width\" content=\"800\" \/>\n\t<meta property=\"og:image:height\" content=\"800\" \/>\n\t<meta property=\"og:image:type\" content=\"image\/jpeg\" \/>\n<meta name=\"twitter:card\" content=\"summary_large_image\" \/>\n<meta name=\"twitter:label1\" content=\"Szacowany czas czytania\" \/>\n\t<meta name=\"twitter:data1\" content=\"2 minuty\" \/>\n<script type=\"application\/ld+json\" class=\"yoast-schema-graph\">{\"@context\":\"https:\/\/schema.org\",\"@graph\":[{\"@type\":\"WebPage\",\"@id\":\"https:\/\/ironsky.pl\/sklep\/produkt\/mocowanie-z-przyssawka-neewer-ca013-gwint-1-4\/\",\"url\":\"https:\/\/ironsky.pl\/sklep\/produkt\/mocowanie-z-przyssawka-neewer-ca013-gwint-1-4\/\",\"name\":\"Mocowanie z przyssawk\u0105 NEEWER CA013 gwint 1\/4\\\" - IRONSKY.PL Sklep z Dronami\",\"isPartOf\":{\"@id\":\"https:\/\/ironsky.pl\/sklep\/#website\"},\"primaryImageOfPage\":{\"@id\":\"https:\/\/ironsky.pl\/sklep\/produkt\/mocowanie-z-przyssawka-neewer-ca013-gwint-1-4\/#primaryimage\"},\"image\":{\"@id\":\"https:\/\/ironsky.pl\/sklep\/produkt\/mocowanie-z-przyssawka-neewer-ca013-gwint-1-4\/#primaryimage\"},\"thumbnailUrl\":\"https:\/\/ironsky.pl\/sklep\/wp-content\/uploads\/2025\/10\/53575_1.jpg\",\"datePublished\":\"2026-04-15T09:04:17+00:00\",\"dateModified\":\"2026-04-15T09:04:18+00:00\",\"description\":\"Mocowanie z przyssawk\u0105 NEEWER CA013 gwint 1\/4\\\" - \u2705 sklep z dronami i fachowym doradztwem. \u2705 Tutaj kupisz produkty DJI, Yuneec, Parrot, Syma i wiele innych, a tak\u017ce kursy i licencje na operatora drona.\",\"breadcrumb\":{\"@id\":\"https:\/\/ironsky.pl\/sklep\/produkt\/mocowanie-z-przyssawka-neewer-ca013-gwint-1-4\/#breadcrumb\"},\"inLanguage\":\"pl-PL\",\"potentialAction\":[{\"@type\":\"ReadAction\",\"target\":[\"https:\/\/ironsky.pl\/sklep\/produkt\/mocowanie-z-przyssawka-neewer-ca013-gwint-1-4\/\"]}]},{\"@type\":\"ImageObject\",\"inLanguage\":\"pl-PL\",\"@id\":\"https:\/\/ironsky.pl\/sklep\/produkt\/mocowanie-z-przyssawka-neewer-ca013-gwint-1-4\/#primaryimage\",\"url\":\"https:\/\/ironsky.pl\/sklep\/wp-content\/uploads\/2025\/10\/53575_1.jpg\",\"contentUrl\":\"https:\/\/ironsky.pl\/sklep\/wp-content\/uploads\/2025\/10\/53575_1.jpg\",\"width\":800,\"height\":800},{\"@type\":\"BreadcrumbList\",\"@id\":\"https:\/\/ironsky.pl\/sklep\/produkt\/mocowanie-z-przyssawka-neewer-ca013-gwint-1-4\/#breadcrumb\",\"itemListElement\":[{\"@type\":\"ListItem\",\"position\":1,\"name\":\"Strona g\u0142\u00f3wna\",\"item\":\"https:\/\/ironsky.pl\/sklep\/\"},{\"@type\":\"ListItem\",\"position\":2,\"name\":\"Wszystkie produkty\",\"item\":\"https:\/\/ironsky.pl\/sklep\/produkty\/\"},{\"@type\":\"ListItem\",\"position\":3,\"name\":\"Mocowanie z przyssawk\u0105 NEEWER CA013 gwint 1\/4&#8243;\"}]},{\"@type\":\"WebSite\",\"@id\":\"https:\/\/ironsky.pl\/sklep\/#website\",\"url\":\"https:\/\/ironsky.pl\/sklep\/\",\"name\":\"IRONSKY.PL Sklep z Dronami\",\"description\":\"IRONSKY.PL Sklep z Dronami\",\"potentialAction\":[{\"@type\":\"SearchAction\",\"target\":{\"@type\":\"EntryPoint\",\"urlTemplate\":\"https:\/\/ironsky.pl\/sklep\/?s={search_term_string}\"},\"query-input\":{\"@type\":\"PropertyValueSpecification\",\"valueRequired\":true,\"valueName\":\"search_term_string\"}}],\"inLanguage\":\"pl-PL\"}]}<\/script>\n<!-- \/ Yoast SEO plugin. -->","yoast_head_json":{"title":"Mocowanie z przyssawk\u0105 NEEWER CA013 gwint 1\/4\" - IRONSKY.PL Sklep z Dronami","description":"Mocowanie z przyssawk\u0105 NEEWER CA013 gwint 1\/4\" - \u2705 sklep z dronami i fachowym doradztwem. \u2705 Tutaj kupisz produkty DJI, Yuneec, Parrot, Syma i wiele innych, a tak\u017ce kursy i licencje na operatora drona.","robots":{"index":"index","follow":"follow","max-snippet":"max-snippet:-1","max-image-preview":"max-image-preview:large","max-video-preview":"max-video-preview:-1"},"canonical":"https:\/\/ironsky.pl\/sklep\/produkt\/mocowanie-z-przyssawka-neewer-ca013-gwint-1-4\/","og_locale":"pl_PL","og_type":"article","og_title":"Mocowanie z przyssawk\u0105 NEEWER CA013 gwint 1\/4\" - IRONSKY.PL Sklep z Dronami","og_description":"Mocowanie z przyssawk\u0105 NEEWER CA013 gwint 1\/4\" - \u2705 sklep z dronami i fachowym doradztwem. \u2705 Tutaj kupisz produkty DJI, Yuneec, Parrot, Syma i wiele innych, a tak\u017ce kursy i licencje na operatora drona.","og_url":"https:\/\/ironsky.pl\/sklep\/produkt\/mocowanie-z-przyssawka-neewer-ca013-gwint-1-4\/","og_site_name":"IRONSKY.PL Sklep z Dronami","article_modified_time":"2026-04-15T09:04:18+00:00","og_image":[{"width":800,"height":800,"url":"https:\/\/ironsky.pl\/sklep\/wp-content\/uploads\/2025\/10\/53575_1.jpg","type":"image\/jpeg"}],"twitter_card":"summary_large_image","twitter_misc":{"Szacowany czas czytania":"2 minuty"},"schema":{"@context":"https:\/\/schema.org","@graph":[{"@type":"WebPage","@id":"https:\/\/ironsky.pl\/sklep\/produkt\/mocowanie-z-przyssawka-neewer-ca013-gwint-1-4\/","url":"https:\/\/ironsky.pl\/sklep\/produkt\/mocowanie-z-przyssawka-neewer-ca013-gwint-1-4\/","name":"Mocowanie z przyssawk\u0105 NEEWER CA013 gwint 1\/4\" - IRONSKY.PL Sklep z Dronami","isPartOf":{"@id":"https:\/\/ironsky.pl\/sklep\/#website"},"primaryImageOfPage":{"@id":"https:\/\/ironsky.pl\/sklep\/produkt\/mocowanie-z-przyssawka-neewer-ca013-gwint-1-4\/#primaryimage"},"image":{"@id":"https:\/\/ironsky.pl\/sklep\/produkt\/mocowanie-z-przyssawka-neewer-ca013-gwint-1-4\/#primaryimage"},"thumbnailUrl":"https:\/\/ironsky.pl\/sklep\/wp-content\/uploads\/2025\/10\/53575_1.jpg","datePublished":"2026-04-15T09:04:17+00:00","dateModified":"2026-04-15T09:04:18+00:00","description":"Mocowanie z przyssawk\u0105 NEEWER CA013 gwint 1\/4\" - \u2705 sklep z dronami i fachowym doradztwem. \u2705 Tutaj kupisz produkty DJI, Yuneec, Parrot, Syma i wiele innych, a tak\u017ce kursy i licencje na operatora drona.","breadcrumb":{"@id":"https:\/\/ironsky.pl\/sklep\/produkt\/mocowanie-z-przyssawka-neewer-ca013-gwint-1-4\/#breadcrumb"},"inLanguage":"pl-PL","potentialAction":[{"@type":"ReadAction","target":["https:\/\/ironsky.pl\/sklep\/produkt\/mocowanie-z-przyssawka-neewer-ca013-gwint-1-4\/"]}]},{"@type":"ImageObject","inLanguage":"pl-PL","@id":"https:\/\/ironsky.pl\/sklep\/produkt\/mocowanie-z-przyssawka-neewer-ca013-gwint-1-4\/#primaryimage","url":"https:\/\/ironsky.pl\/sklep\/wp-content\/uploads\/2025\/10\/53575_1.jpg","contentUrl":"https:\/\/ironsky.pl\/sklep\/wp-content\/uploads\/2025\/10\/53575_1.jpg","width":800,"height":800},{"@type":"BreadcrumbList","@id":"https:\/\/ironsky.pl\/sklep\/produkt\/mocowanie-z-przyssawka-neewer-ca013-gwint-1-4\/#breadcrumb","itemListElement":[{"@type":"ListItem","position":1,"name":"Strona g\u0142\u00f3wna","item":"https:\/\/ironsky.pl\/sklep\/"},{"@type":"ListItem","position":2,"name":"Wszystkie produkty","item":"https:\/\/ironsky.pl\/sklep\/produkty\/"},{"@type":"ListItem","position":3,"name":"Mocowanie z przyssawk\u0105 NEEWER CA013 gwint 1\/4&#8243;"}]},{"@type":"WebSite","@id":"https:\/\/ironsky.pl\/sklep\/#website","url":"https:\/\/ironsky.pl\/sklep\/","name":"IRONSKY.PL Sklep z Dronami","description":"IRONSKY.PL Sklep z Dronami","potentialAction":[{"@type":"SearchAction","target":{"@type":"EntryPoint","urlTemplate":"https:\/\/ironsky.pl\/sklep\/?s={search_term_string}"},"query-input":{"@type":"PropertyValueSpecification","valueRequired":true,"valueName":"search_term_string"}}],"inLanguage":"pl-PL"}]}},"_links":{"self":[{"href":"https:\/\/ironsky.pl\/sklep\/wp-json\/wp\/v2\/product\/60561","targetHints":{"allow":["GET"]}}],"collection":[{"href":"https:\/\/ironsky.pl\/sklep\/wp-json\/wp\/v2\/product"}],"about":[{"href":"https:\/\/ironsky.pl\/sklep\/wp-json\/wp\/v2\/types\/product"}],"replies":[{"embeddable":true,"href":"https:\/\/ironsky.pl\/sklep\/wp-json\/wp\/v2\/comments?post=60561"}],"wp:featuredmedia":[{"embeddable":true,"href":"https:\/\/ironsky.pl\/sklep\/wp-json\/wp\/v2\/media\/49324"}],"wp:attachment":[{"href":"https:\/\/ironsky.pl\/sklep\/wp-json\/wp\/v2\/media?parent=60561"}],"wp:term":[{"taxonomy":"product_brand","embeddable":true,"href":"https:\/\/ironsky.pl\/sklep\/wp-json\/wp\/v2\/product_brand?post=60561"},{"taxonomy":"product_cat","embeddable":true,"href":"https:\/\/ironsky.pl\/sklep\/wp-json\/wp\/v2\/product_cat?post=60561"},{"taxonomy":"product_tag","embeddable":true,"href":"https:\/\/ironsky.pl\/sklep\/wp-json\/wp\/v2\/product_tag?post=60561"}],"curies":[{"name":"wp","href":"https:\/\/api.w.org\/{rel}","templated":true}]}}