{"id":60538,"date":"2026-04-15T11:03:32","date_gmt":"2026-04-15T09:03:32","guid":{"rendered":"https:\/\/ironsky.pl\/sklep\/produkt\/podstawka-silikonowa-puluz-do-insta360-x5\/"},"modified":"2026-04-15T11:03:50","modified_gmt":"2026-04-15T09:03:50","slug":"podstawka-silikonowa-puluz-do-insta360-x5","status":"publish","type":"product","link":"https:\/\/ironsky.pl\/sklep\/produkt\/podstawka-silikonowa-puluz-do-insta360-x5\/","title":{"rendered":"Podstawka silikonowa PULUZ do Insta360 X5"},"content":{"rendered":"<h3>Silikonowa podstawka PULUZ do kamery Insta360 X5<\/h3>\n<p>Je\u015bli jeste\u015b posiadaczem kamery Insta360 X5 i szukasz maksymalnej ochrony dla swojego urz\u0105dzenia, ta silikonowa podstawka jest w\u0142a\u015bnie dla Ciebie! Akcesorium oferuje bezpieczne i wygodne miejsce do jej przechowywania oraz nagrywania z poziomu biurka. Co wi\u0119cej, podstawka chroni zar\u00f3wno obiektyw, jak i obudow\u0119 urz\u0105dzenia przed zarysowaniami, a jej przemy\u015blana konstrukcja zapobiega przewr\u00f3ceniu si\u0119 kamery. Wykonana z wysokiej jako\u015bci silikonu, jest delikatna w dotyku, przyjazna dla urz\u0105dzenia i \u0142atwa w konserwacji. Dzi\u0119ki zastosowaniu nano-przyssawki mo\u017cna j\u0105 swobodnie przestawia\u0107 bez utraty przyczepno\u015bci nawet po wielokrotnym myciu.<\/p>\n<p>\n<img decoding=\"async\" src=\"https:\/\/assets.innpro.pl\/16216\/20734\/2.jpg\" border=\"0\" alt=\"\" \/>\n<\/p>\n<h3>Dedykowana ochrona dla Insta360 X5<\/h3>\n<p>Podstawka idealnie dopasowuje si\u0119 do kamery Insta360 X5, zabezpieczaj\u0105c j\u0105 przed zarysowaniami na obiektywie i korpusie. Mo\u017cna j\u0105 tak\u017ce wykorzysta\u0107 jako stabilne stanowisko do nagra\u0144 bezpo\u015brednio z biurka, co sprawia, \u017ce jest praktycznym dodatkiem zar\u00f3wno do u\u017cytku domowego, jak i profesjonalnego \u2013 szczeg\u00f3lnie doceni\u0105 to vlogerzy i streamerzy.\u00a0<\/p>\n<p>\n<img decoding=\"async\" src=\"https:\/\/assets.innpro.pl\/16216\/20734\/1.jpg\" border=\"0\" alt=\"\" \/>\n<\/p>\n<h3>Materia\u0142 klasy premium<\/h3>\n<p>Ca\u0142o\u015b\u0107 wykonano z wysokiej jako\u015bci silikonu, kt\u00f3ry jest nie tylko trwa\u0142y, ale te\u017c wyj\u0105tkowo przyjemny w dotyku. Specjalna obr\u00f3bka powierzchni sprawia, \u017ce podstawka wygl\u0105da tak, jakby zosta\u0142a wykonana ze sk\u00f3ry, co podkre\u015bla estetyk\u0119 produktu. Delikatna struktura nie rysuje obudowy kamery, czyni\u0105c podstawk\u0119 bezpiecznym wyborem na co dzie\u0144.<\/p>\n<p>\n<img decoding=\"async\" src=\"https:\/\/assets.innpro.pl\/16216\/20734\/4.jpg\" border=\"0\" alt=\"\" \/>\n<\/p>\n<h3>Stabilno\u015b\u0107, na kt\u00f3rej mo\u017cesz polega\u0107<\/h3>\n<p>Szeroka powierzchnia podstawki sprawia, \u017ce kamera zachowuje stabilno\u015b\u0107 bez wzgl\u0119du na spos\u00f3b jej ustawienia. Nie musisz obawia\u0107 si\u0119 przypadkowego przewr\u00f3cenia urz\u0105dzenia \u2013 silikonowa baza utrzymuje kamer\u0119 na miejscu nawet podczas trudnych i intensywnych warunk\u00f3w nagrywania.<\/p>\n<p>\n<img decoding=\"async\" src=\"https:\/\/assets.innpro.pl\/16216\/20734\/3.jpg\" border=\"0\" alt=\"\" \/>\n<\/p>\n<h3>\u0141atwo\u015b\u0107 czyszczenia i wielokrotny u\u017cytek<\/h3>\n<p>Podstawka PULUZ zosta\u0142a zaprojektowana z my\u015bl\u0105 o wygodzie \u2013 jej powierzchni\u0119 bez problemu utrzymasz w czysto\u015bci, wystarczy przetrze\u0107 j\u0105 \u015bciereczk\u0105 lub umy\u0107 pod bie\u017c\u0105c\u0105 wod\u0105. Dzi\u0119ki zastosowaniu nano-przyssawki na spodzie, podstawka pozostaje przyczepna nawet po wielokrotnym myciu i suszeniu, co pozwala na wielokrotne korzystanie z akcesorium bez utraty jego funkcjonalno\u015bci.<\/p>\n<p>\n<img decoding=\"async\" src=\"https:\/\/assets.innpro.pl\/16216\/20734\/5.jpg\" border=\"0\" alt=\"\" \/>\n<\/p>\n<h3>W zestawie<\/h3>\n<ul class=\"list-disc pl-5\">\n<li>silikonowa podstawka<\/li>\n<li>suche i mokre \u015bciereczki x2<\/li>\n<li>folia ochronna x2<\/li>\n<\/ul>\n<div class=\"table-wrapper\">\n<p>\u00a0<\/p>\n<h3><\/h3>\n<table>\n<tbody>\n<tr>\n<th>Producent<\/th>\n<td>Puluz<\/td>\n<\/tr>\n<tr>\n<th>Model<\/th>\n<td>PU751B<\/td>\n<\/tr>\n<tr>\n<th>Kolor<\/th>\n<td>Czarny<\/td>\n<\/tr>\n<tr>\n<th>Materia\u0142 wykonania<\/th>\n<td>Silikon<\/td>\n<\/tr>\n<tr>\n<th>Kompatybilno\u015b\u0107<\/th>\n<td>Insta360 X5<\/td>\n<\/tr>\n<tr>\n<th>Wymiary<\/th>\n<td>8.1 x 2.5 cm<\/td>\n<\/tr>\n<\/tbody>\n<\/table>\n<\/div>\n","protected":false},"excerpt":{"rendered":"<p>Silikonowa podstawka PULUZ do kamery Insta360 X5 Je\u015bli jeste\u015b posiadaczem kamery Insta360 X5 i szukasz maksymalnej ochrony dla swojego urz\u0105dzenia,<\/p>\n","protected":false},"featured_media":49277,"comment_status":"closed","ping_status":"open","template":"","meta":{"_acf_changed":false},"product_brand":[],"product_cat":[1130,1137,1128],"product_tag":[],"class_list":{"0":"post-60538","1":"product","2":"type-product","3":"status-publish","4":"has-post-thumbnail","6":"product_cat-akcesoria-foto","7":"product_cat-do-kamer-sportowych","8":"product_cat-foto-wideo","9":"pa_okres-gwarancji-5757","10":"pa_producent-puluz","12":"first","13":"outofstock","14":"taxable","15":"shipping-taxable","16":"purchasable","17":"product-type-simple"},"acf":[],"yoast_head":"<!-- This site is optimized with the Yoast SEO plugin v27.2 - https:\/\/yoast.com\/product\/yoast-seo-wordpress\/ -->\n<title>Podstawka silikonowa PULUZ do Insta360 X5 - IRONSKY.PL Sklep z Dronami<\/title>\n<meta name=\"description\" content=\"Podstawka silikonowa PULUZ do Insta360 X5 - \u2705 sklep z dronami i fachowym doradztwem. \u2705 Tutaj kupisz produkty DJI, Yuneec, Parrot, Syma i wiele innych, a tak\u017ce kursy i licencje na operatora drona.\" \/>\n<meta name=\"robots\" content=\"index, follow, max-snippet:-1, max-image-preview:large, max-video-preview:-1\" \/>\n<link rel=\"canonical\" href=\"https:\/\/ironsky.pl\/sklep\/produkt\/podstawka-silikonowa-puluz-do-insta360-x5\/\" \/>\n<meta property=\"og:locale\" content=\"pl_PL\" \/>\n<meta property=\"og:type\" content=\"article\" \/>\n<meta property=\"og:title\" content=\"Podstawka silikonowa PULUZ do Insta360 X5 - IRONSKY.PL Sklep z Dronami\" \/>\n<meta property=\"og:description\" content=\"Podstawka silikonowa PULUZ do Insta360 X5 - \u2705 sklep z dronami i fachowym doradztwem. \u2705 Tutaj kupisz produkty DJI, Yuneec, Parrot, Syma i wiele innych, a tak\u017ce kursy i licencje na operatora drona.\" \/>\n<meta property=\"og:url\" content=\"https:\/\/ironsky.pl\/sklep\/produkt\/podstawka-silikonowa-puluz-do-insta360-x5\/\" \/>\n<meta property=\"og:site_name\" content=\"IRONSKY.PL Sklep z Dronami\" \/>\n<meta property=\"article:modified_time\" content=\"2026-04-15T09:03:50+00:00\" \/>\n<meta property=\"og:image\" content=\"https:\/\/ironsky.pl\/sklep\/wp-content\/uploads\/2025\/10\/53261_1.jpg\" \/>\n\t<meta property=\"og:image:width\" content=\"800\" \/>\n\t<meta property=\"og:image:height\" content=\"800\" \/>\n\t<meta property=\"og:image:type\" content=\"image\/jpeg\" \/>\n<meta name=\"twitter:card\" content=\"summary_large_image\" \/>\n<meta name=\"twitter:label1\" content=\"Szacowany czas czytania\" \/>\n\t<meta name=\"twitter:data1\" content=\"2 minuty\" \/>\n<script type=\"application\/ld+json\" class=\"yoast-schema-graph\">{\"@context\":\"https:\/\/schema.org\",\"@graph\":[{\"@type\":\"WebPage\",\"@id\":\"https:\/\/ironsky.pl\/sklep\/produkt\/podstawka-silikonowa-puluz-do-insta360-x5\/\",\"url\":\"https:\/\/ironsky.pl\/sklep\/produkt\/podstawka-silikonowa-puluz-do-insta360-x5\/\",\"name\":\"Podstawka silikonowa PULUZ do Insta360 X5 - IRONSKY.PL Sklep z Dronami\",\"isPartOf\":{\"@id\":\"https:\/\/ironsky.pl\/sklep\/#website\"},\"primaryImageOfPage\":{\"@id\":\"https:\/\/ironsky.pl\/sklep\/produkt\/podstawka-silikonowa-puluz-do-insta360-x5\/#primaryimage\"},\"image\":{\"@id\":\"https:\/\/ironsky.pl\/sklep\/produkt\/podstawka-silikonowa-puluz-do-insta360-x5\/#primaryimage\"},\"thumbnailUrl\":\"https:\/\/ironsky.pl\/sklep\/wp-content\/uploads\/2025\/10\/53261_1.jpg\",\"datePublished\":\"2026-04-15T09:03:32+00:00\",\"dateModified\":\"2026-04-15T09:03:50+00:00\",\"description\":\"Podstawka silikonowa PULUZ do Insta360 X5 - \u2705 sklep z dronami i fachowym doradztwem. \u2705 Tutaj kupisz produkty DJI, Yuneec, Parrot, Syma i wiele innych, a tak\u017ce kursy i licencje na operatora drona.\",\"breadcrumb\":{\"@id\":\"https:\/\/ironsky.pl\/sklep\/produkt\/podstawka-silikonowa-puluz-do-insta360-x5\/#breadcrumb\"},\"inLanguage\":\"pl-PL\",\"potentialAction\":[{\"@type\":\"ReadAction\",\"target\":[\"https:\/\/ironsky.pl\/sklep\/produkt\/podstawka-silikonowa-puluz-do-insta360-x5\/\"]}]},{\"@type\":\"ImageObject\",\"inLanguage\":\"pl-PL\",\"@id\":\"https:\/\/ironsky.pl\/sklep\/produkt\/podstawka-silikonowa-puluz-do-insta360-x5\/#primaryimage\",\"url\":\"https:\/\/ironsky.pl\/sklep\/wp-content\/uploads\/2025\/10\/53261_1.jpg\",\"contentUrl\":\"https:\/\/ironsky.pl\/sklep\/wp-content\/uploads\/2025\/10\/53261_1.jpg\",\"width\":800,\"height\":800},{\"@type\":\"BreadcrumbList\",\"@id\":\"https:\/\/ironsky.pl\/sklep\/produkt\/podstawka-silikonowa-puluz-do-insta360-x5\/#breadcrumb\",\"itemListElement\":[{\"@type\":\"ListItem\",\"position\":1,\"name\":\"Strona g\u0142\u00f3wna\",\"item\":\"https:\/\/ironsky.pl\/sklep\/\"},{\"@type\":\"ListItem\",\"position\":2,\"name\":\"Wszystkie produkty\",\"item\":\"https:\/\/ironsky.pl\/sklep\/produkty\/\"},{\"@type\":\"ListItem\",\"position\":3,\"name\":\"Podstawka silikonowa PULUZ do Insta360 X5\"}]},{\"@type\":\"WebSite\",\"@id\":\"https:\/\/ironsky.pl\/sklep\/#website\",\"url\":\"https:\/\/ironsky.pl\/sklep\/\",\"name\":\"IRONSKY.PL Sklep z Dronami\",\"description\":\"IRONSKY.PL Sklep z Dronami\",\"potentialAction\":[{\"@type\":\"SearchAction\",\"target\":{\"@type\":\"EntryPoint\",\"urlTemplate\":\"https:\/\/ironsky.pl\/sklep\/?s={search_term_string}\"},\"query-input\":{\"@type\":\"PropertyValueSpecification\",\"valueRequired\":true,\"valueName\":\"search_term_string\"}}],\"inLanguage\":\"pl-PL\"}]}<\/script>\n<!-- \/ Yoast SEO plugin. -->","yoast_head_json":{"title":"Podstawka silikonowa PULUZ do Insta360 X5 - IRONSKY.PL Sklep z Dronami","description":"Podstawka silikonowa PULUZ do Insta360 X5 - \u2705 sklep z dronami i fachowym doradztwem. \u2705 Tutaj kupisz produkty DJI, Yuneec, Parrot, Syma i wiele innych, a tak\u017ce kursy i licencje na operatora drona.","robots":{"index":"index","follow":"follow","max-snippet":"max-snippet:-1","max-image-preview":"max-image-preview:large","max-video-preview":"max-video-preview:-1"},"canonical":"https:\/\/ironsky.pl\/sklep\/produkt\/podstawka-silikonowa-puluz-do-insta360-x5\/","og_locale":"pl_PL","og_type":"article","og_title":"Podstawka silikonowa PULUZ do Insta360 X5 - IRONSKY.PL Sklep z Dronami","og_description":"Podstawka silikonowa PULUZ do Insta360 X5 - \u2705 sklep z dronami i fachowym doradztwem. \u2705 Tutaj kupisz produkty DJI, Yuneec, Parrot, Syma i wiele innych, a tak\u017ce kursy i licencje na operatora drona.","og_url":"https:\/\/ironsky.pl\/sklep\/produkt\/podstawka-silikonowa-puluz-do-insta360-x5\/","og_site_name":"IRONSKY.PL Sklep z Dronami","article_modified_time":"2026-04-15T09:03:50+00:00","og_image":[{"width":800,"height":800,"url":"https:\/\/ironsky.pl\/sklep\/wp-content\/uploads\/2025\/10\/53261_1.jpg","type":"image\/jpeg"}],"twitter_card":"summary_large_image","twitter_misc":{"Szacowany czas czytania":"2 minuty"},"schema":{"@context":"https:\/\/schema.org","@graph":[{"@type":"WebPage","@id":"https:\/\/ironsky.pl\/sklep\/produkt\/podstawka-silikonowa-puluz-do-insta360-x5\/","url":"https:\/\/ironsky.pl\/sklep\/produkt\/podstawka-silikonowa-puluz-do-insta360-x5\/","name":"Podstawka silikonowa PULUZ do Insta360 X5 - IRONSKY.PL Sklep z Dronami","isPartOf":{"@id":"https:\/\/ironsky.pl\/sklep\/#website"},"primaryImageOfPage":{"@id":"https:\/\/ironsky.pl\/sklep\/produkt\/podstawka-silikonowa-puluz-do-insta360-x5\/#primaryimage"},"image":{"@id":"https:\/\/ironsky.pl\/sklep\/produkt\/podstawka-silikonowa-puluz-do-insta360-x5\/#primaryimage"},"thumbnailUrl":"https:\/\/ironsky.pl\/sklep\/wp-content\/uploads\/2025\/10\/53261_1.jpg","datePublished":"2026-04-15T09:03:32+00:00","dateModified":"2026-04-15T09:03:50+00:00","description":"Podstawka silikonowa PULUZ do Insta360 X5 - \u2705 sklep z dronami i fachowym doradztwem. \u2705 Tutaj kupisz produkty DJI, Yuneec, Parrot, Syma i wiele innych, a tak\u017ce kursy i licencje na operatora drona.","breadcrumb":{"@id":"https:\/\/ironsky.pl\/sklep\/produkt\/podstawka-silikonowa-puluz-do-insta360-x5\/#breadcrumb"},"inLanguage":"pl-PL","potentialAction":[{"@type":"ReadAction","target":["https:\/\/ironsky.pl\/sklep\/produkt\/podstawka-silikonowa-puluz-do-insta360-x5\/"]}]},{"@type":"ImageObject","inLanguage":"pl-PL","@id":"https:\/\/ironsky.pl\/sklep\/produkt\/podstawka-silikonowa-puluz-do-insta360-x5\/#primaryimage","url":"https:\/\/ironsky.pl\/sklep\/wp-content\/uploads\/2025\/10\/53261_1.jpg","contentUrl":"https:\/\/ironsky.pl\/sklep\/wp-content\/uploads\/2025\/10\/53261_1.jpg","width":800,"height":800},{"@type":"BreadcrumbList","@id":"https:\/\/ironsky.pl\/sklep\/produkt\/podstawka-silikonowa-puluz-do-insta360-x5\/#breadcrumb","itemListElement":[{"@type":"ListItem","position":1,"name":"Strona g\u0142\u00f3wna","item":"https:\/\/ironsky.pl\/sklep\/"},{"@type":"ListItem","position":2,"name":"Wszystkie produkty","item":"https:\/\/ironsky.pl\/sklep\/produkty\/"},{"@type":"ListItem","position":3,"name":"Podstawka silikonowa PULUZ do Insta360 X5"}]},{"@type":"WebSite","@id":"https:\/\/ironsky.pl\/sklep\/#website","url":"https:\/\/ironsky.pl\/sklep\/","name":"IRONSKY.PL Sklep z Dronami","description":"IRONSKY.PL Sklep z Dronami","potentialAction":[{"@type":"SearchAction","target":{"@type":"EntryPoint","urlTemplate":"https:\/\/ironsky.pl\/sklep\/?s={search_term_string}"},"query-input":{"@type":"PropertyValueSpecification","valueRequired":true,"valueName":"search_term_string"}}],"inLanguage":"pl-PL"}]}},"_links":{"self":[{"href":"https:\/\/ironsky.pl\/sklep\/wp-json\/wp\/v2\/product\/60538","targetHints":{"allow":["GET"]}}],"collection":[{"href":"https:\/\/ironsky.pl\/sklep\/wp-json\/wp\/v2\/product"}],"about":[{"href":"https:\/\/ironsky.pl\/sklep\/wp-json\/wp\/v2\/types\/product"}],"replies":[{"embeddable":true,"href":"https:\/\/ironsky.pl\/sklep\/wp-json\/wp\/v2\/comments?post=60538"}],"wp:featuredmedia":[{"embeddable":true,"href":"https:\/\/ironsky.pl\/sklep\/wp-json\/wp\/v2\/media\/49277"}],"wp:attachment":[{"href":"https:\/\/ironsky.pl\/sklep\/wp-json\/wp\/v2\/media?parent=60538"}],"wp:term":[{"taxonomy":"product_brand","embeddable":true,"href":"https:\/\/ironsky.pl\/sklep\/wp-json\/wp\/v2\/product_brand?post=60538"},{"taxonomy":"product_cat","embeddable":true,"href":"https:\/\/ironsky.pl\/sklep\/wp-json\/wp\/v2\/product_cat?post=60538"},{"taxonomy":"product_tag","embeddable":true,"href":"https:\/\/ironsky.pl\/sklep\/wp-json\/wp\/v2\/product_tag?post=60538"}],"curies":[{"name":"wp","href":"https:\/\/api.w.org\/{rel}","templated":true}]}}