{"id":60537,"date":"2026-04-15T11:03:32","date_gmt":"2026-04-15T09:03:32","guid":{"rendered":"https:\/\/ironsky.pl\/sklep\/produkt\/oslona-obiektywu-puluz-insta360-x5\/"},"modified":"2026-04-15T11:03:49","modified_gmt":"2026-04-15T09:03:49","slug":"oslona-obiektywu-puluz-insta360-x5","status":"publish","type":"product","link":"https:\/\/ironsky.pl\/sklep\/produkt\/oslona-obiektywu-puluz-insta360-x5\/","title":{"rendered":"Os\u0142ona obiektywu PULUZ Insta360 X5"},"content":{"rendered":"<h3>Os\u0142ony obiektywu Puluz do kamery Insta360 X5<\/h3>\n<p>Zadbaj o jako\u015b\u0107 swoich uj\u0119\u0107 i bezpiecze\u0144stwo obiektyw\u00f3w kamery Insta360 X5 dzi\u0119ki profesjonalnym os\u0142onom Puluz. Wykonane z wysokiej jako\u015bci hartowanego szk\u0142a optycznego, oferuj\u0105 imponuj\u0105c\u0105 twardo\u015b\u0107 na poziomie 9H, skutecznie chroni\u0105c przed zarysowaniami. Dzi\u0119ki zaawansowanym pow\u0142okom (antyrefleksyjnej AR, hydrofobowej i przeciwmgielnej) zapewniaj\u0105 wyra\u017any, niezak\u0142\u00f3cony obraz nawet w trudnych warunkach. S\u0105 odporne na wysokie temperatury, a ich monta\u017c przebiega szybko i bez u\u017cycia narz\u0119dzi. Lekka waga i kompaktowe wymiary sprawiaj\u0105, \u017ce idealnie sprawdz\u0105 si\u0119 w podr\u00f3\u017cy.<\/p>\n<p>\n<img decoding=\"async\" src=\"https:\/\/assets.innpro.pl\/16215\/20733\/4.jpg\" border=\"0\" alt=\"\" \/>\n<\/p>\n<h3>Wytrzyma\u0142o\u015b\u0107 i przejrzysto\u015b\u0107<\/h3>\n<p>Os\u0142ony Puluz zosta\u0142y wykonane z wysokiej klasy szk\u0142a hartowanego, kt\u00f3re poddano dodatkowemu utwardzaniu, co oznacza, \u017ce osi\u0105gaj\u0105 twardo\u015b\u0107 9H \u2013 to oko\u0142o dziesi\u0119ciokrotnie wi\u0119cej ni\u017c oferuj\u0105 standardowe plastikowe os\u0142ony. Gwarantuje to nie tylko odporno\u015b\u0107 na zarysowania, ale i d\u0142ugotrwa\u0142\u0105 ochron\u0119 obiektyw\u00f3w. Dzi\u0119ki naturalnej przepuszczalno\u015bci \u015bwiat\u0142a na poziomie 95% (po zastosowaniu pow\u0142oki AR nawet powy\u017cej 98%) zachowasz pe\u0142n\u0105 ostro\u015b\u0107 i wierno\u015b\u0107 kolor\u00f3w w ka\u017cdym uj\u0119ciu.<\/p>\n<p>\n<img decoding=\"async\" src=\"https:\/\/assets.innpro.pl\/16215\/20733\/3.jpg\" border=\"0\" alt=\"\" \/>\n<\/p>\n<h3>Zawsze czysty obraz<\/h3>\n<p>Specjalna pow\u0142oka hydrofobowa osi\u0105ga k\u0105t kontaktu z wod\u0105 wynosz\u0105cy a\u017c 115\u00b0, co skutecznie zapobiega osadzaniu si\u0119 kropli na powierzchni szk\u0142a. W po\u0142\u0105czeniu z warstw\u0105 przeciwmgieln\u0105 zapewnia to klarowno\u015b\u0107 obrazu zar\u00f3wno podczas nagrywania w ch\u0142odnych miejscach, jak i w wilgotnych pomieszczeniach.<\/p>\n<p>\n<img decoding=\"async\" src=\"https:\/\/assets.innpro.pl\/16215\/20733\/2.jpg\" border=\"0\" alt=\"\" \/>\n<\/p>\n<h3>Odporno\u015b\u0107 na odkszta\u0142cenia i temperatur\u0119<\/h3>\n<p>Os\u0142ony Puluz zachowuj\u0105 stabiln\u0105 form\u0119 nawet przy wysokich temperaturach, nie odkszta\u0142caj\u0105 si\u0119 i nie trac\u0105 swoich w\u0142a\u015bciwo\u015bci. To niezawodne rozwi\u0105zanie do filmowania w ka\u017cdych warunkach atmosferycznych \u2013 od letnich upa\u0142\u00f3w po zimowe wyprawy.<\/p>\n<p>\n<img decoding=\"async\" src=\"https:\/\/assets.innpro.pl\/16215\/20733\/6.jpg\" border=\"0\" alt=\"\" \/>\n<\/p>\n<h3>Przemy\u015blany design<\/h3>\n<p>Zastosowany mechanizm typu twist-lock umo\u017cliwia ekspresowe zak\u0142adanie i zdejmowanie os\u0142on bez konieczno\u015bci u\u017cycia narz\u0119dzi. Dzi\u0119ki temu zaoszcz\u0119dzisz cenny czas i skoncentrujesz si\u0119 na tym, co najwa\u017cniejsze \u2013 tworzeniu wyj\u0105tkowych uj\u0119\u0107. Przy wadze wynosz\u0105cej zaledwie 8,3 g, os\u0142ony Puluz s\u0105 niezwykle por\u0119czne i wygodne w transporcie. Bez problemu zmieszcz\u0105 si\u0119 w kieszeni lub w torbie z akcesoriami, zapewniaj\u0105c niezawodn\u0105 ochron\u0119 wsz\u0119dzie tam, gdzie zabierzesz swoj\u0105 kamer\u0119 Insta360 X5.<\/p>\n<p>\n<img decoding=\"async\" src=\"https:\/\/assets.innpro.pl\/16215\/20733\/5.jpg\" border=\"0\" alt=\"\" \/>\n<\/p>\n<h3>W zestawie<\/h3>\n<ul class=\"list-disc pl-5\">\n<li>os\u0142ony obiektywu x2<\/li>\n<li>\u015bciereczki do wycierania x2<\/li>\n<li>instrukcja obs\u0142ugi<\/li>\n<\/ul>\n<div class=\"table-wrapper\">\n<p>\u00a0<\/p>\n<h3><\/h3>\n<table>\n<tbody>\n<tr>\n<th>Producent<\/th>\n<td>Puluz<\/td>\n<\/tr>\n<tr>\n<th>Model<\/th>\n<td>PU749T<\/td>\n<\/tr>\n<tr>\n<th>Kolor<\/th>\n<td>Przezroczysty<\/td>\n<\/tr>\n<tr>\n<th>Kompatybilno\u015b\u0107<\/th>\n<td>Insta360 X5<\/td>\n<\/tr>\n<tr>\n<th>Twardo\u015b\u0107 szk\u0142a <\/th>\n<td>9H<\/td>\n<\/tr>\n<tr>\n<th>Waga<\/th>\n<td>8,3 g<\/td>\n<\/tr>\n<\/tbody>\n<\/table>\n<\/div>\n","protected":false},"excerpt":{"rendered":"<p>Os\u0142ony obiektywu Puluz do kamery Insta360 X5 Zadbaj o jako\u015b\u0107 swoich uj\u0119\u0107 i bezpiecze\u0144stwo obiektyw\u00f3w kamery Insta360 X5 dzi\u0119ki profesjonalnym<\/p>\n","protected":false},"featured_media":49274,"comment_status":"closed","ping_status":"open","template":"","meta":{"_acf_changed":false},"product_brand":[],"product_cat":[1130,1137,1128],"product_tag":[],"class_list":{"0":"post-60537","1":"product","2":"type-product","3":"status-publish","4":"has-post-thumbnail","6":"product_cat-akcesoria-foto","7":"product_cat-do-kamer-sportowych","8":"product_cat-foto-wideo","9":"pa_okres-gwarancji-5757","10":"pa_producent-puluz","12":"first","13":"outofstock","14":"taxable","15":"shipping-taxable","16":"purchasable","17":"product-type-simple"},"acf":[],"yoast_head":"<!-- This site is optimized with the Yoast SEO plugin v27.2 - https:\/\/yoast.com\/product\/yoast-seo-wordpress\/ -->\n<title>Os\u0142ona obiektywu PULUZ Insta360 X5 - IRONSKY.PL Sklep z Dronami<\/title>\n<meta name=\"description\" content=\"Os\u0142ona obiektywu PULUZ Insta360 X5 - \u2705 sklep z dronami i fachowym doradztwem. \u2705 Tutaj kupisz produkty DJI, Yuneec, Parrot, Syma i wiele innych, a tak\u017ce kursy i licencje na operatora drona.\" \/>\n<meta name=\"robots\" content=\"index, follow, max-snippet:-1, max-image-preview:large, max-video-preview:-1\" \/>\n<link rel=\"canonical\" href=\"https:\/\/ironsky.pl\/sklep\/produkt\/oslona-obiektywu-puluz-insta360-x5\/\" \/>\n<meta property=\"og:locale\" content=\"pl_PL\" \/>\n<meta property=\"og:type\" content=\"article\" \/>\n<meta property=\"og:title\" content=\"Os\u0142ona obiektywu PULUZ Insta360 X5 - IRONSKY.PL Sklep z Dronami\" \/>\n<meta property=\"og:description\" content=\"Os\u0142ona obiektywu PULUZ Insta360 X5 - \u2705 sklep z dronami i fachowym doradztwem. \u2705 Tutaj kupisz produkty DJI, Yuneec, Parrot, Syma i wiele innych, a tak\u017ce kursy i licencje na operatora drona.\" \/>\n<meta property=\"og:url\" content=\"https:\/\/ironsky.pl\/sklep\/produkt\/oslona-obiektywu-puluz-insta360-x5\/\" \/>\n<meta property=\"og:site_name\" content=\"IRONSKY.PL Sklep z Dronami\" \/>\n<meta property=\"article:modified_time\" content=\"2026-04-15T09:03:49+00:00\" \/>\n<meta property=\"og:image\" content=\"https:\/\/ironsky.pl\/sklep\/wp-content\/uploads\/2025\/10\/53259_1.jpg\" \/>\n\t<meta property=\"og:image:width\" content=\"800\" \/>\n\t<meta property=\"og:image:height\" content=\"800\" \/>\n\t<meta property=\"og:image:type\" content=\"image\/jpeg\" \/>\n<meta name=\"twitter:card\" content=\"summary_large_image\" \/>\n<meta name=\"twitter:label1\" content=\"Szacowany czas czytania\" \/>\n\t<meta name=\"twitter:data1\" content=\"2 minuty\" \/>\n<script type=\"application\/ld+json\" class=\"yoast-schema-graph\">{\"@context\":\"https:\/\/schema.org\",\"@graph\":[{\"@type\":\"WebPage\",\"@id\":\"https:\/\/ironsky.pl\/sklep\/produkt\/oslona-obiektywu-puluz-insta360-x5\/\",\"url\":\"https:\/\/ironsky.pl\/sklep\/produkt\/oslona-obiektywu-puluz-insta360-x5\/\",\"name\":\"Os\u0142ona obiektywu PULUZ Insta360 X5 - IRONSKY.PL Sklep z Dronami\",\"isPartOf\":{\"@id\":\"https:\/\/ironsky.pl\/sklep\/#website\"},\"primaryImageOfPage\":{\"@id\":\"https:\/\/ironsky.pl\/sklep\/produkt\/oslona-obiektywu-puluz-insta360-x5\/#primaryimage\"},\"image\":{\"@id\":\"https:\/\/ironsky.pl\/sklep\/produkt\/oslona-obiektywu-puluz-insta360-x5\/#primaryimage\"},\"thumbnailUrl\":\"https:\/\/ironsky.pl\/sklep\/wp-content\/uploads\/2025\/10\/53259_1.jpg\",\"datePublished\":\"2026-04-15T09:03:32+00:00\",\"dateModified\":\"2026-04-15T09:03:49+00:00\",\"description\":\"Os\u0142ona obiektywu PULUZ Insta360 X5 - \u2705 sklep z dronami i fachowym doradztwem. \u2705 Tutaj kupisz produkty DJI, Yuneec, Parrot, Syma i wiele innych, a tak\u017ce kursy i licencje na operatora drona.\",\"breadcrumb\":{\"@id\":\"https:\/\/ironsky.pl\/sklep\/produkt\/oslona-obiektywu-puluz-insta360-x5\/#breadcrumb\"},\"inLanguage\":\"pl-PL\",\"potentialAction\":[{\"@type\":\"ReadAction\",\"target\":[\"https:\/\/ironsky.pl\/sklep\/produkt\/oslona-obiektywu-puluz-insta360-x5\/\"]}]},{\"@type\":\"ImageObject\",\"inLanguage\":\"pl-PL\",\"@id\":\"https:\/\/ironsky.pl\/sklep\/produkt\/oslona-obiektywu-puluz-insta360-x5\/#primaryimage\",\"url\":\"https:\/\/ironsky.pl\/sklep\/wp-content\/uploads\/2025\/10\/53259_1.jpg\",\"contentUrl\":\"https:\/\/ironsky.pl\/sklep\/wp-content\/uploads\/2025\/10\/53259_1.jpg\",\"width\":800,\"height\":800},{\"@type\":\"BreadcrumbList\",\"@id\":\"https:\/\/ironsky.pl\/sklep\/produkt\/oslona-obiektywu-puluz-insta360-x5\/#breadcrumb\",\"itemListElement\":[{\"@type\":\"ListItem\",\"position\":1,\"name\":\"Strona g\u0142\u00f3wna\",\"item\":\"https:\/\/ironsky.pl\/sklep\/\"},{\"@type\":\"ListItem\",\"position\":2,\"name\":\"Wszystkie produkty\",\"item\":\"https:\/\/ironsky.pl\/sklep\/produkty\/\"},{\"@type\":\"ListItem\",\"position\":3,\"name\":\"Os\u0142ona obiektywu PULUZ Insta360 X5\"}]},{\"@type\":\"WebSite\",\"@id\":\"https:\/\/ironsky.pl\/sklep\/#website\",\"url\":\"https:\/\/ironsky.pl\/sklep\/\",\"name\":\"IRONSKY.PL Sklep z Dronami\",\"description\":\"IRONSKY.PL Sklep z Dronami\",\"potentialAction\":[{\"@type\":\"SearchAction\",\"target\":{\"@type\":\"EntryPoint\",\"urlTemplate\":\"https:\/\/ironsky.pl\/sklep\/?s={search_term_string}\"},\"query-input\":{\"@type\":\"PropertyValueSpecification\",\"valueRequired\":true,\"valueName\":\"search_term_string\"}}],\"inLanguage\":\"pl-PL\"}]}<\/script>\n<!-- \/ Yoast SEO plugin. -->","yoast_head_json":{"title":"Os\u0142ona obiektywu PULUZ Insta360 X5 - IRONSKY.PL Sklep z Dronami","description":"Os\u0142ona obiektywu PULUZ Insta360 X5 - \u2705 sklep z dronami i fachowym doradztwem. \u2705 Tutaj kupisz produkty DJI, Yuneec, Parrot, Syma i wiele innych, a tak\u017ce kursy i licencje na operatora drona.","robots":{"index":"index","follow":"follow","max-snippet":"max-snippet:-1","max-image-preview":"max-image-preview:large","max-video-preview":"max-video-preview:-1"},"canonical":"https:\/\/ironsky.pl\/sklep\/produkt\/oslona-obiektywu-puluz-insta360-x5\/","og_locale":"pl_PL","og_type":"article","og_title":"Os\u0142ona obiektywu PULUZ Insta360 X5 - IRONSKY.PL Sklep z Dronami","og_description":"Os\u0142ona obiektywu PULUZ Insta360 X5 - \u2705 sklep z dronami i fachowym doradztwem. \u2705 Tutaj kupisz produkty DJI, Yuneec, Parrot, Syma i wiele innych, a tak\u017ce kursy i licencje na operatora drona.","og_url":"https:\/\/ironsky.pl\/sklep\/produkt\/oslona-obiektywu-puluz-insta360-x5\/","og_site_name":"IRONSKY.PL Sklep z Dronami","article_modified_time":"2026-04-15T09:03:49+00:00","og_image":[{"width":800,"height":800,"url":"https:\/\/ironsky.pl\/sklep\/wp-content\/uploads\/2025\/10\/53259_1.jpg","type":"image\/jpeg"}],"twitter_card":"summary_large_image","twitter_misc":{"Szacowany czas czytania":"2 minuty"},"schema":{"@context":"https:\/\/schema.org","@graph":[{"@type":"WebPage","@id":"https:\/\/ironsky.pl\/sklep\/produkt\/oslona-obiektywu-puluz-insta360-x5\/","url":"https:\/\/ironsky.pl\/sklep\/produkt\/oslona-obiektywu-puluz-insta360-x5\/","name":"Os\u0142ona obiektywu PULUZ Insta360 X5 - IRONSKY.PL Sklep z Dronami","isPartOf":{"@id":"https:\/\/ironsky.pl\/sklep\/#website"},"primaryImageOfPage":{"@id":"https:\/\/ironsky.pl\/sklep\/produkt\/oslona-obiektywu-puluz-insta360-x5\/#primaryimage"},"image":{"@id":"https:\/\/ironsky.pl\/sklep\/produkt\/oslona-obiektywu-puluz-insta360-x5\/#primaryimage"},"thumbnailUrl":"https:\/\/ironsky.pl\/sklep\/wp-content\/uploads\/2025\/10\/53259_1.jpg","datePublished":"2026-04-15T09:03:32+00:00","dateModified":"2026-04-15T09:03:49+00:00","description":"Os\u0142ona obiektywu PULUZ Insta360 X5 - \u2705 sklep z dronami i fachowym doradztwem. \u2705 Tutaj kupisz produkty DJI, Yuneec, Parrot, Syma i wiele innych, a tak\u017ce kursy i licencje na operatora drona.","breadcrumb":{"@id":"https:\/\/ironsky.pl\/sklep\/produkt\/oslona-obiektywu-puluz-insta360-x5\/#breadcrumb"},"inLanguage":"pl-PL","potentialAction":[{"@type":"ReadAction","target":["https:\/\/ironsky.pl\/sklep\/produkt\/oslona-obiektywu-puluz-insta360-x5\/"]}]},{"@type":"ImageObject","inLanguage":"pl-PL","@id":"https:\/\/ironsky.pl\/sklep\/produkt\/oslona-obiektywu-puluz-insta360-x5\/#primaryimage","url":"https:\/\/ironsky.pl\/sklep\/wp-content\/uploads\/2025\/10\/53259_1.jpg","contentUrl":"https:\/\/ironsky.pl\/sklep\/wp-content\/uploads\/2025\/10\/53259_1.jpg","width":800,"height":800},{"@type":"BreadcrumbList","@id":"https:\/\/ironsky.pl\/sklep\/produkt\/oslona-obiektywu-puluz-insta360-x5\/#breadcrumb","itemListElement":[{"@type":"ListItem","position":1,"name":"Strona g\u0142\u00f3wna","item":"https:\/\/ironsky.pl\/sklep\/"},{"@type":"ListItem","position":2,"name":"Wszystkie produkty","item":"https:\/\/ironsky.pl\/sklep\/produkty\/"},{"@type":"ListItem","position":3,"name":"Os\u0142ona obiektywu PULUZ Insta360 X5"}]},{"@type":"WebSite","@id":"https:\/\/ironsky.pl\/sklep\/#website","url":"https:\/\/ironsky.pl\/sklep\/","name":"IRONSKY.PL Sklep z Dronami","description":"IRONSKY.PL Sklep z Dronami","potentialAction":[{"@type":"SearchAction","target":{"@type":"EntryPoint","urlTemplate":"https:\/\/ironsky.pl\/sklep\/?s={search_term_string}"},"query-input":{"@type":"PropertyValueSpecification","valueRequired":true,"valueName":"search_term_string"}}],"inLanguage":"pl-PL"}]}},"_links":{"self":[{"href":"https:\/\/ironsky.pl\/sklep\/wp-json\/wp\/v2\/product\/60537","targetHints":{"allow":["GET"]}}],"collection":[{"href":"https:\/\/ironsky.pl\/sklep\/wp-json\/wp\/v2\/product"}],"about":[{"href":"https:\/\/ironsky.pl\/sklep\/wp-json\/wp\/v2\/types\/product"}],"replies":[{"embeddable":true,"href":"https:\/\/ironsky.pl\/sklep\/wp-json\/wp\/v2\/comments?post=60537"}],"wp:featuredmedia":[{"embeddable":true,"href":"https:\/\/ironsky.pl\/sklep\/wp-json\/wp\/v2\/media\/49274"}],"wp:attachment":[{"href":"https:\/\/ironsky.pl\/sklep\/wp-json\/wp\/v2\/media?parent=60537"}],"wp:term":[{"taxonomy":"product_brand","embeddable":true,"href":"https:\/\/ironsky.pl\/sklep\/wp-json\/wp\/v2\/product_brand?post=60537"},{"taxonomy":"product_cat","embeddable":true,"href":"https:\/\/ironsky.pl\/sklep\/wp-json\/wp\/v2\/product_cat?post=60537"},{"taxonomy":"product_tag","embeddable":true,"href":"https:\/\/ironsky.pl\/sklep\/wp-json\/wp\/v2\/product_tag?post=60537"}],"curies":[{"name":"wp","href":"https:\/\/api.w.org\/{rel}","templated":true}]}}