{"id":60534,"date":"2026-04-15T11:03:32","date_gmt":"2026-04-15T09:03:32","guid":{"rendered":"https:\/\/ironsky.pl\/sklep\/produkt\/obudowa-wodoszczelna-puluz-insta360-x5\/"},"modified":"2026-04-15T11:03:46","modified_gmt":"2026-04-15T09:03:46","slug":"obudowa-wodoszczelna-puluz-insta360-x5","status":"publish","type":"product","link":"https:\/\/ironsky.pl\/sklep\/produkt\/obudowa-wodoszczelna-puluz-insta360-x5\/","title":{"rendered":"Obudowa wodoszczelna PULUZ Insta360 X5"},"content":{"rendered":"<h3>Obudowa wodoszczelna Puluz do kamery Insta360 X5<\/h3>\n<p>Obudowa wodoszczelna Puluz zosta\u0142a zaprojektowana z my\u015bl\u0105 o pe\u0142nej kompatybilno\u015bci z kamer\u0105 Insta360 X5, zapewniaj\u0105c jej bezpiecze\u0144stwo nawet w ekstremalnych warunkach. Wyr\u00f3\u017cnia si\u0119 wyj\u0105tkowo wysok\u0105 transmisj\u0105 \u015bwiat\u0142a, odporn\u0105 na zarysowania soczewk\u0105 PMMA z pow\u0142ok\u0105 antyrefleksyjn\u0105, solidn\u0105 obudow\u0105 z utwardzanego tworzywa PC oraz wodoodporno\u015bci\u0105 a\u017c do 60 metr\u00f3w g\u0142\u0119boko\u015bci. Dzi\u0119ki konstrukcji eliminuj\u0105cej martwe strefy i wykorzystaniu wysokiej jako\u015bci materia\u0142\u00f3w, akcesorium to idealnie sprawdzi si\u0119 podczas nurkowania, p\u0142ywania i innych sport\u00f3w wodnych, gwarantuj\u0105c pe\u0142n\u0105 funkcjonalno\u015b\u0107 kamery oraz wyrazisto\u015b\u0107 nagra\u0144.<\/p>\n<p>\n<img decoding=\"async\" src=\"https:\/\/assets.innpro.pl\/16212\/20729\/4.jpg\" border=\"0\" alt=\"\" \/>\n<\/p>\n<h3>Idealne dopasowanie \u2013 druga sk\u00f3ra dla Insta360 X5<\/h3>\n<p>Obudowa zosta\u0142a stworzona na bazie rzeczywistego modelu kamery Insta360 X5, dzi\u0119ki czemu precyzyjnie przylega do Insta360 X5 i nie ogranicza jej mo\u017cliwo\u015bci. Wszystkie przyciski oraz elementy konstrukcyjne zachowuj\u0105 pe\u0142n\u0105 funkcjonalno\u015b\u0107, co umo\u017cliwia komfortow\u0105 obs\u0142ug\u0119 nawet pod wod\u0105. Dzi\u0119ki temu mo\u017cesz liczy\u0107 na bezb\u0142\u0119dn\u0105 prac\u0119 kamery w ka\u017cdych warunkach.<\/p>\n<p>\n<img decoding=\"async\" src=\"https:\/\/assets.innpro.pl\/16212\/20729\/6.jpg\" border=\"0\" alt=\"\" \/>\n<\/p>\n<h3>Soczewka, kt\u00f3ra nie zawodzi<\/h3>\n<p>Wykonana z przezroczystego materia\u0142u PMMA, soczewka oferuje a\u017c 95% przepuszczalno\u015bci \u015bwiat\u0142a, natomiast po na\u0142o\u017ceniu pow\u0142oki AR nawet 98%. Dodatkowe pow\u0142oki przeciwodblaskowe, przeciwmgielne i przeciwdzia\u0142aj\u0105ce osadzaniu si\u0119 kropli wody zapewniaj\u0105 maksymaln\u0105 jako\u015b\u0107 obrazu podczas ka\u017cdego uj\u0119cia. Pow\u0142oka AS zabezpiecza przed odciskami palc\u00f3w i zarysowaniami, a wszystko to dzi\u0119ki twardo\u015bci na poziomie 5H, por\u00f3wnywalnej do szk\u0142a.<\/p>\n<p>\n<img decoding=\"async\" src=\"https:\/\/assets.innpro.pl\/16212\/20729\/3.jpg\" border=\"0\" alt=\"\" \/>\n<\/p>\n<h3>Trwa\u0142o\u015b\u0107 i styl w jednym<\/h3>\n<p>Obudowa wykonana zosta\u0142a z utwardzanego poliw\u0119glanu (PC), kt\u00f3ry od wewn\u0105trz i z zewn\u0105trz pokryty jest drobnymi liniami. Linie te nie tylko nadaj\u0105 produktowi eleganck\u0105 faktur\u0119, ale tak\u017ce zwi\u0119kszaj\u0105 odporno\u015b\u0107 na uszkodzenia mechaniczne. Obudowa wygl\u0105da profesjonalnie, a tak\u017ce skutecznie chroni przed zarysowaniami, p\u0119kni\u0119ciami i odciskami palc\u00f3w. Do stworzenia pier\u015bcienia uszczelniaj\u0105cego u\u017cyto amorficznego silikonu o wysokiej aktywno\u015bci, kt\u00f3ry zapewnia trwa\u0142o\u015b\u0107 i elastyczno\u015b\u0107 nawet po wielu u\u017cyciach. Element \u0142\u0105cz\u0105cy obudow\u0119 z tyln\u0105 pokryw\u0105 wykonany jest z nierdzewnej stali 316, znanej ze swojej odporno\u015bci na korozj\u0119, podobnie jak przyciski, kt\u00f3re r\u00f3wnie\u017c wykonano z tego trwa\u0142ego materia\u0142u.<\/p>\n<p>\n<img decoding=\"async\" src=\"https:\/\/assets.innpro.pl\/16212\/20729\/2.jpg\" border=\"0\" alt=\"\" \/>\n<\/p>\n<h3>Pe\u0142na transparentno\u015b\u0107 i panoramiczne uj\u0119cia<\/h3>\n<p>Dzi\u0119ki unikalnej konstrukcji optycznej oraz sferycznym soczewkom obudowa Puluz gwarantuje 360-stopniowe pokrycie bez martwych punkt\u00f3w. Oznacza to, \u017ce mo\u017cesz nagrywa\u0107 w pe\u0142ni zszyte, panoramiczne uj\u0119cia bez efektu zniekszta\u0142cenia lub przerwania obrazu nawet pod wod\u0105.<\/p>\n<p>\n<img decoding=\"async\" src=\"https:\/\/assets.innpro.pl\/16212\/20729\/7.jpg\" border=\"0\" alt=\"\" \/>\n<\/p>\n<h3>Nurkowanie do 60 metr\u00f3w g\u0142\u0119boko\u015bci<\/h3>\n<p>Nagrywaj fenomenalne uj\u0119cia podwodne ze swoj\u0105 kamer\u0105 Insta360 X5, zapewniaj\u0105c jej maksimum bezpiecze\u0144stwa. Obudowa oferuje wodoszczelno\u015b\u0107 na poziomie a\u017c 60 metr\u00f3w, co czyni j\u0105 idealnym wyborem dla mi\u0142o\u015bnik\u00f3w nurkowania i wszelkich sport\u00f3w wodnych. Dzi\u0119ki zastosowaniu technologii ciek\u0142ego silikonu oraz precyzyjnej konstrukcji uszczelnie\u0144 mo\u017cesz mie\u0107 pewno\u015b\u0107, \u017ce Twoja kamera b\u0119dzie ca\u0142kowicie chroniona przed wod\u0105. Z obudow\u0105 Puluz mo\u017cesz w pe\u0142ni wykorzysta\u0107 potencja\u0142 swojej kamery \u2013 nawet tam, gdzie warunki s\u0105 najbardziej wymagaj\u0105ce.<\/p>\n<p>\n<img decoding=\"async\" src=\"https:\/\/assets.innpro.pl\/16212\/20729\/5.jpg\" border=\"0\" alt=\"\" \/>\n<\/p>\n<h3>W zestawie<\/h3>\n<ul class=\"list-disc pl-5\">\n<li>obudowa wodoszczelna<\/li>\n<li>niewidzialny adapter<\/li>\n<li>\u015bciereczki do wycierania x3<\/li>\n<li>woreczek do przechowywania<\/li>\n<li>przeciwmgielne wk\u0142adki x4<\/li>\n<li>d\u0142uga \u015bruba<\/li>\n<\/ul>\n<div class=\"table-wrapper\">\n<p>\u00a0<\/p>\n<h3><\/h3>\n<table>\n<tbody>\n<tr>\n<th>Producent<\/th>\n<td>Puluz<\/td>\n<\/tr>\n<tr>\n<th>Model<\/th>\n<td>PU756T<\/td>\n<\/tr>\n<tr>\n<th>Maksymalna g\u0142\u0119boko\u015b\u0107 zanurzenia<\/th>\n<td>60 m<\/td>\n<\/tr>\n<tr>\n<th>Wymiary<\/th>\n<td>9.87 x 9.74 x 18.2 cm<\/td>\n<\/tr>\n<tr>\n<th>Odporno\u015b\u0107<\/th>\n<td>Przed py\u0142em, wstrz\u0105sami i upadkami<\/td>\n<\/tr>\n<tr>\n<th>Materia\u0142 wykonania<\/th>\n<td>PC, silikon<\/td>\n<\/tr>\n<\/tbody>\n<\/table>\n<\/div>\n","protected":false},"excerpt":{"rendered":"<p>Obudowa wodoszczelna Puluz do kamery Insta360 X5 Obudowa wodoszczelna Puluz zosta\u0142a zaprojektowana z my\u015bl\u0105 o pe\u0142nej kompatybilno\u015bci z kamer\u0105 Insta360<\/p>\n","protected":false},"featured_media":49268,"comment_status":"closed","ping_status":"open","template":"","meta":{"_acf_changed":false},"product_brand":[],"product_cat":[1130,1137,1128],"product_tag":[],"class_list":{"0":"post-60534","1":"product","2":"type-product","3":"status-publish","4":"has-post-thumbnail","6":"product_cat-akcesoria-foto","7":"product_cat-do-kamer-sportowych","8":"product_cat-foto-wideo","9":"pa_okres-gwarancji-5757","10":"pa_producent-puluz","12":"first","13":"outofstock","14":"taxable","15":"shipping-taxable","16":"purchasable","17":"product-type-simple"},"acf":[],"yoast_head":"<!-- This site is optimized with the Yoast SEO plugin v27.2 - https:\/\/yoast.com\/product\/yoast-seo-wordpress\/ -->\n<title>Obudowa wodoszczelna PULUZ Insta360 X5 - IRONSKY.PL Sklep z Dronami<\/title>\n<meta name=\"description\" content=\"Obudowa wodoszczelna PULUZ Insta360 X5 - \u2705 sklep z dronami i fachowym doradztwem. \u2705 Tutaj kupisz produkty DJI, Yuneec, Parrot, Syma i wiele innych, a tak\u017ce kursy i licencje na operatora drona.\" \/>\n<meta name=\"robots\" content=\"index, follow, max-snippet:-1, max-image-preview:large, max-video-preview:-1\" \/>\n<link rel=\"canonical\" href=\"https:\/\/ironsky.pl\/sklep\/produkt\/obudowa-wodoszczelna-puluz-insta360-x5\/\" \/>\n<meta property=\"og:locale\" content=\"pl_PL\" \/>\n<meta property=\"og:type\" content=\"article\" \/>\n<meta property=\"og:title\" content=\"Obudowa wodoszczelna PULUZ Insta360 X5 - IRONSKY.PL Sklep z Dronami\" \/>\n<meta property=\"og:description\" content=\"Obudowa wodoszczelna PULUZ Insta360 X5 - \u2705 sklep z dronami i fachowym doradztwem. \u2705 Tutaj kupisz produkty DJI, Yuneec, Parrot, Syma i wiele innych, a tak\u017ce kursy i licencje na operatora drona.\" \/>\n<meta property=\"og:url\" content=\"https:\/\/ironsky.pl\/sklep\/produkt\/obudowa-wodoszczelna-puluz-insta360-x5\/\" \/>\n<meta property=\"og:site_name\" content=\"IRONSKY.PL Sklep z Dronami\" \/>\n<meta property=\"article:modified_time\" content=\"2026-04-15T09:03:46+00:00\" \/>\n<meta property=\"og:image\" content=\"https:\/\/ironsky.pl\/sklep\/wp-content\/uploads\/2025\/10\/53256_1.jpg\" \/>\n\t<meta property=\"og:image:width\" content=\"800\" \/>\n\t<meta property=\"og:image:height\" content=\"800\" \/>\n\t<meta property=\"og:image:type\" content=\"image\/jpeg\" \/>\n<meta name=\"twitter:card\" content=\"summary_large_image\" \/>\n<meta name=\"twitter:label1\" content=\"Szacowany czas czytania\" \/>\n\t<meta name=\"twitter:data1\" content=\"3 minuty\" \/>\n<script type=\"application\/ld+json\" class=\"yoast-schema-graph\">{\"@context\":\"https:\/\/schema.org\",\"@graph\":[{\"@type\":\"WebPage\",\"@id\":\"https:\/\/ironsky.pl\/sklep\/produkt\/obudowa-wodoszczelna-puluz-insta360-x5\/\",\"url\":\"https:\/\/ironsky.pl\/sklep\/produkt\/obudowa-wodoszczelna-puluz-insta360-x5\/\",\"name\":\"Obudowa wodoszczelna PULUZ Insta360 X5 - IRONSKY.PL Sklep z Dronami\",\"isPartOf\":{\"@id\":\"https:\/\/ironsky.pl\/sklep\/#website\"},\"primaryImageOfPage\":{\"@id\":\"https:\/\/ironsky.pl\/sklep\/produkt\/obudowa-wodoszczelna-puluz-insta360-x5\/#primaryimage\"},\"image\":{\"@id\":\"https:\/\/ironsky.pl\/sklep\/produkt\/obudowa-wodoszczelna-puluz-insta360-x5\/#primaryimage\"},\"thumbnailUrl\":\"https:\/\/ironsky.pl\/sklep\/wp-content\/uploads\/2025\/10\/53256_1.jpg\",\"datePublished\":\"2026-04-15T09:03:32+00:00\",\"dateModified\":\"2026-04-15T09:03:46+00:00\",\"description\":\"Obudowa wodoszczelna PULUZ Insta360 X5 - \u2705 sklep z dronami i fachowym doradztwem. \u2705 Tutaj kupisz produkty DJI, Yuneec, Parrot, Syma i wiele innych, a tak\u017ce kursy i licencje na operatora drona.\",\"breadcrumb\":{\"@id\":\"https:\/\/ironsky.pl\/sklep\/produkt\/obudowa-wodoszczelna-puluz-insta360-x5\/#breadcrumb\"},\"inLanguage\":\"pl-PL\",\"potentialAction\":[{\"@type\":\"ReadAction\",\"target\":[\"https:\/\/ironsky.pl\/sklep\/produkt\/obudowa-wodoszczelna-puluz-insta360-x5\/\"]}]},{\"@type\":\"ImageObject\",\"inLanguage\":\"pl-PL\",\"@id\":\"https:\/\/ironsky.pl\/sklep\/produkt\/obudowa-wodoszczelna-puluz-insta360-x5\/#primaryimage\",\"url\":\"https:\/\/ironsky.pl\/sklep\/wp-content\/uploads\/2025\/10\/53256_1.jpg\",\"contentUrl\":\"https:\/\/ironsky.pl\/sklep\/wp-content\/uploads\/2025\/10\/53256_1.jpg\",\"width\":800,\"height\":800},{\"@type\":\"BreadcrumbList\",\"@id\":\"https:\/\/ironsky.pl\/sklep\/produkt\/obudowa-wodoszczelna-puluz-insta360-x5\/#breadcrumb\",\"itemListElement\":[{\"@type\":\"ListItem\",\"position\":1,\"name\":\"Strona g\u0142\u00f3wna\",\"item\":\"https:\/\/ironsky.pl\/sklep\/\"},{\"@type\":\"ListItem\",\"position\":2,\"name\":\"Wszystkie produkty\",\"item\":\"https:\/\/ironsky.pl\/sklep\/produkty\/\"},{\"@type\":\"ListItem\",\"position\":3,\"name\":\"Obudowa wodoszczelna PULUZ Insta360 X5\"}]},{\"@type\":\"WebSite\",\"@id\":\"https:\/\/ironsky.pl\/sklep\/#website\",\"url\":\"https:\/\/ironsky.pl\/sklep\/\",\"name\":\"IRONSKY.PL Sklep z Dronami\",\"description\":\"IRONSKY.PL Sklep z Dronami\",\"potentialAction\":[{\"@type\":\"SearchAction\",\"target\":{\"@type\":\"EntryPoint\",\"urlTemplate\":\"https:\/\/ironsky.pl\/sklep\/?s={search_term_string}\"},\"query-input\":{\"@type\":\"PropertyValueSpecification\",\"valueRequired\":true,\"valueName\":\"search_term_string\"}}],\"inLanguage\":\"pl-PL\"}]}<\/script>\n<!-- \/ Yoast SEO plugin. -->","yoast_head_json":{"title":"Obudowa wodoszczelna PULUZ Insta360 X5 - IRONSKY.PL Sklep z Dronami","description":"Obudowa wodoszczelna PULUZ Insta360 X5 - \u2705 sklep z dronami i fachowym doradztwem. \u2705 Tutaj kupisz produkty DJI, Yuneec, Parrot, Syma i wiele innych, a tak\u017ce kursy i licencje na operatora drona.","robots":{"index":"index","follow":"follow","max-snippet":"max-snippet:-1","max-image-preview":"max-image-preview:large","max-video-preview":"max-video-preview:-1"},"canonical":"https:\/\/ironsky.pl\/sklep\/produkt\/obudowa-wodoszczelna-puluz-insta360-x5\/","og_locale":"pl_PL","og_type":"article","og_title":"Obudowa wodoszczelna PULUZ Insta360 X5 - IRONSKY.PL Sklep z Dronami","og_description":"Obudowa wodoszczelna PULUZ Insta360 X5 - \u2705 sklep z dronami i fachowym doradztwem. \u2705 Tutaj kupisz produkty DJI, Yuneec, Parrot, Syma i wiele innych, a tak\u017ce kursy i licencje na operatora drona.","og_url":"https:\/\/ironsky.pl\/sklep\/produkt\/obudowa-wodoszczelna-puluz-insta360-x5\/","og_site_name":"IRONSKY.PL Sklep z Dronami","article_modified_time":"2026-04-15T09:03:46+00:00","og_image":[{"width":800,"height":800,"url":"https:\/\/ironsky.pl\/sklep\/wp-content\/uploads\/2025\/10\/53256_1.jpg","type":"image\/jpeg"}],"twitter_card":"summary_large_image","twitter_misc":{"Szacowany czas czytania":"3 minuty"},"schema":{"@context":"https:\/\/schema.org","@graph":[{"@type":"WebPage","@id":"https:\/\/ironsky.pl\/sklep\/produkt\/obudowa-wodoszczelna-puluz-insta360-x5\/","url":"https:\/\/ironsky.pl\/sklep\/produkt\/obudowa-wodoszczelna-puluz-insta360-x5\/","name":"Obudowa wodoszczelna PULUZ Insta360 X5 - IRONSKY.PL Sklep z Dronami","isPartOf":{"@id":"https:\/\/ironsky.pl\/sklep\/#website"},"primaryImageOfPage":{"@id":"https:\/\/ironsky.pl\/sklep\/produkt\/obudowa-wodoszczelna-puluz-insta360-x5\/#primaryimage"},"image":{"@id":"https:\/\/ironsky.pl\/sklep\/produkt\/obudowa-wodoszczelna-puluz-insta360-x5\/#primaryimage"},"thumbnailUrl":"https:\/\/ironsky.pl\/sklep\/wp-content\/uploads\/2025\/10\/53256_1.jpg","datePublished":"2026-04-15T09:03:32+00:00","dateModified":"2026-04-15T09:03:46+00:00","description":"Obudowa wodoszczelna PULUZ Insta360 X5 - \u2705 sklep z dronami i fachowym doradztwem. \u2705 Tutaj kupisz produkty DJI, Yuneec, Parrot, Syma i wiele innych, a tak\u017ce kursy i licencje na operatora drona.","breadcrumb":{"@id":"https:\/\/ironsky.pl\/sklep\/produkt\/obudowa-wodoszczelna-puluz-insta360-x5\/#breadcrumb"},"inLanguage":"pl-PL","potentialAction":[{"@type":"ReadAction","target":["https:\/\/ironsky.pl\/sklep\/produkt\/obudowa-wodoszczelna-puluz-insta360-x5\/"]}]},{"@type":"ImageObject","inLanguage":"pl-PL","@id":"https:\/\/ironsky.pl\/sklep\/produkt\/obudowa-wodoszczelna-puluz-insta360-x5\/#primaryimage","url":"https:\/\/ironsky.pl\/sklep\/wp-content\/uploads\/2025\/10\/53256_1.jpg","contentUrl":"https:\/\/ironsky.pl\/sklep\/wp-content\/uploads\/2025\/10\/53256_1.jpg","width":800,"height":800},{"@type":"BreadcrumbList","@id":"https:\/\/ironsky.pl\/sklep\/produkt\/obudowa-wodoszczelna-puluz-insta360-x5\/#breadcrumb","itemListElement":[{"@type":"ListItem","position":1,"name":"Strona g\u0142\u00f3wna","item":"https:\/\/ironsky.pl\/sklep\/"},{"@type":"ListItem","position":2,"name":"Wszystkie produkty","item":"https:\/\/ironsky.pl\/sklep\/produkty\/"},{"@type":"ListItem","position":3,"name":"Obudowa wodoszczelna PULUZ Insta360 X5"}]},{"@type":"WebSite","@id":"https:\/\/ironsky.pl\/sklep\/#website","url":"https:\/\/ironsky.pl\/sklep\/","name":"IRONSKY.PL Sklep z Dronami","description":"IRONSKY.PL Sklep z Dronami","potentialAction":[{"@type":"SearchAction","target":{"@type":"EntryPoint","urlTemplate":"https:\/\/ironsky.pl\/sklep\/?s={search_term_string}"},"query-input":{"@type":"PropertyValueSpecification","valueRequired":true,"valueName":"search_term_string"}}],"inLanguage":"pl-PL"}]}},"_links":{"self":[{"href":"https:\/\/ironsky.pl\/sklep\/wp-json\/wp\/v2\/product\/60534","targetHints":{"allow":["GET"]}}],"collection":[{"href":"https:\/\/ironsky.pl\/sklep\/wp-json\/wp\/v2\/product"}],"about":[{"href":"https:\/\/ironsky.pl\/sklep\/wp-json\/wp\/v2\/types\/product"}],"replies":[{"embeddable":true,"href":"https:\/\/ironsky.pl\/sklep\/wp-json\/wp\/v2\/comments?post=60534"}],"wp:featuredmedia":[{"embeddable":true,"href":"https:\/\/ironsky.pl\/sklep\/wp-json\/wp\/v2\/media\/49268"}],"wp:attachment":[{"href":"https:\/\/ironsky.pl\/sklep\/wp-json\/wp\/v2\/media?parent=60534"}],"wp:term":[{"taxonomy":"product_brand","embeddable":true,"href":"https:\/\/ironsky.pl\/sklep\/wp-json\/wp\/v2\/product_brand?post=60534"},{"taxonomy":"product_cat","embeddable":true,"href":"https:\/\/ironsky.pl\/sklep\/wp-json\/wp\/v2\/product_cat?post=60534"},{"taxonomy":"product_tag","embeddable":true,"href":"https:\/\/ironsky.pl\/sklep\/wp-json\/wp\/v2\/product_tag?post=60534"}],"curies":[{"name":"wp","href":"https:\/\/api.w.org\/{rel}","templated":true}]}}