{"id":60532,"date":"2026-04-15T11:03:32","date_gmt":"2026-04-15T09:03:32","guid":{"rendered":"https:\/\/ironsky.pl\/sklep\/produkt\/etui-sunnylife-do-dji-rc-pro-2\/"},"modified":"2026-04-15T11:03:43","modified_gmt":"2026-04-15T09:03:43","slug":"etui-sunnylife-do-dji-rc-pro-2","status":"publish","type":"product","link":"https:\/\/ironsky.pl\/sklep\/produkt\/etui-sunnylife-do-dji-rc-pro-2\/","title":{"rendered":"Etui SUNNYLIFE do DJI RC Pro 2"},"content":{"rendered":"<h3>Etui Sunnylife do kontrolera DJI RC PRO 2<\/h3>\n<p>To kompaktowe i stylowe etui zosta\u0142o zaprojektowane z my\u015bl\u0105 o bezpiecznym przechowywaniu kontrolera DJI RC PRO 2. Dzi\u0119ki idealnie dopasowanemu kszta\u0142towi chroni ekran oraz delikatne elementy urz\u0105dzenia przed zarysowaniami i wstrz\u0105sami. Niezale\u017cnie od tego, czy przewozisz sprz\u0119t w plecaku, czy nosisz go w r\u0119ce \u2013 etui zadba o jego bezpiecze\u0144stwo w ka\u017cdej sytuacji.<\/p>\n<p>\n<img decoding=\"async\" src=\"https:\/\/assets.innpro.pl\/16390\/21049\/4.jpg\" border=\"0\" alt=\"\" \/>\n<\/p>\n<h3>Mi\u0119kka wy\u015bci\u00f3\u0142ka<\/h3>\n<p>Wn\u0119trze torby zosta\u0142o wy\u0142o\u017cone puszystym materia\u0142em typu flanelowego, kt\u00f3ry zapobiega zarysowaniom i skutecznie amortyzuje drobne uderzenia. Precyzyjne wyprofilowanie wn\u0119trza gwarantuje, \u017ce kontroler nie przesuwa si\u0119 w trakcie transportu \u2013 wszystko jest na swoim miejscu i dobrze zabezpieczone.<\/p>\n<p>\n<img decoding=\"async\" src=\"https:\/\/assets.innpro.pl\/16390\/21049\/1.jpg\" border=\"0\" alt=\"\" \/>\n<\/p>\n<h3>Praktyczny i gotowy na drog\u0119<\/h3>\n<p>RC PRO 2 Bag ma por\u0119czne wymiary i nisk\u0105 wag\u0119, dzi\u0119ki czemu \u015bwietnie sprawdzi si\u0119 w podr\u00f3\u017cy. W zestawie znajduje si\u0119 karabi\u0144czyk wysokiej jako\u015bci, kt\u00f3ry pozwala zawiesi\u0107 etui na plecaku \u2013 to prosty spos\u00f3b, by mie\u0107 wolne r\u0119ce i jednocze\u015bnie kontroler zawsze pod r\u0119k\u0105. Ca\u0142o\u015b\u0107 wygl\u0105da elegancko i nowocze\u015bnie, co dodatkowo podkre\u015bla profesjonalny charakter sprz\u0119tu.<\/p>\n<p>\n<img decoding=\"async\" src=\"https:\/\/assets.innpro.pl\/16390\/21049\/3.jpg\" border=\"0\" alt=\"\" \/>\n<\/p>\n<h3>W zestawie<\/h3>\n<ul class=\"list-disc pl-5\">\n<li>Torba RC PRO 2 Bag \u00d7 1<\/li>\n<li>Karabi\u0144czyk \u00d7 1<\/li>\n<\/ul>\n<div class=\"table-wrapper\">\n<p>\u00a0<\/p>\n<h3><\/h3>\n<table>\n<tbody>\n<tr>\n<th>Producent<\/th>\n<td>Sunnylife<\/td>\n<\/tr>\n<tr>\n<th>Model<\/th>\n<td>B06<\/td>\n<\/tr>\n<tr>\n<th>Materia\u0142<\/th>\n<td>Tkanina + flanela<\/td>\n<\/tr>\n<tr>\n<th>Waga netto<\/th>\n<td>268 g<\/td>\n<\/tr>\n<tr>\n<th>Waga brutto<\/th>\n<td>328 g<\/td>\n<\/tr>\n<tr>\n<th>Wymiary produktu<\/th>\n<td>21 \u00d7 17 \u00d7 7,5 cm<\/td>\n<\/tr>\n<tr>\n<th>Wymiary opakowania<\/th>\n<td>21,2 \u00d7 17 \u00d7 7,7 cm<\/td>\n<\/tr>\n<\/tbody>\n<\/table>\n<\/div>\n","protected":false},"excerpt":{"rendered":"<p>Etui Sunnylife do kontrolera DJI RC PRO 2 To kompaktowe i stylowe etui zosta\u0142o zaprojektowane z my\u015bl\u0105 o bezpiecznym przechowywaniu<\/p>\n","protected":false},"featured_media":49260,"comment_status":"closed","ping_status":"open","template":"","meta":{"_acf_changed":false},"product_brand":[],"product_cat":[6167,6170,1088],"product_tag":[],"class_list":{"0":"post-60532","1":"product","2":"type-product","3":"status-publish","4":"has-post-thumbnail","6":"product_cat-akcesoria-do-dronow","7":"product_cat-dji-akcesoria-do-dronow","8":"product_cat-drony","9":"pa_okres-gwarancji-5754","10":"pa_producent-sunnylife","12":"first","13":"outofstock","14":"taxable","15":"shipping-taxable","16":"purchasable","17":"product-type-simple"},"acf":[],"yoast_head":"<!-- This site is optimized with the Yoast SEO plugin v27.2 - https:\/\/yoast.com\/product\/yoast-seo-wordpress\/ -->\n<title>Etui SUNNYLIFE do DJI RC Pro 2 - IRONSKY.PL Sklep z Dronami<\/title>\n<meta name=\"description\" content=\"Etui SUNNYLIFE do DJI RC Pro 2 - \u2705 sklep z dronami i fachowym doradztwem. \u2705 Tutaj kupisz produkty DJI, Yuneec, Parrot, Syma i wiele innych, a tak\u017ce kursy i licencje na operatora drona.\" \/>\n<meta name=\"robots\" content=\"index, follow, max-snippet:-1, max-image-preview:large, max-video-preview:-1\" \/>\n<link rel=\"canonical\" href=\"https:\/\/ironsky.pl\/sklep\/produkt\/etui-sunnylife-do-dji-rc-pro-2\/\" \/>\n<meta property=\"og:locale\" content=\"pl_PL\" \/>\n<meta property=\"og:type\" content=\"article\" \/>\n<meta property=\"og:title\" content=\"Etui SUNNYLIFE do DJI RC Pro 2 - IRONSKY.PL Sklep z Dronami\" \/>\n<meta property=\"og:description\" content=\"Etui SUNNYLIFE do DJI RC Pro 2 - \u2705 sklep z dronami i fachowym doradztwem. \u2705 Tutaj kupisz produkty DJI, Yuneec, Parrot, Syma i wiele innych, a tak\u017ce kursy i licencje na operatora drona.\" \/>\n<meta property=\"og:url\" content=\"https:\/\/ironsky.pl\/sklep\/produkt\/etui-sunnylife-do-dji-rc-pro-2\/\" \/>\n<meta property=\"og:site_name\" content=\"IRONSKY.PL Sklep z Dronami\" \/>\n<meta property=\"article:modified_time\" content=\"2026-04-15T09:03:43+00:00\" \/>\n<meta property=\"og:image\" content=\"https:\/\/ironsky.pl\/sklep\/wp-content\/uploads\/2025\/10\/53229_1.jpg\" \/>\n\t<meta property=\"og:image:width\" content=\"800\" \/>\n\t<meta property=\"og:image:height\" content=\"800\" \/>\n\t<meta property=\"og:image:type\" content=\"image\/jpeg\" \/>\n<meta name=\"twitter:card\" content=\"summary_large_image\" \/>\n<meta name=\"twitter:label1\" content=\"Szacowany czas czytania\" \/>\n\t<meta name=\"twitter:data1\" content=\"1 minuta\" \/>\n<script type=\"application\/ld+json\" class=\"yoast-schema-graph\">{\"@context\":\"https:\/\/schema.org\",\"@graph\":[{\"@type\":\"WebPage\",\"@id\":\"https:\/\/ironsky.pl\/sklep\/produkt\/etui-sunnylife-do-dji-rc-pro-2\/\",\"url\":\"https:\/\/ironsky.pl\/sklep\/produkt\/etui-sunnylife-do-dji-rc-pro-2\/\",\"name\":\"Etui SUNNYLIFE do DJI RC Pro 2 - IRONSKY.PL Sklep z Dronami\",\"isPartOf\":{\"@id\":\"https:\/\/ironsky.pl\/sklep\/#website\"},\"primaryImageOfPage\":{\"@id\":\"https:\/\/ironsky.pl\/sklep\/produkt\/etui-sunnylife-do-dji-rc-pro-2\/#primaryimage\"},\"image\":{\"@id\":\"https:\/\/ironsky.pl\/sklep\/produkt\/etui-sunnylife-do-dji-rc-pro-2\/#primaryimage\"},\"thumbnailUrl\":\"https:\/\/ironsky.pl\/sklep\/wp-content\/uploads\/2025\/10\/53229_1.jpg\",\"datePublished\":\"2026-04-15T09:03:32+00:00\",\"dateModified\":\"2026-04-15T09:03:43+00:00\",\"description\":\"Etui SUNNYLIFE do DJI RC Pro 2 - \u2705 sklep z dronami i fachowym doradztwem. \u2705 Tutaj kupisz produkty DJI, Yuneec, Parrot, Syma i wiele innych, a tak\u017ce kursy i licencje na operatora drona.\",\"breadcrumb\":{\"@id\":\"https:\/\/ironsky.pl\/sklep\/produkt\/etui-sunnylife-do-dji-rc-pro-2\/#breadcrumb\"},\"inLanguage\":\"pl-PL\",\"potentialAction\":[{\"@type\":\"ReadAction\",\"target\":[\"https:\/\/ironsky.pl\/sklep\/produkt\/etui-sunnylife-do-dji-rc-pro-2\/\"]}]},{\"@type\":\"ImageObject\",\"inLanguage\":\"pl-PL\",\"@id\":\"https:\/\/ironsky.pl\/sklep\/produkt\/etui-sunnylife-do-dji-rc-pro-2\/#primaryimage\",\"url\":\"https:\/\/ironsky.pl\/sklep\/wp-content\/uploads\/2025\/10\/53229_1.jpg\",\"contentUrl\":\"https:\/\/ironsky.pl\/sklep\/wp-content\/uploads\/2025\/10\/53229_1.jpg\",\"width\":800,\"height\":800},{\"@type\":\"BreadcrumbList\",\"@id\":\"https:\/\/ironsky.pl\/sklep\/produkt\/etui-sunnylife-do-dji-rc-pro-2\/#breadcrumb\",\"itemListElement\":[{\"@type\":\"ListItem\",\"position\":1,\"name\":\"Strona g\u0142\u00f3wna\",\"item\":\"https:\/\/ironsky.pl\/sklep\/\"},{\"@type\":\"ListItem\",\"position\":2,\"name\":\"Wszystkie produkty\",\"item\":\"https:\/\/ironsky.pl\/sklep\/produkty\/\"},{\"@type\":\"ListItem\",\"position\":3,\"name\":\"Etui SUNNYLIFE do DJI RC Pro 2\"}]},{\"@type\":\"WebSite\",\"@id\":\"https:\/\/ironsky.pl\/sklep\/#website\",\"url\":\"https:\/\/ironsky.pl\/sklep\/\",\"name\":\"IRONSKY.PL Sklep z Dronami\",\"description\":\"IRONSKY.PL Sklep z Dronami\",\"potentialAction\":[{\"@type\":\"SearchAction\",\"target\":{\"@type\":\"EntryPoint\",\"urlTemplate\":\"https:\/\/ironsky.pl\/sklep\/?s={search_term_string}\"},\"query-input\":{\"@type\":\"PropertyValueSpecification\",\"valueRequired\":true,\"valueName\":\"search_term_string\"}}],\"inLanguage\":\"pl-PL\"}]}<\/script>\n<!-- \/ Yoast SEO plugin. -->","yoast_head_json":{"title":"Etui SUNNYLIFE do DJI RC Pro 2 - IRONSKY.PL Sklep z Dronami","description":"Etui SUNNYLIFE do DJI RC Pro 2 - \u2705 sklep z dronami i fachowym doradztwem. \u2705 Tutaj kupisz produkty DJI, Yuneec, Parrot, Syma i wiele innych, a tak\u017ce kursy i licencje na operatora drona.","robots":{"index":"index","follow":"follow","max-snippet":"max-snippet:-1","max-image-preview":"max-image-preview:large","max-video-preview":"max-video-preview:-1"},"canonical":"https:\/\/ironsky.pl\/sklep\/produkt\/etui-sunnylife-do-dji-rc-pro-2\/","og_locale":"pl_PL","og_type":"article","og_title":"Etui SUNNYLIFE do DJI RC Pro 2 - IRONSKY.PL Sklep z Dronami","og_description":"Etui SUNNYLIFE do DJI RC Pro 2 - \u2705 sklep z dronami i fachowym doradztwem. \u2705 Tutaj kupisz produkty DJI, Yuneec, Parrot, Syma i wiele innych, a tak\u017ce kursy i licencje na operatora drona.","og_url":"https:\/\/ironsky.pl\/sklep\/produkt\/etui-sunnylife-do-dji-rc-pro-2\/","og_site_name":"IRONSKY.PL Sklep z Dronami","article_modified_time":"2026-04-15T09:03:43+00:00","og_image":[{"width":800,"height":800,"url":"https:\/\/ironsky.pl\/sklep\/wp-content\/uploads\/2025\/10\/53229_1.jpg","type":"image\/jpeg"}],"twitter_card":"summary_large_image","twitter_misc":{"Szacowany czas czytania":"1 minuta"},"schema":{"@context":"https:\/\/schema.org","@graph":[{"@type":"WebPage","@id":"https:\/\/ironsky.pl\/sklep\/produkt\/etui-sunnylife-do-dji-rc-pro-2\/","url":"https:\/\/ironsky.pl\/sklep\/produkt\/etui-sunnylife-do-dji-rc-pro-2\/","name":"Etui SUNNYLIFE do DJI RC Pro 2 - IRONSKY.PL Sklep z Dronami","isPartOf":{"@id":"https:\/\/ironsky.pl\/sklep\/#website"},"primaryImageOfPage":{"@id":"https:\/\/ironsky.pl\/sklep\/produkt\/etui-sunnylife-do-dji-rc-pro-2\/#primaryimage"},"image":{"@id":"https:\/\/ironsky.pl\/sklep\/produkt\/etui-sunnylife-do-dji-rc-pro-2\/#primaryimage"},"thumbnailUrl":"https:\/\/ironsky.pl\/sklep\/wp-content\/uploads\/2025\/10\/53229_1.jpg","datePublished":"2026-04-15T09:03:32+00:00","dateModified":"2026-04-15T09:03:43+00:00","description":"Etui SUNNYLIFE do DJI RC Pro 2 - \u2705 sklep z dronami i fachowym doradztwem. \u2705 Tutaj kupisz produkty DJI, Yuneec, Parrot, Syma i wiele innych, a tak\u017ce kursy i licencje na operatora drona.","breadcrumb":{"@id":"https:\/\/ironsky.pl\/sklep\/produkt\/etui-sunnylife-do-dji-rc-pro-2\/#breadcrumb"},"inLanguage":"pl-PL","potentialAction":[{"@type":"ReadAction","target":["https:\/\/ironsky.pl\/sklep\/produkt\/etui-sunnylife-do-dji-rc-pro-2\/"]}]},{"@type":"ImageObject","inLanguage":"pl-PL","@id":"https:\/\/ironsky.pl\/sklep\/produkt\/etui-sunnylife-do-dji-rc-pro-2\/#primaryimage","url":"https:\/\/ironsky.pl\/sklep\/wp-content\/uploads\/2025\/10\/53229_1.jpg","contentUrl":"https:\/\/ironsky.pl\/sklep\/wp-content\/uploads\/2025\/10\/53229_1.jpg","width":800,"height":800},{"@type":"BreadcrumbList","@id":"https:\/\/ironsky.pl\/sklep\/produkt\/etui-sunnylife-do-dji-rc-pro-2\/#breadcrumb","itemListElement":[{"@type":"ListItem","position":1,"name":"Strona g\u0142\u00f3wna","item":"https:\/\/ironsky.pl\/sklep\/"},{"@type":"ListItem","position":2,"name":"Wszystkie produkty","item":"https:\/\/ironsky.pl\/sklep\/produkty\/"},{"@type":"ListItem","position":3,"name":"Etui SUNNYLIFE do DJI RC Pro 2"}]},{"@type":"WebSite","@id":"https:\/\/ironsky.pl\/sklep\/#website","url":"https:\/\/ironsky.pl\/sklep\/","name":"IRONSKY.PL Sklep z Dronami","description":"IRONSKY.PL Sklep z Dronami","potentialAction":[{"@type":"SearchAction","target":{"@type":"EntryPoint","urlTemplate":"https:\/\/ironsky.pl\/sklep\/?s={search_term_string}"},"query-input":{"@type":"PropertyValueSpecification","valueRequired":true,"valueName":"search_term_string"}}],"inLanguage":"pl-PL"}]}},"_links":{"self":[{"href":"https:\/\/ironsky.pl\/sklep\/wp-json\/wp\/v2\/product\/60532","targetHints":{"allow":["GET"]}}],"collection":[{"href":"https:\/\/ironsky.pl\/sklep\/wp-json\/wp\/v2\/product"}],"about":[{"href":"https:\/\/ironsky.pl\/sklep\/wp-json\/wp\/v2\/types\/product"}],"replies":[{"embeddable":true,"href":"https:\/\/ironsky.pl\/sklep\/wp-json\/wp\/v2\/comments?post=60532"}],"wp:featuredmedia":[{"embeddable":true,"href":"https:\/\/ironsky.pl\/sklep\/wp-json\/wp\/v2\/media\/49260"}],"wp:attachment":[{"href":"https:\/\/ironsky.pl\/sklep\/wp-json\/wp\/v2\/media?parent=60532"}],"wp:term":[{"taxonomy":"product_brand","embeddable":true,"href":"https:\/\/ironsky.pl\/sklep\/wp-json\/wp\/v2\/product_brand?post=60532"},{"taxonomy":"product_cat","embeddable":true,"href":"https:\/\/ironsky.pl\/sklep\/wp-json\/wp\/v2\/product_cat?post=60532"},{"taxonomy":"product_tag","embeddable":true,"href":"https:\/\/ironsky.pl\/sklep\/wp-json\/wp\/v2\/product_tag?post=60532"}],"curies":[{"name":"wp","href":"https:\/\/api.w.org\/{rel}","templated":true}]}}