{"id":60530,"date":"2026-04-15T11:03:32","date_gmt":"2026-04-15T09:03:32","guid":{"rendered":"https:\/\/ironsky.pl\/sklep\/produkt\/prysznic-turystyczny-ecoflow-shower-kit-2\/"},"modified":"2026-04-15T11:03:41","modified_gmt":"2026-04-15T09:03:41","slug":"prysznic-turystyczny-ecoflow-shower-kit-2","status":"publish","type":"product","link":"https:\/\/ironsky.pl\/sklep\/produkt\/prysznic-turystyczny-ecoflow-shower-kit-2\/","title":{"rendered":"Prysznic turystyczny ECOFLOW Shower Kit"},"content":{"rendered":"<h3>Prysznic turystyczny Ecoflow Shower Kit<\/h3>\n<p>EcoFlow Shower Kit to wszechstronny zestaw prysznicowy stworzony na biwaki, podr\u00f3\u017ce i dla os\u00f3b cz\u0119sto przebywaj\u0105cych poza domem. W sk\u0142ad zestawu wchodz\u0105 lekkie, sk\u0142adane wiaderko, pompka prysznicowa, w\u0105\u017c z ko\u0144c\u00f3wkami, g\u0142owica natryskowa oraz przew\u00f3d zasilaj\u0105cy. Kompaktowa konstrukcja i niewielka waga sprawiaj\u0105, \u017ce zestaw jest \u0142atwy do przenoszenia i idealnie sprawdza si\u0119 w ka\u017cdych warunkach terenowych. Co wi\u0119cej, prysznic jest kompatybilny z klimatyzatorami przeno\u015bnymi z serii EcoFlow WAVE \u2013 umo\u017cliwia to wykorzystanie skroplonej wody np. do mycia r\u0105k, naczy\u0144 czy samochodu w warunkach outdoorowych.<\/p>\n<p>\n<img decoding=\"async\" src=\"https:\/\/assets.innpro.pl\/16159\/20607\/1.jpg\" border=\"0\" alt=\"\" \/>\n<\/p>\n<h3>Oszcz\u0119dno\u015b\u0107 miejsca i wygoda<\/h3>\n<p>Sk\u0142adane wiaderko wykonane z wytrzyma\u0142ego materia\u0142u to rozwi\u0105zanie, kt\u00f3re znacz\u0105co u\u0142atwia transport i przechowywanie zestawu. Po z\u0142o\u017ceniu zajmuje minimaln\u0105 ilo\u015b\u0107 miejsca w walizce, torbie czy baga\u017cniku, a po roz\u0142o\u017ceniu oferuje wystarczaj\u0105c\u0105 pojemno\u015b\u0107 do komfortowego u\u017cytkowania prysznica lub innego zastosowania wodnego w terenie.<\/p>\n<p>\n<img decoding=\"async\" src=\"https:\/\/assets.innpro.pl\/16159\/20607\/4.jpg\" border=\"0\" alt=\"\" \/>\n<\/p>\n<h3>Mobilno\u015b\u0107 i efektywno\u015b\u0107<\/h3>\n<p>Zestaw zawiera wydajn\u0105 pompk\u0119, kt\u00f3r\u0105 mo\u017cna \u0142atwo zasila\u0107 za pomoc\u0105 do\u0142\u0105czonego do zestawu przewodu, np. z powerbanku. W po\u0142\u0105czeniu z elastycznym w\u0119\u017cem i ergonomiczn\u0105 g\u0142owic\u0105 prysznicow\u0105 umo\u017cliwia stworzenie pe\u0142noprawnego prysznica w dowolnym miejscu \u2013 od kempingu po pla\u017c\u0119. To idealne rozwi\u0105zanie na szybkie od\u015bwie\u017cenie po intensywnym dniu w terenie.<\/p>\n<p>\n<img decoding=\"async\" src=\"https:\/\/assets.innpro.pl\/16159\/20607\/2.jpg\" border=\"0\" alt=\"\" \/>\n<\/p>\n<h3>Zasilanie z klimatyzatora EcoFlow WAVE\u00a0<\/h3>\n<p>Jedn\u0105 z najwi\u0119kszych zalet zestawu EcoFlow Shower Kit jest mo\u017cliwo\u015b\u0107 wsp\u00f3\u0142pracy z klimatyzatorami przeno\u015bnymi z serii WAVE. Dzi\u0119ki temu mo\u017cesz wykorzysta\u0107 wod\u0119 kondensacyjn\u0105 zbieran\u0105 przez urz\u0105dzenie \u2013 doskona\u0142e rozwi\u0105zanie w sytuacjach, gdy dost\u0119p do wody jest ograniczony. To praktyczne i ekologiczne podej\u015bcie do oszcz\u0119dzania wody podczas podr\u00f3\u017cy.<\/p>\n<p>\n<img decoding=\"async\" src=\"https:\/\/assets.innpro.pl\/16159\/20607\/3.jpg\" border=\"0\" alt=\"\" \/>\n<\/p>\n<h3>W zestawie<\/h3>\n<ul class=\"list-disc pl-5\">\n<li>Sk\u0142adany zbiornik na wod\u0119 (wiaderko)<\/li>\n<li>Pompa zasilaj\u0105ca<\/li>\n<li>Pompa wodna z uchwytem<\/li>\n<li>W\u0105\u017c prysznicowy<\/li>\n<li>G\u0142owica prysznicowa<\/li>\n<li>Przew\u00f3d zasilaj\u0105cy<\/li>\n<\/ul>\n<div class=\"table-wrapper\">\n<p>\u00a0<\/p>\n<h3><\/h3>\n<table>\n<tbody>\n<tr>\n<th>Producent<\/th>\n<td>Ecoflow<\/td>\n<\/tr>\n<tr>\n<th>Model<\/th>\n<td>EFA-SHOWERKIT<\/td>\n<\/tr>\n<tr>\n<th>Kompatybilno\u015b\u0107<\/th>\n<td>EcoFlow WAVE<\/td>\n<\/tr>\n<\/tbody>\n<\/table>\n<\/div>\n","protected":false},"excerpt":{"rendered":"<p>Prysznic turystyczny Ecoflow Shower Kit EcoFlow Shower Kit to wszechstronny zestaw prysznicowy stworzony na biwaki, podr\u00f3\u017ce i dla os\u00f3b cz\u0119sto<\/p>\n","protected":false},"featured_media":47568,"comment_status":"closed","ping_status":"open","template":"","meta":{"_acf_changed":false},"product_brand":[],"product_cat":[5978,5937],"product_tag":[],"class_list":{"0":"post-60530","1":"product","2":"type-product","3":"status-publish","4":"has-post-thumbnail","6":"product_cat-kemping","7":"product_cat-outdoor","8":"pa_okres-gwarancji-5757","9":"pa_producent-ecoflow","11":"first","12":"outofstock","13":"taxable","14":"shipping-taxable","15":"purchasable","16":"product-type-simple"},"acf":[],"yoast_head":"<!-- This site is optimized with the Yoast SEO plugin v27.2 - https:\/\/yoast.com\/product\/yoast-seo-wordpress\/ -->\n<title>Prysznic turystyczny ECOFLOW Shower Kit - IRONSKY.PL Sklep z Dronami<\/title>\n<meta name=\"description\" content=\"Prysznic turystyczny ECOFLOW Shower Kit - \u2705 sklep z dronami i fachowym doradztwem. \u2705 Tutaj kupisz produkty DJI, Yuneec, Parrot, Syma i wiele innych, a tak\u017ce kursy i licencje na operatora drona.\" \/>\n<meta name=\"robots\" content=\"index, follow, max-snippet:-1, max-image-preview:large, max-video-preview:-1\" \/>\n<link rel=\"canonical\" href=\"https:\/\/ironsky.pl\/sklep\/produkt\/prysznic-turystyczny-ecoflow-shower-kit-2\/\" \/>\n<meta property=\"og:locale\" content=\"pl_PL\" \/>\n<meta property=\"og:type\" content=\"article\" \/>\n<meta property=\"og:title\" content=\"Prysznic turystyczny ECOFLOW Shower Kit - IRONSKY.PL Sklep z Dronami\" \/>\n<meta property=\"og:description\" content=\"Prysznic turystyczny ECOFLOW Shower Kit - \u2705 sklep z dronami i fachowym doradztwem. \u2705 Tutaj kupisz produkty DJI, Yuneec, Parrot, Syma i wiele innych, a tak\u017ce kursy i licencje na operatora drona.\" \/>\n<meta property=\"og:url\" content=\"https:\/\/ironsky.pl\/sklep\/produkt\/prysznic-turystyczny-ecoflow-shower-kit-2\/\" \/>\n<meta property=\"og:site_name\" content=\"IRONSKY.PL Sklep z Dronami\" \/>\n<meta property=\"article:modified_time\" content=\"2026-04-15T09:03:41+00:00\" \/>\n<meta property=\"og:image\" content=\"https:\/\/ironsky.pl\/sklep\/wp-content\/uploads\/2025\/06\/53193_3.jpg\" \/>\n\t<meta property=\"og:image:width\" content=\"800\" \/>\n\t<meta property=\"og:image:height\" content=\"800\" \/>\n\t<meta property=\"og:image:type\" content=\"image\/jpeg\" \/>\n<meta name=\"twitter:card\" content=\"summary_large_image\" \/>\n<meta name=\"twitter:label1\" content=\"Szacowany czas czytania\" \/>\n\t<meta name=\"twitter:data1\" content=\"2 minuty\" \/>\n<script type=\"application\/ld+json\" class=\"yoast-schema-graph\">{\"@context\":\"https:\/\/schema.org\",\"@graph\":[{\"@type\":\"WebPage\",\"@id\":\"https:\/\/ironsky.pl\/sklep\/produkt\/prysznic-turystyczny-ecoflow-shower-kit-2\/\",\"url\":\"https:\/\/ironsky.pl\/sklep\/produkt\/prysznic-turystyczny-ecoflow-shower-kit-2\/\",\"name\":\"Prysznic turystyczny ECOFLOW Shower Kit - IRONSKY.PL Sklep z Dronami\",\"isPartOf\":{\"@id\":\"https:\/\/ironsky.pl\/sklep\/#website\"},\"primaryImageOfPage\":{\"@id\":\"https:\/\/ironsky.pl\/sklep\/produkt\/prysznic-turystyczny-ecoflow-shower-kit-2\/#primaryimage\"},\"image\":{\"@id\":\"https:\/\/ironsky.pl\/sklep\/produkt\/prysznic-turystyczny-ecoflow-shower-kit-2\/#primaryimage\"},\"thumbnailUrl\":\"https:\/\/ironsky.pl\/sklep\/wp-content\/uploads\/2025\/06\/53193_3.jpg\",\"datePublished\":\"2026-04-15T09:03:32+00:00\",\"dateModified\":\"2026-04-15T09:03:41+00:00\",\"description\":\"Prysznic turystyczny ECOFLOW Shower Kit - \u2705 sklep z dronami i fachowym doradztwem. \u2705 Tutaj kupisz produkty DJI, Yuneec, Parrot, Syma i wiele innych, a tak\u017ce kursy i licencje na operatora drona.\",\"breadcrumb\":{\"@id\":\"https:\/\/ironsky.pl\/sklep\/produkt\/prysznic-turystyczny-ecoflow-shower-kit-2\/#breadcrumb\"},\"inLanguage\":\"pl-PL\",\"potentialAction\":[{\"@type\":\"ReadAction\",\"target\":[\"https:\/\/ironsky.pl\/sklep\/produkt\/prysznic-turystyczny-ecoflow-shower-kit-2\/\"]}]},{\"@type\":\"ImageObject\",\"inLanguage\":\"pl-PL\",\"@id\":\"https:\/\/ironsky.pl\/sklep\/produkt\/prysznic-turystyczny-ecoflow-shower-kit-2\/#primaryimage\",\"url\":\"https:\/\/ironsky.pl\/sklep\/wp-content\/uploads\/2025\/06\/53193_3.jpg\",\"contentUrl\":\"https:\/\/ironsky.pl\/sklep\/wp-content\/uploads\/2025\/06\/53193_3.jpg\",\"width\":800,\"height\":800},{\"@type\":\"BreadcrumbList\",\"@id\":\"https:\/\/ironsky.pl\/sklep\/produkt\/prysznic-turystyczny-ecoflow-shower-kit-2\/#breadcrumb\",\"itemListElement\":[{\"@type\":\"ListItem\",\"position\":1,\"name\":\"Strona g\u0142\u00f3wna\",\"item\":\"https:\/\/ironsky.pl\/sklep\/\"},{\"@type\":\"ListItem\",\"position\":2,\"name\":\"Wszystkie produkty\",\"item\":\"https:\/\/ironsky.pl\/sklep\/produkty\/\"},{\"@type\":\"ListItem\",\"position\":3,\"name\":\"Prysznic turystyczny ECOFLOW Shower Kit\"}]},{\"@type\":\"WebSite\",\"@id\":\"https:\/\/ironsky.pl\/sklep\/#website\",\"url\":\"https:\/\/ironsky.pl\/sklep\/\",\"name\":\"IRONSKY.PL Sklep z Dronami\",\"description\":\"IRONSKY.PL Sklep z Dronami\",\"potentialAction\":[{\"@type\":\"SearchAction\",\"target\":{\"@type\":\"EntryPoint\",\"urlTemplate\":\"https:\/\/ironsky.pl\/sklep\/?s={search_term_string}\"},\"query-input\":{\"@type\":\"PropertyValueSpecification\",\"valueRequired\":true,\"valueName\":\"search_term_string\"}}],\"inLanguage\":\"pl-PL\"}]}<\/script>\n<!-- \/ Yoast SEO plugin. -->","yoast_head_json":{"title":"Prysznic turystyczny ECOFLOW Shower Kit - IRONSKY.PL Sklep z Dronami","description":"Prysznic turystyczny ECOFLOW Shower Kit - \u2705 sklep z dronami i fachowym doradztwem. \u2705 Tutaj kupisz produkty DJI, Yuneec, Parrot, Syma i wiele innych, a tak\u017ce kursy i licencje na operatora drona.","robots":{"index":"index","follow":"follow","max-snippet":"max-snippet:-1","max-image-preview":"max-image-preview:large","max-video-preview":"max-video-preview:-1"},"canonical":"https:\/\/ironsky.pl\/sklep\/produkt\/prysznic-turystyczny-ecoflow-shower-kit-2\/","og_locale":"pl_PL","og_type":"article","og_title":"Prysznic turystyczny ECOFLOW Shower Kit - IRONSKY.PL Sklep z Dronami","og_description":"Prysznic turystyczny ECOFLOW Shower Kit - \u2705 sklep z dronami i fachowym doradztwem. \u2705 Tutaj kupisz produkty DJI, Yuneec, Parrot, Syma i wiele innych, a tak\u017ce kursy i licencje na operatora drona.","og_url":"https:\/\/ironsky.pl\/sklep\/produkt\/prysznic-turystyczny-ecoflow-shower-kit-2\/","og_site_name":"IRONSKY.PL Sklep z Dronami","article_modified_time":"2026-04-15T09:03:41+00:00","og_image":[{"width":800,"height":800,"url":"https:\/\/ironsky.pl\/sklep\/wp-content\/uploads\/2025\/06\/53193_3.jpg","type":"image\/jpeg"}],"twitter_card":"summary_large_image","twitter_misc":{"Szacowany czas czytania":"2 minuty"},"schema":{"@context":"https:\/\/schema.org","@graph":[{"@type":"WebPage","@id":"https:\/\/ironsky.pl\/sklep\/produkt\/prysznic-turystyczny-ecoflow-shower-kit-2\/","url":"https:\/\/ironsky.pl\/sklep\/produkt\/prysznic-turystyczny-ecoflow-shower-kit-2\/","name":"Prysznic turystyczny ECOFLOW Shower Kit - IRONSKY.PL Sklep z Dronami","isPartOf":{"@id":"https:\/\/ironsky.pl\/sklep\/#website"},"primaryImageOfPage":{"@id":"https:\/\/ironsky.pl\/sklep\/produkt\/prysznic-turystyczny-ecoflow-shower-kit-2\/#primaryimage"},"image":{"@id":"https:\/\/ironsky.pl\/sklep\/produkt\/prysznic-turystyczny-ecoflow-shower-kit-2\/#primaryimage"},"thumbnailUrl":"https:\/\/ironsky.pl\/sklep\/wp-content\/uploads\/2025\/06\/53193_3.jpg","datePublished":"2026-04-15T09:03:32+00:00","dateModified":"2026-04-15T09:03:41+00:00","description":"Prysznic turystyczny ECOFLOW Shower Kit - \u2705 sklep z dronami i fachowym doradztwem. \u2705 Tutaj kupisz produkty DJI, Yuneec, Parrot, Syma i wiele innych, a tak\u017ce kursy i licencje na operatora drona.","breadcrumb":{"@id":"https:\/\/ironsky.pl\/sklep\/produkt\/prysznic-turystyczny-ecoflow-shower-kit-2\/#breadcrumb"},"inLanguage":"pl-PL","potentialAction":[{"@type":"ReadAction","target":["https:\/\/ironsky.pl\/sklep\/produkt\/prysznic-turystyczny-ecoflow-shower-kit-2\/"]}]},{"@type":"ImageObject","inLanguage":"pl-PL","@id":"https:\/\/ironsky.pl\/sklep\/produkt\/prysznic-turystyczny-ecoflow-shower-kit-2\/#primaryimage","url":"https:\/\/ironsky.pl\/sklep\/wp-content\/uploads\/2025\/06\/53193_3.jpg","contentUrl":"https:\/\/ironsky.pl\/sklep\/wp-content\/uploads\/2025\/06\/53193_3.jpg","width":800,"height":800},{"@type":"BreadcrumbList","@id":"https:\/\/ironsky.pl\/sklep\/produkt\/prysznic-turystyczny-ecoflow-shower-kit-2\/#breadcrumb","itemListElement":[{"@type":"ListItem","position":1,"name":"Strona g\u0142\u00f3wna","item":"https:\/\/ironsky.pl\/sklep\/"},{"@type":"ListItem","position":2,"name":"Wszystkie produkty","item":"https:\/\/ironsky.pl\/sklep\/produkty\/"},{"@type":"ListItem","position":3,"name":"Prysznic turystyczny ECOFLOW Shower Kit"}]},{"@type":"WebSite","@id":"https:\/\/ironsky.pl\/sklep\/#website","url":"https:\/\/ironsky.pl\/sklep\/","name":"IRONSKY.PL Sklep z Dronami","description":"IRONSKY.PL Sklep z Dronami","potentialAction":[{"@type":"SearchAction","target":{"@type":"EntryPoint","urlTemplate":"https:\/\/ironsky.pl\/sklep\/?s={search_term_string}"},"query-input":{"@type":"PropertyValueSpecification","valueRequired":true,"valueName":"search_term_string"}}],"inLanguage":"pl-PL"}]}},"_links":{"self":[{"href":"https:\/\/ironsky.pl\/sklep\/wp-json\/wp\/v2\/product\/60530","targetHints":{"allow":["GET"]}}],"collection":[{"href":"https:\/\/ironsky.pl\/sklep\/wp-json\/wp\/v2\/product"}],"about":[{"href":"https:\/\/ironsky.pl\/sklep\/wp-json\/wp\/v2\/types\/product"}],"replies":[{"embeddable":true,"href":"https:\/\/ironsky.pl\/sklep\/wp-json\/wp\/v2\/comments?post=60530"}],"wp:featuredmedia":[{"embeddable":true,"href":"https:\/\/ironsky.pl\/sklep\/wp-json\/wp\/v2\/media\/47568"}],"wp:attachment":[{"href":"https:\/\/ironsky.pl\/sklep\/wp-json\/wp\/v2\/media?parent=60530"}],"wp:term":[{"taxonomy":"product_brand","embeddable":true,"href":"https:\/\/ironsky.pl\/sklep\/wp-json\/wp\/v2\/product_brand?post=60530"},{"taxonomy":"product_cat","embeddable":true,"href":"https:\/\/ironsky.pl\/sklep\/wp-json\/wp\/v2\/product_cat?post=60530"},{"taxonomy":"product_tag","embeddable":true,"href":"https:\/\/ironsky.pl\/sklep\/wp-json\/wp\/v2\/product_tag?post=60530"}],"curies":[{"name":"wp","href":"https:\/\/api.w.org\/{rel}","templated":true}]}}