{"id":60516,"date":"2026-04-15T11:03:10","date_gmt":"2026-04-15T09:03:10","guid":{"rendered":"https:\/\/ironsky.pl\/sklep\/produkt\/uchwyt-do-kontrolera-sunnylife-gs998-do-rc-plus-2\/"},"modified":"2026-04-15T11:03:27","modified_gmt":"2026-04-15T09:03:27","slug":"uchwyt-do-kontrolera-sunnylife-gs998-do-rc-plus-2","status":"publish","type":"product","link":"https:\/\/ironsky.pl\/sklep\/produkt\/uchwyt-do-kontrolera-sunnylife-gs998-do-rc-plus-2\/","title":{"rendered":"Uchwyt do kontrolera SUNNYLIFE GS998 do RC Plus 2"},"content":{"rendered":"<h3>Uchwyt na kontroler Sunnylife GS998 do RC Plus 2<\/h3>\n<p>Zapewnij sobie wygod\u0119 i bezpiecze\u0144stwo podczas obs\u0142ugi kontrolera RC Plus 2 dzi\u0119ki uchwytowi Sunnylife GS998. Wysokiej klasy zaczep z aluminium obrabianego metod\u0105 CNC gwarantuje niezr\u00f3wnan\u0105 wytrzyma\u0142o\u015b\u0107, a regulowany pasek z matowej sk\u00f3ry PU i mikrofibry pozwala dostosowa\u0107 d\u0142ugo\u015b\u0107 do Twoich potrzeb \u2013 niezale\u017cnie od tego, czy wybierzesz pojedynczy, czy podw\u00f3jny uchwyt. Akcesorium nie zas\u0142ania \u017cadnych port\u00f3w kontrolera, nie wymaga skomplikowanego monta\u017cu, a jego precyzyjne wykonanie \u0142\u0105czy funkcjonalno\u015b\u0107 z estetyk\u0105. To nieodzowny element wyposa\u017cenia ka\u017cdego profesjonalisty.<\/p>\n<p>\n<img decoding=\"async\" src=\"https:\/\/assets.innpro.pl\/16034\/20221\/3.jpg\" border=\"0\" alt=\"\" \/>\n<\/p>\n<h3>Wytrzyma\u0142a konstrukcja<\/h3>\n<p>Metalowy zaczep wykonany z aluminium obrabianego numerycznie zapewnia nie tylko wysok\u0105 trwa\u0142o\u015b\u0107, ale i bezpiecze\u0144stwo u\u017cytkowania. Dzi\u0119ki du\u017cej odporno\u015bci na zu\u017cycie i uszkodzenia mechaniczne uchwyt bez problemu poradzi sobie z intensywn\u0105 eksploatacj\u0105 w wymagaj\u0105cych warunkach. Matowa sk\u00f3ra PU o subtelnej fakturze zapewnia nie tylko estetyczny wygl\u0105d, ale tak\u017ce przyjemny, pewny chwyt. Wn\u0119trze paska wyko\u0144czono mi\u0119kk\u0105 mikrofibr\u0105, kt\u00f3ra jest delikatna dla sk\u00f3ry, a jednocze\u015bnie odporna na zu\u017cycie. Ca\u0142o\u015b\u0107 dope\u0142nia solidny, g\u0119sto pleciony pas o wysokiej trwa\u0142o\u015bci.<\/p>\n<p>\n<img decoding=\"async\" src=\"https:\/\/assets.innpro.pl\/16034\/20221\/4.jpg\" border=\"0\" alt=\"\" \/>\n<\/p>\n<h3>Dostosowany do Twojej wygody<\/h3>\n<p>Uniwersalna konstrukcja umo\u017cliwia korzystanie zar\u00f3wno z pojedynczego, jak i podw\u00f3jnego paska \u2013 w zale\u017cno\u015bci od sytuacji i preferencji. To rozwi\u0105zanie, kt\u00f3re realnie zwi\u0119ksza komfort pracy, redukuje napi\u0119cie mi\u0119\u015bni i pozwala skupi\u0107 si\u0119 na precyzyjnym sterowaniu.<\/p>\n<p>\n<img decoding=\"async\" src=\"https:\/\/assets.innpro.pl\/16034\/20221\/2.jpg\" border=\"0\" alt=\"\" \/>\n<\/p>\n<h3>Kompatybilno\u015b\u0107<\/h3>\n<p>Uchwyt zosta\u0142 zaprojektowany specjalnie z my\u015bl\u0105 o kontrolerach RC Plus 2 oraz RC Plus 1. Jego konstrukcja idealnie wsp\u00f3\u0142gra z kontrolerem, nie zas\u0142aniaj\u0105c \u017cadnych port\u00f3w ani otwor\u00f3w, co jednocze\u015bnie zapewnia pe\u0142n\u0105 funkcjonalno\u015b\u0107 bez kompromis\u00f3w.<\/p>\n<p>\n<img decoding=\"async\" src=\"https:\/\/assets.innpro.pl\/16034\/20221\/6.jpg\" border=\"0\" alt=\"\" \/>\n<\/p>\n<h3>Szybki monta\u017c, dopasowana d\u0142ugo\u015b\u0107<\/h3>\n<p>Instalacja uchwytu zajmuje zaledwie chwil\u0119 i nie wymaga korzystania z \u017cadnych narz\u0119dzi. D\u0142ugo\u015b\u0107 paska uchwytu mo\u017cna regulowa\u0107 w zakresie 62,5\u201380 cm, co umo\u017cliwia idealne dopasowanie do wzrostu i pozycji u\u017cytkownika. Wysoka jako\u015b\u0107 szycia oraz wyko\u0144czenia \u015bwiadczy o precyzji i dba\u0142o\u015bci o detale.\u00a0<\/p>\n<p>\n<img decoding=\"async\" src=\"https:\/\/assets.innpro.pl\/16034\/20221\/1.jpg\" border=\"0\" alt=\"\" \/>\n<\/p>\n<div class=\"table-wrapper\">\n<p>\u00a0<\/p>\n<h3><\/h3>\n<table>\n<tbody>\n<tr>\n<th>Producent<\/th>\n<td>Sunnylife<\/td>\n<\/tr>\n<tr>\n<th>Model<\/th>\n<td>GS998<\/td>\n<\/tr>\n<tr>\n<th>Kompatybilno\u015b\u0107<\/th>\n<td>RC PLUS 2\/1<\/td>\n<\/tr>\n<tr>\n<th>Materia\u0142 wykonania<\/th>\n<td>Sk\u00f3ra PU, stop aluminium<\/td>\n<\/tr>\n<tr>\n<th>D\u0142ugo\u015b\u0107 paska <\/th>\n<td>62.5-80cm<\/td>\n<\/tr>\n<tr>\n<th>Waga<\/th>\n<td>114 g<\/td>\n<\/tr>\n<\/tbody>\n<\/table>\n<\/div>\n","protected":false},"excerpt":{"rendered":"<p>Uchwyt na kontroler Sunnylife GS998 do RC Plus 2 Zapewnij sobie wygod\u0119 i bezpiecze\u0144stwo podczas obs\u0142ugi kontrolera RC Plus 2<\/p>\n","protected":false},"featured_media":49245,"comment_status":"closed","ping_status":"open","template":"","meta":{"_acf_changed":false},"product_brand":[],"product_cat":[1128,6178,6176,6177,6181,1138],"product_tag":[],"class_list":{"0":"post-60516","1":"product","2":"type-product","3":"status-publish","4":"has-post-thumbnail","6":"product_cat-foto-wideo","7":"product_cat-mocowania","8":"product_cat-selfie-stiki","9":"product_cat-statywy-selfie-stiki","10":"product_cat-szelki-mocowania-i-uchwyty","11":"product_cat-wysiegniki","12":"pa_okres-gwarancji-5754","13":"pa_producent-sunnylife","15":"first","16":"outofstock","17":"taxable","18":"shipping-taxable","19":"purchasable","20":"product-type-simple"},"acf":[],"yoast_head":"<!-- This site is optimized with the Yoast SEO plugin v27.2 - https:\/\/yoast.com\/product\/yoast-seo-wordpress\/ -->\n<title>Uchwyt do kontrolera SUNNYLIFE GS998 do RC Plus 2 - IRONSKY.PL Sklep z Dronami<\/title>\n<meta name=\"description\" content=\"Uchwyt do kontrolera SUNNYLIFE GS998 do RC Plus 2 - \u2705 sklep z dronami i fachowym doradztwem. \u2705 Tutaj kupisz produkty DJI, Yuneec, Parrot, Syma i wiele innych, a tak\u017ce kursy i licencje na operatora drona.\" \/>\n<meta name=\"robots\" content=\"index, follow, max-snippet:-1, max-image-preview:large, max-video-preview:-1\" \/>\n<link rel=\"canonical\" href=\"https:\/\/ironsky.pl\/sklep\/produkt\/uchwyt-do-kontrolera-sunnylife-gs998-do-rc-plus-2\/\" \/>\n<meta property=\"og:locale\" content=\"pl_PL\" \/>\n<meta property=\"og:type\" content=\"article\" \/>\n<meta property=\"og:title\" content=\"Uchwyt do kontrolera SUNNYLIFE GS998 do RC Plus 2 - IRONSKY.PL Sklep z Dronami\" \/>\n<meta property=\"og:description\" content=\"Uchwyt do kontrolera SUNNYLIFE GS998 do RC Plus 2 - \u2705 sklep z dronami i fachowym doradztwem. \u2705 Tutaj kupisz produkty DJI, Yuneec, Parrot, Syma i wiele innych, a tak\u017ce kursy i licencje na operatora drona.\" \/>\n<meta property=\"og:url\" content=\"https:\/\/ironsky.pl\/sklep\/produkt\/uchwyt-do-kontrolera-sunnylife-gs998-do-rc-plus-2\/\" \/>\n<meta property=\"og:site_name\" content=\"IRONSKY.PL Sklep z Dronami\" \/>\n<meta property=\"article:modified_time\" content=\"2026-04-15T09:03:27+00:00\" \/>\n<meta property=\"og:image\" content=\"https:\/\/ironsky.pl\/sklep\/wp-content\/uploads\/2025\/10\/53184_2.jpg\" \/>\n\t<meta property=\"og:image:width\" content=\"800\" \/>\n\t<meta property=\"og:image:height\" content=\"800\" \/>\n\t<meta property=\"og:image:type\" content=\"image\/jpeg\" \/>\n<meta name=\"twitter:card\" content=\"summary_large_image\" \/>\n<meta name=\"twitter:label1\" content=\"Szacowany czas czytania\" \/>\n\t<meta name=\"twitter:data1\" content=\"2 minuty\" \/>\n<script type=\"application\/ld+json\" class=\"yoast-schema-graph\">{\"@context\":\"https:\/\/schema.org\",\"@graph\":[{\"@type\":\"WebPage\",\"@id\":\"https:\/\/ironsky.pl\/sklep\/produkt\/uchwyt-do-kontrolera-sunnylife-gs998-do-rc-plus-2\/\",\"url\":\"https:\/\/ironsky.pl\/sklep\/produkt\/uchwyt-do-kontrolera-sunnylife-gs998-do-rc-plus-2\/\",\"name\":\"Uchwyt do kontrolera SUNNYLIFE GS998 do RC Plus 2 - IRONSKY.PL Sklep z Dronami\",\"isPartOf\":{\"@id\":\"https:\/\/ironsky.pl\/sklep\/#website\"},\"primaryImageOfPage\":{\"@id\":\"https:\/\/ironsky.pl\/sklep\/produkt\/uchwyt-do-kontrolera-sunnylife-gs998-do-rc-plus-2\/#primaryimage\"},\"image\":{\"@id\":\"https:\/\/ironsky.pl\/sklep\/produkt\/uchwyt-do-kontrolera-sunnylife-gs998-do-rc-plus-2\/#primaryimage\"},\"thumbnailUrl\":\"https:\/\/ironsky.pl\/sklep\/wp-content\/uploads\/2025\/10\/53184_2.jpg\",\"datePublished\":\"2026-04-15T09:03:10+00:00\",\"dateModified\":\"2026-04-15T09:03:27+00:00\",\"description\":\"Uchwyt do kontrolera SUNNYLIFE GS998 do RC Plus 2 - \u2705 sklep z dronami i fachowym doradztwem. \u2705 Tutaj kupisz produkty DJI, Yuneec, Parrot, Syma i wiele innych, a tak\u017ce kursy i licencje na operatora drona.\",\"breadcrumb\":{\"@id\":\"https:\/\/ironsky.pl\/sklep\/produkt\/uchwyt-do-kontrolera-sunnylife-gs998-do-rc-plus-2\/#breadcrumb\"},\"inLanguage\":\"pl-PL\",\"potentialAction\":[{\"@type\":\"ReadAction\",\"target\":[\"https:\/\/ironsky.pl\/sklep\/produkt\/uchwyt-do-kontrolera-sunnylife-gs998-do-rc-plus-2\/\"]}]},{\"@type\":\"ImageObject\",\"inLanguage\":\"pl-PL\",\"@id\":\"https:\/\/ironsky.pl\/sklep\/produkt\/uchwyt-do-kontrolera-sunnylife-gs998-do-rc-plus-2\/#primaryimage\",\"url\":\"https:\/\/ironsky.pl\/sklep\/wp-content\/uploads\/2025\/10\/53184_2.jpg\",\"contentUrl\":\"https:\/\/ironsky.pl\/sklep\/wp-content\/uploads\/2025\/10\/53184_2.jpg\",\"width\":800,\"height\":800},{\"@type\":\"BreadcrumbList\",\"@id\":\"https:\/\/ironsky.pl\/sklep\/produkt\/uchwyt-do-kontrolera-sunnylife-gs998-do-rc-plus-2\/#breadcrumb\",\"itemListElement\":[{\"@type\":\"ListItem\",\"position\":1,\"name\":\"Strona g\u0142\u00f3wna\",\"item\":\"https:\/\/ironsky.pl\/sklep\/\"},{\"@type\":\"ListItem\",\"position\":2,\"name\":\"Wszystkie produkty\",\"item\":\"https:\/\/ironsky.pl\/sklep\/produkty\/\"},{\"@type\":\"ListItem\",\"position\":3,\"name\":\"Uchwyt do kontrolera SUNNYLIFE GS998 do RC Plus 2\"}]},{\"@type\":\"WebSite\",\"@id\":\"https:\/\/ironsky.pl\/sklep\/#website\",\"url\":\"https:\/\/ironsky.pl\/sklep\/\",\"name\":\"IRONSKY.PL Sklep z Dronami\",\"description\":\"IRONSKY.PL Sklep z Dronami\",\"potentialAction\":[{\"@type\":\"SearchAction\",\"target\":{\"@type\":\"EntryPoint\",\"urlTemplate\":\"https:\/\/ironsky.pl\/sklep\/?s={search_term_string}\"},\"query-input\":{\"@type\":\"PropertyValueSpecification\",\"valueRequired\":true,\"valueName\":\"search_term_string\"}}],\"inLanguage\":\"pl-PL\"}]}<\/script>\n<!-- \/ Yoast SEO plugin. -->","yoast_head_json":{"title":"Uchwyt do kontrolera SUNNYLIFE GS998 do RC Plus 2 - IRONSKY.PL Sklep z Dronami","description":"Uchwyt do kontrolera SUNNYLIFE GS998 do RC Plus 2 - \u2705 sklep z dronami i fachowym doradztwem. \u2705 Tutaj kupisz produkty DJI, Yuneec, Parrot, Syma i wiele innych, a tak\u017ce kursy i licencje na operatora drona.","robots":{"index":"index","follow":"follow","max-snippet":"max-snippet:-1","max-image-preview":"max-image-preview:large","max-video-preview":"max-video-preview:-1"},"canonical":"https:\/\/ironsky.pl\/sklep\/produkt\/uchwyt-do-kontrolera-sunnylife-gs998-do-rc-plus-2\/","og_locale":"pl_PL","og_type":"article","og_title":"Uchwyt do kontrolera SUNNYLIFE GS998 do RC Plus 2 - IRONSKY.PL Sklep z Dronami","og_description":"Uchwyt do kontrolera SUNNYLIFE GS998 do RC Plus 2 - \u2705 sklep z dronami i fachowym doradztwem. \u2705 Tutaj kupisz produkty DJI, Yuneec, Parrot, Syma i wiele innych, a tak\u017ce kursy i licencje na operatora drona.","og_url":"https:\/\/ironsky.pl\/sklep\/produkt\/uchwyt-do-kontrolera-sunnylife-gs998-do-rc-plus-2\/","og_site_name":"IRONSKY.PL Sklep z Dronami","article_modified_time":"2026-04-15T09:03:27+00:00","og_image":[{"width":800,"height":800,"url":"https:\/\/ironsky.pl\/sklep\/wp-content\/uploads\/2025\/10\/53184_2.jpg","type":"image\/jpeg"}],"twitter_card":"summary_large_image","twitter_misc":{"Szacowany czas czytania":"2 minuty"},"schema":{"@context":"https:\/\/schema.org","@graph":[{"@type":"WebPage","@id":"https:\/\/ironsky.pl\/sklep\/produkt\/uchwyt-do-kontrolera-sunnylife-gs998-do-rc-plus-2\/","url":"https:\/\/ironsky.pl\/sklep\/produkt\/uchwyt-do-kontrolera-sunnylife-gs998-do-rc-plus-2\/","name":"Uchwyt do kontrolera SUNNYLIFE GS998 do RC Plus 2 - IRONSKY.PL Sklep z Dronami","isPartOf":{"@id":"https:\/\/ironsky.pl\/sklep\/#website"},"primaryImageOfPage":{"@id":"https:\/\/ironsky.pl\/sklep\/produkt\/uchwyt-do-kontrolera-sunnylife-gs998-do-rc-plus-2\/#primaryimage"},"image":{"@id":"https:\/\/ironsky.pl\/sklep\/produkt\/uchwyt-do-kontrolera-sunnylife-gs998-do-rc-plus-2\/#primaryimage"},"thumbnailUrl":"https:\/\/ironsky.pl\/sklep\/wp-content\/uploads\/2025\/10\/53184_2.jpg","datePublished":"2026-04-15T09:03:10+00:00","dateModified":"2026-04-15T09:03:27+00:00","description":"Uchwyt do kontrolera SUNNYLIFE GS998 do RC Plus 2 - \u2705 sklep z dronami i fachowym doradztwem. \u2705 Tutaj kupisz produkty DJI, Yuneec, Parrot, Syma i wiele innych, a tak\u017ce kursy i licencje na operatora drona.","breadcrumb":{"@id":"https:\/\/ironsky.pl\/sklep\/produkt\/uchwyt-do-kontrolera-sunnylife-gs998-do-rc-plus-2\/#breadcrumb"},"inLanguage":"pl-PL","potentialAction":[{"@type":"ReadAction","target":["https:\/\/ironsky.pl\/sklep\/produkt\/uchwyt-do-kontrolera-sunnylife-gs998-do-rc-plus-2\/"]}]},{"@type":"ImageObject","inLanguage":"pl-PL","@id":"https:\/\/ironsky.pl\/sklep\/produkt\/uchwyt-do-kontrolera-sunnylife-gs998-do-rc-plus-2\/#primaryimage","url":"https:\/\/ironsky.pl\/sklep\/wp-content\/uploads\/2025\/10\/53184_2.jpg","contentUrl":"https:\/\/ironsky.pl\/sklep\/wp-content\/uploads\/2025\/10\/53184_2.jpg","width":800,"height":800},{"@type":"BreadcrumbList","@id":"https:\/\/ironsky.pl\/sklep\/produkt\/uchwyt-do-kontrolera-sunnylife-gs998-do-rc-plus-2\/#breadcrumb","itemListElement":[{"@type":"ListItem","position":1,"name":"Strona g\u0142\u00f3wna","item":"https:\/\/ironsky.pl\/sklep\/"},{"@type":"ListItem","position":2,"name":"Wszystkie produkty","item":"https:\/\/ironsky.pl\/sklep\/produkty\/"},{"@type":"ListItem","position":3,"name":"Uchwyt do kontrolera SUNNYLIFE GS998 do RC Plus 2"}]},{"@type":"WebSite","@id":"https:\/\/ironsky.pl\/sklep\/#website","url":"https:\/\/ironsky.pl\/sklep\/","name":"IRONSKY.PL Sklep z Dronami","description":"IRONSKY.PL Sklep z Dronami","potentialAction":[{"@type":"SearchAction","target":{"@type":"EntryPoint","urlTemplate":"https:\/\/ironsky.pl\/sklep\/?s={search_term_string}"},"query-input":{"@type":"PropertyValueSpecification","valueRequired":true,"valueName":"search_term_string"}}],"inLanguage":"pl-PL"}]}},"_links":{"self":[{"href":"https:\/\/ironsky.pl\/sklep\/wp-json\/wp\/v2\/product\/60516","targetHints":{"allow":["GET"]}}],"collection":[{"href":"https:\/\/ironsky.pl\/sklep\/wp-json\/wp\/v2\/product"}],"about":[{"href":"https:\/\/ironsky.pl\/sklep\/wp-json\/wp\/v2\/types\/product"}],"replies":[{"embeddable":true,"href":"https:\/\/ironsky.pl\/sklep\/wp-json\/wp\/v2\/comments?post=60516"}],"wp:featuredmedia":[{"embeddable":true,"href":"https:\/\/ironsky.pl\/sklep\/wp-json\/wp\/v2\/media\/49245"}],"wp:attachment":[{"href":"https:\/\/ironsky.pl\/sklep\/wp-json\/wp\/v2\/media?parent=60516"}],"wp:term":[{"taxonomy":"product_brand","embeddable":true,"href":"https:\/\/ironsky.pl\/sklep\/wp-json\/wp\/v2\/product_brand?post=60516"},{"taxonomy":"product_cat","embeddable":true,"href":"https:\/\/ironsky.pl\/sklep\/wp-json\/wp\/v2\/product_cat?post=60516"},{"taxonomy":"product_tag","embeddable":true,"href":"https:\/\/ironsky.pl\/sklep\/wp-json\/wp\/v2\/product_tag?post=60516"}],"curies":[{"name":"wp","href":"https:\/\/api.w.org\/{rel}","templated":true}]}}