{"id":60514,"date":"2026-04-15T11:03:10","date_gmt":"2026-04-15T09:03:10","guid":{"rendered":"https:\/\/ironsky.pl\/sklep\/produkt\/uchwyt-rowerowy-sunnylife-zj942-r-pod-siodelko\/"},"modified":"2026-04-15T11:03:25","modified_gmt":"2026-04-15T09:03:25","slug":"uchwyt-rowerowy-sunnylife-zj942-r-pod-siodelko","status":"publish","type":"product","link":"https:\/\/ironsky.pl\/sklep\/produkt\/uchwyt-rowerowy-sunnylife-zj942-r-pod-siodelko\/","title":{"rendered":"Uchwyt rowerowy SUNNYLIFE ZJ942-R pod siode\u0142ko"},"content":{"rendered":"<h3>Uchwyt rowerowy Sunnylife ZJ942-R do Action 5 Pro\/ Insta360 GO 3S\/ GoPro 13<\/h3>\n<p>Zarejestruj ka\u017cd\u0105 chwil\u0119 z zupe\u0142nie nowej perspektywy dzi\u0119ki uchwytowi na rower Sunnylife ZJ942-R. Ten precyzyjnie wykonany, aluminiowy uchwyt montowany pod siode\u0142kiem pozwala uchwyci\u0107 widok za Tob\u0105 lub zarejestrowa\u0107, jak wygl\u0105dasz w kadrze z tylnej kamery. Jest kompatybilny z wi\u0119kszo\u015bci\u0105 kamer sportowych (takich jak Action 5 Pro, Insta360 GO 3S czy GoPro 13) i gwarantuje stabilno\u015b\u0107, szybko\u015b\u0107 monta\u017cu oraz ochron\u0119 Twojego sprz\u0119tu i roweru. To idealne rozwi\u0105zanie dla pasjonat\u00f3w kolarstwa i filmowania.<\/p>\n<p>\n<img decoding=\"async\" src=\"https:\/\/assets.innpro.pl\/16038\/20226\/3.jpg\" border=\"0\" alt=\"\" \/>\n<\/p>\n<h3>Rejestruj to, co dzieje si\u0119 za Tob\u0105<\/h3>\n<p>Monta\u017c uchwytu pod siode\u0142kiem rowerowym umo\u017cliwia nagrywanie tego, co dzieje si\u0119 za Twoimi plecami \u2014 niezale\u017cnie od tego, czy chcesz uchwyci\u0107 widok z trasy, czy by\u0107 g\u0142\u00f3wnym bohaterem uj\u0119cia z tylnej perspektywy. To doskona\u0142y spos\u00f3b, by doda\u0107 r\u00f3\u017cnorodno\u015bci do swoich nagra\u0144 i stworzy\u0107 bardziej dynamiczny materia\u0142 wideo.<\/p>\n<p>\n<img decoding=\"async\" src=\"https:\/\/assets.innpro.pl\/16038\/20226\/2.jpg\" border=\"0\" alt=\"\" \/>\n<\/p>\n<h3>Solidna konstrukcja z aluminium CNC<\/h3>\n<p>Uchwyt Sunnylife ZJ942-R zosta\u0142 wykonany z lekkiego, a zarazem wyj\u0105tkowo wytrzyma\u0142ego stopu aluminium, obrabianego metod\u0105 CNC. Taka konstrukcja zapewnia odporno\u015b\u0107 na wstrz\u0105sy i warunki terenowe, zachowuj\u0105c przy tym lekk\u0105 wag\u0119, kt\u00f3ra nie obci\u0105\u017ca roweru.<\/p>\n<p>\n<img decoding=\"async\" src=\"https:\/\/assets.innpro.pl\/16038\/20226\/5.jpg\" border=\"0\" alt=\"\" \/>\n<\/p>\n<h3>Kompatybilny z wi\u0119kszo\u015bci\u0105 kamer sportowych<\/h3>\n<p>Uchwyt zosta\u0142 wyposa\u017cony w standardowy interfejs typu 3-prong, kt\u00f3ry, z pomoc\u0105 adaptera 1\/4&#8243;, wsp\u00f3\u0142pracuje z wi\u0119kszo\u015bci\u0105 dost\u0119pnych na rynku kamer sportowych. Dzi\u0119ki temu mo\u017cesz korzysta\u0107 ze swojego ulubionego sprz\u0119tu bez potrzeby kupowania dodatkowych mocowa\u0144.<\/p>\n<p>\n<img decoding=\"async\" src=\"https:\/\/assets.innpro.pl\/16038\/20226\/6.jpg\" border=\"0\" alt=\"\" \/>\n<\/p>\n<h3>Stabilny monta\u017c i szybka instalacja<\/h3>\n<p>W zestawie znajdziesz klucz imbusowy, kt\u00f3ry umo\u017cliwia szybki i pewny monta\u017c uchwytu pod siode\u0142kiem. Ca\u0142o\u015b\u0107 jest nie tylko \u0142atwa w instalacji, ale tak\u017ce wyj\u0105tkowo stabilna \u2014 nawet na wymagaj\u0105cych trasach i przy du\u017cych pr\u0119dko\u015bciach.<\/p>\n<p>\n<img decoding=\"async\" src=\"https:\/\/assets.innpro.pl\/16038\/20226\/4.jpg\" border=\"0\" alt=\"\" \/>\n<\/p>\n<h3>Bezpieczny dla Twojego roweru<\/h3>\n<p>Mi\u0119kkie silikonowe podk\u0142adki chroni\u0105 ram\u0119 roweru przed zarysowaniami i poprawiaj\u0105 przyleganie uchwytu do powierzchni siode\u0142ka. Dzi\u0119ki nim mo\u017cesz mie\u0107 pewno\u015b\u0107, \u017ce zar\u00f3wno rower, jak i kamera s\u0105 odpowiednio zabezpieczone podczas jazdy.<\/p>\n<p>\n<img decoding=\"async\" src=\"https:\/\/assets.innpro.pl\/16038\/20226\/1.jpg\" border=\"0\" alt=\"\" \/>\n<\/p>\n<h3>W zestawie<\/h3>\n<ul class=\"list-disc pl-5\">\n<li>Uchwyt na siode\u0142ko roweru<\/li>\n<li>\u015aruba blokuj\u0105ca<\/li>\n<li>Klucz sze\u015bciok\u0105tny<\/li>\n<li>Instrukcja obs\u0142ugi<\/li>\n<\/ul>\n<div class=\"table-wrapper\">\n<p>\u00a0<\/p>\n<h3><\/h3>\n<table>\n<tbody>\n<tr>\n<th>Producent<\/th>\n<td>Sunnylife<\/td>\n<\/tr>\n<tr>\n<th>Model<\/th>\n<td>ZJ942-R<\/td>\n<\/tr>\n<tr>\n<th>Kompatybilno\u015b\u0107<\/th>\n<td>Action 5 Pro\/ Insta360 GO 3S\/ GoPro 13<\/td>\n<\/tr>\n<tr>\n<th>Materia\u0142 wykonania<\/th>\n<td>Stop aluminium, silikon<\/td>\n<\/tr>\n<tr>\n<th>Waga<\/th>\n<td>51 g<\/td>\n<\/tr>\n<tr>\n<th>Kolor<\/th>\n<td>Czerwony<\/td>\n<\/tr>\n<\/tbody>\n<\/table>\n<\/div>\n","protected":false},"excerpt":{"rendered":"<p>Uchwyt rowerowy Sunnylife ZJ942-R do Action 5 Pro\/ Insta360 GO 3S\/ GoPro 13 Zarejestruj ka\u017cd\u0105 chwil\u0119 z zupe\u0142nie nowej perspektywy<\/p>\n","protected":false},"featured_media":49241,"comment_status":"closed","ping_status":"open","template":"","meta":{"_acf_changed":false},"product_brand":[],"product_cat":[1128,6178,6176,6177,6181,1138],"product_tag":[],"class_list":{"0":"post-60514","1":"product","2":"type-product","3":"status-publish","4":"has-post-thumbnail","6":"product_cat-foto-wideo","7":"product_cat-mocowania","8":"product_cat-selfie-stiki","9":"product_cat-statywy-selfie-stiki","10":"product_cat-szelki-mocowania-i-uchwyty","11":"product_cat-wysiegniki","12":"pa_okres-gwarancji-5754","13":"pa_producent-sunnylife","15":"first","16":"outofstock","17":"taxable","18":"shipping-taxable","19":"purchasable","20":"product-type-simple"},"acf":[],"yoast_head":"<!-- This site is optimized with the Yoast SEO plugin v27.2 - https:\/\/yoast.com\/product\/yoast-seo-wordpress\/ -->\n<title>Uchwyt rowerowy SUNNYLIFE ZJ942-R pod siode\u0142ko - IRONSKY.PL Sklep z Dronami<\/title>\n<meta name=\"description\" content=\"Uchwyt rowerowy SUNNYLIFE ZJ942-R pod siode\u0142ko - \u2705 sklep z dronami i fachowym doradztwem. \u2705 Tutaj kupisz produkty DJI, Yuneec, Parrot, Syma i wiele innych, a tak\u017ce kursy i licencje na operatora drona.\" \/>\n<meta name=\"robots\" content=\"index, follow, max-snippet:-1, max-image-preview:large, max-video-preview:-1\" \/>\n<link rel=\"canonical\" href=\"https:\/\/ironsky.pl\/sklep\/produkt\/uchwyt-rowerowy-sunnylife-zj942-r-pod-siodelko\/\" \/>\n<meta property=\"og:locale\" content=\"pl_PL\" \/>\n<meta property=\"og:type\" content=\"article\" \/>\n<meta property=\"og:title\" content=\"Uchwyt rowerowy SUNNYLIFE ZJ942-R pod siode\u0142ko - IRONSKY.PL Sklep z Dronami\" \/>\n<meta property=\"og:description\" content=\"Uchwyt rowerowy SUNNYLIFE ZJ942-R pod siode\u0142ko - \u2705 sklep z dronami i fachowym doradztwem. \u2705 Tutaj kupisz produkty DJI, Yuneec, Parrot, Syma i wiele innych, a tak\u017ce kursy i licencje na operatora drona.\" \/>\n<meta property=\"og:url\" content=\"https:\/\/ironsky.pl\/sklep\/produkt\/uchwyt-rowerowy-sunnylife-zj942-r-pod-siodelko\/\" \/>\n<meta property=\"og:site_name\" content=\"IRONSKY.PL Sklep z Dronami\" \/>\n<meta property=\"article:modified_time\" content=\"2026-04-15T09:03:25+00:00\" \/>\n<meta property=\"og:image\" content=\"https:\/\/ironsky.pl\/sklep\/wp-content\/uploads\/2025\/10\/53182_1.jpg\" \/>\n\t<meta property=\"og:image:width\" content=\"800\" \/>\n\t<meta property=\"og:image:height\" content=\"800\" \/>\n\t<meta property=\"og:image:type\" content=\"image\/jpeg\" \/>\n<meta name=\"twitter:card\" content=\"summary_large_image\" \/>\n<meta name=\"twitter:label1\" content=\"Szacowany czas czytania\" \/>\n\t<meta name=\"twitter:data1\" content=\"2 minuty\" \/>\n<script type=\"application\/ld+json\" class=\"yoast-schema-graph\">{\"@context\":\"https:\/\/schema.org\",\"@graph\":[{\"@type\":\"WebPage\",\"@id\":\"https:\/\/ironsky.pl\/sklep\/produkt\/uchwyt-rowerowy-sunnylife-zj942-r-pod-siodelko\/\",\"url\":\"https:\/\/ironsky.pl\/sklep\/produkt\/uchwyt-rowerowy-sunnylife-zj942-r-pod-siodelko\/\",\"name\":\"Uchwyt rowerowy SUNNYLIFE ZJ942-R pod siode\u0142ko - IRONSKY.PL Sklep z Dronami\",\"isPartOf\":{\"@id\":\"https:\/\/ironsky.pl\/sklep\/#website\"},\"primaryImageOfPage\":{\"@id\":\"https:\/\/ironsky.pl\/sklep\/produkt\/uchwyt-rowerowy-sunnylife-zj942-r-pod-siodelko\/#primaryimage\"},\"image\":{\"@id\":\"https:\/\/ironsky.pl\/sklep\/produkt\/uchwyt-rowerowy-sunnylife-zj942-r-pod-siodelko\/#primaryimage\"},\"thumbnailUrl\":\"https:\/\/ironsky.pl\/sklep\/wp-content\/uploads\/2025\/10\/53182_1.jpg\",\"datePublished\":\"2026-04-15T09:03:10+00:00\",\"dateModified\":\"2026-04-15T09:03:25+00:00\",\"description\":\"Uchwyt rowerowy SUNNYLIFE ZJ942-R pod siode\u0142ko - \u2705 sklep z dronami i fachowym doradztwem. \u2705 Tutaj kupisz produkty DJI, Yuneec, Parrot, Syma i wiele innych, a tak\u017ce kursy i licencje na operatora drona.\",\"breadcrumb\":{\"@id\":\"https:\/\/ironsky.pl\/sklep\/produkt\/uchwyt-rowerowy-sunnylife-zj942-r-pod-siodelko\/#breadcrumb\"},\"inLanguage\":\"pl-PL\",\"potentialAction\":[{\"@type\":\"ReadAction\",\"target\":[\"https:\/\/ironsky.pl\/sklep\/produkt\/uchwyt-rowerowy-sunnylife-zj942-r-pod-siodelko\/\"]}]},{\"@type\":\"ImageObject\",\"inLanguage\":\"pl-PL\",\"@id\":\"https:\/\/ironsky.pl\/sklep\/produkt\/uchwyt-rowerowy-sunnylife-zj942-r-pod-siodelko\/#primaryimage\",\"url\":\"https:\/\/ironsky.pl\/sklep\/wp-content\/uploads\/2025\/10\/53182_1.jpg\",\"contentUrl\":\"https:\/\/ironsky.pl\/sklep\/wp-content\/uploads\/2025\/10\/53182_1.jpg\",\"width\":800,\"height\":800},{\"@type\":\"BreadcrumbList\",\"@id\":\"https:\/\/ironsky.pl\/sklep\/produkt\/uchwyt-rowerowy-sunnylife-zj942-r-pod-siodelko\/#breadcrumb\",\"itemListElement\":[{\"@type\":\"ListItem\",\"position\":1,\"name\":\"Strona g\u0142\u00f3wna\",\"item\":\"https:\/\/ironsky.pl\/sklep\/\"},{\"@type\":\"ListItem\",\"position\":2,\"name\":\"Wszystkie produkty\",\"item\":\"https:\/\/ironsky.pl\/sklep\/produkty\/\"},{\"@type\":\"ListItem\",\"position\":3,\"name\":\"Uchwyt rowerowy SUNNYLIFE ZJ942-R pod siode\u0142ko\"}]},{\"@type\":\"WebSite\",\"@id\":\"https:\/\/ironsky.pl\/sklep\/#website\",\"url\":\"https:\/\/ironsky.pl\/sklep\/\",\"name\":\"IRONSKY.PL Sklep z Dronami\",\"description\":\"IRONSKY.PL Sklep z Dronami\",\"potentialAction\":[{\"@type\":\"SearchAction\",\"target\":{\"@type\":\"EntryPoint\",\"urlTemplate\":\"https:\/\/ironsky.pl\/sklep\/?s={search_term_string}\"},\"query-input\":{\"@type\":\"PropertyValueSpecification\",\"valueRequired\":true,\"valueName\":\"search_term_string\"}}],\"inLanguage\":\"pl-PL\"}]}<\/script>\n<!-- \/ Yoast SEO plugin. -->","yoast_head_json":{"title":"Uchwyt rowerowy SUNNYLIFE ZJ942-R pod siode\u0142ko - IRONSKY.PL Sklep z Dronami","description":"Uchwyt rowerowy SUNNYLIFE ZJ942-R pod siode\u0142ko - \u2705 sklep z dronami i fachowym doradztwem. \u2705 Tutaj kupisz produkty DJI, Yuneec, Parrot, Syma i wiele innych, a tak\u017ce kursy i licencje na operatora drona.","robots":{"index":"index","follow":"follow","max-snippet":"max-snippet:-1","max-image-preview":"max-image-preview:large","max-video-preview":"max-video-preview:-1"},"canonical":"https:\/\/ironsky.pl\/sklep\/produkt\/uchwyt-rowerowy-sunnylife-zj942-r-pod-siodelko\/","og_locale":"pl_PL","og_type":"article","og_title":"Uchwyt rowerowy SUNNYLIFE ZJ942-R pod siode\u0142ko - IRONSKY.PL Sklep z Dronami","og_description":"Uchwyt rowerowy SUNNYLIFE ZJ942-R pod siode\u0142ko - \u2705 sklep z dronami i fachowym doradztwem. \u2705 Tutaj kupisz produkty DJI, Yuneec, Parrot, Syma i wiele innych, a tak\u017ce kursy i licencje na operatora drona.","og_url":"https:\/\/ironsky.pl\/sklep\/produkt\/uchwyt-rowerowy-sunnylife-zj942-r-pod-siodelko\/","og_site_name":"IRONSKY.PL Sklep z Dronami","article_modified_time":"2026-04-15T09:03:25+00:00","og_image":[{"width":800,"height":800,"url":"https:\/\/ironsky.pl\/sklep\/wp-content\/uploads\/2025\/10\/53182_1.jpg","type":"image\/jpeg"}],"twitter_card":"summary_large_image","twitter_misc":{"Szacowany czas czytania":"2 minuty"},"schema":{"@context":"https:\/\/schema.org","@graph":[{"@type":"WebPage","@id":"https:\/\/ironsky.pl\/sklep\/produkt\/uchwyt-rowerowy-sunnylife-zj942-r-pod-siodelko\/","url":"https:\/\/ironsky.pl\/sklep\/produkt\/uchwyt-rowerowy-sunnylife-zj942-r-pod-siodelko\/","name":"Uchwyt rowerowy SUNNYLIFE ZJ942-R pod siode\u0142ko - IRONSKY.PL Sklep z Dronami","isPartOf":{"@id":"https:\/\/ironsky.pl\/sklep\/#website"},"primaryImageOfPage":{"@id":"https:\/\/ironsky.pl\/sklep\/produkt\/uchwyt-rowerowy-sunnylife-zj942-r-pod-siodelko\/#primaryimage"},"image":{"@id":"https:\/\/ironsky.pl\/sklep\/produkt\/uchwyt-rowerowy-sunnylife-zj942-r-pod-siodelko\/#primaryimage"},"thumbnailUrl":"https:\/\/ironsky.pl\/sklep\/wp-content\/uploads\/2025\/10\/53182_1.jpg","datePublished":"2026-04-15T09:03:10+00:00","dateModified":"2026-04-15T09:03:25+00:00","description":"Uchwyt rowerowy SUNNYLIFE ZJ942-R pod siode\u0142ko - \u2705 sklep z dronami i fachowym doradztwem. \u2705 Tutaj kupisz produkty DJI, Yuneec, Parrot, Syma i wiele innych, a tak\u017ce kursy i licencje na operatora drona.","breadcrumb":{"@id":"https:\/\/ironsky.pl\/sklep\/produkt\/uchwyt-rowerowy-sunnylife-zj942-r-pod-siodelko\/#breadcrumb"},"inLanguage":"pl-PL","potentialAction":[{"@type":"ReadAction","target":["https:\/\/ironsky.pl\/sklep\/produkt\/uchwyt-rowerowy-sunnylife-zj942-r-pod-siodelko\/"]}]},{"@type":"ImageObject","inLanguage":"pl-PL","@id":"https:\/\/ironsky.pl\/sklep\/produkt\/uchwyt-rowerowy-sunnylife-zj942-r-pod-siodelko\/#primaryimage","url":"https:\/\/ironsky.pl\/sklep\/wp-content\/uploads\/2025\/10\/53182_1.jpg","contentUrl":"https:\/\/ironsky.pl\/sklep\/wp-content\/uploads\/2025\/10\/53182_1.jpg","width":800,"height":800},{"@type":"BreadcrumbList","@id":"https:\/\/ironsky.pl\/sklep\/produkt\/uchwyt-rowerowy-sunnylife-zj942-r-pod-siodelko\/#breadcrumb","itemListElement":[{"@type":"ListItem","position":1,"name":"Strona g\u0142\u00f3wna","item":"https:\/\/ironsky.pl\/sklep\/"},{"@type":"ListItem","position":2,"name":"Wszystkie produkty","item":"https:\/\/ironsky.pl\/sklep\/produkty\/"},{"@type":"ListItem","position":3,"name":"Uchwyt rowerowy SUNNYLIFE ZJ942-R pod siode\u0142ko"}]},{"@type":"WebSite","@id":"https:\/\/ironsky.pl\/sklep\/#website","url":"https:\/\/ironsky.pl\/sklep\/","name":"IRONSKY.PL Sklep z Dronami","description":"IRONSKY.PL Sklep z Dronami","potentialAction":[{"@type":"SearchAction","target":{"@type":"EntryPoint","urlTemplate":"https:\/\/ironsky.pl\/sklep\/?s={search_term_string}"},"query-input":{"@type":"PropertyValueSpecification","valueRequired":true,"valueName":"search_term_string"}}],"inLanguage":"pl-PL"}]}},"_links":{"self":[{"href":"https:\/\/ironsky.pl\/sklep\/wp-json\/wp\/v2\/product\/60514","targetHints":{"allow":["GET"]}}],"collection":[{"href":"https:\/\/ironsky.pl\/sklep\/wp-json\/wp\/v2\/product"}],"about":[{"href":"https:\/\/ironsky.pl\/sklep\/wp-json\/wp\/v2\/types\/product"}],"replies":[{"embeddable":true,"href":"https:\/\/ironsky.pl\/sklep\/wp-json\/wp\/v2\/comments?post=60514"}],"wp:featuredmedia":[{"embeddable":true,"href":"https:\/\/ironsky.pl\/sklep\/wp-json\/wp\/v2\/media\/49241"}],"wp:attachment":[{"href":"https:\/\/ironsky.pl\/sklep\/wp-json\/wp\/v2\/media?parent=60514"}],"wp:term":[{"taxonomy":"product_brand","embeddable":true,"href":"https:\/\/ironsky.pl\/sklep\/wp-json\/wp\/v2\/product_brand?post=60514"},{"taxonomy":"product_cat","embeddable":true,"href":"https:\/\/ironsky.pl\/sklep\/wp-json\/wp\/v2\/product_cat?post=60514"},{"taxonomy":"product_tag","embeddable":true,"href":"https:\/\/ironsky.pl\/sklep\/wp-json\/wp\/v2\/product_tag?post=60514"}],"curies":[{"name":"wp","href":"https:\/\/api.w.org\/{rel}","templated":true}]}}