{"id":60510,"date":"2026-04-15T11:03:10","date_gmt":"2026-04-15T09:03:10","guid":{"rendered":"https:\/\/ironsky.pl\/sklep\/produkt\/stacja-zasilania-ecoflow-stream-pro\/"},"modified":"2026-04-15T11:03:22","modified_gmt":"2026-04-15T09:03:22","slug":"stacja-zasilania-ecoflow-stream-pro","status":"publish","type":"product","link":"https:\/\/ironsky.pl\/sklep\/produkt\/stacja-zasilania-ecoflow-stream-pro\/","title":{"rendered":"Stacja zasilania ECOFLOW STREAM Pro"},"content":{"rendered":"<h3>Smart magazyn energii z mikroinwerterem 2w1 EcoFlow STREAM Pro<\/h3>\n<p>EcoFlow STREAM Pro to urz\u0105dzenie all-in-one, kt\u00f3re spe\u0142nia funkcj\u0119 magazynu energii, mikroinwertera i intelignetnych gniazdek. Mo\u017cna je \u0142adowa\u0107 zar\u00f3wno z gniazdka, jak i bezpo\u015brednio z paneli fotowoltaicznych \u2013 bez potrzeby stosowania dodatkowych mikroinwerter\u00f3w. Urz\u0105dzenie automatycznie magazynuje energi\u0119 wtedy, gdy pr\u0105d z sieci jest ta\u0144szy (np. poza szczytem), a nast\u0119pnie udost\u0119pnia j\u0105 w bardziej op\u0142acalnym momencie \u2013 co pozwala realnie obni\u017cy\u0107 rachunki. STREAM Pro potrafi te\u017c przekazywa\u0107 nadmiar energii do sieci (on-grid), wspieraj\u0105c bie\u017c\u0105ce zu\u017cycie w domu. Dzia\u0142a jak inteligentny, stacjonarny magazyn energii z funkcj\u0105 zasilania awaryjnego, kt\u00f3ry mo\u017cna zainstalowa\u0107 samodzielnie, bez ingerencji w instalacj\u0119 elektryczn\u0105. Dzi\u0119ki trzem wej\u015bciom MPPT obs\u0142uguje panele PV o \u0142\u0105cznej mocy do 1500 W, co sprawia, \u017ce \u015bwietnie sprawdza si\u0119 zar\u00f3wno w trybie samodzielnym, jak i jako cz\u0119\u015b\u0107 pe\u0142nego systemu solarnego.<\/p>\n<p>\n<img decoding=\"async\" src=\"https:\/\/assets.innpro.pl\/15034\/18818\/1.jpg\" border=\"0\" alt=\"\" \/>\n<\/p>\n<h3>Energia tam, gdzie jej potrzebujesz<\/h3>\n<p>STREAM Pro wyposa\u017cono w akumulator o pojemno\u015bci 1,92 kWh, kt\u00f3ry sprawdzi si\u0119 do wielogodzinnego zasilania wielu domowych urz\u0105dze\u0144 \u2013 od router\u00f3w i komputer\u00f3w po lod\u00f3wki czy o\u015bwietlenie. Akumulator charakteryzuje si\u0119 wysok\u0105 trwa\u0142o\u015bci\u0105 \u2013 do 6000 cykli \u0142adowania przy zachowaniu 70% pojemno\u015bci. Funkcja samoogrzewania umo\u017cliwia \u0142adowanie tak\u017ce przy niskich temperaturach \u2013 mechanizm aktywuje si\u0119 automatycznie, gdy temperatura otoczenia spadnie do 5\u00b0C lub ni\u017cej.<\/p>\n<p>\n<img decoding=\"async\" src=\"https:\/\/assets.innpro.pl\/15034\/18818\/2.jpg\" border=\"0\" alt=\"\" \/>\n<\/p>\n<h3>Praca on-grid i tryb awaryjny<\/h3>\n<p>STREAM Pro mo\u017ce zasila\u0107 domowe sprz\u0119ty z moc\u0105 do 1200 W z akumulatora, a tak\u017ce oddawa\u0107 energi\u0119 do sieci z maksymaln\u0105 moc\u0105 800 W (tryb on-grid). Kiedy akumulator si\u0119 wyczerpie, urz\u0105dzenie prze\u0142\u0105cza si\u0119 automatycznie w tryb bypass, umo\u017cliwiaj\u0105c zasilanie sprz\u0119t\u00f3w bezpo\u015brednio z sieci \u2013 z moc\u0105 do 2300 W (10 A). Dzi\u0119ki temu masz ci\u0105g\u0142o\u015b\u0107 zasilania niezale\u017cnie od poziomu na\u0142adowania.<\/p>\n<p>\n<img decoding=\"async\" src=\"https:\/\/assets.innpro.pl\/15034\/18818\/4.jpg\" border=\"0\" alt=\"\" \/>\n<\/p>\n<h3>Sterowanie z poziomu aplikacji<\/h3>\n<p>Dzi\u0119ki wbudowanej \u0142\u0105czno\u015bci Wi-Fi i Bluetooth mo\u017cesz zarz\u0105dza\u0107 STREAM Pro z poziomu aplikacji EcoFlow. Otrzymujesz dost\u0119p do danych o zu\u017cyciu energii, mo\u017cesz ustawia\u0107 harmonogramy \u0142adowania, sterowa\u0107 urz\u0105dzeniem zdalnie, a tak\u017ce korzysta\u0107 z zaawansowanych funkcji opartych na sztucznej inteligencji \u2013 niekt\u00f3re z nich s\u0105 dost\u0119pne w ramach subskrypcji premium.<\/p>\n<p>\n<img decoding=\"async\" src=\"https:\/\/assets.innpro.pl\/15034\/18818\/5.jpg\" border=\"0\" alt=\"\" \/>\n<\/p>\n<h3>Odporny, cichy, gotowy do dzia\u0142ania<\/h3>\n<p>Obudowa STREAM Pro spe\u0142nia norm\u0119 IP65 \u2013 urz\u0105dzenie jest odporne na kurz i zachlapania. Pracuje w temperaturze od -20\u00b0C do 55\u00b0C i emituje mniej ni\u017c 30 dB ha\u0142asu \u2013 czyli dzia\u0142a niemal bezg\u0142o\u015bnie. Mimo sporych mo\u017cliwo\u015bci, jego rozmiar pozostaje kompaktowy (284 \u00d7 255 \u00d7 458 mm), a waga to 22,8 kg.<\/p>\n<p>\n<img decoding=\"async\" src=\"https:\/\/assets.innpro.pl\/15034\/18818\/3.jpg\" border=\"0\" alt=\"\" \/>\n<\/p>\n<div class=\"table-wrapper\">\n<p>\u00a0<\/p>\n<h3><\/h3>\n<table>\n<tbody>\n<tr>\n<th>Producent<\/th>\n<td>EcoFlow<\/td>\n<\/tr>\n<tr>\n<th>Model<\/th>\n<td>Stream Pro<\/td>\n<\/tr>\n<tr>\n<th>Pojemno\u015b\u0107 akumulatora<\/th>\n<td>1,92 kWh<\/td>\n<\/tr>\n<tr>\n<th>Cykl \u017cycia<\/th>\n<td>6000 cykli do 70% pojemno\u015bci<\/td>\n<\/tr>\n<tr>\n<th>Wej\u015bcie AC<\/th>\n<td>1050 W<\/td>\n<\/tr>\n<tr>\n<th>Moc wyj\u015bciowa AC<\/th>\n<td>1200 W<\/td>\n<\/tr>\n<tr>\n<th>MPPT<\/th>\n<td>3<\/td>\n<\/tr>\n<tr>\n<th>Moc wej\u015bciowa PV<\/th>\n<td>1500 W (3 \u00d7 500 W)<\/td>\n<\/tr>\n<tr>\n<th>Wyj\u015bcie AC do sieci (on-grid)<\/th>\n<td>800 W<\/td>\n<\/tr>\n<tr>\n<th>Pr\u0105d \u0142adowania AC<\/th>\n<td>10 A<\/td>\n<\/tr>\n<tr>\n<th>Wyj\u015bcie bypass<\/th>\n<td>2300 W (10 A)<\/td>\n<\/tr>\n<tr>\n<th>Zakres temperatury pracy<\/th>\n<td>-20\u00b0C do 55\u00b0C<\/td>\n<\/tr>\n<tr>\n<th>Samoogrzewanie baterii<\/th>\n<td>Tak (aktywny przy \u22645\u00b0C)<\/td>\n<\/tr>\n<tr>\n<th>\u0141\u0105czno\u015b\u0107<\/th>\n<td>Wi-Fi \/ Bluetooth<\/td>\n<\/tr>\n<tr>\n<th>Stopie\u0144 ochrony<\/th>\n<td>IP65<\/td>\n<\/tr>\n<tr>\n<th>Waga<\/th>\n<td>22,8 kg<\/td>\n<\/tr>\n<tr>\n<th>Wymiary<\/th>\n<td>284 \u00d7 255 \u00d7 458 mm<\/td>\n<\/tr>\n<tr>\n<th>Poziom ha\u0142asu<\/th>\n<td>&lt;30 dB<\/td>\n<\/tr>\n<tr>\n<th>Gwarancja<\/th>\n<td>10 lat<\/td>\n<\/tr>\n<tr><\/tr>\n<\/tbody>\n<\/table>\n<\/div>\n","protected":false},"excerpt":{"rendered":"<p>Smart magazyn energii z mikroinwerterem 2w1 EcoFlow STREAM Pro EcoFlow STREAM Pro to urz\u0105dzenie all-in-one, kt\u00f3re spe\u0142nia funkcj\u0119 magazynu energii,<\/p>\n","protected":false},"featured_media":40580,"comment_status":"closed","ping_status":"open","template":"","meta":{"_acf_changed":false},"product_brand":[],"product_cat":[1108,1110,6235],"product_tag":[],"class_list":{"0":"post-60510","1":"product","2":"type-product","3":"status-publish","4":"has-post-thumbnail","6":"product_cat-energia","7":"product_cat-panele-fotowoltaiczne","8":"product_cat-systemy-balkonowe","9":"pa_120-m-5776","10":"pa_producent-ecoflow","12":"first","13":"outofstock","14":"taxable","15":"shipping-taxable","16":"purchasable","17":"product-type-simple"},"acf":[],"yoast_head":"<!-- This site is optimized with the Yoast SEO plugin v27.2 - https:\/\/yoast.com\/product\/yoast-seo-wordpress\/ -->\n<title>Stacja zasilania ECOFLOW STREAM Pro - IRONSKY.PL Sklep z Dronami<\/title>\n<meta name=\"description\" content=\"Stacja zasilania ECOFLOW STREAM Pro - \u2705 sklep z dronami i fachowym doradztwem. \u2705 Tutaj kupisz produkty DJI, Yuneec, Parrot, Syma i wiele innych, a tak\u017ce kursy i licencje na operatora drona.\" \/>\n<meta name=\"robots\" content=\"index, follow, max-snippet:-1, max-image-preview:large, max-video-preview:-1\" \/>\n<link rel=\"canonical\" href=\"https:\/\/ironsky.pl\/sklep\/produkt\/stacja-zasilania-ecoflow-stream-pro\/\" \/>\n<meta property=\"og:locale\" content=\"pl_PL\" \/>\n<meta property=\"og:type\" content=\"article\" \/>\n<meta property=\"og:title\" content=\"Stacja zasilania ECOFLOW STREAM Pro - IRONSKY.PL Sklep z Dronami\" \/>\n<meta property=\"og:description\" content=\"Stacja zasilania ECOFLOW STREAM Pro - \u2705 sklep z dronami i fachowym doradztwem. \u2705 Tutaj kupisz produkty DJI, Yuneec, Parrot, Syma i wiele innych, a tak\u017ce kursy i licencje na operatora drona.\" \/>\n<meta property=\"og:url\" content=\"https:\/\/ironsky.pl\/sklep\/produkt\/stacja-zasilania-ecoflow-stream-pro\/\" \/>\n<meta property=\"og:site_name\" content=\"IRONSKY.PL Sklep z Dronami\" \/>\n<meta property=\"article:modified_time\" content=\"2026-04-15T09:03:22+00:00\" \/>\n<meta property=\"og:image\" content=\"https:\/\/ironsky.pl\/sklep\/wp-content\/uploads\/2025\/05\/53178_4.jpg\" \/>\n\t<meta property=\"og:image:width\" content=\"800\" \/>\n\t<meta property=\"og:image:height\" content=\"800\" \/>\n\t<meta property=\"og:image:type\" content=\"image\/jpeg\" \/>\n<meta name=\"twitter:card\" content=\"summary_large_image\" \/>\n<meta name=\"twitter:label1\" content=\"Szacowany czas czytania\" \/>\n\t<meta name=\"twitter:data1\" content=\"2 minuty\" \/>\n<script type=\"application\/ld+json\" class=\"yoast-schema-graph\">{\"@context\":\"https:\/\/schema.org\",\"@graph\":[{\"@type\":\"WebPage\",\"@id\":\"https:\/\/ironsky.pl\/sklep\/produkt\/stacja-zasilania-ecoflow-stream-pro\/\",\"url\":\"https:\/\/ironsky.pl\/sklep\/produkt\/stacja-zasilania-ecoflow-stream-pro\/\",\"name\":\"Stacja zasilania ECOFLOW STREAM Pro - IRONSKY.PL Sklep z Dronami\",\"isPartOf\":{\"@id\":\"https:\/\/ironsky.pl\/sklep\/#website\"},\"primaryImageOfPage\":{\"@id\":\"https:\/\/ironsky.pl\/sklep\/produkt\/stacja-zasilania-ecoflow-stream-pro\/#primaryimage\"},\"image\":{\"@id\":\"https:\/\/ironsky.pl\/sklep\/produkt\/stacja-zasilania-ecoflow-stream-pro\/#primaryimage\"},\"thumbnailUrl\":\"https:\/\/ironsky.pl\/sklep\/wp-content\/uploads\/2025\/05\/53178_4.jpg\",\"datePublished\":\"2026-04-15T09:03:10+00:00\",\"dateModified\":\"2026-04-15T09:03:22+00:00\",\"description\":\"Stacja zasilania ECOFLOW STREAM Pro - \u2705 sklep z dronami i fachowym doradztwem. \u2705 Tutaj kupisz produkty DJI, Yuneec, Parrot, Syma i wiele innych, a tak\u017ce kursy i licencje na operatora drona.\",\"breadcrumb\":{\"@id\":\"https:\/\/ironsky.pl\/sklep\/produkt\/stacja-zasilania-ecoflow-stream-pro\/#breadcrumb\"},\"inLanguage\":\"pl-PL\",\"potentialAction\":[{\"@type\":\"ReadAction\",\"target\":[\"https:\/\/ironsky.pl\/sklep\/produkt\/stacja-zasilania-ecoflow-stream-pro\/\"]}]},{\"@type\":\"ImageObject\",\"inLanguage\":\"pl-PL\",\"@id\":\"https:\/\/ironsky.pl\/sklep\/produkt\/stacja-zasilania-ecoflow-stream-pro\/#primaryimage\",\"url\":\"https:\/\/ironsky.pl\/sklep\/wp-content\/uploads\/2025\/05\/53178_4.jpg\",\"contentUrl\":\"https:\/\/ironsky.pl\/sklep\/wp-content\/uploads\/2025\/05\/53178_4.jpg\",\"width\":800,\"height\":800},{\"@type\":\"BreadcrumbList\",\"@id\":\"https:\/\/ironsky.pl\/sklep\/produkt\/stacja-zasilania-ecoflow-stream-pro\/#breadcrumb\",\"itemListElement\":[{\"@type\":\"ListItem\",\"position\":1,\"name\":\"Strona g\u0142\u00f3wna\",\"item\":\"https:\/\/ironsky.pl\/sklep\/\"},{\"@type\":\"ListItem\",\"position\":2,\"name\":\"Wszystkie produkty\",\"item\":\"https:\/\/ironsky.pl\/sklep\/produkty\/\"},{\"@type\":\"ListItem\",\"position\":3,\"name\":\"Stacja zasilania ECOFLOW STREAM Pro\"}]},{\"@type\":\"WebSite\",\"@id\":\"https:\/\/ironsky.pl\/sklep\/#website\",\"url\":\"https:\/\/ironsky.pl\/sklep\/\",\"name\":\"IRONSKY.PL Sklep z Dronami\",\"description\":\"IRONSKY.PL Sklep z Dronami\",\"potentialAction\":[{\"@type\":\"SearchAction\",\"target\":{\"@type\":\"EntryPoint\",\"urlTemplate\":\"https:\/\/ironsky.pl\/sklep\/?s={search_term_string}\"},\"query-input\":{\"@type\":\"PropertyValueSpecification\",\"valueRequired\":true,\"valueName\":\"search_term_string\"}}],\"inLanguage\":\"pl-PL\"}]}<\/script>\n<!-- \/ Yoast SEO plugin. -->","yoast_head_json":{"title":"Stacja zasilania ECOFLOW STREAM Pro - IRONSKY.PL Sklep z Dronami","description":"Stacja zasilania ECOFLOW STREAM Pro - \u2705 sklep z dronami i fachowym doradztwem. \u2705 Tutaj kupisz produkty DJI, Yuneec, Parrot, Syma i wiele innych, a tak\u017ce kursy i licencje na operatora drona.","robots":{"index":"index","follow":"follow","max-snippet":"max-snippet:-1","max-image-preview":"max-image-preview:large","max-video-preview":"max-video-preview:-1"},"canonical":"https:\/\/ironsky.pl\/sklep\/produkt\/stacja-zasilania-ecoflow-stream-pro\/","og_locale":"pl_PL","og_type":"article","og_title":"Stacja zasilania ECOFLOW STREAM Pro - IRONSKY.PL Sklep z Dronami","og_description":"Stacja zasilania ECOFLOW STREAM Pro - \u2705 sklep z dronami i fachowym doradztwem. \u2705 Tutaj kupisz produkty DJI, Yuneec, Parrot, Syma i wiele innych, a tak\u017ce kursy i licencje na operatora drona.","og_url":"https:\/\/ironsky.pl\/sklep\/produkt\/stacja-zasilania-ecoflow-stream-pro\/","og_site_name":"IRONSKY.PL Sklep z Dronami","article_modified_time":"2026-04-15T09:03:22+00:00","og_image":[{"width":800,"height":800,"url":"https:\/\/ironsky.pl\/sklep\/wp-content\/uploads\/2025\/05\/53178_4.jpg","type":"image\/jpeg"}],"twitter_card":"summary_large_image","twitter_misc":{"Szacowany czas czytania":"2 minuty"},"schema":{"@context":"https:\/\/schema.org","@graph":[{"@type":"WebPage","@id":"https:\/\/ironsky.pl\/sklep\/produkt\/stacja-zasilania-ecoflow-stream-pro\/","url":"https:\/\/ironsky.pl\/sklep\/produkt\/stacja-zasilania-ecoflow-stream-pro\/","name":"Stacja zasilania ECOFLOW STREAM Pro - IRONSKY.PL Sklep z Dronami","isPartOf":{"@id":"https:\/\/ironsky.pl\/sklep\/#website"},"primaryImageOfPage":{"@id":"https:\/\/ironsky.pl\/sklep\/produkt\/stacja-zasilania-ecoflow-stream-pro\/#primaryimage"},"image":{"@id":"https:\/\/ironsky.pl\/sklep\/produkt\/stacja-zasilania-ecoflow-stream-pro\/#primaryimage"},"thumbnailUrl":"https:\/\/ironsky.pl\/sklep\/wp-content\/uploads\/2025\/05\/53178_4.jpg","datePublished":"2026-04-15T09:03:10+00:00","dateModified":"2026-04-15T09:03:22+00:00","description":"Stacja zasilania ECOFLOW STREAM Pro - \u2705 sklep z dronami i fachowym doradztwem. \u2705 Tutaj kupisz produkty DJI, Yuneec, Parrot, Syma i wiele innych, a tak\u017ce kursy i licencje na operatora drona.","breadcrumb":{"@id":"https:\/\/ironsky.pl\/sklep\/produkt\/stacja-zasilania-ecoflow-stream-pro\/#breadcrumb"},"inLanguage":"pl-PL","potentialAction":[{"@type":"ReadAction","target":["https:\/\/ironsky.pl\/sklep\/produkt\/stacja-zasilania-ecoflow-stream-pro\/"]}]},{"@type":"ImageObject","inLanguage":"pl-PL","@id":"https:\/\/ironsky.pl\/sklep\/produkt\/stacja-zasilania-ecoflow-stream-pro\/#primaryimage","url":"https:\/\/ironsky.pl\/sklep\/wp-content\/uploads\/2025\/05\/53178_4.jpg","contentUrl":"https:\/\/ironsky.pl\/sklep\/wp-content\/uploads\/2025\/05\/53178_4.jpg","width":800,"height":800},{"@type":"BreadcrumbList","@id":"https:\/\/ironsky.pl\/sklep\/produkt\/stacja-zasilania-ecoflow-stream-pro\/#breadcrumb","itemListElement":[{"@type":"ListItem","position":1,"name":"Strona g\u0142\u00f3wna","item":"https:\/\/ironsky.pl\/sklep\/"},{"@type":"ListItem","position":2,"name":"Wszystkie produkty","item":"https:\/\/ironsky.pl\/sklep\/produkty\/"},{"@type":"ListItem","position":3,"name":"Stacja zasilania ECOFLOW STREAM Pro"}]},{"@type":"WebSite","@id":"https:\/\/ironsky.pl\/sklep\/#website","url":"https:\/\/ironsky.pl\/sklep\/","name":"IRONSKY.PL Sklep z Dronami","description":"IRONSKY.PL Sklep z Dronami","potentialAction":[{"@type":"SearchAction","target":{"@type":"EntryPoint","urlTemplate":"https:\/\/ironsky.pl\/sklep\/?s={search_term_string}"},"query-input":{"@type":"PropertyValueSpecification","valueRequired":true,"valueName":"search_term_string"}}],"inLanguage":"pl-PL"}]}},"_links":{"self":[{"href":"https:\/\/ironsky.pl\/sklep\/wp-json\/wp\/v2\/product\/60510","targetHints":{"allow":["GET"]}}],"collection":[{"href":"https:\/\/ironsky.pl\/sklep\/wp-json\/wp\/v2\/product"}],"about":[{"href":"https:\/\/ironsky.pl\/sklep\/wp-json\/wp\/v2\/types\/product"}],"replies":[{"embeddable":true,"href":"https:\/\/ironsky.pl\/sklep\/wp-json\/wp\/v2\/comments?post=60510"}],"wp:featuredmedia":[{"embeddable":true,"href":"https:\/\/ironsky.pl\/sklep\/wp-json\/wp\/v2\/media\/40580"}],"wp:attachment":[{"href":"https:\/\/ironsky.pl\/sklep\/wp-json\/wp\/v2\/media?parent=60510"}],"wp:term":[{"taxonomy":"product_brand","embeddable":true,"href":"https:\/\/ironsky.pl\/sklep\/wp-json\/wp\/v2\/product_brand?post=60510"},{"taxonomy":"product_cat","embeddable":true,"href":"https:\/\/ironsky.pl\/sklep\/wp-json\/wp\/v2\/product_cat?post=60510"},{"taxonomy":"product_tag","embeddable":true,"href":"https:\/\/ironsky.pl\/sklep\/wp-json\/wp\/v2\/product_tag?post=60510"}],"curies":[{"name":"wp","href":"https:\/\/api.w.org\/{rel}","templated":true}]}}