{"id":60507,"date":"2026-04-15T11:03:10","date_gmt":"2026-04-15T09:03:10","guid":{"rendered":"https:\/\/ironsky.pl\/sklep\/produkt\/zestaw-fotowoltaiki-balkonowej-ecoflow-stream-ultra-u1\/"},"modified":"2026-04-15T11:03:18","modified_gmt":"2026-04-15T09:03:18","slug":"zestaw-fotowoltaiki-balkonowej-ecoflow-stream-ultra-u1","status":"publish","type":"product","link":"https:\/\/ironsky.pl\/sklep\/produkt\/zestaw-fotowoltaiki-balkonowej-ecoflow-stream-ultra-u1\/","title":{"rendered":"Zestaw fotowoltaiki balkonowej ECOFLOW Stream Ultra U1"},"content":{"rendered":"<h3>Fotowoltaika balkonowa EcoFlow Stream Complete Ultra U1<\/h3>\n<p>Zestaw balkonowy EcoFlow Stream Complete Ultra U1 to doskona\u0142e rozwi\u0105zanie dla ka\u017cdego, pragnie jak najbardziej zaoszcz\u0119dzi\u0107 na energii i jednocze\u015bnie zadba\u0107 o \u015brodowisko. W jego sk\u0142ad wchodzi pot\u0119\u017cny magazyn energii ze wbudowanym inwerterem o pojemno\u015bci 1,92 kWh, pi\u0119\u0107 paneli fotowoltaicznych Trina Solar 400 W oraz zestaw kabli do szybkiej instalacji bez potrzeby wiercenia. Ten kompaktowy i odporny na warunki atmosferyczne system pozwoli Ci produkowa\u0107 w\u0142asny pr\u0105d na balkonie, tarasie czy dzia\u0142ce, a tak\u017ce znacz\u0105co obni\u017cy\u0107 rachunki za energi\u0119.<\/p>\n<p>\n  <img decoding=\"async\" src=\"https:\/\/assets.innpro.pl\/15934\/20081\/2.jpg\" border=\"0\" alt=\"\">\n<\/p>\n<h3>Solidna konstrukcja w kompaktowej formie<\/h3>\n<p>EcoFlow STREAM Ultra U1 wa\u017cy oko\u0142o 23 kg, a jego niewielkie rozmiary (255 \u00d7 284 \u00d7 458 mm) pozwalaj\u0105 ustawi\u0107 go nawet w przestrzeni z ograniczonym miejscem. Wytrzyma\u0142a obudowa o klasie szczelno\u015bci IP65 skutecznie chroni przed py\u0142em i deszczem, a zaawansowane zabezpieczenia przepi\u0119ciowe (DC II \/ AC III) zapewniaj\u0105 stabiln\u0105 prac\u0119 urz\u0105dzenia tak\u017ce w trudnych warunkach sieciowych. Z EcoFlow zyskujesz nie tylko pot\u0119\u017cn\u0105 moc, ale tak\u017ce bezpiecze\u0144stwo u\u017cytkowania.&nbsp;<\/p>\n<p>\n  <img decoding=\"async\" src=\"https:\/\/assets.innpro.pl\/15934\/20081\/1.jpg\" border=\"0\" alt=\"\">\n<\/p>\n<h3>Energia, kt\u00f3ra nie zawodzi<\/h3>\n<p>EcoFlow Stream Complete Ultra U1 wyposa\u017cono w wydajny akumulator LFP o pojemno\u015bci 1,92 kWh i napi\u0119ciu 19,2 V. Zapewnia on d\u0142ugofalow\u0105 prac\u0119 bez spadku sprawno\u015bci nawet po 6000 cyklach \u0142adowania! To niezawodne \u017ar\u00f3d\u0142o energii, kt\u00f3re mo\u017ce z powodzeniem wspiera\u0107 codzienne zu\u017cycie pr\u0105du w domu lub w terenie.<\/p>\n<p>\n  <img decoding=\"async\" src=\"https:\/\/assets.innpro.pl\/15934\/20081\/3.jpg\" border=\"0\" alt=\"\">\n<\/p>\n<h3>Wi\u0119cej energii s\u0142onecznej<\/h3>\n<p>STREAM Ultra obs\u0142uguje do czterech niezale\u017cnych wej\u015b\u0107 MPPT, ka\u017cde o mocy do 500 W. Dzi\u0119ki szerokiemu zakresowi napi\u0119cia wej\u015bciowego (15\u201360 V) z \u0142atwo\u015bci\u0105 dopasujesz panele fotowoltaiczne, by wykorzysta\u0107 energi\u0119 s\u0142oneczn\u0105 z maksymaln\u0105 efektywno\u015bci\u0105 \u2013 niezale\u017cnie od rozmiaru instalacji.<\/p>\n<p>\n  <img decoding=\"async\" src=\"https:\/\/assets.innpro.pl\/15934\/20081\/4.jpg\" border=\"0\" alt=\"\">\n<\/p>\n<h3>Zasilanie dopasowane do Twoich potrzeb<\/h3>\n<p>Urz\u0105dzenie pozwala Ci na skorzystanie z kilka tryb\u00f3w zasilania AC, co umo\u017cliwia elastyczne zarz\u0105dzanie energi\u0105 w zale\u017cno\u015bci od pod\u0142\u0105czonych odbiornik\u00f3w. Od 800 W w trybie podstawowym, przez 1200 W w trybie urz\u0105dze\u0144, a\u017c po 2300 W przy po\u0142\u0105czeniu r\u00f3wnoleg\u0142ym. To sprawia, \u017ce STREAM Ultra U1 sprawdzi si\u0119 zar\u00f3wno w domu, jak i w profesjonalnym warsztacie.&nbsp;<\/p>\n<p>\n  <img decoding=\"async\" src=\"https:\/\/assets.innpro.pl\/15934\/20081\/5.jpg\" border=\"0\" alt=\"\">\n<\/p>\n<h3>Gotowy na ka\u017cde warunki pogodowe i terenowe<\/h3>\n<p>STREAM Ultra dzia\u0142a niezawodnie w skrajnych temperaturach (od -20\u00b0C do 55\u00b0C) oraz na wysoko\u015bciach do 4000 m n.p.m. Wilgotne warunki pracy? To r\u00f3wnie\u017c nie problem! Magazyn energii EcoFlow wytrzymuje wilgotno\u015b\u0107 do nawet 95%. Dzi\u0119ki temu urz\u0105dzenie jest doskona\u0142ym wyborem zar\u00f3wno do miejskich balkon\u00f3w, jak i g\u00f3rskich domk\u00f3w.<\/p>\n<p>\n  <img decoding=\"async\" src=\"https:\/\/assets.innpro.pl\/15934\/20081\/8.jpg\" border=\"0\" alt=\"\">\n<\/p>\n<h3>Zarz\u0105dzaj energi\u0105 zdalnie<\/h3>\n<p>Dzi\u0119ki wbudowanemu modu\u0142owi Bluetooth i Wi-Fi mo\u017cesz monitorowa\u0107 i konfigurowa\u0107 dzia\u0142anie zestawu za pomoc\u0105 aplikacji EcoFlow \u2013 gdziekolwiek jeste\u015b. Sprawdzaj zu\u017cycie energii, dostosowuj parametry pracy i miej pe\u0142n\u0105 kontrol\u0119 nad swoim systemem solarnym w czasie rzeczywistym. Ta wygoda sprawia, \u017ce mo\u017cesz kontrolowa\u0107 urz\u0105dzenie, nawet gdy odpoczywasz na wakacjach daleko od domu!<\/p>\n<p>\n  <img decoding=\"async\" src=\"https:\/\/assets.innpro.pl\/15934\/20081\/10.jpg\" border=\"0\" alt=\"\">\n<\/p>\n<h3>Panele, kt\u00f3re pracuj\u0105 w trudnych warunkach<\/h3>\n<p>Pi\u0119\u0107 paneli Trina Solar o mocy do 400 W ka\u017cdy to gwarancja wysokiej efektywno\u015bci (21,1%) i niezawodno\u015bci, nawet przy pochmurnej pogodzie. Technologia monokrystaliczna i wielobuskowa konstrukcja zapewniaj\u0105 skuteczne poch\u0142anianie \u015bwiat\u0142a, a ich kompaktowe wymiary umo\u017cliwiaj\u0105 \u0142atwy monta\u017c na balustradach czy balkonach.<\/p>\n<p>\n  <img decoding=\"async\" src=\"https:\/\/assets.innpro.pl\/15934\/20081\/13.jpg\" border=\"0\" alt=\"\">\n<\/p>\n<h3>Wygodna instalacja bez wiercenia<\/h3>\n<p>W zestawie znajdziesz r\u00f3wnie\u017c pi\u0119\u0107 p\u0142askich przewod\u00f3w EcoFlow PowerStream MC4 (0,5 m), kt\u00f3re mo\u017cna wygodnie przeci\u0105gn\u0105\u0107 pod drzwiami lub oknami, eliminuj\u0105c potrzeb\u0119 remontu czy wiercenia. Dodatkowe pi\u0119\u0107 kabli przed\u0142u\u017caj\u0105cych MC4 (3 m) pozwala swobodnie rozmie\u015bci\u0107 panele w optymalnie nas\u0142onecznionym miejscu \u2013 tak, jak potrzebujesz!<\/p>\n<p>\n  <img decoding=\"async\" src=\"https:\/\/assets.innpro.pl\/15934\/20081\/14.jpg\" border=\"0\" alt=\"\">\n<\/p>\n<h3>W zestawie<\/h3>\n<ul>\n<li>Smart magazyn energii z mikroinwerterem 2w1 EcoFlow STREAM Ultra<\/li>\n<li>Panel fotowoltaiczny Trina x5<\/li>\n<li>P\u0142aski kabel EcoFlow PowerStream MC4 x5<\/li>\n<li>Kabel przed\u0142u\u017caj\u0105cy EcoFlow do paneli fotowoltaicznych MC4 (3 m) x5<\/li>\n<\/ul>\n<div class=\"table-wrapper\">\n<p>&nbsp;<\/p>\n<h3>Og\u00f3lne<\/h3>\n<table>\n<tbody>\n<tr>\n<th>Producent<\/th>\n<td>EcoFlow<\/td>\n<\/tr>\n<tr>\n<th>Model<\/th>\n<td>STREAM Ultra<\/td>\n<\/tr>\n<tr>\n<th>Wymiary <\/th>\n<td>255 \u00d7 284 \u00d7 458 mm<\/td>\n<\/tr>\n<tr>\n<th>Waga<\/th>\n<td>23,1 kg<\/td>\n<\/tr>\n<tr>\n<th>Typologia <\/th>\n<td>Izolowany<\/td>\n<\/tr>\n<tr>\n<th>Klasa szczelno\u015bci (IP) <\/th>\n<td>IP65<\/td>\n<\/tr>\n<tr>\n<th>Kategoria zanieczyszczenia <\/th>\n<td>PD3<\/td>\n<\/tr>\n<tr>\n<th>Kategoria przepi\u0119ciowa (OVC) <\/th>\n<td>DC: II, AC: III<\/td>\n<\/tr>\n<tr>\n<th>Zastosowanie <\/th>\n<td>Na zewn\u0105trz \/ wewn\u0105trz<\/td>\n<\/tr>\n<tr>\n<th>Spos\u00f3b ch\u0142odzenia <\/th>\n<td>Naturalna konwekcja (bez wentylator\u00f3w)<\/td>\n<\/tr>\n<tr>\n<th>Pojemno\u015b\u0107 znamionowa <\/th>\n<td>1,92 kWh<\/td>\n<\/tr>\n<tr>\n<th>Napi\u0119cie znamionowe <\/th>\n<td>19,2 V<\/td>\n<\/tr>\n<tr>\n<th>Liczba cykli <\/th>\n<td>6000+<\/td>\n<\/tr>\n<tr>\n<th>Typ ogniwa <\/th>\n<td>LFP (litowo-\u017celazowo-fosforanowe)<\/td>\n<\/tr>\n<tr>\n<th>Liczba MPPT <\/th>\n<td>4<\/td>\n<\/tr>\n<tr>\n<th>Zakres napi\u0119cia MPPT <\/th>\n<td>15 V\u201360 V<\/td>\n<\/tr>\n<tr>\n<th>Maks. moc wej\u015bciowa <\/th>\n<td>2000 W (500 W na MPPT)<\/td>\n<\/tr>\n<tr>\n<th>Maks. napi\u0119cie wej\u015bciowe <\/th>\n<td>60 V<\/td>\n<\/tr>\n<tr>\n<th>Maks. pr\u0105d wej\u015bciowy <\/th>\n<td>14 A<\/td>\n<\/tr>\n<tr>\n<th>Maks. pr\u0105d zwarciowy wej\u015bcia <\/th>\n<td>20 A<\/td>\n<\/tr>\n<tr>\n<th>Napi\u0119cie i cz\u0119stotliwo\u015b\u0107 (Wyj\u015bcie sieciowe AC Grid Terminal)<\/th>\n<td>230 V~, 50 Hz<\/td>\n<\/tr>\n<tr>\n<th>Moc znamionowa <\/th>\n<td>800 W<\/td>\n<\/tr>\n<tr>\n<th>Pr\u0105d znamionowy <\/th>\n<td>3,48 A<\/td>\n<\/tr>\n<tr>\n<th>Maks. pr\u0105d wej\u015bciowy <\/th>\n<td>10 A<\/td>\n<\/tr>\n<tr>\n<th>Maks. moc wej\u015bciowa <\/th>\n<td>2300 W<\/td>\n<\/tr>\n<tr>\n<th>Wsp\u00f3\u0142czynnik mocy <\/th>\n<td>1 (0,8 do -0,8)<\/td>\n<\/tr>\n<tr>\n<th>Napi\u0119cie i cz\u0119stotliwo\u015b\u0107 (Wyj\u015bcie AC)<\/th>\n<td>230 V~, 50 Hz<\/td>\n<\/tr>\n<tr>\n<th>Maks. moc wyj\u015bciowa <\/th>\n<td>1200 W<\/td>\n<\/tr>\n<tr>\n<th>Pr\u0105d znamionowy wyj\u015bciowy <\/th>\n<td>5,22 A<\/td>\n<\/tr>\n<tr>\n<th>Maks. pr\u0105d wyj\u015bciowy (tryb bypass) <\/th>\n<td>10 A<\/td>\n<\/tr>\n<tr>\n<th>Maks. moc wej\u015bciowa <\/th>\n<td>800 W<\/td>\n<\/tr>\n<tr>\n<th>Maks. pr\u0105d wej\u015bciowy <\/th>\n<td>3,48 A<\/td>\n<\/tr>\n<tr>\n<th>Wsp\u00f3\u0142czynnik mocy <\/th>\n<td>1 (0,8 do -0,8)<\/td>\n<\/tr>\n<tr>\n<th>Napi\u0119cie i cz\u0119stotliwo\u015b\u0107 (Wyj\u015bcie r\u00f3wnoleg\u0142e AC Parallel Terminal<\/th>\n<td>230 V~, 50 Hz<\/td>\n<\/tr>\n<tr>\n<th>Maks. moc wyj\u015bciowa <\/th>\n<td>2300 W<\/td>\n<\/tr>\n<tr>\n<th>Maks. pr\u0105d wyj\u015bciowy <\/th>\n<td>10 A<\/td>\n<\/tr>\n<tr>\n<th>Maks. pr\u0105d wej\u015bciowy <\/th>\n<td>10 A<\/td>\n<\/tr>\n<tr>\n<th>Maks. moc wej\u015bciowa <\/th>\n<td>2300 W<\/td>\n<\/tr>\n<tr>\n<th>Wsp\u00f3\u0142czynnik mocy <\/th>\n<td>1 (0,8 do -0,8)<\/td>\n<\/tr>\n<tr>\n<th>Wysoko\u015b\u0107 pracy <\/th>\n<td>\u2264 4000 m n.p.m.<\/td>\n<\/tr>\n<tr>\n<th>Temperatura pracy <\/th>\n<td>-20\u00b0C do 55\u00b0C<\/td>\n<\/tr>\n<tr>\n<th>Temperatura przechowywania <\/th>\n<td>-20\u00b0C do 55\u00b0C<\/td>\n<\/tr>\n<tr>\n<th>Wilgotno\u015b\u0107 wzgl\u0119dna <\/th>\n<td>5%\u201395%<\/td>\n<\/tr>\n<tr>\n<th>\u0141\u0105czno\u015b\u0107 <\/th>\n<td>WLAN, Bluetooth<\/td>\n<\/tr>\n<tr>\n<th>Zarz\u0105dzanie <\/th>\n<td>Aplikacja EcoFlow<\/td>\n<\/tr>\n<\/tbody>\n<\/table>\n<p>&nbsp;<\/p>\n<h3>Panel Trina 400W (Dane elektryczne [STC])<\/h3>\n<table>\n<tbody>\n<tr>\n<th>Moc szczytowa-P MAX (Wp)*<\/th>\n<td>390 &#8211; 395 &#8211; 400 &#8211; 405<\/td>\n<\/tr>\n<tr>\n<th>Tolerancja mocy-P MAX (W)<\/th>\n<td>0~ +5<\/td>\n<\/tr>\n<tr>\n<th>Napi\u0119cie maksymalnej mocy-VMPP (V)<\/th>\n<td>33.8 &#8211; 34.0 &#8211; 34.2 &#8211; 34.4<\/td>\n<\/tr>\n<tr>\n<th>Pr\u0105d maksymalnej mocy-IMPP (A)<\/th>\n<td>11.54 &#8211; 11.62 &#8211; 11.70 &#8211; 11.77<\/td>\n<\/tr>\n<tr>\n<th>Napi\u0119cie obwodu otwartego-VOC (V) <\/th>\n<td>40.8 &#8211; 41.0 &#8211; 41.2 &#8211; 41.4<\/td>\n<\/tr>\n<tr>\n<th>Pr\u0105d zwarciowy-ISC (A)<\/th>\n<td>12.14 &#8211; 12.21 -12.28 &#8211; 12.34<\/td>\n<\/tr>\n<tr>\n<th>Sprawno\u015b\u0107 modu\u0142u \u03b7m (%)<\/th>\n<td>20.3 &#8211; 20.5 &#8211; 20.8 &#8211; 21.1<\/td>\n<\/tr>\n<\/tbody>\n<\/table>\n<p>&nbsp;<\/p>\n<h3>Panel Trina 400W (Dane elektryczne [NOCT])<\/h3>\n<table>\n<tbody>\n<tr>\n<th>Maksymalna moc-P MAX (Wp)<\/th>\n<td>295 &#8211; 298 &#8211; 302 &#8211; 306<\/td>\n<\/tr>\n<tr>\n<th>Napi\u0119cie maksymalnej mocy-VMPP (V)<\/th>\n<td>31.8 &#8211; 32.0 &#8211; 32.2 &#8211; 32.5<\/td>\n<\/tr>\n<tr>\n<th>Pr\u0105d maksymalnej mocy-IMPP (A)<\/th>\n<td>9.26 &#8211; 9.32 &#8211; 9.38 &#8211; 9.41<\/td>\n<\/tr>\n<tr>\n<th>Napi\u0119cie obwodu otwartego-VOC (V)<\/th>\n<td>38.4 &#8211; 38.6 &#8211; 38.8 &#8211; 38.9<\/td>\n<\/tr>\n<tr>\n<th>Pr\u0105d zwarciowy-ISC (A)<\/th>\n<td>9.78 &#8211; 9.84 &#8211; 9.90 &#8211; 9.95<\/td>\n<\/tr>\n<\/tbody>\n<\/table>\n<p>&nbsp;<\/p>\n<h3>Panel Trina 400W (Dane mechaniczne)<\/h3>\n<table>\n<tbody>\n<tr>\n<th>Ogniwa s\u0142oneczne<\/th>\n<td>Monokrystaliczne<\/td>\n<\/tr>\n<tr>\n<th>Liczba ogniw<\/th>\n<td>120 ogniw<\/td>\n<\/tr>\n<tr>\n<th>Wymiary modu\u0142<\/th>\n<td>1754 \u00d71096\u00d730 mm (69.06\u00d743.15\u00d71.18 cale)<\/td>\n<\/tr>\n<tr>\n<th>Waga<\/th>\n<td>21.0 kg (46.3 lb)<\/td>\n<\/tr>\n<tr>\n<th>Szk\u0142o<\/th>\n<td>3,2 mm (0,13 cala),Wysoka transmisja, pow\u0142oka AR na wzmocnionym cieplnie szkle<\/td>\n<\/tr>\n<tr>\n<th>Materia\u0142 encapsulan<\/th>\n<td>EVA\/POE<\/td>\n<\/tr>\n<tr>\n<th>Tylny arkus<\/th>\n<td>Bia\u0142y<\/td>\n<\/tr>\n<tr>\n<th>Ramy<\/th>\n<td>30 mm (1,18 cala) anodowane aluminium<\/td>\n<\/tr>\n<tr>\n<th>Skrzynka po\u0142\u0105czeniowa<\/th>\n<td>Klasa IP 68<\/td>\n<\/tr>\n<tr>\n<th>Kable<\/th>\n<td>Kabel technologii fotowoltaicznej 4,0 mm (0,006 cala), Portret: 280\/280 mm(11.02\/11.02 cale), D\u0142ugo\u015b\u0107 mo\u017ce by\u0107 dostosowana<\/td>\n<\/tr>\n<tr>\n<th>Z\u0142\u0105cze<\/th>\n<td>MC4 EVO2 \/ TS4<\/td>\n<\/tr>\n<\/tbody>\n<\/table>\n<p>&nbsp;<\/p>\n<h3>Panel Trina 400W (Oceny temperatury)<\/h3>\n<table>\n<tbody>\n<tr>\n<th>NOCT (Nominalna Temperatura Robocza Ogniwa)<\/th>\n<td>43\u00b0C (\u00b12\u00b0C)<\/td>\n<\/tr>\n<tr>\n<th>Wsp\u00f3\u0142czynnik temperaturowy PMAX<\/th>\n<td>&#8211; 0.34%\/\u00b0C<\/td>\n<\/tr>\n<tr>\n<th>Wsp\u00f3\u0142czynnik temperaturowy VOC<\/th>\n<td>&#8211; 0.25%\/\u00b0C<\/td>\n<\/tr>\n<tr>\n<th>Wsp\u00f3\u0142czynnik temperaturowy ISC<\/th>\n<td>0.04%\/\u00b0C<\/td>\n<\/tr>\n<\/tbody>\n<\/table>\n<p>&nbsp;<\/p>\n<h3>Panel Trina 400W (Maksymalne oceny)<\/h3>\n<table>\n<tbody>\n<tr>\n<th>Temperatura robocza<\/th>\n<td>-40~+85\u00baC<\/td>\n<\/tr>\n<tr>\n<th>Maksymalne napi\u0119cie systemu<\/th>\n<td>1500V DC (IEC), 1500V DC (UL)<\/td>\n<\/tr>\n<tr>\n<th>Maksymalne napi\u0119cie bezpiecznika szeregowego<\/th>\n<td>20A<\/td>\n<\/tr>\n<\/tbody>\n<\/table>\n<p>&nbsp;<\/p>\n<h3>Kabel przed\u0142u\u017caj\u0105cy EcoFlow do paneli fotowoltaicznych MC4<\/h3>\n<table>\n<tbody>\n<tr>\n<th>Rodzaj kabla<\/th>\n<td>Kabel przed\u0142u\u017caj\u0105cy MC4<\/td>\n<\/tr>\n<tr>\n<th>D\u0142ugo\u015b\u0107<\/th>\n<td>3 m<\/td>\n<\/tr>\n<\/tbody>\n<\/table>\n<p>&nbsp;<\/p>\n<h3>EcoFlow PowerStream p\u0142aski kabel MC4<\/h3>\n<table>\n<tbody>\n<tr>\n<th>Rodzaj kabla<\/th>\n<td>MC4<\/td>\n<\/tr>\n<tr>\n<th>D\u0142ugo\u015b\u0107<\/th>\n<td>0,5 m<\/td>\n<\/tr>\n<\/tbody>\n<\/table>\n<\/div>\n","protected":false},"excerpt":{"rendered":"<p>Fotowoltaika balkonowa EcoFlow Stream Complete Ultra U1 Zestaw balkonowy EcoFlow Stream Complete Ultra U1 to doskona\u0142e rozwi\u0105zanie dla ka\u017cdego, pragnie<\/p>\n","protected":false},"featured_media":40567,"comment_status":"closed","ping_status":"open","template":"","meta":{"_acf_changed":false},"product_brand":[],"product_cat":[1108,1110,6235],"product_tag":[],"class_list":{"0":"post-60507","1":"product","2":"type-product","3":"status-publish","4":"has-post-thumbnail","6":"product_cat-energia","7":"product_cat-panele-fotowoltaiczne","8":"product_cat-systemy-balkonowe","9":"pa_120-m-5776","10":"pa_producent-ecoflow","12":"first","13":"outofstock","14":"taxable","15":"shipping-taxable","16":"purchasable","17":"product-type-simple"},"acf":[],"yoast_head":"<!-- This site is optimized with the Yoast SEO plugin v27.2 - https:\/\/yoast.com\/product\/yoast-seo-wordpress\/ -->\n<title>Zestaw fotowoltaiki balkonowej ECOFLOW Stream Ultra U1 - IRONSKY.PL Sklep z Dronami<\/title>\n<meta name=\"description\" content=\"Zestaw fotowoltaiki balkonowej ECOFLOW Stream Ultra U1 - \u2705 sklep z dronami i fachowym doradztwem. \u2705 Tutaj kupisz produkty DJI, Yuneec, Parrot, Syma i wiele innych, a tak\u017ce kursy i licencje na operatora drona.\" \/>\n<meta name=\"robots\" content=\"index, follow, max-snippet:-1, max-image-preview:large, max-video-preview:-1\" \/>\n<link rel=\"canonical\" href=\"https:\/\/ironsky.pl\/sklep\/produkt\/zestaw-fotowoltaiki-balkonowej-ecoflow-stream-ultra-u1\/\" \/>\n<meta property=\"og:locale\" content=\"pl_PL\" \/>\n<meta property=\"og:type\" content=\"article\" \/>\n<meta property=\"og:title\" content=\"Zestaw fotowoltaiki balkonowej ECOFLOW Stream Ultra U1 - IRONSKY.PL Sklep z Dronami\" \/>\n<meta property=\"og:description\" content=\"Zestaw fotowoltaiki balkonowej ECOFLOW Stream Ultra U1 - \u2705 sklep z dronami i fachowym doradztwem. \u2705 Tutaj kupisz produkty DJI, Yuneec, Parrot, Syma i wiele innych, a tak\u017ce kursy i licencje na operatora drona.\" \/>\n<meta property=\"og:url\" content=\"https:\/\/ironsky.pl\/sklep\/produkt\/zestaw-fotowoltaiki-balkonowej-ecoflow-stream-ultra-u1\/\" \/>\n<meta property=\"og:site_name\" content=\"IRONSKY.PL Sklep z Dronami\" \/>\n<meta property=\"article:modified_time\" content=\"2026-04-15T09:03:18+00:00\" \/>\n<meta property=\"og:image\" content=\"https:\/\/ironsky.pl\/sklep\/wp-content\/uploads\/2025\/05\/53133_2.jpg\" \/>\n\t<meta property=\"og:image:width\" content=\"800\" \/>\n\t<meta property=\"og:image:height\" content=\"800\" \/>\n\t<meta property=\"og:image:type\" content=\"image\/jpeg\" \/>\n<meta name=\"twitter:card\" content=\"summary_large_image\" \/>\n<meta name=\"twitter:label1\" content=\"Szacowany czas czytania\" \/>\n\t<meta name=\"twitter:data1\" content=\"6 minut\" \/>\n<script type=\"application\/ld+json\" class=\"yoast-schema-graph\">{\"@context\":\"https:\/\/schema.org\",\"@graph\":[{\"@type\":\"WebPage\",\"@id\":\"https:\/\/ironsky.pl\/sklep\/produkt\/zestaw-fotowoltaiki-balkonowej-ecoflow-stream-ultra-u1\/\",\"url\":\"https:\/\/ironsky.pl\/sklep\/produkt\/zestaw-fotowoltaiki-balkonowej-ecoflow-stream-ultra-u1\/\",\"name\":\"Zestaw fotowoltaiki balkonowej ECOFLOW Stream Ultra U1 - IRONSKY.PL Sklep z Dronami\",\"isPartOf\":{\"@id\":\"https:\/\/ironsky.pl\/sklep\/#website\"},\"primaryImageOfPage\":{\"@id\":\"https:\/\/ironsky.pl\/sklep\/produkt\/zestaw-fotowoltaiki-balkonowej-ecoflow-stream-ultra-u1\/#primaryimage\"},\"image\":{\"@id\":\"https:\/\/ironsky.pl\/sklep\/produkt\/zestaw-fotowoltaiki-balkonowej-ecoflow-stream-ultra-u1\/#primaryimage\"},\"thumbnailUrl\":\"https:\/\/ironsky.pl\/sklep\/wp-content\/uploads\/2025\/05\/53133_2.jpg\",\"datePublished\":\"2026-04-15T09:03:10+00:00\",\"dateModified\":\"2026-04-15T09:03:18+00:00\",\"description\":\"Zestaw fotowoltaiki balkonowej ECOFLOW Stream Ultra U1 - \u2705 sklep z dronami i fachowym doradztwem. \u2705 Tutaj kupisz produkty DJI, Yuneec, Parrot, Syma i wiele innych, a tak\u017ce kursy i licencje na operatora drona.\",\"breadcrumb\":{\"@id\":\"https:\/\/ironsky.pl\/sklep\/produkt\/zestaw-fotowoltaiki-balkonowej-ecoflow-stream-ultra-u1\/#breadcrumb\"},\"inLanguage\":\"pl-PL\",\"potentialAction\":[{\"@type\":\"ReadAction\",\"target\":[\"https:\/\/ironsky.pl\/sklep\/produkt\/zestaw-fotowoltaiki-balkonowej-ecoflow-stream-ultra-u1\/\"]}]},{\"@type\":\"ImageObject\",\"inLanguage\":\"pl-PL\",\"@id\":\"https:\/\/ironsky.pl\/sklep\/produkt\/zestaw-fotowoltaiki-balkonowej-ecoflow-stream-ultra-u1\/#primaryimage\",\"url\":\"https:\/\/ironsky.pl\/sklep\/wp-content\/uploads\/2025\/05\/53133_2.jpg\",\"contentUrl\":\"https:\/\/ironsky.pl\/sklep\/wp-content\/uploads\/2025\/05\/53133_2.jpg\",\"width\":800,\"height\":800},{\"@type\":\"BreadcrumbList\",\"@id\":\"https:\/\/ironsky.pl\/sklep\/produkt\/zestaw-fotowoltaiki-balkonowej-ecoflow-stream-ultra-u1\/#breadcrumb\",\"itemListElement\":[{\"@type\":\"ListItem\",\"position\":1,\"name\":\"Strona g\u0142\u00f3wna\",\"item\":\"https:\/\/ironsky.pl\/sklep\/\"},{\"@type\":\"ListItem\",\"position\":2,\"name\":\"Wszystkie produkty\",\"item\":\"https:\/\/ironsky.pl\/sklep\/produkty\/\"},{\"@type\":\"ListItem\",\"position\":3,\"name\":\"Zestaw fotowoltaiki balkonowej ECOFLOW Stream Ultra U1\"}]},{\"@type\":\"WebSite\",\"@id\":\"https:\/\/ironsky.pl\/sklep\/#website\",\"url\":\"https:\/\/ironsky.pl\/sklep\/\",\"name\":\"IRONSKY.PL Sklep z Dronami\",\"description\":\"IRONSKY.PL Sklep z Dronami\",\"potentialAction\":[{\"@type\":\"SearchAction\",\"target\":{\"@type\":\"EntryPoint\",\"urlTemplate\":\"https:\/\/ironsky.pl\/sklep\/?s={search_term_string}\"},\"query-input\":{\"@type\":\"PropertyValueSpecification\",\"valueRequired\":true,\"valueName\":\"search_term_string\"}}],\"inLanguage\":\"pl-PL\"}]}<\/script>\n<!-- \/ Yoast SEO plugin. -->","yoast_head_json":{"title":"Zestaw fotowoltaiki balkonowej ECOFLOW Stream Ultra U1 - IRONSKY.PL Sklep z Dronami","description":"Zestaw fotowoltaiki balkonowej ECOFLOW Stream Ultra U1 - \u2705 sklep z dronami i fachowym doradztwem. \u2705 Tutaj kupisz produkty DJI, Yuneec, Parrot, Syma i wiele innych, a tak\u017ce kursy i licencje na operatora drona.","robots":{"index":"index","follow":"follow","max-snippet":"max-snippet:-1","max-image-preview":"max-image-preview:large","max-video-preview":"max-video-preview:-1"},"canonical":"https:\/\/ironsky.pl\/sklep\/produkt\/zestaw-fotowoltaiki-balkonowej-ecoflow-stream-ultra-u1\/","og_locale":"pl_PL","og_type":"article","og_title":"Zestaw fotowoltaiki balkonowej ECOFLOW Stream Ultra U1 - IRONSKY.PL Sklep z Dronami","og_description":"Zestaw fotowoltaiki balkonowej ECOFLOW Stream Ultra U1 - \u2705 sklep z dronami i fachowym doradztwem. \u2705 Tutaj kupisz produkty DJI, Yuneec, Parrot, Syma i wiele innych, a tak\u017ce kursy i licencje na operatora drona.","og_url":"https:\/\/ironsky.pl\/sklep\/produkt\/zestaw-fotowoltaiki-balkonowej-ecoflow-stream-ultra-u1\/","og_site_name":"IRONSKY.PL Sklep z Dronami","article_modified_time":"2026-04-15T09:03:18+00:00","og_image":[{"width":800,"height":800,"url":"https:\/\/ironsky.pl\/sklep\/wp-content\/uploads\/2025\/05\/53133_2.jpg","type":"image\/jpeg"}],"twitter_card":"summary_large_image","twitter_misc":{"Szacowany czas czytania":"6 minut"},"schema":{"@context":"https:\/\/schema.org","@graph":[{"@type":"WebPage","@id":"https:\/\/ironsky.pl\/sklep\/produkt\/zestaw-fotowoltaiki-balkonowej-ecoflow-stream-ultra-u1\/","url":"https:\/\/ironsky.pl\/sklep\/produkt\/zestaw-fotowoltaiki-balkonowej-ecoflow-stream-ultra-u1\/","name":"Zestaw fotowoltaiki balkonowej ECOFLOW Stream Ultra U1 - IRONSKY.PL Sklep z Dronami","isPartOf":{"@id":"https:\/\/ironsky.pl\/sklep\/#website"},"primaryImageOfPage":{"@id":"https:\/\/ironsky.pl\/sklep\/produkt\/zestaw-fotowoltaiki-balkonowej-ecoflow-stream-ultra-u1\/#primaryimage"},"image":{"@id":"https:\/\/ironsky.pl\/sklep\/produkt\/zestaw-fotowoltaiki-balkonowej-ecoflow-stream-ultra-u1\/#primaryimage"},"thumbnailUrl":"https:\/\/ironsky.pl\/sklep\/wp-content\/uploads\/2025\/05\/53133_2.jpg","datePublished":"2026-04-15T09:03:10+00:00","dateModified":"2026-04-15T09:03:18+00:00","description":"Zestaw fotowoltaiki balkonowej ECOFLOW Stream Ultra U1 - \u2705 sklep z dronami i fachowym doradztwem. \u2705 Tutaj kupisz produkty DJI, Yuneec, Parrot, Syma i wiele innych, a tak\u017ce kursy i licencje na operatora drona.","breadcrumb":{"@id":"https:\/\/ironsky.pl\/sklep\/produkt\/zestaw-fotowoltaiki-balkonowej-ecoflow-stream-ultra-u1\/#breadcrumb"},"inLanguage":"pl-PL","potentialAction":[{"@type":"ReadAction","target":["https:\/\/ironsky.pl\/sklep\/produkt\/zestaw-fotowoltaiki-balkonowej-ecoflow-stream-ultra-u1\/"]}]},{"@type":"ImageObject","inLanguage":"pl-PL","@id":"https:\/\/ironsky.pl\/sklep\/produkt\/zestaw-fotowoltaiki-balkonowej-ecoflow-stream-ultra-u1\/#primaryimage","url":"https:\/\/ironsky.pl\/sklep\/wp-content\/uploads\/2025\/05\/53133_2.jpg","contentUrl":"https:\/\/ironsky.pl\/sklep\/wp-content\/uploads\/2025\/05\/53133_2.jpg","width":800,"height":800},{"@type":"BreadcrumbList","@id":"https:\/\/ironsky.pl\/sklep\/produkt\/zestaw-fotowoltaiki-balkonowej-ecoflow-stream-ultra-u1\/#breadcrumb","itemListElement":[{"@type":"ListItem","position":1,"name":"Strona g\u0142\u00f3wna","item":"https:\/\/ironsky.pl\/sklep\/"},{"@type":"ListItem","position":2,"name":"Wszystkie produkty","item":"https:\/\/ironsky.pl\/sklep\/produkty\/"},{"@type":"ListItem","position":3,"name":"Zestaw fotowoltaiki balkonowej ECOFLOW Stream Ultra U1"}]},{"@type":"WebSite","@id":"https:\/\/ironsky.pl\/sklep\/#website","url":"https:\/\/ironsky.pl\/sklep\/","name":"IRONSKY.PL Sklep z Dronami","description":"IRONSKY.PL Sklep z Dronami","potentialAction":[{"@type":"SearchAction","target":{"@type":"EntryPoint","urlTemplate":"https:\/\/ironsky.pl\/sklep\/?s={search_term_string}"},"query-input":{"@type":"PropertyValueSpecification","valueRequired":true,"valueName":"search_term_string"}}],"inLanguage":"pl-PL"}]}},"_links":{"self":[{"href":"https:\/\/ironsky.pl\/sklep\/wp-json\/wp\/v2\/product\/60507","targetHints":{"allow":["GET"]}}],"collection":[{"href":"https:\/\/ironsky.pl\/sklep\/wp-json\/wp\/v2\/product"}],"about":[{"href":"https:\/\/ironsky.pl\/sklep\/wp-json\/wp\/v2\/types\/product"}],"replies":[{"embeddable":true,"href":"https:\/\/ironsky.pl\/sklep\/wp-json\/wp\/v2\/comments?post=60507"}],"wp:featuredmedia":[{"embeddable":true,"href":"https:\/\/ironsky.pl\/sklep\/wp-json\/wp\/v2\/media\/40567"}],"wp:attachment":[{"href":"https:\/\/ironsky.pl\/sklep\/wp-json\/wp\/v2\/media?parent=60507"}],"wp:term":[{"taxonomy":"product_brand","embeddable":true,"href":"https:\/\/ironsky.pl\/sklep\/wp-json\/wp\/v2\/product_brand?post=60507"},{"taxonomy":"product_cat","embeddable":true,"href":"https:\/\/ironsky.pl\/sklep\/wp-json\/wp\/v2\/product_cat?post=60507"},{"taxonomy":"product_tag","embeddable":true,"href":"https:\/\/ironsky.pl\/sklep\/wp-json\/wp\/v2\/product_tag?post=60507"}],"curies":[{"name":"wp","href":"https:\/\/api.w.org\/{rel}","templated":true}]}}