{"id":60506,"date":"2026-04-15T11:03:10","date_gmt":"2026-04-15T09:03:10","guid":{"rendered":"https:\/\/ironsky.pl\/sklep\/produkt\/zestaw-fotowoltaiczny-ecoflow-stream-complete-ultra-2800w\/"},"modified":"2026-04-15T11:03:17","modified_gmt":"2026-04-15T09:03:17","slug":"zestaw-fotowoltaiczny-ecoflow-stream-complete-ultra-2800w","status":"publish","type":"product","link":"https:\/\/ironsky.pl\/sklep\/produkt\/zestaw-fotowoltaiczny-ecoflow-stream-complete-ultra-2800w\/","title":{"rendered":"Zestaw fotowoltaiczny ECOFLOW Stream Complete Ultra 2800W"},"content":{"rendered":"<h3>Fotowoltaika balkonowa EcoFlow Stream Complete Ultra<\/h3>\n<p>EcoFlow Stream Complete Ultra to kompleksowe rozwi\u0105zanie dla ka\u017cdego, kto chce w pe\u0142ni wykorzysta\u0107 potencja\u0142 energii s\u0142onecznej. Ten zaawansowany system hybrydowy oferuje imponuj\u0105c\u0105 moc 2800 W i mo\u017ce zasila\u0107 Twoje gospodarstwo domowe przez ca\u0142y rok, dostarczaj\u0105c nawet 2773 kWh energii rocznie. W zestawie znajduj\u0105 si\u0119 dwa panele Trina oraz komplet kabli, dzi\u0119ki kt\u00f3rym instalacja jest szybka i bezproblemowa. To inwestycja, kt\u00f3ra pozwala znacz\u0105co obni\u017cy\u0107 rachunki za pr\u0105d.<\/p>\n<p>\n  <img decoding=\"async\" src=\"https:\/\/assets.innpro.pl\/15933\/20079\/2.jpg\" border=\"0\" alt=\"\">\n<\/p>\n<h3>Maksimum energii, minimum strat<\/h3>\n<p>EcoFlow STREAM Ultra oferuje do nawet 2000 W energii s\u0142onecznej dzi\u0119ki konstrukcji z czterema MPPT oraz dodatkowe 800 W z zewn\u0119trznych mikroinwerter\u00f3w. Takie po\u0142\u0105czenie pozwala uzyska\u0107 pe\u0142n\u0105 wydajno\u015b\u0107 niezale\u017cnie od warunk\u00f3w pogodowych, a inteligentne zarz\u0105dzanie energi\u0105 umo\u017cliwia optymalne zasilanie domu.<\/p>\n<p>\n  <img decoding=\"async\" src=\"https:\/\/assets.innpro.pl\/15933\/20079\/1.jpg\" border=\"0\" alt=\"\">\n<\/p>\n<h3>Zasilanie 2300 W dla najbardziej wymagaj\u0105cego sprz\u0119tu<\/h3>\n<p>System EcoFlow zapewnia bezpo\u015brednie zasilanie domu z moc\u0105 2300 W, co oznacza, \u017ce bez problemu obs\u0142u\u017cy nawet dwa energoch\u0142onne urz\u0105dzenia jednocze\u015bnie. Mo\u017cesz tak\u017ce pod\u0142\u0105czy\u0107 dwie baterie EcoFlow i cieszy\u0107 si\u0119 pe\u0142nym wykorzystaniem energii s\u0142onecznej bez \u017cadnych kompromis\u00f3w.<\/p>\n<p>\n  <img decoding=\"async\" src=\"https:\/\/assets.innpro.pl\/15933\/20079\/5.jpg\" border=\"0\" alt=\"\">\n<\/p>\n<h3>Elastyczna rozbudowa \u2013 od balkonu do ca\u0142ego domu<\/h3>\n<p>Niezale\u017cnie od tego, czy mieszkasz w bloku, czy w domu jednorodzinnym \u2013 EcoFlow Stream Complete Ultra dostosowuje si\u0119 do Twoich potrzeb. Dzi\u0119ki modu\u0142owej konstrukcji system mo\u017ce zosta\u0107 rozbudowany od podstawowego zestawu na 1 m\u00b2 balkonu a\u017c po instalacj\u0119 zasilaj\u0105c\u0105 ca\u0142y budynek (od 1,92 do nawet 21 kWh).<\/p>\n<p>\n  <img decoding=\"async\" src=\"https:\/\/assets.innpro.pl\/15933\/20079\/3.jpg\" border=\"0\" alt=\"\">\n<\/p>\n<h3>Sztuczna inteligencja na stra\u017cy oszcz\u0119dno\u015bci<\/h3>\n<p>Po pod\u0142\u0105czeniu dw\u00f3ch baterii EcoFlow system przekszta\u0142ca si\u0119 w inteligentn\u0105 elektrowni\u0119 balkonow\u0105, zarz\u0105dzan\u0105 przez sztuczn\u0105 inteligencj\u0119. Taka konfiguracja pozwala na niemal pe\u0142ne pokrycie zapotrzebowania energetycznego domu przy jednoczesnym ograniczeniu rachunk\u00f3w do minimum \u2013 mo\u017cesz zaoszcz\u0119dzi\u0107 nawet 1109 euro rocznie!<\/p>\n<p>\n  <img decoding=\"async\" src=\"https:\/\/assets.innpro.pl\/15933\/20079\/4.jpg\" border=\"0\" alt=\"\">\n<\/p>\n<h3>Kompletny zestaw gotowy do dzia\u0142ania<\/h3>\n<p>W sk\u0142ad zestawu Stream Complete Ultra wchodz\u0105 r\u00f3wnie\u017c dwa panele Trina oraz niezb\u0119dne przewody, takie jak p\u0142aski kabel MC4 i kabel przed\u0142u\u017caj\u0105cy MC4 o d\u0142ugo\u015bci 3 m (ka\u017cdy z nich w dw\u00f3ch egzemplarzach). Dzi\u0119ki temu instalacja jest nie tylko szybka i wygodna, ale tak\u017ce estetyczna i bezpieczna.<\/p>\n<p>\n  <img decoding=\"async\" src=\"https:\/\/assets.innpro.pl\/15933\/20079\/14.jpg\" border=\"0\" alt=\"\">\n<\/p>\n<h3>W zestawie<\/h3>\n<ul>\n<li>Smart magazyn energii z mikroinwerterem 2w1 EcoFlow STREAM Ultra<\/li>\n<li>Panel fotowoltaiczny Trina x2<\/li>\n<li>P\u0142aski kabel EcoFlow PowerStream MC4 x2<\/li>\n<li>Kabel przed\u0142u\u017caj\u0105cy EcoFlow do paneli fotowoltaicznych MC4 (3 m) x2<\/li>\n<\/ul>\n<div class=\"table-wrapper\">\n<p>&nbsp;<\/p>\n<h3>Og\u00f3lne<\/h3>\n<table>\n<tbody>\n<tr>\n<th>Producent<\/th>\n<td>EcoFlow<\/td>\n<\/tr>\n<tr>\n<th>Model<\/th>\n<td>STREAM Ultra<\/td>\n<\/tr>\n<tr>\n<th>Wymiary <\/th>\n<td>255 \u00d7 284 \u00d7 458 mm<\/td>\n<\/tr>\n<tr>\n<th>Waga<\/th>\n<td>23,1 kg<\/td>\n<\/tr>\n<tr>\n<th>Typologia <\/th>\n<td>Izolowany<\/td>\n<\/tr>\n<tr>\n<th>Klasa szczelno\u015bci (IP) <\/th>\n<td>IP65<\/td>\n<\/tr>\n<tr>\n<th>Kategoria zanieczyszczenia <\/th>\n<td>PD3<\/td>\n<\/tr>\n<tr>\n<th>Kategoria przepi\u0119ciowa (OVC) <\/th>\n<td>DC: II, AC: III<\/td>\n<\/tr>\n<tr>\n<th>Zastosowanie <\/th>\n<td>Na zewn\u0105trz \/ wewn\u0105trz<\/td>\n<\/tr>\n<tr>\n<th>Spos\u00f3b ch\u0142odzenia <\/th>\n<td>Naturalna konwekcja (bez wentylator\u00f3w)<\/td>\n<\/tr>\n<tr>\n<th>Pojemno\u015b\u0107 znamionowa <\/th>\n<td>1,92 kWh<\/td>\n<\/tr>\n<tr>\n<th>Napi\u0119cie znamionowe <\/th>\n<td>19,2 V<\/td>\n<\/tr>\n<tr>\n<th>Liczba cykli <\/th>\n<td>6000+<\/td>\n<\/tr>\n<tr>\n<th>Typ ogniwa <\/th>\n<td>LFP (litowo-\u017celazowo-fosforanowe)<\/td>\n<\/tr>\n<tr>\n<th>Liczba MPPT <\/th>\n<td>4<\/td>\n<\/tr>\n<tr>\n<th>Zakres napi\u0119cia MPPT <\/th>\n<td>15 V\u201360 V<\/td>\n<\/tr>\n<tr>\n<th>Maks. moc wej\u015bciowa <\/th>\n<td>2000 W (500 W na MPPT)<\/td>\n<\/tr>\n<tr>\n<th>Maks. napi\u0119cie wej\u015bciowe <\/th>\n<td>60 V<\/td>\n<\/tr>\n<tr>\n<th>Maks. pr\u0105d wej\u015bciowy <\/th>\n<td>14 A<\/td>\n<\/tr>\n<tr>\n<th>Maks. pr\u0105d zwarciowy wej\u015bcia <\/th>\n<td>20 A<\/td>\n<\/tr>\n<tr>\n<th>Napi\u0119cie i cz\u0119stotliwo\u015b\u0107 (Wyj\u015bcie sieciowe AC Grid Terminal)<\/th>\n<td>230 V~, 50 Hz<\/td>\n<\/tr>\n<tr>\n<th>Moc znamionowa <\/th>\n<td>800 W<\/td>\n<\/tr>\n<tr>\n<th>Pr\u0105d znamionowy <\/th>\n<td>3,48 A<\/td>\n<\/tr>\n<tr>\n<th>Maks. pr\u0105d wej\u015bciowy <\/th>\n<td>10 A<\/td>\n<\/tr>\n<tr>\n<th>Maks. moc wej\u015bciowa <\/th>\n<td>2300 W<\/td>\n<\/tr>\n<tr>\n<th>Wsp\u00f3\u0142czynnik mocy <\/th>\n<td>1 (0,8 do -0,8)<\/td>\n<\/tr>\n<tr>\n<th>Napi\u0119cie i cz\u0119stotliwo\u015b\u0107 (Wyj\u015bcie AC)<\/th>\n<td>230 V~, 50 Hz<\/td>\n<\/tr>\n<tr>\n<th>Maks. moc wyj\u015bciowa <\/th>\n<td>1200 W<\/td>\n<\/tr>\n<tr>\n<th>Pr\u0105d znamionowy wyj\u015bciowy <\/th>\n<td>5,22 A<\/td>\n<\/tr>\n<tr>\n<th>Maks. pr\u0105d wyj\u015bciowy (tryb bypass) <\/th>\n<td>10 A<\/td>\n<\/tr>\n<tr>\n<th>Maks. moc wej\u015bciowa <\/th>\n<td>800 W<\/td>\n<\/tr>\n<tr>\n<th>Maks. pr\u0105d wej\u015bciowy <\/th>\n<td>3,48 A<\/td>\n<\/tr>\n<tr>\n<th>Wsp\u00f3\u0142czynnik mocy <\/th>\n<td>1 (0,8 do -0,8)<\/td>\n<\/tr>\n<tr>\n<th>Napi\u0119cie i cz\u0119stotliwo\u015b\u0107 (Wyj\u015bcie r\u00f3wnoleg\u0142e AC Parallel Terminal<\/th>\n<td>230 V~, 50 Hz<\/td>\n<\/tr>\n<tr>\n<th>Maks. moc wyj\u015bciowa <\/th>\n<td>2300 W<\/td>\n<\/tr>\n<tr>\n<th>Maks. pr\u0105d wyj\u015bciowy <\/th>\n<td>10 A<\/td>\n<\/tr>\n<tr>\n<th>Maks. pr\u0105d wej\u015bciowy <\/th>\n<td>10 A<\/td>\n<\/tr>\n<tr>\n<th>Maks. moc wej\u015bciowa <\/th>\n<td>2300 W<\/td>\n<\/tr>\n<tr>\n<th>Wsp\u00f3\u0142czynnik mocy <\/th>\n<td>1 (0,8 do -0,8)<\/td>\n<\/tr>\n<tr>\n<th>Wysoko\u015b\u0107 pracy <\/th>\n<td>\u2264 4000 m n.p.m.<\/td>\n<\/tr>\n<tr>\n<th>Temperatura pracy <\/th>\n<td>-20\u00b0C do 55\u00b0C<\/td>\n<\/tr>\n<tr>\n<th>Temperatura przechowywania <\/th>\n<td>-20\u00b0C do 55\u00b0C<\/td>\n<\/tr>\n<tr>\n<th>Wilgotno\u015b\u0107 wzgl\u0119dna <\/th>\n<td>5%\u201395%<\/td>\n<\/tr>\n<tr>\n<th>\u0141\u0105czno\u015b\u0107 <\/th>\n<td>WLAN, Bluetooth<\/td>\n<\/tr>\n<tr>\n<th>Zarz\u0105dzanie <\/th>\n<td>Aplikacja EcoFlow<\/td>\n<\/tr>\n<\/tbody>\n<\/table>\n<p>&nbsp;<\/p>\n<h3>Panel Trina 400W (Dane elektryczne [STC])<\/h3>\n<table>\n<tbody>\n<tr>\n<th>Moc szczytowa-P MAX (Wp)*<\/th>\n<td>390 &#8211; 395 &#8211; 400 &#8211; 405<\/td>\n<\/tr>\n<tr>\n<th>Tolerancja mocy-P MAX (W)<\/th>\n<td>0~ +5<\/td>\n<\/tr>\n<tr>\n<th>Napi\u0119cie maksymalnej mocy-VMPP (V)<\/th>\n<td>33.8 &#8211; 34.0 &#8211; 34.2 &#8211; 34.4<\/td>\n<\/tr>\n<tr>\n<th>Pr\u0105d maksymalnej mocy-IMPP (A)<\/th>\n<td>11.54 &#8211; 11.62 &#8211; 11.70 &#8211; 11.77<\/td>\n<\/tr>\n<tr>\n<th>Napi\u0119cie obwodu otwartego-VOC (V) <\/th>\n<td>40.8 &#8211; 41.0 &#8211; 41.2 &#8211; 41.4<\/td>\n<\/tr>\n<tr>\n<th>Pr\u0105d zwarciowy-ISC (A)<\/th>\n<td>12.14 &#8211; 12.21 -12.28 &#8211; 12.34<\/td>\n<\/tr>\n<tr>\n<th>Sprawno\u015b\u0107 modu\u0142u \u03b7m (%)<\/th>\n<td>20.3 &#8211; 20.5 &#8211; 20.8 &#8211; 21.1<\/td>\n<\/tr>\n<\/tbody>\n<\/table>\n<p>&nbsp;<\/p>\n<h3>Panel Trina 400W (Dane elektryczne [NOCT])<\/h3>\n<table>\n<tbody>\n<tr>\n<th>Maksymalna moc-P MAX (Wp)<\/th>\n<td>295 &#8211; 298 &#8211; 302 &#8211; 306<\/td>\n<\/tr>\n<tr>\n<th>Napi\u0119cie maksymalnej mocy-VMPP (V)<\/th>\n<td>31.8 &#8211; 32.0 &#8211; 32.2 &#8211; 32.5<\/td>\n<\/tr>\n<tr>\n<th>Pr\u0105d maksymalnej mocy-IMPP (A)<\/th>\n<td>9.26 &#8211; 9.32 &#8211; 9.38 &#8211; 9.41<\/td>\n<\/tr>\n<tr>\n<th>Napi\u0119cie obwodu otwartego-VOC (V)<\/th>\n<td>38.4 &#8211; 38.6 &#8211; 38.8 &#8211; 38.9<\/td>\n<\/tr>\n<tr>\n<th>Pr\u0105d zwarciowy-ISC (A)<\/th>\n<td>9.78 &#8211; 9.84 &#8211; 9.90 &#8211; 9.95<\/td>\n<\/tr>\n<\/tbody>\n<\/table>\n<p>&nbsp;<\/p>\n<h3>Panel Trina 400W (Dane mechaniczne)<\/h3>\n<table>\n<tbody>\n<tr>\n<th>Ogniwa s\u0142oneczne<\/th>\n<td>Monokrystaliczne<\/td>\n<\/tr>\n<tr>\n<th>Liczba ogniw<\/th>\n<td>120 ogniw<\/td>\n<\/tr>\n<tr>\n<th>Wymiary modu\u0142<\/th>\n<td>1754 \u00d71096\u00d730 mm (69.06\u00d743.15\u00d71.18 cale)<\/td>\n<\/tr>\n<tr>\n<th>Waga<\/th>\n<td>21.0 kg (46.3 lb)<\/td>\n<\/tr>\n<tr>\n<th>Szk\u0142o<\/th>\n<td>3,2 mm (0,13 cala),Wysoka transmisja, pow\u0142oka AR na wzmocnionym cieplnie szkle<\/td>\n<\/tr>\n<tr>\n<th>Materia\u0142 encapsulan<\/th>\n<td>EVA\/POE<\/td>\n<\/tr>\n<tr>\n<th>Tylny arkus<\/th>\n<td>Bia\u0142y<\/td>\n<\/tr>\n<tr>\n<th>Ramy<\/th>\n<td>30 mm (1,18 cala) anodowane aluminium<\/td>\n<\/tr>\n<tr>\n<th>Skrzynka po\u0142\u0105czeniowa<\/th>\n<td>Klasa IP 68<\/td>\n<\/tr>\n<tr>\n<th>Kable<\/th>\n<td>Kabel technologii fotowoltaicznej 4,0 mm (0,006 cala), Portret: 280\/280 mm(11.02\/11.02 cale), D\u0142ugo\u015b\u0107 mo\u017ce by\u0107 dostosowana<\/td>\n<\/tr>\n<tr>\n<th>Z\u0142\u0105cze<\/th>\n<td>MC4 EVO2 \/ TS4<\/td>\n<\/tr>\n<\/tbody>\n<\/table>\n<p>&nbsp;<\/p>\n<h3>Panel Trina 400W (Oceny temperatury)<\/h3>\n<table>\n<tbody>\n<tr>\n<th>NOCT (Nominalna Temperatura Robocza Ogniwa)<\/th>\n<td>43\u00b0C (\u00b12\u00b0C)<\/td>\n<\/tr>\n<tr>\n<th>Wsp\u00f3\u0142czynnik temperaturowy PMAX<\/th>\n<td>&#8211; 0.34%\/\u00b0C<\/td>\n<\/tr>\n<tr>\n<th>Wsp\u00f3\u0142czynnik temperaturowy VOC<\/th>\n<td>&#8211; 0.25%\/\u00b0C<\/td>\n<\/tr>\n<tr>\n<th>Wsp\u00f3\u0142czynnik temperaturowy ISC<\/th>\n<td>0.04%\/\u00b0C<\/td>\n<\/tr>\n<\/tbody>\n<\/table>\n<p>&nbsp;<\/p>\n<h3>Panel Trina 400W (Maksymalne oceny)<\/h3>\n<table>\n<tbody>\n<tr>\n<th>Temperatura robocza<\/th>\n<td>-40~+85\u00baC<\/td>\n<\/tr>\n<tr>\n<th>Maksymalne napi\u0119cie systemu<\/th>\n<td>1500V DC (IEC), 1500V DC (UL)<\/td>\n<\/tr>\n<tr>\n<th>Maksymalne napi\u0119cie bezpiecznika szeregowego<\/th>\n<td>20A<\/td>\n<\/tr>\n<\/tbody>\n<\/table>\n<p>&nbsp;<\/p>\n<h3>Kabel przed\u0142u\u017caj\u0105cy EcoFlow do paneli fotowoltaicznych MC4<\/h3>\n<table>\n<tbody>\n<tr>\n<th>Rodzaj kabla<\/th>\n<td>Kabel przed\u0142u\u017caj\u0105cy MC4<\/td>\n<\/tr>\n<tr>\n<th>D\u0142ugo\u015b\u0107<\/th>\n<td>3 m<\/td>\n<\/tr>\n<\/tbody>\n<\/table>\n<p>&nbsp;<\/p>\n<h3>EcoFlow PowerStream p\u0142aski kabel MC4<\/h3>\n<table>\n<tbody>\n<tr>\n<th>Rodzaj kabla<\/th>\n<td>MC4<\/td>\n<\/tr>\n<tr>\n<th>D\u0142ugo\u015b\u0107<\/th>\n<td>0,5 m<\/td>\n<\/tr>\n<\/tbody>\n<\/table>\n<\/div>\n","protected":false},"excerpt":{"rendered":"<p>Fotowoltaika balkonowa EcoFlow Stream Complete Ultra EcoFlow Stream Complete Ultra to kompleksowe rozwi\u0105zanie dla ka\u017cdego, kto chce w pe\u0142ni wykorzysta\u0107<\/p>\n","protected":false},"featured_media":40558,"comment_status":"closed","ping_status":"open","template":"","meta":{"_acf_changed":false},"product_brand":[],"product_cat":[1108,1110,6235],"product_tag":[],"class_list":{"0":"post-60506","1":"product","2":"type-product","3":"status-publish","4":"has-post-thumbnail","6":"product_cat-energia","7":"product_cat-panele-fotowoltaiczne","8":"product_cat-systemy-balkonowe","9":"pa_120-m-5776","10":"pa_producent-ecoflow","12":"first","13":"outofstock","14":"taxable","15":"shipping-taxable","16":"purchasable","17":"product-type-simple"},"acf":[],"yoast_head":"<!-- This site is optimized with the Yoast SEO plugin v27.2 - https:\/\/yoast.com\/product\/yoast-seo-wordpress\/ -->\n<title>Zestaw fotowoltaiczny ECOFLOW Stream Complete Ultra 2800W - IRONSKY.PL Sklep z Dronami<\/title>\n<meta name=\"description\" content=\"Zestaw fotowoltaiczny ECOFLOW Stream Complete Ultra 2800W - \u2705 sklep z dronami i fachowym doradztwem. \u2705 Tutaj kupisz produkty DJI, Yuneec, Parrot, Syma i wiele innych, a tak\u017ce kursy i licencje na operatora drona.\" \/>\n<meta name=\"robots\" content=\"index, follow, max-snippet:-1, max-image-preview:large, max-video-preview:-1\" \/>\n<link rel=\"canonical\" href=\"https:\/\/ironsky.pl\/sklep\/produkt\/zestaw-fotowoltaiczny-ecoflow-stream-complete-ultra-2800w\/\" \/>\n<meta property=\"og:locale\" content=\"pl_PL\" \/>\n<meta property=\"og:type\" content=\"article\" \/>\n<meta property=\"og:title\" content=\"Zestaw fotowoltaiczny ECOFLOW Stream Complete Ultra 2800W - IRONSKY.PL Sklep z Dronami\" \/>\n<meta property=\"og:description\" content=\"Zestaw fotowoltaiczny ECOFLOW Stream Complete Ultra 2800W - \u2705 sklep z dronami i fachowym doradztwem. \u2705 Tutaj kupisz produkty DJI, Yuneec, Parrot, Syma i wiele innych, a tak\u017ce kursy i licencje na operatora drona.\" \/>\n<meta property=\"og:url\" content=\"https:\/\/ironsky.pl\/sklep\/produkt\/zestaw-fotowoltaiczny-ecoflow-stream-complete-ultra-2800w\/\" \/>\n<meta property=\"og:site_name\" content=\"IRONSKY.PL Sklep z Dronami\" \/>\n<meta property=\"article:modified_time\" content=\"2026-04-15T09:03:17+00:00\" \/>\n<meta property=\"og:image\" content=\"https:\/\/ironsky.pl\/sklep\/wp-content\/uploads\/2025\/05\/53132_1.jpg\" \/>\n\t<meta property=\"og:image:width\" content=\"800\" \/>\n\t<meta property=\"og:image:height\" content=\"800\" \/>\n\t<meta property=\"og:image:type\" content=\"image\/jpeg\" \/>\n<meta name=\"twitter:card\" content=\"summary_large_image\" \/>\n<meta name=\"twitter:label1\" content=\"Szacowany czas czytania\" \/>\n\t<meta name=\"twitter:data1\" content=\"5 minut\" \/>\n<script type=\"application\/ld+json\" class=\"yoast-schema-graph\">{\"@context\":\"https:\/\/schema.org\",\"@graph\":[{\"@type\":\"WebPage\",\"@id\":\"https:\/\/ironsky.pl\/sklep\/produkt\/zestaw-fotowoltaiczny-ecoflow-stream-complete-ultra-2800w\/\",\"url\":\"https:\/\/ironsky.pl\/sklep\/produkt\/zestaw-fotowoltaiczny-ecoflow-stream-complete-ultra-2800w\/\",\"name\":\"Zestaw fotowoltaiczny ECOFLOW Stream Complete Ultra 2800W - IRONSKY.PL Sklep z Dronami\",\"isPartOf\":{\"@id\":\"https:\/\/ironsky.pl\/sklep\/#website\"},\"primaryImageOfPage\":{\"@id\":\"https:\/\/ironsky.pl\/sklep\/produkt\/zestaw-fotowoltaiczny-ecoflow-stream-complete-ultra-2800w\/#primaryimage\"},\"image\":{\"@id\":\"https:\/\/ironsky.pl\/sklep\/produkt\/zestaw-fotowoltaiczny-ecoflow-stream-complete-ultra-2800w\/#primaryimage\"},\"thumbnailUrl\":\"https:\/\/ironsky.pl\/sklep\/wp-content\/uploads\/2025\/05\/53132_1.jpg\",\"datePublished\":\"2026-04-15T09:03:10+00:00\",\"dateModified\":\"2026-04-15T09:03:17+00:00\",\"description\":\"Zestaw fotowoltaiczny ECOFLOW Stream Complete Ultra 2800W - \u2705 sklep z dronami i fachowym doradztwem. \u2705 Tutaj kupisz produkty DJI, Yuneec, Parrot, Syma i wiele innych, a tak\u017ce kursy i licencje na operatora drona.\",\"breadcrumb\":{\"@id\":\"https:\/\/ironsky.pl\/sklep\/produkt\/zestaw-fotowoltaiczny-ecoflow-stream-complete-ultra-2800w\/#breadcrumb\"},\"inLanguage\":\"pl-PL\",\"potentialAction\":[{\"@type\":\"ReadAction\",\"target\":[\"https:\/\/ironsky.pl\/sklep\/produkt\/zestaw-fotowoltaiczny-ecoflow-stream-complete-ultra-2800w\/\"]}]},{\"@type\":\"ImageObject\",\"inLanguage\":\"pl-PL\",\"@id\":\"https:\/\/ironsky.pl\/sklep\/produkt\/zestaw-fotowoltaiczny-ecoflow-stream-complete-ultra-2800w\/#primaryimage\",\"url\":\"https:\/\/ironsky.pl\/sklep\/wp-content\/uploads\/2025\/05\/53132_1.jpg\",\"contentUrl\":\"https:\/\/ironsky.pl\/sklep\/wp-content\/uploads\/2025\/05\/53132_1.jpg\",\"width\":800,\"height\":800},{\"@type\":\"BreadcrumbList\",\"@id\":\"https:\/\/ironsky.pl\/sklep\/produkt\/zestaw-fotowoltaiczny-ecoflow-stream-complete-ultra-2800w\/#breadcrumb\",\"itemListElement\":[{\"@type\":\"ListItem\",\"position\":1,\"name\":\"Strona g\u0142\u00f3wna\",\"item\":\"https:\/\/ironsky.pl\/sklep\/\"},{\"@type\":\"ListItem\",\"position\":2,\"name\":\"Wszystkie produkty\",\"item\":\"https:\/\/ironsky.pl\/sklep\/produkty\/\"},{\"@type\":\"ListItem\",\"position\":3,\"name\":\"Zestaw fotowoltaiczny ECOFLOW Stream Complete Ultra 2800W\"}]},{\"@type\":\"WebSite\",\"@id\":\"https:\/\/ironsky.pl\/sklep\/#website\",\"url\":\"https:\/\/ironsky.pl\/sklep\/\",\"name\":\"IRONSKY.PL Sklep z Dronami\",\"description\":\"IRONSKY.PL Sklep z Dronami\",\"potentialAction\":[{\"@type\":\"SearchAction\",\"target\":{\"@type\":\"EntryPoint\",\"urlTemplate\":\"https:\/\/ironsky.pl\/sklep\/?s={search_term_string}\"},\"query-input\":{\"@type\":\"PropertyValueSpecification\",\"valueRequired\":true,\"valueName\":\"search_term_string\"}}],\"inLanguage\":\"pl-PL\"}]}<\/script>\n<!-- \/ Yoast SEO plugin. -->","yoast_head_json":{"title":"Zestaw fotowoltaiczny ECOFLOW Stream Complete Ultra 2800W - IRONSKY.PL Sklep z Dronami","description":"Zestaw fotowoltaiczny ECOFLOW Stream Complete Ultra 2800W - \u2705 sklep z dronami i fachowym doradztwem. \u2705 Tutaj kupisz produkty DJI, Yuneec, Parrot, Syma i wiele innych, a tak\u017ce kursy i licencje na operatora drona.","robots":{"index":"index","follow":"follow","max-snippet":"max-snippet:-1","max-image-preview":"max-image-preview:large","max-video-preview":"max-video-preview:-1"},"canonical":"https:\/\/ironsky.pl\/sklep\/produkt\/zestaw-fotowoltaiczny-ecoflow-stream-complete-ultra-2800w\/","og_locale":"pl_PL","og_type":"article","og_title":"Zestaw fotowoltaiczny ECOFLOW Stream Complete Ultra 2800W - IRONSKY.PL Sklep z Dronami","og_description":"Zestaw fotowoltaiczny ECOFLOW Stream Complete Ultra 2800W - \u2705 sklep z dronami i fachowym doradztwem. \u2705 Tutaj kupisz produkty DJI, Yuneec, Parrot, Syma i wiele innych, a tak\u017ce kursy i licencje na operatora drona.","og_url":"https:\/\/ironsky.pl\/sklep\/produkt\/zestaw-fotowoltaiczny-ecoflow-stream-complete-ultra-2800w\/","og_site_name":"IRONSKY.PL Sklep z Dronami","article_modified_time":"2026-04-15T09:03:17+00:00","og_image":[{"width":800,"height":800,"url":"https:\/\/ironsky.pl\/sklep\/wp-content\/uploads\/2025\/05\/53132_1.jpg","type":"image\/jpeg"}],"twitter_card":"summary_large_image","twitter_misc":{"Szacowany czas czytania":"5 minut"},"schema":{"@context":"https:\/\/schema.org","@graph":[{"@type":"WebPage","@id":"https:\/\/ironsky.pl\/sklep\/produkt\/zestaw-fotowoltaiczny-ecoflow-stream-complete-ultra-2800w\/","url":"https:\/\/ironsky.pl\/sklep\/produkt\/zestaw-fotowoltaiczny-ecoflow-stream-complete-ultra-2800w\/","name":"Zestaw fotowoltaiczny ECOFLOW Stream Complete Ultra 2800W - IRONSKY.PL Sklep z Dronami","isPartOf":{"@id":"https:\/\/ironsky.pl\/sklep\/#website"},"primaryImageOfPage":{"@id":"https:\/\/ironsky.pl\/sklep\/produkt\/zestaw-fotowoltaiczny-ecoflow-stream-complete-ultra-2800w\/#primaryimage"},"image":{"@id":"https:\/\/ironsky.pl\/sklep\/produkt\/zestaw-fotowoltaiczny-ecoflow-stream-complete-ultra-2800w\/#primaryimage"},"thumbnailUrl":"https:\/\/ironsky.pl\/sklep\/wp-content\/uploads\/2025\/05\/53132_1.jpg","datePublished":"2026-04-15T09:03:10+00:00","dateModified":"2026-04-15T09:03:17+00:00","description":"Zestaw fotowoltaiczny ECOFLOW Stream Complete Ultra 2800W - \u2705 sklep z dronami i fachowym doradztwem. \u2705 Tutaj kupisz produkty DJI, Yuneec, Parrot, Syma i wiele innych, a tak\u017ce kursy i licencje na operatora drona.","breadcrumb":{"@id":"https:\/\/ironsky.pl\/sklep\/produkt\/zestaw-fotowoltaiczny-ecoflow-stream-complete-ultra-2800w\/#breadcrumb"},"inLanguage":"pl-PL","potentialAction":[{"@type":"ReadAction","target":["https:\/\/ironsky.pl\/sklep\/produkt\/zestaw-fotowoltaiczny-ecoflow-stream-complete-ultra-2800w\/"]}]},{"@type":"ImageObject","inLanguage":"pl-PL","@id":"https:\/\/ironsky.pl\/sklep\/produkt\/zestaw-fotowoltaiczny-ecoflow-stream-complete-ultra-2800w\/#primaryimage","url":"https:\/\/ironsky.pl\/sklep\/wp-content\/uploads\/2025\/05\/53132_1.jpg","contentUrl":"https:\/\/ironsky.pl\/sklep\/wp-content\/uploads\/2025\/05\/53132_1.jpg","width":800,"height":800},{"@type":"BreadcrumbList","@id":"https:\/\/ironsky.pl\/sklep\/produkt\/zestaw-fotowoltaiczny-ecoflow-stream-complete-ultra-2800w\/#breadcrumb","itemListElement":[{"@type":"ListItem","position":1,"name":"Strona g\u0142\u00f3wna","item":"https:\/\/ironsky.pl\/sklep\/"},{"@type":"ListItem","position":2,"name":"Wszystkie produkty","item":"https:\/\/ironsky.pl\/sklep\/produkty\/"},{"@type":"ListItem","position":3,"name":"Zestaw fotowoltaiczny ECOFLOW Stream Complete Ultra 2800W"}]},{"@type":"WebSite","@id":"https:\/\/ironsky.pl\/sklep\/#website","url":"https:\/\/ironsky.pl\/sklep\/","name":"IRONSKY.PL Sklep z Dronami","description":"IRONSKY.PL Sklep z Dronami","potentialAction":[{"@type":"SearchAction","target":{"@type":"EntryPoint","urlTemplate":"https:\/\/ironsky.pl\/sklep\/?s={search_term_string}"},"query-input":{"@type":"PropertyValueSpecification","valueRequired":true,"valueName":"search_term_string"}}],"inLanguage":"pl-PL"}]}},"_links":{"self":[{"href":"https:\/\/ironsky.pl\/sklep\/wp-json\/wp\/v2\/product\/60506","targetHints":{"allow":["GET"]}}],"collection":[{"href":"https:\/\/ironsky.pl\/sklep\/wp-json\/wp\/v2\/product"}],"about":[{"href":"https:\/\/ironsky.pl\/sklep\/wp-json\/wp\/v2\/types\/product"}],"replies":[{"embeddable":true,"href":"https:\/\/ironsky.pl\/sklep\/wp-json\/wp\/v2\/comments?post=60506"}],"wp:featuredmedia":[{"embeddable":true,"href":"https:\/\/ironsky.pl\/sklep\/wp-json\/wp\/v2\/media\/40558"}],"wp:attachment":[{"href":"https:\/\/ironsky.pl\/sklep\/wp-json\/wp\/v2\/media?parent=60506"}],"wp:term":[{"taxonomy":"product_brand","embeddable":true,"href":"https:\/\/ironsky.pl\/sklep\/wp-json\/wp\/v2\/product_brand?post=60506"},{"taxonomy":"product_cat","embeddable":true,"href":"https:\/\/ironsky.pl\/sklep\/wp-json\/wp\/v2\/product_cat?post=60506"},{"taxonomy":"product_tag","embeddable":true,"href":"https:\/\/ironsky.pl\/sklep\/wp-json\/wp\/v2\/product_tag?post=60506"}],"curies":[{"name":"wp","href":"https:\/\/api.w.org\/{rel}","templated":true}]}}