{"id":60504,"date":"2026-04-15T11:03:10","date_gmt":"2026-04-15T09:03:10","guid":{"rendered":"https:\/\/ironsky.pl\/sklep\/produkt\/przelacznik-hdmi-ugreen-cm664-2-portowy-kvm\/"},"modified":"2026-04-15T11:03:15","modified_gmt":"2026-04-15T09:03:15","slug":"przelacznik-hdmi-ugreen-cm664-2-portowy-kvm","status":"publish","type":"product","link":"https:\/\/ironsky.pl\/sklep\/produkt\/przelacznik-hdmi-ugreen-cm664-2-portowy-kvm\/","title":{"rendered":"Prze\u0142\u0105cznik HDMI UGREEN CM664 2-portowy KVM"},"content":{"rendered":"<h3>Prze\u0142\u0105cznik \/ switch HDMI 2.0 Ugreen CM664, KVM, 2w1, 4K 60Hz<\/h3>\n<p>Zamie\u0144 swoje biurko w zorganizowan\u0105 przestrze\u0144 robocz\u0105 dzi\u0119ki prze\u0142\u0105cznikowi HDMI 2.0 KVM Ugreen CM664. To zaawansowane urz\u0105dzenie pozwala na wsp\u00f3\u0142dzielenie jednego monitora oraz a\u017c czterech port\u00f3w USB 3.0 pomi\u0119dzy dwoma komputerami \u2013 bez konieczno\u015bci ci\u0105g\u0142ego przepinania kabli. Klawiatura, mysz, pami\u0119\u0107 USB, drukarka i inne akcesoria mog\u0105 dzia\u0142a\u0107 p\u0142ynnie na dw\u00f3ch stanowiskach, co sprawia, \u017ce codzienna praca, rozrywka i multitasking staj\u0105 si\u0119 znacznie wygodniejsze.<\/p>\n<p>\n<img decoding=\"async\" src=\"https:\/\/assets.innpro.pl\/17334\/22916\/4.jpg\" border=\"0\" alt=\"prze\u0142\u0105cznik ugreen podpi\u0119ty do laptopa\" \/>\n<\/p>\n<h3>Obraz 4K i \u017cywe kolory \u2013 wsparcie dla HDMI 2.0<\/h3>\n<p>Ugreen CM664 obs\u0142uguje rozdzielczo\u015bci a\u017c do 4K przy 60 Hz, a tak\u017ce 2K przy 120 Hz i Full HD przy 240 Hz. Dzi\u0119ki kompatybilno\u015bci z HDMI 2.0, HDR, HDCP 1.4\/2.2, 3D i CEC mo\u017cesz cieszy\u0107 si\u0119 doskona\u0142\u0105 jako\u015bci\u0105 obrazu, idealn\u0105 zar\u00f3wno do pracy z grafik\u0105, jak i ogl\u0105dania ulubionych film\u00f3w, przegl\u0105dania zdj\u0119\u0107 z wakacji, czy grania w gry komputerowe. Wysoka p\u0142ynno\u015b\u0107 i wyrazisto\u015b\u0107 detali sprawiaj\u0105, \u017ce ka\u017cda klatka zachwyca ostro\u015bci\u0105 i realizmem.<\/p>\n<p>\n<img decoding=\"async\" src=\"https:\/\/assets.innpro.pl\/17334\/22916\/1.jpg\" border=\"0\" alt=\"monitor z dwoma komputerami i switchem ugreen obok\" \/>\n<\/p>\n<h3>Ultraszybki transfer i wszechstronne z\u0142\u0105cza<\/h3>\n<p>Prze\u0142\u0105cznik zosta\u0142 wyposa\u017cony w trzy porty USB-A 3.0 oraz jeden port USB-C, kt\u00f3re umo\u017cliwiaj\u0105 jednoczesne pod\u0142\u0105czenie r\u00f3\u017cnych urz\u0105dze\u0144 peryferyjnych. Pr\u0119dko\u015b\u0107 przesy\u0142ania danych do 5 Gb\/s zapewnia b\u0142yskawiczne kopiowanie plik\u00f3w, a dzi\u0119ki zasilaniu przez USB-C ca\u0142o\u015b\u0107 dzia\u0142a stabilnie nawet przy korzystaniu z bardziej wymagaj\u0105cych akcesori\u00f3w, takich jak dyski twarde. Wystarczy pod\u0142\u0105czy\u0107 do\u0142\u0105czony kabel USB, aby wszystko dzia\u0142a\u0142o bez zak\u0142\u00f3ce\u0144.<\/p>\n<p>\n<img decoding=\"async\" src=\"https:\/\/assets.innpro.pl\/17334\/22916\/6.jpg\" border=\"0\" alt=\"m\u0119\u017cczyzna pracuje przy monitorze i laptopie, obok switch ugreen z kablami hdmi\" \/>\n<\/p>\n<h3>Proste prze\u0142\u0105czanie i czytelny indykator LED<\/h3>\n<p>Zmiana aktywnego komputera jest dziecinnie prosta \u2013 wystarczy klikni\u0119cie przycisku na obudowie lub u\u017cycie do\u0142\u0105czonego kontrolera na biurko. Przejrzyste diody LED informuj\u0105, kt\u00f3re z urz\u0105dze\u0144 jest aktualnie aktywne, eliminuj\u0105c wszelkie nieporozumienia. Prze\u0142\u0105czanie jest szybkie, intuicyjne i nie wymaga instalowania dodatkowego oprogramowania. (Uwaga: funkcja automatycznego prze\u0142\u0105czania i skr\u00f3ty klawiaturowe nie s\u0105 obs\u0142ugiwane).<\/p>\n<p>\n<img decoding=\"async\" src=\"https:\/\/assets.innpro.pl\/17334\/22916\/7.jpg\" border=\"0\" alt=\"kobieta prezentuj\u0105ca dane na du\u017cym ekranie, korzystaj\u0105c ze switcha ugreen\" \/>\n<\/p>\n<h3>Szeroka kompatybilno\u015b\u0107\u00a0<\/h3>\n<p>Ugreen CM664 dzia\u0142a bezproblemowo z systemami Windows, macOS i Linux. Dzi\u0119ki monta\u017cowi typu plug &amp; play prze\u0142\u0105cznik nie wymaga instalacji dodatkowych sterownik\u00f3w. Urz\u0105dzenie wsp\u00f3\u0142pracuje nie tylko z komputerami, ale r\u00f3wnie\u017c z konsolami PS5, PS4, Xbox One, Nintendo Switch, dekoderami TV oraz innymi sprz\u0119tami z portem HDMI, zapewniaj\u0105c elastyczno\u015b\u0107 w ka\u017cdej sytuacji.<\/p>\n<p>\n<img decoding=\"async\" src=\"https:\/\/assets.innpro.pl\/17334\/22916\/3.jpg\" border=\"0\" alt=\"m\u0119\u017cczyzna graj\u0105cy w gr\u0119 na komputrze\" \/>\n<\/p>\n<h3>W zestawie<\/h3>\n<ul class=\"list-disc pl-5\">\n<li>prze\u0142\u0105cznik <\/li>\n<li>kable USB-A do USB-B (1,5 m) x2<\/li>\n<li>kable HDMI 2.0 (1 m) x2<\/li>\n<li>kontroler na biurko (1,5 m) <\/li>\n<li>instrukcja obs\u0142ugi<\/li>\n<\/ul>\n<div class=\"table-wrapper\">\n<p>\u00a0<\/p>\n<h3><\/h3>\n<table>\n<tbody>\n<tr>\n<th>Producent<\/th>\n<td>Ugreen<\/td>\n<\/tr>\n<tr>\n<th>Model<\/th>\n<td>CM664<\/td>\n<\/tr>\n<tr>\n<th>Wymiary<\/th>\n<td>9,5 x 5,7 x 2,4 cm<\/td>\n<\/tr>\n<tr>\n<th>Materia\u0142 wykonania<\/th>\n<td>Tworzywo sztuczne<\/td>\n<\/tr>\n<tr>\n<th>Typ obwodu<\/th>\n<td>2-pozycyjny <\/td>\n<\/tr>\n<tr>\n<th>Typ mocowania<\/th>\n<td>Powierzchniowe<\/td>\n<\/tr>\n<tr>\n<th>Typ z\u0142\u0105cza<\/th>\n<td>USB, HDMI<\/td>\n<\/tr>\n<tr>\n<th>Jako\u015b\u0107 odtwarzania multimedi\u00f3w<\/th>\n<td>4K@60Hz, 2K@120 Hz i 1080P@240 Hz<\/td>\n<\/tr>\n<tr>\n<th>Wska\u017anil LED<\/th>\n<td>Wbudowany<\/td>\n<\/tr>\n<tr>\n<th>Pr\u0119dko\u015b\u0107 przesy\u0142ania plik\u00f3w<\/th>\n<td>5 Gbps<\/td>\n<\/tr>\n<tr>\n<th>Porty<\/th>\n<td>USB-A (x3), USB-C, HDMI 2.0<\/td>\n<\/tr>\n<tr>\n<th>Kompatybilne systemy operacyjne<\/th>\n<td>Windows, Mac OS i Linux<\/td>\n<\/tr>\n<tr>\n<th>Kompatybilne uradzenia<\/th>\n<td>PS5, PS4, PS3, Xbox One, telewizor, komputery stacjonarne, laptopy, Nintendo Switch<\/td>\n<\/tr>\n<\/tbody>\n<\/table>\n<\/div>\n","protected":false},"excerpt":{"rendered":"<p>Prze\u0142\u0105cznik \/ switch HDMI 2.0 Ugreen CM664, KVM, 2w1, 4K 60Hz Zamie\u0144 swoje biurko w zorganizowan\u0105 przestrze\u0144 robocz\u0105 dzi\u0119ki prze\u0142\u0105cznikowi<\/p>\n","protected":false},"featured_media":47722,"comment_status":"closed","ping_status":"open","template":"","meta":{"_acf_changed":false},"product_brand":[],"product_cat":[5930,5929],"product_tag":[],"class_list":{"0":"post-60504","1":"product","2":"type-product","3":"status-publish","4":"has-post-thumbnail","6":"product_cat-adaptery-przejsciowki-konwertery","7":"product_cat-akcesoria-it","8":"pa_okres-gwarancji-5757","9":"pa_producent-ugreen","11":"first","12":"outofstock","13":"taxable","14":"shipping-taxable","15":"purchasable","16":"product-type-simple"},"acf":[],"yoast_head":"<!-- This site is optimized with the Yoast SEO plugin v27.2 - https:\/\/yoast.com\/product\/yoast-seo-wordpress\/ -->\n<title>Prze\u0142\u0105cznik HDMI UGREEN CM664 2-portowy KVM - IRONSKY.PL Sklep z Dronami<\/title>\n<meta name=\"description\" content=\"Prze\u0142\u0105cznik HDMI UGREEN CM664 2-portowy KVM - \u2705 sklep z dronami i fachowym doradztwem. \u2705 Tutaj kupisz produkty DJI, Yuneec, Parrot, Syma i wiele innych, a tak\u017ce kursy i licencje na operatora drona.\" \/>\n<meta name=\"robots\" content=\"index, follow, max-snippet:-1, max-image-preview:large, max-video-preview:-1\" \/>\n<link rel=\"canonical\" href=\"https:\/\/ironsky.pl\/sklep\/produkt\/przelacznik-hdmi-ugreen-cm664-2-portowy-kvm\/\" \/>\n<meta property=\"og:locale\" content=\"pl_PL\" \/>\n<meta property=\"og:type\" content=\"article\" \/>\n<meta property=\"og:title\" content=\"Prze\u0142\u0105cznik HDMI UGREEN CM664 2-portowy KVM - IRONSKY.PL Sklep z Dronami\" \/>\n<meta property=\"og:description\" content=\"Prze\u0142\u0105cznik HDMI UGREEN CM664 2-portowy KVM - \u2705 sklep z dronami i fachowym doradztwem. \u2705 Tutaj kupisz produkty DJI, Yuneec, Parrot, Syma i wiele innych, a tak\u017ce kursy i licencje na operatora drona.\" \/>\n<meta property=\"og:url\" content=\"https:\/\/ironsky.pl\/sklep\/produkt\/przelacznik-hdmi-ugreen-cm664-2-portowy-kvm\/\" \/>\n<meta property=\"og:site_name\" content=\"IRONSKY.PL Sklep z Dronami\" \/>\n<meta property=\"article:modified_time\" content=\"2026-04-15T09:03:15+00:00\" \/>\n<meta property=\"og:image\" content=\"https:\/\/ironsky.pl\/sklep\/wp-content\/uploads\/2025\/06\/53121_1.jpg\" \/>\n\t<meta property=\"og:image:width\" content=\"800\" \/>\n\t<meta property=\"og:image:height\" content=\"800\" \/>\n\t<meta property=\"og:image:type\" content=\"image\/jpeg\" \/>\n<meta name=\"twitter:card\" content=\"summary_large_image\" \/>\n<meta name=\"twitter:label1\" content=\"Szacowany czas czytania\" \/>\n\t<meta name=\"twitter:data1\" content=\"2 minuty\" \/>\n<script type=\"application\/ld+json\" class=\"yoast-schema-graph\">{\"@context\":\"https:\/\/schema.org\",\"@graph\":[{\"@type\":\"WebPage\",\"@id\":\"https:\/\/ironsky.pl\/sklep\/produkt\/przelacznik-hdmi-ugreen-cm664-2-portowy-kvm\/\",\"url\":\"https:\/\/ironsky.pl\/sklep\/produkt\/przelacznik-hdmi-ugreen-cm664-2-portowy-kvm\/\",\"name\":\"Prze\u0142\u0105cznik HDMI UGREEN CM664 2-portowy KVM - IRONSKY.PL Sklep z Dronami\",\"isPartOf\":{\"@id\":\"https:\/\/ironsky.pl\/sklep\/#website\"},\"primaryImageOfPage\":{\"@id\":\"https:\/\/ironsky.pl\/sklep\/produkt\/przelacznik-hdmi-ugreen-cm664-2-portowy-kvm\/#primaryimage\"},\"image\":{\"@id\":\"https:\/\/ironsky.pl\/sklep\/produkt\/przelacznik-hdmi-ugreen-cm664-2-portowy-kvm\/#primaryimage\"},\"thumbnailUrl\":\"https:\/\/ironsky.pl\/sklep\/wp-content\/uploads\/2025\/06\/53121_1.jpg\",\"datePublished\":\"2026-04-15T09:03:10+00:00\",\"dateModified\":\"2026-04-15T09:03:15+00:00\",\"description\":\"Prze\u0142\u0105cznik HDMI UGREEN CM664 2-portowy KVM - \u2705 sklep z dronami i fachowym doradztwem. \u2705 Tutaj kupisz produkty DJI, Yuneec, Parrot, Syma i wiele innych, a tak\u017ce kursy i licencje na operatora drona.\",\"breadcrumb\":{\"@id\":\"https:\/\/ironsky.pl\/sklep\/produkt\/przelacznik-hdmi-ugreen-cm664-2-portowy-kvm\/#breadcrumb\"},\"inLanguage\":\"pl-PL\",\"potentialAction\":[{\"@type\":\"ReadAction\",\"target\":[\"https:\/\/ironsky.pl\/sklep\/produkt\/przelacznik-hdmi-ugreen-cm664-2-portowy-kvm\/\"]}]},{\"@type\":\"ImageObject\",\"inLanguage\":\"pl-PL\",\"@id\":\"https:\/\/ironsky.pl\/sklep\/produkt\/przelacznik-hdmi-ugreen-cm664-2-portowy-kvm\/#primaryimage\",\"url\":\"https:\/\/ironsky.pl\/sklep\/wp-content\/uploads\/2025\/06\/53121_1.jpg\",\"contentUrl\":\"https:\/\/ironsky.pl\/sklep\/wp-content\/uploads\/2025\/06\/53121_1.jpg\",\"width\":800,\"height\":800},{\"@type\":\"BreadcrumbList\",\"@id\":\"https:\/\/ironsky.pl\/sklep\/produkt\/przelacznik-hdmi-ugreen-cm664-2-portowy-kvm\/#breadcrumb\",\"itemListElement\":[{\"@type\":\"ListItem\",\"position\":1,\"name\":\"Strona g\u0142\u00f3wna\",\"item\":\"https:\/\/ironsky.pl\/sklep\/\"},{\"@type\":\"ListItem\",\"position\":2,\"name\":\"Wszystkie produkty\",\"item\":\"https:\/\/ironsky.pl\/sklep\/produkty\/\"},{\"@type\":\"ListItem\",\"position\":3,\"name\":\"Prze\u0142\u0105cznik HDMI UGREEN CM664 2-portowy KVM\"}]},{\"@type\":\"WebSite\",\"@id\":\"https:\/\/ironsky.pl\/sklep\/#website\",\"url\":\"https:\/\/ironsky.pl\/sklep\/\",\"name\":\"IRONSKY.PL Sklep z Dronami\",\"description\":\"IRONSKY.PL Sklep z Dronami\",\"potentialAction\":[{\"@type\":\"SearchAction\",\"target\":{\"@type\":\"EntryPoint\",\"urlTemplate\":\"https:\/\/ironsky.pl\/sklep\/?s={search_term_string}\"},\"query-input\":{\"@type\":\"PropertyValueSpecification\",\"valueRequired\":true,\"valueName\":\"search_term_string\"}}],\"inLanguage\":\"pl-PL\"}]}<\/script>\n<!-- \/ Yoast SEO plugin. -->","yoast_head_json":{"title":"Prze\u0142\u0105cznik HDMI UGREEN CM664 2-portowy KVM - IRONSKY.PL Sklep z Dronami","description":"Prze\u0142\u0105cznik HDMI UGREEN CM664 2-portowy KVM - \u2705 sklep z dronami i fachowym doradztwem. \u2705 Tutaj kupisz produkty DJI, Yuneec, Parrot, Syma i wiele innych, a tak\u017ce kursy i licencje na operatora drona.","robots":{"index":"index","follow":"follow","max-snippet":"max-snippet:-1","max-image-preview":"max-image-preview:large","max-video-preview":"max-video-preview:-1"},"canonical":"https:\/\/ironsky.pl\/sklep\/produkt\/przelacznik-hdmi-ugreen-cm664-2-portowy-kvm\/","og_locale":"pl_PL","og_type":"article","og_title":"Prze\u0142\u0105cznik HDMI UGREEN CM664 2-portowy KVM - IRONSKY.PL Sklep z Dronami","og_description":"Prze\u0142\u0105cznik HDMI UGREEN CM664 2-portowy KVM - \u2705 sklep z dronami i fachowym doradztwem. \u2705 Tutaj kupisz produkty DJI, Yuneec, Parrot, Syma i wiele innych, a tak\u017ce kursy i licencje na operatora drona.","og_url":"https:\/\/ironsky.pl\/sklep\/produkt\/przelacznik-hdmi-ugreen-cm664-2-portowy-kvm\/","og_site_name":"IRONSKY.PL Sklep z Dronami","article_modified_time":"2026-04-15T09:03:15+00:00","og_image":[{"width":800,"height":800,"url":"https:\/\/ironsky.pl\/sklep\/wp-content\/uploads\/2025\/06\/53121_1.jpg","type":"image\/jpeg"}],"twitter_card":"summary_large_image","twitter_misc":{"Szacowany czas czytania":"2 minuty"},"schema":{"@context":"https:\/\/schema.org","@graph":[{"@type":"WebPage","@id":"https:\/\/ironsky.pl\/sklep\/produkt\/przelacznik-hdmi-ugreen-cm664-2-portowy-kvm\/","url":"https:\/\/ironsky.pl\/sklep\/produkt\/przelacznik-hdmi-ugreen-cm664-2-portowy-kvm\/","name":"Prze\u0142\u0105cznik HDMI UGREEN CM664 2-portowy KVM - IRONSKY.PL Sklep z Dronami","isPartOf":{"@id":"https:\/\/ironsky.pl\/sklep\/#website"},"primaryImageOfPage":{"@id":"https:\/\/ironsky.pl\/sklep\/produkt\/przelacznik-hdmi-ugreen-cm664-2-portowy-kvm\/#primaryimage"},"image":{"@id":"https:\/\/ironsky.pl\/sklep\/produkt\/przelacznik-hdmi-ugreen-cm664-2-portowy-kvm\/#primaryimage"},"thumbnailUrl":"https:\/\/ironsky.pl\/sklep\/wp-content\/uploads\/2025\/06\/53121_1.jpg","datePublished":"2026-04-15T09:03:10+00:00","dateModified":"2026-04-15T09:03:15+00:00","description":"Prze\u0142\u0105cznik HDMI UGREEN CM664 2-portowy KVM - \u2705 sklep z dronami i fachowym doradztwem. \u2705 Tutaj kupisz produkty DJI, Yuneec, Parrot, Syma i wiele innych, a tak\u017ce kursy i licencje na operatora drona.","breadcrumb":{"@id":"https:\/\/ironsky.pl\/sklep\/produkt\/przelacznik-hdmi-ugreen-cm664-2-portowy-kvm\/#breadcrumb"},"inLanguage":"pl-PL","potentialAction":[{"@type":"ReadAction","target":["https:\/\/ironsky.pl\/sklep\/produkt\/przelacznik-hdmi-ugreen-cm664-2-portowy-kvm\/"]}]},{"@type":"ImageObject","inLanguage":"pl-PL","@id":"https:\/\/ironsky.pl\/sklep\/produkt\/przelacznik-hdmi-ugreen-cm664-2-portowy-kvm\/#primaryimage","url":"https:\/\/ironsky.pl\/sklep\/wp-content\/uploads\/2025\/06\/53121_1.jpg","contentUrl":"https:\/\/ironsky.pl\/sklep\/wp-content\/uploads\/2025\/06\/53121_1.jpg","width":800,"height":800},{"@type":"BreadcrumbList","@id":"https:\/\/ironsky.pl\/sklep\/produkt\/przelacznik-hdmi-ugreen-cm664-2-portowy-kvm\/#breadcrumb","itemListElement":[{"@type":"ListItem","position":1,"name":"Strona g\u0142\u00f3wna","item":"https:\/\/ironsky.pl\/sklep\/"},{"@type":"ListItem","position":2,"name":"Wszystkie produkty","item":"https:\/\/ironsky.pl\/sklep\/produkty\/"},{"@type":"ListItem","position":3,"name":"Prze\u0142\u0105cznik HDMI UGREEN CM664 2-portowy KVM"}]},{"@type":"WebSite","@id":"https:\/\/ironsky.pl\/sklep\/#website","url":"https:\/\/ironsky.pl\/sklep\/","name":"IRONSKY.PL Sklep z Dronami","description":"IRONSKY.PL Sklep z Dronami","potentialAction":[{"@type":"SearchAction","target":{"@type":"EntryPoint","urlTemplate":"https:\/\/ironsky.pl\/sklep\/?s={search_term_string}"},"query-input":{"@type":"PropertyValueSpecification","valueRequired":true,"valueName":"search_term_string"}}],"inLanguage":"pl-PL"}]}},"_links":{"self":[{"href":"https:\/\/ironsky.pl\/sklep\/wp-json\/wp\/v2\/product\/60504","targetHints":{"allow":["GET"]}}],"collection":[{"href":"https:\/\/ironsky.pl\/sklep\/wp-json\/wp\/v2\/product"}],"about":[{"href":"https:\/\/ironsky.pl\/sklep\/wp-json\/wp\/v2\/types\/product"}],"replies":[{"embeddable":true,"href":"https:\/\/ironsky.pl\/sklep\/wp-json\/wp\/v2\/comments?post=60504"}],"wp:featuredmedia":[{"embeddable":true,"href":"https:\/\/ironsky.pl\/sklep\/wp-json\/wp\/v2\/media\/47722"}],"wp:attachment":[{"href":"https:\/\/ironsky.pl\/sklep\/wp-json\/wp\/v2\/media?parent=60504"}],"wp:term":[{"taxonomy":"product_brand","embeddable":true,"href":"https:\/\/ironsky.pl\/sklep\/wp-json\/wp\/v2\/product_brand?post=60504"},{"taxonomy":"product_cat","embeddable":true,"href":"https:\/\/ironsky.pl\/sklep\/wp-json\/wp\/v2\/product_cat?post=60504"},{"taxonomy":"product_tag","embeddable":true,"href":"https:\/\/ironsky.pl\/sklep\/wp-json\/wp\/v2\/product_tag?post=60504"}],"curies":[{"name":"wp","href":"https:\/\/api.w.org\/{rel}","templated":true}]}}