{"id":60502,"date":"2026-04-15T11:03:10","date_gmt":"2026-04-15T09:03:10","guid":{"rendered":"https:\/\/ironsky.pl\/sklep\/produkt\/etui-ugreen-lp912-do-dji-osmo-action-3-4-5-pro-czarne\/"},"modified":"2026-04-15T11:03:13","modified_gmt":"2026-04-15T09:03:13","slug":"etui-ugreen-lp912-do-dji-osmo-action-3-4-5-pro-czarne","status":"publish","type":"product","link":"https:\/\/ironsky.pl\/sklep\/produkt\/etui-ugreen-lp912-do-dji-osmo-action-3-4-5-pro-czarne\/","title":{"rendered":"Etui UGREEN LP912 do DJI Osmo Action 3\/4\/5 Pro (czarne)"},"content":{"rendered":"<h3>Pokrowiec na kamer\u0119 DJI Osmo Action 5 Pro\/4\/3 Ugreen LP912 (czarny)<\/h3>\n<p>Ugreen LP912 to solidne i por\u0119czne etui, zaprojektowane specjalnie z my\u015bl\u0105 o kamerach sportowych DJI Osmo Action 5 Pro, 4 oraz 3. Dzi\u0119ki przemy\u015blanej konstrukcji i wysokiej jako\u015bci materia\u0142om pokrowiec \u0142\u0105czy w sobie skuteczn\u0105 ochron\u0119 i wygod\u0119 u\u017cytkowania. Sprawdzi si\u0119 w ka\u017cdej podr\u00f3\u017cy i podczas codziennego transportu kamery.<\/p>\n<p>\n<img decoding=\"async\" src=\"https:\/\/assets.innpro.pl\/17340\/22923\/3.jpg\" border=\"0\" alt=\"\" \/>\n<\/p>\n<h3>Wytrzyma\u0142a konstrukcja i ochrona przed uszkodzeniami<\/h3>\n<p>Zewn\u0119trzna warstwa pokrowca zosta\u0142a wykonana z utwardzanego materia\u0142u EVA o twardo\u015bci 75\u00b0, kt\u00f3ry skutecznie zabezpiecza kamer\u0119 przed wstrz\u0105sami, uderzeniami i zgniataniem. Zastosowana pow\u0142oka PU o klasie wodoodporno\u015bci IPX4 zapewnia skuteczn\u0105 ochron\u0119 przed zachlapaniem oraz kurzem. Dzi\u0119ki temu mo\u017cesz mie\u0107 pewno\u015b\u0107, \u017ce kamera b\u0119dzie bezpieczna nawet podczas wypadu w deszczowy dzie\u0144, nad jezioro czy na pla\u017c\u0119.<\/p>\n<p>\n<img decoding=\"async\" src=\"https:\/\/assets.innpro.pl\/17340\/22923\/2.jpg\" border=\"0\" alt=\"\" \/>\n<\/p>\n<h3>Dba\u0142o\u015b\u0107 o detale<\/h3>\n<p>Wn\u0119trze etui wy\u015bcie\u0142ane jest mi\u0119kkim materia\u0142em, kt\u00f3ry zapobiega zarysowaniom i otarciom obudowy kamery oraz soczewek. Zosta\u0142o tak\u017ce precyzyjnie dopasowane do kszta\u0142tu urz\u0105dzenia, co zapewnia stabilno\u015b\u0107. Specjalnie wydzielona przestrze\u0144 na obiektyw jeszcze bardziej zwi\u0119ksza bezpiecze\u0144stwo transportu. Dzi\u0119ki niewielkim wymiarom pokrowiec bez problemu mie\u015bci si\u0119 w torbie, plecaku czy nawet kieszeni kurtki. Do\u0142\u0105czony uchwyt na nadgarstek u\u0142atwia przenoszenie akcesorium.<\/p>\n<p>\n<img decoding=\"async\" src=\"https:\/\/assets.innpro.pl\/17340\/22923\/5.jpg\" border=\"0\" alt=\"\" \/>\n<\/p>\n<h3>Maksymalna ochrona<\/h3>\n<p>Pokrowiec Ugreen LP912 zosta\u0142 zaprojektowany tak, aby pomie\u015bci\u0107 zar\u00f3wno sam\u0105 kamer\u0119, jak i kamer\u0119 z ochronn\u0105 ramk\u0105 monta\u017cow\u0105. Dzi\u0119ki temu nie trzeba demontowa\u0107 akcesori\u00f3w przed schowaniem sprz\u0119tu \u2013 wystarczy wsun\u0105\u0107 kamer\u0119 do \u015brodka.\u00a0<\/p>\n<p>\n<img decoding=\"async\" src=\"https:\/\/assets.innpro.pl\/17340\/22923\/4.jpg\" border=\"0\" alt=\"\" \/>\n<\/p>\n<h3>P\u00f3\u0142otwarty zamek \u2013 szybki dost\u0119p do kamery<\/h3>\n<p>Specjalnie zaprojektowany zamek b\u0142yskawiczny umo\u017cliwia cz\u0119\u015bciowe otwarcie etui, dzi\u0119ki czemu mo\u017cna korzysta\u0107 z kamery bez konieczno\u015bci jej wyjmowania z pokrowca. To praktyczne np. wtedy, gdy kamera jest zamontowana na statywie \u2013 nie trzeba rozkr\u0119ca\u0107 ca\u0142ego zestawu, by zabezpieczy\u0107 sprz\u0119t po zako\u0144czeniu nagrania.<\/p>\n<p>\n<img decoding=\"async\" src=\"https:\/\/assets.innpro.pl\/17340\/22923\/1.jpg\" border=\"0\" alt=\"\" \/>\n<\/p>\n<div class=\"table-wrapper\">\n<p>\u00a0<\/p>\n<h3><\/h3>\n<table>\n<tbody>\n<tr>\n<th>Producent<\/th>\n<td>Ugreen<\/td>\n<\/tr>\n<tr>\n<th>Model<\/th>\n<td>LP913<\/td>\n<\/tr>\n<tr>\n<th>Kod produktu<\/th>\n<td>55786<\/td>\n<\/tr>\n<tr>\n<th>Kolor<\/th>\n<td>czarny<\/td>\n<\/tr>\n<tr>\n<th>Kompatybilno\u015b\u0107<\/th>\n<td>DJI Osmo Action 5 Pro, 4, 3<\/td>\n<\/tr>\n<tr>\n<th>Materia\u0142<\/th>\n<td>PU, EVA<\/td>\n<\/tr>\n<tr>\n<th>Waga<\/th>\n<td>33 g<\/td>\n<\/tr>\n<tr>\n<th>Wymiary<\/th>\n<td>100 x 70 x 42 mm<\/td>\n<\/tr>\n<tr>\n<th>Wodoodporno\u015b\u0107<\/th>\n<td>IPX4<\/td>\n<\/tr>\n<\/tbody>\n<\/table>\n<\/div>\n","protected":false},"excerpt":{"rendered":"<p>Pokrowiec na kamer\u0119 DJI Osmo Action 5 Pro\/4\/3 Ugreen LP912 (czarny) Ugreen LP912 to solidne i por\u0119czne etui, zaprojektowane specjalnie<\/p>\n","protected":false},"featured_media":49228,"comment_status":"closed","ping_status":"open","template":"","meta":{"_acf_changed":false},"product_brand":[],"product_cat":[1130,1137,1128],"product_tag":[],"class_list":{"0":"post-60502","1":"product","2":"type-product","3":"status-publish","4":"has-post-thumbnail","6":"product_cat-akcesoria-foto","7":"product_cat-do-kamer-sportowych","8":"product_cat-foto-wideo","9":"pa_okres-gwarancji-5754","10":"pa_producent-ugreen","12":"first","13":"outofstock","14":"taxable","15":"shipping-taxable","16":"purchasable","17":"product-type-simple"},"acf":[],"yoast_head":"<!-- This site is optimized with the Yoast SEO plugin v27.2 - https:\/\/yoast.com\/product\/yoast-seo-wordpress\/ -->\n<title>Etui UGREEN LP912 do DJI Osmo Action 3\/4\/5 Pro (czarne) - IRONSKY.PL Sklep z Dronami<\/title>\n<meta name=\"description\" content=\"Etui UGREEN LP912 do DJI Osmo Action 3\/4\/5 Pro (czarne) - \u2705 sklep z dronami i fachowym doradztwem. \u2705 Tutaj kupisz produkty DJI, Yuneec, Parrot, Syma i wiele innych, a tak\u017ce kursy i licencje na operatora drona.\" \/>\n<meta name=\"robots\" content=\"index, follow, max-snippet:-1, max-image-preview:large, max-video-preview:-1\" \/>\n<link rel=\"canonical\" href=\"https:\/\/ironsky.pl\/sklep\/produkt\/etui-ugreen-lp912-do-dji-osmo-action-3-4-5-pro-czarne\/\" \/>\n<meta property=\"og:locale\" content=\"pl_PL\" \/>\n<meta property=\"og:type\" content=\"article\" \/>\n<meta property=\"og:title\" content=\"Etui UGREEN LP912 do DJI Osmo Action 3\/4\/5 Pro (czarne) - IRONSKY.PL Sklep z Dronami\" \/>\n<meta property=\"og:description\" content=\"Etui UGREEN LP912 do DJI Osmo Action 3\/4\/5 Pro (czarne) - \u2705 sklep z dronami i fachowym doradztwem. \u2705 Tutaj kupisz produkty DJI, Yuneec, Parrot, Syma i wiele innych, a tak\u017ce kursy i licencje na operatora drona.\" \/>\n<meta property=\"og:url\" content=\"https:\/\/ironsky.pl\/sklep\/produkt\/etui-ugreen-lp912-do-dji-osmo-action-3-4-5-pro-czarne\/\" \/>\n<meta property=\"og:site_name\" content=\"IRONSKY.PL Sklep z Dronami\" \/>\n<meta property=\"article:modified_time\" content=\"2026-04-15T09:03:13+00:00\" \/>\n<meta property=\"og:image\" content=\"https:\/\/ironsky.pl\/sklep\/wp-content\/uploads\/2025\/10\/53114_1.jpg\" \/>\n\t<meta property=\"og:image:width\" content=\"800\" \/>\n\t<meta property=\"og:image:height\" content=\"800\" \/>\n\t<meta property=\"og:image:type\" content=\"image\/jpeg\" \/>\n<meta name=\"twitter:card\" content=\"summary_large_image\" \/>\n<meta name=\"twitter:label1\" content=\"Szacowany czas czytania\" \/>\n\t<meta name=\"twitter:data1\" content=\"2 minuty\" \/>\n<script type=\"application\/ld+json\" class=\"yoast-schema-graph\">{\"@context\":\"https:\/\/schema.org\",\"@graph\":[{\"@type\":\"WebPage\",\"@id\":\"https:\/\/ironsky.pl\/sklep\/produkt\/etui-ugreen-lp912-do-dji-osmo-action-3-4-5-pro-czarne\/\",\"url\":\"https:\/\/ironsky.pl\/sklep\/produkt\/etui-ugreen-lp912-do-dji-osmo-action-3-4-5-pro-czarne\/\",\"name\":\"Etui UGREEN LP912 do DJI Osmo Action 3\/4\/5 Pro (czarne) - IRONSKY.PL Sklep z Dronami\",\"isPartOf\":{\"@id\":\"https:\/\/ironsky.pl\/sklep\/#website\"},\"primaryImageOfPage\":{\"@id\":\"https:\/\/ironsky.pl\/sklep\/produkt\/etui-ugreen-lp912-do-dji-osmo-action-3-4-5-pro-czarne\/#primaryimage\"},\"image\":{\"@id\":\"https:\/\/ironsky.pl\/sklep\/produkt\/etui-ugreen-lp912-do-dji-osmo-action-3-4-5-pro-czarne\/#primaryimage\"},\"thumbnailUrl\":\"https:\/\/ironsky.pl\/sklep\/wp-content\/uploads\/2025\/10\/53114_1.jpg\",\"datePublished\":\"2026-04-15T09:03:10+00:00\",\"dateModified\":\"2026-04-15T09:03:13+00:00\",\"description\":\"Etui UGREEN LP912 do DJI Osmo Action 3\/4\/5 Pro (czarne) - \u2705 sklep z dronami i fachowym doradztwem. \u2705 Tutaj kupisz produkty DJI, Yuneec, Parrot, Syma i wiele innych, a tak\u017ce kursy i licencje na operatora drona.\",\"breadcrumb\":{\"@id\":\"https:\/\/ironsky.pl\/sklep\/produkt\/etui-ugreen-lp912-do-dji-osmo-action-3-4-5-pro-czarne\/#breadcrumb\"},\"inLanguage\":\"pl-PL\",\"potentialAction\":[{\"@type\":\"ReadAction\",\"target\":[\"https:\/\/ironsky.pl\/sklep\/produkt\/etui-ugreen-lp912-do-dji-osmo-action-3-4-5-pro-czarne\/\"]}]},{\"@type\":\"ImageObject\",\"inLanguage\":\"pl-PL\",\"@id\":\"https:\/\/ironsky.pl\/sklep\/produkt\/etui-ugreen-lp912-do-dji-osmo-action-3-4-5-pro-czarne\/#primaryimage\",\"url\":\"https:\/\/ironsky.pl\/sklep\/wp-content\/uploads\/2025\/10\/53114_1.jpg\",\"contentUrl\":\"https:\/\/ironsky.pl\/sklep\/wp-content\/uploads\/2025\/10\/53114_1.jpg\",\"width\":800,\"height\":800},{\"@type\":\"BreadcrumbList\",\"@id\":\"https:\/\/ironsky.pl\/sklep\/produkt\/etui-ugreen-lp912-do-dji-osmo-action-3-4-5-pro-czarne\/#breadcrumb\",\"itemListElement\":[{\"@type\":\"ListItem\",\"position\":1,\"name\":\"Strona g\u0142\u00f3wna\",\"item\":\"https:\/\/ironsky.pl\/sklep\/\"},{\"@type\":\"ListItem\",\"position\":2,\"name\":\"Wszystkie produkty\",\"item\":\"https:\/\/ironsky.pl\/sklep\/produkty\/\"},{\"@type\":\"ListItem\",\"position\":3,\"name\":\"Etui UGREEN LP912 do DJI Osmo Action 3\/4\/5 Pro (czarne)\"}]},{\"@type\":\"WebSite\",\"@id\":\"https:\/\/ironsky.pl\/sklep\/#website\",\"url\":\"https:\/\/ironsky.pl\/sklep\/\",\"name\":\"IRONSKY.PL Sklep z Dronami\",\"description\":\"IRONSKY.PL Sklep z Dronami\",\"potentialAction\":[{\"@type\":\"SearchAction\",\"target\":{\"@type\":\"EntryPoint\",\"urlTemplate\":\"https:\/\/ironsky.pl\/sklep\/?s={search_term_string}\"},\"query-input\":{\"@type\":\"PropertyValueSpecification\",\"valueRequired\":true,\"valueName\":\"search_term_string\"}}],\"inLanguage\":\"pl-PL\"}]}<\/script>\n<!-- \/ Yoast SEO plugin. -->","yoast_head_json":{"title":"Etui UGREEN LP912 do DJI Osmo Action 3\/4\/5 Pro (czarne) - IRONSKY.PL Sklep z Dronami","description":"Etui UGREEN LP912 do DJI Osmo Action 3\/4\/5 Pro (czarne) - \u2705 sklep z dronami i fachowym doradztwem. \u2705 Tutaj kupisz produkty DJI, Yuneec, Parrot, Syma i wiele innych, a tak\u017ce kursy i licencje na operatora drona.","robots":{"index":"index","follow":"follow","max-snippet":"max-snippet:-1","max-image-preview":"max-image-preview:large","max-video-preview":"max-video-preview:-1"},"canonical":"https:\/\/ironsky.pl\/sklep\/produkt\/etui-ugreen-lp912-do-dji-osmo-action-3-4-5-pro-czarne\/","og_locale":"pl_PL","og_type":"article","og_title":"Etui UGREEN LP912 do DJI Osmo Action 3\/4\/5 Pro (czarne) - IRONSKY.PL Sklep z Dronami","og_description":"Etui UGREEN LP912 do DJI Osmo Action 3\/4\/5 Pro (czarne) - \u2705 sklep z dronami i fachowym doradztwem. \u2705 Tutaj kupisz produkty DJI, Yuneec, Parrot, Syma i wiele innych, a tak\u017ce kursy i licencje na operatora drona.","og_url":"https:\/\/ironsky.pl\/sklep\/produkt\/etui-ugreen-lp912-do-dji-osmo-action-3-4-5-pro-czarne\/","og_site_name":"IRONSKY.PL Sklep z Dronami","article_modified_time":"2026-04-15T09:03:13+00:00","og_image":[{"width":800,"height":800,"url":"https:\/\/ironsky.pl\/sklep\/wp-content\/uploads\/2025\/10\/53114_1.jpg","type":"image\/jpeg"}],"twitter_card":"summary_large_image","twitter_misc":{"Szacowany czas czytania":"2 minuty"},"schema":{"@context":"https:\/\/schema.org","@graph":[{"@type":"WebPage","@id":"https:\/\/ironsky.pl\/sklep\/produkt\/etui-ugreen-lp912-do-dji-osmo-action-3-4-5-pro-czarne\/","url":"https:\/\/ironsky.pl\/sklep\/produkt\/etui-ugreen-lp912-do-dji-osmo-action-3-4-5-pro-czarne\/","name":"Etui UGREEN LP912 do DJI Osmo Action 3\/4\/5 Pro (czarne) - IRONSKY.PL Sklep z Dronami","isPartOf":{"@id":"https:\/\/ironsky.pl\/sklep\/#website"},"primaryImageOfPage":{"@id":"https:\/\/ironsky.pl\/sklep\/produkt\/etui-ugreen-lp912-do-dji-osmo-action-3-4-5-pro-czarne\/#primaryimage"},"image":{"@id":"https:\/\/ironsky.pl\/sklep\/produkt\/etui-ugreen-lp912-do-dji-osmo-action-3-4-5-pro-czarne\/#primaryimage"},"thumbnailUrl":"https:\/\/ironsky.pl\/sklep\/wp-content\/uploads\/2025\/10\/53114_1.jpg","datePublished":"2026-04-15T09:03:10+00:00","dateModified":"2026-04-15T09:03:13+00:00","description":"Etui UGREEN LP912 do DJI Osmo Action 3\/4\/5 Pro (czarne) - \u2705 sklep z dronami i fachowym doradztwem. \u2705 Tutaj kupisz produkty DJI, Yuneec, Parrot, Syma i wiele innych, a tak\u017ce kursy i licencje na operatora drona.","breadcrumb":{"@id":"https:\/\/ironsky.pl\/sklep\/produkt\/etui-ugreen-lp912-do-dji-osmo-action-3-4-5-pro-czarne\/#breadcrumb"},"inLanguage":"pl-PL","potentialAction":[{"@type":"ReadAction","target":["https:\/\/ironsky.pl\/sklep\/produkt\/etui-ugreen-lp912-do-dji-osmo-action-3-4-5-pro-czarne\/"]}]},{"@type":"ImageObject","inLanguage":"pl-PL","@id":"https:\/\/ironsky.pl\/sklep\/produkt\/etui-ugreen-lp912-do-dji-osmo-action-3-4-5-pro-czarne\/#primaryimage","url":"https:\/\/ironsky.pl\/sklep\/wp-content\/uploads\/2025\/10\/53114_1.jpg","contentUrl":"https:\/\/ironsky.pl\/sklep\/wp-content\/uploads\/2025\/10\/53114_1.jpg","width":800,"height":800},{"@type":"BreadcrumbList","@id":"https:\/\/ironsky.pl\/sklep\/produkt\/etui-ugreen-lp912-do-dji-osmo-action-3-4-5-pro-czarne\/#breadcrumb","itemListElement":[{"@type":"ListItem","position":1,"name":"Strona g\u0142\u00f3wna","item":"https:\/\/ironsky.pl\/sklep\/"},{"@type":"ListItem","position":2,"name":"Wszystkie produkty","item":"https:\/\/ironsky.pl\/sklep\/produkty\/"},{"@type":"ListItem","position":3,"name":"Etui UGREEN LP912 do DJI Osmo Action 3\/4\/5 Pro (czarne)"}]},{"@type":"WebSite","@id":"https:\/\/ironsky.pl\/sklep\/#website","url":"https:\/\/ironsky.pl\/sklep\/","name":"IRONSKY.PL Sklep z Dronami","description":"IRONSKY.PL Sklep z Dronami","potentialAction":[{"@type":"SearchAction","target":{"@type":"EntryPoint","urlTemplate":"https:\/\/ironsky.pl\/sklep\/?s={search_term_string}"},"query-input":{"@type":"PropertyValueSpecification","valueRequired":true,"valueName":"search_term_string"}}],"inLanguage":"pl-PL"}]}},"_links":{"self":[{"href":"https:\/\/ironsky.pl\/sklep\/wp-json\/wp\/v2\/product\/60502","targetHints":{"allow":["GET"]}}],"collection":[{"href":"https:\/\/ironsky.pl\/sklep\/wp-json\/wp\/v2\/product"}],"about":[{"href":"https:\/\/ironsky.pl\/sklep\/wp-json\/wp\/v2\/types\/product"}],"replies":[{"embeddable":true,"href":"https:\/\/ironsky.pl\/sklep\/wp-json\/wp\/v2\/comments?post=60502"}],"wp:featuredmedia":[{"embeddable":true,"href":"https:\/\/ironsky.pl\/sklep\/wp-json\/wp\/v2\/media\/49228"}],"wp:attachment":[{"href":"https:\/\/ironsky.pl\/sklep\/wp-json\/wp\/v2\/media?parent=60502"}],"wp:term":[{"taxonomy":"product_brand","embeddable":true,"href":"https:\/\/ironsky.pl\/sklep\/wp-json\/wp\/v2\/product_brand?post=60502"},{"taxonomy":"product_cat","embeddable":true,"href":"https:\/\/ironsky.pl\/sklep\/wp-json\/wp\/v2\/product_cat?post=60502"},{"taxonomy":"product_tag","embeddable":true,"href":"https:\/\/ironsky.pl\/sklep\/wp-json\/wp\/v2\/product_tag?post=60502"}],"curies":[{"name":"wp","href":"https:\/\/api.w.org\/{rel}","templated":true}]}}