{"id":60478,"date":"2026-04-15T11:02:43","date_gmt":"2026-04-15T09:02:43","guid":{"rendered":"https:\/\/ironsky.pl\/sklep\/produkt\/grawerka-laserowa-creality-falcon-a1-10w-2\/"},"modified":"2026-04-15T11:02:51","modified_gmt":"2026-04-15T09:02:51","slug":"grawerka-laserowa-creality-falcon-a1-10w-2","status":"publish","type":"product","link":"https:\/\/ironsky.pl\/sklep\/produkt\/grawerka-laserowa-creality-falcon-a1-10w-2\/","title":{"rendered":"Grawerka Laserowa Creality Falcon A1 10W"},"content":{"rendered":"<h3>Grawerka Laserowa Creality Falcon A1 10W<\/h3>\n<p>Creality Falcon A1 to zaawansowana grawerka laserowa o mocy 10W, kt\u00f3ra gwarantuje wysok\u0105 jako\u015b\u0107 ci\u0119cia. Dzi\u0119ki zintegrowanej kamerze i inteligentnemu rozpoznawaniu materia\u0142\u00f3w korzystanie z niej nie sprawi Ci problemu. Falcon A1 oferuje przestrze\u0144 robocz\u0105 o wielko\u015bci 305 \u00d7 381 mm i maksymaln\u0105 pr\u0119dko\u015b\u0107 pracy do 600 mm\/s . Co wi\u0119cej, wsp\u00f3\u0142pracuje z szerok\u0105 gam\u0105 materia\u0142\u00f3w \u2013 od drewna i akrylu, przez szk\u0142o i sk\u00f3r\u0119, a\u017c po metal czy bi\u017cuteri\u0119.<\/p>\n<p>\n<img decoding=\"async\" src=\"https:\/\/assets.innpro.pl\/15855\/19986\/3.jpg\" border=\"0\" alt=\"\" \/>\n<\/p>\n<h3>Gotowa do pracy bez skomplikowanej konfiguracji<\/h3>\n<p>Creality Falcon A1 jest wst\u0119pnie zmontowana i skalibrowana, co pozwala oszcz\u0119dzi\u0107 do 95% czasu potrzebnego na przygotowanie urz\u0105dzenia do pracy. To ogromne u\u0142atwienie, zw\u0142aszcza dla pocz\u0105tkuj\u0105cych u\u017cytkownik\u00f3w lub tych, kt\u00f3rzy chc\u0105 zacz\u0105\u0107 prac\u0119 natychmiast po rozpakowaniu. Wszystko dzia\u0142a na zasadzie plug &amp; play \u2013 wystarczy pod\u0142\u0105czy\u0107 zasilanie, w\u0142o\u017cy\u0107 materia\u0142 i zacz\u0105\u0107 grawerowanie.<\/p>\n<p>\n<img decoding=\"async\" src=\"https:\/\/assets.innpro.pl\/15855\/19986\/9.jpg\" border=\"0\" alt=\"\" \/>\n<\/p>\n<h3>Precyzyjna kamera i inteligentne rozpoznawanie materia\u0142\u00f3w<\/h3>\n<p>Urz\u0105dzenie zosta\u0142o wyposa\u017cone w kamer\u0119 HD o pe\u0142nym zasi\u0119gu, kt\u00f3ra daje dok\u0142adny podgl\u0105d ca\u0142ego obszaru roboczego. Kamera jest skalibrowana fabrycznie, dzi\u0119ki czemu pozycjonowanie materia\u0142u oraz przygotowanie projektu s\u0105 niezwykle proste. Dodatkowo automatycznie rozpoznaje materia\u0142y wykorzystuj\u0105c system kodu QR i samodzielnie dobiera optymalne ustawienia pracy lasera, eliminuj\u0105c konieczno\u015b\u0107 r\u0119cznej konfiguracji.<\/p>\n<p>\n<img decoding=\"async\" src=\"https:\/\/assets.innpro.pl\/15855\/19986\/5.jpg\" border=\"0\" alt=\"\" \/>\n<\/p>\n<h3>Moc 10W i jednoetapowe ci\u0119cie<\/h3>\n<p>Dzi\u0119ki technologii podw\u00f3jnej wi\u0105zki laserowej Falcon A1 potrafi ci\u0105\u0107 nawet 9,6 mm akrylu czy 6 mm drewna za jednym razem. To nie tylko oszcz\u0119dno\u015b\u0107 czasu, ale te\u017c gwarancja precyzyjnego ci\u0119cia bez potrzeby powt\u00f3rze\u0144. Precyzyjna plamka lasera (0,06\u00d70,08 mm) umo\u017cliwia wykonywanie bardzo szczeg\u00f3\u0142owych grawer\u00f3w \u2013 idealnych zar\u00f3wno do personalizacji przedmiot\u00f3w, jak i tworzenia artystycznych projekt\u00f3w.<\/p>\n<p>\n<img decoding=\"async\" src=\"https:\/\/assets.innpro.pl\/15855\/19986\/1.jpg\" border=\"0\" alt=\"\" \/>\n<\/p>\n<h3>Szybka i p\u0142ynna praca dzi\u0119ki systemowi CoreXY<\/h3>\n<p>Wysoka pr\u0119dko\u015b\u0107 dzia\u0142ania (do 600 mm\/s) jest mo\u017cliwa dzi\u0119ki zastosowaniu mechanizmu ruchu CoreXY. Uk\u0142ad ten opiera si\u0119 na dw\u00f3ch silnikach, kt\u00f3re zapewniaj\u0105 p\u0142ynny i stabilny ruch g\u0142owicy, co przek\u0142ada si\u0119 na szybko\u015b\u0107 bez utraty precyzji.\u00a0<\/p>\n<p>\n<img decoding=\"async\" src=\"https:\/\/assets.innpro.pl\/15855\/19986\/8.jpg\" border=\"0\" alt=\"\" \/>\n<\/p>\n<h3>R\u00f3\u017cne mo\u017cliwo\u015bci zastosowania<\/h3>\n<p>Falcon A1 radzi sobie z r\u00f3\u017cnorodnymi materia\u0142ami: drewnem, akrylem, szk\u0142em, sk\u00f3r\u0105, metalem, tkaninami, plastikiem czy bi\u017cuteri\u0105. Dzi\u0119ki temu mo\u017ce by\u0107 wykorzystywana do personalizacji przedmiot\u00f3w, tworzenia dekoracji, grawerowania na cylindrycznych powierzchniach (z pomoc\u0105 dodatkowego zestawu obrotowego), a tak\u017ce do precyzyjnego ci\u0119cia.\u00a0<\/p>\n<p>\n<img decoding=\"async\" src=\"https:\/\/assets.innpro.pl\/15855\/19986\/4.jpg\" border=\"0\" alt=\"\" \/>\n<\/p>\n<h3>Dodatkowe akcesoria dla jeszcze wi\u0119kszej wygody<\/h3>\n<p>Falcon A1 mo\u017cesz rozbudowa\u0107 o zestaw rotacyjny, kt\u00f3ry pozwala na grawerowanie przedmiot\u00f3w cylindrycznych \u2013 jak szklanki, butelki czy kubki. Dost\u0119pny jest r\u00f3wnie\u017c oczyszczacz powietrza z filtrem HEPA, kt\u00f3ry usuwa 99,97% zanieczyszcze\u0144, poprawiaj\u0105c komfort pracy w zamkni\u0119tych pomieszczeniach. Creality oferuje te\u017c szerok\u0105 gam\u0119 w\u0142asnych materia\u0142\u00f3w, dopasowanych pod k\u0105tem kompatybilno\u015bci i jako\u015bci grawerowania.<\/p>\n<p>\n<img decoding=\"async\" src=\"https:\/\/assets.innpro.pl\/15855\/19986\/2.jpg\" border=\"0\" alt=\"\" \/>\n<\/p>\n<h3>Pe\u0142na kompatybilno\u015b\u0107 i intuicyjna obs\u0142uga<\/h3>\n<p>Falcon A1 wsp\u00f3\u0142pracuje z popularnym oprogramowaniem LightBurn, LaserGRBL oraz Falcon Design Space i dzia\u0142a zar\u00f3wno pod Windows, jak i macOS. Obs\u0142uguje pliki w formatach jpg, png, bmp, svg, dxf i wielu innych, co pozwala na bezproblemow\u0105 prac\u0119 z r\u00f3\u017cnorodnymi projektami graficznymi.<\/p>\n<p>\n<img decoding=\"async\" src=\"https:\/\/assets.innpro.pl\/15855\/19986\/11.jpg\" border=\"0\" alt=\"\" \/>\n<\/p>\n<h3>W zestawie<\/h3>\n<ul class=\"list-disc pl-5\">\n<li>Grawerka laserowa<\/li>\n<li>Rura<\/li>\n<li>Opaska zaciskowa<\/li>\n<li>Modu\u0142 Air Assist<\/li>\n<li>Rurka silikonowa<\/li>\n<li>Zasilacz<\/li>\n<li>Sklejka lipowa (300\u00d7300\u00d73 mm) + karta QR do materia\u0142\u00f3w<\/li>\n<li>Karta do kalibracji testowej<\/li>\n<li>Przew\u00f3d do pod\u0142\u0105czenia zestawu obrotowego<\/li>\n<li>Wielopoziomowy blok do ustawiania ostro\u015bci<\/li>\n<li>Kabel USB-A do USB-C<\/li>\n<li>Szczoteczka antystatyczna<\/li>\n<li>Klucz imbusowy<\/li>\n<li>Instrukcja obs\u0142ugi<\/li>\n<li>Narz\u0119dzia monta\u017cowe (klucze imbusowe M1.5 \/ M2 \/ M2.5 \/ M3, p\u0119seta, \u015bciereczka bezpy\u0142owa, soczewka ochronna, adapter z USB-A do USB-C, klucze bezpiecze\u0144stwa x2)<\/li>\n<\/ul>\n<div class=\"table-wrapper\">\n<p>\u00a0<\/p>\n<h3><\/h3>\n<table>\n<tbody>\n<tr>\n<th>Producent<\/th>\n<td>Creality<\/td>\n<\/tr>\n<tr>\n<th>Model<\/th>\n<td>Falcon A1<\/td>\n<\/tr>\n<tr>\n<th>Plamka lasera<\/th>\n<td>0,06 \u00d7 0,08 mm<\/td>\n<\/tr>\n<tr>\n<th>Moc max.<\/th>\n<td>120 W<\/td>\n<\/tr>\n<tr>\n<th>D\u0142ugo\u015b\u0107 fali lasera<\/th>\n<td>455 \u00b115 nm<\/td>\n<\/tr>\n<tr>\n<th>Moc optyczna<\/th>\n<td>10 W<\/td>\n<\/tr>\n<tr>\n<th>Klasa lasera<\/th>\n<td>Klasa 1 (FDA)<\/td>\n<\/tr>\n<tr>\n<th>Wymiary urz\u0105dzenia<\/th>\n<td>567 \u00d7 468 \u00d7 196 mm<\/td>\n<\/tr>\n<tr>\n<th>Oprogramowanie do grawerowania<\/th>\n<td>LightBurn, LaserGRBL, Falcon Design Space<\/td>\n<\/tr>\n<tr>\n<th>Waga urz\u0105dzenia<\/th>\n<td>15,5 kg<\/td>\n<\/tr>\n<tr>\n<th>System operacyjny<\/th>\n<td>Windows \/ MacOS<\/td>\n<\/tr>\n<tr>\n<th>Napi\u0119cie wej\u015bciowe<\/th>\n<td>100\u2013240 V, 50\u201360 Hz<\/td>\n<\/tr>\n<tr>\n<th>Obs\u0142ugiwane formaty plik\u00f3w<\/th>\n<td>jpeg, jpg, png, bmp, svg, dxf itd.<\/td>\n<\/tr>\n<tr>\n<th>Napi\u0119cie wyj\u015bciowe<\/th>\n<td>DC 24V\/5.0A<\/td>\n<\/tr>\n<tr>\n<th>Obs\u0142ugiwane materia\u0142y<\/th>\n<td>Karton, drewno, bambus, guma, sk\u00f3ra, tkaniny, akryl, szk\u0142o, plastik itd.<\/td>\n<\/tr>\n<tr>\n<th>Temperatura pracy<\/th>\n<td>5\u00b0C \u2013 35\u00b0C<\/td>\n<\/tr>\n<tr>\n<th>Platforma grawerowania<\/th>\n<td>305 \u00d7 381 mm<\/td>\n<\/tr>\n<tr>\n<th>\u0179r\u00f3d\u0142o lasera<\/th>\n<td>Dioda laserowa<\/td>\n<\/tr>\n<\/tbody>\n<\/table>\n<\/div>\n","protected":false},"excerpt":{"rendered":"<p>Grawerka Laserowa Creality Falcon A1 10W Creality Falcon A1 to zaawansowana grawerka laserowa o mocy 10W, kt\u00f3ra gwarantuje wysok\u0105 jako\u015b\u0107<\/p>\n","protected":false},"featured_media":49182,"comment_status":"closed","ping_status":"open","template":"","meta":{"_acf_changed":false},"product_brand":[],"product_cat":[6218,6217,6219],"product_tag":[],"class_list":{"0":"post-60478","1":"product","2":"type-product","3":"status-publish","4":"has-post-thumbnail","6":"product_cat-grawerki-i-wycinarki-laserowe","7":"product_cat-technologie-kreatywne","8":"product_cat-urzadzenia","9":"pa_okres-gwarancji-5754","10":"pa_producent-creality","12":"first","13":"outofstock","14":"taxable","15":"shipping-taxable","16":"purchasable","17":"product-type-simple"},"acf":[],"yoast_head":"<!-- This site is optimized with the Yoast SEO plugin v27.2 - https:\/\/yoast.com\/product\/yoast-seo-wordpress\/ -->\n<title>Grawerka Laserowa Creality Falcon A1 10W - IRONSKY.PL Sklep z Dronami<\/title>\n<meta name=\"description\" content=\"Grawerka Laserowa Creality Falcon A1 10W - \u2705 sklep z dronami i fachowym doradztwem. \u2705 Tutaj kupisz produkty DJI, Yuneec, Parrot, Syma i wiele innych, a tak\u017ce kursy i licencje na operatora drona.\" \/>\n<meta name=\"robots\" content=\"index, follow, max-snippet:-1, max-image-preview:large, max-video-preview:-1\" \/>\n<link rel=\"canonical\" href=\"https:\/\/ironsky.pl\/sklep\/produkt\/grawerka-laserowa-creality-falcon-a1-10w-2\/\" \/>\n<meta property=\"og:locale\" content=\"pl_PL\" \/>\n<meta property=\"og:type\" content=\"article\" \/>\n<meta property=\"og:title\" content=\"Grawerka Laserowa Creality Falcon A1 10W - IRONSKY.PL Sklep z Dronami\" \/>\n<meta property=\"og:description\" content=\"Grawerka Laserowa Creality Falcon A1 10W - \u2705 sklep z dronami i fachowym doradztwem. \u2705 Tutaj kupisz produkty DJI, Yuneec, Parrot, Syma i wiele innych, a tak\u017ce kursy i licencje na operatora drona.\" \/>\n<meta property=\"og:url\" content=\"https:\/\/ironsky.pl\/sklep\/produkt\/grawerka-laserowa-creality-falcon-a1-10w-2\/\" \/>\n<meta property=\"og:site_name\" content=\"IRONSKY.PL Sklep z Dronami\" \/>\n<meta property=\"article:modified_time\" content=\"2026-04-15T09:02:51+00:00\" \/>\n<meta property=\"og:image\" content=\"https:\/\/ironsky.pl\/sklep\/wp-content\/uploads\/2025\/10\/53043_3.jpg\" \/>\n\t<meta property=\"og:image:width\" content=\"800\" \/>\n\t<meta property=\"og:image:height\" content=\"800\" \/>\n\t<meta property=\"og:image:type\" content=\"image\/jpeg\" \/>\n<meta name=\"twitter:card\" content=\"summary_large_image\" \/>\n<meta name=\"twitter:label1\" content=\"Szacowany czas czytania\" \/>\n\t<meta name=\"twitter:data1\" content=\"3 minuty\" \/>\n<script type=\"application\/ld+json\" class=\"yoast-schema-graph\">{\"@context\":\"https:\/\/schema.org\",\"@graph\":[{\"@type\":\"WebPage\",\"@id\":\"https:\/\/ironsky.pl\/sklep\/produkt\/grawerka-laserowa-creality-falcon-a1-10w-2\/\",\"url\":\"https:\/\/ironsky.pl\/sklep\/produkt\/grawerka-laserowa-creality-falcon-a1-10w-2\/\",\"name\":\"Grawerka Laserowa Creality Falcon A1 10W - IRONSKY.PL Sklep z Dronami\",\"isPartOf\":{\"@id\":\"https:\/\/ironsky.pl\/sklep\/#website\"},\"primaryImageOfPage\":{\"@id\":\"https:\/\/ironsky.pl\/sklep\/produkt\/grawerka-laserowa-creality-falcon-a1-10w-2\/#primaryimage\"},\"image\":{\"@id\":\"https:\/\/ironsky.pl\/sklep\/produkt\/grawerka-laserowa-creality-falcon-a1-10w-2\/#primaryimage\"},\"thumbnailUrl\":\"https:\/\/ironsky.pl\/sklep\/wp-content\/uploads\/2025\/10\/53043_3.jpg\",\"datePublished\":\"2026-04-15T09:02:43+00:00\",\"dateModified\":\"2026-04-15T09:02:51+00:00\",\"description\":\"Grawerka Laserowa Creality Falcon A1 10W - \u2705 sklep z dronami i fachowym doradztwem. \u2705 Tutaj kupisz produkty DJI, Yuneec, Parrot, Syma i wiele innych, a tak\u017ce kursy i licencje na operatora drona.\",\"breadcrumb\":{\"@id\":\"https:\/\/ironsky.pl\/sklep\/produkt\/grawerka-laserowa-creality-falcon-a1-10w-2\/#breadcrumb\"},\"inLanguage\":\"pl-PL\",\"potentialAction\":[{\"@type\":\"ReadAction\",\"target\":[\"https:\/\/ironsky.pl\/sklep\/produkt\/grawerka-laserowa-creality-falcon-a1-10w-2\/\"]}]},{\"@type\":\"ImageObject\",\"inLanguage\":\"pl-PL\",\"@id\":\"https:\/\/ironsky.pl\/sklep\/produkt\/grawerka-laserowa-creality-falcon-a1-10w-2\/#primaryimage\",\"url\":\"https:\/\/ironsky.pl\/sklep\/wp-content\/uploads\/2025\/10\/53043_3.jpg\",\"contentUrl\":\"https:\/\/ironsky.pl\/sklep\/wp-content\/uploads\/2025\/10\/53043_3.jpg\",\"width\":800,\"height\":800},{\"@type\":\"BreadcrumbList\",\"@id\":\"https:\/\/ironsky.pl\/sklep\/produkt\/grawerka-laserowa-creality-falcon-a1-10w-2\/#breadcrumb\",\"itemListElement\":[{\"@type\":\"ListItem\",\"position\":1,\"name\":\"Strona g\u0142\u00f3wna\",\"item\":\"https:\/\/ironsky.pl\/sklep\/\"},{\"@type\":\"ListItem\",\"position\":2,\"name\":\"Wszystkie produkty\",\"item\":\"https:\/\/ironsky.pl\/sklep\/produkty\/\"},{\"@type\":\"ListItem\",\"position\":3,\"name\":\"Grawerka Laserowa Creality Falcon A1 10W\"}]},{\"@type\":\"WebSite\",\"@id\":\"https:\/\/ironsky.pl\/sklep\/#website\",\"url\":\"https:\/\/ironsky.pl\/sklep\/\",\"name\":\"IRONSKY.PL Sklep z Dronami\",\"description\":\"IRONSKY.PL Sklep z Dronami\",\"potentialAction\":[{\"@type\":\"SearchAction\",\"target\":{\"@type\":\"EntryPoint\",\"urlTemplate\":\"https:\/\/ironsky.pl\/sklep\/?s={search_term_string}\"},\"query-input\":{\"@type\":\"PropertyValueSpecification\",\"valueRequired\":true,\"valueName\":\"search_term_string\"}}],\"inLanguage\":\"pl-PL\"}]}<\/script>\n<!-- \/ Yoast SEO plugin. -->","yoast_head_json":{"title":"Grawerka Laserowa Creality Falcon A1 10W - IRONSKY.PL Sklep z Dronami","description":"Grawerka Laserowa Creality Falcon A1 10W - \u2705 sklep z dronami i fachowym doradztwem. \u2705 Tutaj kupisz produkty DJI, Yuneec, Parrot, Syma i wiele innych, a tak\u017ce kursy i licencje na operatora drona.","robots":{"index":"index","follow":"follow","max-snippet":"max-snippet:-1","max-image-preview":"max-image-preview:large","max-video-preview":"max-video-preview:-1"},"canonical":"https:\/\/ironsky.pl\/sklep\/produkt\/grawerka-laserowa-creality-falcon-a1-10w-2\/","og_locale":"pl_PL","og_type":"article","og_title":"Grawerka Laserowa Creality Falcon A1 10W - IRONSKY.PL Sklep z Dronami","og_description":"Grawerka Laserowa Creality Falcon A1 10W - \u2705 sklep z dronami i fachowym doradztwem. \u2705 Tutaj kupisz produkty DJI, Yuneec, Parrot, Syma i wiele innych, a tak\u017ce kursy i licencje na operatora drona.","og_url":"https:\/\/ironsky.pl\/sklep\/produkt\/grawerka-laserowa-creality-falcon-a1-10w-2\/","og_site_name":"IRONSKY.PL Sklep z Dronami","article_modified_time":"2026-04-15T09:02:51+00:00","og_image":[{"width":800,"height":800,"url":"https:\/\/ironsky.pl\/sklep\/wp-content\/uploads\/2025\/10\/53043_3.jpg","type":"image\/jpeg"}],"twitter_card":"summary_large_image","twitter_misc":{"Szacowany czas czytania":"3 minuty"},"schema":{"@context":"https:\/\/schema.org","@graph":[{"@type":"WebPage","@id":"https:\/\/ironsky.pl\/sklep\/produkt\/grawerka-laserowa-creality-falcon-a1-10w-2\/","url":"https:\/\/ironsky.pl\/sklep\/produkt\/grawerka-laserowa-creality-falcon-a1-10w-2\/","name":"Grawerka Laserowa Creality Falcon A1 10W - IRONSKY.PL Sklep z Dronami","isPartOf":{"@id":"https:\/\/ironsky.pl\/sklep\/#website"},"primaryImageOfPage":{"@id":"https:\/\/ironsky.pl\/sklep\/produkt\/grawerka-laserowa-creality-falcon-a1-10w-2\/#primaryimage"},"image":{"@id":"https:\/\/ironsky.pl\/sklep\/produkt\/grawerka-laserowa-creality-falcon-a1-10w-2\/#primaryimage"},"thumbnailUrl":"https:\/\/ironsky.pl\/sklep\/wp-content\/uploads\/2025\/10\/53043_3.jpg","datePublished":"2026-04-15T09:02:43+00:00","dateModified":"2026-04-15T09:02:51+00:00","description":"Grawerka Laserowa Creality Falcon A1 10W - \u2705 sklep z dronami i fachowym doradztwem. \u2705 Tutaj kupisz produkty DJI, Yuneec, Parrot, Syma i wiele innych, a tak\u017ce kursy i licencje na operatora drona.","breadcrumb":{"@id":"https:\/\/ironsky.pl\/sklep\/produkt\/grawerka-laserowa-creality-falcon-a1-10w-2\/#breadcrumb"},"inLanguage":"pl-PL","potentialAction":[{"@type":"ReadAction","target":["https:\/\/ironsky.pl\/sklep\/produkt\/grawerka-laserowa-creality-falcon-a1-10w-2\/"]}]},{"@type":"ImageObject","inLanguage":"pl-PL","@id":"https:\/\/ironsky.pl\/sklep\/produkt\/grawerka-laserowa-creality-falcon-a1-10w-2\/#primaryimage","url":"https:\/\/ironsky.pl\/sklep\/wp-content\/uploads\/2025\/10\/53043_3.jpg","contentUrl":"https:\/\/ironsky.pl\/sklep\/wp-content\/uploads\/2025\/10\/53043_3.jpg","width":800,"height":800},{"@type":"BreadcrumbList","@id":"https:\/\/ironsky.pl\/sklep\/produkt\/grawerka-laserowa-creality-falcon-a1-10w-2\/#breadcrumb","itemListElement":[{"@type":"ListItem","position":1,"name":"Strona g\u0142\u00f3wna","item":"https:\/\/ironsky.pl\/sklep\/"},{"@type":"ListItem","position":2,"name":"Wszystkie produkty","item":"https:\/\/ironsky.pl\/sklep\/produkty\/"},{"@type":"ListItem","position":3,"name":"Grawerka Laserowa Creality Falcon A1 10W"}]},{"@type":"WebSite","@id":"https:\/\/ironsky.pl\/sklep\/#website","url":"https:\/\/ironsky.pl\/sklep\/","name":"IRONSKY.PL Sklep z Dronami","description":"IRONSKY.PL Sklep z Dronami","potentialAction":[{"@type":"SearchAction","target":{"@type":"EntryPoint","urlTemplate":"https:\/\/ironsky.pl\/sklep\/?s={search_term_string}"},"query-input":{"@type":"PropertyValueSpecification","valueRequired":true,"valueName":"search_term_string"}}],"inLanguage":"pl-PL"}]}},"_links":{"self":[{"href":"https:\/\/ironsky.pl\/sklep\/wp-json\/wp\/v2\/product\/60478","targetHints":{"allow":["GET"]}}],"collection":[{"href":"https:\/\/ironsky.pl\/sklep\/wp-json\/wp\/v2\/product"}],"about":[{"href":"https:\/\/ironsky.pl\/sklep\/wp-json\/wp\/v2\/types\/product"}],"replies":[{"embeddable":true,"href":"https:\/\/ironsky.pl\/sklep\/wp-json\/wp\/v2\/comments?post=60478"}],"wp:featuredmedia":[{"embeddable":true,"href":"https:\/\/ironsky.pl\/sklep\/wp-json\/wp\/v2\/media\/49182"}],"wp:attachment":[{"href":"https:\/\/ironsky.pl\/sklep\/wp-json\/wp\/v2\/media?parent=60478"}],"wp:term":[{"taxonomy":"product_brand","embeddable":true,"href":"https:\/\/ironsky.pl\/sklep\/wp-json\/wp\/v2\/product_brand?post=60478"},{"taxonomy":"product_cat","embeddable":true,"href":"https:\/\/ironsky.pl\/sklep\/wp-json\/wp\/v2\/product_cat?post=60478"},{"taxonomy":"product_tag","embeddable":true,"href":"https:\/\/ironsky.pl\/sklep\/wp-json\/wp\/v2\/product_tag?post=60478"}],"curies":[{"name":"wp","href":"https:\/\/api.w.org\/{rel}","templated":true}]}}