{"id":60472,"date":"2026-04-15T11:02:43","date_gmt":"2026-04-15T09:02:43","guid":{"rendered":"https:\/\/ironsky.pl\/sklep\/produkt\/zestaw-fotowoltaiki-balkonowej-ecoflow-stream-easy-1200w-ac-pro\/"},"modified":"2026-04-15T11:02:44","modified_gmt":"2026-04-15T09:02:44","slug":"zestaw-fotowoltaiki-balkonowej-ecoflow-stream-easy-1200w-ac-pro","status":"publish","type":"product","link":"https:\/\/ironsky.pl\/sklep\/produkt\/zestaw-fotowoltaiki-balkonowej-ecoflow-stream-easy-1200w-ac-pro\/","title":{"rendered":"Zestaw fotowoltaiki balkonowej ECOFLOW STREAM Easy 1200W + AC Pro"},"content":{"rendered":"<h3>Fotowoltaika balkonowa EcoFlow STREAM Easy AC Pro<\/h3>\n<p>Zamie\u0144 sw\u00f3j balkon w wydajne \u017ar\u00f3d\u0142o czystej energii dzi\u0119ki zestawowi EcoFlow STREAM Easy. To niezawodne i niezwykle \u0142atwe w instalacji rozwi\u0105zanie fotowoltaiczne z monta\u017cem typu plug &amp; play, kt\u00f3re idealnie wpasuje si\u0119 do ka\u017cdego balkonu. Mikroinwerter o mocy 2 \u00d7 600 W wykorzystuje technik\u0119 MPPT (Maximum Power Point Tracking, \u015bledzenie punktu maksymalnej mocy) i charakteryzuje si\u0119 klas\u0105 szczelno\u015bci IP67 (Ingress Protection 67, ochrona przed py\u0142em i zanurzeniem w wodzie). To gwarancja wysokiej wydajno\u015bci i odporno\u015bci na niesprzyjaj\u0105ce warunki atmosferyczne. Stacja zasilania AC (Alternating Current, pr\u0105d przemienny) Pro o imponuj\u0105cej pojemno\u015bci 1,92 kWh umo\u017cliwia magazynowanie energii i zasilanie domu z moc\u0105 800 W (1200 W mocy wyj\u015bciowej), nawet przy du\u017cym obci\u0105\u017ceniu. Kompatybilno\u015b\u0107 z systemami innych producent\u00f3w i mo\u017cliwo\u015b\u0107 rozbudowy o drug\u0105 stacj\u0119 tworz\u0105 inteligentn\u0105 sie\u0107 zasilania, kt\u00f3ra pozwala znacz\u0105co obni\u017cy\u0107 rachunki za pr\u0105d. To niezale\u017cno\u015b\u0107 energetyczna w inteligentnym, domowym wydaniu.<\/p>\n<p>\n<img decoding=\"async\" src=\"https:\/\/assets.innpro.pl\/15801\/19889\/3.jpg\" border=\"0\" alt=\"system fotowoltaiczny ecoflow na balkonie\" \/>\n<\/p>\n<h3>Realne oszcz\u0119dno\u015bci<\/h3>\n<p>Zestaw 2 paneli fotowoltaicznych o mocy 400W ka\u017cdy to inteligentne rozwi\u0105zanie dla Twojego domu, kt\u00f3re produkuje do 842 kWh czystej energii s\u0142onecznej rocznie. Dzi\u0119ki temu mo\u017cesz zaoszcz\u0119dzi\u0107 nawet <strong>867,64 z\u0142<\/strong> na rachunkach za pr\u0105d przy obecnej cenie energii w taryfie G11 (1,03 z\u0142\/kWh)*. To kompaktowa inwestycja, kt\u00f3ra od pierwszego dnia rozpoczyna prac\u0119 na rzecz Twojego domowego bud\u017cetu, przekszta\u0142caj\u0105c energi\u0119 s\u0142oneczn\u0105 w wymierne oszcz\u0119dno\u015bci finansowe.<\/p>\n<p><em>*\u0179r\u00f3d\u0142o: ceny-pr\u0105du.pl; PVGIS<\/em><\/p>\n<p>\n<img decoding=\"async\" src=\"https:\/\/assets.innpro.pl\/15801\/19889\/13.jpg\" border=\"0\" alt=\"grafika z kobiet\u0105 i panelem fotowoltaicznym z opisem oszcz\u0119dno\u015bci\" \/>\n<\/p>\n<h3>Prosty monta\u017c, pe\u0142na kontrola nad energi\u0105<\/h3>\n<p>Dzi\u0119ki \u0142atwemu monta\u017cowi typu plug &amp; play uruchomienie zestawu EcoFlow STREAM nie jest w \u017cadnym stopniu skomplikowane. Wystarczy, \u017ce pod\u0142\u0105czysz mikroinwerter do paneli PV (Photovoltaic, fotowoltaiczne), a nast\u0119pnie przew\u00f3d AC do stacji zasilania STREAM AC Pro \u2013 bez potrzeby anga\u017cowania elektryka. Zestaw doskonale sprawdzi si\u0119 w mieszkaniach, na balkonach i w miejscach, gdzie tradycyjna instalacja PV by\u0142aby niemo\u017cliwa lub zbyt kosztowna.\u00a0<\/p>\n<p>\n<img decoding=\"async\" src=\"https:\/\/assets.innpro.pl\/15801\/19889\/4.jpg\" border=\"0\" alt=\"panele fotowoltaiczne na balustradzie balkonowej bia\u0142ego domu\" \/>\n<\/p>\n<h3>Mikroinwerter gotowy na ka\u017cde warunki<\/h3>\n<p>Mikroinwenter EcoFlow zaprojektowano z my\u015bl\u0105 o trwa\u0142o\u015bci i odporno\u015bci na warunki atmosferyczne. Jego wytrzyma\u0142a obudowa o klasie wodoszczelno\u015bci IP67 sprawia, \u017ce urz\u0105dzenie sprawdza si\u0119 przez ca\u0142y rok \u2013 bez wzgl\u0119du na to, czy pada deszcz, \u015bnieg, czy powietrze jest wilgotne. Moc wej\u015bciowa PV wynosi a\u017c 1200 W (600 W \u00d7 2), a technologia MPPT zapewnia wysok\u0105 sprawno\u015b\u0107 konwersji energii s\u0142onecznej ka\u017cdego dnia. Zobacz, jak wiele mo\u017cesz zyska\u0107 z EcoFlow!<\/p>\n<p>\n<img decoding=\"async\" src=\"https:\/\/assets.innpro.pl\/15801\/19889\/5.jpg\" border=\"0\" alt=\"mikroinwerter z panelami fotowoltaicnzymi na bia\u0142ym tle\" \/>\n<\/p>\n<h3>Magazynuj i wykorzystuj energi\u0119 wtedy, kiedy jej potrzebujesz<\/h3>\n<p>Stacja AC Pro zachwyca swoj\u0105 pot\u0119\u017cn\u0105 pojemno\u015bci\u0105, kt\u00f3ra wynosi 1,92 kWh, co umo\u017cliwia magazynowanie energii i wykorzystywanie jej w dowolnym momencie. Dzi\u0119ki mocy wyj\u015bciowej 1200 W z funkcj\u0105 bypass zasila bezpo\u015brednio urz\u0105dzenia domowe, w tym nawet dwa sprz\u0119ty o du\u017cym poborze mocy jednocze\u015bnie. Mo\u017cesz te\u017c rozbudowa\u0107 system o dodatkow\u0105 stacj\u0119 i osi\u0105gn\u0105\u0107 pe\u0142n\u0105 moc 2300 W w trybie bateryjnym.\u00a0<\/p>\n<p>\n<img decoding=\"async\" src=\"https:\/\/assets.innpro.pl\/15801\/19889\/2.jpg\" border=\"0\" alt=\"cz\u0119\u015b\u0107 systemu fotowoltaicznego zasilaj\u0105ca urzadzenia kuchenne\" \/>\n<\/p>\n<h3>Elastyczny i skalowalny system do ka\u017cdego mieszkania<\/h3>\n<p>Stacja posiada magazyn ze wbudowanym falownikiem, co pozwala umie\u015bci\u0107 urz\u0105dzenie w dowolnym miejscu w domu. Natomiast kompatybilno\u015b\u0107 z mikroinwerterami innych marek umo\u017cliwia bezproblemow\u0105 integracj\u0119 z ju\u017c istniej\u0105c\u0105 instalacj\u0105. Pod\u0142\u0105czaj\u0105c dwie jednostki STREAM AC Pro, zyskujesz dost\u0119p do Balcony Power Plant Network \u2013 inteligentnej sieci zasilania s\u0142onecznego. Sie\u0107 wykorzystuje funkcje sztucznej inteligencji, co zapewnia niemal ca\u0142kowit\u0105 niezale\u017cno\u015b\u0107 energetyczn\u0105. Zarz\u0105dzanie energi\u0105 jeszcze nigdy nie by\u0142o tak proste!\u00a0<\/p>\n<p>\n<img decoding=\"async\" src=\"https:\/\/assets.innpro.pl\/15801\/19889\/6.jpg\" border=\"0\" alt=\"fotowoltaika balkonowa w mieszkaniu\" \/>\n<\/p>\n<h3>Panele fotowoltaiczne Trina<\/h3>\n<p>Dwa panele fotowoltaiczne Trina, kt\u00f3re otrzymujesz w zestawie, gwarantuj\u0105 najwy\u017csz\u0105 jako\u015b\u0107 i wydajno\u015b\u0107 domowej instalacji PV. Panele wykorzystuj\u0105 zaawansowane technologie, co przek\u0142ada si\u0119 na wy\u017csz\u0105 sprawno\u015b\u0107 konwersji energii oraz ni\u017cszy wska\u017anik degradacji mocy. Solidna budowa gwarantuje trwa\u0142o\u015b\u0107 i niezawodno\u015b\u0107 w trudnych warunkach atmosferycznych, a estetyczny wygl\u0105d paneli doskonale skomponuje si\u0119 z architektur\u0105 ka\u017cdego budynku. Wybieraj\u0105c panele Trina Solar, inwestujesz w d\u0142ugoterminow\u0105 efektywno\u015b\u0107 i niezawodno\u015b\u0107 swojej instalacji fotowoltaicznej.<\/p>\n<p>\n<img decoding=\"async\" src=\"https:\/\/assets.innpro.pl\/15801\/19889\/9.jpg\" border=\"0\" alt=\"ch\u0142opczyk z mam\u0105 przy panelu fotowoltaicznym\" \/>\n<\/p>\n<h3>Dodatkowe akcesoria w zestawie<\/h3>\n<p>Do zestawu do\u0142\u0105czono niezb\u0119dne akcesoria, kt\u00f3re pomog\u0105 Ci w codziennym u\u017cytkowaniu i oszcz\u0119dzaniu energii. W\u015br\u00f3d nich znajdziesz mi\u0119dzy innymi uchwyt na zacisk PV, kabel przed\u0142u\u017caj\u0105cy do stacji zasilaj\u0105cej, kabel r\u00f3wnoleg\u0142y, 1.5-metrowy i 15-metrowy kabel zasilania AC, dwie wtyczki przy\u0142\u0105czeniowe, a tak\u017ce 1.5-metrowy, 5-metrowy i 15-metrowy kabel DIY. Oszcz\u0119dzaj, zwi\u0119ksz komfort \u017cycia i b\u0105d\u017a gotowy na przysz\u0142o\u015b\u0107 \u2013 szybko, prosto i efektywnie!<\/p>\n<p>\n<img decoding=\"async\" src=\"https:\/\/assets.innpro.pl\/15801\/19889\/11.jpg\" border=\"0\" alt=\"Fotowoltaika balkonowa EcoFlow STREAM Easy AC Pro zestaw na szarym tle\" \/>\n<\/p>\n<h3>W zestawie<\/h3>\n<ul class=\"list-disc pl-5\">\n<li>mikroinwenter<\/li>\n<li>stacja zasilania AC Pro<\/li>\n<li>uchwyt na zacisk PV<\/li>\n<li>kabel przed\u0142u\u017caj\u0105cy do panelu s\u0142onecznego<\/li>\n<li>kabel przeciwstawny<\/li>\n<li>kabel zasilania AC x3<\/li>\n<li>wtyczka przy\u0142\u0105czeniowa x2<\/li>\n<li>kabel DIY x3<\/li>\n<li>panel fotowoltaiczny Trina x2<\/li>\n<li>instrukcja obs\u0142ugi<\/li>\n<\/ul>\n<div class=\"table-wrapper\">\n<p>\u00a0<\/p>\n<h3>Mikroinwenter<\/h3>\n<table>\n<tbody>\n<tr>\n<th>MPPT<\/th>\n<td>2<\/td>\n<\/tr>\n<tr>\n<th>Moc wej\u015bciowa PV<\/th>\n<td>600W \u00d72<\/td>\n<\/tr>\n<tr>\n<th>Napi\u0119cie wej\u015bciowe<\/th>\n<td>16~60Vd.c.<\/td>\n<\/tr>\n<tr>\n<th>Wyj\u015bcie AC &#8211; pod\u0142\u0105czenie do sieci<\/th>\n<td>800W<\/td>\n<\/tr>\n<tr>\n<th>Pr\u0105d wyj\u015bciowy AC<\/th>\n<td>3.48A<\/td>\n<\/tr>\n<tr>\n<th>Temperatura pracy<\/th>\n<td>-40\u00b0\u2103~65\u2103<\/td>\n<\/tr>\n<tr>\n<th>Pod\u0142\u0105czenie<\/th>\n<td>Wi-Fi\/Bluetooth<\/td>\n<\/tr>\n<tr>\n<th>Stopie\u0144 ochrony<\/th>\n<td>IP67<\/td>\n<\/tr>\n<tr>\n<th>Waga<\/th>\n<td>3.2 kg<\/td>\n<\/tr>\n<tr>\n<th>Wymiary<\/th>\n<td>252 x180 x 35 mm<\/td>\n<\/tr>\n<tr>\n<th>Poziom ha\u0142asu<\/th>\n<td>&lt;20 dB<\/td>\n<\/tr>\n<\/tbody>\n<\/table>\n<p>\u00a0<\/p>\n<h3>Stacja zasilania<\/h3>\n<table>\n<tbody>\n<tr>\n<th>Pojemno\u015b\u0107<\/th>\n<td>1.92 kWh<\/td>\n<\/tr>\n<tr>\n<th>\u017bywotno\u015b\u0107<\/th>\n<td>6000 cykli do 70% pojemno\u015bci<\/td>\n<\/tr>\n<tr>\n<th>Wej\u015bcie \u0142adowania AC<\/th>\n<td>1050 W<\/td>\n<\/tr>\n<tr>\n<th>Wyj\u015bcie AC<\/th>\n<td>1200 W<\/td>\n<\/tr>\n<tr>\n<th>MPPT<\/th>\n<td>Brak<\/td>\n<\/tr>\n<tr>\n<th>Moc wej\u015bciowa PV<\/th>\n<td>Brak<\/td>\n<\/tr>\n<tr>\n<th>Wyj\u015bcie AC &#8211; pod\u0142\u0105czone do sieci<\/th>\n<td>800 W<\/td>\n<\/tr>\n<tr>\n<th>Moc wej\u015bciowa \u0142adowania AC<\/th>\n<td>10A<\/td>\n<\/tr>\n<tr>\n<th>Maksymalna moc pod\u0142\u0105czonego urz\u0105dzenia<\/th>\n<td>2300 W (10A)<\/td>\n<\/tr>\n<tr>\n<th>Temperatura pracy<\/th>\n<td>-20~55\u00b0C<\/td>\n<\/tr>\n<tr>\n<th>Samonagrzewanie akumulatora<\/th>\n<td>Aktywacja \u0142adowania w niskiej temperaturze (\u22645C)<\/td>\n<\/tr>\n<tr>\n<th>Po\u0142\u0105czenie<\/th>\n<td>Wi-Fi\/Bluetooth<\/td>\n<\/tr>\n<tr>\n<th>Stopie\u0144 ochrony<\/th>\n<td>IP65<\/td>\n<\/tr>\n<tr>\n<th>Waga<\/th>\n<td>21.5 kg<\/td>\n<\/tr>\n<tr>\n<th>Wymiary<\/th>\n<td>255 x 254  x 458 mm<\/td>\n<\/tr>\n<tr>\n<th>Poziom ha\u0142asu<\/th>\n<td>&lt;30 dB<\/td>\n<\/tr>\n<\/tbody>\n<\/table>\n<\/div>\n","protected":false},"excerpt":{"rendered":"<p>Fotowoltaika balkonowa EcoFlow STREAM Easy AC Pro Zamie\u0144 sw\u00f3j balkon w wydajne \u017ar\u00f3d\u0142o czystej energii dzi\u0119ki zestawowi EcoFlow STREAM Easy.<\/p>\n","protected":false},"featured_media":40520,"comment_status":"closed","ping_status":"open","template":"","meta":{"_acf_changed":false},"product_brand":[],"product_cat":[1108,1110,6235],"product_tag":[],"class_list":{"0":"post-60472","1":"product","2":"type-product","3":"status-publish","4":"has-post-thumbnail","6":"product_cat-energia","7":"product_cat-panele-fotowoltaiczne","8":"product_cat-systemy-balkonowe","9":"pa_120-m-5776","10":"pa_producent-ecoflow","12":"first","13":"outofstock","14":"taxable","15":"shipping-taxable","16":"purchasable","17":"product-type-simple"},"acf":[],"yoast_head":"<!-- This site is optimized with the Yoast SEO plugin v27.2 - https:\/\/yoast.com\/product\/yoast-seo-wordpress\/ -->\n<title>Zestaw fotowoltaiki balkonowej ECOFLOW STREAM Easy 1200W + AC Pro - IRONSKY.PL Sklep z Dronami<\/title>\n<meta name=\"description\" content=\"Zestaw fotowoltaiki balkonowej ECOFLOW STREAM Easy 1200W + AC Pro - \u2705 sklep z dronami i fachowym doradztwem. \u2705 Tutaj kupisz produkty DJI, Yuneec, Parrot, Syma i wiele innych, a tak\u017ce kursy i licencje na operatora drona.\" \/>\n<meta name=\"robots\" content=\"index, follow, max-snippet:-1, max-image-preview:large, max-video-preview:-1\" \/>\n<link rel=\"canonical\" href=\"https:\/\/ironsky.pl\/sklep\/produkt\/zestaw-fotowoltaiki-balkonowej-ecoflow-stream-easy-1200w-ac-pro\/\" \/>\n<meta property=\"og:locale\" content=\"pl_PL\" \/>\n<meta property=\"og:type\" content=\"article\" \/>\n<meta property=\"og:title\" content=\"Zestaw fotowoltaiki balkonowej ECOFLOW STREAM Easy 1200W + AC Pro - IRONSKY.PL Sklep z Dronami\" \/>\n<meta property=\"og:description\" content=\"Zestaw fotowoltaiki balkonowej ECOFLOW STREAM Easy 1200W + AC Pro - \u2705 sklep z dronami i fachowym doradztwem. \u2705 Tutaj kupisz produkty DJI, Yuneec, Parrot, Syma i wiele innych, a tak\u017ce kursy i licencje na operatora drona.\" \/>\n<meta property=\"og:url\" content=\"https:\/\/ironsky.pl\/sklep\/produkt\/zestaw-fotowoltaiki-balkonowej-ecoflow-stream-easy-1200w-ac-pro\/\" \/>\n<meta property=\"og:site_name\" content=\"IRONSKY.PL Sklep z Dronami\" \/>\n<meta property=\"article:modified_time\" content=\"2026-04-15T09:02:44+00:00\" \/>\n<meta property=\"og:image\" content=\"https:\/\/ironsky.pl\/sklep\/wp-content\/uploads\/2025\/05\/53029_1.jpg\" \/>\n\t<meta property=\"og:image:width\" content=\"800\" \/>\n\t<meta property=\"og:image:height\" content=\"800\" \/>\n\t<meta property=\"og:image:type\" content=\"image\/jpeg\" \/>\n<meta name=\"twitter:card\" content=\"summary_large_image\" \/>\n<meta name=\"twitter:label1\" content=\"Szacowany czas czytania\" \/>\n\t<meta name=\"twitter:data1\" content=\"4 minuty\" \/>\n<script type=\"application\/ld+json\" class=\"yoast-schema-graph\">{\"@context\":\"https:\/\/schema.org\",\"@graph\":[{\"@type\":\"WebPage\",\"@id\":\"https:\/\/ironsky.pl\/sklep\/produkt\/zestaw-fotowoltaiki-balkonowej-ecoflow-stream-easy-1200w-ac-pro\/\",\"url\":\"https:\/\/ironsky.pl\/sklep\/produkt\/zestaw-fotowoltaiki-balkonowej-ecoflow-stream-easy-1200w-ac-pro\/\",\"name\":\"Zestaw fotowoltaiki balkonowej ECOFLOW STREAM Easy 1200W + AC Pro - IRONSKY.PL Sklep z Dronami\",\"isPartOf\":{\"@id\":\"https:\/\/ironsky.pl\/sklep\/#website\"},\"primaryImageOfPage\":{\"@id\":\"https:\/\/ironsky.pl\/sklep\/produkt\/zestaw-fotowoltaiki-balkonowej-ecoflow-stream-easy-1200w-ac-pro\/#primaryimage\"},\"image\":{\"@id\":\"https:\/\/ironsky.pl\/sklep\/produkt\/zestaw-fotowoltaiki-balkonowej-ecoflow-stream-easy-1200w-ac-pro\/#primaryimage\"},\"thumbnailUrl\":\"https:\/\/ironsky.pl\/sklep\/wp-content\/uploads\/2025\/05\/53029_1.jpg\",\"datePublished\":\"2026-04-15T09:02:43+00:00\",\"dateModified\":\"2026-04-15T09:02:44+00:00\",\"description\":\"Zestaw fotowoltaiki balkonowej ECOFLOW STREAM Easy 1200W + AC Pro - \u2705 sklep z dronami i fachowym doradztwem. \u2705 Tutaj kupisz produkty DJI, Yuneec, Parrot, Syma i wiele innych, a tak\u017ce kursy i licencje na operatora drona.\",\"breadcrumb\":{\"@id\":\"https:\/\/ironsky.pl\/sklep\/produkt\/zestaw-fotowoltaiki-balkonowej-ecoflow-stream-easy-1200w-ac-pro\/#breadcrumb\"},\"inLanguage\":\"pl-PL\",\"potentialAction\":[{\"@type\":\"ReadAction\",\"target\":[\"https:\/\/ironsky.pl\/sklep\/produkt\/zestaw-fotowoltaiki-balkonowej-ecoflow-stream-easy-1200w-ac-pro\/\"]}]},{\"@type\":\"ImageObject\",\"inLanguage\":\"pl-PL\",\"@id\":\"https:\/\/ironsky.pl\/sklep\/produkt\/zestaw-fotowoltaiki-balkonowej-ecoflow-stream-easy-1200w-ac-pro\/#primaryimage\",\"url\":\"https:\/\/ironsky.pl\/sklep\/wp-content\/uploads\/2025\/05\/53029_1.jpg\",\"contentUrl\":\"https:\/\/ironsky.pl\/sklep\/wp-content\/uploads\/2025\/05\/53029_1.jpg\",\"width\":800,\"height\":800},{\"@type\":\"BreadcrumbList\",\"@id\":\"https:\/\/ironsky.pl\/sklep\/produkt\/zestaw-fotowoltaiki-balkonowej-ecoflow-stream-easy-1200w-ac-pro\/#breadcrumb\",\"itemListElement\":[{\"@type\":\"ListItem\",\"position\":1,\"name\":\"Strona g\u0142\u00f3wna\",\"item\":\"https:\/\/ironsky.pl\/sklep\/\"},{\"@type\":\"ListItem\",\"position\":2,\"name\":\"Wszystkie produkty\",\"item\":\"https:\/\/ironsky.pl\/sklep\/produkty\/\"},{\"@type\":\"ListItem\",\"position\":3,\"name\":\"Zestaw fotowoltaiki balkonowej ECOFLOW STREAM Easy 1200W + AC Pro\"}]},{\"@type\":\"WebSite\",\"@id\":\"https:\/\/ironsky.pl\/sklep\/#website\",\"url\":\"https:\/\/ironsky.pl\/sklep\/\",\"name\":\"IRONSKY.PL Sklep z Dronami\",\"description\":\"IRONSKY.PL Sklep z Dronami\",\"potentialAction\":[{\"@type\":\"SearchAction\",\"target\":{\"@type\":\"EntryPoint\",\"urlTemplate\":\"https:\/\/ironsky.pl\/sklep\/?s={search_term_string}\"},\"query-input\":{\"@type\":\"PropertyValueSpecification\",\"valueRequired\":true,\"valueName\":\"search_term_string\"}}],\"inLanguage\":\"pl-PL\"}]}<\/script>\n<!-- \/ Yoast SEO plugin. -->","yoast_head_json":{"title":"Zestaw fotowoltaiki balkonowej ECOFLOW STREAM Easy 1200W + AC Pro - IRONSKY.PL Sklep z Dronami","description":"Zestaw fotowoltaiki balkonowej ECOFLOW STREAM Easy 1200W + AC Pro - \u2705 sklep z dronami i fachowym doradztwem. \u2705 Tutaj kupisz produkty DJI, Yuneec, Parrot, Syma i wiele innych, a tak\u017ce kursy i licencje na operatora drona.","robots":{"index":"index","follow":"follow","max-snippet":"max-snippet:-1","max-image-preview":"max-image-preview:large","max-video-preview":"max-video-preview:-1"},"canonical":"https:\/\/ironsky.pl\/sklep\/produkt\/zestaw-fotowoltaiki-balkonowej-ecoflow-stream-easy-1200w-ac-pro\/","og_locale":"pl_PL","og_type":"article","og_title":"Zestaw fotowoltaiki balkonowej ECOFLOW STREAM Easy 1200W + AC Pro - IRONSKY.PL Sklep z Dronami","og_description":"Zestaw fotowoltaiki balkonowej ECOFLOW STREAM Easy 1200W + AC Pro - \u2705 sklep z dronami i fachowym doradztwem. \u2705 Tutaj kupisz produkty DJI, Yuneec, Parrot, Syma i wiele innych, a tak\u017ce kursy i licencje na operatora drona.","og_url":"https:\/\/ironsky.pl\/sklep\/produkt\/zestaw-fotowoltaiki-balkonowej-ecoflow-stream-easy-1200w-ac-pro\/","og_site_name":"IRONSKY.PL Sklep z Dronami","article_modified_time":"2026-04-15T09:02:44+00:00","og_image":[{"width":800,"height":800,"url":"https:\/\/ironsky.pl\/sklep\/wp-content\/uploads\/2025\/05\/53029_1.jpg","type":"image\/jpeg"}],"twitter_card":"summary_large_image","twitter_misc":{"Szacowany czas czytania":"4 minuty"},"schema":{"@context":"https:\/\/schema.org","@graph":[{"@type":"WebPage","@id":"https:\/\/ironsky.pl\/sklep\/produkt\/zestaw-fotowoltaiki-balkonowej-ecoflow-stream-easy-1200w-ac-pro\/","url":"https:\/\/ironsky.pl\/sklep\/produkt\/zestaw-fotowoltaiki-balkonowej-ecoflow-stream-easy-1200w-ac-pro\/","name":"Zestaw fotowoltaiki balkonowej ECOFLOW STREAM Easy 1200W + AC Pro - IRONSKY.PL Sklep z Dronami","isPartOf":{"@id":"https:\/\/ironsky.pl\/sklep\/#website"},"primaryImageOfPage":{"@id":"https:\/\/ironsky.pl\/sklep\/produkt\/zestaw-fotowoltaiki-balkonowej-ecoflow-stream-easy-1200w-ac-pro\/#primaryimage"},"image":{"@id":"https:\/\/ironsky.pl\/sklep\/produkt\/zestaw-fotowoltaiki-balkonowej-ecoflow-stream-easy-1200w-ac-pro\/#primaryimage"},"thumbnailUrl":"https:\/\/ironsky.pl\/sklep\/wp-content\/uploads\/2025\/05\/53029_1.jpg","datePublished":"2026-04-15T09:02:43+00:00","dateModified":"2026-04-15T09:02:44+00:00","description":"Zestaw fotowoltaiki balkonowej ECOFLOW STREAM Easy 1200W + AC Pro - \u2705 sklep z dronami i fachowym doradztwem. \u2705 Tutaj kupisz produkty DJI, Yuneec, Parrot, Syma i wiele innych, a tak\u017ce kursy i licencje na operatora drona.","breadcrumb":{"@id":"https:\/\/ironsky.pl\/sklep\/produkt\/zestaw-fotowoltaiki-balkonowej-ecoflow-stream-easy-1200w-ac-pro\/#breadcrumb"},"inLanguage":"pl-PL","potentialAction":[{"@type":"ReadAction","target":["https:\/\/ironsky.pl\/sklep\/produkt\/zestaw-fotowoltaiki-balkonowej-ecoflow-stream-easy-1200w-ac-pro\/"]}]},{"@type":"ImageObject","inLanguage":"pl-PL","@id":"https:\/\/ironsky.pl\/sklep\/produkt\/zestaw-fotowoltaiki-balkonowej-ecoflow-stream-easy-1200w-ac-pro\/#primaryimage","url":"https:\/\/ironsky.pl\/sklep\/wp-content\/uploads\/2025\/05\/53029_1.jpg","contentUrl":"https:\/\/ironsky.pl\/sklep\/wp-content\/uploads\/2025\/05\/53029_1.jpg","width":800,"height":800},{"@type":"BreadcrumbList","@id":"https:\/\/ironsky.pl\/sklep\/produkt\/zestaw-fotowoltaiki-balkonowej-ecoflow-stream-easy-1200w-ac-pro\/#breadcrumb","itemListElement":[{"@type":"ListItem","position":1,"name":"Strona g\u0142\u00f3wna","item":"https:\/\/ironsky.pl\/sklep\/"},{"@type":"ListItem","position":2,"name":"Wszystkie produkty","item":"https:\/\/ironsky.pl\/sklep\/produkty\/"},{"@type":"ListItem","position":3,"name":"Zestaw fotowoltaiki balkonowej ECOFLOW STREAM Easy 1200W + AC Pro"}]},{"@type":"WebSite","@id":"https:\/\/ironsky.pl\/sklep\/#website","url":"https:\/\/ironsky.pl\/sklep\/","name":"IRONSKY.PL Sklep z Dronami","description":"IRONSKY.PL Sklep z Dronami","potentialAction":[{"@type":"SearchAction","target":{"@type":"EntryPoint","urlTemplate":"https:\/\/ironsky.pl\/sklep\/?s={search_term_string}"},"query-input":{"@type":"PropertyValueSpecification","valueRequired":true,"valueName":"search_term_string"}}],"inLanguage":"pl-PL"}]}},"_links":{"self":[{"href":"https:\/\/ironsky.pl\/sklep\/wp-json\/wp\/v2\/product\/60472","targetHints":{"allow":["GET"]}}],"collection":[{"href":"https:\/\/ironsky.pl\/sklep\/wp-json\/wp\/v2\/product"}],"about":[{"href":"https:\/\/ironsky.pl\/sklep\/wp-json\/wp\/v2\/types\/product"}],"replies":[{"embeddable":true,"href":"https:\/\/ironsky.pl\/sklep\/wp-json\/wp\/v2\/comments?post=60472"}],"wp:featuredmedia":[{"embeddable":true,"href":"https:\/\/ironsky.pl\/sklep\/wp-json\/wp\/v2\/media\/40520"}],"wp:attachment":[{"href":"https:\/\/ironsky.pl\/sklep\/wp-json\/wp\/v2\/media?parent=60472"}],"wp:term":[{"taxonomy":"product_brand","embeddable":true,"href":"https:\/\/ironsky.pl\/sklep\/wp-json\/wp\/v2\/product_brand?post=60472"},{"taxonomy":"product_cat","embeddable":true,"href":"https:\/\/ironsky.pl\/sklep\/wp-json\/wp\/v2\/product_cat?post=60472"},{"taxonomy":"product_tag","embeddable":true,"href":"https:\/\/ironsky.pl\/sklep\/wp-json\/wp\/v2\/product_tag?post=60472"}],"curies":[{"name":"wp","href":"https:\/\/api.w.org\/{rel}","templated":true}]}}