{"id":60468,"date":"2026-04-15T11:02:16","date_gmt":"2026-04-15T09:02:16","guid":{"rendered":"https:\/\/ironsky.pl\/sklep\/produkt\/pasek-freewell-z-szybkozlaczka-do-kamer\/"},"modified":"2026-04-15T11:02:40","modified_gmt":"2026-04-15T09:02:40","slug":"pasek-freewell-z-szybkozlaczka-do-kamer","status":"publish","type":"product","link":"https:\/\/ironsky.pl\/sklep\/produkt\/pasek-freewell-z-szybkozlaczka-do-kamer\/","title":{"rendered":"Pasek FREEWELL z szybkoz\u0142\u0105czk\u0105 do kamer"},"content":{"rendered":"<h3>Pasek z szybkoz\u0142\u0105czk\u0105 Freewell do kamer<\/h3>\n<p>Zyskaj pe\u0142n\u0105 swobod\u0119 ruchu i bezpiecze\u0144stwo dzi\u0119ki paskowi Freewell z szybkoz\u0142\u0105czk\u0105, kt\u00f3ry umo\u017cliwia b\u0142yskawiczny monta\u017c i demonta\u017c aparatu \u2013 w zaledwie kilka sekund. To idealne rozwi\u0105zanie dla fotograf\u00f3w pracuj\u0105cych w zmiennych warunkach, kt\u00f3rzy cz\u0119sto zmieniaj\u0105 ustawienia czy spos\u00f3b trzymania sprz\u0119tu. Dzi\u0119ki uniwersalnemu mocowaniu pasek pasuje do wi\u0119kszo\u015bci aparat\u00f3w i uchwyt\u00f3w, oferuj\u0105c pe\u0142n\u0105 elastyczno\u015b\u0107 dzia\u0142ania.<\/p>\n<p>\n<img decoding=\"async\" src=\"https:\/\/assets.innpro.pl\/15838\/19933\/1.jpg\" border=\"0\" alt=\"\" \/>\n<\/p>\n<h3>Wytrzyma\u0142o\u015b\u0107, na kt\u00f3rej mo\u017cesz polega\u0107<\/h3>\n<p>Lekka, aluminiowa konstrukcja wa\u017cy tylko 75 g, a mimo to wytrzymuje obci\u0105\u017cenie do 10 kg, zapewniaj\u0105c niezawodne wsparcie nawet dla ci\u0119\u017cszych aparat\u00f3w i obiektyw\u00f3w. Zintegrowany mechanizm zabezpieczaj\u0105cy chroni przed przypadkowym odpi\u0119ciem, dzi\u0119ki czemu mo\u017cesz skupi\u0107 si\u0119 na zdj\u0119ciach bez obaw o bezpiecze\u0144stwo sprz\u0119tu. Kompaktowy rozmiar sprawia, \u017ce pasek z \u0142atwo\u015bci\u0105 mie\u015bci si\u0119 w torbie fotograficznej i jest zawsze gotowy do dzia\u0142ania w terenie.<\/p>\n<p>\n<img decoding=\"async\" src=\"https:\/\/assets.innpro.pl\/15838\/19933\/3.jpg\" border=\"0\" alt=\"\" \/>\n<\/p>\n<div class=\"table-wrapper\">\n<p>\u00a0<\/p>\n<h3><\/h3>\n<table>\n<tbody>\n<tr>\n<th>Producent<\/th>\n<td>Frewell<\/td>\n<\/tr>\n<tr>\n<th>Model<\/th>\n<td>FW-CSQR<\/td>\n<\/tr>\n<tr>\n<th>Materia\u0142<\/th>\n<td>stop aluminium<\/td>\n<\/tr>\n<tr>\n<th>Maksymalne obci\u0105\u017cenie<\/th>\n<td>10 kg<\/td>\n<\/tr>\n<tr>\n<th>Waga<\/th>\n<td>75 g<\/td>\n<\/tr>\n<\/tbody>\n<\/table>\n<\/div>\n","protected":false},"excerpt":{"rendered":"<p>Pasek z szybkoz\u0142\u0105czk\u0105 Freewell do kamer Zyskaj pe\u0142n\u0105 swobod\u0119 ruchu i bezpiecze\u0144stwo dzi\u0119ki paskowi Freewell z szybkoz\u0142\u0105czk\u0105, kt\u00f3ry umo\u017cliwia b\u0142yskawiczny<\/p>\n","protected":false},"featured_media":40512,"comment_status":"closed","ping_status":"open","template":"","meta":{"_acf_changed":false},"product_brand":[],"product_cat":[1130,6174,1128],"product_tag":[],"class_list":{"0":"post-60468","1":"product","2":"type-product","3":"status-publish","4":"has-post-thumbnail","6":"product_cat-akcesoria-foto","7":"product_cat-do-aparatow-i-kamer","8":"product_cat-foto-wideo","9":"pa_okres-gwarancji-5754","10":"pa_producent-freewell","12":"first","13":"outofstock","14":"taxable","15":"shipping-taxable","16":"purchasable","17":"product-type-simple"},"acf":[],"yoast_head":"<!-- This site is optimized with the Yoast SEO plugin v27.2 - https:\/\/yoast.com\/product\/yoast-seo-wordpress\/ -->\n<title>Pasek FREEWELL z szybkoz\u0142\u0105czk\u0105 do kamer - IRONSKY.PL Sklep z Dronami<\/title>\n<meta name=\"description\" content=\"Pasek FREEWELL z szybkoz\u0142\u0105czk\u0105 do kamer - \u2705 sklep z dronami i fachowym doradztwem. \u2705 Tutaj kupisz produkty DJI, Yuneec, Parrot, Syma i wiele innych, a tak\u017ce kursy i licencje na operatora drona.\" \/>\n<meta name=\"robots\" content=\"index, follow, max-snippet:-1, max-image-preview:large, max-video-preview:-1\" \/>\n<link rel=\"canonical\" href=\"https:\/\/ironsky.pl\/sklep\/produkt\/pasek-freewell-z-szybkozlaczka-do-kamer\/\" \/>\n<meta property=\"og:locale\" content=\"pl_PL\" \/>\n<meta property=\"og:type\" content=\"article\" \/>\n<meta property=\"og:title\" content=\"Pasek FREEWELL z szybkoz\u0142\u0105czk\u0105 do kamer - IRONSKY.PL Sklep z Dronami\" \/>\n<meta property=\"og:description\" content=\"Pasek FREEWELL z szybkoz\u0142\u0105czk\u0105 do kamer - \u2705 sklep z dronami i fachowym doradztwem. \u2705 Tutaj kupisz produkty DJI, Yuneec, Parrot, Syma i wiele innych, a tak\u017ce kursy i licencje na operatora drona.\" \/>\n<meta property=\"og:url\" content=\"https:\/\/ironsky.pl\/sklep\/produkt\/pasek-freewell-z-szybkozlaczka-do-kamer\/\" \/>\n<meta property=\"og:site_name\" content=\"IRONSKY.PL Sklep z Dronami\" \/>\n<meta property=\"article:modified_time\" content=\"2026-04-15T09:02:40+00:00\" \/>\n<meta property=\"og:image\" content=\"https:\/\/ironsky.pl\/sklep\/wp-content\/uploads\/2025\/05\/53016_1.jpg\" \/>\n\t<meta property=\"og:image:width\" content=\"800\" \/>\n\t<meta property=\"og:image:height\" content=\"800\" \/>\n\t<meta property=\"og:image:type\" content=\"image\/jpeg\" \/>\n<meta name=\"twitter:card\" content=\"summary_large_image\" \/>\n<meta name=\"twitter:label1\" content=\"Szacowany czas czytania\" \/>\n\t<meta name=\"twitter:data1\" content=\"1 minuta\" \/>\n<script type=\"application\/ld+json\" class=\"yoast-schema-graph\">{\"@context\":\"https:\/\/schema.org\",\"@graph\":[{\"@type\":\"WebPage\",\"@id\":\"https:\/\/ironsky.pl\/sklep\/produkt\/pasek-freewell-z-szybkozlaczka-do-kamer\/\",\"url\":\"https:\/\/ironsky.pl\/sklep\/produkt\/pasek-freewell-z-szybkozlaczka-do-kamer\/\",\"name\":\"Pasek FREEWELL z szybkoz\u0142\u0105czk\u0105 do kamer - IRONSKY.PL Sklep z Dronami\",\"isPartOf\":{\"@id\":\"https:\/\/ironsky.pl\/sklep\/#website\"},\"primaryImageOfPage\":{\"@id\":\"https:\/\/ironsky.pl\/sklep\/produkt\/pasek-freewell-z-szybkozlaczka-do-kamer\/#primaryimage\"},\"image\":{\"@id\":\"https:\/\/ironsky.pl\/sklep\/produkt\/pasek-freewell-z-szybkozlaczka-do-kamer\/#primaryimage\"},\"thumbnailUrl\":\"https:\/\/ironsky.pl\/sklep\/wp-content\/uploads\/2025\/05\/53016_1.jpg\",\"datePublished\":\"2026-04-15T09:02:16+00:00\",\"dateModified\":\"2026-04-15T09:02:40+00:00\",\"description\":\"Pasek FREEWELL z szybkoz\u0142\u0105czk\u0105 do kamer - \u2705 sklep z dronami i fachowym doradztwem. \u2705 Tutaj kupisz produkty DJI, Yuneec, Parrot, Syma i wiele innych, a tak\u017ce kursy i licencje na operatora drona.\",\"breadcrumb\":{\"@id\":\"https:\/\/ironsky.pl\/sklep\/produkt\/pasek-freewell-z-szybkozlaczka-do-kamer\/#breadcrumb\"},\"inLanguage\":\"pl-PL\",\"potentialAction\":[{\"@type\":\"ReadAction\",\"target\":[\"https:\/\/ironsky.pl\/sklep\/produkt\/pasek-freewell-z-szybkozlaczka-do-kamer\/\"]}]},{\"@type\":\"ImageObject\",\"inLanguage\":\"pl-PL\",\"@id\":\"https:\/\/ironsky.pl\/sklep\/produkt\/pasek-freewell-z-szybkozlaczka-do-kamer\/#primaryimage\",\"url\":\"https:\/\/ironsky.pl\/sklep\/wp-content\/uploads\/2025\/05\/53016_1.jpg\",\"contentUrl\":\"https:\/\/ironsky.pl\/sklep\/wp-content\/uploads\/2025\/05\/53016_1.jpg\",\"width\":800,\"height\":800},{\"@type\":\"BreadcrumbList\",\"@id\":\"https:\/\/ironsky.pl\/sklep\/produkt\/pasek-freewell-z-szybkozlaczka-do-kamer\/#breadcrumb\",\"itemListElement\":[{\"@type\":\"ListItem\",\"position\":1,\"name\":\"Strona g\u0142\u00f3wna\",\"item\":\"https:\/\/ironsky.pl\/sklep\/\"},{\"@type\":\"ListItem\",\"position\":2,\"name\":\"Wszystkie produkty\",\"item\":\"https:\/\/ironsky.pl\/sklep\/produkty\/\"},{\"@type\":\"ListItem\",\"position\":3,\"name\":\"Pasek FREEWELL z szybkoz\u0142\u0105czk\u0105 do kamer\"}]},{\"@type\":\"WebSite\",\"@id\":\"https:\/\/ironsky.pl\/sklep\/#website\",\"url\":\"https:\/\/ironsky.pl\/sklep\/\",\"name\":\"IRONSKY.PL Sklep z Dronami\",\"description\":\"IRONSKY.PL Sklep z Dronami\",\"potentialAction\":[{\"@type\":\"SearchAction\",\"target\":{\"@type\":\"EntryPoint\",\"urlTemplate\":\"https:\/\/ironsky.pl\/sklep\/?s={search_term_string}\"},\"query-input\":{\"@type\":\"PropertyValueSpecification\",\"valueRequired\":true,\"valueName\":\"search_term_string\"}}],\"inLanguage\":\"pl-PL\"}]}<\/script>\n<!-- \/ Yoast SEO plugin. -->","yoast_head_json":{"title":"Pasek FREEWELL z szybkoz\u0142\u0105czk\u0105 do kamer - IRONSKY.PL Sklep z Dronami","description":"Pasek FREEWELL z szybkoz\u0142\u0105czk\u0105 do kamer - \u2705 sklep z dronami i fachowym doradztwem. \u2705 Tutaj kupisz produkty DJI, Yuneec, Parrot, Syma i wiele innych, a tak\u017ce kursy i licencje na operatora drona.","robots":{"index":"index","follow":"follow","max-snippet":"max-snippet:-1","max-image-preview":"max-image-preview:large","max-video-preview":"max-video-preview:-1"},"canonical":"https:\/\/ironsky.pl\/sklep\/produkt\/pasek-freewell-z-szybkozlaczka-do-kamer\/","og_locale":"pl_PL","og_type":"article","og_title":"Pasek FREEWELL z szybkoz\u0142\u0105czk\u0105 do kamer - IRONSKY.PL Sklep z Dronami","og_description":"Pasek FREEWELL z szybkoz\u0142\u0105czk\u0105 do kamer - \u2705 sklep z dronami i fachowym doradztwem. \u2705 Tutaj kupisz produkty DJI, Yuneec, Parrot, Syma i wiele innych, a tak\u017ce kursy i licencje na operatora drona.","og_url":"https:\/\/ironsky.pl\/sklep\/produkt\/pasek-freewell-z-szybkozlaczka-do-kamer\/","og_site_name":"IRONSKY.PL Sklep z Dronami","article_modified_time":"2026-04-15T09:02:40+00:00","og_image":[{"width":800,"height":800,"url":"https:\/\/ironsky.pl\/sklep\/wp-content\/uploads\/2025\/05\/53016_1.jpg","type":"image\/jpeg"}],"twitter_card":"summary_large_image","twitter_misc":{"Szacowany czas czytania":"1 minuta"},"schema":{"@context":"https:\/\/schema.org","@graph":[{"@type":"WebPage","@id":"https:\/\/ironsky.pl\/sklep\/produkt\/pasek-freewell-z-szybkozlaczka-do-kamer\/","url":"https:\/\/ironsky.pl\/sklep\/produkt\/pasek-freewell-z-szybkozlaczka-do-kamer\/","name":"Pasek FREEWELL z szybkoz\u0142\u0105czk\u0105 do kamer - IRONSKY.PL Sklep z Dronami","isPartOf":{"@id":"https:\/\/ironsky.pl\/sklep\/#website"},"primaryImageOfPage":{"@id":"https:\/\/ironsky.pl\/sklep\/produkt\/pasek-freewell-z-szybkozlaczka-do-kamer\/#primaryimage"},"image":{"@id":"https:\/\/ironsky.pl\/sklep\/produkt\/pasek-freewell-z-szybkozlaczka-do-kamer\/#primaryimage"},"thumbnailUrl":"https:\/\/ironsky.pl\/sklep\/wp-content\/uploads\/2025\/05\/53016_1.jpg","datePublished":"2026-04-15T09:02:16+00:00","dateModified":"2026-04-15T09:02:40+00:00","description":"Pasek FREEWELL z szybkoz\u0142\u0105czk\u0105 do kamer - \u2705 sklep z dronami i fachowym doradztwem. \u2705 Tutaj kupisz produkty DJI, Yuneec, Parrot, Syma i wiele innych, a tak\u017ce kursy i licencje na operatora drona.","breadcrumb":{"@id":"https:\/\/ironsky.pl\/sklep\/produkt\/pasek-freewell-z-szybkozlaczka-do-kamer\/#breadcrumb"},"inLanguage":"pl-PL","potentialAction":[{"@type":"ReadAction","target":["https:\/\/ironsky.pl\/sklep\/produkt\/pasek-freewell-z-szybkozlaczka-do-kamer\/"]}]},{"@type":"ImageObject","inLanguage":"pl-PL","@id":"https:\/\/ironsky.pl\/sklep\/produkt\/pasek-freewell-z-szybkozlaczka-do-kamer\/#primaryimage","url":"https:\/\/ironsky.pl\/sklep\/wp-content\/uploads\/2025\/05\/53016_1.jpg","contentUrl":"https:\/\/ironsky.pl\/sklep\/wp-content\/uploads\/2025\/05\/53016_1.jpg","width":800,"height":800},{"@type":"BreadcrumbList","@id":"https:\/\/ironsky.pl\/sklep\/produkt\/pasek-freewell-z-szybkozlaczka-do-kamer\/#breadcrumb","itemListElement":[{"@type":"ListItem","position":1,"name":"Strona g\u0142\u00f3wna","item":"https:\/\/ironsky.pl\/sklep\/"},{"@type":"ListItem","position":2,"name":"Wszystkie produkty","item":"https:\/\/ironsky.pl\/sklep\/produkty\/"},{"@type":"ListItem","position":3,"name":"Pasek FREEWELL z szybkoz\u0142\u0105czk\u0105 do kamer"}]},{"@type":"WebSite","@id":"https:\/\/ironsky.pl\/sklep\/#website","url":"https:\/\/ironsky.pl\/sklep\/","name":"IRONSKY.PL Sklep z Dronami","description":"IRONSKY.PL Sklep z Dronami","potentialAction":[{"@type":"SearchAction","target":{"@type":"EntryPoint","urlTemplate":"https:\/\/ironsky.pl\/sklep\/?s={search_term_string}"},"query-input":{"@type":"PropertyValueSpecification","valueRequired":true,"valueName":"search_term_string"}}],"inLanguage":"pl-PL"}]}},"_links":{"self":[{"href":"https:\/\/ironsky.pl\/sklep\/wp-json\/wp\/v2\/product\/60468","targetHints":{"allow":["GET"]}}],"collection":[{"href":"https:\/\/ironsky.pl\/sklep\/wp-json\/wp\/v2\/product"}],"about":[{"href":"https:\/\/ironsky.pl\/sklep\/wp-json\/wp\/v2\/types\/product"}],"replies":[{"embeddable":true,"href":"https:\/\/ironsky.pl\/sklep\/wp-json\/wp\/v2\/comments?post=60468"}],"wp:featuredmedia":[{"embeddable":true,"href":"https:\/\/ironsky.pl\/sklep\/wp-json\/wp\/v2\/media\/40512"}],"wp:attachment":[{"href":"https:\/\/ironsky.pl\/sklep\/wp-json\/wp\/v2\/media?parent=60468"}],"wp:term":[{"taxonomy":"product_brand","embeddable":true,"href":"https:\/\/ironsky.pl\/sklep\/wp-json\/wp\/v2\/product_brand?post=60468"},{"taxonomy":"product_cat","embeddable":true,"href":"https:\/\/ironsky.pl\/sklep\/wp-json\/wp\/v2\/product_cat?post=60468"},{"taxonomy":"product_tag","embeddable":true,"href":"https:\/\/ironsky.pl\/sklep\/wp-json\/wp\/v2\/product_tag?post=60468"}],"curies":[{"name":"wp","href":"https:\/\/api.w.org\/{rel}","templated":true}]}}