{"id":60463,"date":"2026-04-15T11:02:16","date_gmt":"2026-04-15T09:02:16","guid":{"rendered":"https:\/\/ironsky.pl\/sklep\/produkt\/statyw-puluz-pu730b-1-4m-z-selfie-stickiem\/"},"modified":"2026-04-15T11:02:36","modified_gmt":"2026-04-15T09:02:36","slug":"statyw-puluz-pu730b-1-4m-z-selfie-stickiem","status":"publish","type":"product","link":"https:\/\/ironsky.pl\/sklep\/produkt\/statyw-puluz-pu730b-1-4m-z-selfie-stickiem\/","title":{"rendered":"Statyw PULUZ PU730B 1.4m z selfie stickiem"},"content":{"rendered":"<h3>Statyw Puluz do telefonu z selfie stickiem (1,4 m)<\/h3>\n<p>Puluz PU730B to statyw zaprojektowany z my\u015bl\u0105 o tw\u00f3rcach, kt\u00f3rzy ceni\u0105 mobilno\u015b\u0107, funkcjonalno\u015b\u0107 i prostot\u0119 obs\u0142ugi. \u0141\u0105czy w sobie funkcje selfie sticka i statywu, co czyni go praktycznym wyborem do nagrywania vlog\u00f3w, prowadzenia transmisji na \u017cywo, robienia zdj\u0119\u0107 grupowych czy nagra\u0144 w plenerze. Oferuje mo\u017cliwo\u015b\u0107 regulacji wysoko\u015bci, a dzi\u0119ki kompaktowej konstrukcji po z\u0142o\u017ceniu mo\u017cesz go zabra\u0107 w ka\u017cd\u0105 podr\u00f3\u017c.<\/p>\n<p>\n<img decoding=\"async\" src=\"https:\/\/assets.innpro.pl\/15788\/19873\/3.jpg\" border=\"0\" alt=\"\" \/>\n<\/p>\n<h3>Lekka i trwa\u0142a konstrukcja<\/h3>\n<p>Model PU730B zosta\u0142 wykonany z aluminium i tworzywa ABS, co sprawia, \u017ce jest jednocze\u015bnie lekki i odporny na uszkodzenia. Dodatkowym atutem jest adapter zimna stopka (cold shoe), do kt\u00f3rej mo\u017cna podpi\u0105\u0107 akcesoria takie jak mikrofon czy o\u015bwietlenie LED.\u00a0<\/p>\n<p>\n<img decoding=\"async\" src=\"https:\/\/assets.innpro.pl\/15788\/19873\/1.jpg\" border=\"0\" alt=\"\" \/>\n<\/p>\n<h3>Regulowana wysoko\u015b\u0107<\/h3>\n<p>Statyw oferuje 5-stopniow\u0105 regulacj\u0119, co umo\u017cliwia wygodne ustawienie wysoko\u015bci \u2013 a\u017c do 141,5 cm. To pozwala dopasowa\u0107 sprz\u0119t do r\u00f3\u017cnych warunk\u00f3w, zar\u00f3wno w pomieszczeniach, jak i w terenie. Z kolei kulowa g\u0142owica z funkcj\u0105 obrotu 360 stopni u\u0142atwia szybkie dostosowanie k\u0105ta uj\u0119cia. Pozycj\u0119 mo\u017cna \u0142atwo zablokowa\u0107 za pomoc\u0105 pokr\u0119t\u0142a, co zapewnia stabilno\u015b\u0107 podczas pracy.<\/p>\n<p>\n<img decoding=\"async\" src=\"https:\/\/assets.innpro.pl\/15788\/19873\/2.jpg\" border=\"0\" alt=\"\" \/>\n<\/p>\n<h3>Kompaktowy i \u0142atwy do spakowania<\/h3>\n<p>Po z\u0142o\u017ceniu PU730B zajmuje niewiele miejsca i bez problemu zmie\u015bci si\u0119 w plecaku czy torbie podr\u00f3\u017cnej. To dobre rozwi\u0105zanie dla os\u00f3b, kt\u00f3re cz\u0119sto nagrywaj\u0105 w terenie, tworz\u0105 tre\u015bci do medi\u00f3w spo\u0142eczno\u015bciowych lub potrzebuj\u0105 uniwersalnego sprz\u0119tu do selfie, zdj\u0119\u0107 grupowych i film\u00f3w.\u00a0<\/p>\n<p>\n<img decoding=\"async\" src=\"https:\/\/assets.innpro.pl\/15788\/19873\/5.jpg\" border=\"0\" alt=\"\" \/>\n<\/p>\n<div class=\"table-wrapper\">\n<p>\u00a0<\/p>\n<h3><\/h3>\n<table>\n<tbody>\n<tr>\n<th>Producent<\/th>\n<td>Puluz<\/td>\n<\/tr>\n<tr>\n<th>Model<\/th>\n<td>PU730B<\/td>\n<\/tr>\n<tr>\n<th>Minimalna wysoko\u015b\u0107<\/th>\n<td>40.5 cm<\/td>\n<\/tr>\n<tr>\n<th>Maksymalna wysoko\u015b\u0107<\/th>\n<td>146 cm<\/td>\n<\/tr>\n<tr>\n<th>Kompatybilno\u015b\u0107<\/th>\n<td>DJI: Osmo Action 5 Pro, Osmo Action 3, Action 2, Osmo Action; Gopro: HERO (2024), HERO13, HERO12, HERO11 Mini, HERO11, HERO10, HERO9, HERO8, MAX, HERO7, NEW HERO, HERO6, HERO5, HERO5 Session, Hero Session, HERO4 Session, HERO4, HERO3+, HERO3, HERO2, HERO; Insta360: X5, X4, Ace, Ace Pro, X3, ONE RS 1-Inch 360 Edition, Insta360 ONE RS 4K Edition, Insta360 ONE RS 360 Edition, Insta360 ONE RS 1-INCH EDITION, ONE X2<\/td>\n<\/tr>\n<\/tbody>\n<\/table>\n<\/div>\n","protected":false},"excerpt":{"rendered":"<p>Statyw Puluz do telefonu z selfie stickiem (1,4 m) Puluz PU730B to statyw zaprojektowany z my\u015bl\u0105 o tw\u00f3rcach, kt\u00f3rzy ceni\u0105<\/p>\n","protected":false},"featured_media":49172,"comment_status":"closed","ping_status":"open","template":"","meta":{"_acf_changed":false},"product_brand":[],"product_cat":[1128,6178,6176,6190,6177,1138],"product_tag":[],"class_list":{"0":"post-60463","1":"product","2":"type-product","3":"status-publish","4":"has-post-thumbnail","6":"product_cat-foto-wideo","7":"product_cat-mocowania","8":"product_cat-selfie-stiki","9":"product_cat-statywy-mocowania","10":"product_cat-statywy-selfie-stiki","11":"product_cat-wysiegniki","12":"pa_okres-gwarancji-5754","13":"pa_producent-puluz","15":"first","16":"outofstock","17":"taxable","18":"shipping-taxable","19":"purchasable","20":"product-type-simple"},"acf":[],"yoast_head":"<!-- This site is optimized with the Yoast SEO plugin v27.2 - https:\/\/yoast.com\/product\/yoast-seo-wordpress\/ -->\n<title>Statyw PULUZ PU730B 1.4m z selfie stickiem - IRONSKY.PL Sklep z Dronami<\/title>\n<meta name=\"description\" content=\"Statyw PULUZ PU730B 1.4m z selfie stickiem - \u2705 sklep z dronami i fachowym doradztwem. \u2705 Tutaj kupisz produkty DJI, Yuneec, Parrot, Syma i wiele innych, a tak\u017ce kursy i licencje na operatora drona.\" \/>\n<meta name=\"robots\" content=\"index, follow, max-snippet:-1, max-image-preview:large, max-video-preview:-1\" \/>\n<link rel=\"canonical\" href=\"https:\/\/ironsky.pl\/sklep\/produkt\/statyw-puluz-pu730b-1-4m-z-selfie-stickiem\/\" \/>\n<meta property=\"og:locale\" content=\"pl_PL\" \/>\n<meta property=\"og:type\" content=\"article\" \/>\n<meta property=\"og:title\" content=\"Statyw PULUZ PU730B 1.4m z selfie stickiem - IRONSKY.PL Sklep z Dronami\" \/>\n<meta property=\"og:description\" content=\"Statyw PULUZ PU730B 1.4m z selfie stickiem - \u2705 sklep z dronami i fachowym doradztwem. \u2705 Tutaj kupisz produkty DJI, Yuneec, Parrot, Syma i wiele innych, a tak\u017ce kursy i licencje na operatora drona.\" \/>\n<meta property=\"og:url\" content=\"https:\/\/ironsky.pl\/sklep\/produkt\/statyw-puluz-pu730b-1-4m-z-selfie-stickiem\/\" \/>\n<meta property=\"og:site_name\" content=\"IRONSKY.PL Sklep z Dronami\" \/>\n<meta property=\"article:modified_time\" content=\"2026-04-15T09:02:36+00:00\" \/>\n<meta property=\"og:image\" content=\"https:\/\/ironsky.pl\/sklep\/wp-content\/uploads\/2025\/10\/52977_1.jpg\" \/>\n\t<meta property=\"og:image:width\" content=\"800\" \/>\n\t<meta property=\"og:image:height\" content=\"800\" \/>\n\t<meta property=\"og:image:type\" content=\"image\/jpeg\" \/>\n<meta name=\"twitter:card\" content=\"summary_large_image\" \/>\n<meta name=\"twitter:label1\" content=\"Szacowany czas czytania\" \/>\n\t<meta name=\"twitter:data1\" content=\"2 minuty\" \/>\n<script type=\"application\/ld+json\" class=\"yoast-schema-graph\">{\"@context\":\"https:\/\/schema.org\",\"@graph\":[{\"@type\":\"WebPage\",\"@id\":\"https:\/\/ironsky.pl\/sklep\/produkt\/statyw-puluz-pu730b-1-4m-z-selfie-stickiem\/\",\"url\":\"https:\/\/ironsky.pl\/sklep\/produkt\/statyw-puluz-pu730b-1-4m-z-selfie-stickiem\/\",\"name\":\"Statyw PULUZ PU730B 1.4m z selfie stickiem - IRONSKY.PL Sklep z Dronami\",\"isPartOf\":{\"@id\":\"https:\/\/ironsky.pl\/sklep\/#website\"},\"primaryImageOfPage\":{\"@id\":\"https:\/\/ironsky.pl\/sklep\/produkt\/statyw-puluz-pu730b-1-4m-z-selfie-stickiem\/#primaryimage\"},\"image\":{\"@id\":\"https:\/\/ironsky.pl\/sklep\/produkt\/statyw-puluz-pu730b-1-4m-z-selfie-stickiem\/#primaryimage\"},\"thumbnailUrl\":\"https:\/\/ironsky.pl\/sklep\/wp-content\/uploads\/2025\/10\/52977_1.jpg\",\"datePublished\":\"2026-04-15T09:02:16+00:00\",\"dateModified\":\"2026-04-15T09:02:36+00:00\",\"description\":\"Statyw PULUZ PU730B 1.4m z selfie stickiem - \u2705 sklep z dronami i fachowym doradztwem. \u2705 Tutaj kupisz produkty DJI, Yuneec, Parrot, Syma i wiele innych, a tak\u017ce kursy i licencje na operatora drona.\",\"breadcrumb\":{\"@id\":\"https:\/\/ironsky.pl\/sklep\/produkt\/statyw-puluz-pu730b-1-4m-z-selfie-stickiem\/#breadcrumb\"},\"inLanguage\":\"pl-PL\",\"potentialAction\":[{\"@type\":\"ReadAction\",\"target\":[\"https:\/\/ironsky.pl\/sklep\/produkt\/statyw-puluz-pu730b-1-4m-z-selfie-stickiem\/\"]}]},{\"@type\":\"ImageObject\",\"inLanguage\":\"pl-PL\",\"@id\":\"https:\/\/ironsky.pl\/sklep\/produkt\/statyw-puluz-pu730b-1-4m-z-selfie-stickiem\/#primaryimage\",\"url\":\"https:\/\/ironsky.pl\/sklep\/wp-content\/uploads\/2025\/10\/52977_1.jpg\",\"contentUrl\":\"https:\/\/ironsky.pl\/sklep\/wp-content\/uploads\/2025\/10\/52977_1.jpg\",\"width\":800,\"height\":800},{\"@type\":\"BreadcrumbList\",\"@id\":\"https:\/\/ironsky.pl\/sklep\/produkt\/statyw-puluz-pu730b-1-4m-z-selfie-stickiem\/#breadcrumb\",\"itemListElement\":[{\"@type\":\"ListItem\",\"position\":1,\"name\":\"Strona g\u0142\u00f3wna\",\"item\":\"https:\/\/ironsky.pl\/sklep\/\"},{\"@type\":\"ListItem\",\"position\":2,\"name\":\"Wszystkie produkty\",\"item\":\"https:\/\/ironsky.pl\/sklep\/produkty\/\"},{\"@type\":\"ListItem\",\"position\":3,\"name\":\"Statyw PULUZ PU730B 1.4m z selfie stickiem\"}]},{\"@type\":\"WebSite\",\"@id\":\"https:\/\/ironsky.pl\/sklep\/#website\",\"url\":\"https:\/\/ironsky.pl\/sklep\/\",\"name\":\"IRONSKY.PL Sklep z Dronami\",\"description\":\"IRONSKY.PL Sklep z Dronami\",\"potentialAction\":[{\"@type\":\"SearchAction\",\"target\":{\"@type\":\"EntryPoint\",\"urlTemplate\":\"https:\/\/ironsky.pl\/sklep\/?s={search_term_string}\"},\"query-input\":{\"@type\":\"PropertyValueSpecification\",\"valueRequired\":true,\"valueName\":\"search_term_string\"}}],\"inLanguage\":\"pl-PL\"}]}<\/script>\n<!-- \/ Yoast SEO plugin. -->","yoast_head_json":{"title":"Statyw PULUZ PU730B 1.4m z selfie stickiem - IRONSKY.PL Sklep z Dronami","description":"Statyw PULUZ PU730B 1.4m z selfie stickiem - \u2705 sklep z dronami i fachowym doradztwem. \u2705 Tutaj kupisz produkty DJI, Yuneec, Parrot, Syma i wiele innych, a tak\u017ce kursy i licencje na operatora drona.","robots":{"index":"index","follow":"follow","max-snippet":"max-snippet:-1","max-image-preview":"max-image-preview:large","max-video-preview":"max-video-preview:-1"},"canonical":"https:\/\/ironsky.pl\/sklep\/produkt\/statyw-puluz-pu730b-1-4m-z-selfie-stickiem\/","og_locale":"pl_PL","og_type":"article","og_title":"Statyw PULUZ PU730B 1.4m z selfie stickiem - IRONSKY.PL Sklep z Dronami","og_description":"Statyw PULUZ PU730B 1.4m z selfie stickiem - \u2705 sklep z dronami i fachowym doradztwem. \u2705 Tutaj kupisz produkty DJI, Yuneec, Parrot, Syma i wiele innych, a tak\u017ce kursy i licencje na operatora drona.","og_url":"https:\/\/ironsky.pl\/sklep\/produkt\/statyw-puluz-pu730b-1-4m-z-selfie-stickiem\/","og_site_name":"IRONSKY.PL Sklep z Dronami","article_modified_time":"2026-04-15T09:02:36+00:00","og_image":[{"width":800,"height":800,"url":"https:\/\/ironsky.pl\/sklep\/wp-content\/uploads\/2025\/10\/52977_1.jpg","type":"image\/jpeg"}],"twitter_card":"summary_large_image","twitter_misc":{"Szacowany czas czytania":"2 minuty"},"schema":{"@context":"https:\/\/schema.org","@graph":[{"@type":"WebPage","@id":"https:\/\/ironsky.pl\/sklep\/produkt\/statyw-puluz-pu730b-1-4m-z-selfie-stickiem\/","url":"https:\/\/ironsky.pl\/sklep\/produkt\/statyw-puluz-pu730b-1-4m-z-selfie-stickiem\/","name":"Statyw PULUZ PU730B 1.4m z selfie stickiem - IRONSKY.PL Sklep z Dronami","isPartOf":{"@id":"https:\/\/ironsky.pl\/sklep\/#website"},"primaryImageOfPage":{"@id":"https:\/\/ironsky.pl\/sklep\/produkt\/statyw-puluz-pu730b-1-4m-z-selfie-stickiem\/#primaryimage"},"image":{"@id":"https:\/\/ironsky.pl\/sklep\/produkt\/statyw-puluz-pu730b-1-4m-z-selfie-stickiem\/#primaryimage"},"thumbnailUrl":"https:\/\/ironsky.pl\/sklep\/wp-content\/uploads\/2025\/10\/52977_1.jpg","datePublished":"2026-04-15T09:02:16+00:00","dateModified":"2026-04-15T09:02:36+00:00","description":"Statyw PULUZ PU730B 1.4m z selfie stickiem - \u2705 sklep z dronami i fachowym doradztwem. \u2705 Tutaj kupisz produkty DJI, Yuneec, Parrot, Syma i wiele innych, a tak\u017ce kursy i licencje na operatora drona.","breadcrumb":{"@id":"https:\/\/ironsky.pl\/sklep\/produkt\/statyw-puluz-pu730b-1-4m-z-selfie-stickiem\/#breadcrumb"},"inLanguage":"pl-PL","potentialAction":[{"@type":"ReadAction","target":["https:\/\/ironsky.pl\/sklep\/produkt\/statyw-puluz-pu730b-1-4m-z-selfie-stickiem\/"]}]},{"@type":"ImageObject","inLanguage":"pl-PL","@id":"https:\/\/ironsky.pl\/sklep\/produkt\/statyw-puluz-pu730b-1-4m-z-selfie-stickiem\/#primaryimage","url":"https:\/\/ironsky.pl\/sklep\/wp-content\/uploads\/2025\/10\/52977_1.jpg","contentUrl":"https:\/\/ironsky.pl\/sklep\/wp-content\/uploads\/2025\/10\/52977_1.jpg","width":800,"height":800},{"@type":"BreadcrumbList","@id":"https:\/\/ironsky.pl\/sklep\/produkt\/statyw-puluz-pu730b-1-4m-z-selfie-stickiem\/#breadcrumb","itemListElement":[{"@type":"ListItem","position":1,"name":"Strona g\u0142\u00f3wna","item":"https:\/\/ironsky.pl\/sklep\/"},{"@type":"ListItem","position":2,"name":"Wszystkie produkty","item":"https:\/\/ironsky.pl\/sklep\/produkty\/"},{"@type":"ListItem","position":3,"name":"Statyw PULUZ PU730B 1.4m z selfie stickiem"}]},{"@type":"WebSite","@id":"https:\/\/ironsky.pl\/sklep\/#website","url":"https:\/\/ironsky.pl\/sklep\/","name":"IRONSKY.PL Sklep z Dronami","description":"IRONSKY.PL Sklep z Dronami","potentialAction":[{"@type":"SearchAction","target":{"@type":"EntryPoint","urlTemplate":"https:\/\/ironsky.pl\/sklep\/?s={search_term_string}"},"query-input":{"@type":"PropertyValueSpecification","valueRequired":true,"valueName":"search_term_string"}}],"inLanguage":"pl-PL"}]}},"_links":{"self":[{"href":"https:\/\/ironsky.pl\/sklep\/wp-json\/wp\/v2\/product\/60463","targetHints":{"allow":["GET"]}}],"collection":[{"href":"https:\/\/ironsky.pl\/sklep\/wp-json\/wp\/v2\/product"}],"about":[{"href":"https:\/\/ironsky.pl\/sklep\/wp-json\/wp\/v2\/types\/product"}],"replies":[{"embeddable":true,"href":"https:\/\/ironsky.pl\/sklep\/wp-json\/wp\/v2\/comments?post=60463"}],"wp:featuredmedia":[{"embeddable":true,"href":"https:\/\/ironsky.pl\/sklep\/wp-json\/wp\/v2\/media\/49172"}],"wp:attachment":[{"href":"https:\/\/ironsky.pl\/sklep\/wp-json\/wp\/v2\/media?parent=60463"}],"wp:term":[{"taxonomy":"product_brand","embeddable":true,"href":"https:\/\/ironsky.pl\/sklep\/wp-json\/wp\/v2\/product_brand?post=60463"},{"taxonomy":"product_cat","embeddable":true,"href":"https:\/\/ironsky.pl\/sklep\/wp-json\/wp\/v2\/product_cat?post=60463"},{"taxonomy":"product_tag","embeddable":true,"href":"https:\/\/ironsky.pl\/sklep\/wp-json\/wp\/v2\/product_tag?post=60463"}],"curies":[{"name":"wp","href":"https:\/\/api.w.org\/{rel}","templated":true}]}}