{"id":60455,"date":"2026-04-15T11:02:16","date_gmt":"2026-04-15T09:02:16","guid":{"rendered":"https:\/\/ironsky.pl\/sklep\/produkt\/lampa-led-puluz-132-led-8w\/"},"modified":"2026-04-15T11:02:25","modified_gmt":"2026-04-15T09:02:25","slug":"lampa-led-puluz-132-led-8w","status":"publish","type":"product","link":"https:\/\/ironsky.pl\/sklep\/produkt\/lampa-led-puluz-132-led-8w\/","title":{"rendered":"Lampa LED PULUZ 132 LED 8W"},"content":{"rendered":"<h3>Lampa fotograficzna Puluz 132 Led<\/h3>\n<p>Lampa LED sprawdzi si\u0119 zar\u00f3wno w profesjonalnym studio, jak i w domowych warunkach. Dzi\u0119ki wysokiemu wsp\u00f3\u0142czynnikowi CRI na poziomie 95+ zyskujesz wierne odwzorowanie kolor\u00f3w, co ma kluczowe znaczenie przy fotografii produktowej, nagrywaniu wideo czy transmisjach na \u017cywo. Takie parametry pozwalaj\u0105 unikn\u0105\u0107 niepo\u017c\u0105danych przek\u0142ama\u0144 barw i skracaj\u0105 czas p\u00f3\u017aniejszej obr\u00f3bki materia\u0142u. Lampa zapewnia tak\u017ce moc 8W i szeroki k\u0105t \u015bwiecenia (120\u00b0), co daje r\u00f3wnomierne o\u015bwietlenie bez ostrych cieni i efektu prze\u015bwietlenia.\u00a0<\/p>\n<p>\n<img decoding=\"async\" src=\"https:\/\/assets.innpro.pl\/15749\/19814\/6.jpg\" border=\"0\" alt=\"\" \/>\n<\/p>\n<h3>Trzy \u017ar\u00f3d\u0142a \u015bwiat\u0142a i szeroki zakres temperatury barwowej<\/h3>\n<p>Urz\u0105dzenie zosta\u0142o wyposa\u017cone w 132 diody LED: 44 zimne bia\u0142e, 44 ciep\u0142e bia\u0142e i 44 RGB. Dzi\u0119ki temu mo\u017cesz \u0142atwo prze\u0142\u0105cza\u0107 si\u0119 mi\u0119dzy neutralnym \u015bwiat\u0142em dziennym, mi\u0119kkim, ciep\u0142ym o\u015bwietleniem a pe\u0142nym spektrum kolor\u00f3w RGB, dopasowuj\u0105c \u015bwiat\u0142o do nastroju czy klimatu uj\u0119cia. Regulowana temperatura barwowa w zakresie 2500K\u2014 9000K pozwala precyzyjnie dostosowa\u0107 odcie\u0144 \u015bwiat\u0142a \u2014 od ciep\u0142ego \u015bwiat\u0142a \u015bwiecy po ch\u0142odne, dzienne \u015bwiat\u0142o. W trybie RGB dost\u0119pny jest pe\u0142ny zakres koloru (0\u2013360\u00b0), nasycenia i jasno\u015bci.<\/p>\n<p>\n<img decoding=\"async\" src=\"https:\/\/assets.innpro.pl\/15749\/19814\/4.jpg\" border=\"0\" alt=\"\" \/>\n<\/p>\n<h3>Efekty specjalne<\/h3>\n<p>Lampa oferuje a\u017c 20 efekt\u00f3w \u015bwietlnych, takich jak b\u0142yskawice, fajerwerki, czy migotanie \u015bwiecy, co \u015bwietnie sprawdza si\u0119 przy tworzeniu dynamicznych i filmowych scen. Jasno\u015b\u0107 mo\u017cna p\u0142ynnie regulowa\u0107 od 0 do 100%, co u\u0142atwia dostosowanie \u015bwiat\u0142a do ka\u017cdego uj\u0119cia.\u00a0<\/p>\n<p>\n<img decoding=\"async\" src=\"https:\/\/assets.innpro.pl\/15749\/19814\/2.jpg\" border=\"0\" alt=\"\" \/>\n<\/p>\n<h3>D\u0142ugi czas pracy<\/h3>\n<p>Wbudowany akumulator o pojemno\u015bci 2600 mAh zapewnia do 70 minut pracy przy maksymalnej jasno\u015bci. Z kolei jego \u0142adowanie trwa oko\u0142o 2 godziny przez port USB-C (5V\/2A). Ca\u0142o\u015b\u0107 zamkni\u0119ta jest w kompaktowej, lekkiej obudowie \u2014 idealnej do pracy w plenerze, na statywie itp.<\/p>\n<p>\n<img decoding=\"async\" src=\"https:\/\/assets.innpro.pl\/15749\/19814\/7.jpg\" border=\"0\" alt=\"\" \/>\n<\/p>\n<div class=\"table-wrapper\">\n<p>\u00a0<\/p>\n<h3><\/h3>\n<table>\n<tbody>\n<tr>\n<th>Producent<\/th>\n<td>Puluz<\/td>\n<\/tr>\n<tr>\n<th>Model<\/th>\n<td>PU4140<\/td>\n<\/tr>\n<tr>\n<th>Zakres temperatury barwowej<\/th>\n<td>2500K &#8211; 9000K<\/td>\n<\/tr>\n<tr>\n<th>Diody LED<\/th>\n<td>132 diody LED: 44 szt. Cool White, 44 szt. Warm White, 44 szt. RGB<\/td>\n<\/tr>\n<tr>\n<th>CRI<\/th>\n<td>95+ CRI dla dok\u0142adnego odwzorowania kolor\u00f3w<\/td>\n<\/tr>\n<tr>\n<th>Moc wyj\u015bciowa<\/th>\n<td>8W<\/td>\n<\/tr>\n<tr>\n<th>K\u0105t wi\u0105zki<\/th>\n<td>120 stopni<\/td>\n<\/tr>\n<tr>\n<th>Zasilanie<\/th>\n<td>Wbudowany akumulator 2600 mAh<\/td>\n<\/tr>\n<tr>\n<th>Port \u0142adowania<\/th>\n<td>USB-C, obs\u0142uga 5V\/2A<\/td>\n<\/tr>\n<tr>\n<th>Czas \u0142adowania<\/th>\n<td>oko\u0142o 2 godzin<\/td>\n<\/tr>\n<tr>\n<th>Ci\u0105g\u0142y czas pracy<\/th>\n<td>70 minut (przy pe\u0142nej jasno\u015bci)<\/td>\n<\/tr>\n<\/tbody>\n<\/table>\n<\/div>\n","protected":false},"excerpt":{"rendered":"<p>Lampa fotograficzna Puluz 132 Led Lampa LED sprawdzi si\u0119 zar\u00f3wno w profesjonalnym studio, jak i w domowych warunkach. Dzi\u0119ki wysokiemu<\/p>\n","protected":false},"featured_media":49149,"comment_status":"closed","ping_status":"open","template":"","meta":{"_acf_changed":false},"product_brand":[],"product_cat":[1128,6186,6182],"product_tag":[],"class_list":{"0":"post-60455","1":"product","2":"type-product","3":"status-publish","4":"has-post-thumbnail","6":"product_cat-foto-wideo","7":"product_cat-lampy","8":"product_cat-studio-fotograficzne","9":"pa_okres-gwarancji-5754","10":"pa_producent-puluz","12":"first","13":"outofstock","14":"taxable","15":"shipping-taxable","16":"purchasable","17":"product-type-simple"},"acf":[],"yoast_head":"<!-- This site is optimized with the Yoast SEO plugin v27.2 - https:\/\/yoast.com\/product\/yoast-seo-wordpress\/ -->\n<title>Lampa LED PULUZ 132 LED 8W - IRONSKY.PL Sklep z Dronami<\/title>\n<meta name=\"description\" content=\"Lampa LED PULUZ 132 LED 8W - \u2705 sklep z dronami i fachowym doradztwem. \u2705 Tutaj kupisz produkty DJI, Yuneec, Parrot, Syma i wiele innych, a tak\u017ce kursy i licencje na operatora drona.\" \/>\n<meta name=\"robots\" content=\"index, follow, max-snippet:-1, max-image-preview:large, max-video-preview:-1\" \/>\n<link rel=\"canonical\" href=\"https:\/\/ironsky.pl\/sklep\/produkt\/lampa-led-puluz-132-led-8w\/\" \/>\n<meta property=\"og:locale\" content=\"pl_PL\" \/>\n<meta property=\"og:type\" content=\"article\" \/>\n<meta property=\"og:title\" content=\"Lampa LED PULUZ 132 LED 8W - IRONSKY.PL Sklep z Dronami\" \/>\n<meta property=\"og:description\" content=\"Lampa LED PULUZ 132 LED 8W - \u2705 sklep z dronami i fachowym doradztwem. \u2705 Tutaj kupisz produkty DJI, Yuneec, Parrot, Syma i wiele innych, a tak\u017ce kursy i licencje na operatora drona.\" \/>\n<meta property=\"og:url\" content=\"https:\/\/ironsky.pl\/sklep\/produkt\/lampa-led-puluz-132-led-8w\/\" \/>\n<meta property=\"og:site_name\" content=\"IRONSKY.PL Sklep z Dronami\" \/>\n<meta property=\"article:modified_time\" content=\"2026-04-15T09:02:25+00:00\" \/>\n<meta property=\"og:image\" content=\"https:\/\/ironsky.pl\/sklep\/wp-content\/uploads\/2025\/10\/52969_1.jpg\" \/>\n\t<meta property=\"og:image:width\" content=\"800\" \/>\n\t<meta property=\"og:image:height\" content=\"800\" \/>\n\t<meta property=\"og:image:type\" content=\"image\/jpeg\" \/>\n<meta name=\"twitter:card\" content=\"summary_large_image\" \/>\n<meta name=\"twitter:label1\" content=\"Szacowany czas czytania\" \/>\n\t<meta name=\"twitter:data1\" content=\"2 minuty\" \/>\n<script type=\"application\/ld+json\" class=\"yoast-schema-graph\">{\"@context\":\"https:\/\/schema.org\",\"@graph\":[{\"@type\":\"WebPage\",\"@id\":\"https:\/\/ironsky.pl\/sklep\/produkt\/lampa-led-puluz-132-led-8w\/\",\"url\":\"https:\/\/ironsky.pl\/sklep\/produkt\/lampa-led-puluz-132-led-8w\/\",\"name\":\"Lampa LED PULUZ 132 LED 8W - IRONSKY.PL Sklep z Dronami\",\"isPartOf\":{\"@id\":\"https:\/\/ironsky.pl\/sklep\/#website\"},\"primaryImageOfPage\":{\"@id\":\"https:\/\/ironsky.pl\/sklep\/produkt\/lampa-led-puluz-132-led-8w\/#primaryimage\"},\"image\":{\"@id\":\"https:\/\/ironsky.pl\/sklep\/produkt\/lampa-led-puluz-132-led-8w\/#primaryimage\"},\"thumbnailUrl\":\"https:\/\/ironsky.pl\/sklep\/wp-content\/uploads\/2025\/10\/52969_1.jpg\",\"datePublished\":\"2026-04-15T09:02:16+00:00\",\"dateModified\":\"2026-04-15T09:02:25+00:00\",\"description\":\"Lampa LED PULUZ 132 LED 8W - \u2705 sklep z dronami i fachowym doradztwem. \u2705 Tutaj kupisz produkty DJI, Yuneec, Parrot, Syma i wiele innych, a tak\u017ce kursy i licencje na operatora drona.\",\"breadcrumb\":{\"@id\":\"https:\/\/ironsky.pl\/sklep\/produkt\/lampa-led-puluz-132-led-8w\/#breadcrumb\"},\"inLanguage\":\"pl-PL\",\"potentialAction\":[{\"@type\":\"ReadAction\",\"target\":[\"https:\/\/ironsky.pl\/sklep\/produkt\/lampa-led-puluz-132-led-8w\/\"]}]},{\"@type\":\"ImageObject\",\"inLanguage\":\"pl-PL\",\"@id\":\"https:\/\/ironsky.pl\/sklep\/produkt\/lampa-led-puluz-132-led-8w\/#primaryimage\",\"url\":\"https:\/\/ironsky.pl\/sklep\/wp-content\/uploads\/2025\/10\/52969_1.jpg\",\"contentUrl\":\"https:\/\/ironsky.pl\/sklep\/wp-content\/uploads\/2025\/10\/52969_1.jpg\",\"width\":800,\"height\":800},{\"@type\":\"BreadcrumbList\",\"@id\":\"https:\/\/ironsky.pl\/sklep\/produkt\/lampa-led-puluz-132-led-8w\/#breadcrumb\",\"itemListElement\":[{\"@type\":\"ListItem\",\"position\":1,\"name\":\"Strona g\u0142\u00f3wna\",\"item\":\"https:\/\/ironsky.pl\/sklep\/\"},{\"@type\":\"ListItem\",\"position\":2,\"name\":\"Wszystkie produkty\",\"item\":\"https:\/\/ironsky.pl\/sklep\/produkty\/\"},{\"@type\":\"ListItem\",\"position\":3,\"name\":\"Lampa LED PULUZ 132 LED 8W\"}]},{\"@type\":\"WebSite\",\"@id\":\"https:\/\/ironsky.pl\/sklep\/#website\",\"url\":\"https:\/\/ironsky.pl\/sklep\/\",\"name\":\"IRONSKY.PL Sklep z Dronami\",\"description\":\"IRONSKY.PL Sklep z Dronami\",\"potentialAction\":[{\"@type\":\"SearchAction\",\"target\":{\"@type\":\"EntryPoint\",\"urlTemplate\":\"https:\/\/ironsky.pl\/sklep\/?s={search_term_string}\"},\"query-input\":{\"@type\":\"PropertyValueSpecification\",\"valueRequired\":true,\"valueName\":\"search_term_string\"}}],\"inLanguage\":\"pl-PL\"}]}<\/script>\n<!-- \/ Yoast SEO plugin. -->","yoast_head_json":{"title":"Lampa LED PULUZ 132 LED 8W - IRONSKY.PL Sklep z Dronami","description":"Lampa LED PULUZ 132 LED 8W - \u2705 sklep z dronami i fachowym doradztwem. \u2705 Tutaj kupisz produkty DJI, Yuneec, Parrot, Syma i wiele innych, a tak\u017ce kursy i licencje na operatora drona.","robots":{"index":"index","follow":"follow","max-snippet":"max-snippet:-1","max-image-preview":"max-image-preview:large","max-video-preview":"max-video-preview:-1"},"canonical":"https:\/\/ironsky.pl\/sklep\/produkt\/lampa-led-puluz-132-led-8w\/","og_locale":"pl_PL","og_type":"article","og_title":"Lampa LED PULUZ 132 LED 8W - IRONSKY.PL Sklep z Dronami","og_description":"Lampa LED PULUZ 132 LED 8W - \u2705 sklep z dronami i fachowym doradztwem. \u2705 Tutaj kupisz produkty DJI, Yuneec, Parrot, Syma i wiele innych, a tak\u017ce kursy i licencje na operatora drona.","og_url":"https:\/\/ironsky.pl\/sklep\/produkt\/lampa-led-puluz-132-led-8w\/","og_site_name":"IRONSKY.PL Sklep z Dronami","article_modified_time":"2026-04-15T09:02:25+00:00","og_image":[{"width":800,"height":800,"url":"https:\/\/ironsky.pl\/sklep\/wp-content\/uploads\/2025\/10\/52969_1.jpg","type":"image\/jpeg"}],"twitter_card":"summary_large_image","twitter_misc":{"Szacowany czas czytania":"2 minuty"},"schema":{"@context":"https:\/\/schema.org","@graph":[{"@type":"WebPage","@id":"https:\/\/ironsky.pl\/sklep\/produkt\/lampa-led-puluz-132-led-8w\/","url":"https:\/\/ironsky.pl\/sklep\/produkt\/lampa-led-puluz-132-led-8w\/","name":"Lampa LED PULUZ 132 LED 8W - IRONSKY.PL Sklep z Dronami","isPartOf":{"@id":"https:\/\/ironsky.pl\/sklep\/#website"},"primaryImageOfPage":{"@id":"https:\/\/ironsky.pl\/sklep\/produkt\/lampa-led-puluz-132-led-8w\/#primaryimage"},"image":{"@id":"https:\/\/ironsky.pl\/sklep\/produkt\/lampa-led-puluz-132-led-8w\/#primaryimage"},"thumbnailUrl":"https:\/\/ironsky.pl\/sklep\/wp-content\/uploads\/2025\/10\/52969_1.jpg","datePublished":"2026-04-15T09:02:16+00:00","dateModified":"2026-04-15T09:02:25+00:00","description":"Lampa LED PULUZ 132 LED 8W - \u2705 sklep z dronami i fachowym doradztwem. \u2705 Tutaj kupisz produkty DJI, Yuneec, Parrot, Syma i wiele innych, a tak\u017ce kursy i licencje na operatora drona.","breadcrumb":{"@id":"https:\/\/ironsky.pl\/sklep\/produkt\/lampa-led-puluz-132-led-8w\/#breadcrumb"},"inLanguage":"pl-PL","potentialAction":[{"@type":"ReadAction","target":["https:\/\/ironsky.pl\/sklep\/produkt\/lampa-led-puluz-132-led-8w\/"]}]},{"@type":"ImageObject","inLanguage":"pl-PL","@id":"https:\/\/ironsky.pl\/sklep\/produkt\/lampa-led-puluz-132-led-8w\/#primaryimage","url":"https:\/\/ironsky.pl\/sklep\/wp-content\/uploads\/2025\/10\/52969_1.jpg","contentUrl":"https:\/\/ironsky.pl\/sklep\/wp-content\/uploads\/2025\/10\/52969_1.jpg","width":800,"height":800},{"@type":"BreadcrumbList","@id":"https:\/\/ironsky.pl\/sklep\/produkt\/lampa-led-puluz-132-led-8w\/#breadcrumb","itemListElement":[{"@type":"ListItem","position":1,"name":"Strona g\u0142\u00f3wna","item":"https:\/\/ironsky.pl\/sklep\/"},{"@type":"ListItem","position":2,"name":"Wszystkie produkty","item":"https:\/\/ironsky.pl\/sklep\/produkty\/"},{"@type":"ListItem","position":3,"name":"Lampa LED PULUZ 132 LED 8W"}]},{"@type":"WebSite","@id":"https:\/\/ironsky.pl\/sklep\/#website","url":"https:\/\/ironsky.pl\/sklep\/","name":"IRONSKY.PL Sklep z Dronami","description":"IRONSKY.PL Sklep z Dronami","potentialAction":[{"@type":"SearchAction","target":{"@type":"EntryPoint","urlTemplate":"https:\/\/ironsky.pl\/sklep\/?s={search_term_string}"},"query-input":{"@type":"PropertyValueSpecification","valueRequired":true,"valueName":"search_term_string"}}],"inLanguage":"pl-PL"}]}},"_links":{"self":[{"href":"https:\/\/ironsky.pl\/sklep\/wp-json\/wp\/v2\/product\/60455","targetHints":{"allow":["GET"]}}],"collection":[{"href":"https:\/\/ironsky.pl\/sklep\/wp-json\/wp\/v2\/product"}],"about":[{"href":"https:\/\/ironsky.pl\/sklep\/wp-json\/wp\/v2\/types\/product"}],"replies":[{"embeddable":true,"href":"https:\/\/ironsky.pl\/sklep\/wp-json\/wp\/v2\/comments?post=60455"}],"wp:featuredmedia":[{"embeddable":true,"href":"https:\/\/ironsky.pl\/sklep\/wp-json\/wp\/v2\/media\/49149"}],"wp:attachment":[{"href":"https:\/\/ironsky.pl\/sklep\/wp-json\/wp\/v2\/media?parent=60455"}],"wp:term":[{"taxonomy":"product_brand","embeddable":true,"href":"https:\/\/ironsky.pl\/sklep\/wp-json\/wp\/v2\/product_brand?post=60455"},{"taxonomy":"product_cat","embeddable":true,"href":"https:\/\/ironsky.pl\/sklep\/wp-json\/wp\/v2\/product_cat?post=60455"},{"taxonomy":"product_tag","embeddable":true,"href":"https:\/\/ironsky.pl\/sklep\/wp-json\/wp\/v2\/product_tag?post=60455"}],"curies":[{"name":"wp","href":"https:\/\/api.w.org\/{rel}","templated":true}]}}