{"id":60449,"date":"2026-04-15T11:02:16","date_gmt":"2026-04-15T09:02:16","guid":{"rendered":"https:\/\/ironsky.pl\/sklep\/produkt\/latarka-czolowa-superfire-th04-s-1000lm-usb-c\/"},"modified":"2026-04-15T11:02:20","modified_gmt":"2026-04-15T09:02:20","slug":"latarka-czolowa-superfire-th04-s-1000lm-usb-c","status":"publish","type":"product","link":"https:\/\/ironsky.pl\/sklep\/produkt\/latarka-czolowa-superfire-th04-s-1000lm-usb-c\/","title":{"rendered":"Latarka czo\u0142owa SUPERFIRE TH04-S 1000lm USB-C"},"content":{"rendered":"<h3>Latarka czo\u0142owa Superfire TH04-S,1000lmm USB-C<\/h3>\n<p>Latarka czo\u0142owa Superfire TH04-S to po\u0142\u0105czenie imponuj\u0105cej jasno\u015bci nawet 1000 lumen\u00f3w, nowoczesnych rozwi\u0105za\u0144 technologicznych i solidnej konstrukcji. Zapewnia zasi\u0119g do 146 metr\u00f3w, b\u0119dzie wi\u0119c niezast\u0105pionym narz\u0119dziem podczas nocnych wypraw, prac w terenie czy w sytuacjach awaryjnych. Dzi\u0119ki pi\u0119ciu trybom \u015bwiecenia oraz dodatkowej funkcji Turbo z \u0142atwo\u015bci\u0105 dopasujesz intensywno\u015b\u0107 \u015bwiat\u0142a do ka\u017cdej sytuacji.<\/p>\n<p>\n<img decoding=\"async\" src=\"https:\/\/assets.innpro.pl\/17788\/23614\/8.jpg\" border=\"0\" alt=\"Czarna latarka z teksturowanym korpusem i klipsem monta\u017cowym na ciemnym tle.\" \/>\n<\/p>\n<h3>Wysoka jasno\u015b\u0107 i daleki zasi\u0119g<\/h3>\n<p>Zaawansowana dioda LED (Light Emitting Diode, dioda elektroluminescencyjna) generuje jasno\u015b\u0107 si\u0119gaj\u0105c\u0105 1000 lumen\u00f3w, oferuj\u0105c wyra\u017ane, bia\u0142e \u015bwiat\u0142o, kt\u00f3re doskonale o\u015bwietli nawet bardzo ciemne otoczenie. Zasi\u0119g do 146 metr\u00f3w zapewnia bezpieczn\u0105 i komfortow\u0105 prac\u0119 i u\u0142atwia poruszanie si\u0119 w terenie.<\/p>\n<p>\n<img decoding=\"async\" src=\"https:\/\/assets.innpro.pl\/17788\/23614\/3.jpg\" border=\"0\" alt=\"M\u0119\u017cczyzna w ciemnej bluzie u\u017cywa latarki czo\u0142owej w ciemno\u015bci\" \/>\n<\/p>\n<h3>Wygodne \u0142adowanie i d\u0142ugi czas pracy<\/h3>\n<p>Latarka wyposa\u017cona jest w port \u0142adowania USB-C (Universal Serial Bus Type-C, uniwersalne z\u0142\u0105cze do przesy\u0142ania danych i zasilania), kt\u00f3ry gwarantuje szybkie i wygodne uzupe\u0142nianie energii. Dodatkowo funkcja wska\u017anika \u0142adowania informuje o aktualnym stanie akumulatora. Czas pracy urz\u0105dzenia si\u0119ga oko\u0142o 5 godzin \u2013 nie obawiaj si\u0119, \u017ce odm\u00f3wi Ci pos\u0142usze\u0144stwa w najmniej odpowiednim momencie!<\/p>\n<p>\n<img decoding=\"async\" src=\"https:\/\/assets.innpro.pl\/17788\/23614\/2.jpg\" border=\"0\" alt=\"Latarka pod\u0142\u0105czona do \u0142adowania do laptopa na ciemnym biurku\" \/>\n<\/p>\n<h3>Pi\u0119\u0107 tryb\u00f3w pracy i funkcja Turbo<\/h3>\n<p>Superfire TH04-S oferuje pi\u0119\u0107 tryb\u00f3w \u015bwiecenia \u2013 od mocnego \u015bwiat\u0142a, przez \u015brednie i s\u0142abe, po stroboskop i SOS (Save Our Souls, mi\u0119dzynarodowy sygna\u0142 wzywania pomocy). Dodatkowy tryb Turbo zwi\u0119ksza jasno\u015b\u0107 w sytuacjach wymagaj\u0105cych maksymalnego o\u015bwietlenia.<\/p>\n<p>\n<img decoding=\"async\" src=\"https:\/\/assets.innpro.pl\/17788\/23614\/5.jpg\" border=\"0\" alt=\"M\u0119\u017cczyzna w czerwonej kurtce puchowej czyta ksi\u0105\u017ck\u0119 przy \u015bwietle latarki czo\u0142owej w namiocie\" \/>\n<\/p>\n<h3>Odporno\u015b\u0107 na warunki atmosferyczne<\/h3>\n<p>Dzi\u0119ki klasie szczelno\u015bci IP43 (Ingress Protection, standard ochrony przed wnikaniem cia\u0142 sta\u0142ych i cieczy) latarka jest odporna na zachlapania i kurz, co pozwala na bezproblemowe korzystanie z niej podczas deszczu czy w trudniejszych warunkach terenowych. Niestraszne jej \u017cadne wyzwanie!<\/p>\n<p>\n<img decoding=\"async\" src=\"https:\/\/assets.innpro.pl\/17788\/23614\/1.jpg\" border=\"0\" alt=\"Czarna latarka z teksturowanym uchwytem zanurzona w wodzie z rozbryzgami na czarnym tle\" \/>\n<\/p>\n<h3>Lekka i kompaktowa konstrukcja<\/h3>\n<p>Latarka wa\u017cy zaledwie 114 g i ma kompaktowe wymiary (24 x 27 x 111 mm), co sprawia, \u017ce jest wygodna w noszeniu zar\u00f3wno w r\u0119ce, jak i w kieszeni czy plecaku. Mo\u017cesz zabra\u0107 j\u0105 wsz\u0119dzie \u2013 nie obci\u0105\u017cy Twojego ekwipunku. Dodatkowo \u015bwietnie le\u017cy w d\u0142oni i jest prosta w obs\u0142udze.<\/p>\n<p>\n<img decoding=\"async\" src=\"https:\/\/assets.innpro.pl\/17788\/23614\/6.jpg\" border=\"0\" alt=\"D\u0142o\u0144 w r\u0119kawicy taktycznej trzyma ma\u0142\u0105 czarn\u0105 latark\u0119 na tle lasu\" \/>\n<\/p>\n<h3>Innowacyjny od\u0142\u0105czany uchwyt<\/h3>\n<p>Superfire TH04-S wyposa\u017cona jest w sprytnie zaprojektowany, od\u0142\u0105czany uchwyt, kt\u00f3ry pozwala na szybkie mocowanie i demonta\u017c jednym ruchem. Dzi\u0119ki precyzyjnemu dopasowaniu element\u00f3w oraz elastycznym w\u0142a\u015bciwo\u015bciom klipsa, akcesorium jest stabilne i pewnie trzyma latark\u0119 w ka\u017cdej pozycji. To rozwi\u0105zanie umo\u017cliwia b\u0142yskawiczne przeniesienie jej z opaski czo\u0142owej na kask, plecak czy inny element wyposa\u017cenia \u2013 bez utraty komfortu i bezpiecze\u0144stwa.<\/p>\n<p>\n<img decoding=\"async\" src=\"https:\/\/assets.innpro.pl\/17788\/23614\/7.jpg\" border=\"0\" alt=\"Turysta z plecakiem, do kt\u00f3rego przymocowana jest ma\u0142a latarka\" \/>\n<\/p>\n<h3>W zestawie<\/h3>\n<ul class=\"list-disc pl-5\">\n<li>Latarka<\/li>\n<li>Kabel USB-A do USB-C<\/li>\n<li>Akumulator 18650<\/li>\n<li>Uchwyt<\/li>\n<li>Opaska na g\u0142ow\u0119<\/li>\n<li>Instrukcja obs\u0142ugi<\/li>\n<\/ul>\n<div class=\"table-wrapper\">\n<p>\u00a0<\/p>\n<h3><\/h3>\n<table>\n<tbody>\n<tr>\n<th>Producent<\/th>\n<td>Superfire<\/td>\n<\/tr>\n<tr>\n<th>Model<\/th>\n<td>TH04-S<\/td>\n<\/tr>\n<tr>\n<th>Moc<\/th>\n<td>10 W<\/td>\n<\/tr>\n<tr>\n<th>Jasno\u015b\u0107<\/th>\n<td>Maks. 1000 lumen\u00f3w<\/td>\n<\/tr>\n<tr>\n<th>Akumulator<\/th>\n<td>18650<\/td>\n<\/tr>\n<tr>\n<th>Czas pracy<\/th>\n<td>Ok. 5 h<\/td>\n<\/tr>\n<tr>\n<th>Waga<\/th>\n<td>114 g<\/td>\n<\/tr>\n<tr>\n<th>Klasa szczelno\u015bci<\/th>\n<td>IP43<\/td>\n<\/tr>\n<tr>\n<th>Wymiary<\/th>\n<td>111\u00d727\u00d724 mm<\/td>\n<\/tr>\n<tr>\n<th>Zasi\u0119g<\/th>\n<td>Do 146 m<\/td>\n<\/tr>\n<tr>\n<th>Tryby \u015bwiat\u0142a<\/th>\n<td>Strong light \/ Medium light \/ Low light \/ Strobe \/ SOS \/ Turbo<\/td>\n<\/tr>\n<\/tbody>\n<\/table>\n<\/div>\n","protected":false},"excerpt":{"rendered":"<p>Latarka czo\u0142owa Superfire TH04-S,1000lmm USB-C Latarka czo\u0142owa Superfire TH04-S to po\u0142\u0105czenie imponuj\u0105cej jasno\u015bci nawet 1000 lumen\u00f3w, nowoczesnych rozwi\u0105za\u0144 technologicznych i<\/p>\n","protected":false},"featured_media":49142,"comment_status":"closed","ping_status":"open","template":"","meta":{"_acf_changed":false},"product_brand":[],"product_cat":[5938,5940,5937],"product_tag":[],"class_list":{"0":"post-60449","1":"product","2":"type-product","3":"status-publish","4":"has-post-thumbnail","6":"product_cat-latarki","7":"product_cat-czolowe","8":"product_cat-outdoor","9":"pa_okres-gwarancji-5754","10":"pa_producent-superfire","12":"first","13":"outofstock","14":"taxable","15":"shipping-taxable","16":"purchasable","17":"product-type-simple"},"acf":[],"yoast_head":"<!-- This site is optimized with the Yoast SEO plugin v27.2 - https:\/\/yoast.com\/product\/yoast-seo-wordpress\/ -->\n<title>Latarka czo\u0142owa SUPERFIRE TH04-S 1000lm USB-C - IRONSKY.PL Sklep z Dronami<\/title>\n<meta name=\"description\" content=\"Latarka czo\u0142owa SUPERFIRE TH04-S 1000lm USB-C - \u2705 sklep z dronami i fachowym doradztwem. \u2705 Tutaj kupisz produkty DJI, Yuneec, Parrot, Syma i wiele innych, a tak\u017ce kursy i licencje na operatora drona.\" \/>\n<meta name=\"robots\" content=\"index, follow, max-snippet:-1, max-image-preview:large, max-video-preview:-1\" \/>\n<link rel=\"canonical\" href=\"https:\/\/ironsky.pl\/sklep\/produkt\/latarka-czolowa-superfire-th04-s-1000lm-usb-c\/\" \/>\n<meta property=\"og:locale\" content=\"pl_PL\" \/>\n<meta property=\"og:type\" content=\"article\" \/>\n<meta property=\"og:title\" content=\"Latarka czo\u0142owa SUPERFIRE TH04-S 1000lm USB-C - IRONSKY.PL Sklep z Dronami\" \/>\n<meta property=\"og:description\" content=\"Latarka czo\u0142owa SUPERFIRE TH04-S 1000lm USB-C - \u2705 sklep z dronami i fachowym doradztwem. \u2705 Tutaj kupisz produkty DJI, Yuneec, Parrot, Syma i wiele innych, a tak\u017ce kursy i licencje na operatora drona.\" \/>\n<meta property=\"og:url\" content=\"https:\/\/ironsky.pl\/sklep\/produkt\/latarka-czolowa-superfire-th04-s-1000lm-usb-c\/\" \/>\n<meta property=\"og:site_name\" content=\"IRONSKY.PL Sklep z Dronami\" \/>\n<meta property=\"article:modified_time\" content=\"2026-04-15T09:02:20+00:00\" \/>\n<meta property=\"og:image\" content=\"https:\/\/ironsky.pl\/sklep\/wp-content\/uploads\/2025\/10\/52963_1.jpg\" \/>\n\t<meta property=\"og:image:width\" content=\"800\" \/>\n\t<meta property=\"og:image:height\" content=\"800\" \/>\n\t<meta property=\"og:image:type\" content=\"image\/jpeg\" \/>\n<meta name=\"twitter:card\" content=\"summary_large_image\" \/>\n<meta name=\"twitter:label1\" content=\"Szacowany czas czytania\" \/>\n\t<meta name=\"twitter:data1\" content=\"2 minuty\" \/>\n<script type=\"application\/ld+json\" class=\"yoast-schema-graph\">{\"@context\":\"https:\/\/schema.org\",\"@graph\":[{\"@type\":\"WebPage\",\"@id\":\"https:\/\/ironsky.pl\/sklep\/produkt\/latarka-czolowa-superfire-th04-s-1000lm-usb-c\/\",\"url\":\"https:\/\/ironsky.pl\/sklep\/produkt\/latarka-czolowa-superfire-th04-s-1000lm-usb-c\/\",\"name\":\"Latarka czo\u0142owa SUPERFIRE TH04-S 1000lm USB-C - IRONSKY.PL Sklep z Dronami\",\"isPartOf\":{\"@id\":\"https:\/\/ironsky.pl\/sklep\/#website\"},\"primaryImageOfPage\":{\"@id\":\"https:\/\/ironsky.pl\/sklep\/produkt\/latarka-czolowa-superfire-th04-s-1000lm-usb-c\/#primaryimage\"},\"image\":{\"@id\":\"https:\/\/ironsky.pl\/sklep\/produkt\/latarka-czolowa-superfire-th04-s-1000lm-usb-c\/#primaryimage\"},\"thumbnailUrl\":\"https:\/\/ironsky.pl\/sklep\/wp-content\/uploads\/2025\/10\/52963_1.jpg\",\"datePublished\":\"2026-04-15T09:02:16+00:00\",\"dateModified\":\"2026-04-15T09:02:20+00:00\",\"description\":\"Latarka czo\u0142owa SUPERFIRE TH04-S 1000lm USB-C - \u2705 sklep z dronami i fachowym doradztwem. \u2705 Tutaj kupisz produkty DJI, Yuneec, Parrot, Syma i wiele innych, a tak\u017ce kursy i licencje na operatora drona.\",\"breadcrumb\":{\"@id\":\"https:\/\/ironsky.pl\/sklep\/produkt\/latarka-czolowa-superfire-th04-s-1000lm-usb-c\/#breadcrumb\"},\"inLanguage\":\"pl-PL\",\"potentialAction\":[{\"@type\":\"ReadAction\",\"target\":[\"https:\/\/ironsky.pl\/sklep\/produkt\/latarka-czolowa-superfire-th04-s-1000lm-usb-c\/\"]}]},{\"@type\":\"ImageObject\",\"inLanguage\":\"pl-PL\",\"@id\":\"https:\/\/ironsky.pl\/sklep\/produkt\/latarka-czolowa-superfire-th04-s-1000lm-usb-c\/#primaryimage\",\"url\":\"https:\/\/ironsky.pl\/sklep\/wp-content\/uploads\/2025\/10\/52963_1.jpg\",\"contentUrl\":\"https:\/\/ironsky.pl\/sklep\/wp-content\/uploads\/2025\/10\/52963_1.jpg\",\"width\":800,\"height\":800},{\"@type\":\"BreadcrumbList\",\"@id\":\"https:\/\/ironsky.pl\/sklep\/produkt\/latarka-czolowa-superfire-th04-s-1000lm-usb-c\/#breadcrumb\",\"itemListElement\":[{\"@type\":\"ListItem\",\"position\":1,\"name\":\"Strona g\u0142\u00f3wna\",\"item\":\"https:\/\/ironsky.pl\/sklep\/\"},{\"@type\":\"ListItem\",\"position\":2,\"name\":\"Wszystkie produkty\",\"item\":\"https:\/\/ironsky.pl\/sklep\/produkty\/\"},{\"@type\":\"ListItem\",\"position\":3,\"name\":\"Latarka czo\u0142owa SUPERFIRE TH04-S 1000lm USB-C\"}]},{\"@type\":\"WebSite\",\"@id\":\"https:\/\/ironsky.pl\/sklep\/#website\",\"url\":\"https:\/\/ironsky.pl\/sklep\/\",\"name\":\"IRONSKY.PL Sklep z Dronami\",\"description\":\"IRONSKY.PL Sklep z Dronami\",\"potentialAction\":[{\"@type\":\"SearchAction\",\"target\":{\"@type\":\"EntryPoint\",\"urlTemplate\":\"https:\/\/ironsky.pl\/sklep\/?s={search_term_string}\"},\"query-input\":{\"@type\":\"PropertyValueSpecification\",\"valueRequired\":true,\"valueName\":\"search_term_string\"}}],\"inLanguage\":\"pl-PL\"}]}<\/script>\n<!-- \/ Yoast SEO plugin. -->","yoast_head_json":{"title":"Latarka czo\u0142owa SUPERFIRE TH04-S 1000lm USB-C - IRONSKY.PL Sklep z Dronami","description":"Latarka czo\u0142owa SUPERFIRE TH04-S 1000lm USB-C - \u2705 sklep z dronami i fachowym doradztwem. \u2705 Tutaj kupisz produkty DJI, Yuneec, Parrot, Syma i wiele innych, a tak\u017ce kursy i licencje na operatora drona.","robots":{"index":"index","follow":"follow","max-snippet":"max-snippet:-1","max-image-preview":"max-image-preview:large","max-video-preview":"max-video-preview:-1"},"canonical":"https:\/\/ironsky.pl\/sklep\/produkt\/latarka-czolowa-superfire-th04-s-1000lm-usb-c\/","og_locale":"pl_PL","og_type":"article","og_title":"Latarka czo\u0142owa SUPERFIRE TH04-S 1000lm USB-C - IRONSKY.PL Sklep z Dronami","og_description":"Latarka czo\u0142owa SUPERFIRE TH04-S 1000lm USB-C - \u2705 sklep z dronami i fachowym doradztwem. \u2705 Tutaj kupisz produkty DJI, Yuneec, Parrot, Syma i wiele innych, a tak\u017ce kursy i licencje na operatora drona.","og_url":"https:\/\/ironsky.pl\/sklep\/produkt\/latarka-czolowa-superfire-th04-s-1000lm-usb-c\/","og_site_name":"IRONSKY.PL Sklep z Dronami","article_modified_time":"2026-04-15T09:02:20+00:00","og_image":[{"width":800,"height":800,"url":"https:\/\/ironsky.pl\/sklep\/wp-content\/uploads\/2025\/10\/52963_1.jpg","type":"image\/jpeg"}],"twitter_card":"summary_large_image","twitter_misc":{"Szacowany czas czytania":"2 minuty"},"schema":{"@context":"https:\/\/schema.org","@graph":[{"@type":"WebPage","@id":"https:\/\/ironsky.pl\/sklep\/produkt\/latarka-czolowa-superfire-th04-s-1000lm-usb-c\/","url":"https:\/\/ironsky.pl\/sklep\/produkt\/latarka-czolowa-superfire-th04-s-1000lm-usb-c\/","name":"Latarka czo\u0142owa SUPERFIRE TH04-S 1000lm USB-C - IRONSKY.PL Sklep z Dronami","isPartOf":{"@id":"https:\/\/ironsky.pl\/sklep\/#website"},"primaryImageOfPage":{"@id":"https:\/\/ironsky.pl\/sklep\/produkt\/latarka-czolowa-superfire-th04-s-1000lm-usb-c\/#primaryimage"},"image":{"@id":"https:\/\/ironsky.pl\/sklep\/produkt\/latarka-czolowa-superfire-th04-s-1000lm-usb-c\/#primaryimage"},"thumbnailUrl":"https:\/\/ironsky.pl\/sklep\/wp-content\/uploads\/2025\/10\/52963_1.jpg","datePublished":"2026-04-15T09:02:16+00:00","dateModified":"2026-04-15T09:02:20+00:00","description":"Latarka czo\u0142owa SUPERFIRE TH04-S 1000lm USB-C - \u2705 sklep z dronami i fachowym doradztwem. \u2705 Tutaj kupisz produkty DJI, Yuneec, Parrot, Syma i wiele innych, a tak\u017ce kursy i licencje na operatora drona.","breadcrumb":{"@id":"https:\/\/ironsky.pl\/sklep\/produkt\/latarka-czolowa-superfire-th04-s-1000lm-usb-c\/#breadcrumb"},"inLanguage":"pl-PL","potentialAction":[{"@type":"ReadAction","target":["https:\/\/ironsky.pl\/sklep\/produkt\/latarka-czolowa-superfire-th04-s-1000lm-usb-c\/"]}]},{"@type":"ImageObject","inLanguage":"pl-PL","@id":"https:\/\/ironsky.pl\/sklep\/produkt\/latarka-czolowa-superfire-th04-s-1000lm-usb-c\/#primaryimage","url":"https:\/\/ironsky.pl\/sklep\/wp-content\/uploads\/2025\/10\/52963_1.jpg","contentUrl":"https:\/\/ironsky.pl\/sklep\/wp-content\/uploads\/2025\/10\/52963_1.jpg","width":800,"height":800},{"@type":"BreadcrumbList","@id":"https:\/\/ironsky.pl\/sklep\/produkt\/latarka-czolowa-superfire-th04-s-1000lm-usb-c\/#breadcrumb","itemListElement":[{"@type":"ListItem","position":1,"name":"Strona g\u0142\u00f3wna","item":"https:\/\/ironsky.pl\/sklep\/"},{"@type":"ListItem","position":2,"name":"Wszystkie produkty","item":"https:\/\/ironsky.pl\/sklep\/produkty\/"},{"@type":"ListItem","position":3,"name":"Latarka czo\u0142owa SUPERFIRE TH04-S 1000lm USB-C"}]},{"@type":"WebSite","@id":"https:\/\/ironsky.pl\/sklep\/#website","url":"https:\/\/ironsky.pl\/sklep\/","name":"IRONSKY.PL Sklep z Dronami","description":"IRONSKY.PL Sklep z Dronami","potentialAction":[{"@type":"SearchAction","target":{"@type":"EntryPoint","urlTemplate":"https:\/\/ironsky.pl\/sklep\/?s={search_term_string}"},"query-input":{"@type":"PropertyValueSpecification","valueRequired":true,"valueName":"search_term_string"}}],"inLanguage":"pl-PL"}]}},"_links":{"self":[{"href":"https:\/\/ironsky.pl\/sklep\/wp-json\/wp\/v2\/product\/60449","targetHints":{"allow":["GET"]}}],"collection":[{"href":"https:\/\/ironsky.pl\/sklep\/wp-json\/wp\/v2\/product"}],"about":[{"href":"https:\/\/ironsky.pl\/sklep\/wp-json\/wp\/v2\/types\/product"}],"replies":[{"embeddable":true,"href":"https:\/\/ironsky.pl\/sklep\/wp-json\/wp\/v2\/comments?post=60449"}],"wp:featuredmedia":[{"embeddable":true,"href":"https:\/\/ironsky.pl\/sklep\/wp-json\/wp\/v2\/media\/49142"}],"wp:attachment":[{"href":"https:\/\/ironsky.pl\/sklep\/wp-json\/wp\/v2\/media?parent=60449"}],"wp:term":[{"taxonomy":"product_brand","embeddable":true,"href":"https:\/\/ironsky.pl\/sklep\/wp-json\/wp\/v2\/product_brand?post=60449"},{"taxonomy":"product_cat","embeddable":true,"href":"https:\/\/ironsky.pl\/sklep\/wp-json\/wp\/v2\/product_cat?post=60449"},{"taxonomy":"product_tag","embeddable":true,"href":"https:\/\/ironsky.pl\/sklep\/wp-json\/wp\/v2\/product_tag?post=60449"}],"curies":[{"name":"wp","href":"https:\/\/api.w.org\/{rel}","templated":true}]}}