{"id":60436,"date":"2026-04-15T11:01:58","date_gmt":"2026-04-15T09:01:58","guid":{"rendered":"https:\/\/ironsky.pl\/sklep\/produkt\/serwer-plikow-nas-ugreen-dxp480t-4-dyskowy-intel-i5-1235u-8gb-ddr5-10gbe-8k-hdmi-wi-fi-6\/"},"modified":"2026-04-21T14:13:31","modified_gmt":"2026-04-21T12:13:31","slug":"serwer-plikow-nas-ugreen-dxp480t-4-dyskowy-intel-i5-1235u-8gb-ddr5-10gbe-8k-hdmi-wi-fi-6","status":"publish","type":"product","link":"https:\/\/ironsky.pl\/sklep\/produkt\/serwer-plikow-nas-ugreen-dxp480t-4-dyskowy-intel-i5-1235u-8gb-ddr5-10gbe-8k-hdmi-wi-fi-6\/","title":{"rendered":"Serwer plik\u00f3w NAS Ugreen DXP480T, 4-dyskowy, Intel i5-1235U, 8GB DDR5, 10GbE, 8K HDMI, Wi-Fi 6"},"content":{"rendered":"<h3>Serwer plik\u00f3w NAS Ugreen DXP480T, 4-dyskowy, Intel i5-1235U, 8GB DDR5, 10GbE, 8K HDMI<\/h3>\n<p>UGREEN NASync DXP480T Plus to 4-dyskowy serwer NAS zaprojektowany z my\u015bl\u0105 o wymagaj\u0105cych u\u017cytkownikach \u2013 tw\u00f3rcach tre\u015bci, firmach i entuzjastach technologii. Wyposa\u017cony w 10-rdzeniowy procesor Intel Core i5 12. generacji, 8 GB pami\u0119ci RAM DDR5 (z mo\u017cliwo\u015bci\u0105 rozbudowy do 64 GB) i cztery sloty M.2 NVMe SSD \u2013 oferuje szybki dost\u0119p do zapisanych informacji, imponuj\u0105c\u0105 wydajno\u015b\u0107 i maksymaln\u0105 pojemno\u015b\u0107 si\u0119gaj\u0105c\u0105 32 TB. Ponadto dzi\u0119ki portowi 10GbE, dw\u00f3m z\u0142\u0105czom Thunderbolt 4, systemowi UGOS Pro oraz wbudowanemu modu\u0142owi Wi-Fi urz\u0105dzenie stanowi kompletn\u0105 platform\u0119 do pracy, przechowywania plik\u00f3w, transmisji i synchronizacji danych.<\/p>\n<p>\n<img decoding=\"async\" src=\"https:\/\/assets.innpro.pl\/15699\/19740\/5.jpg\" border=\"0\" alt=\"\" \/>\n<\/p>\n<h3>Moc obliczeniowa nowej generacji<\/h3>\n<p>Sercem urz\u0105dzenia jest 12. generacja procesora Intel Core i5-1235U z 10 rdzeniami i 12 w\u0105tkami, gwarantuj\u0105ca nie tylko doskona\u0142\u0105 responsywno\u015b\u0107, ale te\u017c bezproblemow\u0105 obs\u0142ug\u0119 zaawansowanych aplikacji \u2013 od edycji wideo po prac\u0119 z kontenerami Docker. U\u017cytkownicy mog\u0105 liczy\u0107 na p\u0142ynno\u015b\u0107 dzia\u0142ania nawet przy wielu zadaniach uruchomionych r\u00f3wnocze\u015bnie.<\/p>\n<p>\n<img decoding=\"async\" src=\"https:\/\/assets.innpro.pl\/15699\/19740\/7.jpg\" border=\"0\" alt=\"\" \/>\n<\/p>\n<h3>Superszybka pami\u0119\u0107 i elastyczna rozbudowa<\/h3>\n<p>Urz\u0105dzenie wyposa\u017cone jest w 8 GB pami\u0119ci DDR5 4800 MHz, co przek\u0142ada si\u0119 na wy\u017csze pr\u0119dko\u015bci operacyjne i efektywniejsz\u0105 wielozadaniowo\u015b\u0107. Dla bardziej wymagaj\u0105cych u\u017cytkownik\u00f3w przewidziano mo\u017cliwo\u015b\u0107 rozbudowy RAM do 64 GB. Dzi\u0119ki temu serwer NAS UGREEN DXP480T Plus okazuje si\u0119 wyj\u0105tkowo przysz\u0142o\u015bciowym rozwi\u0105zaniem \u2013 zar\u00f3wno do zastosowa\u0144 profesjonalnych, jak i domowych.<\/p>\n<p>\n<img decoding=\"async\" src=\"https:\/\/assets.innpro.pl\/15699\/19740\/13.jpg\" border=\"0\" alt=\"\" \/>\n<\/p>\n<h3>Do 32 TB przestrzeni na pliki<\/h3>\n<p>Cztery sloty na dyski M.2 NVMe SSD pozwalaj\u0105 uzyska\u0107 \u0142\u0105cznie nawet 32 TB pami\u0119ci (4x 8 TB). W praktyce oznacza to mo\u017cliwo\u015b\u0107 przechowywania oko\u0142o 11 milion\u00f3w zdj\u0119\u0107, 33 milion\u00f3w dokument\u00f3w lub 21 tysi\u0119cy film\u00f3w \u2013 a wszystko to przy niesamowitej szybko\u015bci zapisu i odczytu.<\/p>\n<p>\n<img decoding=\"async\" src=\"https:\/\/assets.innpro.pl\/15699\/19740\/1.jpg\" border=\"0\" alt=\"\" \/>\n<\/p>\n<h3>Imponuj\u0105ca pr\u0119dko\u015b\u0107 transferu<\/h3>\n<p>Dzi\u0119ki wbudowanemu portowi sieciowemu 10 GbE mo\u017cesz przesy\u0142a\u0107 nawet bardzo du\u017ce pliki, takie jak wideo w wysokiej rozdzielczo\u015bci, archiwa projekt\u00f3w czy backupy, z pr\u0119dko\u015bci\u0105 si\u0119gaj\u0105c\u0105 1250 MB\/s. Zapomnij o op\u00f3\u017anieniach! Dodatkowo dwa z\u0142\u0105cza Thunderbolt 4 umo\u017cliwiaj\u0105 transfer danych z szybko\u015bci\u0105 do 40 Gb\/s, zapewniaj\u0105c b\u0142yskawiczne kopiowanie plik\u00f3w i bezproblemow\u0105 prac\u0119 z zewn\u0119trznymi no\u015bnikami danych.<\/p>\n<p>\n<img decoding=\"async\" src=\"https:\/\/assets.innpro.pl\/15699\/19740\/6.jpg\" border=\"0\" alt=\"\" \/>\n<\/p>\n<h3>Idealny wyb\u00f3r dla grafik\u00f3w, monta\u017cyst\u00f3w i nie tylko<\/h3>\n<p>NASync DXP480T Plus zosta\u0142 zaprojektowany z my\u015bl\u0105 o osobach pracuj\u0105cych z du\u017c\u0105 ilo\u015bci\u0105 danych multimedialnych \u2013 od grafik i zdj\u0119\u0107 po projekty wideo. Dzi\u0119ki szybkiemu dzia\u0142aniu i du\u017cej przepustowo\u015bci urz\u0105dzenie doskonale sprawdza si\u0119 w \u015brodowiskach, gdzie liczy si\u0119 efektywny przep\u0142yw informacji, a niezawodno\u015b\u0107 i wygoda obs\u0142ugi maj\u0105 ogromne znaczenie.<\/p>\n<p>\n<img decoding=\"async\" src=\"https:\/\/assets.innpro.pl\/15699\/19740\/11.jpg\" border=\"0\" alt=\"\" \/>\n<\/p>\n<h3>Wieloplatformowy system UGOS Pro<\/h3>\n<p>Autorski system operacyjny UGOS Pro zapewnia \u0142atwy dost\u0119p do danych z niemal ka\u017cdego miejsca na \u015bwiecie. Jest dost\u0119pny na systemy Windows, macOS, iOS i Android, a tak\u017ce w przegl\u0105darkach internetowych i telewizorach.\u00a0<\/p>\n<p>\n<img decoding=\"async\" src=\"https:\/\/assets.innpro.pl\/15699\/19740\/12.jpg\" border=\"0\" alt=\"\" \/>\n<\/p>\n<h3>Wygodna obs\u0142uga dzi\u0119ki aplikacji i asystentowi AI<\/h3>\n<p>Obs\u0142uga serwera staje si\u0119 niezwykle intuicyjna dzi\u0119ki wszechstronnej aplikacji, kt\u00f3ra \u0142\u0105czy w sobie wszystkie niezb\u0119dne funkcje \u2013 od przegl\u0105dania plik\u00f3w, przez zarz\u0105dzanie zdj\u0119ciami, po przesy\u0142anie danych i odtwarzanie multimedi\u00f3w. Oprogramowanie dzia\u0142a na smartfonach, tabletach i komputerach. Dodatkowo zintegrowany inteligentny asystent automatycznie rozpoznaje twarze, obiekty, miejsca i teksty na zdj\u0119ciach, u\u0142atwiaj\u0105c ich sortowanie i wyszukiwanie, a opcja zdalnego dost\u0119pu pozwala na b\u0142yskawiczn\u0105 synchronizacj\u0119 i otwieranie plik\u00f3w z dowolnego miejsca na \u015bwiecie. Dzi\u0119ki temu masz pe\u0142n\u0105 kontrol\u0119 nad danymi \u2013 zawsze i wsz\u0119dzie.<\/p>\n<p>\n<img decoding=\"async\" src=\"https:\/\/assets.innpro.pl\/15699\/19740\/3.jpg\" border=\"0\" alt=\"\" \/>\n<\/p>\n<h3>Bezpiecze\u0144stwo danych<\/h3>\n<p>UGREEN NASync DXP480T Plus zosta\u0142 zaprojektowany z my\u015bl\u0105 o pe\u0142nej ochronie Twoich danych. Zastosowane mechanizmy szyfrowania chroni\u0105 przesy\u0142ane i zapisywane pliki przed nieautoryzowanym dost\u0119pem, a mo\u017cliwo\u015b\u0107 tworzenia kopii zapasowych daje spok\u00f3j ducha nawet w krytycznych sytuacjach. Ponadto obs\u0142uga tryb\u00f3w RAID JBOD\/Basic\/0\/1\/5\/6\/10 pozwala dopasowa\u0107 konfiguracj\u0119 dysk\u00f3w do Twoich potrzeb.<\/p>\n<p>\n<img decoding=\"async\" src=\"https:\/\/assets.innpro.pl\/15699\/19740\/2.jpg\" border=\"0\" alt=\"\" \/>\n<\/p>\n<h3>Kompaktowa, solidna konstrukcja, inteligentne ch\u0142odzenie<\/h3>\n<p>Aluminiowa obudowa nie tylko prezentuje si\u0119 elegancko, ale te\u017c skutecznie odprowadza ciep\u0142o i zapewnia stabiln\u0105 prac\u0119 dysk\u00f3w. Serwer wyr\u00f3\u017cnia si\u0119 tak\u017ce kompaktowym rozmiarem (ok. 17,9 \u00d7 14,2 \u00d7 5,2 cm), dzi\u0119ki czemu idealnie nadaje si\u0119 do niewielkiej przestrzeni biurowej lub domowego studia. Co wi\u0119cej, zastosowanie inteligentnego wentylatora z trzema trybami pracy (Default, Quiet i Full Speed) sprawia, \u017ce produkt dzia\u0142a niezawodnie i bezpiecznie nawet przy du\u017cym obci\u0105\u017ceniu, zachowuj\u0105c jednocze\u015bnie niski poziom ha\u0142asu.<\/p>\n<p>\n<img decoding=\"async\" src=\"https:\/\/assets.innpro.pl\/15699\/19740\/9.jpg\" border=\"0\" alt=\"\" \/>\n<\/p>\n<h3>Wiele zastosowa\u0144<\/h3>\n<p>NASync DXP480T Plus sprawdzi si\u0119 zar\u00f3wno w profesjonalnym \u015brodowisku, jak i w codziennym u\u017cytku domowym. W firmach i zespo\u0142ach kreatywnych umo\u017cliwia sprawn\u0105 synchronizacj\u0119 plik\u00f3w mi\u0119dzy wieloma u\u017cytkownikami, u\u0142atwiaj\u0105c wsp\u00f3\u0142prac\u0119 nad projektami. W domu z powodzeniem mo\u017ce pe\u0142ni\u0107 funkcj\u0119 prywatnej chmury i centrum multimedialnego. Pozwala na przyk\u0142ad przechowywa\u0107 obrazy, filmy i muzyk\u0119, kt\u00f3re da si\u0119 odtwarza\u0107 na smartfonach, tabletach, komputerach czy telewizorach. Bez wzgl\u0119du na to, czy pracujesz nad materia\u0142em filmowym, udost\u0119pniasz zdj\u0119cia rodzinie, czy po prostu tworzysz kopi\u0119 zapasow\u0105 wa\u017cnych dokument\u00f3w \u2013 ten serwer NAS jest gotowy na ka\u017cde wyzwanie!<\/p>\n<p>\n<img decoding=\"async\" src=\"https:\/\/assets.innpro.pl\/15699\/19740\/8.jpg\" border=\"0\" alt=\"\" \/>\n<\/p>\n<h3>W zestawie<\/h3>\n<ul class=\"list-disc pl-5\">\n<li>Serwer plik\u00f3w NAS NASync DXP480T Plus<\/li>\n<li>Zasilacz<\/li>\n<li>Kabel Ethernet CAT7<\/li>\n<li>Silikonowa podk\u0142adka SSD x4<\/li>\n<li>Zestaw \u015brubek + \u015brubokr\u0119t<\/li>\n<li>Instrukcja obs\u0142ugi<\/li>\n<\/ul>\n<div class=\"table-wrapper\">\n<p>\u00a0<\/p>\n<h3><\/h3>\n<table>\n<tbody>\n<tr>\n<th>Producent<\/th>\n<td>UGREEN<\/td>\n<\/tr>\n<tr>\n<th>Nazwa<\/th>\n<td>DXP480T Plus<\/td>\n<\/tr>\n<tr>\n<th>Model<\/th>\n<td>25892B<\/td>\n<\/tr>\n<tr>\n<th>Obs\u0142ugiwane j\u0119zyki<\/th>\n<td>Angielski, niemiecki, francuski, hiszpa\u0144ski, portugalski, w\u0142oski, chi\u0144ski, japo\u0144ski<\/td>\n<\/tr>\n<tr>\n<th>Zatoki dyskowe<\/th>\n<td>4 gniazda(M.2 NVMe<\/td>\n<\/tr>\n<tr>\n<th>System operacyjny<\/th>\n<td>UGOS Pro<\/td>\n<\/tr>\n<tr>\n<th>Model procesora<\/th>\n<td>1235U<\/td>\n<\/tr>\n<tr>\n<th>Architektura CPU<\/th>\n<td>Intel X86, 12. generacja, 10 rdzeni, 12 w\u0105tk\u00f3w<\/td>\n<\/tr>\n<tr>\n<th>Pami\u0119\u0107 RAM<\/th>\n<td>8 GB DDR5<\/td>\n<\/tr>\n<tr>\n<th>Obs\u0142uga ODECC<\/th>\n<td>Tak<\/td>\n<\/tr>\n<tr>\n<th>Rozbudowa RAM (maks.)<\/th>\n<td>Do 64 GB<\/td>\n<\/tr>\n<tr>\n<th>Pami\u0119\u0107 flash (dysk systemowy)<\/th>\n<td>SSD 128 GB<\/td>\n<\/tr>\n<tr>\n<th>Zatoki dysk\u00f3w SATA<\/th>\n<td>Brak<\/td>\n<\/tr>\n<tr>\n<th>Gniazda dysk\u00f3w M.2 SSD<\/th>\n<td>4<\/td>\n<\/tr>\n<tr>\n<th>Obs\u0142ugiwane tryby RAID<\/th>\n<td>JBOD \/ Basic \/ 0 \/ 1 \/ 5 \/ 6 \/ 10<\/td>\n<\/tr>\n<tr>\n<th>Maksymalna pojemno\u015b\u0107<\/th>\n<td>32 TB (4x 8 TB)<\/td>\n<\/tr>\n<tr>\n<th>Porty LAN (RJ45)<\/th>\n<td>1x 10GbE<\/td>\n<\/tr>\n<tr>\n<th>Gniazda PCIe<\/th>\n<td>Brak<\/td>\n<\/tr>\n<tr>\n<th>Porty Thunderbolt 4<\/th>\n<td>2<\/td>\n<\/tr>\n<tr>\n<th>Szybkie porty USB (prz\u00f3d)<\/th>\n<td>Brak<\/td>\n<\/tr>\n<tr>\n<th>Szybkie porty USB (ty\u0142)<\/th>\n<td>2x Thunderbolt 4 (40 Gb\/s), 1x USB-A (10 Gb\/s)<\/td>\n<\/tr>\n<tr>\n<th>Porty USB 2.0 (ty\u0142)<\/th>\n<td>Brak<\/td>\n<\/tr>\n<tr>\n<th>Czytnik kart SD<\/th>\n<td>Brak<\/td>\n<\/tr>\n<tr>\n<th>HDMI<\/th>\n<td>8K<\/td>\n<\/tr>\n<tr>\n<th>Wbudowany modu\u0142 Wi-Fi<\/th>\n<td>Tak<\/td>\n<\/tr>\n<tr>\n<th>Wymiary produktu<\/th>\n<td>Ok. 17,9 \u00d7 14,2 \u00d7 5,2 cm<\/td>\n<\/tr>\n<\/tbody>\n<\/table>\n<\/div>\n","protected":false},"excerpt":{"rendered":"<p>Serwer plik\u00f3w NAS Ugreen DXP480T, 4-dyskowy, Intel i5-1235U, 8GB DDR5, 10GbE, 8K HDMI UGREEN NASync DXP480T Plus to 4-dyskowy serwer<\/p>\n","protected":false},"featured_media":60437,"comment_status":"closed","ping_status":"open","template":"","meta":{"_acf_changed":false},"product_brand":[],"product_cat":[5929,5962],"product_tag":[],"class_list":{"0":"post-60436","1":"product","2":"type-product","3":"status-publish","4":"has-post-thumbnail","6":"product_cat-akcesoria-it","7":"product_cat-pozostale-akcesoria-it","8":"pa_okres-gwarancji-5757","9":"pa_producent-ugreen","11":"first","12":"instock","13":"taxable","14":"shipping-taxable","15":"purchasable","16":"product-type-simple"},"acf":[],"yoast_head":"<!-- This site is optimized with the Yoast SEO plugin v27.2 - https:\/\/yoast.com\/product\/yoast-seo-wordpress\/ -->\n<title>Serwer plik\u00f3w NAS Ugreen DXP480T, 4-dyskowy, Intel i5-1235U, 8GB DDR5, 10GbE, 8K HDMI, Wi-Fi 6 - IRONSKY.PL Sklep z Dronami<\/title>\n<meta name=\"description\" content=\"Serwer plik\u00f3w NAS Ugreen DXP480T, 4-dyskowy, Intel i5-1235U, 8GB DDR5, 10GbE, 8K HDMI, Wi-Fi 6 - \u2705 sklep z dronami i fachowym doradztwem. \u2705 Tutaj kupisz produkty DJI, Yuneec, Parrot, Syma i wiele innych, a tak\u017ce kursy i licencje na operatora drona.\" \/>\n<meta name=\"robots\" content=\"index, follow, max-snippet:-1, max-image-preview:large, max-video-preview:-1\" \/>\n<link rel=\"canonical\" href=\"https:\/\/ironsky.pl\/sklep\/produkt\/serwer-plikow-nas-ugreen-dxp480t-4-dyskowy-intel-i5-1235u-8gb-ddr5-10gbe-8k-hdmi-wi-fi-6\/\" \/>\n<meta property=\"og:locale\" content=\"pl_PL\" \/>\n<meta property=\"og:type\" content=\"article\" \/>\n<meta property=\"og:title\" content=\"Serwer plik\u00f3w NAS Ugreen DXP480T, 4-dyskowy, Intel i5-1235U, 8GB DDR5, 10GbE, 8K HDMI, Wi-Fi 6 - IRONSKY.PL Sklep z Dronami\" \/>\n<meta property=\"og:description\" content=\"Serwer plik\u00f3w NAS Ugreen DXP480T, 4-dyskowy, Intel i5-1235U, 8GB DDR5, 10GbE, 8K HDMI, Wi-Fi 6 - \u2705 sklep z dronami i fachowym doradztwem. \u2705 Tutaj kupisz produkty DJI, Yuneec, Parrot, Syma i wiele innych, a tak\u017ce kursy i licencje na operatora drona.\" \/>\n<meta property=\"og:url\" content=\"https:\/\/ironsky.pl\/sklep\/produkt\/serwer-plikow-nas-ugreen-dxp480t-4-dyskowy-intel-i5-1235u-8gb-ddr5-10gbe-8k-hdmi-wi-fi-6\/\" \/>\n<meta property=\"og:site_name\" content=\"IRONSKY.PL Sklep z Dronami\" \/>\n<meta property=\"article:modified_time\" content=\"2026-04-21T12:13:31+00:00\" \/>\n<meta property=\"og:image\" content=\"https:\/\/ironsky.pl\/sklep\/wp-content\/uploads\/2026\/04\/52559_1.jpg\" \/>\n\t<meta property=\"og:image:width\" content=\"800\" \/>\n\t<meta property=\"og:image:height\" content=\"800\" \/>\n\t<meta property=\"og:image:type\" content=\"image\/jpeg\" \/>\n<meta name=\"twitter:card\" content=\"summary_large_image\" \/>\n<meta name=\"twitter:label1\" content=\"Szacowany czas czytania\" \/>\n\t<meta name=\"twitter:data1\" content=\"5 minut\" \/>\n<script type=\"application\/ld+json\" class=\"yoast-schema-graph\">{\"@context\":\"https:\/\/schema.org\",\"@graph\":[{\"@type\":\"WebPage\",\"@id\":\"https:\/\/ironsky.pl\/sklep\/produkt\/serwer-plikow-nas-ugreen-dxp480t-4-dyskowy-intel-i5-1235u-8gb-ddr5-10gbe-8k-hdmi-wi-fi-6\/\",\"url\":\"https:\/\/ironsky.pl\/sklep\/produkt\/serwer-plikow-nas-ugreen-dxp480t-4-dyskowy-intel-i5-1235u-8gb-ddr5-10gbe-8k-hdmi-wi-fi-6\/\",\"name\":\"Serwer plik\u00f3w NAS Ugreen DXP480T, 4-dyskowy, Intel i5-1235U, 8GB DDR5, 10GbE, 8K HDMI, Wi-Fi 6 - IRONSKY.PL Sklep z Dronami\",\"isPartOf\":{\"@id\":\"https:\/\/ironsky.pl\/sklep\/#website\"},\"primaryImageOfPage\":{\"@id\":\"https:\/\/ironsky.pl\/sklep\/produkt\/serwer-plikow-nas-ugreen-dxp480t-4-dyskowy-intel-i5-1235u-8gb-ddr5-10gbe-8k-hdmi-wi-fi-6\/#primaryimage\"},\"image\":{\"@id\":\"https:\/\/ironsky.pl\/sklep\/produkt\/serwer-plikow-nas-ugreen-dxp480t-4-dyskowy-intel-i5-1235u-8gb-ddr5-10gbe-8k-hdmi-wi-fi-6\/#primaryimage\"},\"thumbnailUrl\":\"https:\/\/ironsky.pl\/sklep\/wp-content\/uploads\/2026\/04\/52559_1.jpg\",\"datePublished\":\"2026-04-15T09:01:58+00:00\",\"dateModified\":\"2026-04-21T12:13:31+00:00\",\"description\":\"Serwer plik\u00f3w NAS Ugreen DXP480T, 4-dyskowy, Intel i5-1235U, 8GB DDR5, 10GbE, 8K HDMI, Wi-Fi 6 - \u2705 sklep z dronami i fachowym doradztwem. \u2705 Tutaj kupisz produkty DJI, Yuneec, Parrot, Syma i wiele innych, a tak\u017ce kursy i licencje na operatora drona.\",\"breadcrumb\":{\"@id\":\"https:\/\/ironsky.pl\/sklep\/produkt\/serwer-plikow-nas-ugreen-dxp480t-4-dyskowy-intel-i5-1235u-8gb-ddr5-10gbe-8k-hdmi-wi-fi-6\/#breadcrumb\"},\"inLanguage\":\"pl-PL\",\"potentialAction\":[{\"@type\":\"ReadAction\",\"target\":[\"https:\/\/ironsky.pl\/sklep\/produkt\/serwer-plikow-nas-ugreen-dxp480t-4-dyskowy-intel-i5-1235u-8gb-ddr5-10gbe-8k-hdmi-wi-fi-6\/\"]}]},{\"@type\":\"ImageObject\",\"inLanguage\":\"pl-PL\",\"@id\":\"https:\/\/ironsky.pl\/sklep\/produkt\/serwer-plikow-nas-ugreen-dxp480t-4-dyskowy-intel-i5-1235u-8gb-ddr5-10gbe-8k-hdmi-wi-fi-6\/#primaryimage\",\"url\":\"https:\/\/ironsky.pl\/sklep\/wp-content\/uploads\/2026\/04\/52559_1.jpg\",\"contentUrl\":\"https:\/\/ironsky.pl\/sklep\/wp-content\/uploads\/2026\/04\/52559_1.jpg\",\"width\":800,\"height\":800},{\"@type\":\"BreadcrumbList\",\"@id\":\"https:\/\/ironsky.pl\/sklep\/produkt\/serwer-plikow-nas-ugreen-dxp480t-4-dyskowy-intel-i5-1235u-8gb-ddr5-10gbe-8k-hdmi-wi-fi-6\/#breadcrumb\",\"itemListElement\":[{\"@type\":\"ListItem\",\"position\":1,\"name\":\"Strona g\u0142\u00f3wna\",\"item\":\"https:\/\/ironsky.pl\/sklep\/\"},{\"@type\":\"ListItem\",\"position\":2,\"name\":\"Wszystkie produkty\",\"item\":\"https:\/\/ironsky.pl\/sklep\/produkty\/\"},{\"@type\":\"ListItem\",\"position\":3,\"name\":\"Serwer plik\u00f3w NAS Ugreen DXP480T, 4-dyskowy, Intel i5-1235U, 8GB DDR5, 10GbE, 8K HDMI, Wi-Fi 6\"}]},{\"@type\":\"WebSite\",\"@id\":\"https:\/\/ironsky.pl\/sklep\/#website\",\"url\":\"https:\/\/ironsky.pl\/sklep\/\",\"name\":\"IRONSKY.PL Sklep z Dronami\",\"description\":\"IRONSKY.PL Sklep z Dronami\",\"potentialAction\":[{\"@type\":\"SearchAction\",\"target\":{\"@type\":\"EntryPoint\",\"urlTemplate\":\"https:\/\/ironsky.pl\/sklep\/?s={search_term_string}\"},\"query-input\":{\"@type\":\"PropertyValueSpecification\",\"valueRequired\":true,\"valueName\":\"search_term_string\"}}],\"inLanguage\":\"pl-PL\"}]}<\/script>\n<!-- \/ Yoast SEO plugin. -->","yoast_head_json":{"title":"Serwer plik\u00f3w NAS Ugreen DXP480T, 4-dyskowy, Intel i5-1235U, 8GB DDR5, 10GbE, 8K HDMI, Wi-Fi 6 - IRONSKY.PL Sklep z Dronami","description":"Serwer plik\u00f3w NAS Ugreen DXP480T, 4-dyskowy, Intel i5-1235U, 8GB DDR5, 10GbE, 8K HDMI, Wi-Fi 6 - \u2705 sklep z dronami i fachowym doradztwem. \u2705 Tutaj kupisz produkty DJI, Yuneec, Parrot, Syma i wiele innych, a tak\u017ce kursy i licencje na operatora drona.","robots":{"index":"index","follow":"follow","max-snippet":"max-snippet:-1","max-image-preview":"max-image-preview:large","max-video-preview":"max-video-preview:-1"},"canonical":"https:\/\/ironsky.pl\/sklep\/produkt\/serwer-plikow-nas-ugreen-dxp480t-4-dyskowy-intel-i5-1235u-8gb-ddr5-10gbe-8k-hdmi-wi-fi-6\/","og_locale":"pl_PL","og_type":"article","og_title":"Serwer plik\u00f3w NAS Ugreen DXP480T, 4-dyskowy, Intel i5-1235U, 8GB DDR5, 10GbE, 8K HDMI, Wi-Fi 6 - IRONSKY.PL Sklep z Dronami","og_description":"Serwer plik\u00f3w NAS Ugreen DXP480T, 4-dyskowy, Intel i5-1235U, 8GB DDR5, 10GbE, 8K HDMI, Wi-Fi 6 - \u2705 sklep z dronami i fachowym doradztwem. \u2705 Tutaj kupisz produkty DJI, Yuneec, Parrot, Syma i wiele innych, a tak\u017ce kursy i licencje na operatora drona.","og_url":"https:\/\/ironsky.pl\/sklep\/produkt\/serwer-plikow-nas-ugreen-dxp480t-4-dyskowy-intel-i5-1235u-8gb-ddr5-10gbe-8k-hdmi-wi-fi-6\/","og_site_name":"IRONSKY.PL Sklep z Dronami","article_modified_time":"2026-04-21T12:13:31+00:00","og_image":[{"width":800,"height":800,"url":"https:\/\/ironsky.pl\/sklep\/wp-content\/uploads\/2026\/04\/52559_1.jpg","type":"image\/jpeg"}],"twitter_card":"summary_large_image","twitter_misc":{"Szacowany czas czytania":"5 minut"},"schema":{"@context":"https:\/\/schema.org","@graph":[{"@type":"WebPage","@id":"https:\/\/ironsky.pl\/sklep\/produkt\/serwer-plikow-nas-ugreen-dxp480t-4-dyskowy-intel-i5-1235u-8gb-ddr5-10gbe-8k-hdmi-wi-fi-6\/","url":"https:\/\/ironsky.pl\/sklep\/produkt\/serwer-plikow-nas-ugreen-dxp480t-4-dyskowy-intel-i5-1235u-8gb-ddr5-10gbe-8k-hdmi-wi-fi-6\/","name":"Serwer plik\u00f3w NAS Ugreen DXP480T, 4-dyskowy, Intel i5-1235U, 8GB DDR5, 10GbE, 8K HDMI, Wi-Fi 6 - IRONSKY.PL Sklep z Dronami","isPartOf":{"@id":"https:\/\/ironsky.pl\/sklep\/#website"},"primaryImageOfPage":{"@id":"https:\/\/ironsky.pl\/sklep\/produkt\/serwer-plikow-nas-ugreen-dxp480t-4-dyskowy-intel-i5-1235u-8gb-ddr5-10gbe-8k-hdmi-wi-fi-6\/#primaryimage"},"image":{"@id":"https:\/\/ironsky.pl\/sklep\/produkt\/serwer-plikow-nas-ugreen-dxp480t-4-dyskowy-intel-i5-1235u-8gb-ddr5-10gbe-8k-hdmi-wi-fi-6\/#primaryimage"},"thumbnailUrl":"https:\/\/ironsky.pl\/sklep\/wp-content\/uploads\/2026\/04\/52559_1.jpg","datePublished":"2026-04-15T09:01:58+00:00","dateModified":"2026-04-21T12:13:31+00:00","description":"Serwer plik\u00f3w NAS Ugreen DXP480T, 4-dyskowy, Intel i5-1235U, 8GB DDR5, 10GbE, 8K HDMI, Wi-Fi 6 - \u2705 sklep z dronami i fachowym doradztwem. \u2705 Tutaj kupisz produkty DJI, Yuneec, Parrot, Syma i wiele innych, a tak\u017ce kursy i licencje na operatora drona.","breadcrumb":{"@id":"https:\/\/ironsky.pl\/sklep\/produkt\/serwer-plikow-nas-ugreen-dxp480t-4-dyskowy-intel-i5-1235u-8gb-ddr5-10gbe-8k-hdmi-wi-fi-6\/#breadcrumb"},"inLanguage":"pl-PL","potentialAction":[{"@type":"ReadAction","target":["https:\/\/ironsky.pl\/sklep\/produkt\/serwer-plikow-nas-ugreen-dxp480t-4-dyskowy-intel-i5-1235u-8gb-ddr5-10gbe-8k-hdmi-wi-fi-6\/"]}]},{"@type":"ImageObject","inLanguage":"pl-PL","@id":"https:\/\/ironsky.pl\/sklep\/produkt\/serwer-plikow-nas-ugreen-dxp480t-4-dyskowy-intel-i5-1235u-8gb-ddr5-10gbe-8k-hdmi-wi-fi-6\/#primaryimage","url":"https:\/\/ironsky.pl\/sklep\/wp-content\/uploads\/2026\/04\/52559_1.jpg","contentUrl":"https:\/\/ironsky.pl\/sklep\/wp-content\/uploads\/2026\/04\/52559_1.jpg","width":800,"height":800},{"@type":"BreadcrumbList","@id":"https:\/\/ironsky.pl\/sklep\/produkt\/serwer-plikow-nas-ugreen-dxp480t-4-dyskowy-intel-i5-1235u-8gb-ddr5-10gbe-8k-hdmi-wi-fi-6\/#breadcrumb","itemListElement":[{"@type":"ListItem","position":1,"name":"Strona g\u0142\u00f3wna","item":"https:\/\/ironsky.pl\/sklep\/"},{"@type":"ListItem","position":2,"name":"Wszystkie produkty","item":"https:\/\/ironsky.pl\/sklep\/produkty\/"},{"@type":"ListItem","position":3,"name":"Serwer plik\u00f3w NAS Ugreen DXP480T, 4-dyskowy, Intel i5-1235U, 8GB DDR5, 10GbE, 8K HDMI, Wi-Fi 6"}]},{"@type":"WebSite","@id":"https:\/\/ironsky.pl\/sklep\/#website","url":"https:\/\/ironsky.pl\/sklep\/","name":"IRONSKY.PL Sklep z Dronami","description":"IRONSKY.PL Sklep z Dronami","potentialAction":[{"@type":"SearchAction","target":{"@type":"EntryPoint","urlTemplate":"https:\/\/ironsky.pl\/sklep\/?s={search_term_string}"},"query-input":{"@type":"PropertyValueSpecification","valueRequired":true,"valueName":"search_term_string"}}],"inLanguage":"pl-PL"}]}},"_links":{"self":[{"href":"https:\/\/ironsky.pl\/sklep\/wp-json\/wp\/v2\/product\/60436","targetHints":{"allow":["GET"]}}],"collection":[{"href":"https:\/\/ironsky.pl\/sklep\/wp-json\/wp\/v2\/product"}],"about":[{"href":"https:\/\/ironsky.pl\/sklep\/wp-json\/wp\/v2\/types\/product"}],"replies":[{"embeddable":true,"href":"https:\/\/ironsky.pl\/sklep\/wp-json\/wp\/v2\/comments?post=60436"}],"wp:featuredmedia":[{"embeddable":true,"href":"https:\/\/ironsky.pl\/sklep\/wp-json\/wp\/v2\/media\/60437"}],"wp:attachment":[{"href":"https:\/\/ironsky.pl\/sklep\/wp-json\/wp\/v2\/media?parent=60436"}],"wp:term":[{"taxonomy":"product_brand","embeddable":true,"href":"https:\/\/ironsky.pl\/sklep\/wp-json\/wp\/v2\/product_brand?post=60436"},{"taxonomy":"product_cat","embeddable":true,"href":"https:\/\/ironsky.pl\/sklep\/wp-json\/wp\/v2\/product_cat?post=60436"},{"taxonomy":"product_tag","embeddable":true,"href":"https:\/\/ironsky.pl\/sklep\/wp-json\/wp\/v2\/product_tag?post=60436"}],"curies":[{"name":"wp","href":"https:\/\/api.w.org\/{rel}","templated":true}]}}